{"id":9298,"date":"2025-03-31T12:50:36","date_gmt":"2025-03-31T10:50:36","guid":{"rendered":"https:\/\/canoe-kayak-lavernede.com\/?page_id=9298"},"modified":"2025-05-15T09:46:45","modified_gmt":"2025-05-15T07:46:45","slug":"descente-de-lardeche-en-2-jours-aventure-et-confort","status":"publish","type":"page","link":"https:\/\/canoe-kayak-lavernede.com\/en\/descente-de-lardeche-en-2-jours-aventure-et-confort\/","title":{"rendered":"Descente de l&#8217;Ard\u00e8che en 2 jours \u2013 Aventure et Confort"},"content":{"rendered":"<p>[vc_row][vc_column][vc_single_image image=&#8221;9346&#8243; img_size=&#8221;medium&#8221; alignment=&#8221;center&#8221; css_animation=&#8221;slideInDown&#8221;][vc_column_text css=&#8221;.vc_custom_1743413061407{margin-top: 10px !important;}&#8221;]<\/p>\n<h1 style=\"text-align: center;\" data-pm-slice=\"1 1 []\"><span class=\"titre_1\">Vivez une aventure inoubliable en cano\u00eb avec tout le confort !<\/span><\/h1>\n<p>[\/vc_column_text][vc_column_text]<\/p>\n<p data-pm-slice=\"1 1 []\">Partez \u00e0 la d\u00e9couverte des Gorges de l&#8217;Ard\u00e8che sur deux jours avec notre <strong>formule confort<\/strong>. Une exp\u00e9rience unique qui allie aventure, nature et d\u00e9tente, tout en b\u00e9n\u00e9ficiant d\u2019un h\u00e9bergement \u00e0 la carte et d\u2019un service qui facilite l&#8217;organisation de votre aventure.<\/p>\n<p><strong>Id\u00e9al pour les amateurs de plein air souhaitant profiter de la beaut\u00e9 sauvage de l&#8217;Ard\u00e8che sans renoncer au confort.<\/strong>[\/vc_column_text][vc_column_text]<\/p>\n<p style=\"text-align: center;\"><span style=\"text-decoration: underline;\"><strong>Avec notre partenaire :<\/strong><\/span><\/p>\n<p><a href=\"https:\/\/www.adrenaline-canoe-camping.com\/\" target=\"_blank\" rel=\"noopener\"><img decoding=\"async\" class=\"wp-image-9638 aligncenter\" src=\"https:\/\/canoe-kayak-lavernede.com\/wp-content\/uploads\/2025\/05\/400_67878e753fcf1.webp\" alt=\"\" width=\"200\" height=\"89\" \/><\/a>[\/vc_column_text][vc_single_image image=&#8221;9322&#8243; img_size=&#8221;medium&#8221; alignment=&#8221;center&#8221; css_animation=&#8221;fadeIn&#8221;][vc_row_inner][vc_column_inner][vc_column_text]<\/p>\n<p style=\"text-align: center;\"><span class=\"titre_1\"><span class=\"titre_logo\">Descente de l&#8217;Ard\u00e8che<\/span> en deux jours et une nuit\u00a0<\/span><br \/>\n<span class=\"titre_1 hashtag_small\">&#8211; CONFORT &#8211;<\/span>[\/vc_column_text][vc_column_text]<\/p>\n<p style=\"text-align: center;\"><em><span class=\"txt_rouge\">( Ne pas confondre avec la formule <span style=\"text-decoration: underline;\"><a href=\"https:\/\/canoe-kayak-lavernede.com\/descente-gorges-ardeche\/2-jours\/32-km-bivouac\/\"><strong>descente de deux jours &#8220;Nature&#8221;<\/strong><\/a><\/span>, en autonomie dans la r\u00e9serve naturelle )<\/span><\/em><\/p>\n<p>[\/vc_column_text][\/vc_column_inner][\/vc_row_inner][\/vc_column][\/vc_row][vc_row][vc_column][vc_row_inner][vc_column_inner width=&#8221;1\/4&#8243;][vc_single_image image=&#8221;9358&#8243; img_size=&#8221;50&#215;50&#8243; alignment=&#8221;center&#8221;][vc_column_text]<\/p>\n<p style=\"text-align: center;\"><strong>DEUX JOURS D&#8217;AVENTURE EN CANO\u00cb-KAYAK SUR L&#8217;ARD\u00c8CHE<\/strong><\/p>\n<p>[\/vc_column_text][\/vc_column_inner][vc_column_inner width=&#8221;1\/4&#8243;][vc_single_image image=&#8221;9354&#8243; img_size=&#8221;50&#215;50&#8243; alignment=&#8221;center&#8221;][vc_column_text]<\/p>\n<p style=\"text-align: center;\"><strong>NUIT DE CAMPING SUR LES BERGES DE L&#8217;ARD\u00c8CHE<\/strong><\/p>\n<p>[\/vc_column_text][\/vc_column_inner][vc_column_inner width=&#8221;1\/4&#8243;][vc_single_image image=&#8221;9366&#8243; img_size=&#8221;50&#215;50&#8243; alignment=&#8221;center&#8221;][vc_column_text]<\/p>\n<p style=\"text-align: center;\"><strong>POSSIBILIT\u00c9 DE R\u00c9STAURATION SUR PLACE<\/strong><br \/>\n(<em>Diner, petit-d\u00e9jeuner et pique nique<\/em>)[\/vc_column_text][\/vc_column_inner][vc_column_inner width=&#8221;1\/4&#8243;][vc_single_image image=&#8221;9370&#8243; img_size=&#8221;50&#215;50&#8243; alignment=&#8221;center&#8221;][vc_column_text]<\/p>\n<p style=\"text-align: center;\"><strong>RETOUR \u00c0 TOUTE HEURE<\/strong><br \/>\n<em>(Pas besoin d&#8217;attendre la fin de journ\u00e9e le deuxi\u00e8me jour)<\/em>[\/vc_column_text][\/vc_column_inner][\/vc_row_inner][vc_single_image image=&#8221;1584&#8243; img_size=&#8221;medium&#8221; alignment=&#8221;center&#8221;][vc_btn title=&#8221;R\u00e9server cette descente&#8221; color=&#8221;danger&#8221; align=&#8221;center&#8221; i_icon_fontawesome=&#8221;fas fa-calendar-alt&#8221; add_icon=&#8221;true&#8221; link=&#8221;url:https%3A%2F%2Fshop.canoe-kayak-lavernede.com%2Factivites%2F2jours_confort%3Fpricing-group%3Dinternet&#8221;][vc_column_text]<\/p>\n<h3 style=\"text-align: center;\" data-pm-slice=\"1 1 []\"><span class=\"titre_2\"><strong>Le programme d\u00e9taill\u00e9 :<\/strong><\/span><\/h3>\n<p>[\/vc_column_text][vc_row_inner][vc_column_inner width=&#8221;1\/2&#8243;][vc_single_image image=&#8221;9388&#8243; img_size=&#8221;&#8221; onclick=&#8221;link_image&#8221; css_animation=&#8221;none&#8221;][\/vc_column_inner][vc_column_inner width=&#8221;1\/2&#8243;][vc_column_text]<\/p>\n<p style=\"text-align: center;\" data-pm-slice=\"1 1 []\"><span class=\"titre_3\"><strong>JOUR 1 : D\u00e9part et descente<\/strong><\/span><\/p>\n<ul data-spread=\"false\" data-pm-slice=\"3 3 []\">\n<li>\ud83d\udccd Accueil et remise du mat\u00e9riel, vous recevrez un bidon de 55L par personne afin de stocker vos affaires au sec durant votre aventure. (Possibilit\u00e9 de d\u00e9poser une partie de votre mat\u00e9riel sur le camping avant de d\u00e9buter votre activit\u00e9)<\/li>\n<li>\ud83d\udce2 Briefing . Explication du parcours, conseils de navigation, nous vous emmenons ensuite \u00e0 la plage d&#8217;embarquement o\u00f9 vous attendent vos bateaux.<\/li>\n<li>\ud83d\udea3\u200d\u2642\ufe0f D\u00e9part pour une descente paisible au fil de l\u2019eau, ponctu\u00e9e de pauses baignade dans des criques secr\u00e8tes et d\u2019un pique-nique en pleine nature.<\/li>\n<li>\ud83c\udf1e Profitez du soleil et de la fra\u00eecheur de l\u2019eau tout au long du parcours. Des spots parfaits pour se d\u00e9tendre et appr\u00e9cier le paysage vous attendent.<\/li>\n<li>\ud83c\udfe1 Arriv\u00e9e au camping en fin d&#8217;apr\u00e8s-midi. Profitez d\u2019un moment de d\u00e9tente, prenez une douche chaude et passez une nuit paisible aux abords du village de RUOMS.<\/li>\n<\/ul>\n<p>[\/vc_column_text][vc_single_image image=&#8221;9392&#8243; alignment=&#8221;center&#8221;][vc_column_text]<\/p>\n<p style=\"text-align: center;\" data-pm-slice=\"1 1 []\"><span style=\"font-size: 18px;\"><strong>JOUR 2 : Reprise et arriv\u00e9e<\/strong><\/span><\/p>\n<ul data-spread=\"false\">\n<li>\ud83c\udf5e Petit-d\u00e9jeuner possible sur place (en extra) avec caf\u00e9, pain frais et ambiance calme sous les arbres.<\/li>\n<li>\ud83c\udf0a Remise \u00e0 l\u2019eau pour la seconde partie du parcours, qui comprend des passages embl\u00e9matiques des Gorges de l\u2019Ard\u00e8che, <strong>plusieurs passes \u00e0 cano\u00eb (toboggans)<\/strong>, quelques rapides accessibles \u00e0 tous et bien sur le <strong>passage sous le magnifique Pont d&#8217;Arc<\/strong>.<\/li>\n<li>\u26f5 Haltes possibles pour admirer des panoramas exceptionnels, prendre le temps d\u2019appr\u00e9cier cette nature pr\u00e9serv\u00e9e et profiter de la baignade sur de nombreuses plages.<\/li>\n<li>\ud83c\udfc1 Arriv\u00e9e au point final, o\u00f9 une navette vous attend pour un retour confortable en bus climatis\u00e9 vers le parking ou votre v\u00e9hicule vous attends.<\/li>\n<\/ul>\n<div>\n<hr \/>\n<\/div>\n<h3><\/h3>\n<p>[\/vc_column_text][\/vc_column_inner][\/vc_row_inner][\/vc_column][\/vc_row][vc_row][vc_column][vc_column_text]<\/p>\n<p style=\"text-align: center;\"><span class=\"titre_2\" style=\"text-decoration: underline;\"><strong>Quelle diff\u00e9rence entre la descente sur deux jours &#8220;Nature&#8221; et &#8220;confort&#8221; ?<\/strong><\/span><\/p>\n<p>[\/vc_column_text][\/vc_column][\/vc_row][vc_row][vc_column width=&#8221;1\/2&#8243; css=&#8221;.vc_custom_1743688364814{margin-right: 5px !important;margin-left: 5px !important;border-top-width: 2px !important;border-right-width: 2px !important;border-bottom-width: 2px !important;border-left-width: 2px !important;border-left-color: #0a0a0a !important;border-left-style: dotted !important;border-right-color: #0a0a0a !important;border-right-style: dotted !important;border-top-color: #0a0a0a !important;border-top-style: dotted !important;border-bottom-color: #0a0a0a !important;border-bottom-style: dotted !important;border-radius: 3px !important;}&#8221;][vc_column_text]<\/p>\n<p style=\"text-align: center;\"><span class=\"hashtag_small\" style=\"text-decoration: underline;\">Descente de l&#8217;Ard\u00e8che en deux jours et une nuit<br \/>\n<\/span><span class=\"hashtag_small\"><strong>CONFORT<\/strong><\/span>[\/vc_column_text][vc_column_text]<\/p>\n<ul>\n<li>\ud83c\udfde\ufe0f Parcours tr\u00e8s beau mais <strong>hors de la r\u00e9serve naturelle<\/strong><\/li>\n<li><strong>\ud83e\udd29 Passe sous le pont d&#8217;arc<\/strong> le deuxi\u00e8me jour<\/li>\n<li>\ud83c\udfa2 <strong>6 toboggans \u00e0 cano\u00eb<\/strong> mais peu de rapides (<em>3 \u00e0 5 selon la saison<\/em>)<\/li>\n<li>\u2705 <strong>Possibilit\u00e9 de d\u00e9poser des affaire<\/strong> au lieu de camping avant de d\u00e9buter la descente<\/li>\n<li>\ud83c\udf7a Alcool autoris\u00e9 (avec mod\u00e9ration)<\/li>\n<li>\ud83c\udf57 <strong>Restauration possible<\/strong> le soir et petit-d\u00e9jeuner<\/li>\n<li>\ud83e\udd56 <strong>Livraison de pain<\/strong> possible le matin<\/li>\n<\/ul>\n<p style=\"text-align: center;\"><em><strong>Vous \u00eates au bon endroit !\u00a0<\/strong><\/em><\/p>\n<p>[\/vc_column_text]<div class=' txt_centre btn_plein_noir'><a class='lien_btn smoothScroll' href='\/activites\/2jours_confort' ><span>R\u00e9server la formule CONFORT<\/span><\/a><\/div>[\/vc_column][vc_column width=&#8221;1\/2&#8243; css=&#8221;.vc_custom_1743688358691{margin-right: 5px !important;margin-left: 5px !important;border-top-width: 2px !important;border-right-width: 2px !important;border-bottom-width: 2px !important;border-left-width: 2px !important;border-left-color: #0a0a0a !important;border-left-style: dotted !important;border-right-color: #0a0a0a !important;border-right-style: dotted !important;border-top-color: #0a0a0a !important;border-top-style: dotted !important;border-bottom-color: #0a0a0a !important;border-bottom-style: dotted !important;border-radius: 3px !important;}&#8221;][vc_column_text]<\/p>\n<p style=\"text-align: center;\"><span class=\"hashtag_small\" style=\"text-decoration: underline;\">Descente de l&#8217;Ard\u00e8che en deux jours et une nuit<br \/>\n<\/span><span class=\"hashtag_small\"><strong>NATURE<\/strong><\/span>[\/vc_column_text][vc_column_text]<\/p>\n<ul>\n<li>\ud83c\udf33 Parcours tr\u00e8s beau, dans<strong>\u00a0la r\u00e9serve naturelle<\/strong> des gorges de l&#8217;Ard\u00e8che !<\/li>\n<li><strong>\ud83e\udd29 Passe sous le pont d&#8217;arc<\/strong> le premier jour.<\/li>\n<li>\ud83c\udf0a Traversez de <strong>nombreux rapides<\/strong> dans les gorges de l&#8217;Ard\u00e8che (<em>pas de toboggans \u00e0 cano\u00eb sur ce parcours<\/em>)<\/li>\n<li><b>\u2716\ufe0f Autonomie compl\u00e8te <\/b><em>(pas d&#8217;acc\u00e8s au bivouac par la route).<\/em><\/li>\n<li>\ud83c\udf7a\u00a0 <strong>Alcool Strictement interdit.<\/strong><\/li>\n<li>\ud83d\udd25\u00a0 <strong>Barbecue \u00e0 disposition<\/strong> mais pas de restauration sur place.<\/li>\n<li>\u26fa V\u00e9ritable<strong> bivouac en plein c\u0153ur des gorges<\/strong> de l&#8217;Ard\u00e8che<\/li>\n<\/ul>\n<p style=\"text-align: center;\"><em><strong>\u25bc Si vous pr\u00e9f\u00e9rez cette formule c&#8217;est par ici \u25bc<\/strong><\/em><\/p>\n<p>[\/vc_column_text]<div class=' txt_centre btn_plein_noir'><a class='lien_btn smoothScroll' href='\/descente-gorges-ardeche\/2-jours\/32-km-bivouac\/' ><span>Plus d'infos sur la formule NATURE<\/span><\/a><\/div>[\/vc_column][\/vc_row][vc_row][vc_column][vc_column_text]<\/p>\n<h3 style=\"text-align: center;\" data-pm-slice=\"1 1 []\"><span class=\"titre_2 hashtag_small\"><strong>Tarifs et R\u00e9servation<\/strong><\/span><\/h3>\n<p>[\/vc_column_text][vc_column_text]<\/p>\n<p style=\"text-align: center;\" data-pm-slice=\"1 1 []\"><span style=\"font-size: 24px;\"><strong>Tarif : \u00c0 partir de 65\u20ac \/ personne<\/strong> Inclus :<\/span><\/p>\n<p style=\"text-align: left;\" data-pm-slice=\"1 1 []\">\u2714\ufe0f \ud83d\udef6 Location du cano\u00eb et mat\u00e9riel de qualit\u00e9 (gilets, pagaies, bidons \u00e9tanches).<br \/>\n\u2714\ufe0f \ud83c\udf92 Conseils et briefing par notre \u00e9quipe exp\u00e9riment\u00e9e avant le d\u00e9part.<br \/>\n\u2714\ufe0f \ud83d\udcf8 Acc\u00e8s aux plus beaux spots photos pour immortaliser votre aventure.<br \/>\n\u2714\ufe0f \ud83d\ude90 Navette aller et retour pour un trajet climatis\u00e9 sans contrainte.<\/p>\n<p style=\"text-align: center;\"><span style=\"font-size: 24px;\"><strong>\ud83c\udfd5\ufe0fH\u00e9bergement \u00e0 part<\/strong> : <\/span><\/p>\n<p style=\"text-align: center;\">\u26a0\ufe0f<span class=\"txt_rouge\"><em><strong> La nuit en bivouac n\u2019est pas incluse dans le tarif de base.<\/strong> <\/em><\/span>\u26a0\ufe0f<\/p>\n<p><span style=\"font-size: 18px;\">Le prix d\u2019un emplacement pour une tente 2 personnes varie entre <strong>15 et 19\u20ac (selon p\u00e9riode)<\/strong><\/span><\/p>\n<ul data-spread=\"false\" data-pm-slice=\"3 5 []\">\n<li>\ud83c\udf7d\ufe0f <strong>Options de restauration et activit\u00e9s<\/strong> (en suppl\u00e9ment) :\n<ul data-spread=\"false\">\n<li>\ud83c\udf5b <strong>D\u00eener<\/strong> : Un repas convivial pour reprendre des forces apr\u00e8s une journ\u00e9e sur l\u2019eau.<\/li>\n<li>\ud83e\udd6a <strong>Panier pique-nique<\/strong> : Pratique pour une pause gourmande au fil de l\u2019eau.<\/li>\n<li>\u2615 <strong>Petit-d\u00e9jeuner<\/strong> : Un repas complet pour bien d\u00e9marrer la journ\u00e9e.<\/li>\n<li>\ud83c\udfaf <strong>Activit\u00e9 Gellyball<\/strong> : Ajoutez une touche de fun \u00e0 votre s\u00e9jour avec cette activit\u00e9 ludique.<\/li>\n<li>\u26fa <strong>Nuit en tente marabout<\/strong> : Pour plus de confort, optez pour cette option d\u2019h\u00e9bergement suppl\u00e9mentaire.<\/li>\n<\/ul>\n<\/li>\n<\/ul>\n<p style=\"text-align: center;\" data-pm-slice=\"1 1 []\">&#8211;<\/p>\n<p><strong>\ud83d\udcc5 R\u00e9servez d\u00e8s maintenant et vivez l\u2019aventure en toute s\u00e9r\u00e9nit\u00e9 !<\/strong><\/p>\n<p>\ud83d\udd17 <strong>Contactez-nous pour plus d\u2019informations ou pour personnaliser votre exp\u00e9rience !<\/strong>[\/vc_column_text][vc_btn title=&#8221;R\u00e9server cette descente&#8221; color=&#8221;danger&#8221; align=&#8221;center&#8221; i_icon_fontawesome=&#8221;fas fa-calendar-alt&#8221; add_icon=&#8221;true&#8221; link=&#8221;url:https%3A%2F%2Fshop.canoe-kayak-lavernede.com%2Factivites%2F2jours_confort%3Fpricing-group%3Dinternet&#8221;][\/vc_column][\/vc_row][vc_row][vc_column][\/vc_column][\/vc_row][vc_row][vc_column][\/vc_column][\/vc_row]<\/p>\n","protected":false},"excerpt":{"rendered":"<p>[vc_row][vc_column][vc_single_image image=&#8221;9346&#8243; img_size=&#8221;medium&#8221; alignment=&#8221;center&#8221; css_animation=&#8221;slideInDown&#8221;][vc_column_text css=&#8221;.vc_custom_1743413061407{margin-top: 10px !important;}&#8221;] Vivez une aventure inoubliable en cano\u00eb avec tout le confort ! [\/vc_column_text][vc_column_text] Partez \u00e0 la d\u00e9couverte des Gorges de l&#8217;Ard\u00e8che sur deux jours avec notre formule confort. Une exp\u00e9rience unique qui allie aventure, nature et d\u00e9tente, tout en b\u00e9n\u00e9ficiant d\u2019un h\u00e9bergement \u00e0 la carte et d\u2019un service [&hellip;]<\/p>\n","protected":false},"author":5,"featured_media":9322,"parent":0,"menu_order":0,"comment_status":"closed","ping_status":"closed","template":"","meta":{"footnotes":""},"class_list":["post-9298","page","type-page","status-publish","has-post-thumbnail"],"yoast_head":"<!-- This site is optimized with the Yoast SEO plugin v24.3 - https:\/\/yoast.com\/wordpress\/plugins\/seo\/ -->\n<title>Descente de l&#039;Ard\u00e8che en 2 jours \u2013 Aventure et Confort - LA VERNEDE<\/title>\n<meta name=\"description\" content=\"Id\u00e9al pour les amateurs de plein air souhaitant profiter de la beaut\u00e9 sauvage de l&#039;Ard\u00e8che sans renoncer au confort.\" \/>\n<meta name=\"robots\" content=\"index, follow, max-snippet:-1, max-image-preview:large, max-video-preview:-1\" \/>\n<link rel=\"canonical\" href=\"https:\/\/canoe-kayak-lavernede.com\/descente-de-lardeche-en-2-jours-aventure-et-confort\/\" \/>\n<meta property=\"og:locale\" content=\"en_US\" \/>\n<meta property=\"og:type\" content=\"article\" \/>\n<meta property=\"og:title\" content=\"Descente de l&#039;Ard\u00e8che en 2 jours \u2013 Aventure et Confort - LA VERNEDE\" \/>\n<meta property=\"og:description\" content=\"Id\u00e9al pour les amateurs de plein air souhaitant profiter de la beaut\u00e9 sauvage de l&#039;Ard\u00e8che sans renoncer au confort.\" \/>\n<meta property=\"og:url\" content=\"https:\/\/canoe-kayak-lavernede.com\/descente-de-lardeche-en-2-jours-aventure-et-confort\/\" \/>\n<meta property=\"og:site_name\" content=\"LA VERNEDE\" \/>\n<meta property=\"article:modified_time\" content=\"2025-05-15T07:46:45+00:00\" \/>\n<meta property=\"og:image\" content=\"https:\/\/canoe-kayak-lavernede.com\/wp-content\/uploads\/2025\/03\/qffqsfqsfqsq-768x412.png\" \/>\n\t<meta property=\"og:image:width\" content=\"768\" \/>\n\t<meta property=\"og:image:height\" content=\"412\" \/>\n\t<meta property=\"og:image:type\" content=\"image\/png\" \/>\n<meta name=\"twitter:card\" content=\"summary_large_image\" \/>\n<meta name=\"twitter:label1\" content=\"Est. reading time\" \/>\n\t<meta name=\"twitter:data1\" content=\"8 minutes\" \/>\n<script type=\"application\/ld+json\" class=\"yoast-schema-graph\">{\"@context\":\"https:\/\/schema.org\",\"@graph\":[{\"@type\":\"WebPage\",\"@id\":\"https:\/\/canoe-kayak-lavernede.com\/descente-de-lardeche-en-2-jours-aventure-et-confort\/\",\"url\":\"https:\/\/canoe-kayak-lavernede.com\/descente-de-lardeche-en-2-jours-aventure-et-confort\/\",\"name\":\"Descente de l'Ard\u00e8che en 2 jours \u2013 Aventure et Confort - LA VERNEDE\",\"isPartOf\":{\"@id\":\"https:\/\/canoe-kayak-lavernede.com\/#website\"},\"primaryImageOfPage\":{\"@id\":\"https:\/\/canoe-kayak-lavernede.com\/descente-de-lardeche-en-2-jours-aventure-et-confort\/#primaryimage\"},\"image\":{\"@id\":\"https:\/\/canoe-kayak-lavernede.com\/descente-de-lardeche-en-2-jours-aventure-et-confort\/#primaryimage\"},\"thumbnailUrl\":\"https:\/\/canoe-kayak-lavernede.com\/wp-content\/uploads\/2025\/03\/qffqsfqsfqsq.png\",\"datePublished\":\"2025-03-31T10:50:36+00:00\",\"dateModified\":\"2025-05-15T07:46:45+00:00\",\"description\":\"Id\u00e9al pour les amateurs de plein air souhaitant profiter de la beaut\u00e9 sauvage de l'Ard\u00e8che sans renoncer au confort.\",\"breadcrumb\":{\"@id\":\"https:\/\/canoe-kayak-lavernede.com\/descente-de-lardeche-en-2-jours-aventure-et-confort\/#breadcrumb\"},\"inLanguage\":\"en-US\",\"potentialAction\":[{\"@type\":\"ReadAction\",\"target\":[\"https:\/\/canoe-kayak-lavernede.com\/descente-de-lardeche-en-2-jours-aventure-et-confort\/\"]}]},{\"@type\":\"ImageObject\",\"inLanguage\":\"en-US\",\"@id\":\"https:\/\/canoe-kayak-lavernede.com\/descente-de-lardeche-en-2-jours-aventure-et-confort\/#primaryimage\",\"url\":\"https:\/\/canoe-kayak-lavernede.com\/wp-content\/uploads\/2025\/03\/qffqsfqsfqsq.png\",\"contentUrl\":\"https:\/\/canoe-kayak-lavernede.com\/wp-content\/uploads\/2025\/03\/qffqsfqsfqsq.png\",\"width\":2048,\"height\":1099},{\"@type\":\"BreadcrumbList\",\"@id\":\"https:\/\/canoe-kayak-lavernede.com\/descente-de-lardeche-en-2-jours-aventure-et-confort\/#breadcrumb\",\"itemListElement\":[{\"@type\":\"ListItem\",\"position\":1,\"name\":\"Accueil\",\"item\":\"https:\/\/canoe-kayak-lavernede.com\/en\/\"},{\"@type\":\"ListItem\",\"position\":2,\"name\":\"Descente de l&rsquo;Ard\u00e8che en 2 jours \u2013 Aventure et Confort\"}]},{\"@type\":\"WebSite\",\"@id\":\"https:\/\/canoe-kayak-lavernede.com\/#website\",\"url\":\"https:\/\/canoe-kayak-lavernede.com\/\",\"name\":\"LA VERNEDE\",\"description\":\"\",\"potentialAction\":[{\"@type\":\"SearchAction\",\"target\":{\"@type\":\"EntryPoint\",\"urlTemplate\":\"https:\/\/canoe-kayak-lavernede.com\/?s={search_term_string}\"},\"query-input\":{\"@type\":\"PropertyValueSpecification\",\"valueRequired\":true,\"valueName\":\"search_term_string\"}}],\"inLanguage\":\"en-US\"}]}<\/script>\n<!-- \/ Yoast SEO plugin. -->","yoast_head_json":{"title":"Descente de l'Ard\u00e8che en 2 jours \u2013 Aventure et Confort - LA VERNEDE","description":"Id\u00e9al pour les amateurs de plein air souhaitant profiter de la beaut\u00e9 sauvage de l'Ard\u00e8che sans renoncer au confort.","robots":{"index":"index","follow":"follow","max-snippet":"max-snippet:-1","max-image-preview":"max-image-preview:large","max-video-preview":"max-video-preview:-1"},"canonical":"https:\/\/canoe-kayak-lavernede.com\/descente-de-lardeche-en-2-jours-aventure-et-confort\/","og_locale":"en_US","og_type":"article","og_title":"Descente de l'Ard\u00e8che en 2 jours \u2013 Aventure et Confort - LA VERNEDE","og_description":"Id\u00e9al pour les amateurs de plein air souhaitant profiter de la beaut\u00e9 sauvage de l'Ard\u00e8che sans renoncer au confort.","og_url":"https:\/\/canoe-kayak-lavernede.com\/descente-de-lardeche-en-2-jours-aventure-et-confort\/","og_site_name":"LA VERNEDE","article_modified_time":"2025-05-15T07:46:45+00:00","og_image":[{"width":768,"height":412,"url":"https:\/\/canoe-kayak-lavernede.com\/wp-content\/uploads\/2025\/03\/qffqsfqsfqsq-768x412.png","type":"image\/png"}],"twitter_card":"summary_large_image","twitter_misc":{"Est. reading time":"8 minutes"},"schema":{"@context":"https:\/\/schema.org","@graph":[{"@type":"WebPage","@id":"https:\/\/canoe-kayak-lavernede.com\/descente-de-lardeche-en-2-jours-aventure-et-confort\/","url":"https:\/\/canoe-kayak-lavernede.com\/descente-de-lardeche-en-2-jours-aventure-et-confort\/","name":"Descente de l'Ard\u00e8che en 2 jours \u2013 Aventure et Confort - LA VERNEDE","isPartOf":{"@id":"https:\/\/canoe-kayak-lavernede.com\/#website"},"primaryImageOfPage":{"@id":"https:\/\/canoe-kayak-lavernede.com\/descente-de-lardeche-en-2-jours-aventure-et-confort\/#primaryimage"},"image":{"@id":"https:\/\/canoe-kayak-lavernede.com\/descente-de-lardeche-en-2-jours-aventure-et-confort\/#primaryimage"},"thumbnailUrl":"https:\/\/canoe-kayak-lavernede.com\/wp-content\/uploads\/2025\/03\/qffqsfqsfqsq.png","datePublished":"2025-03-31T10:50:36+00:00","dateModified":"2025-05-15T07:46:45+00:00","description":"Id\u00e9al pour les amateurs de plein air souhaitant profiter de la beaut\u00e9 sauvage de l'Ard\u00e8che sans renoncer au confort.","breadcrumb":{"@id":"https:\/\/canoe-kayak-lavernede.com\/descente-de-lardeche-en-2-jours-aventure-et-confort\/#breadcrumb"},"inLanguage":"en-US","potentialAction":[{"@type":"ReadAction","target":["https:\/\/canoe-kayak-lavernede.com\/descente-de-lardeche-en-2-jours-aventure-et-confort\/"]}]},{"@type":"ImageObject","inLanguage":"en-US","@id":"https:\/\/canoe-kayak-lavernede.com\/descente-de-lardeche-en-2-jours-aventure-et-confort\/#primaryimage","url":"https:\/\/canoe-kayak-lavernede.com\/wp-content\/uploads\/2025\/03\/qffqsfqsfqsq.png","contentUrl":"https:\/\/canoe-kayak-lavernede.com\/wp-content\/uploads\/2025\/03\/qffqsfqsfqsq.png","width":2048,"height":1099},{"@type":"BreadcrumbList","@id":"https:\/\/canoe-kayak-lavernede.com\/descente-de-lardeche-en-2-jours-aventure-et-confort\/#breadcrumb","itemListElement":[{"@type":"ListItem","position":1,"name":"Accueil","item":"https:\/\/canoe-kayak-lavernede.com\/en\/"},{"@type":"ListItem","position":2,"name":"Descente de l&rsquo;Ard\u00e8che en 2 jours \u2013 Aventure et Confort"}]},{"@type":"WebSite","@id":"https:\/\/canoe-kayak-lavernede.com\/#website","url":"https:\/\/canoe-kayak-lavernede.com\/","name":"LA VERNEDE","description":"","potentialAction":[{"@type":"SearchAction","target":{"@type":"EntryPoint","urlTemplate":"https:\/\/canoe-kayak-lavernede.com\/?s={search_term_string}"},"query-input":{"@type":"PropertyValueSpecification","valueRequired":true,"valueName":"search_term_string"}}],"inLanguage":"en-US"}]}},"_links":{"self":[{"href":"https:\/\/canoe-kayak-lavernede.com\/en\/wp-json\/wp\/v2\/pages\/9298"}],"collection":[{"href":"https:\/\/canoe-kayak-lavernede.com\/en\/wp-json\/wp\/v2\/pages"}],"about":[{"href":"https:\/\/canoe-kayak-lavernede.com\/en\/wp-json\/wp\/v2\/types\/page"}],"author":[{"embeddable":true,"href":"https:\/\/canoe-kayak-lavernede.com\/en\/wp-json\/wp\/v2\/users\/5"}],"replies":[{"embeddable":true,"href":"https:\/\/canoe-kayak-lavernede.com\/en\/wp-json\/wp\/v2\/comments?post=9298"}],"version-history":[{"count":51,"href":"https:\/\/canoe-kayak-lavernede.com\/en\/wp-json\/wp\/v2\/pages\/9298\/revisions"}],"predecessor-version":[{"id":9644,"href":"https:\/\/canoe-kayak-lavernede.com\/en\/wp-json\/wp\/v2\/pages\/9298\/revisions\/9644"}],"wp:featuredmedia":[{"embeddable":true,"href":"https:\/\/canoe-kayak-lavernede.com\/en\/wp-json\/wp\/v2\/media\/9322"}],"wp:attachment":[{"href":"https:\/\/canoe-kayak-lavernede.com\/en\/wp-json\/wp\/v2\/media?parent=9298"}],"curies":[{"name":"wp","href":"https:\/\/api.w.org\/{rel}","templated":true}]}}