{"id":89,"date":"2018-08-29T10:25:11","date_gmt":"2018-08-29T08:25:11","guid":{"rendered":"http:\/\/wordpress-test.suite-logique.fr\/?page_id=89"},"modified":"2021-03-17T16:26:18","modified_gmt":"2021-03-17T15:26:18","slug":"plan-du-site","status":"publish","type":"page","link":"https:\/\/canoe-kayak-lavernede.com\/en\/plan-du-site\/","title":{"rendered":"Plan du site"},"content":{"rendered":"<p>[vc_row full_width=&#8221;stretch_row&#8221; el_id=&#8221;breadcrumb&#8221;][vc_column][vc_column_text]<span><span><a href=\"https:\/\/canoe-kayak-lavernede.com\/en\/\">Accueil<\/a><\/span><\/span><\/p>\n<p>[\/vc_column_text][\/vc_column][\/vc_row][vc_row full_width=&#8221;stretch_row&#8221; el_id=&#8221;ban_inte&#8221;][vc_column][vc_column_text]<\/p>\n<h1 style=\"text-align: center;\"><span class=\"titre_1\">Plan du site<br \/>\n<\/span><\/h1>\n<p>[\/vc_column_text][vc_column_text]<\/p>\n<p style=\"text-align: center;\"><span class=\"hashtag_small\">#Tout savoir sur l\u2019Ard\u00e8che et La Vern\u00e8de<\/span><\/p>\n<p>[\/vc_column_text]\n\n<picture class=\"ImgBG \" style=\"position: absolute; width: 100%; height:100%; top: 0; left:0; z-index: -2;\">\n    <img decoding=\"async\" width=\"1920\" height=\"600\" src=\"https:\/\/canoe-kayak-lavernede.com\/wp-content\/uploads\/2021\/03\/VisuHeaderActu.jpg\" class=\"attachment-full size-full\" alt=\"\" srcset=\"https:\/\/canoe-kayak-lavernede.com\/wp-content\/uploads\/2021\/03\/VisuHeaderActu.jpg 1920w, https:\/\/canoe-kayak-lavernede.com\/wp-content\/uploads\/2021\/03\/VisuHeaderActu-780x244.jpg 780w, https:\/\/canoe-kayak-lavernede.com\/wp-content\/uploads\/2021\/03\/VisuHeaderActu-768x240.jpg 768w, https:\/\/canoe-kayak-lavernede.com\/wp-content\/uploads\/2021\/03\/VisuHeaderActu-1536x480.jpg 1536w\" sizes=\"(max-width: 1920px) 100vw, 1920px\" \/><\/picture>\n\n[\/vc_column][\/vc_row][vc_row el_class=&#8221;padTB_2&#8243;][vc_column][vc_column_text]<div class=\"wsp-container\"><h2 class=\"wsp-pages-title\">Pages<\/h2>\n<ul class=\"wsp-pages-list\">\n<li class=\"page_item page-item-2468\"><a href=\"https:\/\/canoe-kayak-lavernede.com\/en\/blog\/\">Blog<\/a><\/li>\n<li class=\"page_item page-item-6169\"><a href=\"https:\/\/canoe-kayak-lavernede.com\/en\/book-your-overnight-stay-in-a-bivouac-in-the-ardeche-gorges\/\">Book your overnight stay in a Bivouac in the Ard\u00e8che Gorges<\/a><\/li>\n<li class=\"page_item page-item-1956\"><a href=\"https:\/\/canoe-kayak-lavernede.com\/en\/offrir-une-descente\/\">Canoe trip on the Ard\u00e8che gift card<\/a><\/li>\n<li class=\"page_item page-item-1990 page_item_has_children\"><a href=\"https:\/\/canoe-kayak-lavernede.com\/en\/canoe-trips\/\">canoe trips<\/a>\n<ul class='children'>\n\t<li class=\"page_item page-item-2729\"><a href=\"https:\/\/canoe-kayak-lavernede.com\/en\/canoe-trips\/bachelorette-party-in-ardeche\/\">Bachelor(ette) Party in Ard\u00e8che<\/a><\/li>\n\t<li class=\"page_item page-item-2007 page_item_has_children\"><a href=\"https:\/\/canoe-kayak-lavernede.com\/en\/canoe-trips\/sur-1-jour\/\">One day canoe trip<\/a>\n\t<ul class='children'>\n\t\t<li class=\"page_item page-item-2041\"><a href=\"https:\/\/canoe-kayak-lavernede.com\/en\/canoe-trips\/sur-1-jour\/12km-the-intermediary\/\">12km \u2013 The intermediary trip<\/a><\/li>\n\t\t<li class=\"page_item page-item-2028\"><a href=\"https:\/\/canoe-kayak-lavernede.com\/en\/canoe-trips\/sur-1-jour\/the-gorges-24-km\/\">The &#8220;Gorges de l&#8217;Ard\u00e8che&#8221; &#8211; 24 km<\/a><\/li>\n\t\t<li class=\"page_item page-item-2054\"><a href=\"https:\/\/canoe-kayak-lavernede.com\/en\/canoe-trips\/sur-1-jour\/the-integral-32km\/\">The integral &#8211; 32km<\/a><\/li>\n\t\t<li class=\"page_item page-item-2010\"><a href=\"https:\/\/canoe-kayak-lavernede.com\/en\/canoe-trips\/sur-1-jour\/the-pont-darc-descent-8-km\/\">The Pont d\u2019arc &#8211; canoe trip 8km<\/a><\/li>\n\t<\/ul>\n<\/li>\n\t<li class=\"page_item page-item-2478 page_item_has_children\"><a href=\"https:\/\/canoe-kayak-lavernede.com\/en\/canoe-trips\/our-2-days-canoe-trips\/\">Our 2 days canoe trips<\/a>\n\t<ul class='children'>\n\t\t<li class=\"page_item page-item-2491\"><a href=\"https:\/\/canoe-kayak-lavernede.com\/en\/canoe-trips\/our-2-days-canoe-trips\/2-days-canoe-trip-32km-with-bivouac-overnight\/\">2 days canoe trip &#8211; 32km with bivouac overnight<\/a><\/li>\n\t\t<li class=\"page_item page-item-2509\"><a href=\"https:\/\/canoe-kayak-lavernede.com\/en\/canoe-trips\/our-2-days-canoe-trips\/the-easy-way-2-days-canoe-trip-248km\/\">The &#8220;Easy way&#8221; 2 days canoe trip &#8211; 24+8km<\/a><\/li>\n\t\t<li class=\"page_item page-item-2519\"><a href=\"https:\/\/canoe-kayak-lavernede.com\/en\/canoe-trips\/our-2-days-canoe-trips\/the-easy-way-2-days-canoe-trip-824km\/\">The &#8220;Easy way&#8221; 2 days canoe trip &#8211; 8+24km<\/a><\/li>\n\t\t<li class=\"page_item page-item-2503\"><a href=\"https:\/\/canoe-kayak-lavernede.com\/en\/canoe-trips\/our-2-days-canoe-trips\/the-fifty-fifty-2-days-canoe-trip-1616-km\/\">The &#8220;Fifty-fifty&#8221; 2 days canoe trip &#8211; 16+16 km<\/a><\/li>\n\t<\/ul>\n<\/li>\n<\/ul>\n<\/li>\n<li class=\"page_item page-item-2560 page_item_has_children\"><a href=\"https:\/\/canoe-kayak-lavernede.com\/en\/canyoning-in-ardeche\/\">Canyoning in Ard\u00e8che<\/a>\n<ul class='children'>\n\t<li class=\"page_item page-item-2563 page_item_has_children\"><a href=\"https:\/\/canoe-kayak-lavernede.com\/en\/canyoning-in-ardeche\/discovering-and-easy-canyoning\/\">Discovering and easy canyoning<\/a>\n\t<ul class='children'>\n\t\t<li class=\"page_item page-item-2583\"><a href=\"https:\/\/canoe-kayak-lavernede.com\/en\/canyoning-in-ardeche\/discovering-and-easy-canyoning\/canyoning-aero-familly-besorgues\/\">Canyoning &#8220;Aero-familly&#8221; Besorgues<\/a><\/li>\n\t\t<li class=\"page_item page-item-2598\"><a href=\"https:\/\/canoe-kayak-lavernede.com\/en\/canyoning-in-ardeche\/discovering-and-easy-canyoning\/canyoning-bas-chassezac\/\">Canyoning &#8220;Bas Chassezac&#8221;<\/a><\/li>\n\t<\/ul>\n<\/li>\n\t<li class=\"page_item page-item-2625 page_item_has_children\"><a href=\"https:\/\/canoe-kayak-lavernede.com\/en\/canyoning-in-ardeche\/medium-level-canyoning\/\">Medium level canyoning<\/a>\n\t<ul class='children'>\n\t\t<li class=\"page_item page-item-2648\"><a href=\"https:\/\/canoe-kayak-lavernede.com\/en\/canyoning-in-ardeche\/medium-level-canyoning\/half-day-aero-ad-canyoning-besorgues\/\">Half day &#8220;Aero-ad&#8221; canyoning Besorgues<\/a><\/li>\n\t<\/ul>\n<\/li>\n\t<li class=\"page_item page-item-2653 page_item_has_children\"><a href=\"https:\/\/canoe-kayak-lavernede.com\/en\/canyoning-in-ardeche\/sportive-canyoning-trips-in-ardeche\/\">Sportive canyoning trips in Ard\u00e8che<\/a>\n\t<ul class='children'>\n\t\t<li class=\"page_item page-item-2724\"><a href=\"https:\/\/canoe-kayak-lavernede.com\/en\/canyoning-in-ardeche\/sportive-canyoning-trips-in-ardeche\/conyoning-in-ardeche-ultra-aero-besorgues\/\">Conyoning in Ard\u00e8che &#8211; &#8220;Ultra Aero&#8221; Besorgues<\/a><\/li>\n\t\t<li class=\"page_item page-item-2706\"><a href=\"https:\/\/canoe-kayak-lavernede.com\/en\/canyoning-in-ardeche\/sportive-canyoning-trips-in-ardeche\/full-day-canyoning-in-ardeche-adventure-haut-chassezac\/\">Full day canyoning in Ard\u00e8che &#8211; Adventure &#8220;Haut Chassezac&#8221;<\/a><\/li>\n\t\t<li class=\"page_item page-item-2717\"><a href=\"https:\/\/canoe-kayak-lavernede.com\/en\/canyoning-in-ardeche\/sportive-canyoning-trips-in-ardeche\/full-day-canyoning-in-ardeche-haut-chassezac-integral\/\">Full day canyoning in Ard\u00e8che &#8211; Haut Chassezac integral<\/a><\/li>\n\t<\/ul>\n<\/li>\n<\/ul>\n<\/li>\n<li class=\"page_item page-item-2747\"><a href=\"https:\/\/canoe-kayak-lavernede.com\/en\/conditions-generales-de-vente\/\">Conditions g\u00e9n\u00e9rales de vente<\/a><\/li>\n<li class=\"page_item page-item-2488\"><a href=\"https:\/\/canoe-kayak-lavernede.com\/en\/contact-us\/\">Contact us<\/a><\/li>\n<li class=\"page_item page-item-9298\"><a href=\"https:\/\/canoe-kayak-lavernede.com\/en\/descente-de-lardeche-en-2-jours-aventure-et-confort\/\">Descente de l&#8217;Ard\u00e8che en 2 jours \u2013 Aventure et Confort<\/a><\/li>\n<li class=\"page_item page-item-3133\"><a href=\"https:\/\/canoe-kayak-lavernede.com\/en\/giant-abseiling\/\">giant abseiling<\/a><\/li>\n<li class=\"page_item page-item-1966\"><a href=\"https:\/\/canoe-kayak-lavernede.com\/en\/\">home<\/a><\/li>\n<li class=\"page_item page-item-2750\"><a href=\"https:\/\/canoe-kayak-lavernede.com\/en\/kids-canyoning-in-ardeche-besorgues\/\">Kids canyoning in Ard\u00e8che &#8211; Besorgues<\/a><\/li>\n<li class=\"page_item page-item-7759\"><a href=\"https:\/\/canoe-kayak-lavernede.com\/en\/la-vernede-x-domaine-de-la-sabliere\/\">La Vernede X domaine de la Sabli\u00e8re<\/a><\/li>\n<li class=\"page_item page-item-2109 page_item_has_children\"><a href=\"https:\/\/canoe-kayak-lavernede.com\/en\/learn-more-about-us\/\">Learn more about us<\/a>\n<ul class='children'>\n\t<li class=\"page_item page-item-2115\"><a href=\"https:\/\/canoe-kayak-lavernede.com\/en\/learn-more-about-us\/horaires\/\">Opening time<\/a><\/li>\n\t<li class=\"page_item page-item-2118\"><a href=\"https:\/\/canoe-kayak-lavernede.com\/en\/learn-more-about-us\/find-us\/\">Where to find us<\/a><\/li>\n<\/ul>\n<\/li>\n<li class=\"page_item page-item-311\"><a href=\"https:\/\/canoe-kayak-lavernede.com\/en\/mentions-legales\/\">Mentions l\u00e9gales<\/a><\/li>\n<li class=\"page_item page-item-7579\"><a href=\"https:\/\/canoe-kayak-lavernede.com\/en\/mini-descente-de-lardeche-8km-encadree-des-5-ans\/\">Mini descente de l&#8217;Ard\u00e8che 8km encadr\u00e9e (d\u00e8s 5 ans)<\/a><\/li>\n<li class=\"page_item page-item-2757\"><a href=\"https:\/\/canoe-kayak-lavernede.com\/en\/multi-activity-outdoor-packs-in-ardeche\/\">multi activity &#8220;Outdoor packs&#8221; in Ard\u00e8che<\/a><\/li>\n<li class=\"page_item page-item-586\"><a href=\"https:\/\/canoe-kayak-lavernede.com\/en\/news\/\">news<\/a><\/li>\n<li class=\"page_item page-item-2120 page_item_has_children\"><a href=\"https:\/\/canoe-kayak-lavernede.com\/en\/other-activites\/\">Other activites<\/a>\n<ul class='children'>\n\t<li class=\"page_item page-item-2537 page_item_has_children\"><a href=\"https:\/\/canoe-kayak-lavernede.com\/en\/other-activites\/caving-in-ardeche\/\">Caving in Ard\u00e8che<\/a>\n\t<ul class='children'>\n\t\t<li class=\"page_item page-item-2555\"><a href=\"https:\/\/canoe-kayak-lavernede.com\/en\/other-activites\/caving-in-ardeche\/full-day-caving-in-ardeche\/\">Full day caving in Ard\u00e8che<\/a><\/li>\n\t\t<li class=\"page_item page-item-2540\"><a href=\"https:\/\/canoe-kayak-lavernede.com\/en\/other-activites\/caving-in-ardeche\/half-day-caving-in-ardeche\/\">Half day caving in Ard\u00e8che<\/a><\/li>\n\t<\/ul>\n<\/li>\n\t<li class=\"page_item page-item-2523\"><a href=\"https:\/\/canoe-kayak-lavernede.com\/en\/other-activites\/rock-climbing\/\">Rock climbing<\/a><\/li>\n<\/ul>\n<\/li>\n<li class=\"page_item page-item-3473\"><a href=\"https:\/\/canoe-kayak-lavernede.com\/en\/pack-tout-en-un-descente-de-lardeche-en-canoe-sur-deux-jours-avec-bivouac\/\">Pack tout en un &#8211; Descente de l&#8217;Ard\u00e8che en cano\u00eb sur deux jours avec bivouac<\/a><\/li>\n<li class=\"page_item page-item-89\"><a href=\"https:\/\/canoe-kayak-lavernede.com\/en\/plan-du-site\/\">Plan du site<\/a><\/li>\n<li class=\"page_item page-item-2824\"><a href=\"https:\/\/canoe-kayak-lavernede.com\/en\/politique-de-confidentialite-2\/\">Politique de confidentialit\u00e9<\/a><\/li>\n<li class=\"page_item page-item-2850\"><a href=\"https:\/\/canoe-kayak-lavernede.com\/en\/prices\/\">Prices<\/a><\/li>\n<li class=\"page_item page-item-2755\"><a href=\"https:\/\/canoe-kayak-lavernede.com\/en\/usefull-links\/\">Usefull links<\/a><\/li>\n<li class=\"page_item page-item-3077\"><a href=\"https:\/\/canoe-kayak-lavernede.com\/en\/via-ferrata-pot-du-diable\/\">Via ferrata &#8220;Pot du Diable&#8221;<\/a><\/li>\n<li class=\"page_item page-item-3115\"><a href=\"https:\/\/canoe-kayak-lavernede.com\/en\/via-ferrata-villefort-lake\/\">Via ferrata &#8220;Villefort lake&#8221;<\/a><\/li>\n<li class=\"page_item page-item-9541\"><a href=\"https:\/\/canoe-kayak-lavernede.com\/en\/descente-gorges-ardeche\/1-jour\/mini-toboggans-5-km\/\">Mini toboggans &#8211; 5 Km<\/a><\/li>\n<\/ul>\n<\/div>\n<div class=\"wsp-container\"><h2 class=\"wsp-posts-title\">Posts by category<\/h2>\n<ul class=\"wsp-posts-list\">\n\t<li><strong class=\"wsp-category-title\">Category: <a href=\"https:\/\/canoe-kayak-lavernede.com\/en\/news\/\">News<\/a><\/strong>\n<ul class=\"wsp-posts-list\">\t\t<li class=\"wsp-post\"><a href=\"https:\/\/canoe-kayak-lavernede.com\/en\/niveau-deau-et-conditions-de-navigation-canoe-sur-lardeche\/\">Water level and canoeing conditions on the Ard\u00e8che river<\/a><\/li>\n<\/ul><\/li>\n<\/ul>\n<\/div>\n<p>[\/vc_column_text][\/vc_column][\/vc_row]<\/p>\n","protected":false},"excerpt":{"rendered":"<p>[vc_row full_width=&#8221;stretch_row&#8221; el_id=&#8221;breadcrumb&#8221;][vc_column][vc_column_text] [\/vc_column_text][\/vc_column][\/vc_row][vc_row full_width=&#8221;stretch_row&#8221; el_id=&#8221;ban_inte&#8221;][vc_column][vc_column_text] Plan du site [\/vc_column_text][vc_column_text] #Tout savoir sur l\u2019Ard\u00e8che et La Vern\u00e8de [\/vc_column_text][\/vc_column][\/vc_row][vc_row el_class=&#8221;padTB_2&#8243;][vc_column][vc_column_text] [\/vc_column_text][\/vc_column][\/vc_row]<\/p>\n","protected":false},"author":5,"featured_media":0,"parent":0,"menu_order":0,"comment_status":"closed","ping_status":"closed","template":"","meta":{"footnotes":""},"class_list":["post-89","page","type-page","status-publish"],"yoast_head":"<!-- This site is optimized with the Yoast SEO plugin v24.3 - https:\/\/yoast.com\/wordpress\/plugins\/seo\/ -->\n<title>Plan du site - LA VERNEDE<\/title>\n<meta name=\"robots\" content=\"index, follow, max-snippet:-1, max-image-preview:large, max-video-preview:-1\" \/>\n<link rel=\"canonical\" href=\"https:\/\/canoe-kayak-lavernede.com\/plan-du-site\/\" \/>\n<meta property=\"og:locale\" content=\"en_US\" \/>\n<meta property=\"og:type\" content=\"article\" \/>\n<meta property=\"og:title\" content=\"Plan du site - LA VERNEDE\" \/>\n<meta property=\"og:description\" content=\"[vc_row full_width=&#8221;stretch_row&#8221; el_id=&#8221;breadcrumb&#8221;][vc_column][vc_column_text] [\/vc_column_text][\/vc_column][\/vc_row][vc_row full_width=&#8221;stretch_row&#8221; el_id=&#8221;ban_inte&#8221;][vc_column][vc_column_text] Plan du site [\/vc_column_text][vc_column_text] #Tout savoir sur l\u2019Ard\u00e8che et La Vern\u00e8de [\/vc_column_text][\/vc_column][\/vc_row][vc_row el_class=&#8221;padTB_2&#8243;][vc_column][vc_column_text] [\/vc_column_text][\/vc_column][\/vc_row]\" \/>\n<meta property=\"og:url\" content=\"https:\/\/canoe-kayak-lavernede.com\/plan-du-site\/\" \/>\n<meta property=\"og:site_name\" content=\"LA VERNEDE\" \/>\n<meta property=\"article:modified_time\" content=\"2021-03-17T15:26:18+00:00\" \/>\n<meta name=\"twitter:card\" content=\"summary_large_image\" \/>\n<meta name=\"twitter:label1\" content=\"Est. reading time\" \/>\n\t<meta name=\"twitter:data1\" content=\"1 minute\" \/>\n<script type=\"application\/ld+json\" class=\"yoast-schema-graph\">{\"@context\":\"https:\/\/schema.org\",\"@graph\":[{\"@type\":\"WebPage\",\"@id\":\"https:\/\/canoe-kayak-lavernede.com\/plan-du-site\/\",\"url\":\"https:\/\/canoe-kayak-lavernede.com\/plan-du-site\/\",\"name\":\"Plan du site - LA VERNEDE\",\"isPartOf\":{\"@id\":\"https:\/\/canoe-kayak-lavernede.com\/#website\"},\"datePublished\":\"2018-08-29T08:25:11+00:00\",\"dateModified\":\"2021-03-17T15:26:18+00:00\",\"breadcrumb\":{\"@id\":\"https:\/\/canoe-kayak-lavernede.com\/plan-du-site\/#breadcrumb\"},\"inLanguage\":\"en-US\",\"potentialAction\":[{\"@type\":\"ReadAction\",\"target\":[\"https:\/\/canoe-kayak-lavernede.com\/plan-du-site\/\"]}]},{\"@type\":\"BreadcrumbList\",\"@id\":\"https:\/\/canoe-kayak-lavernede.com\/plan-du-site\/#breadcrumb\",\"itemListElement\":[{\"@type\":\"ListItem\",\"position\":1,\"name\":\"Accueil\",\"item\":\"https:\/\/canoe-kayak-lavernede.com\/en\/\"},{\"@type\":\"ListItem\",\"position\":2,\"name\":\"Plan du site\"}]},{\"@type\":\"WebSite\",\"@id\":\"https:\/\/canoe-kayak-lavernede.com\/#website\",\"url\":\"https:\/\/canoe-kayak-lavernede.com\/\",\"name\":\"LA VERNEDE\",\"description\":\"\",\"potentialAction\":[{\"@type\":\"SearchAction\",\"target\":{\"@type\":\"EntryPoint\",\"urlTemplate\":\"https:\/\/canoe-kayak-lavernede.com\/?s={search_term_string}\"},\"query-input\":{\"@type\":\"PropertyValueSpecification\",\"valueRequired\":true,\"valueName\":\"search_term_string\"}}],\"inLanguage\":\"en-US\"}]}<\/script>\n<!-- \/ Yoast SEO plugin. -->","yoast_head_json":{"title":"Plan du site - LA VERNEDE","robots":{"index":"index","follow":"follow","max-snippet":"max-snippet:-1","max-image-preview":"max-image-preview:large","max-video-preview":"max-video-preview:-1"},"canonical":"https:\/\/canoe-kayak-lavernede.com\/plan-du-site\/","og_locale":"en_US","og_type":"article","og_title":"Plan du site - LA VERNEDE","og_description":"[vc_row full_width=&#8221;stretch_row&#8221; el_id=&#8221;breadcrumb&#8221;][vc_column][vc_column_text] [\/vc_column_text][\/vc_column][\/vc_row][vc_row full_width=&#8221;stretch_row&#8221; el_id=&#8221;ban_inte&#8221;][vc_column][vc_column_text] Plan du site [\/vc_column_text][vc_column_text] #Tout savoir sur l\u2019Ard\u00e8che et La Vern\u00e8de [\/vc_column_text][\/vc_column][\/vc_row][vc_row el_class=&#8221;padTB_2&#8243;][vc_column][vc_column_text] [\/vc_column_text][\/vc_column][\/vc_row]","og_url":"https:\/\/canoe-kayak-lavernede.com\/plan-du-site\/","og_site_name":"LA VERNEDE","article_modified_time":"2021-03-17T15:26:18+00:00","twitter_card":"summary_large_image","twitter_misc":{"Est. reading time":"1 minute"},"schema":{"@context":"https:\/\/schema.org","@graph":[{"@type":"WebPage","@id":"https:\/\/canoe-kayak-lavernede.com\/plan-du-site\/","url":"https:\/\/canoe-kayak-lavernede.com\/plan-du-site\/","name":"Plan du site - LA VERNEDE","isPartOf":{"@id":"https:\/\/canoe-kayak-lavernede.com\/#website"},"datePublished":"2018-08-29T08:25:11+00:00","dateModified":"2021-03-17T15:26:18+00:00","breadcrumb":{"@id":"https:\/\/canoe-kayak-lavernede.com\/plan-du-site\/#breadcrumb"},"inLanguage":"en-US","potentialAction":[{"@type":"ReadAction","target":["https:\/\/canoe-kayak-lavernede.com\/plan-du-site\/"]}]},{"@type":"BreadcrumbList","@id":"https:\/\/canoe-kayak-lavernede.com\/plan-du-site\/#breadcrumb","itemListElement":[{"@type":"ListItem","position":1,"name":"Accueil","item":"https:\/\/canoe-kayak-lavernede.com\/en\/"},{"@type":"ListItem","position":2,"name":"Plan du site"}]},{"@type":"WebSite","@id":"https:\/\/canoe-kayak-lavernede.com\/#website","url":"https:\/\/canoe-kayak-lavernede.com\/","name":"LA VERNEDE","description":"","potentialAction":[{"@type":"SearchAction","target":{"@type":"EntryPoint","urlTemplate":"https:\/\/canoe-kayak-lavernede.com\/?s={search_term_string}"},"query-input":{"@type":"PropertyValueSpecification","valueRequired":true,"valueName":"search_term_string"}}],"inLanguage":"en-US"}]}},"_links":{"self":[{"href":"https:\/\/canoe-kayak-lavernede.com\/en\/wp-json\/wp\/v2\/pages\/89"}],"collection":[{"href":"https:\/\/canoe-kayak-lavernede.com\/en\/wp-json\/wp\/v2\/pages"}],"about":[{"href":"https:\/\/canoe-kayak-lavernede.com\/en\/wp-json\/wp\/v2\/types\/page"}],"author":[{"embeddable":true,"href":"https:\/\/canoe-kayak-lavernede.com\/en\/wp-json\/wp\/v2\/users\/5"}],"replies":[{"embeddable":true,"href":"https:\/\/canoe-kayak-lavernede.com\/en\/wp-json\/wp\/v2\/comments?post=89"}],"version-history":[{"count":1,"href":"https:\/\/canoe-kayak-lavernede.com\/en\/wp-json\/wp\/v2\/pages\/89\/revisions"}],"predecessor-version":[{"id":1146,"href":"https:\/\/canoe-kayak-lavernede.com\/en\/wp-json\/wp\/v2\/pages\/89\/revisions\/1146"}],"wp:attachment":[{"href":"https:\/\/canoe-kayak-lavernede.com\/en\/wp-json\/wp\/v2\/media?parent=89"}],"curies":[{"name":"wp","href":"https:\/\/api.w.org\/{rel}","templated":true}]}}