{"id":7579,"date":"2024-05-02T10:10:35","date_gmt":"2024-05-02T08:10:35","guid":{"rendered":"https:\/\/www.canoe-kayak-lavernede.com\/?page_id=7579"},"modified":"2024-05-02T17:58:51","modified_gmt":"2024-05-02T15:58:51","slug":"mini-descente-de-lardeche-8km-encadree-des-5-ans","status":"publish","type":"page","link":"https:\/\/canoe-kayak-lavernede.com\/en\/mini-descente-de-lardeche-8km-encadree-des-5-ans\/","title":{"rendered":"Mini descente de l&#8217;Ard\u00e8che 8km encadr\u00e9e (d\u00e8s 5 ans)"},"content":{"rendered":"<p>[vc_row][vc_column][vc_single_image image=&#8221;7580&#8243; img_size=&#8221;full&#8221; alignment=&#8221;center&#8221; css_animation=&#8221;fadeIn&#8221;][\/vc_column][\/vc_row][vc_row][vc_column][vc_column_text]<\/p>\n<h1 style=\"text-align: center;\"><span class=\"titre_1\">D\u00e8s 5 ans, faites d\u00e9couvrir le cano\u00eb en Ard\u00e8che aux enfants avec la Mini descente encadr\u00e9e !<\/span><\/h1>\n<p>[\/vc_column_text][\/vc_column][\/vc_row][vc_row][vc_column][vc_column_text]La<strong> mini descente encadr\u00e9e<\/strong> est une activit\u00e9 <strong>accessible d\u00e8s 5 ans aux enfants sachant nager<\/strong> qui combine l&#8217;excitation du cano\u00eb kayak sur l&#8217;Ard\u00e8che avec la s\u00e9curit\u00e9 d&#8217;\u00eatre accompagn\u00e9 par des guides professionnels exp\u00e9riment\u00e9s.<br \/>\nG\u00e9n\u00e9ralement destin\u00e9e aux d\u00e9butants ou \u00e0 ceux qui veulent une exp\u00e9rience plus douce, <strong>cette descente se d\u00e9roule sur des tron\u00e7ons de rivi\u00e8re \u00e0 courant mod\u00e9r\u00e9. <\/strong><\/p>\n<p>Les guides fournissent des instructions sur la technique de pagayage et partagerons avec vous leur passion de la rivi\u00e8re et de l&#8217;Ard\u00e8che.<br \/>\n<strong>Les enfants de mois de 7 ans sont assis tranquillement dans le bateau du moniteur qui g\u00e8re la descente et les parents et\u00a0 accompagnateurs naviguent \u00e0 cot\u00e9 et profitent des conseils du guide.<\/strong><br \/>\nL&#8217;accent est mis sur le plaisir, le partage et la d\u00e9couverte.<\/p>\n<p>Cette activit\u00e9 peut \u00eatre une excellente introduction aux sports nautiques pour les enfants tout en garantissant la s\u00e9curit\u00e9.<\/p>\n<p>Elle offre \u00e9galement l&#8217;occasion d&#8217;admirer de superbes paysages naturels tout en se laissant porter par les flots de la rivi\u00e8re.[\/vc_column_text][vc_column_text]<\/p>\n<h2 style=\"text-align: center;\"><span class=\"titre_2\">Les avantages de cette formule :<\/span><\/h2>\n<p>[\/vc_column_text][\/vc_column][\/vc_row][vc_row][vc_column width=&#8221;1\/3&#8243;][vc_single_image image=&#8221;7596&#8243; img_size=&#8221;128&#215;128&#8243; alignment=&#8221;center&#8221;][vc_column_text]Les enfants de moins de 7 ans sachant nager peuvent naviguer en toute s\u00e9curit\u00e9 avec le moniteur.[\/vc_column_text][\/vc_column][vc_column width=&#8221;1\/3&#8243;][vc_single_image image=&#8221;7600&#8243; img_size=&#8221;128&#215;128&#8243; alignment=&#8221;center&#8221;][vc_column_text]Les adultes et les enfants de 7 ans et plus naviguent ensemble, pr\u00e8s du bateau du moniteur pour b\u00e9n\u00e9ficier de ses conseils.[\/vc_column_text][\/vc_column][vc_column width=&#8221;1\/3&#8243;][vc_single_image image=&#8221;7604&#8243; img_size=&#8221;128&#215;128&#8243; alignment=&#8221;center&#8221;][vc_column_text]En plus d&#8217;assurer la s\u00e9curit\u00e9, le guide vous fera profiter de ses connaissances sur la biodiversit\u00e9 incroyablement riche des gorges de l&#8217;Ard\u00e8che ![\/vc_column_text][\/vc_column][\/vc_row][vc_row][vc_column][vc_column_text]<\/p>\n<p class=\"has-text-align-center has-text-color\" style=\"text-align: center;\"><strong><span class=\"titre_2\">TARIFS :<\/span><br \/>\n<span style=\"font-size: 14pt;\">42,00\u20ac<\/span><\/strong><span style=\"font-size: 14pt;\"> par adulte (autonome)<\/span><br \/>\n<span style=\"font-size: 14pt;\"><strong>34,00\u20ac<\/strong> par enfants de \u2013 de 15 ans (autonome)<\/span><br \/>\n<span style=\"font-size: 14pt;\"><strong>34,00\u20ac<\/strong> par enfants de 5 \u00e0 7 ans (avec le moniteur)*<\/span><\/p>\n<p class=\"has-text-align-center\" style=\"text-align: center;\"><em>*Attention, 3 places autonomes (adultes ou enfants) sont n\u00e9cessaires pour avoir acc\u00e8s \u00e0 une place avec moniteur (voir encadr\u00e9 plus bas)<\/em><\/p>\n<p>[\/vc_column_text][vc_btn title=&#8221;VOIR LES DATES DISPONIBLE&#8221; color=&#8221;danger&#8221; align=&#8221;center&#8221; i_icon_fontawesome=&#8221;fas fa-calendar-alt&#8221; add_icon=&#8221;true&#8221; link=&#8221;url:https%3A%2F%2Fshop.canoe-kayak-lavernede.com%2Factivites%2FMini_encadr%25C3%25A9e&#8221;][vc_column_text css=&#8221;.vc_custom_1714638362288{padding-top: 10px !important;padding-right: 10px !important;padding-bottom: 10px !important;padding-left: 10px !important;background-color: #e0e0e0 !important;border-radius: 5px !important;}&#8221;]<strong><span style=\"text-decoration: underline;\">La possibilit\u00e9 d&#8217;inscrire un enfant de mois de 7 ans est conditionn\u00e9e :\u00a0<\/span><\/strong><br \/>\nPour avoir acc\u00e8s \u00e0 une place avec moniteur il faut inscrire au minimum 3 places autonomes, adulte ou enfants. En effet, la r\u00e8glementation limite le nombre de personnes qu&#8217;un moniteur peut encadrer. Les guides de cano\u00eb se doivent donc d&#8217;optimiser leur groupe afin de pour faire profiter un maximum de personnes de ses sorties encadr\u00e9es.<br \/>\n<em>(Pour toutes demandes de groupe particuli\u00e8re, vous pouvez nous contacter au <a href=\"tel:0475371274\">04.75.37.12.74<\/a>)<\/em><\/p>\n<p>[\/vc_column_text][vc_single_image image=&#8221;7612&#8243; img_size=&#8221;medium&#8221; alignment=&#8221;center&#8221;][\/vc_column][\/vc_row][vc_row][vc_column][vc_column_text]<\/p>\n<p style=\"text-align: center;\"><span class=\"titre_2\">D\u00e9roulement d&#8217;une mini descente encadr\u00e9e<\/span><\/p>\n<p>&nbsp;<\/p>\n<p><strong>R\u00c9SERVATION ET RENDEZ VOUS :<br \/>\n<\/strong><br \/>\nApr\u00e8s avoir s\u00e9lectionn\u00e9 un horaire et confirm\u00e9 votre r\u00e9servation pour la mini descente de l&#8217;Ard\u00e8che encadr\u00e9e, vous \u00eates attendu(e) \u00e0 notre point d&#8217;embarquement situ\u00e9 sur les rives de l&#8217;Ard\u00e8che \u00e0 Vallon Pont d&#8217;Arc. \u00c0 votre arriv\u00e9e, vous aurez acc\u00e8s \u00e0 notre parking priv\u00e9. C&#8217;est \u00e0 ce moment-l\u00e0 que vous ferez la connaissance de votre moniteur.<\/p>\n<p class=\"has-text-align-left\"><strong>PR\u00c9PARATION ET \u00c9QUIPEMENT :<br \/>\n<\/strong><br \/>\nLa Vernede collabore exclusivement avec des moniteurs professionnels certifi\u00e9s par un brevet d&#8217;\u00c9tat afin de garantir une exp\u00e9rience optimale. En plus de leur expertise et de leur savoir-faire, ces moniteurs sont passionn\u00e9s par la pr\u00e9servation et la d\u00e9couverte de l&#8217;environnement naturel exceptionnel que vous vous appr\u00eatez \u00e0 explorer. Une fois les pr\u00e9sentations effectu\u00e9es, vous serez \u00e9quip\u00e9s, avec un gilet de sauvetage obligatoire pour tous les participants et la mise \u00e0 disposition de bidons \u00e9tanches pour prot\u00e9ger vos affaires pendant l&#8217;activit\u00e9. Ensuite, votre moniteur vous proposera un petit briefing pour discuter du d\u00e9roulement de la sortie, des aspects sp\u00e9cifiques du parcours et r\u00e9pondre \u00e0 toutes vos questions \u00e9ventuelles.<\/p>\n<p class=\"has-text-align-left\"><strong>EMBARQUEMENT<br \/>\n<\/strong><br \/>\nPas besoin de prendre de moyen de transport pour vous rendre \u00e0 notre point d&#8217;embarquement ! Nous sommes situ\u00e9s au bord de l&#8217;Ard\u00e8che, il vous suffira de marcher environ 50 m\u00e8tres jusqu&#8217;\u00e0 la plage o\u00f9 les cano\u00ebs vous attendent. Comme pr\u00e9cis\u00e9 pr\u00e9c\u00e9demment, les enfants de moins de 7 ans seront confortablement install\u00e9s dans le cano\u00eb du moniteur, tandis que les adultes et les enfants de plus de 7 ans auront le choix entre des cano\u00ebs \u00e0 une, deux ou trois places (la troisi\u00e8me place sur les cano\u00ebs \u00e0 trois places est passive, sans pagaie, et situ\u00e9e entre les deux pagayeurs).<\/p>\n<p class=\"has-text-align-left\"><strong>D\u00c9ROULEMENT DE VOTRE DESCENTE DE L\u2019ARD\u00c8CHE<\/strong><br \/>\nEt voil\u00e0, votre excursion aquatique d\u00e9bute : vous vous embarquez pour une activit\u00e9 de 3 heures, rythm\u00e9e par des moments tr\u00e8s paisibles o\u00f9 vous pourrez contempler la splendeur de la rivi\u00e8re, quelques passages \u00e0 travers de petits rapides o\u00f9 vous pourrez mettre en pratique les pr\u00e9cieux conseils de votre moniteur, ainsi que plusieurs pauses pour vous baigner, prendre des photos et vous d\u00e9tendre. \ud83d\udea3\u200d\u2642\ufe0f\ud83c\udf0a<\/p>\n<p class=\"has-text-align-left\"><strong>ARRIV\u00c9E ET RETOUR<\/strong><\/p>\n<p class=\"has-text-align-left\">Une fois que vous atteignez le point d&#8217;arriv\u00e9e, un v\u00e9hicule vous attend l\u00e0 pour vous ramener \u00e0 notre point d&#8217;embarquement initial, o\u00f9 vous pourrez vous changer et prendre un verre avant de nous dire au revoir jusqu&#8217;\u00e0 la prochaine fois. \ud83d\ude90\ud83d\udc4b<\/p>\n<p>[\/vc_column_text][vc_btn title=&#8221;VOIR LES DATES DISPONIBLE&#8221; color=&#8221;danger&#8221; align=&#8221;center&#8221; i_icon_fontawesome=&#8221;fas fa-calendar-alt&#8221; add_icon=&#8221;true&#8221; link=&#8221;url:https%3A%2F%2Fshop.canoe-kayak-lavernede.com%2Factivites%2FMini_encadr%25C3%25A9e&#8221;][\/vc_column][\/vc_row][vc_row][vc_column][\/vc_column][\/vc_row]<\/p>\n","protected":false},"excerpt":{"rendered":"<p>[vc_row][vc_column][vc_single_image image=&#8221;7580&#8243; img_size=&#8221;full&#8221; alignment=&#8221;center&#8221; css_animation=&#8221;fadeIn&#8221;][\/vc_column][\/vc_row][vc_row][vc_column][vc_column_text] D\u00e8s 5 ans, faites d\u00e9couvrir le cano\u00eb en Ard\u00e8che aux enfants avec la Mini descente encadr\u00e9e ! [\/vc_column_text][\/vc_column][\/vc_row][vc_row][vc_column][vc_column_text]La mini descente encadr\u00e9e est une activit\u00e9 accessible d\u00e8s 5 ans aux enfants sachant nager qui combine l&#8217;excitation du cano\u00eb kayak sur l&#8217;Ard\u00e8che avec la s\u00e9curit\u00e9 d&#8217;\u00eatre accompagn\u00e9 par des guides professionnels exp\u00e9riment\u00e9s. [&hellip;]<\/p>\n","protected":false},"author":5,"featured_media":0,"parent":0,"menu_order":0,"comment_status":"closed","ping_status":"closed","template":"","meta":{"footnotes":""},"class_list":["post-7579","page","type-page","status-publish"],"yoast_head":"<!-- This site is optimized with the Yoast SEO plugin v24.3 - https:\/\/yoast.com\/wordpress\/plugins\/seo\/ -->\n<title>Mini descente de l&#039;Ard\u00e8che 8km encadr\u00e9e (d\u00e8s 5 ans)<\/title>\n<meta name=\"description\" content=\"La mini descente encadr\u00e9e est une activit\u00e9 accessible d\u00e8s 5 ans. Encadr\u00e9s par un moniteur, faites d\u00e9couvrir le cano\u00eb en Ard\u00e8che aux enfants.\" \/>\n<meta name=\"robots\" content=\"index, follow, max-snippet:-1, max-image-preview:large, max-video-preview:-1\" \/>\n<link rel=\"canonical\" href=\"https:\/\/canoe-kayak-lavernede.com\/mini-descente-de-lardeche-8km-encadree-des-5-ans\/\" \/>\n<meta property=\"og:locale\" content=\"en_US\" \/>\n<meta property=\"og:type\" content=\"article\" \/>\n<meta property=\"og:title\" content=\"Mini descente de l&#039;Ard\u00e8che 8km encadr\u00e9e (d\u00e8s 5 ans)\" \/>\n<meta property=\"og:description\" content=\"La mini descente encadr\u00e9e est une activit\u00e9 accessible d\u00e8s 5 ans. Encadr\u00e9s par un moniteur, faites d\u00e9couvrir le cano\u00eb en Ard\u00e8che aux enfants.\" \/>\n<meta property=\"og:url\" content=\"https:\/\/canoe-kayak-lavernede.com\/mini-descente-de-lardeche-8km-encadree-des-5-ans\/\" \/>\n<meta property=\"og:site_name\" content=\"LA VERNEDE\" \/>\n<meta property=\"article:modified_time\" content=\"2024-05-02T15:58:51+00:00\" \/>\n<meta name=\"twitter:card\" content=\"summary_large_image\" \/>\n<meta name=\"twitter:label1\" content=\"Est. reading time\" \/>\n\t<meta name=\"twitter:data1\" content=\"5 minutes\" \/>\n<script type=\"application\/ld+json\" class=\"yoast-schema-graph\">{\"@context\":\"https:\/\/schema.org\",\"@graph\":[{\"@type\":\"WebPage\",\"@id\":\"https:\/\/canoe-kayak-lavernede.com\/mini-descente-de-lardeche-8km-encadree-des-5-ans\/\",\"url\":\"https:\/\/canoe-kayak-lavernede.com\/mini-descente-de-lardeche-8km-encadree-des-5-ans\/\",\"name\":\"Mini descente de l'Ard\u00e8che 8km encadr\u00e9e (d\u00e8s 5 ans)\",\"isPartOf\":{\"@id\":\"https:\/\/canoe-kayak-lavernede.com\/#website\"},\"datePublished\":\"2024-05-02T08:10:35+00:00\",\"dateModified\":\"2024-05-02T15:58:51+00:00\",\"description\":\"La mini descente encadr\u00e9e est une activit\u00e9 accessible d\u00e8s 5 ans. Encadr\u00e9s par un moniteur, faites d\u00e9couvrir le cano\u00eb en Ard\u00e8che aux enfants.\",\"breadcrumb\":{\"@id\":\"https:\/\/canoe-kayak-lavernede.com\/mini-descente-de-lardeche-8km-encadree-des-5-ans\/#breadcrumb\"},\"inLanguage\":\"en-US\",\"potentialAction\":[{\"@type\":\"ReadAction\",\"target\":[\"https:\/\/canoe-kayak-lavernede.com\/mini-descente-de-lardeche-8km-encadree-des-5-ans\/\"]}]},{\"@type\":\"BreadcrumbList\",\"@id\":\"https:\/\/canoe-kayak-lavernede.com\/mini-descente-de-lardeche-8km-encadree-des-5-ans\/#breadcrumb\",\"itemListElement\":[{\"@type\":\"ListItem\",\"position\":1,\"name\":\"Accueil\",\"item\":\"https:\/\/canoe-kayak-lavernede.com\/en\/\"},{\"@type\":\"ListItem\",\"position\":2,\"name\":\"Mini descente de l&rsquo;Ard\u00e8che 8km encadr\u00e9e (d\u00e8s 5 ans)\"}]},{\"@type\":\"WebSite\",\"@id\":\"https:\/\/canoe-kayak-lavernede.com\/#website\",\"url\":\"https:\/\/canoe-kayak-lavernede.com\/\",\"name\":\"LA VERNEDE\",\"description\":\"\",\"potentialAction\":[{\"@type\":\"SearchAction\",\"target\":{\"@type\":\"EntryPoint\",\"urlTemplate\":\"https:\/\/canoe-kayak-lavernede.com\/?s={search_term_string}\"},\"query-input\":{\"@type\":\"PropertyValueSpecification\",\"valueRequired\":true,\"valueName\":\"search_term_string\"}}],\"inLanguage\":\"en-US\"}]}<\/script>\n<!-- \/ Yoast SEO plugin. -->","yoast_head_json":{"title":"Mini descente de l'Ard\u00e8che 8km encadr\u00e9e (d\u00e8s 5 ans)","description":"La mini descente encadr\u00e9e est une activit\u00e9 accessible d\u00e8s 5 ans. Encadr\u00e9s par un moniteur, faites d\u00e9couvrir le cano\u00eb en Ard\u00e8che aux enfants.","robots":{"index":"index","follow":"follow","max-snippet":"max-snippet:-1","max-image-preview":"max-image-preview:large","max-video-preview":"max-video-preview:-1"},"canonical":"https:\/\/canoe-kayak-lavernede.com\/mini-descente-de-lardeche-8km-encadree-des-5-ans\/","og_locale":"en_US","og_type":"article","og_title":"Mini descente de l'Ard\u00e8che 8km encadr\u00e9e (d\u00e8s 5 ans)","og_description":"La mini descente encadr\u00e9e est une activit\u00e9 accessible d\u00e8s 5 ans. Encadr\u00e9s par un moniteur, faites d\u00e9couvrir le cano\u00eb en Ard\u00e8che aux enfants.","og_url":"https:\/\/canoe-kayak-lavernede.com\/mini-descente-de-lardeche-8km-encadree-des-5-ans\/","og_site_name":"LA VERNEDE","article_modified_time":"2024-05-02T15:58:51+00:00","twitter_card":"summary_large_image","twitter_misc":{"Est. reading time":"5 minutes"},"schema":{"@context":"https:\/\/schema.org","@graph":[{"@type":"WebPage","@id":"https:\/\/canoe-kayak-lavernede.com\/mini-descente-de-lardeche-8km-encadree-des-5-ans\/","url":"https:\/\/canoe-kayak-lavernede.com\/mini-descente-de-lardeche-8km-encadree-des-5-ans\/","name":"Mini descente de l'Ard\u00e8che 8km encadr\u00e9e (d\u00e8s 5 ans)","isPartOf":{"@id":"https:\/\/canoe-kayak-lavernede.com\/#website"},"datePublished":"2024-05-02T08:10:35+00:00","dateModified":"2024-05-02T15:58:51+00:00","description":"La mini descente encadr\u00e9e est une activit\u00e9 accessible d\u00e8s 5 ans. Encadr\u00e9s par un moniteur, faites d\u00e9couvrir le cano\u00eb en Ard\u00e8che aux enfants.","breadcrumb":{"@id":"https:\/\/canoe-kayak-lavernede.com\/mini-descente-de-lardeche-8km-encadree-des-5-ans\/#breadcrumb"},"inLanguage":"en-US","potentialAction":[{"@type":"ReadAction","target":["https:\/\/canoe-kayak-lavernede.com\/mini-descente-de-lardeche-8km-encadree-des-5-ans\/"]}]},{"@type":"BreadcrumbList","@id":"https:\/\/canoe-kayak-lavernede.com\/mini-descente-de-lardeche-8km-encadree-des-5-ans\/#breadcrumb","itemListElement":[{"@type":"ListItem","position":1,"name":"Accueil","item":"https:\/\/canoe-kayak-lavernede.com\/en\/"},{"@type":"ListItem","position":2,"name":"Mini descente de l&rsquo;Ard\u00e8che 8km encadr\u00e9e (d\u00e8s 5 ans)"}]},{"@type":"WebSite","@id":"https:\/\/canoe-kayak-lavernede.com\/#website","url":"https:\/\/canoe-kayak-lavernede.com\/","name":"LA VERNEDE","description":"","potentialAction":[{"@type":"SearchAction","target":{"@type":"EntryPoint","urlTemplate":"https:\/\/canoe-kayak-lavernede.com\/?s={search_term_string}"},"query-input":{"@type":"PropertyValueSpecification","valueRequired":true,"valueName":"search_term_string"}}],"inLanguage":"en-US"}]}},"_links":{"self":[{"href":"https:\/\/canoe-kayak-lavernede.com\/en\/wp-json\/wp\/v2\/pages\/7579"}],"collection":[{"href":"https:\/\/canoe-kayak-lavernede.com\/en\/wp-json\/wp\/v2\/pages"}],"about":[{"href":"https:\/\/canoe-kayak-lavernede.com\/en\/wp-json\/wp\/v2\/types\/page"}],"author":[{"embeddable":true,"href":"https:\/\/canoe-kayak-lavernede.com\/en\/wp-json\/wp\/v2\/users\/5"}],"replies":[{"embeddable":true,"href":"https:\/\/canoe-kayak-lavernede.com\/en\/wp-json\/wp\/v2\/comments?post=7579"}],"version-history":[{"count":4,"href":"https:\/\/canoe-kayak-lavernede.com\/en\/wp-json\/wp\/v2\/pages\/7579\/revisions"}],"predecessor-version":[{"id":7625,"href":"https:\/\/canoe-kayak-lavernede.com\/en\/wp-json\/wp\/v2\/pages\/7579\/revisions\/7625"}],"wp:attachment":[{"href":"https:\/\/canoe-kayak-lavernede.com\/en\/wp-json\/wp\/v2\/media?parent=7579"}],"curies":[{"name":"wp","href":"https:\/\/api.w.org\/{rel}","templated":true}]}}