{"id":6169,"date":"2023-06-06T08:41:21","date_gmt":"2023-06-06T06:41:21","guid":{"rendered":"https:\/\/www.canoe-kayak-lavernede.com\/?page_id=6169"},"modified":"2023-06-06T08:41:22","modified_gmt":"2023-06-06T06:41:22","slug":"book-your-overnight-stay-in-a-bivouac-in-the-ardeche-gorges","status":"publish","type":"page","link":"https:\/\/canoe-kayak-lavernede.com\/en\/book-your-overnight-stay-in-a-bivouac-in-the-ardeche-gorges\/","title":{"rendered":"Book your overnight stay in a Bivouac in the Ard\u00e8che Gorges"},"content":{"rendered":"<p>[vc_row][vc_column]<div class=\"templatera_shortcode\"><div id=\"breadcrumb\" data-vc-full-width=\"true\" data-vc-full-width-init=\"false\" class=\"vc_row wpb_row vc_row-fluid\"><div class=\"wpb_column vc_column_container vc_col-sm-12\"><div class=\"vc_column-inner\"><div class=\"wpb_wrapper\">\n\t<div class=\"wpb_text_column wpb_content_element \" >\n\t\t<div class=\"wpb_wrapper\">\n\t\t\t<span><span><a href=\"https:\/\/canoe-kayak-lavernede.com\/en\/\">Accueil<\/a><\/span><\/span>\n\n\t\t<\/div>\n\t<\/div>\n<\/div><\/div><\/div><\/div><div class=\"vc_row-full-width vc_clearfix\"><\/div><\/div>[\/vc_column][\/vc_row][vc_row full_width=&#8221;stretch_row&#8221; el_id=&#8221;ban_inte&#8221;][vc_column][vc_column_text]<\/p>\n<h1 style=\"text-align: center;\"><span class=\"titre_1\">Book your night in a bivouac<\/span><\/h1>\n<p>[\/vc_column_text][vc_column_text]<\/p>\n<p style=\"text-align: center;\"><span class=\"hashtag_small\" style=\"color: #ffffff; font-size: 24pt;\">Dans les Gorges de l&#8217;Ard\u00e8che<\/span><\/p>\n<p>[\/vc_column_text]\n\n<picture class=\"ImgBG \" style=\"position: absolute; width: 100%; height:100%; top: 0; left:0; z-index: -2;\">\n    <img decoding=\"async\" width=\"2560\" height=\"1056\" src=\"https:\/\/canoe-kayak-lavernede.com\/wp-content\/uploads\/2021\/04\/DSC01091-1-scaled-e1592238006856.jpg\" class=\"attachment-full size-full\" alt=\"bivouac gorges ard\u00e8che\" srcset=\"https:\/\/canoe-kayak-lavernede.com\/wp-content\/uploads\/2021\/04\/DSC01091-1-scaled-e1592238006856.jpg 2560w, https:\/\/canoe-kayak-lavernede.com\/wp-content\/uploads\/2021\/04\/DSC01091-1-scaled-e1592238006856-780x322.jpg 780w, https:\/\/canoe-kayak-lavernede.com\/wp-content\/uploads\/2021\/04\/DSC01091-1-scaled-e1592238006856-768x317.jpg 768w, https:\/\/canoe-kayak-lavernede.com\/wp-content\/uploads\/2021\/04\/DSC01091-1-scaled-e1592238006856-1536x634.jpg 1536w, https:\/\/canoe-kayak-lavernede.com\/wp-content\/uploads\/2021\/04\/DSC01091-1-scaled-e1592238006856-2048x845.jpg 2048w\" sizes=\"(max-width: 2560px) 100vw, 2560px\" \/><\/picture>\n\n[\/vc_column][\/vc_row][vc_row][vc_column][vc_column_text]<\/p>\n<h2 style=\"text-align: center;\"><span class=\"titre_2\">Book your bivouac in the Ard\u00e8che<\/span><\/h2>\n<p>[\/vc_column_text][vc_column_text]<\/p>\n<p style=\"text-align: center;\">For any <a href=\"https:\/\/canoe-kayak-lavernede.com\/en\/canoe-trips\/our-2-days-canoe-trips\/2-days-canoe-trip-32km-with-bivouac-overnight\/\">two-day descent of the Ard\u00e8che<\/a>, if you wish to <strong>bivouac in the nature reserve<\/strong>, you must reserve <a href=\"#resa\">your overnight stay in a bivouac.<\/a><\/p>\n<p style=\"text-align: center;\">Indeed, <strong>wild bivouacs have long been forbidden<\/strong> in this area, which we strive to preserve as much as possible.<\/p>\n<p style=\"text-align: center;\">To enable you to discover the<strong> beauty of the Ard\u00e8che gorges by nigh<\/strong>t, the teams at the <strong>R\u00e9serve naturelle des gorges de l&#8217;Ard\u00e8che<\/strong> have set up 2 bivouac sites accessible by canoe.<\/p>\n<p style=\"text-align: center;\"><strong>GAUD bivouac<\/strong><br \/>\n<strong>Le Bivouac de GOURNIER<\/strong><\/p>\n<p>[\/vc_column_text][vc_single_image image=&#8221;3829&#8243; img_size=&#8221;full&#8221; alignment=&#8221;center&#8221;][vc_column_text]<\/p>\n<p style=\"text-align: center;\"><span class=\"titre_2\">How do you book a night&#8217;s bivouac in the Ard\u00e8che?<\/span><\/p>\n<p>[\/vc_column_text][vc_column_text]<\/p>\n<p style=\"text-align: center;\"><strong>There are two steps to booking a two-day canoe trip down the Ard\u00e8che.<\/strong><\/p>\n<p style=\"text-align: center;\"><a href=\"https:\/\/canoe-kayak-lavernede.com\/en\/canoe-trips\/our-2-days-canoe-trips\/2-days-canoe-trip-32km-with-bivouac-overnight\/\">If you haven&#8217;t already done so, start by booking your descent of the Ard\u00e8che directly HERE :<\/a><\/p>\n<p>[\/vc_column_text]<div class=' txt_centre btn_plein_rougeF'><a class='lien_btn smoothScroll' href='\/en\/canoe-trips\/our-2-days-canoe-trips\/2-days-canoe-trip-32km-with-bivouac-overnight\/' ><span>BOOK MY TWO-DAY DESCENT OF THE ARDECHE<\/span><\/a><\/div>[vc_column_text]<\/p>\n<p style=\"text-align: center;\">All you have to do is book your night at the bivouac of your choice below:<br \/>\n<a href=\"#calendrier\">(Please note that bivouacs have different opening times, see below)<\/a><\/p>\n<p>[\/vc_column_text][\/vc_column][\/vc_row][vc_row el_id=&#8221;resa&#8221;][vc_column][vc_raw_html]JTNDZGl2JTIwaWQlM0QlMjJ3aWRnZXQtcGFuaWVyJTIyJTNFJTNDJTJGZGl2JTNFJTBBJTNDc2NyaXB0JTIwdHlwZSUzRCUyMnRleHQlMkZqYXZhc2NyaXB0JTIyJTIwc3JjJTNEJTIyJTJGJTJGZ2FkZ2V0Lm9wZW4tc3lzdGVtLmZyJTJGd2lkZ2V0cy1saWJzJTJGcmVsJTJGbm95YXUtMS4wLm1pbi5qcyUyMiUzRSUzQyUyRnNjcmlwdCUzRSUwQSUzQ3NjcmlwdCUyMHR5cGUlM0QlMjJ0ZXh0JTJGamF2YXNjcmlwdCUyMiUzRSUwQSUyOCUyMGZ1bmN0aW9uJTI4JTI5JTIwJTdCJTBBdmFyJTIwd2lkZ2V0UHJvZHVpdCUyMCUzRCUyMEFsbGlhbmNlUmVzZWF1eC5XaWRnZXQuSW5zdGFuY2UlMjglMjAlMjJQcm9kdWl0JTIyJTJDJTIwJTdCJTIwaWRQYW5pZXIlM0ElMjJHRG9iR0JnJTIyJTJDJTIwaWRJbnRlZ3JhdGlvbiUzQWlkSW50ZWdyYXRpb24lM0QxNDgyJTJDJTIwbGFuZ3VlJTNBJTIyZnIlMjIlMkMlMjB1aSUzQSUyMkFET0NELTEwMjM2NC02NTQzJTIyJTIwJTdEJTIwJTI5JTNCJTBBd2lkZ2V0UHJvZHVpdC5QcmVBcHAlMjglMjdwcm9kdWl0LmFkZG9jay5wcm9kdWl0cyUyNyUyQyUyMCU1QjIxNjMxJTJDMzQ0OTclMkMzNDQ5NSUyQzIxNjMyJTJDMzQ1MDUlMkMzNDUwNCUyQzM0NTAzJTVEJTI5JTNCJTBBd2lkZ2V0UHJvZHVpdC5QcmVBcHAlMjglMjdjaWJsZSUyNyUyQyUyMCUyN3dpZGdldC1wcm9kdWl0LUFET0NELTEwMjM2NC02NTQzJTI3JTI5JTNCJTBBd2lkZ2V0UHJvZHVpdC5QcmVBcHAlMjglMjdjc3MlMjclMkMlMjAlMjdodHRwcyUzQSUyRiUyRmRlbW8uZm9yLXN5c3RlbS5jb20lMkZwYWdlcy10ZXN0JTJGUG9udEFyY0FyZGVjaGUlMkZzdHlsZXMtc3VyY2hhcmdlLmNzcyUyNyUyOSUzQiUwQXdpZGdldFByb2R1aXQuUHJlQXBwJTI4JTIycGFuaWVyLnRhcmdldCUyMiUyQyUyMCUyMl9ibGFuayUyMiUyMCUyOSUzQiUwQXdpZGdldFByb2R1aXQuSW5pdGlhbGlzZSUyOCUyOSUzQiUwQSU3RCUyOSUyOCUyOSUzQiUwQSUzQyUyRnNjcmlwdCUzRSUwQSUzQ2RpdiUyMGlkJTNEJTIyd2lkZ2V0LXByb2R1aXQtQURPQ0QtMTAyMzY0LTY1NDMlMjIlM0UlM0MlMkZkaXYlM0UlMEElMEE=[\/vc_raw_html][\/vc_column][\/vc_row][vc_row el_id=&#8221;calendrier&#8221;][vc_column][vc_column_text]<\/p>\n<p style=\"text-align: center;\"><span class=\"titre_2\">Opening calendar for bivouacs in the Ard\u00e8che gorges<\/span><\/p>\n<p>[\/vc_column_text][vc_single_image image=&#8221;5844&#8243; img_size=&#8221;full&#8221; alignment=&#8221;center&#8221; onclick=&#8221;zoom&#8221;][\/vc_column][\/vc_row][vc_row][vc_column][vc_column_text]<\/p>\n<p style=\"text-align: center;\"><strong>If you have any further questions, please use our<\/strong> <a href=\"https:\/\/canoe-kayak-lavernede.com\/en\/contact-us\/\"><strong>CONTACT FORM<\/strong><\/a><\/p>\n<p>[\/vc_column_text][\/vc_column][\/vc_row]<\/p>\n","protected":false},"excerpt":{"rendered":"Accueil Book your night in a bivouac Dans les Gorges de l'Ard\u00e8che Book your bivouac in the Ard\u00e8che For any two-day descent of the Ard\u00e8che, if you wish to bivouac in the nature reserve, you must reserve your overnight stay in a bivouac. Indeed, wild bivouacs have long been forbidden in this area, which we [...]","protected":false},"author":5,"featured_media":0,"parent":0,"menu_order":0,"comment_status":"closed","ping_status":"closed","template":"","meta":{"footnotes":""},"class_list":["post-6169","page","type-page","status-publish"],"yoast_head":"<!-- This site is optimized with the Yoast SEO plugin v24.3 - https:\/\/yoast.com\/wordpress\/plugins\/seo\/ -->\n<title>Book your overnight stay in a Bivouac in the Ard\u00e8che Gorges<\/title>\n<meta name=\"description\" content=\"Book your night&#039;s bivouac in the Ard\u00e8che gorges. Discover an unforgettable canoe-kayak experience in Vallon Pont d&#039;Arc.\" \/>\n<meta name=\"robots\" content=\"index, follow, max-snippet:-1, max-image-preview:large, max-video-preview:-1\" \/>\n<link rel=\"canonical\" href=\"https:\/\/canoe-kayak-lavernede.com\/en\/book-your-overnight-stay-in-a-bivouac-in-the-ardeche-gorges\/\" \/>\n<meta property=\"og:locale\" content=\"en_US\" \/>\n<meta property=\"og:type\" content=\"article\" \/>\n<meta property=\"og:title\" content=\"Book your overnight stay in a Bivouac in the Ard\u00e8che Gorges\" \/>\n<meta property=\"og:description\" content=\"Book your night&#039;s bivouac in the Ard\u00e8che gorges. Discover an unforgettable canoe-kayak experience in Vallon Pont d&#039;Arc.\" \/>\n<meta property=\"og:url\" content=\"https:\/\/canoe-kayak-lavernede.com\/en\/book-your-overnight-stay-in-a-bivouac-in-the-ardeche-gorges\/\" \/>\n<meta property=\"og:site_name\" content=\"LA VERNEDE\" \/>\n<meta property=\"article:modified_time\" content=\"2023-06-06T06:41:22+00:00\" \/>\n<meta name=\"twitter:card\" content=\"summary_large_image\" \/>\n<meta name=\"twitter:label1\" content=\"Est. reading time\" \/>\n\t<meta name=\"twitter:data1\" content=\"2 minutes\" \/>\n<script type=\"application\/ld+json\" class=\"yoast-schema-graph\">{\"@context\":\"https:\/\/schema.org\",\"@graph\":[{\"@type\":\"WebPage\",\"@id\":\"https:\/\/canoe-kayak-lavernede.com\/en\/book-your-overnight-stay-in-a-bivouac-in-the-ardeche-gorges\/\",\"url\":\"https:\/\/canoe-kayak-lavernede.com\/en\/book-your-overnight-stay-in-a-bivouac-in-the-ardeche-gorges\/\",\"name\":\"Book your overnight stay in a Bivouac in the Ard\u00e8che Gorges\",\"isPartOf\":{\"@id\":\"https:\/\/canoe-kayak-lavernede.com\/#website\"},\"datePublished\":\"2023-06-06T06:41:21+00:00\",\"dateModified\":\"2023-06-06T06:41:22+00:00\",\"description\":\"Book your night's bivouac in the Ard\u00e8che gorges. Discover an unforgettable canoe-kayak experience in Vallon Pont d'Arc.\",\"breadcrumb\":{\"@id\":\"https:\/\/canoe-kayak-lavernede.com\/en\/book-your-overnight-stay-in-a-bivouac-in-the-ardeche-gorges\/#breadcrumb\"},\"inLanguage\":\"en-US\",\"potentialAction\":[{\"@type\":\"ReadAction\",\"target\":[\"https:\/\/canoe-kayak-lavernede.com\/en\/book-your-overnight-stay-in-a-bivouac-in-the-ardeche-gorges\/\"]}]},{\"@type\":\"BreadcrumbList\",\"@id\":\"https:\/\/canoe-kayak-lavernede.com\/en\/book-your-overnight-stay-in-a-bivouac-in-the-ardeche-gorges\/#breadcrumb\",\"itemListElement\":[{\"@type\":\"ListItem\",\"position\":1,\"name\":\"Accueil\",\"item\":\"https:\/\/canoe-kayak-lavernede.com\/en\/\"},{\"@type\":\"ListItem\",\"position\":2,\"name\":\"Book your overnight stay in a Bivouac in the Ard\u00e8che Gorges\"}]},{\"@type\":\"WebSite\",\"@id\":\"https:\/\/canoe-kayak-lavernede.com\/#website\",\"url\":\"https:\/\/canoe-kayak-lavernede.com\/\",\"name\":\"LA VERNEDE\",\"description\":\"\",\"potentialAction\":[{\"@type\":\"SearchAction\",\"target\":{\"@type\":\"EntryPoint\",\"urlTemplate\":\"https:\/\/canoe-kayak-lavernede.com\/?s={search_term_string}\"},\"query-input\":{\"@type\":\"PropertyValueSpecification\",\"valueRequired\":true,\"valueName\":\"search_term_string\"}}],\"inLanguage\":\"en-US\"}]}<\/script>\n<!-- \/ Yoast SEO plugin. -->","yoast_head_json":{"title":"Book your overnight stay in a Bivouac in the Ard\u00e8che Gorges","description":"Book your night's bivouac in the Ard\u00e8che gorges. Discover an unforgettable canoe-kayak experience in Vallon Pont d'Arc.","robots":{"index":"index","follow":"follow","max-snippet":"max-snippet:-1","max-image-preview":"max-image-preview:large","max-video-preview":"max-video-preview:-1"},"canonical":"https:\/\/canoe-kayak-lavernede.com\/en\/book-your-overnight-stay-in-a-bivouac-in-the-ardeche-gorges\/","og_locale":"en_US","og_type":"article","og_title":"Book your overnight stay in a Bivouac in the Ard\u00e8che Gorges","og_description":"Book your night's bivouac in the Ard\u00e8che gorges. Discover an unforgettable canoe-kayak experience in Vallon Pont d'Arc.","og_url":"https:\/\/canoe-kayak-lavernede.com\/en\/book-your-overnight-stay-in-a-bivouac-in-the-ardeche-gorges\/","og_site_name":"LA VERNEDE","article_modified_time":"2023-06-06T06:41:22+00:00","twitter_card":"summary_large_image","twitter_misc":{"Est. reading time":"2 minutes"},"schema":{"@context":"https:\/\/schema.org","@graph":[{"@type":"WebPage","@id":"https:\/\/canoe-kayak-lavernede.com\/en\/book-your-overnight-stay-in-a-bivouac-in-the-ardeche-gorges\/","url":"https:\/\/canoe-kayak-lavernede.com\/en\/book-your-overnight-stay-in-a-bivouac-in-the-ardeche-gorges\/","name":"Book your overnight stay in a Bivouac in the Ard\u00e8che Gorges","isPartOf":{"@id":"https:\/\/canoe-kayak-lavernede.com\/#website"},"datePublished":"2023-06-06T06:41:21+00:00","dateModified":"2023-06-06T06:41:22+00:00","description":"Book your night's bivouac in the Ard\u00e8che gorges. Discover an unforgettable canoe-kayak experience in Vallon Pont d'Arc.","breadcrumb":{"@id":"https:\/\/canoe-kayak-lavernede.com\/en\/book-your-overnight-stay-in-a-bivouac-in-the-ardeche-gorges\/#breadcrumb"},"inLanguage":"en-US","potentialAction":[{"@type":"ReadAction","target":["https:\/\/canoe-kayak-lavernede.com\/en\/book-your-overnight-stay-in-a-bivouac-in-the-ardeche-gorges\/"]}]},{"@type":"BreadcrumbList","@id":"https:\/\/canoe-kayak-lavernede.com\/en\/book-your-overnight-stay-in-a-bivouac-in-the-ardeche-gorges\/#breadcrumb","itemListElement":[{"@type":"ListItem","position":1,"name":"Accueil","item":"https:\/\/canoe-kayak-lavernede.com\/en\/"},{"@type":"ListItem","position":2,"name":"Book your overnight stay in a Bivouac in the Ard\u00e8che Gorges"}]},{"@type":"WebSite","@id":"https:\/\/canoe-kayak-lavernede.com\/#website","url":"https:\/\/canoe-kayak-lavernede.com\/","name":"LA VERNEDE","description":"","potentialAction":[{"@type":"SearchAction","target":{"@type":"EntryPoint","urlTemplate":"https:\/\/canoe-kayak-lavernede.com\/?s={search_term_string}"},"query-input":{"@type":"PropertyValueSpecification","valueRequired":true,"valueName":"search_term_string"}}],"inLanguage":"en-US"}]}},"_links":{"self":[{"href":"https:\/\/canoe-kayak-lavernede.com\/en\/wp-json\/wp\/v2\/pages\/6169"}],"collection":[{"href":"https:\/\/canoe-kayak-lavernede.com\/en\/wp-json\/wp\/v2\/pages"}],"about":[{"href":"https:\/\/canoe-kayak-lavernede.com\/en\/wp-json\/wp\/v2\/types\/page"}],"author":[{"embeddable":true,"href":"https:\/\/canoe-kayak-lavernede.com\/en\/wp-json\/wp\/v2\/users\/5"}],"replies":[{"embeddable":true,"href":"https:\/\/canoe-kayak-lavernede.com\/en\/wp-json\/wp\/v2\/comments?post=6169"}],"version-history":[{"count":2,"href":"https:\/\/canoe-kayak-lavernede.com\/en\/wp-json\/wp\/v2\/pages\/6169\/revisions"}],"predecessor-version":[{"id":6171,"href":"https:\/\/canoe-kayak-lavernede.com\/en\/wp-json\/wp\/v2\/pages\/6169\/revisions\/6171"}],"wp:attachment":[{"href":"https:\/\/canoe-kayak-lavernede.com\/en\/wp-json\/wp\/v2\/media?parent=6169"}],"curies":[{"name":"wp","href":"https:\/\/api.w.org\/{rel}","templated":true}]}}