{"id":586,"date":"2020-09-29T17:55:30","date_gmt":"2020-09-29T15:55:30","guid":{"rendered":"http:\/\/wordpress-prod.suite-logique.fr\/?page_id=586"},"modified":"2020-09-29T18:01:50","modified_gmt":"2020-09-29T16:01:50","slug":"news","status":"publish","type":"page","link":"https:\/\/canoe-kayak-lavernede.com\/en\/news\/","title":{"rendered":"news"},"content":{"rendered":"<p>[vc_row][vc_column]<section data-count=\"41\" id=\"archive-blog-actualites\" class=\"g-grid list_articles \">            <article class=\"vignette_article g-block size-25\">\n            <div class=\"inner-article\">\r\n  <div class=\"thumbnail\"><a href=\"https:\/\/canoe-kayak-lavernede.com\/en\/canoe-en-ardeche-redecouvrir-la-lenteur-sur-la-riviere\/\"><picture><source srcset=\"https:\/\/canoe-kayak-lavernede.com\/wp-content\/uploads\/2026\/04\/Redecouvrez-la-lenteur.jpg\" media=\"(max-width: 320px)\"><source srcset=\"https:\/\/canoe-kayak-lavernede.com\/wp-content\/uploads\/2026\/04\/Redecouvrez-la-lenteur.jpg\" media=\"(max-width: 780px)\"><img decoding=\"async\" style=\"width: 100%; height: 100%; object-fit: cover;\" src=\"https:\/\/canoe-kayak-lavernede.com\/wp-content\/uploads\/2026\/04\/Redecouvrez-la-lenteur.jpg\" class=\"image_absolute\" alt=\"\"><\/picture><\/a><\/div>\r\n  <div class=\"article_blog_content\">\r\n  \t<div class=\"article_blog_titre\"><a href=\"https:\/\/canoe-kayak-lavernede.com\/en\/canoe-en-ardeche-redecouvrir-la-lenteur-sur-la-riviere\/\">Cano\u00eb en Ard\u00e8che : red\u00e9couvrir la lenteur sur la rivi\u00e8re<\/a><\/div>\r\n  \t<div class=\"article_blog_desc\">Profitez d\u2019une descente en cano\u00eb sur la rivi\u00e8re de l\u2019Ard\u00e8che pour savourer un moment de repos. D\u00e9connexion assur\u00e9e avec nos parcours de 8 \u00e0 32 km, pour tous.<\/div>\r\n  \t<div class=\"article_blog_link\"><a href=\"https:\/\/canoe-kayak-lavernede.com\/en\/canoe-en-ardeche-redecouvrir-la-lenteur-sur-la-riviere\/\">Voir plus<\/a><\/div>\r\n  <\/div>\r\n<\/div>            <\/article>\n                        <article class=\"vignette_article g-block size-25\">\n            <div class=\"inner-article\">\r\n  <div class=\"thumbnail\"><a href=\"https:\/\/canoe-kayak-lavernede.com\/en\/le-canoe-comme-micro-aventure-accessible\/\"><picture><source srcset=\"https:\/\/canoe-kayak-lavernede.com\/wp-content\/uploads\/2026\/03\/Vignette-Blog-LV-micro-aventure.webp\" media=\"(max-width: 320px)\"><source srcset=\"https:\/\/canoe-kayak-lavernede.com\/wp-content\/uploads\/2026\/03\/Vignette-Blog-LV-micro-aventure.webp\" media=\"(max-width: 780px)\"><img decoding=\"async\" style=\"width: 100%; height: 100%; object-fit: cover;\" src=\"https:\/\/canoe-kayak-lavernede.com\/wp-content\/uploads\/2026\/03\/Vignette-Blog-LV-micro-aventure.webp\" class=\"image_absolute\" alt=\"\"><\/picture><\/a><\/div>\r\n  <div class=\"article_blog_content\">\r\n  \t<div class=\"article_blog_titre\"><a href=\"https:\/\/canoe-kayak-lavernede.com\/en\/le-canoe-comme-micro-aventure-accessible\/\">Le cano\u00eb comme micro-aventure accessible<\/a><\/div>\r\n  \t<div class=\"article_blog_desc\">D\u00e9couvrez le cano\u00eb : une micro-aventure accessible et en pleine nature, pour vivre une exp\u00e9rience inoubliable sur l\u2019eau !<\/div>\r\n  \t<div class=\"article_blog_link\"><a href=\"https:\/\/canoe-kayak-lavernede.com\/en\/le-canoe-comme-micro-aventure-accessible\/\">Voir plus<\/a><\/div>\r\n  <\/div>\r\n<\/div>            <\/article>\n                        <article class=\"vignette_article g-block size-25\">\n            <div class=\"inner-article\">\r\n  <div class=\"thumbnail\"><a href=\"https:\/\/canoe-kayak-lavernede.com\/en\/quand-commence-la-saison-du-canoe\/\"><picture><source srcset=\"https:\/\/canoe-kayak-lavernede.com\/wp-content\/uploads\/2026\/03\/Vignette-blog-debut-de-saison.webp\" media=\"(max-width: 320px)\"><source srcset=\"https:\/\/canoe-kayak-lavernede.com\/wp-content\/uploads\/2026\/03\/Vignette-blog-debut-de-saison.webp\" media=\"(max-width: 780px)\"><img decoding=\"async\" style=\"width: 100%; height: 100%; object-fit: cover;\" src=\"https:\/\/canoe-kayak-lavernede.com\/wp-content\/uploads\/2026\/03\/Vignette-blog-debut-de-saison.webp\" class=\"image_absolute\" alt=\"\"><\/picture><\/a><\/div>\r\n  <div class=\"article_blog_content\">\r\n  \t<div class=\"article_blog_titre\"><a href=\"https:\/\/canoe-kayak-lavernede.com\/en\/quand-commence-la-saison-du-canoe\/\">Quand commence la saison du cano\u00eb ?<\/a><\/div>\r\n  \t<div class=\"article_blog_desc\">Pr\u00e9parez votre sortie : la saison du cano\u00eb d\u00e9bute en avril ! R\u00e9glementation, conditions de navigation, rivi\u00e8re et parcours \u00e0 privil\u00e9gier : suivez le guide.<\/div>\r\n  \t<div class=\"article_blog_link\"><a href=\"https:\/\/canoe-kayak-lavernede.com\/en\/quand-commence-la-saison-du-canoe\/\">Voir plus<\/a><\/div>\r\n  <\/div>\r\n<\/div>            <\/article>\n                        <article class=\"vignette_article g-block size-25\">\n            <div class=\"inner-article\">\r\n  <div class=\"thumbnail\"><a href=\"https:\/\/canoe-kayak-lavernede.com\/en\/les-petits-details-qui-font-la-beaute-de-la-riviere-en-canoe\/\"><picture><source srcset=\"https:\/\/canoe-kayak-lavernede.com\/wp-content\/uploads\/2026\/03\/Vignette-Blog-LV-les-details-de-la-riviere.webp\" media=\"(max-width: 320px)\"><source srcset=\"https:\/\/canoe-kayak-lavernede.com\/wp-content\/uploads\/2026\/03\/Vignette-Blog-LV-les-details-de-la-riviere.webp\" media=\"(max-width: 780px)\"><img decoding=\"async\" style=\"width: 100%; height: 100%; object-fit: cover;\" src=\"https:\/\/canoe-kayak-lavernede.com\/wp-content\/uploads\/2026\/03\/Vignette-Blog-LV-les-details-de-la-riviere.webp\" class=\"image_absolute\" alt=\"\"><\/picture><\/a><\/div>\r\n  <div class=\"article_blog_content\">\r\n  \t<div class=\"article_blog_titre\"><a href=\"https:\/\/canoe-kayak-lavernede.com\/en\/les-petits-details-qui-font-la-beaute-de-la-riviere-en-canoe\/\">Les petits d\u00e9tails qui font la beaut\u00e9 de la rivi\u00e8re en cano\u00eb<\/a><\/div>\r\n  \t<div class=\"article_blog_desc\">D\u00e9couvrez tous les d\u00e9tails qui font la beaut\u00e9 de la rivi\u00e8re en cano\u00eb-kayak. Vivez les gorges de l\u2019Ard\u00e8che comme vous ne les avez jamais vues, dans une parenth\u00e8se de nature...<\/div>\r\n  \t<div class=\"article_blog_link\"><a href=\"https:\/\/canoe-kayak-lavernede.com\/en\/les-petits-details-qui-font-la-beaute-de-la-riviere-en-canoe\/\">Voir plus<\/a><\/div>\r\n  <\/div>\r\n<\/div>            <\/article>\n            <\/section><div class=\"w3bi_pagination txt_center\"><span aria-current=\"page\" class=\"page-numbers current\">1<\/span>\n<a class=\"page-numbers\" href=\"https:\/\/canoe-kayak-lavernede.com\/en\/wp-json\/wp\/v2\/pages\/586\/page\/2\/\">2<\/a>\n<a class=\"page-numbers\" href=\"https:\/\/canoe-kayak-lavernede.com\/en\/wp-json\/wp\/v2\/pages\/586\/page\/3\/\">3<\/a>\n<span class=\"page-numbers dots\">&hellip;<\/span>\n<a class=\"page-numbers\" href=\"https:\/\/canoe-kayak-lavernede.com\/en\/wp-json\/wp\/v2\/pages\/586\/page\/11\/\">11<\/a>\n<a class=\"next page-numbers\" href=\"https:\/\/canoe-kayak-lavernede.com\/en\/wp-json\/wp\/v2\/pages\/586\/page\/2\/\">><\/a><\/div>[\/vc_column][\/vc_row]<\/p>\n","protected":false},"excerpt":{"rendered":"<p>[vc_row][vc_column][\/vc_column][\/vc_row]<\/p>\n","protected":false},"author":5,"featured_media":0,"parent":0,"menu_order":0,"comment_status":"closed","ping_status":"closed","template":"","meta":{"footnotes":""},"class_list":["post-586","page","type-page","status-publish"],"yoast_head":"<!-- This site is optimized with the Yoast SEO plugin v24.3 - https:\/\/yoast.com\/wordpress\/plugins\/seo\/ -->\n<title>news - LA VERNEDE<\/title>\n<meta name=\"robots\" content=\"index, follow, max-snippet:-1, max-image-preview:large, max-video-preview:-1\" \/>\n<link rel=\"canonical\" href=\"https:\/\/canoe-kayak-lavernede.com\/news\/\" \/>\n<meta property=\"og:locale\" content=\"en_US\" \/>\n<meta property=\"og:type\" content=\"article\" \/>\n<meta property=\"og:title\" content=\"news - LA VERNEDE\" \/>\n<meta property=\"og:description\" content=\"[vc_row][vc_column][\/vc_column][\/vc_row]\" \/>\n<meta property=\"og:url\" content=\"https:\/\/canoe-kayak-lavernede.com\/news\/\" \/>\n<meta property=\"og:site_name\" content=\"LA VERNEDE\" \/>\n<meta property=\"article:modified_time\" content=\"2020-09-29T16:01:50+00:00\" \/>\n<meta name=\"twitter:card\" content=\"summary_large_image\" \/>\n<script type=\"application\/ld+json\" class=\"yoast-schema-graph\">{\"@context\":\"https:\/\/schema.org\",\"@graph\":[{\"@type\":\"WebPage\",\"@id\":\"https:\/\/canoe-kayak-lavernede.com\/news\/\",\"url\":\"https:\/\/canoe-kayak-lavernede.com\/news\/\",\"name\":\"news - LA VERNEDE\",\"isPartOf\":{\"@id\":\"https:\/\/canoe-kayak-lavernede.com\/#website\"},\"datePublished\":\"2020-09-29T15:55:30+00:00\",\"dateModified\":\"2020-09-29T16:01:50+00:00\",\"breadcrumb\":{\"@id\":\"https:\/\/canoe-kayak-lavernede.com\/news\/#breadcrumb\"},\"inLanguage\":\"en-US\",\"potentialAction\":[{\"@type\":\"ReadAction\",\"target\":[\"https:\/\/canoe-kayak-lavernede.com\/news\/\"]}]},{\"@type\":\"BreadcrumbList\",\"@id\":\"https:\/\/canoe-kayak-lavernede.com\/news\/#breadcrumb\",\"itemListElement\":[{\"@type\":\"ListItem\",\"position\":1,\"name\":\"Accueil\",\"item\":\"https:\/\/canoe-kayak-lavernede.com\/en\/\"},{\"@type\":\"ListItem\",\"position\":2,\"name\":\"news\"}]},{\"@type\":\"WebSite\",\"@id\":\"https:\/\/canoe-kayak-lavernede.com\/#website\",\"url\":\"https:\/\/canoe-kayak-lavernede.com\/\",\"name\":\"LA VERNEDE\",\"description\":\"\",\"potentialAction\":[{\"@type\":\"SearchAction\",\"target\":{\"@type\":\"EntryPoint\",\"urlTemplate\":\"https:\/\/canoe-kayak-lavernede.com\/?s={search_term_string}\"},\"query-input\":{\"@type\":\"PropertyValueSpecification\",\"valueRequired\":true,\"valueName\":\"search_term_string\"}}],\"inLanguage\":\"en-US\"}]}<\/script>\n<!-- \/ Yoast SEO plugin. -->","yoast_head_json":{"title":"news - LA VERNEDE","robots":{"index":"index","follow":"follow","max-snippet":"max-snippet:-1","max-image-preview":"max-image-preview:large","max-video-preview":"max-video-preview:-1"},"canonical":"https:\/\/canoe-kayak-lavernede.com\/news\/","og_locale":"en_US","og_type":"article","og_title":"news - LA VERNEDE","og_description":"[vc_row][vc_column][\/vc_column][\/vc_row]","og_url":"https:\/\/canoe-kayak-lavernede.com\/news\/","og_site_name":"LA VERNEDE","article_modified_time":"2020-09-29T16:01:50+00:00","twitter_card":"summary_large_image","schema":{"@context":"https:\/\/schema.org","@graph":[{"@type":"WebPage","@id":"https:\/\/canoe-kayak-lavernede.com\/news\/","url":"https:\/\/canoe-kayak-lavernede.com\/news\/","name":"news - LA VERNEDE","isPartOf":{"@id":"https:\/\/canoe-kayak-lavernede.com\/#website"},"datePublished":"2020-09-29T15:55:30+00:00","dateModified":"2020-09-29T16:01:50+00:00","breadcrumb":{"@id":"https:\/\/canoe-kayak-lavernede.com\/news\/#breadcrumb"},"inLanguage":"en-US","potentialAction":[{"@type":"ReadAction","target":["https:\/\/canoe-kayak-lavernede.com\/news\/"]}]},{"@type":"BreadcrumbList","@id":"https:\/\/canoe-kayak-lavernede.com\/news\/#breadcrumb","itemListElement":[{"@type":"ListItem","position":1,"name":"Accueil","item":"https:\/\/canoe-kayak-lavernede.com\/en\/"},{"@type":"ListItem","position":2,"name":"news"}]},{"@type":"WebSite","@id":"https:\/\/canoe-kayak-lavernede.com\/#website","url":"https:\/\/canoe-kayak-lavernede.com\/","name":"LA VERNEDE","description":"","potentialAction":[{"@type":"SearchAction","target":{"@type":"EntryPoint","urlTemplate":"https:\/\/canoe-kayak-lavernede.com\/?s={search_term_string}"},"query-input":{"@type":"PropertyValueSpecification","valueRequired":true,"valueName":"search_term_string"}}],"inLanguage":"en-US"}]}},"_links":{"self":[{"href":"https:\/\/canoe-kayak-lavernede.com\/en\/wp-json\/wp\/v2\/pages\/586"}],"collection":[{"href":"https:\/\/canoe-kayak-lavernede.com\/en\/wp-json\/wp\/v2\/pages"}],"about":[{"href":"https:\/\/canoe-kayak-lavernede.com\/en\/wp-json\/wp\/v2\/types\/page"}],"author":[{"embeddable":true,"href":"https:\/\/canoe-kayak-lavernede.com\/en\/wp-json\/wp\/v2\/users\/5"}],"replies":[{"embeddable":true,"href":"https:\/\/canoe-kayak-lavernede.com\/en\/wp-json\/wp\/v2\/comments?post=586"}],"version-history":[{"count":2,"href":"https:\/\/canoe-kayak-lavernede.com\/en\/wp-json\/wp\/v2\/pages\/586\/revisions"}],"predecessor-version":[{"id":588,"href":"https:\/\/canoe-kayak-lavernede.com\/en\/wp-json\/wp\/v2\/pages\/586\/revisions\/588"}],"wp:attachment":[{"href":"https:\/\/canoe-kayak-lavernede.com\/en\/wp-json\/wp\/v2\/media?parent=586"}],"curies":[{"name":"wp","href":"https:\/\/api.w.org\/{rel}","templated":true}]}}