{"id":3473,"date":"2022-03-24T16:09:57","date_gmt":"2022-03-24T15:09:57","guid":{"rendered":"https:\/\/www.canoe-kayak-lavernede.com\/?page_id=3473"},"modified":"2022-08-31T12:21:21","modified_gmt":"2022-08-31T10:21:21","slug":"pack-tout-en-un-descente-de-lardeche-en-canoe-sur-deux-jours-avec-bivouac","status":"publish","type":"page","link":"https:\/\/canoe-kayak-lavernede.com\/en\/pack-tout-en-un-descente-de-lardeche-en-canoe-sur-deux-jours-avec-bivouac\/","title":{"rendered":"Pack tout en un &#8211; Descente de l&#8217;Ard\u00e8che en cano\u00eb sur deux jours avec bivouac"},"content":{"rendered":"<p>[vc_row][vc_column]<div class=\"templatera_shortcode\"><div id=\"breadcrumb\" data-vc-full-width=\"true\" data-vc-full-width-init=\"false\" class=\"vc_row wpb_row vc_row-fluid\"><div class=\"wpb_column vc_column_container vc_col-sm-12\"><div class=\"vc_column-inner\"><div class=\"wpb_wrapper\">\n\t<div class=\"wpb_text_column wpb_content_element \" >\n\t\t<div class=\"wpb_wrapper\">\n\t\t\t<span><span><a href=\"https:\/\/canoe-kayak-lavernede.com\/en\/\">Accueil<\/a><\/span><\/span>\n\n\t\t<\/div>\n\t<\/div>\n<\/div><\/div><\/div><\/div><div class=\"vc_row-full-width vc_clearfix\"><\/div><\/div>[\/vc_column][\/vc_row][vc_row full_width=&#8221;stretch_row&#8221; el_id=&#8221;ban_inte_full&#8221;][vc_column]\n\n<picture class=\"ImgBG \" style=\"position: absolute; width: 100%; height:100%; top: 0; left:0; z-index: -2;\">\n    <img decoding=\"async\" width=\"1917\" height=\"721\" src=\"https:\/\/canoe-kayak-lavernede.com\/wp-content\/uploads\/2021\/04\/canoe-ardeche-2-10-bandeau.jpg\" class=\"attachment-full size-full\" alt=\"bivouac gaud gournier gorges de l&#039;ard\u00e8che canoe kayak\" srcset=\"https:\/\/canoe-kayak-lavernede.com\/wp-content\/uploads\/2021\/04\/canoe-ardeche-2-10-bandeau.jpg 1917w, https:\/\/canoe-kayak-lavernede.com\/wp-content\/uploads\/2021\/04\/canoe-ardeche-2-10-bandeau-780x293.jpg 780w, https:\/\/canoe-kayak-lavernede.com\/wp-content\/uploads\/2021\/04\/canoe-ardeche-2-10-bandeau-768x289.jpg 768w, https:\/\/canoe-kayak-lavernede.com\/wp-content\/uploads\/2021\/04\/canoe-ardeche-2-10-bandeau-1536x578.jpg 1536w\" sizes=\"(max-width: 1917px) 100vw, 1917px\" \/><\/picture>\n\n[vc_column_text]<\/p>\n<h1 style=\"text-align: center;\"><span class=\"titre_1\">Pack tout en un<br \/>\nDescente de l&#8217;Ard\u00e8che en cano\u00eb sur deux jours avec bivouac<\/span><\/h1>\n<p>[\/vc_column_text][\/vc_column][\/vc_row][vc_row][vc_column][vc_column_text]<span class=\"titre_2\">Nouveaut\u00e9 2022 ! Le pack tout compris pour votre descente de l&#8217;Ard\u00e8che sur deux jours !<\/span>[\/vc_column_text][vc_column_text]Depuis longtemps vous souhaitez pouvoir r\u00e9server votre <a href=\"https:\/\/canoe-kayak-lavernede.com\/descente-gorges-ardeche\/2-jours\/\">descente de l&#8217;Ard\u00e8che sur deux jours<\/a>, location+nuit\u00e9e en bivouac plus facilement.<\/p>\n<p>C&#8217;est d\u00e9sormais possible ! <a href=\"https:\/\/canoe-kayak-lavernede.com\/\">La Vernede<\/a>, en partenariat avec l&#8217;<strong>office de tourisme de Vallon Pont d&#8217;Arc<\/strong> vous permet d\u00e9sormais de r\u00e9server une formule qui rassemble votre descente + votre ticket bivouac !<\/p>\n<p>Et en quelques clics seulement ![\/vc_column_text][vc_column_text]<\/p>\n<h2 style=\"text-align: center;\"><span class=\"titre_2\">Pr\u00e9sentation de la descente<\/span><\/h2>\n<p><span data-contrast=\"auto\">Deux jours de d\u00e9connexion au c\u0153ur de la nature <\/span><span data-contrast=\"auto\">: Nous avons \u00e7a pour vous\u202f!<\/span><\/p>\n<p><span data-contrast=\"auto\"> Avec cette nouvelle formule tout en un, vous d\u00e9couvrirez les gorges de l&#8217;Ard\u00e8che et son parcours de 32km durant deux jours avec une pause nuit\u00e9e en plein c\u0153ur de la r\u00e9serve naturelle.<\/span><\/p>\n<p><span data-contrast=\"auto\">Le Pont d\u2019Arc, la r\u00e9serve naturelle et ses rapides, ses grottes, ses hautes falaises, \u2026 pendant deux jours, vous \u00eates en immersion totale dans la nature ard\u00e9choise.<\/span><span data-ccp-props=\"{&quot;201341983&quot;:0,&quot;335559739&quot;:160,&quot;335559740&quot;:259}\"><br \/>\n<\/span><\/p>\n<p><span data-contrast=\"auto\">Comme de vrais aventuriers, vous bivouaquerez en pleine nature.<br \/>\nSur un de ces deux <\/span><b><span data-contrast=\"auto\">bivouacs en Ard\u00e8che<\/span><\/b><span data-contrast=\"auto\">, vous profitez d\u2019un moment convivial et hors du temps.\u00a0<\/span><span data-ccp-props=\"{&quot;201341983&quot;:0,&quot;335559739&quot;:160,&quot;335559740&quot;:259}\">\u00a0<\/span><\/p>\n<p style=\"text-align: center;\"><span class=\"hashtag_small\">Choisissez la formule qui vous conviens le mieux parmi nos packs tout inclus !<\/span><\/p>\n<p style=\"text-align: center;\"><strong>Votre descente de l&#8217;Ard\u00e8che + votre nuit\u00e9e en bivouac !<\/strong><\/p>\n<p>[\/vc_column_text][\/vc_column][\/vc_row][vc_row][vc_column][vc_raw_html]JTNDZGl2JTIwaWQlM0QlMjJ3aWRnZXQtcGFuaWVyJTIyJTNFJTNDJTJGZGl2JTNFJTBBJTNDc2NyaXB0JTIwdHlwZSUzRCUyMnRleHQlMkZqYXZhc2NyaXB0JTIyJTIwc3JjJTNEJTIyJTJGJTJGZ2FkZ2V0Lm9wZW4tc3lzdGVtLmZyJTJGd2lkZ2V0cy1saWJzJTJGcmVsJTJGbm95YXUtMS4wLm1pbi5qcyUyMiUzRSUzQyUyRnNjcmlwdCUzRSUwQSUzQ3NjcmlwdCUyMHR5cGUlM0QlMjJ0ZXh0JTJGamF2YXNjcmlwdCUyMiUzRSUwQSUyOCUyMGZ1bmN0aW9uJTI4JTI5JTIwJTdCJTBBdmFyJTIwd2lkZ2V0UHJvZHVpdCUyMCUzRCUyMEFsbGlhbmNlUmVzZWF1eC5XaWRnZXQuSW5zdGFuY2UlMjglMjAlMjJQcm9kdWl0JTIyJTJDJTIwJTdCJTIwaWRQYW5pZXIlM0ElMjJHRG9iR0JnJTIyJTJDJTIwaWRJbnRlZ3JhdGlvbiUzQWlkSW50ZWdyYXRpb24lM0QxNDgyJTJDJTIwbGFuZ3VlJTNBJTIyZnIlMjIlMkMlMjB1aSUzQSUyMkFET0NELTEwMjM2NC02NTQzJTIyJTIwJTdEJTIwJTI5JTNCJTBBd2lkZ2V0UHJvZHVpdC5QcmVBcHAlMjglMjdwcm9kdWl0LmFkZG9jay5wcm9kdWl0cyUyNyUyQyUyMCU1QjIxNzQ0JTJDMjk1NjAlMkMyMTc0NiUyQzIxNzM4JTJDMjE5NTElNUQlMjklM0IlMEF3aWRnZXRQcm9kdWl0LlByZUFwcCUyOCUyN2NpYmxlJTI3JTJDJTIwJTI3d2lkZ2V0LXByb2R1aXQtQURPQ0QtMTAyMzY0LTY1NDMlMjclMjklM0IlMEF3aWRnZXRQcm9kdWl0LlByZUFwcCUyOCUyN2NzcyUyNyUyQyUyMCUyN2h0dHBzJTNBJTJGJTJGZGVtby5mb3Itc3lzdGVtLmNvbSUyRnBhZ2VzLXRlc3QlMkZQb250QXJjQXJkZWNoZSUyRnN0eWxlcy1zdXJjaGFyZ2UuY3NzJTI3JTI5JTNCJTBBd2lkZ2V0UHJvZHVpdC5QcmVBcHAlMjglMjJwYW5pZXIudGFyZ2V0JTIyJTJDJTIwJTIyX2JsYW5rJTIyJTIwJTI5JTNCJTBBd2lkZ2V0UHJvZHVpdC5Jbml0aWFsaXNlJTI4JTI5JTNCJTBBJTdEJTI5JTI4JTI5JTNCJTBBJTNDJTJGc2NyaXB0JTNFJTBBJTNDZGl2JTIwaWQlM0QlMjJ3aWRnZXQtcHJvZHVpdC1BRE9DRC0xMDIzNjQtNjU0MyUyMiUzRSUzQyUyRmRpdiUzRSUwQQ==[\/vc_raw_html][\/vc_column][\/vc_row]<\/p>\n","protected":false},"excerpt":{"rendered":"Accueil Pack tout en un Descente de l'Ard\u00e8che en cano\u00eb sur deux jours avec bivouac Nouveaut\u00e9 2022 ! Le pack tout compris pour votre descente de l'Ard\u00e8che sur deux jours ! Depuis longtemps vous souhaitez pouvoir r\u00e9server votre descente de l'Ard\u00e8che sur deux jours, location+nuit\u00e9e en bivouac plus facilement. C'est d\u00e9sormais possible ! La Vernede, [...]","protected":false},"author":5,"featured_media":0,"parent":0,"menu_order":0,"comment_status":"closed","ping_status":"closed","template":"","meta":{"footnotes":""},"class_list":["post-3473","page","type-page","status-publish"],"yoast_head":"<!-- This site is optimized with the Yoast SEO plugin v24.3 - https:\/\/yoast.com\/wordpress\/plugins\/seo\/ -->\n<title>Pack tout en un - Descente de l&#039;Ard\u00e8che en cano\u00eb sur deux jours avec bivouac - LA VERNEDE<\/title>\n<meta name=\"robots\" content=\"index, follow, max-snippet:-1, max-image-preview:large, max-video-preview:-1\" \/>\n<link rel=\"canonical\" href=\"https:\/\/canoe-kayak-lavernede.com\/pack-tout-en-un-descente-de-lardeche-en-canoe-sur-deux-jours-avec-bivouac\/\" \/>\n<meta property=\"og:locale\" content=\"en_US\" \/>\n<meta property=\"og:type\" content=\"article\" \/>\n<meta property=\"og:title\" content=\"Pack tout en un - Descente de l&#039;Ard\u00e8che en cano\u00eb sur deux jours avec bivouac - LA VERNEDE\" \/>\n<meta property=\"og:url\" content=\"https:\/\/canoe-kayak-lavernede.com\/pack-tout-en-un-descente-de-lardeche-en-canoe-sur-deux-jours-avec-bivouac\/\" \/>\n<meta property=\"og:site_name\" content=\"LA VERNEDE\" \/>\n<meta property=\"article:modified_time\" content=\"2022-08-31T10:21:21+00:00\" \/>\n<meta name=\"twitter:card\" content=\"summary_large_image\" \/>\n<meta name=\"twitter:label1\" content=\"Est. reading time\" \/>\n\t<meta name=\"twitter:data1\" content=\"2 minutes\" \/>\n<script type=\"application\/ld+json\" class=\"yoast-schema-graph\">{\"@context\":\"https:\/\/schema.org\",\"@graph\":[{\"@type\":\"WebPage\",\"@id\":\"https:\/\/canoe-kayak-lavernede.com\/pack-tout-en-un-descente-de-lardeche-en-canoe-sur-deux-jours-avec-bivouac\/\",\"url\":\"https:\/\/canoe-kayak-lavernede.com\/pack-tout-en-un-descente-de-lardeche-en-canoe-sur-deux-jours-avec-bivouac\/\",\"name\":\"Pack tout en un - Descente de l'Ard\u00e8che en cano\u00eb sur deux jours avec bivouac - LA VERNEDE\",\"isPartOf\":{\"@id\":\"https:\/\/canoe-kayak-lavernede.com\/#website\"},\"datePublished\":\"2022-03-24T15:09:57+00:00\",\"dateModified\":\"2022-08-31T10:21:21+00:00\",\"breadcrumb\":{\"@id\":\"https:\/\/canoe-kayak-lavernede.com\/pack-tout-en-un-descente-de-lardeche-en-canoe-sur-deux-jours-avec-bivouac\/#breadcrumb\"},\"inLanguage\":\"en-US\",\"potentialAction\":[{\"@type\":\"ReadAction\",\"target\":[\"https:\/\/canoe-kayak-lavernede.com\/pack-tout-en-un-descente-de-lardeche-en-canoe-sur-deux-jours-avec-bivouac\/\"]}]},{\"@type\":\"BreadcrumbList\",\"@id\":\"https:\/\/canoe-kayak-lavernede.com\/pack-tout-en-un-descente-de-lardeche-en-canoe-sur-deux-jours-avec-bivouac\/#breadcrumb\",\"itemListElement\":[{\"@type\":\"ListItem\",\"position\":1,\"name\":\"Accueil\",\"item\":\"https:\/\/canoe-kayak-lavernede.com\/en\/\"},{\"@type\":\"ListItem\",\"position\":2,\"name\":\"Pack tout en un &#8211; Descente de l&rsquo;Ard\u00e8che en cano\u00eb sur deux jours avec bivouac\"}]},{\"@type\":\"WebSite\",\"@id\":\"https:\/\/canoe-kayak-lavernede.com\/#website\",\"url\":\"https:\/\/canoe-kayak-lavernede.com\/\",\"name\":\"LA VERNEDE\",\"description\":\"\",\"potentialAction\":[{\"@type\":\"SearchAction\",\"target\":{\"@type\":\"EntryPoint\",\"urlTemplate\":\"https:\/\/canoe-kayak-lavernede.com\/?s={search_term_string}\"},\"query-input\":{\"@type\":\"PropertyValueSpecification\",\"valueRequired\":true,\"valueName\":\"search_term_string\"}}],\"inLanguage\":\"en-US\"}]}<\/script>\n<!-- \/ Yoast SEO plugin. -->","yoast_head_json":{"title":"Pack tout en un - Descente de l'Ard\u00e8che en cano\u00eb sur deux jours avec bivouac - LA VERNEDE","robots":{"index":"index","follow":"follow","max-snippet":"max-snippet:-1","max-image-preview":"max-image-preview:large","max-video-preview":"max-video-preview:-1"},"canonical":"https:\/\/canoe-kayak-lavernede.com\/pack-tout-en-un-descente-de-lardeche-en-canoe-sur-deux-jours-avec-bivouac\/","og_locale":"en_US","og_type":"article","og_title":"Pack tout en un - Descente de l'Ard\u00e8che en cano\u00eb sur deux jours avec bivouac - LA VERNEDE","og_url":"https:\/\/canoe-kayak-lavernede.com\/pack-tout-en-un-descente-de-lardeche-en-canoe-sur-deux-jours-avec-bivouac\/","og_site_name":"LA VERNEDE","article_modified_time":"2022-08-31T10:21:21+00:00","twitter_card":"summary_large_image","twitter_misc":{"Est. reading time":"2 minutes"},"schema":{"@context":"https:\/\/schema.org","@graph":[{"@type":"WebPage","@id":"https:\/\/canoe-kayak-lavernede.com\/pack-tout-en-un-descente-de-lardeche-en-canoe-sur-deux-jours-avec-bivouac\/","url":"https:\/\/canoe-kayak-lavernede.com\/pack-tout-en-un-descente-de-lardeche-en-canoe-sur-deux-jours-avec-bivouac\/","name":"Pack tout en un - Descente de l'Ard\u00e8che en cano\u00eb sur deux jours avec bivouac - LA VERNEDE","isPartOf":{"@id":"https:\/\/canoe-kayak-lavernede.com\/#website"},"datePublished":"2022-03-24T15:09:57+00:00","dateModified":"2022-08-31T10:21:21+00:00","breadcrumb":{"@id":"https:\/\/canoe-kayak-lavernede.com\/pack-tout-en-un-descente-de-lardeche-en-canoe-sur-deux-jours-avec-bivouac\/#breadcrumb"},"inLanguage":"en-US","potentialAction":[{"@type":"ReadAction","target":["https:\/\/canoe-kayak-lavernede.com\/pack-tout-en-un-descente-de-lardeche-en-canoe-sur-deux-jours-avec-bivouac\/"]}]},{"@type":"BreadcrumbList","@id":"https:\/\/canoe-kayak-lavernede.com\/pack-tout-en-un-descente-de-lardeche-en-canoe-sur-deux-jours-avec-bivouac\/#breadcrumb","itemListElement":[{"@type":"ListItem","position":1,"name":"Accueil","item":"https:\/\/canoe-kayak-lavernede.com\/en\/"},{"@type":"ListItem","position":2,"name":"Pack tout en un &#8211; Descente de l&rsquo;Ard\u00e8che en cano\u00eb sur deux jours avec bivouac"}]},{"@type":"WebSite","@id":"https:\/\/canoe-kayak-lavernede.com\/#website","url":"https:\/\/canoe-kayak-lavernede.com\/","name":"LA VERNEDE","description":"","potentialAction":[{"@type":"SearchAction","target":{"@type":"EntryPoint","urlTemplate":"https:\/\/canoe-kayak-lavernede.com\/?s={search_term_string}"},"query-input":{"@type":"PropertyValueSpecification","valueRequired":true,"valueName":"search_term_string"}}],"inLanguage":"en-US"}]}},"_links":{"self":[{"href":"https:\/\/canoe-kayak-lavernede.com\/en\/wp-json\/wp\/v2\/pages\/3473"}],"collection":[{"href":"https:\/\/canoe-kayak-lavernede.com\/en\/wp-json\/wp\/v2\/pages"}],"about":[{"href":"https:\/\/canoe-kayak-lavernede.com\/en\/wp-json\/wp\/v2\/types\/page"}],"author":[{"embeddable":true,"href":"https:\/\/canoe-kayak-lavernede.com\/en\/wp-json\/wp\/v2\/users\/5"}],"replies":[{"embeddable":true,"href":"https:\/\/canoe-kayak-lavernede.com\/en\/wp-json\/wp\/v2\/comments?post=3473"}],"version-history":[{"count":3,"href":"https:\/\/canoe-kayak-lavernede.com\/en\/wp-json\/wp\/v2\/pages\/3473\/revisions"}],"predecessor-version":[{"id":4695,"href":"https:\/\/canoe-kayak-lavernede.com\/en\/wp-json\/wp\/v2\/pages\/3473\/revisions\/4695"}],"wp:attachment":[{"href":"https:\/\/canoe-kayak-lavernede.com\/en\/wp-json\/wp\/v2\/media?parent=3473"}],"curies":[{"name":"wp","href":"https:\/\/api.w.org\/{rel}","templated":true}]}}