{"id":311,"date":"2019-11-22T10:10:57","date_gmt":"2019-11-22T09:10:57","guid":{"rendered":"http:\/\/wordpress-prod.suite-logique.fr\/?page_id=311"},"modified":"2021-03-19T14:58:35","modified_gmt":"2021-03-19T13:58:35","slug":"mentions-legales","status":"publish","type":"page","link":"https:\/\/canoe-kayak-lavernede.com\/en\/mentions-legales\/","title":{"rendered":"Mentions l\u00e9gales"},"content":{"rendered":"<p>[vc_row full_width=&#8221;stretch_row&#8221; el_id=&#8221;breadcrumb&#8221;][vc_column][vc_column_text]<span><span><a href=\"https:\/\/canoe-kayak-lavernede.com\/en\/\">Accueil<\/a><\/span><\/span><\/p>\n<p>[\/vc_column_text][\/vc_column][\/vc_row][vc_row full_width=&#8221;stretch_row&#8221; el_id=&#8221;ban_inte&#8221;][vc_column][vc_column_text]<\/p>\n<h1 style=\"text-align: center;\"><span class=\"titre_1\">Mentions l\u00e9gales<\/span><\/h1>\n<p>[\/vc_column_text][vc_column_text]<\/p>\n<p style=\"text-align: center;\"><span class=\"hashtag_small\">#Tout savoir sur l\u2019Ard\u00e8che et La Vern\u00e8de<\/span><\/p>\n<p>[\/vc_column_text]\n\n<picture class=\"ImgBG \" style=\"position: absolute; width: 100%; height:100%; top: 0; left:0; z-index: -2;\">\n    <img decoding=\"async\" width=\"1920\" height=\"600\" src=\"https:\/\/canoe-kayak-lavernede.com\/wp-content\/uploads\/2021\/03\/VisuHeaderActu.jpg\" class=\"attachment-full size-full\" alt=\"\" srcset=\"https:\/\/canoe-kayak-lavernede.com\/wp-content\/uploads\/2021\/03\/VisuHeaderActu.jpg 1920w, https:\/\/canoe-kayak-lavernede.com\/wp-content\/uploads\/2021\/03\/VisuHeaderActu-780x244.jpg 780w, https:\/\/canoe-kayak-lavernede.com\/wp-content\/uploads\/2021\/03\/VisuHeaderActu-768x240.jpg 768w, https:\/\/canoe-kayak-lavernede.com\/wp-content\/uploads\/2021\/03\/VisuHeaderActu-1536x480.jpg 1536w\" sizes=\"(max-width: 1920px) 100vw, 1920px\" \/><\/picture>\n\n[\/vc_column][\/vc_row][vc_row el_class=&#8221;padTB_2&#8243;][vc_column][vc_column_text]<\/p>\n<h2><span class=\"titre_2 txt_rouge\">Publication<\/span><\/h2>\n<p>Le pr\u00e9sent site appartenant \u00e0 la Vern\u00e8de Canoe est \u00e9dit\u00e9 et g\u00e9r\u00e9 par :<br \/>\nLa Vern\u00e8de Canoe \u2013 Route des Gorges, 07150 Vallon-Pont-d\u2019Arc<br \/>\nT\u00e9l\u00e9phone : <strong>04 75 37 12 74<\/strong> \u2013\u00a0Le responsable de la publication est M. Davis Leynaud.<\/p>\n<h2><span class=\"titre_2 txt_rouge\">Conception &amp; r\u00e9alisation<\/span><\/h2>\n<p>Certaines photos de ce site ont \u00e9t\u00e9 r\u00e9alis\u00e9e par Mathieu Morverand.<\/p>\n<h2><span class=\"titre_2 txt_rouge\">Propri\u00e9t\u00e9 intellectuelle<\/span><\/h2>\n<p><strong>Vern\u00e8de Canoe<\/strong> est prot\u00e9g\u00e9 par les droits de la propri\u00e9t\u00e9 intellectuelle. Il est la propri\u00e9t\u00e9 exclusive de Vern\u00e8de Canoe. La conception, le graphisme et le contenu de ce site sont des oeuvres originales produites par Eclectic.pro et sont l\u2019enti\u00e8re propri\u00e9t\u00e9 de <strong>Vern\u00e8de Canoe<\/strong>.<\/p>\n<p>Toute reproduction, totale ou partielle, faite sans accord de l\u2019auteur, ou de ses ayants droit, ou de ses ayants cause est illicite. Il en est de m\u00eame pour l\u2019adaptation, l\u2019arrangement par quelque proc\u00e9d\u00e9 que ce soit (Loi 57298 du 11 mars 1957).<\/p>\n<h2><span class=\"titre_2 txt_rouge\">Informations relatives aux liens hypertextes<\/span><\/h2>\n<p>Les liens mis en place depuis le site www.canoe-kayak-lavernede.com\/preprod (Vern\u00e8de Canoe) vers des sites ext\u00e9rieurs ne sauraient engager la responsabilit\u00e9 de\u00a0Vern\u00e8de Canoe notamment au regard du contenu de ces sites mais \u00e9galement des risques techniques.<\/p>\n<p>En acceptant d\u2019utiliser un lien hypertexte pour acc\u00e9der \u00e0 un site ext\u00e9rieur, vous acceptez de prendre les risques et de subir un \u00e9ventuel pr\u00e9judice direct ou indirect.<\/p>\n<h2><span class=\"titre_2 txt_rouge\">Responsabilit\u00e9<\/span><\/h2>\n<p><strong>Vern\u00e8de Canoe<\/strong> ne saurait \u00eatre tenus responsables des \u00e9l\u00e9ments en dehors de leur contr\u00f4le et des dommages qui pourraient \u00e9ventuellement \u00eatre subis par votre environnement technique de tout utilisateur et notamment, vos ordinateurs, logiciels, \u00e9quipements r\u00e9seaux (modems, t\u00e9l\u00e9phones\u2026) et tout mat\u00e9riel utilis\u00e9 pour acc\u00e9der \u00e0 ou utiliser le service et\/ou les informations.<\/p>\n<h2><span class=\"titre_2 txt_rouge\">H\u00e9bergement<\/span><\/h2>\n<p>Le site est h\u00e9berg\u00e9 par OVH, SAS au capital de 10 069 020 \u20ac<br \/>\nRCS Lille M\u00e9tropole 424 761 419 00045<br \/>\nCode APE 2620Z<br \/>\nN\u00b0 TVA : FR 22 424 761 419<br \/>\nSi\u00e8ge social : 2 rue Kellermann \u2013 59100 Roubaix \u2013 France[\/vc_column_text][\/vc_column][\/vc_row]<\/p>\n","protected":false},"excerpt":{"rendered":"<p>[vc_row full_width=&#8221;stretch_row&#8221; el_id=&#8221;breadcrumb&#8221;][vc_column][vc_column_text] [\/vc_column_text][\/vc_column][\/vc_row][vc_row full_width=&#8221;stretch_row&#8221; el_id=&#8221;ban_inte&#8221;][vc_column][vc_column_text] Mentions l\u00e9gales [\/vc_column_text][vc_column_text] #Tout savoir sur l\u2019Ard\u00e8che et La Vern\u00e8de [\/vc_column_text][\/vc_column][\/vc_row][vc_row el_class=&#8221;padTB_2&#8243;][vc_column][vc_column_text] Publication Le pr\u00e9sent site appartenant \u00e0 la Vern\u00e8de Canoe est \u00e9dit\u00e9 et g\u00e9r\u00e9 par : La Vern\u00e8de Canoe \u2013 Route des Gorges, 07150 Vallon-Pont-d\u2019Arc T\u00e9l\u00e9phone : 04 75 37 12 74 \u2013\u00a0Le responsable de la publication est [&hellip;]<\/p>\n","protected":false},"author":5,"featured_media":0,"parent":0,"menu_order":0,"comment_status":"closed","ping_status":"closed","template":"","meta":{"footnotes":""},"class_list":["post-311","page","type-page","status-publish"],"yoast_head":"<!-- This site is optimized with the Yoast SEO plugin v24.3 - https:\/\/yoast.com\/wordpress\/plugins\/seo\/ -->\n<title>Mentions l\u00e9gales - LA VERNEDE<\/title>\n<meta name=\"robots\" content=\"index, follow, max-snippet:-1, max-image-preview:large, max-video-preview:-1\" \/>\n<link rel=\"canonical\" href=\"https:\/\/canoe-kayak-lavernede.com\/mentions-legales\/\" \/>\n<meta property=\"og:locale\" content=\"en_US\" \/>\n<meta property=\"og:type\" content=\"article\" \/>\n<meta property=\"og:title\" content=\"Mentions l\u00e9gales - LA VERNEDE\" \/>\n<meta property=\"og:description\" content=\"[vc_row full_width=&#8221;stretch_row&#8221; el_id=&#8221;breadcrumb&#8221;][vc_column][vc_column_text] [\/vc_column_text][\/vc_column][\/vc_row][vc_row full_width=&#8221;stretch_row&#8221; el_id=&#8221;ban_inte&#8221;][vc_column][vc_column_text] Mentions l\u00e9gales [\/vc_column_text][vc_column_text] #Tout savoir sur l\u2019Ard\u00e8che et La Vern\u00e8de [\/vc_column_text][\/vc_column][\/vc_row][vc_row el_class=&#8221;padTB_2&#8243;][vc_column][vc_column_text] Publication Le pr\u00e9sent site appartenant \u00e0 la Vern\u00e8de Canoe est \u00e9dit\u00e9 et g\u00e9r\u00e9 par : La Vern\u00e8de Canoe \u2013 Route des Gorges, 07150 Vallon-Pont-d\u2019Arc T\u00e9l\u00e9phone : 04 75 37 12 74 \u2013\u00a0Le responsable de la publication est [&hellip;]\" \/>\n<meta property=\"og:url\" content=\"https:\/\/canoe-kayak-lavernede.com\/mentions-legales\/\" \/>\n<meta property=\"og:site_name\" content=\"LA VERNEDE\" \/>\n<meta property=\"article:modified_time\" content=\"2021-03-19T13:58:35+00:00\" \/>\n<meta name=\"twitter:card\" content=\"summary_large_image\" \/>\n<meta name=\"twitter:label1\" content=\"Est. reading time\" \/>\n\t<meta name=\"twitter:data1\" content=\"2 minutes\" \/>\n<script type=\"application\/ld+json\" class=\"yoast-schema-graph\">{\"@context\":\"https:\/\/schema.org\",\"@graph\":[{\"@type\":\"WebPage\",\"@id\":\"https:\/\/canoe-kayak-lavernede.com\/mentions-legales\/\",\"url\":\"https:\/\/canoe-kayak-lavernede.com\/mentions-legales\/\",\"name\":\"Mentions l\u00e9gales - LA VERNEDE\",\"isPartOf\":{\"@id\":\"https:\/\/canoe-kayak-lavernede.com\/#website\"},\"datePublished\":\"2019-11-22T09:10:57+00:00\",\"dateModified\":\"2021-03-19T13:58:35+00:00\",\"breadcrumb\":{\"@id\":\"https:\/\/canoe-kayak-lavernede.com\/mentions-legales\/#breadcrumb\"},\"inLanguage\":\"en-US\",\"potentialAction\":[{\"@type\":\"ReadAction\",\"target\":[\"https:\/\/canoe-kayak-lavernede.com\/mentions-legales\/\"]}]},{\"@type\":\"BreadcrumbList\",\"@id\":\"https:\/\/canoe-kayak-lavernede.com\/mentions-legales\/#breadcrumb\",\"itemListElement\":[{\"@type\":\"ListItem\",\"position\":1,\"name\":\"Accueil\",\"item\":\"https:\/\/canoe-kayak-lavernede.com\/en\/\"},{\"@type\":\"ListItem\",\"position\":2,\"name\":\"Mentions l\u00e9gales\"}]},{\"@type\":\"WebSite\",\"@id\":\"https:\/\/canoe-kayak-lavernede.com\/#website\",\"url\":\"https:\/\/canoe-kayak-lavernede.com\/\",\"name\":\"LA VERNEDE\",\"description\":\"\",\"potentialAction\":[{\"@type\":\"SearchAction\",\"target\":{\"@type\":\"EntryPoint\",\"urlTemplate\":\"https:\/\/canoe-kayak-lavernede.com\/?s={search_term_string}\"},\"query-input\":{\"@type\":\"PropertyValueSpecification\",\"valueRequired\":true,\"valueName\":\"search_term_string\"}}],\"inLanguage\":\"en-US\"}]}<\/script>\n<!-- \/ Yoast SEO plugin. -->","yoast_head_json":{"title":"Mentions l\u00e9gales - LA VERNEDE","robots":{"index":"index","follow":"follow","max-snippet":"max-snippet:-1","max-image-preview":"max-image-preview:large","max-video-preview":"max-video-preview:-1"},"canonical":"https:\/\/canoe-kayak-lavernede.com\/mentions-legales\/","og_locale":"en_US","og_type":"article","og_title":"Mentions l\u00e9gales - LA VERNEDE","og_description":"[vc_row full_width=&#8221;stretch_row&#8221; el_id=&#8221;breadcrumb&#8221;][vc_column][vc_column_text] [\/vc_column_text][\/vc_column][\/vc_row][vc_row full_width=&#8221;stretch_row&#8221; el_id=&#8221;ban_inte&#8221;][vc_column][vc_column_text] Mentions l\u00e9gales [\/vc_column_text][vc_column_text] #Tout savoir sur l\u2019Ard\u00e8che et La Vern\u00e8de [\/vc_column_text][\/vc_column][\/vc_row][vc_row el_class=&#8221;padTB_2&#8243;][vc_column][vc_column_text] Publication Le pr\u00e9sent site appartenant \u00e0 la Vern\u00e8de Canoe est \u00e9dit\u00e9 et g\u00e9r\u00e9 par : La Vern\u00e8de Canoe \u2013 Route des Gorges, 07150 Vallon-Pont-d\u2019Arc T\u00e9l\u00e9phone : 04 75 37 12 74 \u2013\u00a0Le responsable de la publication est [&hellip;]","og_url":"https:\/\/canoe-kayak-lavernede.com\/mentions-legales\/","og_site_name":"LA VERNEDE","article_modified_time":"2021-03-19T13:58:35+00:00","twitter_card":"summary_large_image","twitter_misc":{"Est. reading time":"2 minutes"},"schema":{"@context":"https:\/\/schema.org","@graph":[{"@type":"WebPage","@id":"https:\/\/canoe-kayak-lavernede.com\/mentions-legales\/","url":"https:\/\/canoe-kayak-lavernede.com\/mentions-legales\/","name":"Mentions l\u00e9gales - LA VERNEDE","isPartOf":{"@id":"https:\/\/canoe-kayak-lavernede.com\/#website"},"datePublished":"2019-11-22T09:10:57+00:00","dateModified":"2021-03-19T13:58:35+00:00","breadcrumb":{"@id":"https:\/\/canoe-kayak-lavernede.com\/mentions-legales\/#breadcrumb"},"inLanguage":"en-US","potentialAction":[{"@type":"ReadAction","target":["https:\/\/canoe-kayak-lavernede.com\/mentions-legales\/"]}]},{"@type":"BreadcrumbList","@id":"https:\/\/canoe-kayak-lavernede.com\/mentions-legales\/#breadcrumb","itemListElement":[{"@type":"ListItem","position":1,"name":"Accueil","item":"https:\/\/canoe-kayak-lavernede.com\/en\/"},{"@type":"ListItem","position":2,"name":"Mentions l\u00e9gales"}]},{"@type":"WebSite","@id":"https:\/\/canoe-kayak-lavernede.com\/#website","url":"https:\/\/canoe-kayak-lavernede.com\/","name":"LA VERNEDE","description":"","potentialAction":[{"@type":"SearchAction","target":{"@type":"EntryPoint","urlTemplate":"https:\/\/canoe-kayak-lavernede.com\/?s={search_term_string}"},"query-input":{"@type":"PropertyValueSpecification","valueRequired":true,"valueName":"search_term_string"}}],"inLanguage":"en-US"}]}},"_links":{"self":[{"href":"https:\/\/canoe-kayak-lavernede.com\/en\/wp-json\/wp\/v2\/pages\/311"}],"collection":[{"href":"https:\/\/canoe-kayak-lavernede.com\/en\/wp-json\/wp\/v2\/pages"}],"about":[{"href":"https:\/\/canoe-kayak-lavernede.com\/en\/wp-json\/wp\/v2\/types\/page"}],"author":[{"embeddable":true,"href":"https:\/\/canoe-kayak-lavernede.com\/en\/wp-json\/wp\/v2\/users\/5"}],"replies":[{"embeddable":true,"href":"https:\/\/canoe-kayak-lavernede.com\/en\/wp-json\/wp\/v2\/comments?post=311"}],"version-history":[{"count":4,"href":"https:\/\/canoe-kayak-lavernede.com\/en\/wp-json\/wp\/v2\/pages\/311\/revisions"}],"predecessor-version":[{"id":1317,"href":"https:\/\/canoe-kayak-lavernede.com\/en\/wp-json\/wp\/v2\/pages\/311\/revisions\/1317"}],"wp:attachment":[{"href":"https:\/\/canoe-kayak-lavernede.com\/en\/wp-json\/wp\/v2\/media?parent=311"}],"curies":[{"name":"wp","href":"https:\/\/api.w.org\/{rel}","templated":true}]}}