{"id":2555,"date":"2021-09-18T09:51:29","date_gmt":"2021-09-18T07:51:29","guid":{"rendered":"https:\/\/www.canoe-kayak-lavernede.com\/?page_id=2555"},"modified":"2021-09-18T09:55:50","modified_gmt":"2021-09-18T07:55:50","slug":"full-day-caving-in-ardeche","status":"publish","type":"page","link":"https:\/\/canoe-kayak-lavernede.com\/en\/other-activites\/caving-in-ardeche\/full-day-caving-in-ardeche\/","title":{"rendered":"Full day caving in Ard\u00e8che"},"content":{"rendered":"<p>[vc_row full_width=&#8221;stretch_row&#8221; el_id=&#8221;breadcrumb&#8221;][vc_column][vc_column_text]<span><span><a href=\"https:\/\/canoe-kayak-lavernede.com\/en\/\">Accueil<\/a><\/span><\/span><\/p>\n<p>[\/vc_column_text][\/vc_column][\/vc_row][vc_row full_width=&#8221;stretch_row&#8221; el_id=&#8221;ban_inte&#8221;][vc_column][vc_column_text]<\/p>\n<h1 style=\"text-align: center;\"><span class=\"titre_1\">Full day caving<br \/>\nin Ard\u00e8che<\/span><\/h1>\n<p>[\/vc_column_text][vc_column_text]<\/p>\n<h2 style=\"text-align: center;\"><span class=\"hashtag_small\"><span style=\"font-size: 18pt;\">#<\/span>A deep dive into the heart of the underground world<br \/>\n<\/span><\/h2>\n<p>[\/vc_column_text]\n\n<picture class=\"ImgBG \" style=\"position: absolute; width: 100%; height:100%; top: 0; left:0; z-index: -2;\">\n    <img decoding=\"async\" width=\"1600\" height=\"1068\" src=\"https:\/\/canoe-kayak-lavernede.com\/wp-content\/uploads\/2021\/04\/2124532.jpg\" class=\"attachment-full size-full\" alt=\"Sp\u00e9l\u00e9o Ard\u00e8che Vallon Pont d&#039;Arc\" srcset=\"https:\/\/canoe-kayak-lavernede.com\/wp-content\/uploads\/2021\/04\/2124532.jpg 1600w, https:\/\/canoe-kayak-lavernede.com\/wp-content\/uploads\/2021\/04\/2124532-780x521.jpg 780w, https:\/\/canoe-kayak-lavernede.com\/wp-content\/uploads\/2021\/04\/2124532-768x513.jpg 768w, https:\/\/canoe-kayak-lavernede.com\/wp-content\/uploads\/2021\/04\/2124532-1536x1025.jpg 1536w\" sizes=\"(max-width: 1600px) 100vw, 1600px\" \/><\/picture>\n\n[\/vc_column][\/vc_row][vc_row][vc_column][vc_column_text css_animation=&#8221;top-to-bottom&#8221;]<\/p>\n<p style=\"text-align: center;\"><span class=\"hashtag_small\" style=\"color: #ff0000;\">From 12 years old<\/span><\/p>\n<p>[\/vc_column_text][vc_single_image image=&#8221;1444&#8243; alignment=&#8221;center&#8221; css_animation=&#8221;bottom-to-top&#8221;][vc_column_text]<\/p>\n<h3><span class=\"titre_2\">Presentation :<br \/>\n<\/span><\/h3>\n<p>[\/vc_column_text][vc_column_text]Full day caving is a complete and unforgettable outing. This adventure is sportive and intense, you will encounter many natural obstacles: abseils of 15 to 35 meters interspersed with galleries, narrow passages, labyrinth, and many other surprises. You will spend about 4 to 5 hours underground with a lunch break.[\/vc_column_text][vc_column_text]<\/p>\n<h3><span class=\"titre_2\">Process :<\/span><\/h3>\n<p>[\/vc_column_text][vc_column_text]<span class=\"txt_noir\">After being taken care of by a state-certified instructor on the site of the Base Canyon de la Besorgues, allow around 15 minutes to walk with no height difference to reach the start of this magnificent Ard\u00e8che canyon.<br \/>\nYou will then follow the water course, making jumps up to 3m (all bypassable) and slides, to arrive at the start of the 90m zip line (avoidable) which will bring you directly to the area around the car park (no return walk).<\/span>[\/vc_column_text][\/vc_column][\/vc_row][vc_row][vc_column width=&#8221;1\/2&#8243;][vc_column_text]<\/p>\n<h3><span class=\"titre_2\">Materials provided :<br \/>\n<\/span><\/h3>\n<p>[\/vc_column_text][vc_column_text]<\/p>\n<ul>\n<li>Helmet with diode (latest generation lighting),<\/li>\n<li>Canvas suit specific to the activity,<\/li>\n<li>Full harness,<\/li>\n<li>Reinforced bag, not waterproof,<\/li>\n<li>6L waterproof container,<\/li>\n<\/ul>\n<p>[\/vc_column_text][vc_column_text]<\/p>\n<h3><span class=\"titre_2\">Equipment to provide :<\/span><\/h3>\n<p>[\/vc_column_text][vc_column_text]<\/p>\n<ul>\n<li>Sneakers or hiking shoes,<\/li>\n<li>Water shoes are strictly prohibited!<\/li>\n<li>Long (comfortable) clothes to put under the wetsuit,<\/li>\n<li>\u00bd L of water per person, Important for the approach walk.<br \/>\nA picnic not fragile (sandwich, energy bars)<\/li>\n<\/ul>\n<p>[\/vc_column_text][\/vc_column][vc_column width=&#8221;1\/2&#8243;][vc_gallery interval=&#8221;3&#8243; images=&#8221;1650,1646,1644,1642,1640,1638,1635&#8243; img_size=&#8221;medium&#8221;][\/vc_column][\/vc_row][vc_row][vc_column][vc_column_text]<\/p>\n<p style=\"text-align: center;\"><span class=\"titre_2 titre_3\" style=\"font-size: 18pt;\"><strong>From 60 \u20ac per person<\/strong><\/span><\/p>\n<p>[\/vc_column_text]<div class=' txt_centre btn_plein_rouge'><a class='lien_btn smoothScroll' href='\/contact\/' ><span><strong>INFORMATION AND REGISTRATION HERE<\/strong><\/span><\/a><\/div>[\/vc_column][\/vc_row]<\/p>\n","protected":false},"excerpt":{"rendered":"<p>[vc_row full_width=&#8221;stretch_row&#8221; el_id=&#8221;breadcrumb&#8221;][vc_column][vc_column_text] [\/vc_column_text][\/vc_column][\/vc_row][vc_row full_width=&#8221;stretch_row&#8221; el_id=&#8221;ban_inte&#8221;][vc_column][vc_column_text] Full day caving in Ard\u00e8che [\/vc_column_text][vc_column_text] #A deep dive into the heart of the underground world [\/vc_column_text][\/vc_column][\/vc_row][vc_row][vc_column][vc_column_text css_animation=&#8221;top-to-bottom&#8221;] From 12 years old [\/vc_column_text][vc_single_image image=&#8221;1444&#8243; alignment=&#8221;center&#8221; css_animation=&#8221;bottom-to-top&#8221;][vc_column_text] Presentation : [\/vc_column_text][vc_column_text]Full day caving is a complete and unforgettable outing. This adventure is sportive and intense, you will encounter many natural obstacles: [&hellip;]<\/p>\n","protected":false},"author":5,"featured_media":1640,"parent":2537,"menu_order":0,"comment_status":"closed","ping_status":"closed","template":"","meta":{"footnotes":""},"class_list":["post-2555","page","type-page","status-publish","has-post-thumbnail"],"yoast_head":"<!-- This site is optimized with the Yoast SEO plugin v24.3 - https:\/\/yoast.com\/wordpress\/plugins\/seo\/ -->\n<title>Full day caving in Ard\u00e8che - LA VERNEDE<\/title>\n<meta name=\"description\" content=\"Full day caving is a complete and unforgettable outing. You will encounter many natural obstacles, abseils and much more !\" \/>\n<meta name=\"robots\" content=\"index, follow, max-snippet:-1, max-image-preview:large, max-video-preview:-1\" \/>\n<link rel=\"canonical\" href=\"https:\/\/canoe-kayak-lavernede.com\/en\/other-activites\/caving-in-ardeche\/full-day-caving-in-ardeche\/\" \/>\n<meta property=\"og:locale\" content=\"en_US\" \/>\n<meta property=\"og:type\" content=\"article\" \/>\n<meta property=\"og:title\" content=\"Full day caving in Ard\u00e8che - LA VERNEDE\" \/>\n<meta property=\"og:description\" content=\"Full day caving is a complete and unforgettable outing. You will encounter many natural obstacles, abseils and much more !\" \/>\n<meta property=\"og:url\" content=\"https:\/\/canoe-kayak-lavernede.com\/en\/other-activites\/caving-in-ardeche\/full-day-caving-in-ardeche\/\" \/>\n<meta property=\"og:site_name\" content=\"LA VERNEDE\" \/>\n<meta property=\"article:modified_time\" content=\"2021-09-18T07:55:50+00:00\" \/>\n<meta property=\"og:image\" content=\"https:\/\/canoe-kayak-lavernede.com\/wp-content\/uploads\/2021\/04\/IMGP2435-1024x768-1.jpg\" \/>\n\t<meta property=\"og:image:width\" content=\"1024\" \/>\n\t<meta property=\"og:image:height\" content=\"768\" \/>\n\t<meta property=\"og:image:type\" content=\"image\/jpeg\" \/>\n<meta name=\"twitter:card\" content=\"summary_large_image\" \/>\n<meta name=\"twitter:label1\" content=\"Est. reading time\" \/>\n\t<meta name=\"twitter:data1\" content=\"2 minutes\" \/>\n<script type=\"application\/ld+json\" class=\"yoast-schema-graph\">{\"@context\":\"https:\/\/schema.org\",\"@graph\":[{\"@type\":\"WebPage\",\"@id\":\"https:\/\/canoe-kayak-lavernede.com\/en\/other-activites\/caving-in-ardeche\/full-day-caving-in-ardeche\/\",\"url\":\"https:\/\/canoe-kayak-lavernede.com\/en\/other-activites\/caving-in-ardeche\/full-day-caving-in-ardeche\/\",\"name\":\"Full day caving in Ard\u00e8che - LA VERNEDE\",\"isPartOf\":{\"@id\":\"https:\/\/canoe-kayak-lavernede.com\/#website\"},\"primaryImageOfPage\":{\"@id\":\"https:\/\/canoe-kayak-lavernede.com\/en\/other-activites\/caving-in-ardeche\/full-day-caving-in-ardeche\/#primaryimage\"},\"image\":{\"@id\":\"https:\/\/canoe-kayak-lavernede.com\/en\/other-activites\/caving-in-ardeche\/full-day-caving-in-ardeche\/#primaryimage\"},\"thumbnailUrl\":\"https:\/\/canoe-kayak-lavernede.com\/wp-content\/uploads\/2021\/04\/IMGP2435-1024x768-1.jpg\",\"datePublished\":\"2021-09-18T07:51:29+00:00\",\"dateModified\":\"2021-09-18T07:55:50+00:00\",\"description\":\"Full day caving is a complete and unforgettable outing. You will encounter many natural obstacles, abseils and much more !\",\"breadcrumb\":{\"@id\":\"https:\/\/canoe-kayak-lavernede.com\/en\/other-activites\/caving-in-ardeche\/full-day-caving-in-ardeche\/#breadcrumb\"},\"inLanguage\":\"en-US\",\"potentialAction\":[{\"@type\":\"ReadAction\",\"target\":[\"https:\/\/canoe-kayak-lavernede.com\/en\/other-activites\/caving-in-ardeche\/full-day-caving-in-ardeche\/\"]}]},{\"@type\":\"ImageObject\",\"inLanguage\":\"en-US\",\"@id\":\"https:\/\/canoe-kayak-lavernede.com\/en\/other-activites\/caving-in-ardeche\/full-day-caving-in-ardeche\/#primaryimage\",\"url\":\"https:\/\/canoe-kayak-lavernede.com\/wp-content\/uploads\/2021\/04\/IMGP2435-1024x768-1.jpg\",\"contentUrl\":\"https:\/\/canoe-kayak-lavernede.com\/wp-content\/uploads\/2021\/04\/IMGP2435-1024x768-1.jpg\",\"width\":1024,\"height\":768,\"caption\":\"Sp\u00e9l\u00e9o Ard\u00e8che Vallon Pont d'Arc\"},{\"@type\":\"BreadcrumbList\",\"@id\":\"https:\/\/canoe-kayak-lavernede.com\/en\/other-activites\/caving-in-ardeche\/full-day-caving-in-ardeche\/#breadcrumb\",\"itemListElement\":[{\"@type\":\"ListItem\",\"position\":1,\"name\":\"Accueil\",\"item\":\"https:\/\/canoe-kayak-lavernede.com\/en\/\"},{\"@type\":\"ListItem\",\"position\":2,\"name\":\"Other activites\",\"item\":\"https:\/\/canoe-kayak-lavernede.com\/en\/other-activites\/\"},{\"@type\":\"ListItem\",\"position\":3,\"name\":\"Caving in Ard\u00e8che\",\"item\":\"https:\/\/canoe-kayak-lavernede.com\/en\/other-activites\/caving-in-ardeche\/\"},{\"@type\":\"ListItem\",\"position\":4,\"name\":\"Full day caving in Ard\u00e8che\"}]},{\"@type\":\"WebSite\",\"@id\":\"https:\/\/canoe-kayak-lavernede.com\/#website\",\"url\":\"https:\/\/canoe-kayak-lavernede.com\/\",\"name\":\"LA VERNEDE\",\"description\":\"\",\"potentialAction\":[{\"@type\":\"SearchAction\",\"target\":{\"@type\":\"EntryPoint\",\"urlTemplate\":\"https:\/\/canoe-kayak-lavernede.com\/?s={search_term_string}\"},\"query-input\":{\"@type\":\"PropertyValueSpecification\",\"valueRequired\":true,\"valueName\":\"search_term_string\"}}],\"inLanguage\":\"en-US\"}]}<\/script>\n<!-- \/ Yoast SEO plugin. -->","yoast_head_json":{"title":"Full day caving in Ard\u00e8che - LA VERNEDE","description":"Full day caving is a complete and unforgettable outing. You will encounter many natural obstacles, abseils and much more !","robots":{"index":"index","follow":"follow","max-snippet":"max-snippet:-1","max-image-preview":"max-image-preview:large","max-video-preview":"max-video-preview:-1"},"canonical":"https:\/\/canoe-kayak-lavernede.com\/en\/other-activites\/caving-in-ardeche\/full-day-caving-in-ardeche\/","og_locale":"en_US","og_type":"article","og_title":"Full day caving in Ard\u00e8che - LA VERNEDE","og_description":"Full day caving is a complete and unforgettable outing. You will encounter many natural obstacles, abseils and much more !","og_url":"https:\/\/canoe-kayak-lavernede.com\/en\/other-activites\/caving-in-ardeche\/full-day-caving-in-ardeche\/","og_site_name":"LA VERNEDE","article_modified_time":"2021-09-18T07:55:50+00:00","og_image":[{"width":1024,"height":768,"url":"https:\/\/canoe-kayak-lavernede.com\/wp-content\/uploads\/2021\/04\/IMGP2435-1024x768-1.jpg","type":"image\/jpeg"}],"twitter_card":"summary_large_image","twitter_misc":{"Est. reading time":"2 minutes"},"schema":{"@context":"https:\/\/schema.org","@graph":[{"@type":"WebPage","@id":"https:\/\/canoe-kayak-lavernede.com\/en\/other-activites\/caving-in-ardeche\/full-day-caving-in-ardeche\/","url":"https:\/\/canoe-kayak-lavernede.com\/en\/other-activites\/caving-in-ardeche\/full-day-caving-in-ardeche\/","name":"Full day caving in Ard\u00e8che - LA VERNEDE","isPartOf":{"@id":"https:\/\/canoe-kayak-lavernede.com\/#website"},"primaryImageOfPage":{"@id":"https:\/\/canoe-kayak-lavernede.com\/en\/other-activites\/caving-in-ardeche\/full-day-caving-in-ardeche\/#primaryimage"},"image":{"@id":"https:\/\/canoe-kayak-lavernede.com\/en\/other-activites\/caving-in-ardeche\/full-day-caving-in-ardeche\/#primaryimage"},"thumbnailUrl":"https:\/\/canoe-kayak-lavernede.com\/wp-content\/uploads\/2021\/04\/IMGP2435-1024x768-1.jpg","datePublished":"2021-09-18T07:51:29+00:00","dateModified":"2021-09-18T07:55:50+00:00","description":"Full day caving is a complete and unforgettable outing. You will encounter many natural obstacles, abseils and much more !","breadcrumb":{"@id":"https:\/\/canoe-kayak-lavernede.com\/en\/other-activites\/caving-in-ardeche\/full-day-caving-in-ardeche\/#breadcrumb"},"inLanguage":"en-US","potentialAction":[{"@type":"ReadAction","target":["https:\/\/canoe-kayak-lavernede.com\/en\/other-activites\/caving-in-ardeche\/full-day-caving-in-ardeche\/"]}]},{"@type":"ImageObject","inLanguage":"en-US","@id":"https:\/\/canoe-kayak-lavernede.com\/en\/other-activites\/caving-in-ardeche\/full-day-caving-in-ardeche\/#primaryimage","url":"https:\/\/canoe-kayak-lavernede.com\/wp-content\/uploads\/2021\/04\/IMGP2435-1024x768-1.jpg","contentUrl":"https:\/\/canoe-kayak-lavernede.com\/wp-content\/uploads\/2021\/04\/IMGP2435-1024x768-1.jpg","width":1024,"height":768,"caption":"Sp\u00e9l\u00e9o Ard\u00e8che Vallon Pont d'Arc"},{"@type":"BreadcrumbList","@id":"https:\/\/canoe-kayak-lavernede.com\/en\/other-activites\/caving-in-ardeche\/full-day-caving-in-ardeche\/#breadcrumb","itemListElement":[{"@type":"ListItem","position":1,"name":"Accueil","item":"https:\/\/canoe-kayak-lavernede.com\/en\/"},{"@type":"ListItem","position":2,"name":"Other activites","item":"https:\/\/canoe-kayak-lavernede.com\/en\/other-activites\/"},{"@type":"ListItem","position":3,"name":"Caving in Ard\u00e8che","item":"https:\/\/canoe-kayak-lavernede.com\/en\/other-activites\/caving-in-ardeche\/"},{"@type":"ListItem","position":4,"name":"Full day caving in Ard\u00e8che"}]},{"@type":"WebSite","@id":"https:\/\/canoe-kayak-lavernede.com\/#website","url":"https:\/\/canoe-kayak-lavernede.com\/","name":"LA VERNEDE","description":"","potentialAction":[{"@type":"SearchAction","target":{"@type":"EntryPoint","urlTemplate":"https:\/\/canoe-kayak-lavernede.com\/?s={search_term_string}"},"query-input":{"@type":"PropertyValueSpecification","valueRequired":true,"valueName":"search_term_string"}}],"inLanguage":"en-US"}]}},"_links":{"self":[{"href":"https:\/\/canoe-kayak-lavernede.com\/en\/wp-json\/wp\/v2\/pages\/2555"}],"collection":[{"href":"https:\/\/canoe-kayak-lavernede.com\/en\/wp-json\/wp\/v2\/pages"}],"about":[{"href":"https:\/\/canoe-kayak-lavernede.com\/en\/wp-json\/wp\/v2\/types\/page"}],"author":[{"embeddable":true,"href":"https:\/\/canoe-kayak-lavernede.com\/en\/wp-json\/wp\/v2\/users\/5"}],"replies":[{"embeddable":true,"href":"https:\/\/canoe-kayak-lavernede.com\/en\/wp-json\/wp\/v2\/comments?post=2555"}],"version-history":[{"count":2,"href":"https:\/\/canoe-kayak-lavernede.com\/en\/wp-json\/wp\/v2\/pages\/2555\/revisions"}],"predecessor-version":[{"id":2559,"href":"https:\/\/canoe-kayak-lavernede.com\/en\/wp-json\/wp\/v2\/pages\/2555\/revisions\/2559"}],"up":[{"embeddable":true,"href":"https:\/\/canoe-kayak-lavernede.com\/en\/wp-json\/wp\/v2\/pages\/2537"}],"wp:featuredmedia":[{"embeddable":true,"href":"https:\/\/canoe-kayak-lavernede.com\/en\/wp-json\/wp\/v2\/media\/1640"}],"wp:attachment":[{"href":"https:\/\/canoe-kayak-lavernede.com\/en\/wp-json\/wp\/v2\/media?parent=2555"}],"curies":[{"name":"wp","href":"https:\/\/api.w.org\/{rel}","templated":true}]}}