{"id":2540,"date":"2021-09-18T09:35:44","date_gmt":"2021-09-18T07:35:44","guid":{"rendered":"https:\/\/www.canoe-kayak-lavernede.com\/?page_id=2540"},"modified":"2021-09-18T09:35:45","modified_gmt":"2021-09-18T07:35:45","slug":"half-day-caving-in-ardeche","status":"publish","type":"page","link":"https:\/\/canoe-kayak-lavernede.com\/en\/other-activites\/caving-in-ardeche\/half-day-caving-in-ardeche\/","title":{"rendered":"Half day caving in Ard\u00e8che"},"content":{"rendered":"<p>[vc_row full_width=&#8221;stretch_row&#8221; el_id=&#8221;breadcrumb&#8221;][vc_column][vc_column_text]<span><span><a href=\"https:\/\/canoe-kayak-lavernede.com\/en\/\">Accueil<\/a><\/span><\/span><\/p>\n<p>[\/vc_column_text][\/vc_column][\/vc_row][vc_row full_width=&#8221;stretch_row&#8221; el_id=&#8221;ban_inte&#8221;][vc_column][vc_column_text]<\/p>\n<h1 style=\"text-align: center;\"><span class=\"titre_1\">Half-day caving<br \/>\nin Ard\u00e8che<\/span><\/h1>\n<p>[\/vc_column_text][vc_column_text]<\/p>\n<h2 style=\"text-align: center;\"><span class=\"hashtag_small\">#Discover a hidden world<\/span><\/h2>\n<p>[\/vc_column_text]\n\n<picture class=\"ImgBG \" style=\"position: absolute; width: 100%; height:100%; top: 0; left:0; z-index: -2;\">\n    <img decoding=\"async\" width=\"1797\" height=\"797\" src=\"https:\/\/canoe-kayak-lavernede.com\/wp-content\/uploads\/2021\/04\/Bandeau-speleo-demi-journee.jpg\" class=\"attachment-full size-full\" alt=\"Sp\u00e9l\u00e9o Ard\u00e8che Vallon Pont d&#039;Arc\" srcset=\"https:\/\/canoe-kayak-lavernede.com\/wp-content\/uploads\/2021\/04\/Bandeau-speleo-demi-journee.jpg 1797w, https:\/\/canoe-kayak-lavernede.com\/wp-content\/uploads\/2021\/04\/Bandeau-speleo-demi-journee-780x346.jpg 780w, https:\/\/canoe-kayak-lavernede.com\/wp-content\/uploads\/2021\/04\/Bandeau-speleo-demi-journee-768x341.jpg 768w, https:\/\/canoe-kayak-lavernede.com\/wp-content\/uploads\/2021\/04\/Bandeau-speleo-demi-journee-1536x681.jpg 1536w\" sizes=\"(max-width: 1797px) 100vw, 1797px\" \/><\/picture>\n\n[\/vc_column][\/vc_row][vc_row][vc_column][vc_column_text css_animation=&#8221;top-to-bottom&#8221;]<\/p>\n<p style=\"text-align: center;\"><span class=\"hashtag_small txt_rouge\">Accessible from 8 years old. Children aged 8 to 10 need parents to help them in their progress.<\/span><\/p>\n<p style=\"text-align: center;\"><span class=\"hashtag_small\" style=\"color: #ff0000;\">\u00a0<\/span><\/p>\n<p>[\/vc_column_text][vc_single_image image=&#8221;1448&#8243; alignment=&#8221;center&#8221; css_animation=&#8221;bottom-to-top&#8221;][vc_column_text]<\/p>\n<h3><span class=\"titre_2\">Presentation :<br \/>\n<\/span><\/h3>\n<p>[\/vc_column_text][vc_column_text]<\/p>\n<p style=\"text-align: justify;\"><span class=\"txt_noir\">For half a day, you will progress in an easily accessible cave, supervised by a professional and passionate instructor. You will discover a fascinating underground world through corridors, slight narrowings, easy rope techniques and impressive rooms.<\/span><\/p>\n<p>[\/vc_column_text][vc_column_text]<\/p>\n<h3><span class=\"titre_2\">Process :<\/span><\/h3>\n<p>[\/vc_column_text][vc_column_text]<span class=\"txt_noir\">Les inscriptions se font<u> <\/u>le plus t\u00f4t possible. <strong>Attention<\/strong> il ne peut y avoir que 9 inscrits par sortie.<br \/>\nUne fois pris en charge et \u00e9quip\u00e9 par notre moniteur vous serez conduit jusqu\u2019\u00e0 l&#8217;entr\u00e9e de la grotte (5 min de route + 20 min de marche d&#8217;approche) ou l&#8217;activit\u00e9 se d\u00e9roulera.<\/span>[\/vc_column_text][\/vc_column][\/vc_row][vc_row][vc_column width=&#8221;1\/2&#8243;][vc_column_text]<\/p>\n<h3><span class=\"titre_2\">Materials provided :<\/span><\/h3>\n<p>[\/vc_column_text][vc_column_text]<\/p>\n<ul>\n<li>Helmet with diode (latest generation lighting)<\/li>\n<li>Activity-specific canvas coverall<\/li>\n<li>Full harness<\/li>\n<\/ul>\n<p>[\/vc_column_text][vc_column_text]<\/p>\n<h3><span class=\"titre_2\">Equipment to provide :<\/span><\/h3>\n<p>[\/vc_column_text][vc_column_text]<\/p>\n<ul>\n<li>Sneakers or hiking shoes, Water shoes are strictly prohibited!<\/li>\n<li>Long (comfortable) clothes to put under the wetsuit<\/li>\n<li>\u00bd L of water per person, Important for the approach walk! <span style=\"text-decoration: underline;\"><strong>No valuables, neither with you nor in the cars.<\/strong><\/span><\/li>\n<\/ul>\n<p>[\/vc_column_text][\/vc_column][vc_column width=&#8221;1\/2&#8243;][vc_gallery interval=&#8221;3&#8243; images=&#8221;1638,1640,1642,1644,1646&#8243; img_size=&#8221;medium&#8221;][\/vc_column][\/vc_row][vc_row][vc_column][vc_column_text]<\/p>\n<p style=\"text-align: center;\"><span class=\"titre_2 titre_3\" style=\"font-size: 18pt;\"><strong>From 44 \u20ac<\/strong><\/span><\/p>\n<p>[\/vc_column_text]<div class=' txt_centre btn_plein_rouge'><a class='lien_btn smoothScroll' href='\/contact\/' ><span><strong>INFORMATION AND REGISTRATION HERE<\/strong><\/span><\/a><\/div>[\/vc_column][\/vc_row]<\/p>\n","protected":false},"excerpt":{"rendered":"<p>[vc_row full_width=&#8221;stretch_row&#8221; el_id=&#8221;breadcrumb&#8221;][vc_column][vc_column_text] [\/vc_column_text][\/vc_column][\/vc_row][vc_row full_width=&#8221;stretch_row&#8221; el_id=&#8221;ban_inte&#8221;][vc_column][vc_column_text] Half-day caving in Ard\u00e8che [\/vc_column_text][vc_column_text] #Discover a hidden world [\/vc_column_text][\/vc_column][\/vc_row][vc_row][vc_column][vc_column_text css_animation=&#8221;top-to-bottom&#8221;] Accessible from 8 years old. Children aged 8 to 10 need parents to help them in their progress. \u00a0 [\/vc_column_text][vc_single_image image=&#8221;1448&#8243; alignment=&#8221;center&#8221; css_animation=&#8221;bottom-to-top&#8221;][vc_column_text] Presentation : [\/vc_column_text][vc_column_text] For half a day, you will progress in an easily accessible cave, [&hellip;]<\/p>\n","protected":false},"author":5,"featured_media":1650,"parent":2537,"menu_order":0,"comment_status":"closed","ping_status":"closed","template":"","meta":{"footnotes":""},"class_list":["post-2540","page","type-page","status-publish","has-post-thumbnail"],"yoast_head":"<!-- This site is optimized with the Yoast SEO plugin v24.3 - https:\/\/yoast.com\/wordpress\/plugins\/seo\/ -->\n<title>Half day caving in Ard\u00e8che - LA VERNEDE<\/title>\n<meta name=\"description\" content=\"Supervised by a passionate instructor you will discover a fascinating underground world through corridors, slight narrowings, and more !\" \/>\n<meta name=\"robots\" content=\"index, follow, max-snippet:-1, max-image-preview:large, max-video-preview:-1\" \/>\n<link rel=\"canonical\" href=\"https:\/\/canoe-kayak-lavernede.com\/en\/other-activites\/caving-in-ardeche\/half-day-caving-in-ardeche\/\" \/>\n<meta property=\"og:locale\" content=\"en_US\" \/>\n<meta property=\"og:type\" content=\"article\" \/>\n<meta property=\"og:title\" content=\"Half day caving in Ard\u00e8che - LA VERNEDE\" \/>\n<meta property=\"og:description\" content=\"Supervised by a passionate instructor you will discover a fascinating underground world through corridors, slight narrowings, and more !\" \/>\n<meta property=\"og:url\" content=\"https:\/\/canoe-kayak-lavernede.com\/en\/other-activites\/caving-in-ardeche\/half-day-caving-in-ardeche\/\" \/>\n<meta property=\"og:site_name\" content=\"LA VERNEDE\" \/>\n<meta property=\"article:modified_time\" content=\"2021-09-18T07:35:45+00:00\" \/>\n<meta property=\"og:image\" content=\"https:\/\/canoe-kayak-lavernede.com\/wp-content\/uploads\/2021\/04\/2124532.jpg\" \/>\n\t<meta property=\"og:image:width\" content=\"1600\" \/>\n\t<meta property=\"og:image:height\" content=\"1068\" \/>\n\t<meta property=\"og:image:type\" content=\"image\/jpeg\" \/>\n<meta name=\"twitter:card\" content=\"summary_large_image\" \/>\n<meta name=\"twitter:label1\" content=\"Est. reading time\" \/>\n\t<meta name=\"twitter:data1\" content=\"2 minutes\" \/>\n<script type=\"application\/ld+json\" class=\"yoast-schema-graph\">{\"@context\":\"https:\/\/schema.org\",\"@graph\":[{\"@type\":\"WebPage\",\"@id\":\"https:\/\/canoe-kayak-lavernede.com\/en\/other-activites\/caving-in-ardeche\/half-day-caving-in-ardeche\/\",\"url\":\"https:\/\/canoe-kayak-lavernede.com\/en\/other-activites\/caving-in-ardeche\/half-day-caving-in-ardeche\/\",\"name\":\"Half day caving in Ard\u00e8che - LA VERNEDE\",\"isPartOf\":{\"@id\":\"https:\/\/canoe-kayak-lavernede.com\/#website\"},\"primaryImageOfPage\":{\"@id\":\"https:\/\/canoe-kayak-lavernede.com\/en\/other-activites\/caving-in-ardeche\/half-day-caving-in-ardeche\/#primaryimage\"},\"image\":{\"@id\":\"https:\/\/canoe-kayak-lavernede.com\/en\/other-activites\/caving-in-ardeche\/half-day-caving-in-ardeche\/#primaryimage\"},\"thumbnailUrl\":\"https:\/\/canoe-kayak-lavernede.com\/wp-content\/uploads\/2021\/04\/2124532.jpg\",\"datePublished\":\"2021-09-18T07:35:44+00:00\",\"dateModified\":\"2021-09-18T07:35:45+00:00\",\"description\":\"Supervised by a passionate instructor you will discover a fascinating underground world through corridors, slight narrowings, and more !\",\"breadcrumb\":{\"@id\":\"https:\/\/canoe-kayak-lavernede.com\/en\/other-activites\/caving-in-ardeche\/half-day-caving-in-ardeche\/#breadcrumb\"},\"inLanguage\":\"en-US\",\"potentialAction\":[{\"@type\":\"ReadAction\",\"target\":[\"https:\/\/canoe-kayak-lavernede.com\/en\/other-activites\/caving-in-ardeche\/half-day-caving-in-ardeche\/\"]}]},{\"@type\":\"ImageObject\",\"inLanguage\":\"en-US\",\"@id\":\"https:\/\/canoe-kayak-lavernede.com\/en\/other-activites\/caving-in-ardeche\/half-day-caving-in-ardeche\/#primaryimage\",\"url\":\"https:\/\/canoe-kayak-lavernede.com\/wp-content\/uploads\/2021\/04\/2124532.jpg\",\"contentUrl\":\"https:\/\/canoe-kayak-lavernede.com\/wp-content\/uploads\/2021\/04\/2124532.jpg\",\"width\":1600,\"height\":1068,\"caption\":\"Sp\u00e9l\u00e9o Ard\u00e8che Vallon Pont d'Arc\"},{\"@type\":\"BreadcrumbList\",\"@id\":\"https:\/\/canoe-kayak-lavernede.com\/en\/other-activites\/caving-in-ardeche\/half-day-caving-in-ardeche\/#breadcrumb\",\"itemListElement\":[{\"@type\":\"ListItem\",\"position\":1,\"name\":\"Accueil\",\"item\":\"https:\/\/canoe-kayak-lavernede.com\/en\/\"},{\"@type\":\"ListItem\",\"position\":2,\"name\":\"Other activites\",\"item\":\"https:\/\/canoe-kayak-lavernede.com\/en\/other-activites\/\"},{\"@type\":\"ListItem\",\"position\":3,\"name\":\"Caving in Ard\u00e8che\",\"item\":\"https:\/\/canoe-kayak-lavernede.com\/en\/other-activites\/caving-in-ardeche\/\"},{\"@type\":\"ListItem\",\"position\":4,\"name\":\"Half day caving in Ard\u00e8che\"}]},{\"@type\":\"WebSite\",\"@id\":\"https:\/\/canoe-kayak-lavernede.com\/#website\",\"url\":\"https:\/\/canoe-kayak-lavernede.com\/\",\"name\":\"LA VERNEDE\",\"description\":\"\",\"potentialAction\":[{\"@type\":\"SearchAction\",\"target\":{\"@type\":\"EntryPoint\",\"urlTemplate\":\"https:\/\/canoe-kayak-lavernede.com\/?s={search_term_string}\"},\"query-input\":{\"@type\":\"PropertyValueSpecification\",\"valueRequired\":true,\"valueName\":\"search_term_string\"}}],\"inLanguage\":\"en-US\"}]}<\/script>\n<!-- \/ Yoast SEO plugin. -->","yoast_head_json":{"title":"Half day caving in Ard\u00e8che - LA VERNEDE","description":"Supervised by a passionate instructor you will discover a fascinating underground world through corridors, slight narrowings, and more !","robots":{"index":"index","follow":"follow","max-snippet":"max-snippet:-1","max-image-preview":"max-image-preview:large","max-video-preview":"max-video-preview:-1"},"canonical":"https:\/\/canoe-kayak-lavernede.com\/en\/other-activites\/caving-in-ardeche\/half-day-caving-in-ardeche\/","og_locale":"en_US","og_type":"article","og_title":"Half day caving in Ard\u00e8che - LA VERNEDE","og_description":"Supervised by a passionate instructor you will discover a fascinating underground world through corridors, slight narrowings, and more !","og_url":"https:\/\/canoe-kayak-lavernede.com\/en\/other-activites\/caving-in-ardeche\/half-day-caving-in-ardeche\/","og_site_name":"LA VERNEDE","article_modified_time":"2021-09-18T07:35:45+00:00","og_image":[{"width":1600,"height":1068,"url":"https:\/\/canoe-kayak-lavernede.com\/wp-content\/uploads\/2021\/04\/2124532.jpg","type":"image\/jpeg"}],"twitter_card":"summary_large_image","twitter_misc":{"Est. reading time":"2 minutes"},"schema":{"@context":"https:\/\/schema.org","@graph":[{"@type":"WebPage","@id":"https:\/\/canoe-kayak-lavernede.com\/en\/other-activites\/caving-in-ardeche\/half-day-caving-in-ardeche\/","url":"https:\/\/canoe-kayak-lavernede.com\/en\/other-activites\/caving-in-ardeche\/half-day-caving-in-ardeche\/","name":"Half day caving in Ard\u00e8che - LA VERNEDE","isPartOf":{"@id":"https:\/\/canoe-kayak-lavernede.com\/#website"},"primaryImageOfPage":{"@id":"https:\/\/canoe-kayak-lavernede.com\/en\/other-activites\/caving-in-ardeche\/half-day-caving-in-ardeche\/#primaryimage"},"image":{"@id":"https:\/\/canoe-kayak-lavernede.com\/en\/other-activites\/caving-in-ardeche\/half-day-caving-in-ardeche\/#primaryimage"},"thumbnailUrl":"https:\/\/canoe-kayak-lavernede.com\/wp-content\/uploads\/2021\/04\/2124532.jpg","datePublished":"2021-09-18T07:35:44+00:00","dateModified":"2021-09-18T07:35:45+00:00","description":"Supervised by a passionate instructor you will discover a fascinating underground world through corridors, slight narrowings, and more !","breadcrumb":{"@id":"https:\/\/canoe-kayak-lavernede.com\/en\/other-activites\/caving-in-ardeche\/half-day-caving-in-ardeche\/#breadcrumb"},"inLanguage":"en-US","potentialAction":[{"@type":"ReadAction","target":["https:\/\/canoe-kayak-lavernede.com\/en\/other-activites\/caving-in-ardeche\/half-day-caving-in-ardeche\/"]}]},{"@type":"ImageObject","inLanguage":"en-US","@id":"https:\/\/canoe-kayak-lavernede.com\/en\/other-activites\/caving-in-ardeche\/half-day-caving-in-ardeche\/#primaryimage","url":"https:\/\/canoe-kayak-lavernede.com\/wp-content\/uploads\/2021\/04\/2124532.jpg","contentUrl":"https:\/\/canoe-kayak-lavernede.com\/wp-content\/uploads\/2021\/04\/2124532.jpg","width":1600,"height":1068,"caption":"Sp\u00e9l\u00e9o Ard\u00e8che Vallon Pont d'Arc"},{"@type":"BreadcrumbList","@id":"https:\/\/canoe-kayak-lavernede.com\/en\/other-activites\/caving-in-ardeche\/half-day-caving-in-ardeche\/#breadcrumb","itemListElement":[{"@type":"ListItem","position":1,"name":"Accueil","item":"https:\/\/canoe-kayak-lavernede.com\/en\/"},{"@type":"ListItem","position":2,"name":"Other activites","item":"https:\/\/canoe-kayak-lavernede.com\/en\/other-activites\/"},{"@type":"ListItem","position":3,"name":"Caving in Ard\u00e8che","item":"https:\/\/canoe-kayak-lavernede.com\/en\/other-activites\/caving-in-ardeche\/"},{"@type":"ListItem","position":4,"name":"Half day caving in Ard\u00e8che"}]},{"@type":"WebSite","@id":"https:\/\/canoe-kayak-lavernede.com\/#website","url":"https:\/\/canoe-kayak-lavernede.com\/","name":"LA VERNEDE","description":"","potentialAction":[{"@type":"SearchAction","target":{"@type":"EntryPoint","urlTemplate":"https:\/\/canoe-kayak-lavernede.com\/?s={search_term_string}"},"query-input":{"@type":"PropertyValueSpecification","valueRequired":true,"valueName":"search_term_string"}}],"inLanguage":"en-US"}]}},"_links":{"self":[{"href":"https:\/\/canoe-kayak-lavernede.com\/en\/wp-json\/wp\/v2\/pages\/2540"}],"collection":[{"href":"https:\/\/canoe-kayak-lavernede.com\/en\/wp-json\/wp\/v2\/pages"}],"about":[{"href":"https:\/\/canoe-kayak-lavernede.com\/en\/wp-json\/wp\/v2\/types\/page"}],"author":[{"embeddable":true,"href":"https:\/\/canoe-kayak-lavernede.com\/en\/wp-json\/wp\/v2\/users\/5"}],"replies":[{"embeddable":true,"href":"https:\/\/canoe-kayak-lavernede.com\/en\/wp-json\/wp\/v2\/comments?post=2540"}],"version-history":[{"count":2,"href":"https:\/\/canoe-kayak-lavernede.com\/en\/wp-json\/wp\/v2\/pages\/2540\/revisions"}],"predecessor-version":[{"id":2554,"href":"https:\/\/canoe-kayak-lavernede.com\/en\/wp-json\/wp\/v2\/pages\/2540\/revisions\/2554"}],"up":[{"embeddable":true,"href":"https:\/\/canoe-kayak-lavernede.com\/en\/wp-json\/wp\/v2\/pages\/2537"}],"wp:featuredmedia":[{"embeddable":true,"href":"https:\/\/canoe-kayak-lavernede.com\/en\/wp-json\/wp\/v2\/media\/1650"}],"wp:attachment":[{"href":"https:\/\/canoe-kayak-lavernede.com\/en\/wp-json\/wp\/v2\/media?parent=2540"}],"curies":[{"name":"wp","href":"https:\/\/api.w.org\/{rel}","templated":true}]}}