{"id":2537,"date":"2021-09-18T08:57:15","date_gmt":"2021-09-18T06:57:15","guid":{"rendered":"https:\/\/www.canoe-kayak-lavernede.com\/?page_id=2537"},"modified":"2021-09-18T09:02:28","modified_gmt":"2021-09-18T07:02:28","slug":"caving-in-ardeche","status":"publish","type":"page","link":"https:\/\/canoe-kayak-lavernede.com\/en\/other-activites\/caving-in-ardeche\/","title":{"rendered":"Caving in Ard\u00e8che"},"content":{"rendered":"<p>[vc_row full_width=&#8221;stretch_row&#8221; el_id=&#8221;breadcrumb&#8221;][vc_column][vc_column_text]<span><span><a href=\"https:\/\/canoe-kayak-lavernede.com\/en\/\">Accueil<\/a><\/span><\/span><\/p>\n<p>[\/vc_column_text][\/vc_column][\/vc_row][vc_row full_width=&#8221;stretch_row&#8221; el_id=&#8221;ban_inte&#8221;][vc_column][vc_column_text]<\/p>\n<h1 style=\"text-align: center;\"><span class=\"titre_1\"><strong>Caving in Ard\u00e8che<\/strong><\/span><\/h1>\n<p>[\/vc_column_text][vc_column_text]<\/p>\n<p style=\"text-align: center;\"><span class=\"hashtag_small\">#The hidden face of nature<br \/>\n<\/span><\/p>\n<p>[\/vc_column_text]\n\n<picture class=\"ImgBG \" style=\"position: absolute; width: 100%; height:100%; top: 0; left:0; z-index: -2;\">\n    <img decoding=\"async\" width=\"1797\" height=\"797\" src=\"https:\/\/canoe-kayak-lavernede.com\/wp-content\/uploads\/2021\/04\/Bandeau-speleo-demi-journee.jpg\" class=\"attachment-full size-full\" alt=\"Sp\u00e9l\u00e9o Ard\u00e8che Vallon Pont d&#039;Arc\" srcset=\"https:\/\/canoe-kayak-lavernede.com\/wp-content\/uploads\/2021\/04\/Bandeau-speleo-demi-journee.jpg 1797w, https:\/\/canoe-kayak-lavernede.com\/wp-content\/uploads\/2021\/04\/Bandeau-speleo-demi-journee-780x346.jpg 780w, https:\/\/canoe-kayak-lavernede.com\/wp-content\/uploads\/2021\/04\/Bandeau-speleo-demi-journee-768x341.jpg 768w, https:\/\/canoe-kayak-lavernede.com\/wp-content\/uploads\/2021\/04\/Bandeau-speleo-demi-journee-1536x681.jpg 1536w\" sizes=\"(max-width: 1797px) 100vw, 1797px\" \/><\/picture>\n\n[\/vc_column][\/vc_row][vc_row][vc_column][vc_column_text]<\/p>\n<h2><span class=\"titre_2\" style=\"font-size: 24pt;\">Caving in Ard\u00e8che<\/span><\/h2>\n<p>[\/vc_column_text][vc_column_text]Caving in Ard\u00e8che is an ideal adventure for people in love with nature and for those wishing to surpass themselves in a totally unknown environment. Between sport and culture, our caving adventure in Ard\u00e8che can be experienced alone, with family or friends. Accessible to beginners and experts in speleology, this activity invites you to conquer the Ard\u00e8che underground world and familiarize yourself with this universe made of stalactites and stalagmites. On the program: the discovery of an environment shaped by nature where silence is required, the conquest of caves and entirely natural underground cavities, the exploration of the Ard\u00e8che seen from the inside and the crossing of obstacles various and varied for an experience rich in sensations!<\/p>\n<p>Caving in the Ard\u00e8che is an adventure that you will never forget. We adapt to your desires by offering two different formulas: caving over a half-day and that over a day.[\/vc_column_text][\/vc_column][\/vc_row][vc_row][vc_column][vc_column_text]<\/p>\n<h3 style=\"text-align: left;\"><span class=\"titre_3\" style=\"font-size: 18pt;\">Half-day caving<\/span><\/h3>\n<p>[\/vc_column_text][\/vc_column][\/vc_row][vc_row][vc_column width=&#8221;1\/2&#8243;][vc_column_text]Have you never done caving? Do you want to discover this activity with your children? Our half-day caving formula in Ard\u00e8che is the one for you! Ideal for an introduction to caving, our half-day formula will allow you to unravel all the secrets of the Ard\u00e8che subsoil and to share a unique moment with your family.<\/p>\n<p>Your adventure will begin with a walk of about twenty minutes, then continue with the conquest of a suitable cavity. Throughout your journey, you will discover a unique underground world and overcome all kinds of obstacles that will come your way (narrow sections, passageways of rooms, wells and many more).<\/p>\n<p>The half-day caving formula in Ard\u00e8che is accessible to children from 7 years old.[\/vc_column_text]<div class=' txt_centre btn_plein_rouge'><a class='lien_btn smoothScroll' href='\/autres-activites-nature\/speleologie\/demi-journee\/' ><span>Find out more about half-day caving<\/span><\/a><\/div>[\/vc_column][vc_column width=&#8221;1\/2&#8243;][vc_single_image image=&#8221;1646&#8243; alignment=&#8221;center&#8221;][\/vc_column][\/vc_row][vc_row css=&#8221;.vc_custom_1619605673457{border-top-width: 1px !important;border-top-color: #e2e2e2 !important;border-top-style: solid !important;border-radius: 1px !important;}&#8221;][vc_column][vc_column_text]<\/p>\n<h3><span class=\"titre_3\" style=\"font-size: 18pt;\">Full day caving<\/span><\/h3>\n<p>[\/vc_column_text][\/vc_column][\/vc_row][vc_row][vc_column width=&#8221;1\/2&#8243;][vc_column_text]Do you want to spend a whole day in the heart of the Ard\u00e8che subsoil? Our full day caving formula is made for you! Throughout your caving day, you will be immersed in the heart of Ard\u00e8che history and will discover magnificent cavities marked by ancestral decoration, created over time by nature itself.<\/p>\n<p>Are you interested in a caving trip in Ard\u00e8che? Register as early as possible to reserve your place. Our caving activity in Ard\u00e8che is suitable for people with good physical ability as well as children from 7 years old.<\/p>\n<p>If you are ready to travel back in time to the depths of the Ard\u00e8che Earth, book your caving activity in Ard\u00e8che now. Do you need additional information? You can contact us by phone or via our contact form on our website. We will be able to give you all the essential information to book and live your caving day in Ard\u00e8che as it should be.[\/vc_column_text]<div class=' txt_centre btn_plein_rouge'><a class='lien_btn smoothScroll' href='\/autres-activites-nature\/speleologie\/journee\/' ><span>Find out more about full day caving<\/span><\/a><\/div>[\/vc_column][vc_column width=&#8221;1\/2&#8243;][vc_single_image image=&#8221;1650&#8243; alignment=&#8221;center&#8221;][\/vc_column][\/vc_row]<\/p>\n","protected":false},"excerpt":{"rendered":"<p>[vc_row full_width=&#8221;stretch_row&#8221; el_id=&#8221;breadcrumb&#8221;][vc_column][vc_column_text] [\/vc_column_text][\/vc_column][\/vc_row][vc_row full_width=&#8221;stretch_row&#8221; el_id=&#8221;ban_inte&#8221;][vc_column][vc_column_text] Caving in Ard\u00e8che [\/vc_column_text][vc_column_text] #The hidden face of nature [\/vc_column_text][\/vc_column][\/vc_row][vc_row][vc_column][vc_column_text] Caving in Ard\u00e8che [\/vc_column_text][vc_column_text]Caving in Ard\u00e8che is an ideal adventure for people in love with nature and for those wishing to surpass themselves in a totally unknown environment. Between sport and culture, our caving adventure in Ard\u00e8che can be [&hellip;]<\/p>\n","protected":false},"author":5,"featured_media":1644,"parent":2120,"menu_order":0,"comment_status":"closed","ping_status":"closed","template":"","meta":{"footnotes":""},"class_list":["post-2537","page","type-page","status-publish","has-post-thumbnail"],"yoast_head":"<!-- This site is optimized with the Yoast SEO plugin v24.3 - https:\/\/yoast.com\/wordpress\/plugins\/seo\/ -->\n<title>Caving in Ard\u00e8che - LA VERNEDE<\/title>\n<meta name=\"description\" content=\"Caving in Ard\u00e8che is an ideal adventure for people in love with nature and for those wishing to discover an amazing hidden environment.\" \/>\n<meta name=\"robots\" content=\"index, follow, max-snippet:-1, max-image-preview:large, max-video-preview:-1\" \/>\n<link rel=\"canonical\" href=\"https:\/\/canoe-kayak-lavernede.com\/en\/other-activites\/caving-in-ardeche\/\" \/>\n<meta property=\"og:locale\" content=\"en_US\" \/>\n<meta property=\"og:type\" content=\"article\" \/>\n<meta property=\"og:title\" content=\"Caving in Ard\u00e8che - LA VERNEDE\" \/>\n<meta property=\"og:description\" content=\"Caving in Ard\u00e8che is an ideal adventure for people in love with nature and for those wishing to discover an amazing hidden environment.\" \/>\n<meta property=\"og:url\" content=\"https:\/\/canoe-kayak-lavernede.com\/en\/other-activites\/caving-in-ardeche\/\" \/>\n<meta property=\"og:site_name\" content=\"LA VERNEDE\" \/>\n<meta property=\"article:modified_time\" content=\"2021-09-18T07:02:28+00:00\" \/>\n<meta property=\"og:image\" content=\"https:\/\/canoe-kayak-lavernede.com\/wp-content\/uploads\/2021\/04\/SP-16-0169.jpg\" \/>\n\t<meta property=\"og:image:width\" content=\"1800\" \/>\n\t<meta property=\"og:image:height\" content=\"1200\" \/>\n\t<meta property=\"og:image:type\" content=\"image\/jpeg\" \/>\n<meta name=\"twitter:card\" content=\"summary_large_image\" \/>\n<meta name=\"twitter:label1\" content=\"Est. reading time\" \/>\n\t<meta name=\"twitter:data1\" content=\"4 minutes\" \/>\n<script type=\"application\/ld+json\" class=\"yoast-schema-graph\">{\"@context\":\"https:\/\/schema.org\",\"@graph\":[{\"@type\":\"WebPage\",\"@id\":\"https:\/\/canoe-kayak-lavernede.com\/en\/other-activites\/caving-in-ardeche\/\",\"url\":\"https:\/\/canoe-kayak-lavernede.com\/en\/other-activites\/caving-in-ardeche\/\",\"name\":\"Caving in Ard\u00e8che - LA VERNEDE\",\"isPartOf\":{\"@id\":\"https:\/\/canoe-kayak-lavernede.com\/#website\"},\"primaryImageOfPage\":{\"@id\":\"https:\/\/canoe-kayak-lavernede.com\/en\/other-activites\/caving-in-ardeche\/#primaryimage\"},\"image\":{\"@id\":\"https:\/\/canoe-kayak-lavernede.com\/en\/other-activites\/caving-in-ardeche\/#primaryimage\"},\"thumbnailUrl\":\"https:\/\/canoe-kayak-lavernede.com\/wp-content\/uploads\/2021\/04\/SP-16-0169.jpg\",\"datePublished\":\"2021-09-18T06:57:15+00:00\",\"dateModified\":\"2021-09-18T07:02:28+00:00\",\"description\":\"Caving in Ard\u00e8che is an ideal adventure for people in love with nature and for those wishing to discover an amazing hidden environment.\",\"breadcrumb\":{\"@id\":\"https:\/\/canoe-kayak-lavernede.com\/en\/other-activites\/caving-in-ardeche\/#breadcrumb\"},\"inLanguage\":\"en-US\",\"potentialAction\":[{\"@type\":\"ReadAction\",\"target\":[\"https:\/\/canoe-kayak-lavernede.com\/en\/other-activites\/caving-in-ardeche\/\"]}]},{\"@type\":\"ImageObject\",\"inLanguage\":\"en-US\",\"@id\":\"https:\/\/canoe-kayak-lavernede.com\/en\/other-activites\/caving-in-ardeche\/#primaryimage\",\"url\":\"https:\/\/canoe-kayak-lavernede.com\/wp-content\/uploads\/2021\/04\/SP-16-0169.jpg\",\"contentUrl\":\"https:\/\/canoe-kayak-lavernede.com\/wp-content\/uploads\/2021\/04\/SP-16-0169.jpg\",\"width\":1800,\"height\":1200,\"caption\":\"Sp\u00e9l\u00e9o Ard\u00e8che Vallon Pont d'Arc\"},{\"@type\":\"BreadcrumbList\",\"@id\":\"https:\/\/canoe-kayak-lavernede.com\/en\/other-activites\/caving-in-ardeche\/#breadcrumb\",\"itemListElement\":[{\"@type\":\"ListItem\",\"position\":1,\"name\":\"Accueil\",\"item\":\"https:\/\/canoe-kayak-lavernede.com\/en\/\"},{\"@type\":\"ListItem\",\"position\":2,\"name\":\"Other activites\",\"item\":\"https:\/\/canoe-kayak-lavernede.com\/en\/other-activites\/\"},{\"@type\":\"ListItem\",\"position\":3,\"name\":\"Caving in Ard\u00e8che\"}]},{\"@type\":\"WebSite\",\"@id\":\"https:\/\/canoe-kayak-lavernede.com\/#website\",\"url\":\"https:\/\/canoe-kayak-lavernede.com\/\",\"name\":\"LA VERNEDE\",\"description\":\"\",\"potentialAction\":[{\"@type\":\"SearchAction\",\"target\":{\"@type\":\"EntryPoint\",\"urlTemplate\":\"https:\/\/canoe-kayak-lavernede.com\/?s={search_term_string}\"},\"query-input\":{\"@type\":\"PropertyValueSpecification\",\"valueRequired\":true,\"valueName\":\"search_term_string\"}}],\"inLanguage\":\"en-US\"}]}<\/script>\n<!-- \/ Yoast SEO plugin. -->","yoast_head_json":{"title":"Caving in Ard\u00e8che - LA VERNEDE","description":"Caving in Ard\u00e8che is an ideal adventure for people in love with nature and for those wishing to discover an amazing hidden environment.","robots":{"index":"index","follow":"follow","max-snippet":"max-snippet:-1","max-image-preview":"max-image-preview:large","max-video-preview":"max-video-preview:-1"},"canonical":"https:\/\/canoe-kayak-lavernede.com\/en\/other-activites\/caving-in-ardeche\/","og_locale":"en_US","og_type":"article","og_title":"Caving in Ard\u00e8che - LA VERNEDE","og_description":"Caving in Ard\u00e8che is an ideal adventure for people in love with nature and for those wishing to discover an amazing hidden environment.","og_url":"https:\/\/canoe-kayak-lavernede.com\/en\/other-activites\/caving-in-ardeche\/","og_site_name":"LA VERNEDE","article_modified_time":"2021-09-18T07:02:28+00:00","og_image":[{"width":1800,"height":1200,"url":"https:\/\/canoe-kayak-lavernede.com\/wp-content\/uploads\/2021\/04\/SP-16-0169.jpg","type":"image\/jpeg"}],"twitter_card":"summary_large_image","twitter_misc":{"Est. reading time":"4 minutes"},"schema":{"@context":"https:\/\/schema.org","@graph":[{"@type":"WebPage","@id":"https:\/\/canoe-kayak-lavernede.com\/en\/other-activites\/caving-in-ardeche\/","url":"https:\/\/canoe-kayak-lavernede.com\/en\/other-activites\/caving-in-ardeche\/","name":"Caving in Ard\u00e8che - LA VERNEDE","isPartOf":{"@id":"https:\/\/canoe-kayak-lavernede.com\/#website"},"primaryImageOfPage":{"@id":"https:\/\/canoe-kayak-lavernede.com\/en\/other-activites\/caving-in-ardeche\/#primaryimage"},"image":{"@id":"https:\/\/canoe-kayak-lavernede.com\/en\/other-activites\/caving-in-ardeche\/#primaryimage"},"thumbnailUrl":"https:\/\/canoe-kayak-lavernede.com\/wp-content\/uploads\/2021\/04\/SP-16-0169.jpg","datePublished":"2021-09-18T06:57:15+00:00","dateModified":"2021-09-18T07:02:28+00:00","description":"Caving in Ard\u00e8che is an ideal adventure for people in love with nature and for those wishing to discover an amazing hidden environment.","breadcrumb":{"@id":"https:\/\/canoe-kayak-lavernede.com\/en\/other-activites\/caving-in-ardeche\/#breadcrumb"},"inLanguage":"en-US","potentialAction":[{"@type":"ReadAction","target":["https:\/\/canoe-kayak-lavernede.com\/en\/other-activites\/caving-in-ardeche\/"]}]},{"@type":"ImageObject","inLanguage":"en-US","@id":"https:\/\/canoe-kayak-lavernede.com\/en\/other-activites\/caving-in-ardeche\/#primaryimage","url":"https:\/\/canoe-kayak-lavernede.com\/wp-content\/uploads\/2021\/04\/SP-16-0169.jpg","contentUrl":"https:\/\/canoe-kayak-lavernede.com\/wp-content\/uploads\/2021\/04\/SP-16-0169.jpg","width":1800,"height":1200,"caption":"Sp\u00e9l\u00e9o Ard\u00e8che Vallon Pont d'Arc"},{"@type":"BreadcrumbList","@id":"https:\/\/canoe-kayak-lavernede.com\/en\/other-activites\/caving-in-ardeche\/#breadcrumb","itemListElement":[{"@type":"ListItem","position":1,"name":"Accueil","item":"https:\/\/canoe-kayak-lavernede.com\/en\/"},{"@type":"ListItem","position":2,"name":"Other activites","item":"https:\/\/canoe-kayak-lavernede.com\/en\/other-activites\/"},{"@type":"ListItem","position":3,"name":"Caving in Ard\u00e8che"}]},{"@type":"WebSite","@id":"https:\/\/canoe-kayak-lavernede.com\/#website","url":"https:\/\/canoe-kayak-lavernede.com\/","name":"LA VERNEDE","description":"","potentialAction":[{"@type":"SearchAction","target":{"@type":"EntryPoint","urlTemplate":"https:\/\/canoe-kayak-lavernede.com\/?s={search_term_string}"},"query-input":{"@type":"PropertyValueSpecification","valueRequired":true,"valueName":"search_term_string"}}],"inLanguage":"en-US"}]}},"_links":{"self":[{"href":"https:\/\/canoe-kayak-lavernede.com\/en\/wp-json\/wp\/v2\/pages\/2537"}],"collection":[{"href":"https:\/\/canoe-kayak-lavernede.com\/en\/wp-json\/wp\/v2\/pages"}],"about":[{"href":"https:\/\/canoe-kayak-lavernede.com\/en\/wp-json\/wp\/v2\/types\/page"}],"author":[{"embeddable":true,"href":"https:\/\/canoe-kayak-lavernede.com\/en\/wp-json\/wp\/v2\/users\/5"}],"replies":[{"embeddable":true,"href":"https:\/\/canoe-kayak-lavernede.com\/en\/wp-json\/wp\/v2\/comments?post=2537"}],"version-history":[{"count":2,"href":"https:\/\/canoe-kayak-lavernede.com\/en\/wp-json\/wp\/v2\/pages\/2537\/revisions"}],"predecessor-version":[{"id":2539,"href":"https:\/\/canoe-kayak-lavernede.com\/en\/wp-json\/wp\/v2\/pages\/2537\/revisions\/2539"}],"up":[{"embeddable":true,"href":"https:\/\/canoe-kayak-lavernede.com\/en\/wp-json\/wp\/v2\/pages\/2120"}],"wp:featuredmedia":[{"embeddable":true,"href":"https:\/\/canoe-kayak-lavernede.com\/en\/wp-json\/wp\/v2\/media\/1644"}],"wp:attachment":[{"href":"https:\/\/canoe-kayak-lavernede.com\/en\/wp-json\/wp\/v2\/media?parent=2537"}],"curies":[{"name":"wp","href":"https:\/\/api.w.org\/{rel}","templated":true}]}}