{"id":2468,"date":"2021-09-15T08:53:51","date_gmt":"2021-09-15T06:53:51","guid":{"rendered":"https:\/\/www.canoe-kayak-lavernede.com\/?page_id=2468"},"modified":"2021-09-15T08:53:52","modified_gmt":"2021-09-15T06:53:52","slug":"blog","status":"publish","type":"page","link":"https:\/\/canoe-kayak-lavernede.com\/en\/blog\/","title":{"rendered":"Blog"},"content":{"rendered":"<p>[vc_row full_width=&#8221;stretch_row&#8221; el_id=&#8221;breadcrumb&#8221;][vc_column][vc_column_text]<span><span><a href=\"https:\/\/canoe-kayak-lavernede.com\/en\/\">Accueil<\/a><\/span><\/span><\/p>\n<p>[\/vc_column_text][\/vc_column][\/vc_row][vc_row full_width=&#8221;stretch_row&#8221; el_id=&#8221;ban_inte&#8221;][vc_column][vc_column_text]<\/p>\n<h1 style=\"text-align: center;\"><span class=\"titre_1\"><span class=\"VIiyi\" lang=\"en\"><span class=\"JLqJ4b ChMk0b\" data-language-for-alternatives=\"en\" data-language-to-translate-into=\"fr\" data-phrase-index=\"0\">all the news of la vern\u00e8de<\/span><\/span> <\/span><\/h1>\n<p>[\/vc_column_text][vc_column_text]<\/p>\n<p style=\"text-align: center;\"><span class=\"hashtag_small\">#All you need to know about the Ard\u00e8che and La Vern\u00e8de<\/span><\/p>\n<p>[\/vc_column_text]\n\n<picture class=\"ImgBG \" style=\"position: absolute; width: 100%; height:100%; top: 0; left:0; z-index: -2;\">\n    <img decoding=\"async\" width=\"1920\" height=\"600\" src=\"https:\/\/canoe-kayak-lavernede.com\/wp-content\/uploads\/2021\/03\/VisuHeaderActu.jpg\" class=\"attachment-full size-full\" alt=\"\" srcset=\"https:\/\/canoe-kayak-lavernede.com\/wp-content\/uploads\/2021\/03\/VisuHeaderActu.jpg 1920w, https:\/\/canoe-kayak-lavernede.com\/wp-content\/uploads\/2021\/03\/VisuHeaderActu-780x244.jpg 780w, https:\/\/canoe-kayak-lavernede.com\/wp-content\/uploads\/2021\/03\/VisuHeaderActu-768x240.jpg 768w, https:\/\/canoe-kayak-lavernede.com\/wp-content\/uploads\/2021\/03\/VisuHeaderActu-1536x480.jpg 1536w\" sizes=\"(max-width: 1920px) 100vw, 1920px\" \/><\/picture>\n\n[\/vc_column][\/vc_row][vc_row][vc_column][vc_column_text]<\/p>\n<p style=\"text-align: center;\">Discover here all the news, advice and tips that VERNEDE can offer you.<\/p>\n<p>[\/vc_column_text][\/vc_column][\/vc_row][vc_row][vc_column]<section data-count=\"41\" id=\"archive-blog-actualites\" class=\"g-grid list_articles \">            <article class=\"vignette_article g-block size-33\">\n            <div class=\"inner-article\">\r\n  <div class=\"thumbnail\"><a href=\"https:\/\/canoe-kayak-lavernede.com\/en\/canoe-en-ardeche-redecouvrir-la-lenteur-sur-la-riviere\/\"><picture><source srcset=\"https:\/\/canoe-kayak-lavernede.com\/wp-content\/uploads\/2026\/04\/Redecouvrez-la-lenteur.jpg\" media=\"(max-width: 320px)\"><source srcset=\"https:\/\/canoe-kayak-lavernede.com\/wp-content\/uploads\/2026\/04\/Redecouvrez-la-lenteur.jpg\" media=\"(max-width: 780px)\"><img decoding=\"async\" style=\"width: 100%; height: 100%; object-fit: cover;\" src=\"https:\/\/canoe-kayak-lavernede.com\/wp-content\/uploads\/2026\/04\/Redecouvrez-la-lenteur.jpg\" class=\"image_absolute\" alt=\"\"><\/picture><\/a><\/div>\r\n  <div class=\"article_blog_content\">\r\n  \t<div class=\"article_blog_titre\"><a href=\"https:\/\/canoe-kayak-lavernede.com\/en\/canoe-en-ardeche-redecouvrir-la-lenteur-sur-la-riviere\/\">Cano\u00eb en Ard\u00e8che : red\u00e9couvrir la lenteur sur la rivi\u00e8re<\/a><\/div>\r\n  \t<div class=\"article_blog_desc\">Profitez d\u2019une descente en cano\u00eb sur la rivi\u00e8re de l\u2019Ard\u00e8che pour savourer un moment de repos. D\u00e9connexion assur\u00e9e avec nos parcours de 8 \u00e0 32 km, pour tous.<\/div>\r\n  \t<div class=\"article_blog_link\"><a href=\"https:\/\/canoe-kayak-lavernede.com\/en\/canoe-en-ardeche-redecouvrir-la-lenteur-sur-la-riviere\/\">Lire la suite<\/a><\/div>\r\n  <\/div>\r\n<\/div>            <\/article>\n                        <article class=\"vignette_article g-block size-33\">\n            <div class=\"inner-article\">\r\n  <div class=\"thumbnail\"><a href=\"https:\/\/canoe-kayak-lavernede.com\/en\/le-canoe-comme-micro-aventure-accessible\/\"><picture><source srcset=\"https:\/\/canoe-kayak-lavernede.com\/wp-content\/uploads\/2026\/03\/Vignette-Blog-LV-micro-aventure.webp\" media=\"(max-width: 320px)\"><source srcset=\"https:\/\/canoe-kayak-lavernede.com\/wp-content\/uploads\/2026\/03\/Vignette-Blog-LV-micro-aventure.webp\" media=\"(max-width: 780px)\"><img decoding=\"async\" style=\"width: 100%; height: 100%; object-fit: cover;\" src=\"https:\/\/canoe-kayak-lavernede.com\/wp-content\/uploads\/2026\/03\/Vignette-Blog-LV-micro-aventure.webp\" class=\"image_absolute\" alt=\"\"><\/picture><\/a><\/div>\r\n  <div class=\"article_blog_content\">\r\n  \t<div class=\"article_blog_titre\"><a href=\"https:\/\/canoe-kayak-lavernede.com\/en\/le-canoe-comme-micro-aventure-accessible\/\">Le cano\u00eb comme micro-aventure accessible<\/a><\/div>\r\n  \t<div class=\"article_blog_desc\">D\u00e9couvrez le cano\u00eb : une micro-aventure accessible et en pleine nature, pour vivre une exp\u00e9rience inoubliable sur l\u2019eau !<\/div>\r\n  \t<div class=\"article_blog_link\"><a href=\"https:\/\/canoe-kayak-lavernede.com\/en\/le-canoe-comme-micro-aventure-accessible\/\">Lire la suite<\/a><\/div>\r\n  <\/div>\r\n<\/div>            <\/article>\n                        <article class=\"vignette_article g-block size-33\">\n            <div class=\"inner-article\">\r\n  <div class=\"thumbnail\"><a href=\"https:\/\/canoe-kayak-lavernede.com\/en\/quand-commence-la-saison-du-canoe\/\"><picture><source srcset=\"https:\/\/canoe-kayak-lavernede.com\/wp-content\/uploads\/2026\/03\/Vignette-blog-debut-de-saison.webp\" media=\"(max-width: 320px)\"><source srcset=\"https:\/\/canoe-kayak-lavernede.com\/wp-content\/uploads\/2026\/03\/Vignette-blog-debut-de-saison.webp\" media=\"(max-width: 780px)\"><img decoding=\"async\" style=\"width: 100%; height: 100%; object-fit: cover;\" src=\"https:\/\/canoe-kayak-lavernede.com\/wp-content\/uploads\/2026\/03\/Vignette-blog-debut-de-saison.webp\" class=\"image_absolute\" alt=\"\"><\/picture><\/a><\/div>\r\n  <div class=\"article_blog_content\">\r\n  \t<div class=\"article_blog_titre\"><a href=\"https:\/\/canoe-kayak-lavernede.com\/en\/quand-commence-la-saison-du-canoe\/\">Quand commence la saison du cano\u00eb ?<\/a><\/div>\r\n  \t<div class=\"article_blog_desc\">Pr\u00e9parez votre sortie : la saison du cano\u00eb d\u00e9bute en avril ! R\u00e9glementation, conditions de navigation, rivi\u00e8re et parcours \u00e0 privil\u00e9gier : suivez le guide.<\/div>\r\n  \t<div class=\"article_blog_link\"><a href=\"https:\/\/canoe-kayak-lavernede.com\/en\/quand-commence-la-saison-du-canoe\/\">Lire la suite<\/a><\/div>\r\n  <\/div>\r\n<\/div>            <\/article>\n                        <article class=\"vignette_article g-block size-33\">\n            <div class=\"inner-article\">\r\n  <div class=\"thumbnail\"><a href=\"https:\/\/canoe-kayak-lavernede.com\/en\/les-petits-details-qui-font-la-beaute-de-la-riviere-en-canoe\/\"><picture><source srcset=\"https:\/\/canoe-kayak-lavernede.com\/wp-content\/uploads\/2026\/03\/Vignette-Blog-LV-les-details-de-la-riviere.webp\" media=\"(max-width: 320px)\"><source srcset=\"https:\/\/canoe-kayak-lavernede.com\/wp-content\/uploads\/2026\/03\/Vignette-Blog-LV-les-details-de-la-riviere.webp\" media=\"(max-width: 780px)\"><img decoding=\"async\" style=\"width: 100%; height: 100%; object-fit: cover;\" src=\"https:\/\/canoe-kayak-lavernede.com\/wp-content\/uploads\/2026\/03\/Vignette-Blog-LV-les-details-de-la-riviere.webp\" class=\"image_absolute\" alt=\"\"><\/picture><\/a><\/div>\r\n  <div class=\"article_blog_content\">\r\n  \t<div class=\"article_blog_titre\"><a href=\"https:\/\/canoe-kayak-lavernede.com\/en\/les-petits-details-qui-font-la-beaute-de-la-riviere-en-canoe\/\">Les petits d\u00e9tails qui font la beaut\u00e9 de la rivi\u00e8re en cano\u00eb<\/a><\/div>\r\n  \t<div class=\"article_blog_desc\">D\u00e9couvrez tous les d\u00e9tails qui font la beaut\u00e9 de la rivi\u00e8re en cano\u00eb-kayak. Vivez les gorges de l\u2019Ard\u00e8che comme vous ne les avez jamais vues, dans une parenth\u00e8se de nature...<\/div>\r\n  \t<div class=\"article_blog_link\"><a href=\"https:\/\/canoe-kayak-lavernede.com\/en\/les-petits-details-qui-font-la-beaute-de-la-riviere-en-canoe\/\">Lire la suite<\/a><\/div>\r\n  <\/div>\r\n<\/div>            <\/article>\n                        <article class=\"vignette_article g-block size-33\">\n            <div class=\"inner-article\">\r\n  <div class=\"thumbnail\"><a href=\"https:\/\/canoe-kayak-lavernede.com\/en\/la-gastronomie-ardechoise-quel-plats-typique-de-vallon-pont-darc-et-sa-region\/\"><picture><source srcset=\"https:\/\/canoe-kayak-lavernede.com\/wp-content\/uploads\/2025\/01\/PICODON-AOP-page-accueil_Bandeau-1-un-savoir-faire-780x600.webp\" media=\"(max-width: 320px)\"><source srcset=\"https:\/\/canoe-kayak-lavernede.com\/wp-content\/uploads\/2025\/01\/PICODON-AOP-page-accueil_Bandeau-1-un-savoir-faire-780x585.webp\" media=\"(max-width: 780px)\"><img decoding=\"async\" style=\"width: 100%; height: 100%; object-fit: cover;\" src=\"https:\/\/canoe-kayak-lavernede.com\/wp-content\/uploads\/2025\/01\/PICODON-AOP-page-accueil_Bandeau-1-un-savoir-faire.webp\" class=\"image_absolute\" alt=\"\"><\/picture><\/a><\/div>\r\n  <div class=\"article_blog_content\">\r\n  \t<div class=\"article_blog_titre\"><a href=\"https:\/\/canoe-kayak-lavernede.com\/en\/la-gastronomie-ardechoise-quel-plats-typique-de-vallon-pont-darc-et-sa-region\/\">La gastronomie ard\u00e9choise &#8211; Quel plats typique de Vallon Pont d&#8217;Arc et sa r\u00e9gion ?<\/a><\/div>\r\n  \t<div class=\"article_blog_desc\">D\u00e9couvrez les sp\u00e9cialit\u00e9s culinaires incontournables de la r\u00e9gion de Vallon-Pont-d'Arc. Du terroir aux saveurs authentiques, explorez les plats typiques qui font la richesse gastronomique de cette belle r\u00e9gion.<\/div>\r\n  \t<div class=\"article_blog_link\"><a href=\"https:\/\/canoe-kayak-lavernede.com\/en\/la-gastronomie-ardechoise-quel-plats-typique-de-vallon-pont-darc-et-sa-region\/\">Lire la suite<\/a><\/div>\r\n  <\/div>\r\n<\/div>            <\/article>\n                        <article class=\"vignette_article g-block size-33\">\n            <div class=\"inner-article\">\r\n  <div class=\"thumbnail\"><a href=\"https:\/\/canoe-kayak-lavernede.com\/en\/que-faire-en-ardeche-avec-des-enfants-5-activites-incontournables-avec-vos-enfants\/\"><picture><source srcset=\"https:\/\/canoe-kayak-lavernede.com\/wp-content\/uploads\/2024\/02\/Capture-decran-2024-02-13-111344-780x923.png\" media=\"(max-width: 320px)\"><source srcset=\"https:\/\/canoe-kayak-lavernede.com\/wp-content\/uploads\/2024\/02\/Capture-decran-2024-02-13-111344-780x882.png\" media=\"(max-width: 780px)\"><img decoding=\"async\" style=\"width: 100%; height: 100%; object-fit: cover;\" src=\"https:\/\/canoe-kayak-lavernede.com\/wp-content\/uploads\/2024\/02\/Capture-decran-2024-02-13-111344.png\" class=\"image_absolute\" alt=\"\"><\/picture><\/a><\/div>\r\n  <div class=\"article_blog_content\">\r\n  \t<div class=\"article_blog_titre\"><a href=\"https:\/\/canoe-kayak-lavernede.com\/en\/que-faire-en-ardeche-avec-des-enfants-5-activites-incontournables-avec-vos-enfants\/\">Que faire en Ard\u00e8che avec des enfants : 5 activit\u00e9s incontournables avec vos enfants<\/a><\/div>\r\n  \t<div class=\"article_blog_desc\">Accrobranche, parc animalier, cano\u00eb, grotte... Voici 5 activit\u00e9s \u00e0 faire avec vos enfants en Ard\u00e8che pour partager des vacances inoubliables<\/div>\r\n  \t<div class=\"article_blog_link\"><a href=\"https:\/\/canoe-kayak-lavernede.com\/en\/que-faire-en-ardeche-avec-des-enfants-5-activites-incontournables-avec-vos-enfants\/\">Lire la suite<\/a><\/div>\r\n  <\/div>\r\n<\/div>            <\/article>\n                        <article class=\"vignette_article g-block size-33\">\n            <div class=\"inner-article\">\r\n  <div class=\"thumbnail\"><a href=\"https:\/\/canoe-kayak-lavernede.com\/en\/decouvrez-lardeche-grace-a-5-lieux-magiques\/\"><picture><source srcset=\"https:\/\/canoe-kayak-lavernede.com\/wp-content\/uploads\/2023\/12\/miniature-lieux-magiques-en-Ardeche.jpg\" media=\"(max-width: 320px)\"><source srcset=\"https:\/\/canoe-kayak-lavernede.com\/wp-content\/uploads\/2023\/12\/miniature-lieux-magiques-en-Ardeche.jpg\" media=\"(max-width: 780px)\"><img decoding=\"async\" style=\"width: 100%; height: 100%; object-fit: cover;\" src=\"https:\/\/canoe-kayak-lavernede.com\/wp-content\/uploads\/2023\/12\/miniature-lieux-magiques-en-Ardeche.jpg\" class=\"image_absolute\" alt=\"\"><\/picture><\/a><\/div>\r\n  <div class=\"article_blog_content\">\r\n  \t<div class=\"article_blog_titre\"><a href=\"https:\/\/canoe-kayak-lavernede.com\/en\/decouvrez-lardeche-grace-a-5-lieux-magiques\/\">D\u00e9couvrez l&#8217;Ard\u00e8che grace \u00e0 5 lieux magiques !<\/a><\/div>\r\n  \t<div class=\"article_blog_desc\">L'Ard\u00e8che propose des lieux magiques que vous ne soup\u00e7onnez pas ! Suivez le guide et d\u00e9couvrez les secrets de l'Ard\u00e8che.<\/div>\r\n  \t<div class=\"article_blog_link\"><a href=\"https:\/\/canoe-kayak-lavernede.com\/en\/decouvrez-lardeche-grace-a-5-lieux-magiques\/\">Lire la suite<\/a><\/div>\r\n  <\/div>\r\n<\/div>            <\/article>\n                        <article class=\"vignette_article g-block size-33\">\n            <div class=\"inner-article\">\r\n  <div class=\"thumbnail\"><a href=\"https:\/\/canoe-kayak-lavernede.com\/en\/week-end-ardeche-activites\/\"><picture><source srcset=\"https:\/\/canoe-kayak-lavernede.com\/wp-content\/uploads\/2022\/01\/Pont-dArc-380x380-1.png\" media=\"(max-width: 320px)\"><source srcset=\"https:\/\/canoe-kayak-lavernede.com\/wp-content\/uploads\/2022\/01\/Pont-dArc-380x380-1.png\" media=\"(max-width: 780px)\"><img decoding=\"async\" style=\"width: 100%; height: 100%; object-fit: cover;\" src=\"https:\/\/canoe-kayak-lavernede.com\/wp-content\/uploads\/2022\/01\/Pont-dArc-380x380-1.png\" class=\"image_absolute\" alt=\"\"><\/picture><\/a><\/div>\r\n  <div class=\"article_blog_content\">\r\n  \t<div class=\"article_blog_titre\"><a href=\"https:\/\/canoe-kayak-lavernede.com\/en\/week-end-ardeche-activites\/\">Week-end en Ard\u00e8che : Quelles visites et activit\u00e9s \u00e0 faire sur deux jours?<\/a><\/div>\r\n  \t<div class=\"article_blog_desc\">Nous vous conseillons une s\u00e9lection de visites et activit\u00e9s \u00e0 r\u00e9aliser au cours de votre week-end en Ard\u00e8che.<\/div>\r\n  \t<div class=\"article_blog_link\"><a href=\"https:\/\/canoe-kayak-lavernede.com\/en\/week-end-ardeche-activites\/\">Lire la suite<\/a><\/div>\r\n  <\/div>\r\n<\/div>            <\/article>\n                        <article class=\"vignette_article g-block size-33\">\n            <div class=\"inner-article\">\r\n  <div class=\"thumbnail\"><a href=\"https:\/\/canoe-kayak-lavernede.com\/en\/canoe-malin-reservation-descente-de-lardeche-en-canoe\/\"><picture><source srcset=\"https:\/\/canoe-kayak-lavernede.com\/wp-content\/uploads\/2023\/05\/anouk-kayak.jpg\" media=\"(max-width: 320px)\"><source srcset=\"https:\/\/canoe-kayak-lavernede.com\/wp-content\/uploads\/2023\/05\/anouk-kayak.jpg\" media=\"(max-width: 780px)\"><img decoding=\"async\" style=\"width: 100%; height: 100%; object-fit: cover;\" src=\"https:\/\/canoe-kayak-lavernede.com\/wp-content\/uploads\/2023\/05\/anouk-kayak.jpg\" class=\"image_absolute\" alt=\"\"><\/picture><\/a><\/div>\r\n  <div class=\"article_blog_content\">\r\n  \t<div class=\"article_blog_titre\"><a href=\"https:\/\/canoe-kayak-lavernede.com\/en\/canoe-malin-reservation-descente-de-lardeche-en-canoe\/\">&#8220;Cano\u00eb malin&#8221;, l&#8217;app pour \u00e9viter la foule sur l&#8217;Ard\u00e8che<\/a><\/div>\r\n  \t<div class=\"article_blog_desc\">D\u00e9couvrez \"cano\u00eb malin\", la nouvelle app qui vous permet de choisir les moments les moins fr\u00e9quent\u00e9s pour votre balade en cano\u00eb !<\/div>\r\n  \t<div class=\"article_blog_link\"><a href=\"https:\/\/canoe-kayak-lavernede.com\/en\/canoe-malin-reservation-descente-de-lardeche-en-canoe\/\">Lire la suite<\/a><\/div>\r\n  <\/div>\r\n<\/div>            <\/article>\n            <\/section><div class=\"w3bi_pagination txt_center\"><span aria-current=\"page\" class=\"page-numbers current\">1<\/span>\n<a class=\"page-numbers\" href=\"https:\/\/canoe-kayak-lavernede.com\/en\/wp-json\/wp\/v2\/pages\/2468\/page\/2\/\">2<\/a>\n<a class=\"page-numbers\" href=\"https:\/\/canoe-kayak-lavernede.com\/en\/wp-json\/wp\/v2\/pages\/2468\/page\/3\/\">3<\/a>\n<span class=\"page-numbers dots\">&hellip;<\/span>\n<a class=\"page-numbers\" href=\"https:\/\/canoe-kayak-lavernede.com\/en\/wp-json\/wp\/v2\/pages\/2468\/page\/5\/\">5<\/a>\n<a class=\"next page-numbers\" href=\"https:\/\/canoe-kayak-lavernede.com\/en\/wp-json\/wp\/v2\/pages\/2468\/page\/2\/\">><\/a><\/div>[\/vc_column][\/vc_row]<\/p>\n","protected":false},"excerpt":{"rendered":"<p>[vc_row full_width=&#8221;stretch_row&#8221; el_id=&#8221;breadcrumb&#8221;][vc_column][vc_column_text] [\/vc_column_text][\/vc_column][\/vc_row][vc_row full_width=&#8221;stretch_row&#8221; el_id=&#8221;ban_inte&#8221;][vc_column][vc_column_text] all the news of la vern\u00e8de [\/vc_column_text][vc_column_text] #All you need to know about the Ard\u00e8che and La Vern\u00e8de [\/vc_column_text][\/vc_column][\/vc_row][vc_row][vc_column][vc_column_text] Discover here all the news, advice and tips that VERNEDE can offer you. [\/vc_column_text][\/vc_column][\/vc_row][vc_row][vc_column][\/vc_column][\/vc_row]<\/p>\n","protected":false},"author":5,"featured_media":0,"parent":0,"menu_order":0,"comment_status":"closed","ping_status":"closed","template":"","meta":{"footnotes":""},"class_list":["post-2468","page","type-page","status-publish"],"yoast_head":"<!-- This site is optimized with the Yoast SEO plugin v24.3 - https:\/\/yoast.com\/wordpress\/plugins\/seo\/ -->\n<title>Blogpost - La Vernede<\/title>\n<meta name=\"description\" content=\"Discover here all the news, advice and tips that VERNEDE can offer you.\" \/>\n<meta name=\"robots\" content=\"index, follow, max-snippet:-1, max-image-preview:large, max-video-preview:-1\" \/>\n<link rel=\"canonical\" href=\"https:\/\/canoe-kayak-lavernede.com\/en\/blog\/\" \/>\n<meta property=\"og:locale\" content=\"en_US\" \/>\n<meta property=\"og:type\" content=\"article\" \/>\n<meta property=\"og:title\" content=\"Blogpost - La Vernede\" \/>\n<meta property=\"og:description\" content=\"Discover here all the news, advice and tips that VERNEDE can offer you.\" \/>\n<meta property=\"og:url\" content=\"https:\/\/canoe-kayak-lavernede.com\/en\/blog\/\" \/>\n<meta property=\"og:site_name\" content=\"LA VERNEDE\" \/>\n<meta property=\"article:modified_time\" content=\"2021-09-15T06:53:52+00:00\" \/>\n<meta name=\"twitter:card\" content=\"summary_large_image\" \/>\n<meta name=\"twitter:label1\" content=\"Est. reading time\" \/>\n\t<meta name=\"twitter:data1\" content=\"1 minute\" \/>\n<script type=\"application\/ld+json\" class=\"yoast-schema-graph\">{\"@context\":\"https:\/\/schema.org\",\"@graph\":[{\"@type\":\"WebPage\",\"@id\":\"https:\/\/canoe-kayak-lavernede.com\/en\/blog\/\",\"url\":\"https:\/\/canoe-kayak-lavernede.com\/en\/blog\/\",\"name\":\"Blogpost - La Vernede\",\"isPartOf\":{\"@id\":\"https:\/\/canoe-kayak-lavernede.com\/#website\"},\"datePublished\":\"2021-09-15T06:53:51+00:00\",\"dateModified\":\"2021-09-15T06:53:52+00:00\",\"description\":\"Discover here all the news, advice and tips that VERNEDE can offer you.\",\"breadcrumb\":{\"@id\":\"https:\/\/canoe-kayak-lavernede.com\/en\/blog\/#breadcrumb\"},\"inLanguage\":\"en-US\",\"potentialAction\":[{\"@type\":\"ReadAction\",\"target\":[\"https:\/\/canoe-kayak-lavernede.com\/en\/blog\/\"]}]},{\"@type\":\"BreadcrumbList\",\"@id\":\"https:\/\/canoe-kayak-lavernede.com\/en\/blog\/#breadcrumb\",\"itemListElement\":[{\"@type\":\"ListItem\",\"position\":1,\"name\":\"Accueil\",\"item\":\"https:\/\/canoe-kayak-lavernede.com\/en\/\"},{\"@type\":\"ListItem\",\"position\":2,\"name\":\"Blog\"}]},{\"@type\":\"WebSite\",\"@id\":\"https:\/\/canoe-kayak-lavernede.com\/#website\",\"url\":\"https:\/\/canoe-kayak-lavernede.com\/\",\"name\":\"LA VERNEDE\",\"description\":\"\",\"potentialAction\":[{\"@type\":\"SearchAction\",\"target\":{\"@type\":\"EntryPoint\",\"urlTemplate\":\"https:\/\/canoe-kayak-lavernede.com\/?s={search_term_string}\"},\"query-input\":{\"@type\":\"PropertyValueSpecification\",\"valueRequired\":true,\"valueName\":\"search_term_string\"}}],\"inLanguage\":\"en-US\"}]}<\/script>\n<!-- \/ Yoast SEO plugin. -->","yoast_head_json":{"title":"Blogpost - La Vernede","description":"Discover here all the news, advice and tips that VERNEDE can offer you.","robots":{"index":"index","follow":"follow","max-snippet":"max-snippet:-1","max-image-preview":"max-image-preview:large","max-video-preview":"max-video-preview:-1"},"canonical":"https:\/\/canoe-kayak-lavernede.com\/en\/blog\/","og_locale":"en_US","og_type":"article","og_title":"Blogpost - La Vernede","og_description":"Discover here all the news, advice and tips that VERNEDE can offer you.","og_url":"https:\/\/canoe-kayak-lavernede.com\/en\/blog\/","og_site_name":"LA VERNEDE","article_modified_time":"2021-09-15T06:53:52+00:00","twitter_card":"summary_large_image","twitter_misc":{"Est. reading time":"1 minute"},"schema":{"@context":"https:\/\/schema.org","@graph":[{"@type":"WebPage","@id":"https:\/\/canoe-kayak-lavernede.com\/en\/blog\/","url":"https:\/\/canoe-kayak-lavernede.com\/en\/blog\/","name":"Blogpost - La Vernede","isPartOf":{"@id":"https:\/\/canoe-kayak-lavernede.com\/#website"},"datePublished":"2021-09-15T06:53:51+00:00","dateModified":"2021-09-15T06:53:52+00:00","description":"Discover here all the news, advice and tips that VERNEDE can offer you.","breadcrumb":{"@id":"https:\/\/canoe-kayak-lavernede.com\/en\/blog\/#breadcrumb"},"inLanguage":"en-US","potentialAction":[{"@type":"ReadAction","target":["https:\/\/canoe-kayak-lavernede.com\/en\/blog\/"]}]},{"@type":"BreadcrumbList","@id":"https:\/\/canoe-kayak-lavernede.com\/en\/blog\/#breadcrumb","itemListElement":[{"@type":"ListItem","position":1,"name":"Accueil","item":"https:\/\/canoe-kayak-lavernede.com\/en\/"},{"@type":"ListItem","position":2,"name":"Blog"}]},{"@type":"WebSite","@id":"https:\/\/canoe-kayak-lavernede.com\/#website","url":"https:\/\/canoe-kayak-lavernede.com\/","name":"LA VERNEDE","description":"","potentialAction":[{"@type":"SearchAction","target":{"@type":"EntryPoint","urlTemplate":"https:\/\/canoe-kayak-lavernede.com\/?s={search_term_string}"},"query-input":{"@type":"PropertyValueSpecification","valueRequired":true,"valueName":"search_term_string"}}],"inLanguage":"en-US"}]}},"_links":{"self":[{"href":"https:\/\/canoe-kayak-lavernede.com\/en\/wp-json\/wp\/v2\/pages\/2468"}],"collection":[{"href":"https:\/\/canoe-kayak-lavernede.com\/en\/wp-json\/wp\/v2\/pages"}],"about":[{"href":"https:\/\/canoe-kayak-lavernede.com\/en\/wp-json\/wp\/v2\/types\/page"}],"author":[{"embeddable":true,"href":"https:\/\/canoe-kayak-lavernede.com\/en\/wp-json\/wp\/v2\/users\/5"}],"replies":[{"embeddable":true,"href":"https:\/\/canoe-kayak-lavernede.com\/en\/wp-json\/wp\/v2\/comments?post=2468"}],"version-history":[{"count":2,"href":"https:\/\/canoe-kayak-lavernede.com\/en\/wp-json\/wp\/v2\/pages\/2468\/revisions"}],"predecessor-version":[{"id":2470,"href":"https:\/\/canoe-kayak-lavernede.com\/en\/wp-json\/wp\/v2\/pages\/2468\/revisions\/2470"}],"wp:attachment":[{"href":"https:\/\/canoe-kayak-lavernede.com\/en\/wp-json\/wp\/v2\/media?parent=2468"}],"curies":[{"name":"wp","href":"https:\/\/api.w.org\/{rel}","templated":true}]}}