{"id":2109,"date":"2021-06-28T09:04:21","date_gmt":"2021-06-28T07:04:21","guid":{"rendered":"https:\/\/www.canoe-kayak-lavernede.com\/?page_id=2109"},"modified":"2021-09-16T10:07:33","modified_gmt":"2021-09-16T08:07:33","slug":"learn-more-about-us","status":"publish","type":"page","link":"https:\/\/canoe-kayak-lavernede.com\/en\/learn-more-about-us\/","title":{"rendered":"Learn more about us"},"content":{"rendered":"<p>[vc_row full_width=&#8221;stretch_row&#8221; el_id=&#8221;breadcrumb&#8221;][vc_column][vc_column_text]<span><span><a href=\"https:\/\/canoe-kayak-lavernede.com\/en\/\">Accueil<\/a><\/span><\/span><\/p>\n<p>[\/vc_column_text][\/vc_column][\/vc_row][vc_row full_width=&#8221;stretch_row&#8221; el_id=&#8221;ban_inte&#8221;][vc_column]\n\n<picture class=\"ImgBG \" style=\"position: absolute; width: 100%; height:100%; top: 0; left:0; z-index: -2;\">\n    <img decoding=\"async\" width=\"2560\" height=\"1811\" src=\"https:\/\/canoe-kayak-lavernede.com\/wp-content\/uploads\/2021\/05\/logo-LA-VERNEDE-quadri-sans-baseline-scaled.jpg\" class=\"attachment-full size-full\" alt=\"Logo La vernede HD\" srcset=\"https:\/\/canoe-kayak-lavernede.com\/wp-content\/uploads\/2021\/05\/logo-LA-VERNEDE-quadri-sans-baseline-scaled.jpg 2560w, https:\/\/canoe-kayak-lavernede.com\/wp-content\/uploads\/2021\/05\/logo-LA-VERNEDE-quadri-sans-baseline-780x552.jpg 780w, https:\/\/canoe-kayak-lavernede.com\/wp-content\/uploads\/2021\/05\/logo-LA-VERNEDE-quadri-sans-baseline-1527x1080.jpg 1527w, https:\/\/canoe-kayak-lavernede.com\/wp-content\/uploads\/2021\/05\/logo-LA-VERNEDE-quadri-sans-baseline-768x543.jpg 768w, https:\/\/canoe-kayak-lavernede.com\/wp-content\/uploads\/2021\/05\/logo-LA-VERNEDE-quadri-sans-baseline-1536x1086.jpg 1536w, https:\/\/canoe-kayak-lavernede.com\/wp-content\/uploads\/2021\/05\/logo-LA-VERNEDE-quadri-sans-baseline-2048x1449.jpg 2048w\" sizes=\"(max-width: 2560px) 100vw, 2560px\" \/><\/picture>\n\n[\/vc_column][\/vc_row][vc_row][vc_column][vc_column_text]<\/p>\n<h1><span class=\"titre_1\"><strong>Canoe rental in Ard\u00e8che for an unforgettable trip<\/strong><\/span><\/h1>\n<p>[\/vc_column_text][\/vc_column][\/vc_row][vc_row][vc_column][vc_column_text]Located in Vallon-Pont-d&#8217;Arc in Ard\u00e8che in the Auvergne-Rh\u00f4ne-Alpes region, La Vern\u00e8de is specialized in canoe rental and outdoor activity. With us, you are sure to experience an incredible descent of the Gorges de l&#8217;Ard\u00e8che!<\/p>\n<p>Prioritizing your safety and quality of service, we do everything we can to make your canoeing adventure in Ard\u00e8che exceptional. Alone, with family or friends, discover over half a day, over one or two days, the magnificent Gorges de l&#8217;Ard\u00e8che and enjoy a unique experience, whether or not accompanied by a qualified instructor. For more sensations, we also offer several outdoor activities: climbing, Via Ferrata, caving, canyoing in Ard\u00e8che &#8230;[\/vc_column_text][\/vc_column][\/vc_row][vc_row][vc_column][vc_column_text]<\/p>\n<h2><span class=\"titre_2\">La Vern\u00e8de, the canoe rental specialist in Ard\u00e8che<\/span><\/h2>\n<p>[\/vc_column_text][vc_column_text]Beginner, medium or experienced level, we offer different formulas so that you choose the one in accordance with your physical capacities and your desire for maximum pleasure during your descent of the Gorges de l&#8217;Ard\u00e8che by canoe. With La Vern\u00e8de, embark on a descent of the Gorges de l&#8217;Ard\u00e8che that suits you and discover the beauties of this grandiose natural site with its majestic cliffs and its exceptional flora and fauna. All this in a good mood and conviviality!<\/p>\n<p>Do you want to celebrate a bachelorette party as it should be? We give you the possibility to do it thanks to our EASY WAY formulas. On the program: party and adventure for 2 days for an unforgettable memory with your family and friends. To organize your bachelor party and to book your canoe rental in Vallon Pont d\u00b4Arc, we invite you to contact us.<\/p>\n<p>For maximum convenience and a canoeing adventure with a calm mind, we provide you with all the equipment you need for your descent of the Ard\u00e8che Gorges by canoe (wetsuits, waterproof container for your picnic, etc.).<\/p>\n<p>Do you want to vary the pleasures? Do you like intense sensations ? With our outdoor nature activities, discover the Ard\u00e8che in a different way. Climbing, Via Ferrata, caving or canyoning in Ard\u00e8che, choose the activity that tempts you for maximum sensations on the water, underground or at height.[\/vc_column_text][\/vc_column][\/vc_row][vc_row][vc_column][vc_column_text]<\/p>\n<h2><span class=\"titre_3\">The La Vern\u00e8de team is at your service<\/span><\/h2>\n<p>[\/vc_column_text][vc_column_text]Would you like more information on our canoe rental service in Vallon Pont d\u00b4Arc? Do you have a specific question about our canoe reservation system in Ard\u00e8che? Would you like to be accompanied in the organization of your descent of the Ard\u00e8che? Our team is at your disposal to provide you with information and guide you in order to organize an unforgettable descent of the Ard\u00e8che by canoe.[\/vc_column_text][vc_single_image image=&#8221;1946&#8243; img_size=&#8221;medium&#8221; alignment=&#8221;center&#8221; style=&#8221;vc_box_shadow_border&#8221; css_animation=&#8221;fadeIn&#8221;][\/vc_column][\/vc_row][vc_row][vc_column][vc_column_text]<\/p>\n<h2><span class=\"titre_3\">Where to find us ?<\/span><\/h2>\n<p>[\/vc_column_text][vc_column_text]Our office \/ pier is open 7 days a week from April to October in Vallon-Pont-d&#8217;Arc, at the following address:<\/p>\n<ul>\n<li><a href=\"https:\/\/g.page\/canoekayaklavernede?share\"><strong>LA VERNEDE, passage de la premi\u00e8re arm\u00e9e, 07150 Vallon-Pont-d\u2019Arc<\/strong><\/a><\/li>\n<\/ul>\n<p>[\/vc_column_text][vc_gmaps link=&#8221;#E-8_JTNDaWZyYW1lJTIwc3JjJTNEJTIyaHR0cHMlM0ElMkYlMkZ3d3cuZ29vZ2xlLmNvbSUyRm1hcHMlMkZlbWJlZCUzRnBiJTNEJTIxMW0xNCUyMTFtOCUyMTFtMyUyMTFkMTE0MDIuNjc1NDE1NTY0ODM0JTIxMmQ0LjM4OTk1NSUyMTNkNDQuMzk4OTE5JTIxM20yJTIxMWkxMDI0JTIxMmk3NjglMjE0ZjEzLjElMjEzbTMlMjExbTIlMjExczB4MCUyNTNBMHg1ZTBkMDM4NjVjZDE1M2ZkJTIxMnNMYSUyNTIwVmVybiUyNUMzJTI1QThkZSUyNTIwLSUyNTIwTG9jYXRpb24lMjUyMGNhbm8lMjVDMyUyNUFCJTI1MjBrYXlhayUyNTIwJTI1QzMlMjVBMCUyNTIwVmFsbG9uLVBvbnQtZCUyNiUyMzM5JTNCQXJjJTI1MkMlMjUyMGRlc2NlbnRlJTI1MjBkZSUyNTIwbCUyNiUyMzM5JTNCQXJkJTI1QzMlMjVBOGNoZSUyMTVlMCUyMTNtMiUyMTFzZnIlMjEyc2ZyJTIxNHYxNjIyMzU3NTQ5Mjk1JTIxNW0yJTIxMXNmciUyMTJzZnIlMjIlMjB3aWR0aCUzRCUyMjQwMCUyMiUyMGhlaWdodCUzRCUyMjMwMCUyMiUyMHN0eWxlJTNEJTIyYm9yZGVyJTNBMCUzQiUyMiUyMGFsbG93ZnVsbHNjcmVlbiUzRCUyMiUyMiUyMGxvYWRpbmclM0QlMjJsYXp5JTIyJTNFJTNDJTJGaWZyYW1lJTNF&#8221;][\/vc_column][\/vc_row][vc_row][vc_column][vc_column_text]<\/p>\n<h2><span class=\"titre_3\"><strong>Our opening hours<\/strong><\/span><\/h2>\n<p>[\/vc_column_text][vc_column_text]You can reach us on +33 4 75 37 12 74 or via the contact form available on our site. Of course, you can also visit us at our sites in Vallon-Pont-d&#8217;Arc. We are at your disposal 7 days a week from 8 a.m. to 7 p.m.[\/vc_column_text][\/vc_column][\/vc_row]<\/p>\n","protected":false},"excerpt":{"rendered":"<p>[vc_row full_width=&#8221;stretch_row&#8221; el_id=&#8221;breadcrumb&#8221;][vc_column][vc_column_text] [\/vc_column_text][\/vc_column][\/vc_row][vc_row full_width=&#8221;stretch_row&#8221; el_id=&#8221;ban_inte&#8221;][vc_column][\/vc_column][\/vc_row][vc_row][vc_column][vc_column_text] Canoe rental in Ard\u00e8che for an unforgettable trip [\/vc_column_text][\/vc_column][\/vc_row][vc_row][vc_column][vc_column_text]Located in Vallon-Pont-d&#8217;Arc in Ard\u00e8che in the Auvergne-Rh\u00f4ne-Alpes region, La Vern\u00e8de is specialized in canoe rental and outdoor activity. With us, you are sure to experience an incredible descent of the Gorges de l&#8217;Ard\u00e8che! Prioritizing your safety and quality of service, [&hellip;]<\/p>\n","protected":false},"author":5,"featured_media":0,"parent":0,"menu_order":0,"comment_status":"closed","ping_status":"closed","template":"","meta":{"footnotes":""},"class_list":["post-2109","page","type-page","status-publish"],"yoast_head":"<!-- This site is optimized with the Yoast SEO plugin v24.3 - https:\/\/yoast.com\/wordpress\/plugins\/seo\/ -->\n<title>Learn more about us - LA VERNEDE<\/title>\n<meta name=\"description\" content=\"Located in Vallon-Pont-d&#039;Arc, La Vern\u00e8de is specialized in canoe rental and outdoor activity. A passionate team at your service !\" \/>\n<meta name=\"robots\" content=\"index, follow, max-snippet:-1, max-image-preview:large, max-video-preview:-1\" \/>\n<link rel=\"canonical\" href=\"https:\/\/canoe-kayak-lavernede.com\/en\/learn-more-about-us\/\" \/>\n<meta property=\"og:locale\" content=\"en_US\" \/>\n<meta property=\"og:type\" content=\"article\" \/>\n<meta property=\"og:title\" content=\"Learn more about us - LA VERNEDE\" \/>\n<meta property=\"og:description\" content=\"Located in Vallon-Pont-d&#039;Arc, La Vern\u00e8de is specialized in canoe rental and outdoor activity. A passionate team at your service !\" \/>\n<meta property=\"og:url\" content=\"https:\/\/canoe-kayak-lavernede.com\/en\/learn-more-about-us\/\" \/>\n<meta property=\"og:site_name\" content=\"LA VERNEDE\" \/>\n<meta property=\"article:modified_time\" content=\"2021-09-16T08:07:33+00:00\" \/>\n<meta name=\"twitter:card\" content=\"summary_large_image\" \/>\n<meta name=\"twitter:label1\" content=\"Est. reading time\" \/>\n\t<meta name=\"twitter:data1\" content=\"3 minutes\" \/>\n<script type=\"application\/ld+json\" class=\"yoast-schema-graph\">{\"@context\":\"https:\/\/schema.org\",\"@graph\":[{\"@type\":\"WebPage\",\"@id\":\"https:\/\/canoe-kayak-lavernede.com\/en\/learn-more-about-us\/\",\"url\":\"https:\/\/canoe-kayak-lavernede.com\/en\/learn-more-about-us\/\",\"name\":\"Learn more about us - LA VERNEDE\",\"isPartOf\":{\"@id\":\"https:\/\/canoe-kayak-lavernede.com\/#website\"},\"datePublished\":\"2021-06-28T07:04:21+00:00\",\"dateModified\":\"2021-09-16T08:07:33+00:00\",\"description\":\"Located in Vallon-Pont-d'Arc, La Vern\u00e8de is specialized in canoe rental and outdoor activity. A passionate team at your service !\",\"breadcrumb\":{\"@id\":\"https:\/\/canoe-kayak-lavernede.com\/en\/learn-more-about-us\/#breadcrumb\"},\"inLanguage\":\"en-US\",\"potentialAction\":[{\"@type\":\"ReadAction\",\"target\":[\"https:\/\/canoe-kayak-lavernede.com\/en\/learn-more-about-us\/\"]}]},{\"@type\":\"BreadcrumbList\",\"@id\":\"https:\/\/canoe-kayak-lavernede.com\/en\/learn-more-about-us\/#breadcrumb\",\"itemListElement\":[{\"@type\":\"ListItem\",\"position\":1,\"name\":\"Accueil\",\"item\":\"https:\/\/canoe-kayak-lavernede.com\/en\/\"},{\"@type\":\"ListItem\",\"position\":2,\"name\":\"Learn more about us\"}]},{\"@type\":\"WebSite\",\"@id\":\"https:\/\/canoe-kayak-lavernede.com\/#website\",\"url\":\"https:\/\/canoe-kayak-lavernede.com\/\",\"name\":\"LA VERNEDE\",\"description\":\"\",\"potentialAction\":[{\"@type\":\"SearchAction\",\"target\":{\"@type\":\"EntryPoint\",\"urlTemplate\":\"https:\/\/canoe-kayak-lavernede.com\/?s={search_term_string}\"},\"query-input\":{\"@type\":\"PropertyValueSpecification\",\"valueRequired\":true,\"valueName\":\"search_term_string\"}}],\"inLanguage\":\"en-US\"}]}<\/script>\n<!-- \/ Yoast SEO plugin. -->","yoast_head_json":{"title":"Learn more about us - LA VERNEDE","description":"Located in Vallon-Pont-d'Arc, La Vern\u00e8de is specialized in canoe rental and outdoor activity. A passionate team at your service !","robots":{"index":"index","follow":"follow","max-snippet":"max-snippet:-1","max-image-preview":"max-image-preview:large","max-video-preview":"max-video-preview:-1"},"canonical":"https:\/\/canoe-kayak-lavernede.com\/en\/learn-more-about-us\/","og_locale":"en_US","og_type":"article","og_title":"Learn more about us - LA VERNEDE","og_description":"Located in Vallon-Pont-d'Arc, La Vern\u00e8de is specialized in canoe rental and outdoor activity. A passionate team at your service !","og_url":"https:\/\/canoe-kayak-lavernede.com\/en\/learn-more-about-us\/","og_site_name":"LA VERNEDE","article_modified_time":"2021-09-16T08:07:33+00:00","twitter_card":"summary_large_image","twitter_misc":{"Est. reading time":"3 minutes"},"schema":{"@context":"https:\/\/schema.org","@graph":[{"@type":"WebPage","@id":"https:\/\/canoe-kayak-lavernede.com\/en\/learn-more-about-us\/","url":"https:\/\/canoe-kayak-lavernede.com\/en\/learn-more-about-us\/","name":"Learn more about us - LA VERNEDE","isPartOf":{"@id":"https:\/\/canoe-kayak-lavernede.com\/#website"},"datePublished":"2021-06-28T07:04:21+00:00","dateModified":"2021-09-16T08:07:33+00:00","description":"Located in Vallon-Pont-d'Arc, La Vern\u00e8de is specialized in canoe rental and outdoor activity. A passionate team at your service !","breadcrumb":{"@id":"https:\/\/canoe-kayak-lavernede.com\/en\/learn-more-about-us\/#breadcrumb"},"inLanguage":"en-US","potentialAction":[{"@type":"ReadAction","target":["https:\/\/canoe-kayak-lavernede.com\/en\/learn-more-about-us\/"]}]},{"@type":"BreadcrumbList","@id":"https:\/\/canoe-kayak-lavernede.com\/en\/learn-more-about-us\/#breadcrumb","itemListElement":[{"@type":"ListItem","position":1,"name":"Accueil","item":"https:\/\/canoe-kayak-lavernede.com\/en\/"},{"@type":"ListItem","position":2,"name":"Learn more about us"}]},{"@type":"WebSite","@id":"https:\/\/canoe-kayak-lavernede.com\/#website","url":"https:\/\/canoe-kayak-lavernede.com\/","name":"LA VERNEDE","description":"","potentialAction":[{"@type":"SearchAction","target":{"@type":"EntryPoint","urlTemplate":"https:\/\/canoe-kayak-lavernede.com\/?s={search_term_string}"},"query-input":{"@type":"PropertyValueSpecification","valueRequired":true,"valueName":"search_term_string"}}],"inLanguage":"en-US"}]}},"_links":{"self":[{"href":"https:\/\/canoe-kayak-lavernede.com\/en\/wp-json\/wp\/v2\/pages\/2109"}],"collection":[{"href":"https:\/\/canoe-kayak-lavernede.com\/en\/wp-json\/wp\/v2\/pages"}],"about":[{"href":"https:\/\/canoe-kayak-lavernede.com\/en\/wp-json\/wp\/v2\/types\/page"}],"author":[{"embeddable":true,"href":"https:\/\/canoe-kayak-lavernede.com\/en\/wp-json\/wp\/v2\/users\/5"}],"replies":[{"embeddable":true,"href":"https:\/\/canoe-kayak-lavernede.com\/en\/wp-json\/wp\/v2\/comments?post=2109"}],"version-history":[{"count":5,"href":"https:\/\/canoe-kayak-lavernede.com\/en\/wp-json\/wp\/v2\/pages\/2109\/revisions"}],"predecessor-version":[{"id":2114,"href":"https:\/\/canoe-kayak-lavernede.com\/en\/wp-json\/wp\/v2\/pages\/2109\/revisions\/2114"}],"wp:attachment":[{"href":"https:\/\/canoe-kayak-lavernede.com\/en\/wp-json\/wp\/v2\/media?parent=2109"}],"curies":[{"name":"wp","href":"https:\/\/api.w.org\/{rel}","templated":true}]}}