{"id":89,"date":"2018-08-29T10:25:11","date_gmt":"2018-08-29T08:25:11","guid":{"rendered":"http:\/\/wordpress-test.suite-logique.fr\/?page_id=89"},"modified":"2021-03-17T16:26:18","modified_gmt":"2021-03-17T15:26:18","slug":"plan-du-site","status":"publish","type":"page","link":"https:\/\/canoe-kayak-lavernede.com\/de\/plan-du-site\/","title":{"rendered":"Plan du site"},"content":{"rendered":"<p>[vc_row full_width=&#8220;stretch_row&#8220; el_id=&#8220;breadcrumb&#8220;][vc_column][vc_column_text]<span><span><a href=\"https:\/\/canoe-kayak-lavernede.com\/de\/\">Accueil<\/a><\/span><\/span><\/p>\n<p>[\/vc_column_text][\/vc_column][\/vc_row][vc_row full_width=&#8220;stretch_row&#8220; el_id=&#8220;ban_inte&#8220;][vc_column][vc_column_text]<\/p>\n<h1 style=\"text-align: center;\"><span class=\"titre_1\">Plan du site<br \/>\n<\/span><\/h1>\n<p>[\/vc_column_text][vc_column_text]<\/p>\n<p style=\"text-align: center;\"><span class=\"hashtag_small\">#Tout savoir sur l\u2019Ard\u00e8che et La Vern\u00e8de<\/span><\/p>\n<p>[\/vc_column_text]\n\n<picture class=\"ImgBG \" style=\"position: absolute; width: 100%; height:100%; top: 0; left:0; z-index: -2;\">\n    <img decoding=\"async\" width=\"1920\" height=\"600\" src=\"https:\/\/canoe-kayak-lavernede.com\/wp-content\/uploads\/2021\/03\/VisuHeaderActu.jpg\" class=\"attachment-full size-full\" alt=\"\" srcset=\"https:\/\/canoe-kayak-lavernede.com\/wp-content\/uploads\/2021\/03\/VisuHeaderActu.jpg 1920w, https:\/\/canoe-kayak-lavernede.com\/wp-content\/uploads\/2021\/03\/VisuHeaderActu-780x244.jpg 780w, https:\/\/canoe-kayak-lavernede.com\/wp-content\/uploads\/2021\/03\/VisuHeaderActu-768x240.jpg 768w, https:\/\/canoe-kayak-lavernede.com\/wp-content\/uploads\/2021\/03\/VisuHeaderActu-1536x480.jpg 1536w\" sizes=\"(max-width: 1920px) 100vw, 1920px\" \/><\/picture>\n\n[\/vc_column][\/vc_row][vc_row el_class=&#8220;padTB_2&#8243;][vc_column][vc_column_text]<div class=\"wsp-container\"><h2 class=\"wsp-pages-title\">Seiten<\/h2>\n<ul class=\"wsp-pages-list\">\n<li class=\"page_item page-item-5087 page_item_has_children\"><a href=\"https:\/\/canoe-kayak-lavernede.com\/de\/andere-aktivitaeten\/\">Andere Aktivit\u00e4ten<\/a>\n<ul class='children'>\n\t<li class=\"page_item page-item-5103 page_item_has_children\"><a href=\"https:\/\/canoe-kayak-lavernede.com\/de\/andere-aktivitaeten\/hoehlenforschung-in-der-ardeche\/\">H\u00f6hlenforschung in der Ard\u00e8che<\/a>\n\t<ul class='children'>\n\t\t<li class=\"page_item page-item-5136\"><a href=\"https:\/\/canoe-kayak-lavernede.com\/de\/andere-aktivitaeten\/hoehlenforschung-in-der-ardeche\/ganzen-tag-hoehlenforschung\/\">Ganzen Tag H\u00f6hlenforschung<\/a><\/li>\n\t\t<li class=\"page_item page-item-5108\"><a href=\"https:\/\/canoe-kayak-lavernede.com\/de\/andere-aktivitaeten\/hoehlenforschung-in-der-ardeche\/halbtaegige-hoehlenforschung-in-ardeche\/\">Halbt\u00e4gige H\u00f6hlenforschung in ard\u00e8che<\/a><\/li>\n\t<\/ul>\n<\/li>\n\t<li class=\"page_item page-item-5098\"><a href=\"https:\/\/canoe-kayak-lavernede.com\/de\/andere-aktivitaeten\/klettern-in-ardeche\/\">klettern in ard\u00e8che<\/a><\/li>\n<\/ul>\n<\/li>\n<li class=\"page_item page-item-3680\"><a href=\"https:\/\/canoe-kayak-lavernede.com\/de\/ardeche-kanufahrt-geschenkkarte\/\">Ard\u00e8che Kanufahrt Geschenkkarte<\/a><\/li>\n<li class=\"page_item page-item-3683\"><a href=\"https:\/\/canoe-kayak-lavernede.com\/de\/blog\/\">Blog<\/a><\/li>\n<li class=\"page_item page-item-5001 page_item_has_children\"><a href=\"https:\/\/canoe-kayak-lavernede.com\/de\/canyoning\/\">Canyoning<\/a>\n<ul class='children'>\n\t<li class=\"page_item page-item-5079 page_item_has_children\"><a href=\"https:\/\/canoe-kayak-lavernede.com\/de\/canyoning\/canyoning-fur-anfaenger\/\">Canyoning f\u00fcr Anf\u00e4nger<\/a>\n\t<ul class='children'>\n\t\t<li class=\"page_item page-item-5118\"><a href=\"https:\/\/canoe-kayak-lavernede.com\/de\/canyoning\/canyoning-fur-anfaenger\/aero-familie-besorgues\/\">Aero-Familie Besorgues<\/a><\/li>\n\t\t<li class=\"page_item page-item-5122\"><a href=\"https:\/\/canoe-kayak-lavernede.com\/de\/canyoning\/canyoning-fur-anfaenger\/bas-chassezac\/\">Bas Chassezac<\/a><\/li>\n\t<\/ul>\n<\/li>\n\t<li class=\"page_item page-item-5141 page_item_has_children\"><a href=\"https:\/\/canoe-kayak-lavernede.com\/de\/canyoning\/canyoning-fuer-erwachsene\/\">Canyoning f\u00fcr Erwachsene<\/a>\n\t<ul class='children'>\n\t\t<li class=\"page_item page-item-5150\"><a href=\"https:\/\/canoe-kayak-lavernede.com\/de\/canyoning\/canyoning-fuer-erwachsene\/aero-ad-besorgues\/\">&#8222;Aero-ad&#8220; Besorgues<\/a><\/li>\n\t<\/ul>\n<\/li>\n\t<li class=\"page_item page-item-5166 page_item_has_children\"><a href=\"https:\/\/canoe-kayak-lavernede.com\/de\/canyoning\/sportliches-canyoning\/\">Sportliches Canyoning<\/a>\n\t<ul class='children'>\n\t\t<li class=\"page_item page-item-5174\"><a href=\"https:\/\/canoe-kayak-lavernede.com\/de\/canyoning\/sportliches-canyoning\/ultra-aero-besorgues-canyoning-in-ardeche\/\">&#8222;Ultra aero&#8220; Besorgues canyoning in der Ard\u00e8che<\/a><\/li>\n\t\t<li class=\"page_item page-item-5154\"><a href=\"https:\/\/canoe-kayak-lavernede.com\/de\/canyoning\/sportliches-canyoning\/canyoning-in-ardeche-haut-chassezac\/\">Canyoning in Ard\u00e8che &#8222;Haut Chassezac&#8220;<\/a><\/li>\n\t\t<li class=\"page_item page-item-5170\"><a href=\"https:\/\/canoe-kayak-lavernede.com\/de\/canyoning\/sportliches-canyoning\/haut-chassezac-integral\/\">Haut Chassezac integral<\/a><\/li>\n\t<\/ul>\n<\/li>\n<\/ul>\n<\/li>\n<li class=\"page_item page-item-5106\"><a href=\"https:\/\/canoe-kayak-lavernede.com\/de\/conditions-generales-de-vente\/\">Conditions g\u00e9n\u00e9rales de vente<\/a><\/li>\n<li class=\"page_item page-item-9298\"><a href=\"https:\/\/canoe-kayak-lavernede.com\/de\/descente-de-lardeche-en-2-jours-aventure-et-confort\/\">Descente de l&#8217;Ard\u00e8che en 2 jours \u2013 Aventure et Confort<\/a><\/li>\n<li class=\"page_item page-item-3618 page_item_has_children\"><a href=\"https:\/\/canoe-kayak-lavernede.com\/de\/kanufahrten\/\">Kanutouren auf der Ard\u00e8che<\/a>\n<ul class='children'>\n\t<li class=\"page_item page-item-3661 page_item_has_children\"><a href=\"https:\/\/canoe-kayak-lavernede.com\/de\/kanufahrten\/eintaegige-kanutouren\/\">Eint\u00e4gige Kanutouren<\/a>\n\t<ul class='children'>\n\t\t<li class=\"page_item page-item-3670\"><a href=\"https:\/\/canoe-kayak-lavernede.com\/de\/kanufahrten\/eintaegige-kanutouren\/12km-der-medium-tour\/\">12km \u2013 Die Medium-Tour<\/a><\/li>\n\t\t<li class=\"page_item page-item-3691\"><a href=\"https:\/\/canoe-kayak-lavernede.com\/de\/kanufahrten\/eintaegige-kanutouren\/der-pont-darc-kanutour-8km\/\">Der Pont d\u2019Arc &#8211; Kanutour 8km<\/a><\/li>\n\t\t<li class=\"page_item page-item-3674\"><a href=\"https:\/\/canoe-kayak-lavernede.com\/de\/kanufahrten\/eintaegige-kanutouren\/die-ardeche-schluchten-24-km\/\">Die Ard\u00e8che-Schlucht &#8211; 24 km<\/a><\/li>\n\t\t<li class=\"page_item page-item-3685\"><a href=\"https:\/\/canoe-kayak-lavernede.com\/de\/kanufahrten\/eintaegige-kanutouren\/das-integral-32km\/\">Die Integrale &#8211; 32km<\/a><\/li>\n\t<\/ul>\n<\/li>\n\t<li class=\"page_item page-item-3701 page_item_has_children\"><a href=\"https:\/\/canoe-kayak-lavernede.com\/de\/kanufahrten\/unsere-2-taegigen-kanutouren\/\">Unsere 2-t\u00e4gigen Kanutouren<\/a>\n\t<ul class='children'>\n\t\t<li class=\"page_item page-item-5019\"><a href=\"https:\/\/canoe-kayak-lavernede.com\/de\/kanufahrten\/unsere-2-taegigen-kanutouren\/2-tage-fifty-fifty-kanutour-16-16-km\/\">2 Tage &#8211; Fifty-fifty Kanutour &#8211; 16 + 16 km<\/a><\/li>\n\t\t<li class=\"page_item page-item-4959\"><a href=\"https:\/\/canoe-kayak-lavernede.com\/de\/kanufahrten\/unsere-2-taegigen-kanutouren\/das-easy-way-24-8-km\/\">Das Easy way &#8211; 24 + 8 km 2 Tage Kanutour<\/a><\/li>\n\t\t<li class=\"page_item page-item-4980\"><a href=\"https:\/\/canoe-kayak-lavernede.com\/de\/kanufahrten\/unsere-2-taegigen-kanutouren\/das-easy-way-8-24-km-2-tage-kanutour\/\">Das Easy way &#8211; 8 + 24 km 2 Tage Kanutour<\/a><\/li>\n\t\t<li class=\"page_item page-item-4915\"><a href=\"https:\/\/canoe-kayak-lavernede.com\/de\/kanufahrten\/unsere-2-taegigen-kanutouren\/das-biwak-trip-32km-2-tage\/\">Der Biwak-Trip &#8211; 32km 2 Tage<\/a><\/li>\n\t<\/ul>\n<\/li>\n<\/ul>\n<\/li>\n<li class=\"page_item page-item-5130\"><a href=\"https:\/\/canoe-kayak-lavernede.com\/de\/kleine-kinder-canyon-besorgues\/\">Kids canyon Besorgues<\/a><\/li>\n<li class=\"page_item page-item-4908\"><a href=\"https:\/\/canoe-kayak-lavernede.com\/de\/kontact\/\">Kontakt<\/a><\/li>\n<li class=\"page_item page-item-7759\"><a href=\"https:\/\/canoe-kayak-lavernede.com\/de\/la-vernede-x-domaine-de-la-sabliere\/\">La Vernede X domaine de la Sabli\u00e8re<\/a><\/li>\n<li class=\"page_item page-item-1320\"><a href=\"https:\/\/canoe-kayak-lavernede.com\/de\/liens-utiles\/\">Liens utiles<\/a><\/li>\n<li class=\"page_item page-item-311\"><a href=\"https:\/\/canoe-kayak-lavernede.com\/de\/mentions-legales\/\">Mentions l\u00e9gales<\/a><\/li>\n<li class=\"page_item page-item-7579\"><a href=\"https:\/\/canoe-kayak-lavernede.com\/de\/mini-descente-de-lardeche-8km-encadree-des-5-ans\/\">Mini descente de l&#8217;Ard\u00e8che 8km encadr\u00e9e (d\u00e8s 5 ans)<\/a><\/li>\n<li class=\"page_item page-item-586\"><a href=\"https:\/\/canoe-kayak-lavernede.com\/de\/news\/\">news<\/a><\/li>\n<li class=\"page_item page-item-5475\"><a href=\"https:\/\/canoe-kayak-lavernede.com\/de\/outdoor-activity-pack\/\">Outdoor Activity Pack<\/a><\/li>\n<li class=\"page_item page-item-3473\"><a href=\"https:\/\/canoe-kayak-lavernede.com\/de\/pack-tout-en-un-descente-de-lardeche-en-canoe-sur-deux-jours-avec-bivouac\/\">Pack tout en un &#8211; Descente de l&#8217;Ard\u00e8che en cano\u00eb sur deux jours avec bivouac<\/a><\/li>\n<li class=\"page_item page-item-89\"><a href=\"https:\/\/canoe-kayak-lavernede.com\/de\/plan-du-site\/\">Plan du site<\/a><\/li>\n<li class=\"page_item page-item-2824\"><a href=\"https:\/\/canoe-kayak-lavernede.com\/de\/politique-de-confidentialite-2\/\">Politique de confidentialit\u00e9<\/a><\/li>\n<li class=\"page_item page-item-5178\"><a href=\"https:\/\/canoe-kayak-lavernede.com\/de\/preise\/\">Preise<\/a><\/li>\n<li class=\"page_item page-item-1708\"><a href=\"https:\/\/canoe-kayak-lavernede.com\/de\/rappel-geant\/\">Rappel g\u00e9ant<\/a><\/li>\n<li class=\"page_item page-item-4218\"><a href=\"https:\/\/canoe-kayak-lavernede.com\/de\/reservez-votre-nuit-en-bivouac-dans-les-gorges-de-lardeche\/\">R\u00e9servez votre nuit en Bivouac dans les Gorges de l&#8217;Ard\u00e8che<\/a><\/li>\n<li class=\"page_item page-item-3568\"><a href=\"https:\/\/canoe-kayak-lavernede.com\/de\/\">Startseite<\/a><\/li>\n<li class=\"page_item page-item-1653\"><a href=\"https:\/\/canoe-kayak-lavernede.com\/de\/via-ferrata-du-pot-du-diable\/\">Via ferrata du Pot du Diable<\/a><\/li>\n<li class=\"page_item page-item-1673\"><a href=\"https:\/\/canoe-kayak-lavernede.com\/de\/via-ferrata-lac-de-villefort\/\">Via ferrata Lac de Villefort<\/a><\/li>\n<li class=\"page_item page-item-5083 page_item_has_children\"><a href=\"https:\/\/canoe-kayak-lavernede.com\/de\/wer-sind-wir\/\">Wer sind wir<\/a>\n<ul class='children'>\n\t<li class=\"page_item page-item-4997\"><a href=\"https:\/\/canoe-kayak-lavernede.com\/de\/wer-sind-wir\/oeffnungszeit\/\">\u00d6ffnungszeiten<\/a><\/li>\n\t<li class=\"page_item page-item-4956\"><a href=\"https:\/\/canoe-kayak-lavernede.com\/de\/wer-sind-wir\/uns-finden\/\">Uns finden<\/a><\/li>\n<\/ul>\n<\/li>\n<li class=\"page_item page-item-1172\"><a href=\"https:\/\/canoe-kayak-lavernede.com\/de\/descente-gorges-ardeche\/enterrement-de-vie-de-celibataire\/\">Enterrement de vie de c\u00e9libataire<\/a><\/li>\n<li class=\"page_item page-item-9541\"><a href=\"https:\/\/canoe-kayak-lavernede.com\/de\/descente-gorges-ardeche\/1-jour\/mini-toboggans-5-km\/\">Mini toboggans &#8211; 5 Km<\/a><\/li>\n<\/ul>\n<\/div>\n<div class=\"wsp-container\"><\/div>\n<p>[\/vc_column_text][\/vc_column][\/vc_row]<\/p>\n","protected":false},"excerpt":{"rendered":"<p>[vc_row full_width=&#8220;stretch_row&#8220; el_id=&#8220;breadcrumb&#8220;][vc_column][vc_column_text] [\/vc_column_text][\/vc_column][\/vc_row][vc_row full_width=&#8220;stretch_row&#8220; el_id=&#8220;ban_inte&#8220;][vc_column][vc_column_text] Plan du site [\/vc_column_text][vc_column_text] #Tout savoir sur l\u2019Ard\u00e8che et La Vern\u00e8de [\/vc_column_text][\/vc_column][\/vc_row][vc_row el_class=&#8220;padTB_2&#8243;][vc_column][vc_column_text] [\/vc_column_text][\/vc_column][\/vc_row]<\/p>\n","protected":false},"author":5,"featured_media":0,"parent":0,"menu_order":0,"comment_status":"closed","ping_status":"closed","template":"","meta":{"footnotes":""},"class_list":["post-89","page","type-page","status-publish"],"yoast_head":"<!-- This site is optimized with the Yoast SEO plugin v24.3 - https:\/\/yoast.com\/wordpress\/plugins\/seo\/ -->\n<title>Plan du site - LA VERNEDE<\/title>\n<meta name=\"robots\" content=\"index, follow, max-snippet:-1, max-image-preview:large, max-video-preview:-1\" \/>\n<link rel=\"canonical\" href=\"https:\/\/canoe-kayak-lavernede.com\/plan-du-site\/\" \/>\n<meta property=\"og:locale\" content=\"de_DE\" \/>\n<meta property=\"og:type\" content=\"article\" \/>\n<meta property=\"og:title\" content=\"Plan du site - LA VERNEDE\" \/>\n<meta property=\"og:description\" content=\"[vc_row full_width=&#8220;stretch_row&#8220; el_id=&#8220;breadcrumb&#8220;][vc_column][vc_column_text] [\/vc_column_text][\/vc_column][\/vc_row][vc_row full_width=&#8220;stretch_row&#8220; el_id=&#8220;ban_inte&#8220;][vc_column][vc_column_text] Plan du site [\/vc_column_text][vc_column_text] #Tout savoir sur l\u2019Ard\u00e8che et La Vern\u00e8de [\/vc_column_text][\/vc_column][\/vc_row][vc_row el_class=&#8220;padTB_2&#8243;][vc_column][vc_column_text] [\/vc_column_text][\/vc_column][\/vc_row]\" \/>\n<meta property=\"og:url\" content=\"https:\/\/canoe-kayak-lavernede.com\/plan-du-site\/\" \/>\n<meta property=\"og:site_name\" content=\"LA VERNEDE\" \/>\n<meta property=\"article:modified_time\" content=\"2021-03-17T15:26:18+00:00\" \/>\n<meta name=\"twitter:card\" content=\"summary_large_image\" \/>\n<meta name=\"twitter:label1\" content=\"Gesch\u00e4tzte Lesezeit\" \/>\n\t<meta name=\"twitter:data1\" content=\"1\u00a0Minute\" \/>\n<script type=\"application\/ld+json\" class=\"yoast-schema-graph\">{\"@context\":\"https:\/\/schema.org\",\"@graph\":[{\"@type\":\"WebPage\",\"@id\":\"https:\/\/canoe-kayak-lavernede.com\/plan-du-site\/\",\"url\":\"https:\/\/canoe-kayak-lavernede.com\/plan-du-site\/\",\"name\":\"Plan du site - LA VERNEDE\",\"isPartOf\":{\"@id\":\"https:\/\/canoe-kayak-lavernede.com\/#website\"},\"datePublished\":\"2018-08-29T08:25:11+00:00\",\"dateModified\":\"2021-03-17T15:26:18+00:00\",\"breadcrumb\":{\"@id\":\"https:\/\/canoe-kayak-lavernede.com\/plan-du-site\/#breadcrumb\"},\"inLanguage\":\"de\",\"potentialAction\":[{\"@type\":\"ReadAction\",\"target\":[\"https:\/\/canoe-kayak-lavernede.com\/plan-du-site\/\"]}]},{\"@type\":\"BreadcrumbList\",\"@id\":\"https:\/\/canoe-kayak-lavernede.com\/plan-du-site\/#breadcrumb\",\"itemListElement\":[{\"@type\":\"ListItem\",\"position\":1,\"name\":\"Accueil\",\"item\":\"https:\/\/canoe-kayak-lavernede.com\/de\/\"},{\"@type\":\"ListItem\",\"position\":2,\"name\":\"Plan du site\"}]},{\"@type\":\"WebSite\",\"@id\":\"https:\/\/canoe-kayak-lavernede.com\/#website\",\"url\":\"https:\/\/canoe-kayak-lavernede.com\/\",\"name\":\"LA VERNEDE\",\"description\":\"\",\"potentialAction\":[{\"@type\":\"SearchAction\",\"target\":{\"@type\":\"EntryPoint\",\"urlTemplate\":\"https:\/\/canoe-kayak-lavernede.com\/?s={search_term_string}\"},\"query-input\":{\"@type\":\"PropertyValueSpecification\",\"valueRequired\":true,\"valueName\":\"search_term_string\"}}],\"inLanguage\":\"de\"}]}<\/script>\n<!-- \/ Yoast SEO plugin. -->","yoast_head_json":{"title":"Plan du site - LA VERNEDE","robots":{"index":"index","follow":"follow","max-snippet":"max-snippet:-1","max-image-preview":"max-image-preview:large","max-video-preview":"max-video-preview:-1"},"canonical":"https:\/\/canoe-kayak-lavernede.com\/plan-du-site\/","og_locale":"de_DE","og_type":"article","og_title":"Plan du site - LA VERNEDE","og_description":"[vc_row full_width=&#8220;stretch_row&#8220; el_id=&#8220;breadcrumb&#8220;][vc_column][vc_column_text] [\/vc_column_text][\/vc_column][\/vc_row][vc_row full_width=&#8220;stretch_row&#8220; el_id=&#8220;ban_inte&#8220;][vc_column][vc_column_text] Plan du site [\/vc_column_text][vc_column_text] #Tout savoir sur l\u2019Ard\u00e8che et La Vern\u00e8de [\/vc_column_text][\/vc_column][\/vc_row][vc_row el_class=&#8220;padTB_2&#8243;][vc_column][vc_column_text] [\/vc_column_text][\/vc_column][\/vc_row]","og_url":"https:\/\/canoe-kayak-lavernede.com\/plan-du-site\/","og_site_name":"LA VERNEDE","article_modified_time":"2021-03-17T15:26:18+00:00","twitter_card":"summary_large_image","twitter_misc":{"Gesch\u00e4tzte Lesezeit":"1\u00a0Minute"},"schema":{"@context":"https:\/\/schema.org","@graph":[{"@type":"WebPage","@id":"https:\/\/canoe-kayak-lavernede.com\/plan-du-site\/","url":"https:\/\/canoe-kayak-lavernede.com\/plan-du-site\/","name":"Plan du site - LA VERNEDE","isPartOf":{"@id":"https:\/\/canoe-kayak-lavernede.com\/#website"},"datePublished":"2018-08-29T08:25:11+00:00","dateModified":"2021-03-17T15:26:18+00:00","breadcrumb":{"@id":"https:\/\/canoe-kayak-lavernede.com\/plan-du-site\/#breadcrumb"},"inLanguage":"de","potentialAction":[{"@type":"ReadAction","target":["https:\/\/canoe-kayak-lavernede.com\/plan-du-site\/"]}]},{"@type":"BreadcrumbList","@id":"https:\/\/canoe-kayak-lavernede.com\/plan-du-site\/#breadcrumb","itemListElement":[{"@type":"ListItem","position":1,"name":"Accueil","item":"https:\/\/canoe-kayak-lavernede.com\/de\/"},{"@type":"ListItem","position":2,"name":"Plan du site"}]},{"@type":"WebSite","@id":"https:\/\/canoe-kayak-lavernede.com\/#website","url":"https:\/\/canoe-kayak-lavernede.com\/","name":"LA VERNEDE","description":"","potentialAction":[{"@type":"SearchAction","target":{"@type":"EntryPoint","urlTemplate":"https:\/\/canoe-kayak-lavernede.com\/?s={search_term_string}"},"query-input":{"@type":"PropertyValueSpecification","valueRequired":true,"valueName":"search_term_string"}}],"inLanguage":"de"}]}},"_links":{"self":[{"href":"https:\/\/canoe-kayak-lavernede.com\/de\/wp-json\/wp\/v2\/pages\/89"}],"collection":[{"href":"https:\/\/canoe-kayak-lavernede.com\/de\/wp-json\/wp\/v2\/pages"}],"about":[{"href":"https:\/\/canoe-kayak-lavernede.com\/de\/wp-json\/wp\/v2\/types\/page"}],"author":[{"embeddable":true,"href":"https:\/\/canoe-kayak-lavernede.com\/de\/wp-json\/wp\/v2\/users\/5"}],"replies":[{"embeddable":true,"href":"https:\/\/canoe-kayak-lavernede.com\/de\/wp-json\/wp\/v2\/comments?post=89"}],"version-history":[{"count":1,"href":"https:\/\/canoe-kayak-lavernede.com\/de\/wp-json\/wp\/v2\/pages\/89\/revisions"}],"predecessor-version":[{"id":1146,"href":"https:\/\/canoe-kayak-lavernede.com\/de\/wp-json\/wp\/v2\/pages\/89\/revisions\/1146"}],"wp:attachment":[{"href":"https:\/\/canoe-kayak-lavernede.com\/de\/wp-json\/wp\/v2\/media?parent=89"}],"curies":[{"name":"wp","href":"https:\/\/api.w.org\/{rel}","templated":true}]}}