{"id":5174,"date":"2022-12-05T10:11:50","date_gmt":"2022-12-05T09:11:50","guid":{"rendered":"https:\/\/www.canoe-kayak-lavernede.com\/?page_id=5174"},"modified":"2026-02-09T10:08:11","modified_gmt":"2026-02-09T09:08:11","slug":"ultra-aero-besorgues-canyoning-in-ardeche","status":"publish","type":"page","link":"https:\/\/canoe-kayak-lavernede.com\/de\/canyoning\/sportliches-canyoning\/ultra-aero-besorgues-canyoning-in-ardeche\/","title":{"rendered":"&#8222;Ultra aero&#8220; Besorgues canyoning in der Ard\u00e8che"},"content":{"rendered":"<p>[vc_row full_width=&#8220;stretch_row&#8220; el_id=&#8220;breadcrumb&#8220;][vc_column][vc_column_text]<span><span><a href=\"https:\/\/canoe-kayak-lavernede.com\/de\/\">Accueil<\/a><\/span><\/span>[\/vc_column_text][\/vc_column][\/vc_row][vc_row full_width=&#8220;stretch_row&#8220; el_id=&#8220;ban_inte&#8220;][vc_column][vc_column_text]<\/p>\n<h1 style=\"text-align: center;\"><span class=\"titre_1\">Canyoning Ultra Aero<br \/>\nBesorgues<br \/>\n<\/span><\/h1>\n<p>[\/vc_column_text][vc_column_text]<\/p>\n<h2 style=\"text-align: center;\"><span class=\"hashtag_small\">#Aerocanyoning auf Hochtouren!<\/span><\/h2>\n<p>[\/vc_column_text]\n\n<picture class=\"ImgBG \" style=\"position: absolute; width: 100%; height:100%; top: 0; left:0; z-index: -2;\">\n    <img decoding=\"async\" width=\"1200\" height=\"800\" src=\"https:\/\/canoe-kayak-lavernede.com\/wp-content\/uploads\/2021\/04\/canyoning-saut-toboggan-tirolienne-ardeche-3.jpg\" class=\"attachment-full size-full\" alt=\"glissade canyoning haut chassezac\" srcset=\"https:\/\/canoe-kayak-lavernede.com\/wp-content\/uploads\/2021\/04\/canyoning-saut-toboggan-tirolienne-ardeche-3.jpg 1200w, https:\/\/canoe-kayak-lavernede.com\/wp-content\/uploads\/2021\/04\/canyoning-saut-toboggan-tirolienne-ardeche-3-780x520.jpg 780w, https:\/\/canoe-kayak-lavernede.com\/wp-content\/uploads\/2021\/04\/canyoning-saut-toboggan-tirolienne-ardeche-3-768x512.jpg 768w\" sizes=\"(max-width: 1200px) 100vw, 1200px\" \/><\/picture>\n\n[\/vc_column][\/vc_row][vc_row][vc_column][vc_column_text css_animation=&#8220;top-to-bottom&#8220;]<\/p>\n<p style=\"text-align: center;\"><span class=\"hashtag_small\" style=\"color: #ff0000;\">Ab 12 Jahren<\/span><\/p>\n<p>[\/vc_column_text][vc_single_image image=&#8220;2633&#8243; alignment=&#8220;center&#8220; css_animation=&#8220;bottom-to-top&#8220;][vc_column_text]<\/p>\n<h3><span class=\"titre_2\">Pr\u00e4sentation :<\/span><\/h3>\n<p>[\/vc_column_text][vc_column_text]Sportcanyoning \u00fcber einen halben Tag! Viele Spr\u00fcnge (vermeidbar), Rutschen, Passagen in Becken und Seilrutschen stehen auf dem Programm!<br \/>\nKommen Sie und erleben Sie einen halben Tag voller Abenteuer im Herzen der Natur der Ard\u00e8che und entdecken Sie die unglaubliche Kulisse der Besorgues-Schlucht.<\/p>\n<p><strong>F\u00fcr diese Aktivit\u00e4t wird eine gute k\u00f6rperliche Verfassung empfohlen.<\/strong>[\/vc_column_text][vc_column_text]<\/p>\n<h3><span class=\"titre_2\">Wie geht&#8217;s ?<\/span><\/h3>\n<p>[\/vc_column_text][vc_column_text]Nach der Einf\u00fchrung durch einen staatlich gepr\u00fcften Instructor rechnen Sie mit ca. 15 Minuten Anstieg zum Start dieses Parcours. W\u00e4hrend Sie das Tempo halten, werden Sie Spr\u00fcnge bis zu 6 m, Rutschen, Becken und geologische Kuriosit\u00e4ten in dieser Naturlandschaft im Herzen der Ard\u00e8che aneinander reihen!<\/p>\n<p>Rechnen Sie mit ungef\u00e4hr 3 Stunden Abenteuer und Nervenkitzel, die mit 3 Seilrutschen enden![\/vc_column_text][\/vc_column][\/vc_row][vc_row][vc_column width=&#8220;1\/2&#8243;][vc_column_text]<\/p>\n<h3><span class=\"titre_2\">Zur Verf\u00fcgung gestellte Ausr\u00fcstung:<\/span><\/h3>\n<p>[\/vc_column_text][vc_column_text]<\/p>\n<ul>\n<li>Kombination<\/li>\n<li>Helm<\/li>\n<li>Socken<\/li>\n<li>Schuhe<\/li>\n<li>Geschirr<\/li>\n<\/ul>\n<p>[\/vc_column_text][vc_column_text]<\/p>\n<h3><span class=\"titre_2\">Ausstattung zur Verf\u00fcgung stellen:<\/span><\/h3>\n<p>[\/vc_column_text][vc_column_text]<\/p>\n<ul>\n<li>Badeanzug<\/li>\n<li>Wasser \/ Snack<\/li>\n<li>Badetuch<\/li>\n<\/ul>\n<p>[\/vc_column_text][\/vc_column][vc_column width=&#8220;1\/2&#8243;][vc_raw_html]JTNDaWZyYW1lJTIwd2lkdGglM0QlMjI1NjAlMjIlMjBoZWlnaHQlM0QlMjIzMTUlMjIlMjBzcmMlM0QlMjJodHRwcyUzQSUyRiUyRnd3dy55b3V0dWJlLmNvbSUyRmVtYmVkJTJGWmszbm1IZUhEVFUlMjIlMjB0aXRsZSUzRCUyMllvdVR1YmUlMjB2aWRlbyUyMHBsYXllciUyMiUyMGZyYW1lYm9yZGVyJTNEJTIyMCUyMiUyMGFsbG93JTNEJTIyYWNjZWxlcm9tZXRlciUzQiUyMGF1dG9wbGF5JTNCJTIwY2xpcGJvYXJkLXdyaXRlJTNCJTIwZW5jcnlwdGVkLW1lZGlhJTNCJTIwZ3lyb3Njb3BlJTNCJTIwcGljdHVyZS1pbi1waWN0dXJlJTIyJTIwYWxsb3dmdWxsc2NyZWVuJTNFJTNDJTJGaWZyYW1lJTNF[\/vc_raw_html][\/vc_column][\/vc_row][vc_row][vc_column][vc_column_text]<\/p>\n<p style=\"text-align: center;\"><span class=\"titre_2 titre_3\" style=\"font-size: 18pt;\"><strong>Ab 62\u20ac \/ person<\/strong><\/span><\/p>\n<p>[\/vc_column_text]<div class=' txt_centre btn_plein_rouge'><a class='lien_btn smoothScroll' href='\/de\/kontact\/' ><span><strong>INFORMATIONEN UND ANMELDUNG HIER<\/strong><\/span><\/a><\/div>[\/vc_column][\/vc_row]<\/p>\n","protected":false},"excerpt":{"rendered":"<p>[vc_row full_width=&#8220;stretch_row&#8220; el_id=&#8220;breadcrumb&#8220;][vc_column][vc_column_text][\/vc_column_text][\/vc_column][\/vc_row][vc_row full_width=&#8220;stretch_row&#8220; el_id=&#8220;ban_inte&#8220;][vc_column][vc_column_text] Canyoning Ultra Aero Besorgues [\/vc_column_text][vc_column_text] #Aerocanyoning auf Hochtouren! [\/vc_column_text][\/vc_column][\/vc_row][vc_row][vc_column][vc_column_text css_animation=&#8220;top-to-bottom&#8220;] Ab 12 Jahren [\/vc_column_text][vc_single_image image=&#8220;2633&#8243; alignment=&#8220;center&#8220; css_animation=&#8220;bottom-to-top&#8220;][vc_column_text] Pr\u00e4sentation : [\/vc_column_text][vc_column_text]Sportcanyoning \u00fcber einen halben Tag! Viele Spr\u00fcnge (vermeidbar), Rutschen, Passagen in Becken und Seilrutschen stehen auf dem Programm! Kommen Sie und erleben Sie einen halben Tag voller Abenteuer im Herzen der [&hellip;]<\/p>\n","protected":false},"author":5,"featured_media":0,"parent":5166,"menu_order":0,"comment_status":"closed","ping_status":"closed","template":"","meta":{"footnotes":""},"class_list":["post-5174","page","type-page","status-publish"],"yoast_head":"<!-- This site is optimized with the Yoast SEO plugin v24.3 - https:\/\/yoast.com\/wordpress\/plugins\/seo\/ -->\n<title>&quot;Ultra aero&quot; Besorgues canyoning in der Ard\u00e8che - LA VERNEDE<\/title>\n<meta name=\"description\" content=\"Entdecken Sie mit La Vernede die Sportformel Aero Canyoning in Ard\u00e8che, Spr\u00fcnge, Schwimmen und Seilrutschen !!\" \/>\n<meta name=\"robots\" content=\"index, follow, max-snippet:-1, max-image-preview:large, max-video-preview:-1\" \/>\n<link rel=\"canonical\" href=\"https:\/\/canoe-kayak-lavernede.com\/canyoning-ardeche\/sportif\/ultra-aero-besorgues\/\" \/>\n<meta property=\"og:locale\" content=\"de_DE\" \/>\n<meta property=\"og:type\" content=\"article\" \/>\n<meta property=\"og:title\" content=\"&quot;Ultra aero&quot; Besorgues canyoning in der Ard\u00e8che - LA VERNEDE\" \/>\n<meta property=\"og:description\" content=\"Entdecken Sie mit La Vernede die Sportformel Aero Canyoning in Ard\u00e8che, Spr\u00fcnge, Schwimmen und Seilrutschen !!\" \/>\n<meta property=\"og:url\" content=\"https:\/\/canoe-kayak-lavernede.com\/canyoning-ardeche\/sportif\/ultra-aero-besorgues\/\" \/>\n<meta property=\"og:site_name\" content=\"LA VERNEDE\" \/>\n<meta property=\"article:modified_time\" content=\"2026-02-09T09:08:11+00:00\" \/>\n<meta name=\"twitter:card\" content=\"summary_large_image\" \/>\n<meta name=\"twitter:label1\" content=\"Gesch\u00e4tzte Lesezeit\" \/>\n\t<meta name=\"twitter:data1\" content=\"1\u00a0Minute\" \/>\n<script type=\"application\/ld+json\" class=\"yoast-schema-graph\">{\"@context\":\"https:\/\/schema.org\",\"@graph\":[{\"@type\":\"WebPage\",\"@id\":\"https:\/\/canoe-kayak-lavernede.com\/canyoning-ardeche\/sportif\/ultra-aero-besorgues\/\",\"url\":\"https:\/\/canoe-kayak-lavernede.com\/canyoning-ardeche\/sportif\/ultra-aero-besorgues\/\",\"name\":\"\\\"Ultra aero\\\" Besorgues canyoning in der Ard\u00e8che - LA VERNEDE\",\"isPartOf\":{\"@id\":\"https:\/\/canoe-kayak-lavernede.com\/#website\"},\"datePublished\":\"2022-12-05T09:11:50+00:00\",\"dateModified\":\"2026-02-09T09:08:11+00:00\",\"description\":\"Entdecken Sie mit La Vernede die Sportformel Aero Canyoning in Ard\u00e8che, Spr\u00fcnge, Schwimmen und Seilrutschen !!\",\"breadcrumb\":{\"@id\":\"https:\/\/canoe-kayak-lavernede.com\/canyoning-ardeche\/sportif\/ultra-aero-besorgues\/#breadcrumb\"},\"inLanguage\":\"de\",\"potentialAction\":[{\"@type\":\"ReadAction\",\"target\":[\"https:\/\/canoe-kayak-lavernede.com\/canyoning-ardeche\/sportif\/ultra-aero-besorgues\/\"]}]},{\"@type\":\"BreadcrumbList\",\"@id\":\"https:\/\/canoe-kayak-lavernede.com\/canyoning-ardeche\/sportif\/ultra-aero-besorgues\/#breadcrumb\",\"itemListElement\":[{\"@type\":\"ListItem\",\"position\":1,\"name\":\"Accueil\",\"item\":\"https:\/\/canoe-kayak-lavernede.com\/de\/\"},{\"@type\":\"ListItem\",\"position\":2,\"name\":\"Canyoning\",\"item\":\"https:\/\/canoe-kayak-lavernede.com\/de\/canyoning\/\"},{\"@type\":\"ListItem\",\"position\":3,\"name\":\"Sportliches Canyoning\",\"item\":\"https:\/\/canoe-kayak-lavernede.com\/de\/canyoning\/sportliches-canyoning\/\"},{\"@type\":\"ListItem\",\"position\":4,\"name\":\"\u00ab\u00a0Ultra aero\u00a0\u00bb Besorgues canyoning in der Ard\u00e8che\"}]},{\"@type\":\"WebSite\",\"@id\":\"https:\/\/canoe-kayak-lavernede.com\/#website\",\"url\":\"https:\/\/canoe-kayak-lavernede.com\/\",\"name\":\"LA VERNEDE\",\"description\":\"\",\"potentialAction\":[{\"@type\":\"SearchAction\",\"target\":{\"@type\":\"EntryPoint\",\"urlTemplate\":\"https:\/\/canoe-kayak-lavernede.com\/?s={search_term_string}\"},\"query-input\":{\"@type\":\"PropertyValueSpecification\",\"valueRequired\":true,\"valueName\":\"search_term_string\"}}],\"inLanguage\":\"de\"}]}<\/script>\n<!-- \/ Yoast SEO plugin. -->","yoast_head_json":{"title":"\"Ultra aero\" Besorgues canyoning in der Ard\u00e8che - LA VERNEDE","description":"Entdecken Sie mit La Vernede die Sportformel Aero Canyoning in Ard\u00e8che, Spr\u00fcnge, Schwimmen und Seilrutschen !!","robots":{"index":"index","follow":"follow","max-snippet":"max-snippet:-1","max-image-preview":"max-image-preview:large","max-video-preview":"max-video-preview:-1"},"canonical":"https:\/\/canoe-kayak-lavernede.com\/canyoning-ardeche\/sportif\/ultra-aero-besorgues\/","og_locale":"de_DE","og_type":"article","og_title":"\"Ultra aero\" Besorgues canyoning in der Ard\u00e8che - LA VERNEDE","og_description":"Entdecken Sie mit La Vernede die Sportformel Aero Canyoning in Ard\u00e8che, Spr\u00fcnge, Schwimmen und Seilrutschen !!","og_url":"https:\/\/canoe-kayak-lavernede.com\/canyoning-ardeche\/sportif\/ultra-aero-besorgues\/","og_site_name":"LA VERNEDE","article_modified_time":"2026-02-09T09:08:11+00:00","twitter_card":"summary_large_image","twitter_misc":{"Gesch\u00e4tzte Lesezeit":"1\u00a0Minute"},"schema":{"@context":"https:\/\/schema.org","@graph":[{"@type":"WebPage","@id":"https:\/\/canoe-kayak-lavernede.com\/canyoning-ardeche\/sportif\/ultra-aero-besorgues\/","url":"https:\/\/canoe-kayak-lavernede.com\/canyoning-ardeche\/sportif\/ultra-aero-besorgues\/","name":"\"Ultra aero\" Besorgues canyoning in der Ard\u00e8che - LA VERNEDE","isPartOf":{"@id":"https:\/\/canoe-kayak-lavernede.com\/#website"},"datePublished":"2022-12-05T09:11:50+00:00","dateModified":"2026-02-09T09:08:11+00:00","description":"Entdecken Sie mit La Vernede die Sportformel Aero Canyoning in Ard\u00e8che, Spr\u00fcnge, Schwimmen und Seilrutschen !!","breadcrumb":{"@id":"https:\/\/canoe-kayak-lavernede.com\/canyoning-ardeche\/sportif\/ultra-aero-besorgues\/#breadcrumb"},"inLanguage":"de","potentialAction":[{"@type":"ReadAction","target":["https:\/\/canoe-kayak-lavernede.com\/canyoning-ardeche\/sportif\/ultra-aero-besorgues\/"]}]},{"@type":"BreadcrumbList","@id":"https:\/\/canoe-kayak-lavernede.com\/canyoning-ardeche\/sportif\/ultra-aero-besorgues\/#breadcrumb","itemListElement":[{"@type":"ListItem","position":1,"name":"Accueil","item":"https:\/\/canoe-kayak-lavernede.com\/de\/"},{"@type":"ListItem","position":2,"name":"Canyoning","item":"https:\/\/canoe-kayak-lavernede.com\/de\/canyoning\/"},{"@type":"ListItem","position":3,"name":"Sportliches Canyoning","item":"https:\/\/canoe-kayak-lavernede.com\/de\/canyoning\/sportliches-canyoning\/"},{"@type":"ListItem","position":4,"name":"\u00ab\u00a0Ultra aero\u00a0\u00bb Besorgues canyoning in der Ard\u00e8che"}]},{"@type":"WebSite","@id":"https:\/\/canoe-kayak-lavernede.com\/#website","url":"https:\/\/canoe-kayak-lavernede.com\/","name":"LA VERNEDE","description":"","potentialAction":[{"@type":"SearchAction","target":{"@type":"EntryPoint","urlTemplate":"https:\/\/canoe-kayak-lavernede.com\/?s={search_term_string}"},"query-input":{"@type":"PropertyValueSpecification","valueRequired":true,"valueName":"search_term_string"}}],"inLanguage":"de"}]}},"_links":{"self":[{"href":"https:\/\/canoe-kayak-lavernede.com\/de\/wp-json\/wp\/v2\/pages\/5174"}],"collection":[{"href":"https:\/\/canoe-kayak-lavernede.com\/de\/wp-json\/wp\/v2\/pages"}],"about":[{"href":"https:\/\/canoe-kayak-lavernede.com\/de\/wp-json\/wp\/v2\/types\/page"}],"author":[{"embeddable":true,"href":"https:\/\/canoe-kayak-lavernede.com\/de\/wp-json\/wp\/v2\/users\/5"}],"replies":[{"embeddable":true,"href":"https:\/\/canoe-kayak-lavernede.com\/de\/wp-json\/wp\/v2\/comments?post=5174"}],"version-history":[{"count":4,"href":"https:\/\/canoe-kayak-lavernede.com\/de\/wp-json\/wp\/v2\/pages\/5174\/revisions"}],"predecessor-version":[{"id":11192,"href":"https:\/\/canoe-kayak-lavernede.com\/de\/wp-json\/wp\/v2\/pages\/5174\/revisions\/11192"}],"up":[{"embeddable":true,"href":"https:\/\/canoe-kayak-lavernede.com\/de\/wp-json\/wp\/v2\/pages\/5166"}],"wp:attachment":[{"href":"https:\/\/canoe-kayak-lavernede.com\/de\/wp-json\/wp\/v2\/media?parent=5174"}],"curies":[{"name":"wp","href":"https:\/\/api.w.org\/{rel}","templated":true}]}}