{"id":5170,"date":"2022-12-05T10:04:07","date_gmt":"2022-12-05T09:04:07","guid":{"rendered":"https:\/\/www.canoe-kayak-lavernede.com\/?page_id=5170"},"modified":"2022-12-05T10:04:08","modified_gmt":"2022-12-05T09:04:08","slug":"haut-chassezac-integral","status":"publish","type":"page","link":"https:\/\/canoe-kayak-lavernede.com\/de\/canyoning\/sportliches-canyoning\/haut-chassezac-integral\/","title":{"rendered":"Haut Chassezac integral"},"content":{"rendered":"<p>[vc_row full_width=&#8220;stretch_row&#8220; el_id=&#8220;breadcrumb&#8220;][vc_column][vc_column_text]<span><span><a href=\"https:\/\/canoe-kayak-lavernede.com\/de\/\">Accueil<\/a><\/span><\/span><\/p>\n<p>[\/vc_column_text][\/vc_column][\/vc_row][vc_row full_width=&#8220;stretch_row&#8220; el_id=&#8220;ban_inte&#8220;][vc_column][vc_column_text]<\/p>\n<h1 style=\"text-align: center;\"><span class=\"titre_1\">Canyoning Haut chassezac<br \/>\nint\u00e9gral<br \/>\n<\/span><\/h1>\n<p>[\/vc_column_text][vc_column_text]<\/p>\n<h2 style=\"text-align: center;\"><span class=\"hashtag_small\"># Testen Sie Ihre F\u00e4higkeiten!<\/span><\/h2>\n<p>[\/vc_column_text]\n\n<picture class=\"ImgBG \" style=\"position: absolute; width: 100%; height:100%; top: 0; left:0; z-index: -2;\">\n    <img decoding=\"async\" width=\"1600\" height=\"1200\" src=\"https:\/\/canoe-kayak-lavernede.com\/wp-content\/uploads\/2021\/04\/Haut-cz-3.jpg\" class=\"attachment-full size-full\" alt=\"Canyoning haut chassezac rappel\" srcset=\"https:\/\/canoe-kayak-lavernede.com\/wp-content\/uploads\/2021\/04\/Haut-cz-3.jpg 1600w, https:\/\/canoe-kayak-lavernede.com\/wp-content\/uploads\/2021\/04\/Haut-cz-3-780x585.jpg 780w, https:\/\/canoe-kayak-lavernede.com\/wp-content\/uploads\/2021\/04\/Haut-cz-3-1440x1080.jpg 1440w, https:\/\/canoe-kayak-lavernede.com\/wp-content\/uploads\/2021\/04\/Haut-cz-3-768x576.jpg 768w, https:\/\/canoe-kayak-lavernede.com\/wp-content\/uploads\/2021\/04\/Haut-cz-3-1536x1152.jpg 1536w\" sizes=\"(max-width: 1600px) 100vw, 1600px\" \/><\/picture>\n\n[\/vc_column][\/vc_row][vc_row][vc_column][vc_column_text css_animation=&#8220;top-to-bottom&#8220;]<\/p>\n<p style=\"text-align: center;\"><span class=\"hashtag_small\" style=\"color: #ff0000;\">Ab 16 Jahren \/ eine gute k\u00f6rperliche Verfassung ist erforderlich<\/span><\/p>\n<p>[\/vc_column_text][vc_single_image image=&#8220;2657&#8243; alignment=&#8220;center&#8220; css_animation=&#8220;bottom-to-top&#8220;][vc_column_text]<\/p>\n<h3><span class=\"titre_2\">Pr\u00e4sentation :<\/span><\/h3>\n<p>[\/vc_column_text][vc_column_text]Sie wollen Ihre sportlichen F\u00e4higkeiten unter Beweis stellen? Dies ist die vollst\u00e4ndigste Formel, um das Canyoning in der Ard\u00e8che zu entdecken. Ein atemberaubender Ort, an dem Sie alle Techniken des Canyoning entdecken werden: Abstieg \u00fcber nat\u00fcrliche Rutschen, zahlreiche Spr\u00fcnge bis zu 8 m, Schwimmen in Becken, Abseilen von Wasserf\u00e4llen, Handl\u00e4ufe! Alles in einem flotten Tempo, damit Sie so viele wie m\u00f6glich sehen k\u00f6nnen!<\/p>\n<p>Rechnen Sie je nach Fortschritt zwischen 6 und 7 Stunden im Canyon.<\/p>\n<p><span class=\"hashtag_small txt_rouge\">Die Formel f\u00fcr Abenteuerlustige!<\/span>[\/vc_column_text][vc_column_text]<\/p>\n<h3><span class=\"titre_2\">Wie geht&#8217;s ?<\/span><\/h3>\n<p>[\/vc_column_text][vc_column_text]Nach der Betreuung durch einen staatlich gepr\u00fcften Instruktor, an einem vorher festgelegten Ort (Transport je nach Ort m\u00f6glich), kalkulieren Sie ca. 20 Minuten Zustieg, um den Eingang dieser herrlichen Schlucht zu erreichen. Und auf geht&#8217;s zum integralen Canyoning des oberen Chassezac!<\/p>\n<p>Rutschen, Spr\u00fcnge bis zu 10 m (vermeidbar), Engstellen, Seiltechniken (vom Instruktor verwaltet) und vieles mehr!<\/p>\n<p>Z\u00e4hlen Sie nicht weniger als 6 Stunden Aktivit\u00e4t, um diese Schlucht zu \u00fcberwinden!<\/p>\n<p><strong>Achtung, wenn die Aktivit\u00e4t beendet ist, planen Sie 1 Stunde R\u00fcckweg auf einem steilen Abhang ein \u26f0\ufe0f<\/strong>[\/vc_column_text][\/vc_column][\/vc_row][vc_row][vc_column width=&#8220;1\/2&#8243;][vc_column_text]<\/p>\n<h3><span class=\"titre_2\">Zur Verf\u00fcgung gestellte Ausr\u00fcstung:<\/span><\/h3>\n<p>[\/vc_column_text][vc_column_text]<\/p>\n<ul>\n<li>Kombination<\/li>\n<li>Helm<\/li>\n<li>Socken<\/li>\n<li>Schuhe<\/li>\n<li>Geschirr<\/li>\n<\/ul>\n<p>[\/vc_column_text][vc_column_text]<\/p>\n<h3><span class=\"titre_2\">Ausstattung zur Verf\u00fcgung stellen:<\/span><\/h3>\n<p>[\/vc_column_text][vc_column_text]<\/p>\n<ul>\n<li>Badeanzug<\/li>\n<li>Wasser \/ Snack<\/li>\n<li>Badetuch<\/li>\n<\/ul>\n<p>[\/vc_column_text][\/vc_column][vc_column width=&#8220;1\/2&#8243;][vc_gallery interval=&#8220;0&#8243; images=&#8220;2714,2719,3012&#8243; img_size=&#8220;medium&#8220;][\/vc_column][\/vc_row][vc_row][vc_column][vc_column_text]<\/p>\n<p style=\"text-align: center;\"><span class=\"titre_2 titre_3\" style=\"font-size: 18pt;\"><strong>Ab 68\u20ac \/ Person<\/strong><\/span><\/p>\n<p>[\/vc_column_text]<div class=' txt_centre btn_plein_rouge'><a class='lien_btn smoothScroll' href='\/de\/kontact\/' ><span><strong>INFORMATIONEN UND ANMELDUNG HIER<\/strong><\/span><\/a><\/div>[\/vc_column][\/vc_row]<\/p>\n","protected":false},"excerpt":{"rendered":"<p>[vc_row full_width=&#8220;stretch_row&#8220; el_id=&#8220;breadcrumb&#8220;][vc_column][vc_column_text] [\/vc_column_text][\/vc_column][\/vc_row][vc_row full_width=&#8220;stretch_row&#8220; el_id=&#8220;ban_inte&#8220;][vc_column][vc_column_text] Canyoning Haut chassezac int\u00e9gral [\/vc_column_text][vc_column_text] # Testen Sie Ihre F\u00e4higkeiten! [\/vc_column_text][\/vc_column][\/vc_row][vc_row][vc_column][vc_column_text css_animation=&#8220;top-to-bottom&#8220;] Ab 16 Jahren \/ eine gute k\u00f6rperliche Verfassung ist erforderlich [\/vc_column_text][vc_single_image image=&#8220;2657&#8243; alignment=&#8220;center&#8220; css_animation=&#8220;bottom-to-top&#8220;][vc_column_text] Pr\u00e4sentation : [\/vc_column_text][vc_column_text]Sie wollen Ihre sportlichen F\u00e4higkeiten unter Beweis stellen? Dies ist die vollst\u00e4ndigste Formel, um das Canyoning in der Ard\u00e8che zu entdecken. [&hellip;]<\/p>\n","protected":false},"author":5,"featured_media":0,"parent":5166,"menu_order":0,"comment_status":"closed","ping_status":"closed","template":"","meta":{"footnotes":""},"class_list":["post-5170","page","type-page","status-publish"],"yoast_head":"<!-- This site is optimized with the Yoast SEO plugin v24.3 - https:\/\/yoast.com\/wordpress\/plugins\/seo\/ -->\n<title>Haut Chassezac integral canyoning in Ard\u00e8che - LA VERNEDE<\/title>\n<meta name=\"description\" content=\"Sie wollen Ihre sportlichen F\u00e4higkeiten unter Beweis stellen? Dies ist die vollst\u00e4ndigste Formel, um das Canyoning in der Ard\u00e8che zu entdecken.\" \/>\n<meta name=\"robots\" content=\"index, follow, max-snippet:-1, max-image-preview:large, max-video-preview:-1\" \/>\n<link rel=\"canonical\" href=\"https:\/\/canoe-kayak-lavernede.com\/de\/canyoning\/sportliches-canyoning\/haut-chassezac-integral\/\" \/>\n<meta property=\"og:locale\" content=\"de_DE\" \/>\n<meta property=\"og:type\" content=\"article\" \/>\n<meta property=\"og:title\" content=\"Haut Chassezac integral canyoning in Ard\u00e8che - LA VERNEDE\" \/>\n<meta property=\"og:description\" content=\"Sie wollen Ihre sportlichen F\u00e4higkeiten unter Beweis stellen? Dies ist die vollst\u00e4ndigste Formel, um das Canyoning in der Ard\u00e8che zu entdecken.\" \/>\n<meta property=\"og:url\" content=\"https:\/\/canoe-kayak-lavernede.com\/de\/canyoning\/sportliches-canyoning\/haut-chassezac-integral\/\" \/>\n<meta property=\"og:site_name\" content=\"LA VERNEDE\" \/>\n<meta property=\"article:modified_time\" content=\"2022-12-05T09:04:08+00:00\" \/>\n<meta name=\"twitter:card\" content=\"summary_large_image\" \/>\n<meta name=\"twitter:label1\" content=\"Gesch\u00e4tzte Lesezeit\" \/>\n\t<meta name=\"twitter:data1\" content=\"2\u00a0Minuten\" \/>\n<script type=\"application\/ld+json\" class=\"yoast-schema-graph\">{\"@context\":\"https:\/\/schema.org\",\"@graph\":[{\"@type\":\"WebPage\",\"@id\":\"https:\/\/canoe-kayak-lavernede.com\/de\/canyoning\/sportliches-canyoning\/haut-chassezac-integral\/\",\"url\":\"https:\/\/canoe-kayak-lavernede.com\/de\/canyoning\/sportliches-canyoning\/haut-chassezac-integral\/\",\"name\":\"Haut Chassezac integral canyoning in Ard\u00e8che - LA VERNEDE\",\"isPartOf\":{\"@id\":\"https:\/\/canoe-kayak-lavernede.com\/#website\"},\"datePublished\":\"2022-12-05T09:04:07+00:00\",\"dateModified\":\"2022-12-05T09:04:08+00:00\",\"description\":\"Sie wollen Ihre sportlichen F\u00e4higkeiten unter Beweis stellen? Dies ist die vollst\u00e4ndigste Formel, um das Canyoning in der Ard\u00e8che zu entdecken.\",\"breadcrumb\":{\"@id\":\"https:\/\/canoe-kayak-lavernede.com\/de\/canyoning\/sportliches-canyoning\/haut-chassezac-integral\/#breadcrumb\"},\"inLanguage\":\"de\",\"potentialAction\":[{\"@type\":\"ReadAction\",\"target\":[\"https:\/\/canoe-kayak-lavernede.com\/de\/canyoning\/sportliches-canyoning\/haut-chassezac-integral\/\"]}]},{\"@type\":\"BreadcrumbList\",\"@id\":\"https:\/\/canoe-kayak-lavernede.com\/de\/canyoning\/sportliches-canyoning\/haut-chassezac-integral\/#breadcrumb\",\"itemListElement\":[{\"@type\":\"ListItem\",\"position\":1,\"name\":\"Accueil\",\"item\":\"https:\/\/canoe-kayak-lavernede.com\/de\/\"},{\"@type\":\"ListItem\",\"position\":2,\"name\":\"Canyoning\",\"item\":\"https:\/\/canoe-kayak-lavernede.com\/de\/canyoning\/\"},{\"@type\":\"ListItem\",\"position\":3,\"name\":\"Sportliches Canyoning\",\"item\":\"https:\/\/canoe-kayak-lavernede.com\/de\/canyoning\/sportliches-canyoning\/\"},{\"@type\":\"ListItem\",\"position\":4,\"name\":\"Haut Chassezac integral\"}]},{\"@type\":\"WebSite\",\"@id\":\"https:\/\/canoe-kayak-lavernede.com\/#website\",\"url\":\"https:\/\/canoe-kayak-lavernede.com\/\",\"name\":\"LA VERNEDE\",\"description\":\"\",\"potentialAction\":[{\"@type\":\"SearchAction\",\"target\":{\"@type\":\"EntryPoint\",\"urlTemplate\":\"https:\/\/canoe-kayak-lavernede.com\/?s={search_term_string}\"},\"query-input\":{\"@type\":\"PropertyValueSpecification\",\"valueRequired\":true,\"valueName\":\"search_term_string\"}}],\"inLanguage\":\"de\"}]}<\/script>\n<!-- \/ Yoast SEO plugin. -->","yoast_head_json":{"title":"Haut Chassezac integral canyoning in Ard\u00e8che - LA VERNEDE","description":"Sie wollen Ihre sportlichen F\u00e4higkeiten unter Beweis stellen? Dies ist die vollst\u00e4ndigste Formel, um das Canyoning in der Ard\u00e8che zu entdecken.","robots":{"index":"index","follow":"follow","max-snippet":"max-snippet:-1","max-image-preview":"max-image-preview:large","max-video-preview":"max-video-preview:-1"},"canonical":"https:\/\/canoe-kayak-lavernede.com\/de\/canyoning\/sportliches-canyoning\/haut-chassezac-integral\/","og_locale":"de_DE","og_type":"article","og_title":"Haut Chassezac integral canyoning in Ard\u00e8che - LA VERNEDE","og_description":"Sie wollen Ihre sportlichen F\u00e4higkeiten unter Beweis stellen? Dies ist die vollst\u00e4ndigste Formel, um das Canyoning in der Ard\u00e8che zu entdecken.","og_url":"https:\/\/canoe-kayak-lavernede.com\/de\/canyoning\/sportliches-canyoning\/haut-chassezac-integral\/","og_site_name":"LA VERNEDE","article_modified_time":"2022-12-05T09:04:08+00:00","twitter_card":"summary_large_image","twitter_misc":{"Gesch\u00e4tzte Lesezeit":"2\u00a0Minuten"},"schema":{"@context":"https:\/\/schema.org","@graph":[{"@type":"WebPage","@id":"https:\/\/canoe-kayak-lavernede.com\/de\/canyoning\/sportliches-canyoning\/haut-chassezac-integral\/","url":"https:\/\/canoe-kayak-lavernede.com\/de\/canyoning\/sportliches-canyoning\/haut-chassezac-integral\/","name":"Haut Chassezac integral canyoning in Ard\u00e8che - LA VERNEDE","isPartOf":{"@id":"https:\/\/canoe-kayak-lavernede.com\/#website"},"datePublished":"2022-12-05T09:04:07+00:00","dateModified":"2022-12-05T09:04:08+00:00","description":"Sie wollen Ihre sportlichen F\u00e4higkeiten unter Beweis stellen? Dies ist die vollst\u00e4ndigste Formel, um das Canyoning in der Ard\u00e8che zu entdecken.","breadcrumb":{"@id":"https:\/\/canoe-kayak-lavernede.com\/de\/canyoning\/sportliches-canyoning\/haut-chassezac-integral\/#breadcrumb"},"inLanguage":"de","potentialAction":[{"@type":"ReadAction","target":["https:\/\/canoe-kayak-lavernede.com\/de\/canyoning\/sportliches-canyoning\/haut-chassezac-integral\/"]}]},{"@type":"BreadcrumbList","@id":"https:\/\/canoe-kayak-lavernede.com\/de\/canyoning\/sportliches-canyoning\/haut-chassezac-integral\/#breadcrumb","itemListElement":[{"@type":"ListItem","position":1,"name":"Accueil","item":"https:\/\/canoe-kayak-lavernede.com\/de\/"},{"@type":"ListItem","position":2,"name":"Canyoning","item":"https:\/\/canoe-kayak-lavernede.com\/de\/canyoning\/"},{"@type":"ListItem","position":3,"name":"Sportliches Canyoning","item":"https:\/\/canoe-kayak-lavernede.com\/de\/canyoning\/sportliches-canyoning\/"},{"@type":"ListItem","position":4,"name":"Haut Chassezac integral"}]},{"@type":"WebSite","@id":"https:\/\/canoe-kayak-lavernede.com\/#website","url":"https:\/\/canoe-kayak-lavernede.com\/","name":"LA VERNEDE","description":"","potentialAction":[{"@type":"SearchAction","target":{"@type":"EntryPoint","urlTemplate":"https:\/\/canoe-kayak-lavernede.com\/?s={search_term_string}"},"query-input":{"@type":"PropertyValueSpecification","valueRequired":true,"valueName":"search_term_string"}}],"inLanguage":"de"}]}},"_links":{"self":[{"href":"https:\/\/canoe-kayak-lavernede.com\/de\/wp-json\/wp\/v2\/pages\/5170"}],"collection":[{"href":"https:\/\/canoe-kayak-lavernede.com\/de\/wp-json\/wp\/v2\/pages"}],"about":[{"href":"https:\/\/canoe-kayak-lavernede.com\/de\/wp-json\/wp\/v2\/types\/page"}],"author":[{"embeddable":true,"href":"https:\/\/canoe-kayak-lavernede.com\/de\/wp-json\/wp\/v2\/users\/5"}],"replies":[{"embeddable":true,"href":"https:\/\/canoe-kayak-lavernede.com\/de\/wp-json\/wp\/v2\/comments?post=5170"}],"version-history":[{"count":2,"href":"https:\/\/canoe-kayak-lavernede.com\/de\/wp-json\/wp\/v2\/pages\/5170\/revisions"}],"predecessor-version":[{"id":5172,"href":"https:\/\/canoe-kayak-lavernede.com\/de\/wp-json\/wp\/v2\/pages\/5170\/revisions\/5172"}],"up":[{"embeddable":true,"href":"https:\/\/canoe-kayak-lavernede.com\/de\/wp-json\/wp\/v2\/pages\/5166"}],"wp:attachment":[{"href":"https:\/\/canoe-kayak-lavernede.com\/de\/wp-json\/wp\/v2\/media?parent=5170"}],"curies":[{"name":"wp","href":"https:\/\/api.w.org\/{rel}","templated":true}]}}