{"id":5166,"date":"2022-12-05T09:14:30","date_gmt":"2022-12-05T08:14:30","guid":{"rendered":"https:\/\/www.canoe-kayak-lavernede.com\/?page_id=5166"},"modified":"2024-05-30T10:47:10","modified_gmt":"2024-05-30T08:47:10","slug":"sportliches-canyoning","status":"publish","type":"page","link":"https:\/\/canoe-kayak-lavernede.com\/de\/canyoning\/sportliches-canyoning\/","title":{"rendered":"Sportliches Canyoning"},"content":{"rendered":"<p>[vc_row full_width=&#8220;stretch_row&#8220; el_id=&#8220;breadcrumb&#8220;][vc_column][vc_column_text]<span><span><a href=\"https:\/\/canoe-kayak-lavernede.com\/de\/\">Accueil<\/a><\/span><\/span><\/p>\n<p>[\/vc_column_text][\/vc_column][\/vc_row][vc_row full_width=&#8220;stretch_row&#8220; el_id=&#8220;ban_inte&#8220;][vc_column][vc_column_text]<\/p>\n<h1 style=\"text-align: center;\"><span class=\"titre_1\">Sportliches Canyoning in der Ard\u00e8che<\/span><\/h1>\n<p>[\/vc_column_text][vc_column_text]<\/p>\n<p style=\"text-align: center;\"><span class=\"hashtag_small\"># \u00dcberschreite deine Grenzen<\/span><\/p>\n<p>[\/vc_column_text]\n\n<picture class=\"ImgBG \" style=\"position: absolute; width: 100%; height:100%; top: 0; left:0; z-index: -2;\">\n    <img decoding=\"async\" width=\"1378\" height=\"1033\" src=\"https:\/\/canoe-kayak-lavernede.com\/wp-content\/uploads\/2021\/04\/chassezac-3-1.jpg\" class=\"attachment-full size-full\" alt=\"Rappel haut chassezac ard\u00e8che\" srcset=\"https:\/\/canoe-kayak-lavernede.com\/wp-content\/uploads\/2021\/04\/chassezac-3-1.jpg 1378w, https:\/\/canoe-kayak-lavernede.com\/wp-content\/uploads\/2021\/04\/chassezac-3-1-780x585.jpg 780w, https:\/\/canoe-kayak-lavernede.com\/wp-content\/uploads\/2021\/04\/chassezac-3-1-768x576.jpg 768w\" sizes=\"(max-width: 1378px) 100vw, 1378px\" \/><\/picture>\n\n[\/vc_column][\/vc_row][vc_row][vc_column][vc_column_text]<\/p>\n<p style=\"text-align: center;\"><span class=\"hashtag_small\"># Sich in der Ard\u00e8che hervortun<\/span><\/p>\n<h2 style=\"text-align: center;\"><span class=\"titre_2\">Parcours f\u00fcr Abenteuerlustige!<\/span><\/h2>\n<p>[\/vc_column_text][vc_column_text]<\/p>\n<p style=\"text-align: center;\">Kommen Sie und testen Sie Ihre k\u00f6rperlichen und geistigen F\u00e4higkeiten mit unseren \u201eSporty Canyoning\u201c-Formeln!<\/p>\n<p>[\/vc_column_text][\/vc_column][\/vc_row][vc_row el_class=&#8220;padTB_2&#8243;][vc_column width=&#8220;1\/2&#8243;]\n\n\n<div class=\"BlocImgBg \" style=\"position: relative;\">\n    <a href=\"\/canyoning-ardeche\/sportif\/ultra-aero-besorgues\/\"  style=\"display:block;\">    <picture style=\"height:100%; display: block;\">\n    <source srcset=\"https:\/\/canoe-kayak-lavernede.com\/wp-content\/uploads\/2021\/04\/Ultra-780x900-1.jpg\" media=\"(max-width: 320px)\"><source srcset=\"https:\/\/canoe-kayak-lavernede.com\/wp-content\/uploads\/2021\/04\/Ultra-780x900-1.jpg\" media=\"(max-width: 780px)\">    \n        <img decoding=\"async\"\n        style=\"object-fit: cover; object-position: 50% 50%; width: 100%; height: 100%;\"\n        src=\"https:\/\/canoe-kayak-lavernede.com\/wp-content\/uploads\/2021\/04\/Ultra-780x900-1.jpg\"\n        alt=\"glissade cascade canyoning Ard\u00e8che\"\n        >\n    <\/picture>\n    <div class=\"BlocImgBgTitre\" style=\"position: absolute; top: 0; left: 0; width: 100%; height: 100%;\"><div class=\"pack_bloc\">\n\t<div class=\"pack_bloc_titre\">canyon<br>ultra aero<br>besorgues<\/div>\n\t<div class=\"pack_bloc_apartir\">Ab 52\u20ac \/ Person<\/div>\n<\/div><\/div>\n    <\/a><\/div>[vc_column_text]<strong>Die Supercharged-Version des Besorgues Aero Canyon!<\/strong> Noch mehr Spr\u00fcnge! Rutschen, Abenteuer in geologischen Engstellen und nicht weniger als 3 Seilrutschen! Das erwartet Abenteurer auf der Suche nach <strong>starken Sensationen<\/strong>, die sich von dieser Formel verf\u00fchren lassen![\/vc_column_text][vc_single_image image=&#8220;2633&#8243; alignment=&#8220;center&#8220;][vc_raw_html el_class=&#8220;marB_2&#8243;]JTNDZGl2JTIwY2xhc3MlM0QlMjJjYW55b25faW5mbyUyMiUzRSUwQSUwOSUzQ2RpdiUyMGNsYXNzJTNEJTIyY2FueW9uX3BpY3RvJTIyJTIwc3R5bGUlM0QlMjJiYWNrZ3JvdW5kLWltYWdlJTNBJTIwdXJsJTI4JTI3JTJGd3AtY29udGVudCUyRnVwbG9hZHMlMkYyMDIwJTJGMDYlMkZwaWN0by1Mb2NhdG9yLURlc2NlbnRlLnN2ZyUyNyUyOSUyMiUzRU9ydCUyMGRlciUyMFQlQzMlQTR0aWdrZWl0JTNBJTNDYnIlM0UlM0NzcGFuJTNFTGElMjBCYXN0aWRlJTIwc3VyJTIwQmVzb3JndWVzJTNDJTJGc3BhbiUzRSUzQyUyRmRpdiUzRSUwQSUwOSUzQ2RpdiUyMGNsYXNzJTNEJTIyY2FueW9uX3BpY3RvJTIyJTIwc3R5bGUlM0QlMjJiYWNrZ3JvdW5kLWltYWdlJTNBJTIwdXJsJTI4JTI3JTJGd3AtY29udGVudCUyRnVwbG9hZHMlMkYyMDIwJTJGMDYlMkZwaWN0by1QcmVBZG8tUmVkLnN2ZyUyNyUyOSUyMiUzRUFiJTIwMTQlMjBKYWhyZSUzQyUyRmRpdiUzRSUwQSUwOSUzQ2RpdiUyMGNsYXNzJTNEJTIyY2FueW9uX3BpY3RvJTIyJTIwc3R5bGUlM0QlMjJiYWNrZ3JvdW5kLWltYWdlJTNBJTIwdXJsJTI4JTI3JTJGd3AtY29udGVudCUyRnVwbG9hZHMlMkYyMDIwJTJGMDYlMkZwaWN0by1UaW1pbmctRGVzY2VudGUuc3ZnJTI3JTI5JTIyJTNFQ2EuJTIwMyUyMFN0dW5kZW4lMjBBa3Rpdml0JUMzJUE0dCUzQyUyRmRpdiUzRSUwQSUzQyUyRmRpdiUzRQ==[\/vc_raw_html]<div class=' txt_centre btn_plein_rouge'><a class='lien_btn smoothScroll' href='\/canyoning-ardeche\/sportif\/ultra-aero-besorgues\/' ><span>Mehr Details<\/span><\/a><\/div>[\/vc_column][vc_column width=&#8220;1\/2&#8243;]\n\n\n<div class=\"BlocImgBg \" style=\"position: relative;\">\n    <a href=\"\/canyoning-ardeche\/sportif\/haut-chassezac-integral\/\"  style=\"display:block;\">    <picture style=\"height:100%; display: block;\">\n    <source srcset=\"https:\/\/canoe-kayak-lavernede.com\/wp-content\/uploads\/2021\/04\/Haut-cz-integral-780x900-1.jpg\" media=\"(max-width: 320px)\"><source srcset=\"https:\/\/canoe-kayak-lavernede.com\/wp-content\/uploads\/2021\/04\/Haut-cz-integral-780x900-1.jpg\" media=\"(max-width: 780px)\">    \n        <img decoding=\"async\"\n        style=\"object-fit: cover; object-position: 50% 50%; width: 100%; height: 100%;\"\n        src=\"https:\/\/canoe-kayak-lavernede.com\/wp-content\/uploads\/2021\/04\/Haut-cz-integral-780x900-1.jpg\"\n        alt=\"rappel canyoning ard\u00e8che\"\n        >\n    <\/picture>\n    <div class=\"BlocImgBgTitre\" style=\"position: absolute; top: 0; left: 0; width: 100%; height: 100%;\"><div class=\"pack_bloc\">\n\t<div class=\"pack_bloc_titre\">Canyon<br>haut chassezac<br>integral<\/div>\n\t<div class=\"pack_bloc_apartir\">Ab 65\u20ac \/ Person<\/div>\n<\/div><\/div>\n    <\/a><\/div>[vc_column_text]<strong>Wachsen Sie \u00fcber sich hinaus<\/strong>! Sie werden das Vergn\u00fcgen haben, noch mehr Abseilstellen, Rutschen, Becken und beeindruckende Spr\u00fcnge zu entdecken, und das alles in einem gleichm\u00e4\u00dfigen Tempo. Ein unvergesslicher Tag, an dem Sie bisher unbekannte Muskeln entdecken werden.[\/vc_column_text][vc_single_image image=&#8220;2657&#8243; alignment=&#8220;center&#8220;][vc_raw_html el_class=&#8220;marB_2&#8243;]JTNDZGl2JTIwY2xhc3MlM0QlMjJjYW55b25faW5mbyUyMiUzRSUwQSUwOSUzQ2RpdiUyMGNsYXNzJTNEJTIyY2FueW9uX3BpY3RvJTIyJTIwc3R5bGUlM0QlMjJiYWNrZ3JvdW5kLWltYWdlJTNBJTIwdXJsJTI4JTI3JTJGd3AtY29udGVudCUyRnVwbG9hZHMlMkYyMDIwJTJGMDYlMkZwaWN0by1Mb2NhdG9yLURlc2NlbnRlLnN2ZyUyNyUyOSUyMiUzRU9ydCUyMGRlciUyMFQlQzMlQTR0aWdrZWl0JTNBJTNDYnIlM0UlM0NzcGFuJTNFTGElMjBHYXJkZSUyMEd1ZXJpbiUzQyUyRnNwYW4lM0UlM0MlMkZkaXYlM0UlMEElMDklM0NkaXYlMjBjbGFzcyUzRCUyMmNhbnlvbl9waWN0byUyMiUyMHN0eWxlJTNEJTIyYmFja2dyb3VuZC1pbWFnZSUzQSUyMHVybCUyOCUyNyUyRndwLWNvbnRlbnQlMkZ1cGxvYWRzJTJGMjAyMCUyRjA2JTJGcGljdG8tUHJlQWRvLVJlZC5zdmclMjclMjklMjIlM0VBYiUyMDE2JTIwSmFocmUlM0MlMkZkaXYlM0UlMEElMDklM0NkaXYlMjBjbGFzcyUzRCUyMmNhbnlvbl9waWN0byUyMiUyMHN0eWxlJTNEJTIyYmFja2dyb3VuZC1pbWFnZSUzQSUyMHVybCUyOCUyNyUyRndwLWNvbnRlbnQlMkZ1cGxvYWRzJTJGMjAyMCUyRjA2JTJGcGljdG8tVGltaW5nLURlc2NlbnRlLnN2ZyUyNyUyOSUyMiUzRUNhLiUyMDYlMjBTdHVuZGVuJTIwQWt0aXZpdCVDMyVBNHQlM0MlMkZkaXYlM0UlMEElM0MlMkZkaXYlM0U=[\/vc_raw_html]<div class=' txt_centre btn_plein_rouge'><a class='lien_btn smoothScroll' href='\/canyoning-ardeche\/sportif\/haut-chassezac-integral\/' ><span>Mehr Details<\/span><\/a><\/div>[\/vc_column][\/vc_row][vc_row full_width=&#8220;stretch_row&#8220; el_class=&#8220;bgmatiere_end padT_3&#8243;][vc_column][vc_column_text el_class=&#8220;marB_2&#8243;]<\/p>\n<p style=\"text-align: center;\"><span class=\"hashtag_small\">#gehe \u00fcber dich hinaus!<\/span><\/p>\n<h2 style=\"text-align: center;\"><span class=\"titre_2\">auch zu entdecken :<\/span><\/h2>\n<p>[\/vc_column_text][vc_row_inner][vc_column_inner width=&#8220;1\/2&#8243;]\n\n\n<div class=\"BlocImgBg activite_autre\" style=\"position: relative;\">\n        <picture style=\"height:100%; display: block;\">\n    <source srcset=\"https:\/\/canoe-kayak-lavernede.com\/wp-content\/uploads\/2021\/04\/Aero-famille-1.jpg\" media=\"(max-width: 320px)\"><source srcset=\"https:\/\/canoe-kayak-lavernede.com\/wp-content\/uploads\/2021\/04\/Aero-famille-1.jpg\" media=\"(max-width: 780px)\">    \n        <img decoding=\"async\"\n        style=\"object-fit: cover; object-position: 50% 50%; width: 100%; height: 100%;\"\n        src=\"https:\/\/canoe-kayak-lavernede.com\/wp-content\/uploads\/2021\/04\/Aero-famille-1.jpg\"\n        alt=\"tobbogans canyoning Ard\u00e8che enfants\"\n        >\n    <\/picture>\n    <div class=\"BlocImgBgTitre\" style=\"position: absolute; top: 0; left: 0; width: 100%; height: 100%;\"><div class=\"activite_autre_bloc\">\n\t\t<div class=\"autre_picto\" style=\"background-image: url('\/wp-content\/themes\/g5_hydrogen\/custom\/images\/svg\/picto-Speleo.svg');\"><\/div>\n\t\t<div class=\"autre_titre\">canyoning d\u00e9couverte<\/div>\n\t\t<div class=\"autre_descbtn\">\n\t\t\t<div class=\"autre_desc\">Nos canyons sans difficult\u00e9s pour toute la famille<\/div>\n\t\t\t<div class=\"autre_btn btn_plein_rouge\"><a href=\"\/canyoning-ardeche\/decouverte\/\"><span>Voir les offres<\/span><\/a><\/div>\n\t\t<\/div>\n\t<\/div><\/div>\n    <\/div>[\/vc_column_inner][vc_column_inner width=&#8220;1\/2&#8243;]\n\n\n<div class=\"BlocImgBg activite_autre\" style=\"position: relative;\">\n        <picture style=\"height:100%; display: block;\">\n    <source srcset=\"https:\/\/canoe-kayak-lavernede.com\/wp-content\/uploads\/2021\/03\/Canyoning-Intermed.jpg\" media=\"(max-width: 320px)\"><source srcset=\"https:\/\/canoe-kayak-lavernede.com\/wp-content\/uploads\/2021\/03\/Canyoning-Intermed.jpg\" media=\"(max-width: 780px)\">    \n        <img decoding=\"async\"\n        style=\"object-fit: cover; object-position: 50% 50%; width: 100%; height: 100%;\"\n        src=\"https:\/\/canoe-kayak-lavernede.com\/wp-content\/uploads\/2021\/03\/Canyoning-Intermed.jpg\"\n        alt=\"Tyrolienne canyoning Ard\u00e8che\"\n        >\n    <\/picture>\n    <div class=\"BlocImgBgTitre\" style=\"position: absolute; top: 0; left: 0; width: 100%; height: 100%;\"><div class=\"activite_autre_bloc\">\n\t\t<div class=\"autre_picto\" style=\"background-image: url('\/wp-content\/themes\/g5_hydrogen\/custom\/images\/svg\/picto-Canyoning.svg');\"><\/div>\n\t\t<div class=\"autre_titre\">canyoning interm\u00e9diaire<\/div>\n\t\t<div class=\"autre_descbtn\">\n\t\t\t<div class=\"autre_desc\">Nos diff\u00e9rents canyon pour une journ\u00e9e d\u2019aventure inoubliable !<\/div>\n\t\t\t<div class=\"autre_btn btn_plein_rouge\"><a href=\"\/canyoning-ardeche\/intermediaire\/\"><span>Voir les offres<\/span><\/a><\/div>\n\t\t<\/div>\n\t<\/div><\/div>\n    <\/div>[\/vc_column_inner][\/vc_row_inner][\/vc_column][\/vc_row]<\/p>\n","protected":false},"excerpt":{"rendered":"<p>[vc_row full_width=&#8220;stretch_row&#8220; el_id=&#8220;breadcrumb&#8220;][vc_column][vc_column_text] [\/vc_column_text][\/vc_column][\/vc_row][vc_row full_width=&#8220;stretch_row&#8220; el_id=&#8220;ban_inte&#8220;][vc_column][vc_column_text] Sportliches Canyoning in der Ard\u00e8che [\/vc_column_text][vc_column_text] # \u00dcberschreite deine Grenzen [\/vc_column_text][\/vc_column][\/vc_row][vc_row][vc_column][vc_column_text] # Sich in der Ard\u00e8che hervortun Parcours f\u00fcr Abenteuerlustige! [\/vc_column_text][vc_column_text] Kommen Sie und testen Sie Ihre k\u00f6rperlichen und geistigen F\u00e4higkeiten mit unseren \u201eSporty Canyoning\u201c-Formeln! [\/vc_column_text][\/vc_column][\/vc_row][vc_row el_class=&#8220;padTB_2&#8243;][vc_column width=&#8220;1\/2&#8243;][vc_column_text]Die Supercharged-Version des Besorgues Aero Canyon! Noch mehr Spr\u00fcnge! Rutschen, Abenteuer in [&hellip;]<\/p>\n","protected":false},"author":5,"featured_media":0,"parent":5001,"menu_order":0,"comment_status":"closed","ping_status":"closed","template":"","meta":{"footnotes":""},"class_list":["post-5166","page","type-page","status-publish"],"yoast_head":"<!-- This site is optimized with the Yoast SEO plugin v24.3 - https:\/\/yoast.com\/wordpress\/plugins\/seo\/ -->\n<title>Sportliches Canyoning in Ard\u00e8che - LA VERNEDE<\/title>\n<meta name=\"description\" content=\"Kommen Sie und testen Sie Ihre k\u00f6rperlichen und geistigen F\u00e4higkeiten mit unseren zwei \u201eSporty Canyoning in Ard\u00e8che\u201c-Formeln :)\" \/>\n<meta name=\"robots\" content=\"index, follow, max-snippet:-1, max-image-preview:large, max-video-preview:-1\" \/>\n<link rel=\"canonical\" href=\"https:\/\/canoe-kayak-lavernede.com\/de\/canyoning\/sportliches-canyoning\/\" \/>\n<meta property=\"og:locale\" content=\"de_DE\" \/>\n<meta property=\"og:type\" content=\"article\" \/>\n<meta property=\"og:title\" content=\"Sportliches Canyoning in Ard\u00e8che - LA VERNEDE\" \/>\n<meta property=\"og:description\" content=\"Kommen Sie und testen Sie Ihre k\u00f6rperlichen und geistigen F\u00e4higkeiten mit unseren zwei \u201eSporty Canyoning in Ard\u00e8che\u201c-Formeln :)\" \/>\n<meta property=\"og:url\" content=\"https:\/\/canoe-kayak-lavernede.com\/de\/canyoning\/sportliches-canyoning\/\" \/>\n<meta property=\"og:site_name\" content=\"LA VERNEDE\" \/>\n<meta property=\"article:modified_time\" content=\"2024-05-30T08:47:10+00:00\" \/>\n<meta name=\"twitter:card\" content=\"summary_large_image\" \/>\n<meta name=\"twitter:label1\" content=\"Gesch\u00e4tzte Lesezeit\" \/>\n\t<meta name=\"twitter:data1\" content=\"1\u00a0Minute\" \/>\n<script type=\"application\/ld+json\" class=\"yoast-schema-graph\">{\"@context\":\"https:\/\/schema.org\",\"@graph\":[{\"@type\":\"WebPage\",\"@id\":\"https:\/\/canoe-kayak-lavernede.com\/de\/canyoning\/sportliches-canyoning\/\",\"url\":\"https:\/\/canoe-kayak-lavernede.com\/de\/canyoning\/sportliches-canyoning\/\",\"name\":\"Sportliches Canyoning in Ard\u00e8che - LA VERNEDE\",\"isPartOf\":{\"@id\":\"https:\/\/canoe-kayak-lavernede.com\/#website\"},\"datePublished\":\"2022-12-05T08:14:30+00:00\",\"dateModified\":\"2024-05-30T08:47:10+00:00\",\"description\":\"Kommen Sie und testen Sie Ihre k\u00f6rperlichen und geistigen F\u00e4higkeiten mit unseren zwei \u201eSporty Canyoning in Ard\u00e8che\u201c-Formeln :)\",\"breadcrumb\":{\"@id\":\"https:\/\/canoe-kayak-lavernede.com\/de\/canyoning\/sportliches-canyoning\/#breadcrumb\"},\"inLanguage\":\"de\",\"potentialAction\":[{\"@type\":\"ReadAction\",\"target\":[\"https:\/\/canoe-kayak-lavernede.com\/de\/canyoning\/sportliches-canyoning\/\"]}]},{\"@type\":\"BreadcrumbList\",\"@id\":\"https:\/\/canoe-kayak-lavernede.com\/de\/canyoning\/sportliches-canyoning\/#breadcrumb\",\"itemListElement\":[{\"@type\":\"ListItem\",\"position\":1,\"name\":\"Accueil\",\"item\":\"https:\/\/canoe-kayak-lavernede.com\/de\/\"},{\"@type\":\"ListItem\",\"position\":2,\"name\":\"Canyoning\",\"item\":\"https:\/\/canoe-kayak-lavernede.com\/de\/canyoning\/\"},{\"@type\":\"ListItem\",\"position\":3,\"name\":\"Sportliches Canyoning\"}]},{\"@type\":\"WebSite\",\"@id\":\"https:\/\/canoe-kayak-lavernede.com\/#website\",\"url\":\"https:\/\/canoe-kayak-lavernede.com\/\",\"name\":\"LA VERNEDE\",\"description\":\"\",\"potentialAction\":[{\"@type\":\"SearchAction\",\"target\":{\"@type\":\"EntryPoint\",\"urlTemplate\":\"https:\/\/canoe-kayak-lavernede.com\/?s={search_term_string}\"},\"query-input\":{\"@type\":\"PropertyValueSpecification\",\"valueRequired\":true,\"valueName\":\"search_term_string\"}}],\"inLanguage\":\"de\"}]}<\/script>\n<!-- \/ Yoast SEO plugin. -->","yoast_head_json":{"title":"Sportliches Canyoning in Ard\u00e8che - LA VERNEDE","description":"Kommen Sie und testen Sie Ihre k\u00f6rperlichen und geistigen F\u00e4higkeiten mit unseren zwei \u201eSporty Canyoning in Ard\u00e8che\u201c-Formeln :)","robots":{"index":"index","follow":"follow","max-snippet":"max-snippet:-1","max-image-preview":"max-image-preview:large","max-video-preview":"max-video-preview:-1"},"canonical":"https:\/\/canoe-kayak-lavernede.com\/de\/canyoning\/sportliches-canyoning\/","og_locale":"de_DE","og_type":"article","og_title":"Sportliches Canyoning in Ard\u00e8che - LA VERNEDE","og_description":"Kommen Sie und testen Sie Ihre k\u00f6rperlichen und geistigen F\u00e4higkeiten mit unseren zwei \u201eSporty Canyoning in Ard\u00e8che\u201c-Formeln :)","og_url":"https:\/\/canoe-kayak-lavernede.com\/de\/canyoning\/sportliches-canyoning\/","og_site_name":"LA VERNEDE","article_modified_time":"2024-05-30T08:47:10+00:00","twitter_card":"summary_large_image","twitter_misc":{"Gesch\u00e4tzte Lesezeit":"1\u00a0Minute"},"schema":{"@context":"https:\/\/schema.org","@graph":[{"@type":"WebPage","@id":"https:\/\/canoe-kayak-lavernede.com\/de\/canyoning\/sportliches-canyoning\/","url":"https:\/\/canoe-kayak-lavernede.com\/de\/canyoning\/sportliches-canyoning\/","name":"Sportliches Canyoning in Ard\u00e8che - LA VERNEDE","isPartOf":{"@id":"https:\/\/canoe-kayak-lavernede.com\/#website"},"datePublished":"2022-12-05T08:14:30+00:00","dateModified":"2024-05-30T08:47:10+00:00","description":"Kommen Sie und testen Sie Ihre k\u00f6rperlichen und geistigen F\u00e4higkeiten mit unseren zwei \u201eSporty Canyoning in Ard\u00e8che\u201c-Formeln :)","breadcrumb":{"@id":"https:\/\/canoe-kayak-lavernede.com\/de\/canyoning\/sportliches-canyoning\/#breadcrumb"},"inLanguage":"de","potentialAction":[{"@type":"ReadAction","target":["https:\/\/canoe-kayak-lavernede.com\/de\/canyoning\/sportliches-canyoning\/"]}]},{"@type":"BreadcrumbList","@id":"https:\/\/canoe-kayak-lavernede.com\/de\/canyoning\/sportliches-canyoning\/#breadcrumb","itemListElement":[{"@type":"ListItem","position":1,"name":"Accueil","item":"https:\/\/canoe-kayak-lavernede.com\/de\/"},{"@type":"ListItem","position":2,"name":"Canyoning","item":"https:\/\/canoe-kayak-lavernede.com\/de\/canyoning\/"},{"@type":"ListItem","position":3,"name":"Sportliches Canyoning"}]},{"@type":"WebSite","@id":"https:\/\/canoe-kayak-lavernede.com\/#website","url":"https:\/\/canoe-kayak-lavernede.com\/","name":"LA VERNEDE","description":"","potentialAction":[{"@type":"SearchAction","target":{"@type":"EntryPoint","urlTemplate":"https:\/\/canoe-kayak-lavernede.com\/?s={search_term_string}"},"query-input":{"@type":"PropertyValueSpecification","valueRequired":true,"valueName":"search_term_string"}}],"inLanguage":"de"}]}},"_links":{"self":[{"href":"https:\/\/canoe-kayak-lavernede.com\/de\/wp-json\/wp\/v2\/pages\/5166"}],"collection":[{"href":"https:\/\/canoe-kayak-lavernede.com\/de\/wp-json\/wp\/v2\/pages"}],"about":[{"href":"https:\/\/canoe-kayak-lavernede.com\/de\/wp-json\/wp\/v2\/types\/page"}],"author":[{"embeddable":true,"href":"https:\/\/canoe-kayak-lavernede.com\/de\/wp-json\/wp\/v2\/users\/5"}],"replies":[{"embeddable":true,"href":"https:\/\/canoe-kayak-lavernede.com\/de\/wp-json\/wp\/v2\/comments?post=5166"}],"version-history":[{"count":3,"href":"https:\/\/canoe-kayak-lavernede.com\/de\/wp-json\/wp\/v2\/pages\/5166\/revisions"}],"predecessor-version":[{"id":7837,"href":"https:\/\/canoe-kayak-lavernede.com\/de\/wp-json\/wp\/v2\/pages\/5166\/revisions\/7837"}],"up":[{"embeddable":true,"href":"https:\/\/canoe-kayak-lavernede.com\/de\/wp-json\/wp\/v2\/pages\/5001"}],"wp:attachment":[{"href":"https:\/\/canoe-kayak-lavernede.com\/de\/wp-json\/wp\/v2\/media?parent=5166"}],"curies":[{"name":"wp","href":"https:\/\/api.w.org\/{rel}","templated":true}]}}