{"id":5154,"date":"2022-12-02T09:44:18","date_gmt":"2022-12-02T08:44:18","guid":{"rendered":"https:\/\/www.canoe-kayak-lavernede.com\/?page_id=5154"},"modified":"2022-12-02T09:44:18","modified_gmt":"2022-12-02T08:44:18","slug":"canyoning-in-ardeche-haut-chassezac","status":"publish","type":"page","link":"https:\/\/canoe-kayak-lavernede.com\/de\/canyoning\/sportliches-canyoning\/canyoning-in-ardeche-haut-chassezac\/","title":{"rendered":"Canyoning in Ard\u00e8che &#8222;Haut Chassezac&#8220;"},"content":{"rendered":"<p>[vc_row full_width=&#8220;stretch_row&#8220; el_id=&#8220;breadcrumb&#8220;][vc_column][vc_column_text]<span><span><a href=\"https:\/\/canoe-kayak-lavernede.com\/de\/\">Accueil<\/a><\/span><\/span><\/p>\n<p>[\/vc_column_text][\/vc_column][\/vc_row][vc_row full_width=&#8220;stretch_row&#8220; el_id=&#8220;ban_inte&#8220;][vc_column][vc_column_text]<\/p>\n<h1 style=\"text-align: center;\"><span class=\"titre_1\">Canyoning Abenteuer<br \/>\nHaut Chassezac<br \/>\n<\/span><\/h1>\n<p>[\/vc_column_text][vc_column_text]<\/p>\n<h2 style=\"text-align: center;\"><span class=\"hashtag_small\"># Das Beste des Canyoning in der Ard\u00e8che<\/span><\/h2>\n<p>[\/vc_column_text]\n\n<picture class=\"ImgBG \" style=\"position: absolute; width: 100%; height:100%; top: 0; left:0; z-index: -2;\">\n    <img decoding=\"async\" width=\"1900\" height=\"1069\" src=\"https:\/\/canoe-kayak-lavernede.com\/wp-content\/uploads\/2021\/03\/PierreEtEau015.jpg\" class=\"attachment-full size-full\" alt=\"Haut chassezac canyoning Ard\u00e8che\" srcset=\"https:\/\/canoe-kayak-lavernede.com\/wp-content\/uploads\/2021\/03\/PierreEtEau015.jpg 1900w, https:\/\/canoe-kayak-lavernede.com\/wp-content\/uploads\/2021\/03\/PierreEtEau015-780x439.jpg 780w, https:\/\/canoe-kayak-lavernede.com\/wp-content\/uploads\/2021\/03\/PierreEtEau015-768x432.jpg 768w, https:\/\/canoe-kayak-lavernede.com\/wp-content\/uploads\/2021\/03\/PierreEtEau015-1536x864.jpg 1536w\" sizes=\"(max-width: 1900px) 100vw, 1900px\" \/><\/picture>\n\n[\/vc_column][\/vc_row][vc_row][vc_column][vc_column_text css_animation=&#8220;top-to-bottom&#8220;]<\/p>\n<p style=\"text-align: center;\"><span class=\"hashtag_small\" style=\"color: #ff0000;\">Ab 14 Jahre<br \/>\n<\/span><\/p>\n<p>[\/vc_column_text][vc_column_text css_animation=&#8220;bottom-to-top&#8220;]<\/p>\n<p style=\"text-align: center;\"><span class=\"hashtag_small txt_rouge\">Ganzen Tag<\/span><\/p>\n<p>[\/vc_column_text][vc_single_image image=&#8220;2633&#8243; alignment=&#8220;center&#8220; css_animation=&#8220;bottom-to-top&#8220;][vc_column_text]<\/p>\n<h3><span class=\"titre_2\">Pr\u00e4sentation :<\/span><\/h3>\n<p>[\/vc_column_text][vc_column_text]Ein unvergesslicher Tag und eine sehr vollst\u00e4ndige Schlucht, abwechselnd unterhaltsame und technische Passagen. Ein atemberaubender Ort, an dem Sie alle Freuden des Canyonings entdecken werden: Abstieg auf nat\u00fcrlichen Rutschen, zahlreiche Spr\u00fcnge bis zu 8 m, Schwimmen im Pool, Abseilen von Wasserf\u00e4llen, Handl\u00e4ufen, Seilrutschen &#8230; genug, um Sie zu erfreuen!<\/p>\n<p>Der Canyon du Haut Chassezac steht allen in guter k\u00f6rperlicher Verfassung offen, vom Anf\u00e4nger (alle Schwierigkeiten k\u00f6nnen \u00fcberwunden werden) bis zum Fortgeschrittenen, er findet den ganzen Tag statt (planen Sie zwischen 4 und 5 Stunden im Canyon ein, je nach Ihrem Fortschrittstempo). .<\/p>\n<p><span class=\"hashtag_small txt_rouge\">Das ist DIE Canyoning-Formel f\u00fcr Abenteuerlustige!<\/span>[\/vc_column_text][vc_column_text]<\/p>\n<h3><span class=\"titre_2\">Wie geht&#8217;s ?<\/span><\/h3>\n<p>[\/vc_column_text][vc_column_text]Nach der Betreuung durch einen staatlich gepr\u00fcften Instruktor, an einem vorher festgelegten Ort (Transport nach Verf\u00fcgbarkeit m\u00f6glich), kalkulieren Sie ca. 20 Minuten Zustieg, um den Eingang dieser herrlichen Schlucht zu erreichen. Und los geht&#8217;s zu einem unvergesslichen Abenteuertag! Rutschen, viele Spr\u00fcnge (vermeidbar), Engstellen, Seiltechniken (betreut durch den Instruktor) und vieles mehr! Z\u00e4hlen Sie nicht weniger als 5 Stunden Aktivit\u00e4t, um diese Schlucht zu \u00fcberwinden!<\/p>\n<p><strong>Seien Sie vorsichtig, wenn die Aktivit\u00e4t beendet ist, planen Sie einen 1-st\u00fcndigen R\u00fcckweg an einem steilen Hang ein. \u26f0\ufe0f<\/strong>[\/vc_column_text][\/vc_column][\/vc_row][vc_row][vc_column width=&#8220;1\/2&#8243;][vc_column_text]<\/p>\n<h3><span class=\"titre_2\">Zur Verf\u00fcgung gestellte Ausr\u00fcstung:<\/span><\/h3>\n<p>[\/vc_column_text][vc_column_text]<\/p>\n<ul>\n<li>Neoprenanzug<\/li>\n<li>Helm<\/li>\n<li>Wasserdichter Beh\u00e4lter + Tasche<\/li>\n<li>Geschirr<\/li>\n<\/ul>\n<p>[\/vc_column_text][vc_column_text]<\/p>\n<h3><span class=\"titre_2\">Ausstattung zur Verf\u00fcgung stellen:<\/span><\/h3>\n<p>[\/vc_column_text][vc_column_text]<\/p>\n<ul>\n<li>Badeanzug<\/li>\n<li>Wasser \/ Picknick<\/li>\n<li>Wanderschuhe (Verleih gegen Aufpreis m\u00f6glich)<\/li>\n<\/ul>\n<p>[\/vc_column_text][\/vc_column][vc_column width=&#8220;1\/2&#8243;][vc_gallery interval=&#8220;0&#8243; images=&#8220;2710,2714,2998,2627&#8243; img_size=&#8220;medium&#8220;][\/vc_column][\/vc_row][vc_row][vc_column][vc_column_text]<\/p>\n<p style=\"text-align: center;\"><span class=\"titre_2 titre_3\" style=\"font-size: 18pt;\"><strong>Ab 64\u20ac \/ person<\/strong><\/span><\/p>\n<p>[\/vc_column_text]<div class=' txt_centre btn_plein_rouge'><a class='lien_btn smoothScroll' href='\/de\/kontact\/' ><span><strong>INFORMATIONEN UND ANMELDUNG HIER<\/strong><\/span><\/a><\/div>[\/vc_column][\/vc_row]<\/p>\n","protected":false},"excerpt":{"rendered":"<p>[vc_row full_width=&#8220;stretch_row&#8220; el_id=&#8220;breadcrumb&#8220;][vc_column][vc_column_text] [\/vc_column_text][\/vc_column][\/vc_row][vc_row full_width=&#8220;stretch_row&#8220; el_id=&#8220;ban_inte&#8220;][vc_column][vc_column_text] Canyoning Abenteuer Haut Chassezac [\/vc_column_text][vc_column_text] # Das Beste des Canyoning in der Ard\u00e8che [\/vc_column_text][\/vc_column][\/vc_row][vc_row][vc_column][vc_column_text css_animation=&#8220;top-to-bottom&#8220;] Ab 14 Jahre [\/vc_column_text][vc_column_text css_animation=&#8220;bottom-to-top&#8220;] Ganzen Tag [\/vc_column_text][vc_single_image image=&#8220;2633&#8243; alignment=&#8220;center&#8220; css_animation=&#8220;bottom-to-top&#8220;][vc_column_text] Pr\u00e4sentation : [\/vc_column_text][vc_column_text]Ein unvergesslicher Tag und eine sehr vollst\u00e4ndige Schlucht, abwechselnd unterhaltsame und technische Passagen. Ein atemberaubender Ort, an dem Sie alle Freuden [&hellip;]<\/p>\n","protected":false},"author":5,"featured_media":0,"parent":5166,"menu_order":0,"comment_status":"closed","ping_status":"closed","template":"","meta":{"footnotes":""},"class_list":["post-5154","page","type-page","status-publish"],"yoast_head":"<!-- This site is optimized with the Yoast SEO plugin v24.3 - https:\/\/yoast.com\/wordpress\/plugins\/seo\/ -->\n<title>Canyoning in Ard\u00e8che &quot;Haut Chassezac&quot; - LA VERNEDE<\/title>\n<meta name=\"description\" content=\"Ein atemberaubender Ort, an dem Sie alle Freuden des Canyonings entdecken werden: Abstieg auf nat\u00fcrlichen Rutschen, zahlreiche Spr\u00fcnge bis zu 8 m...\" \/>\n<meta name=\"robots\" content=\"index, follow, max-snippet:-1, max-image-preview:large, max-video-preview:-1\" \/>\n<link rel=\"canonical\" href=\"https:\/\/canoe-kayak-lavernede.com\/de\/canyoning-in-ardeche-haut-chassezac\/\" \/>\n<meta property=\"og:locale\" content=\"de_DE\" \/>\n<meta property=\"og:type\" content=\"article\" \/>\n<meta property=\"og:title\" content=\"Canyoning in Ard\u00e8che &quot;Haut Chassezac&quot; - LA VERNEDE\" \/>\n<meta property=\"og:description\" content=\"Ein atemberaubender Ort, an dem Sie alle Freuden des Canyonings entdecken werden: Abstieg auf nat\u00fcrlichen Rutschen, zahlreiche Spr\u00fcnge bis zu 8 m...\" \/>\n<meta property=\"og:url\" content=\"https:\/\/canoe-kayak-lavernede.com\/de\/canyoning-in-ardeche-haut-chassezac\/\" \/>\n<meta property=\"og:site_name\" content=\"LA VERNEDE\" \/>\n<meta name=\"twitter:card\" content=\"summary_large_image\" \/>\n<meta name=\"twitter:label1\" content=\"Gesch\u00e4tzte Lesezeit\" \/>\n\t<meta name=\"twitter:data1\" content=\"2\u00a0Minuten\" \/>\n<script type=\"application\/ld+json\" class=\"yoast-schema-graph\">{\"@context\":\"https:\/\/schema.org\",\"@graph\":[{\"@type\":\"WebPage\",\"@id\":\"https:\/\/canoe-kayak-lavernede.com\/de\/canyoning-in-ardeche-haut-chassezac\/\",\"url\":\"https:\/\/canoe-kayak-lavernede.com\/de\/canyoning-in-ardeche-haut-chassezac\/\",\"name\":\"Canyoning in Ard\u00e8che \\\"Haut Chassezac\\\" - LA VERNEDE\",\"isPartOf\":{\"@id\":\"https:\/\/canoe-kayak-lavernede.com\/#website\"},\"datePublished\":\"2022-12-02T08:44:18+00:00\",\"dateModified\":\"2022-12-02T08:44:18+00:00\",\"description\":\"Ein atemberaubender Ort, an dem Sie alle Freuden des Canyonings entdecken werden: Abstieg auf nat\u00fcrlichen Rutschen, zahlreiche Spr\u00fcnge bis zu 8 m...\",\"breadcrumb\":{\"@id\":\"https:\/\/canoe-kayak-lavernede.com\/de\/canyoning-in-ardeche-haut-chassezac\/#breadcrumb\"},\"inLanguage\":\"de\",\"potentialAction\":[{\"@type\":\"ReadAction\",\"target\":[\"https:\/\/canoe-kayak-lavernede.com\/de\/canyoning-in-ardeche-haut-chassezac\/\"]}]},{\"@type\":\"BreadcrumbList\",\"@id\":\"https:\/\/canoe-kayak-lavernede.com\/de\/canyoning-in-ardeche-haut-chassezac\/#breadcrumb\",\"itemListElement\":[{\"@type\":\"ListItem\",\"position\":1,\"name\":\"Accueil\",\"item\":\"https:\/\/canoe-kayak-lavernede.com\/de\/\"},{\"@type\":\"ListItem\",\"position\":2,\"name\":\"Canyoning in Ard\u00e8che \u00ab\u00a0Haut Chassezac\u00a0\u00bb\"}]},{\"@type\":\"WebSite\",\"@id\":\"https:\/\/canoe-kayak-lavernede.com\/#website\",\"url\":\"https:\/\/canoe-kayak-lavernede.com\/\",\"name\":\"LA VERNEDE\",\"description\":\"\",\"potentialAction\":[{\"@type\":\"SearchAction\",\"target\":{\"@type\":\"EntryPoint\",\"urlTemplate\":\"https:\/\/canoe-kayak-lavernede.com\/?s={search_term_string}\"},\"query-input\":{\"@type\":\"PropertyValueSpecification\",\"valueRequired\":true,\"valueName\":\"search_term_string\"}}],\"inLanguage\":\"de\"}]}<\/script>\n<!-- \/ Yoast SEO plugin. -->","yoast_head_json":{"title":"Canyoning in Ard\u00e8che \"Haut Chassezac\" - LA VERNEDE","description":"Ein atemberaubender Ort, an dem Sie alle Freuden des Canyonings entdecken werden: Abstieg auf nat\u00fcrlichen Rutschen, zahlreiche Spr\u00fcnge bis zu 8 m...","robots":{"index":"index","follow":"follow","max-snippet":"max-snippet:-1","max-image-preview":"max-image-preview:large","max-video-preview":"max-video-preview:-1"},"canonical":"https:\/\/canoe-kayak-lavernede.com\/de\/canyoning-in-ardeche-haut-chassezac\/","og_locale":"de_DE","og_type":"article","og_title":"Canyoning in Ard\u00e8che \"Haut Chassezac\" - LA VERNEDE","og_description":"Ein atemberaubender Ort, an dem Sie alle Freuden des Canyonings entdecken werden: Abstieg auf nat\u00fcrlichen Rutschen, zahlreiche Spr\u00fcnge bis zu 8 m...","og_url":"https:\/\/canoe-kayak-lavernede.com\/de\/canyoning-in-ardeche-haut-chassezac\/","og_site_name":"LA VERNEDE","twitter_card":"summary_large_image","twitter_misc":{"Gesch\u00e4tzte Lesezeit":"2\u00a0Minuten"},"schema":{"@context":"https:\/\/schema.org","@graph":[{"@type":"WebPage","@id":"https:\/\/canoe-kayak-lavernede.com\/de\/canyoning-in-ardeche-haut-chassezac\/","url":"https:\/\/canoe-kayak-lavernede.com\/de\/canyoning-in-ardeche-haut-chassezac\/","name":"Canyoning in Ard\u00e8che \"Haut Chassezac\" - LA VERNEDE","isPartOf":{"@id":"https:\/\/canoe-kayak-lavernede.com\/#website"},"datePublished":"2022-12-02T08:44:18+00:00","dateModified":"2022-12-02T08:44:18+00:00","description":"Ein atemberaubender Ort, an dem Sie alle Freuden des Canyonings entdecken werden: Abstieg auf nat\u00fcrlichen Rutschen, zahlreiche Spr\u00fcnge bis zu 8 m...","breadcrumb":{"@id":"https:\/\/canoe-kayak-lavernede.com\/de\/canyoning-in-ardeche-haut-chassezac\/#breadcrumb"},"inLanguage":"de","potentialAction":[{"@type":"ReadAction","target":["https:\/\/canoe-kayak-lavernede.com\/de\/canyoning-in-ardeche-haut-chassezac\/"]}]},{"@type":"BreadcrumbList","@id":"https:\/\/canoe-kayak-lavernede.com\/de\/canyoning-in-ardeche-haut-chassezac\/#breadcrumb","itemListElement":[{"@type":"ListItem","position":1,"name":"Accueil","item":"https:\/\/canoe-kayak-lavernede.com\/de\/"},{"@type":"ListItem","position":2,"name":"Canyoning in Ard\u00e8che \u00ab\u00a0Haut Chassezac\u00a0\u00bb"}]},{"@type":"WebSite","@id":"https:\/\/canoe-kayak-lavernede.com\/#website","url":"https:\/\/canoe-kayak-lavernede.com\/","name":"LA VERNEDE","description":"","potentialAction":[{"@type":"SearchAction","target":{"@type":"EntryPoint","urlTemplate":"https:\/\/canoe-kayak-lavernede.com\/?s={search_term_string}"},"query-input":{"@type":"PropertyValueSpecification","valueRequired":true,"valueName":"search_term_string"}}],"inLanguage":"de"}]}},"_links":{"self":[{"href":"https:\/\/canoe-kayak-lavernede.com\/de\/wp-json\/wp\/v2\/pages\/5154"}],"collection":[{"href":"https:\/\/canoe-kayak-lavernede.com\/de\/wp-json\/wp\/v2\/pages"}],"about":[{"href":"https:\/\/canoe-kayak-lavernede.com\/de\/wp-json\/wp\/v2\/types\/page"}],"author":[{"embeddable":true,"href":"https:\/\/canoe-kayak-lavernede.com\/de\/wp-json\/wp\/v2\/users\/5"}],"replies":[{"embeddable":true,"href":"https:\/\/canoe-kayak-lavernede.com\/de\/wp-json\/wp\/v2\/comments?post=5154"}],"version-history":[{"count":2,"href":"https:\/\/canoe-kayak-lavernede.com\/de\/wp-json\/wp\/v2\/pages\/5154\/revisions"}],"predecessor-version":[{"id":5156,"href":"https:\/\/canoe-kayak-lavernede.com\/de\/wp-json\/wp\/v2\/pages\/5154\/revisions\/5156"}],"up":[{"embeddable":true,"href":"https:\/\/canoe-kayak-lavernede.com\/de\/wp-json\/wp\/v2\/pages\/5166"}],"wp:attachment":[{"href":"https:\/\/canoe-kayak-lavernede.com\/de\/wp-json\/wp\/v2\/media?parent=5154"}],"curies":[{"name":"wp","href":"https:\/\/api.w.org\/{rel}","templated":true}]}}