{"id":5150,"date":"2022-12-02T09:28:10","date_gmt":"2022-12-02T08:28:10","guid":{"rendered":"https:\/\/www.canoe-kayak-lavernede.com\/?page_id=5150"},"modified":"2026-02-09T10:07:58","modified_gmt":"2026-02-09T09:07:58","slug":"aero-ad-besorgues","status":"publish","type":"page","link":"https:\/\/canoe-kayak-lavernede.com\/de\/canyoning\/canyoning-fuer-erwachsene\/aero-ad-besorgues\/","title":{"rendered":"&#8222;Aero-ad&#8220; Besorgues"},"content":{"rendered":"<p>[vc_row full_width=&#8220;stretch_row&#8220; el_id=&#8220;breadcrumb&#8220;][vc_column][vc_column_text]<span><span><a href=\"https:\/\/canoe-kayak-lavernede.com\/de\/\">Accueil<\/a><\/span><\/span>[\/vc_column_text][\/vc_column][\/vc_row][vc_row full_width=&#8220;stretch_row&#8220; el_id=&#8220;ban_inte&#8220;][vc_column][vc_column_text]<\/p>\n<h1 style=\"text-align: center;\"><span class=\"titre_1\">Aero Ad<br \/>\nBesorgues<br \/>\n<\/span><\/h1>\n<p>[\/vc_column_text][vc_column_text]<\/p>\n<h2 style=\"text-align: center;\"><span class=\"hashtag_small\"><span style=\"font-size: 18pt;\"># 100 % fun !<\/span><br \/>\n<\/span><\/h2>\n<p>[\/vc_column_text]\n\n<picture class=\"ImgBG \" style=\"position: absolute; width: 100%; height:100%; top: 0; left:0; z-index: -2;\">\n    <img decoding=\"async\" width=\"2000\" height=\"1150\" src=\"https:\/\/canoe-kayak-lavernede.com\/wp-content\/uploads\/2021\/04\/7398301-diaporama.jpg\" class=\"attachment-full size-full\" alt=\"Canyoning adulte besorgues\" srcset=\"https:\/\/canoe-kayak-lavernede.com\/wp-content\/uploads\/2021\/04\/7398301-diaporama.jpg 2000w, https:\/\/canoe-kayak-lavernede.com\/wp-content\/uploads\/2021\/04\/7398301-diaporama-780x449.jpg 780w, https:\/\/canoe-kayak-lavernede.com\/wp-content\/uploads\/2021\/04\/7398301-diaporama-1878x1080.jpg 1878w, https:\/\/canoe-kayak-lavernede.com\/wp-content\/uploads\/2021\/04\/7398301-diaporama-768x442.jpg 768w, https:\/\/canoe-kayak-lavernede.com\/wp-content\/uploads\/2021\/04\/7398301-diaporama-1536x883.jpg 1536w\" sizes=\"(max-width: 2000px) 100vw, 2000px\" \/><\/picture>\n\n[\/vc_column][\/vc_row][vc_row][vc_column][vc_column_text css_animation=&#8220;top-to-bottom&#8220;]<\/p>\n<p style=\"text-align: center;\"><span class=\"hashtag_small\" style=\"color: #ff0000;\">Ab 12 Jahren<br \/>\n<\/span>[\/vc_column_text][vc_single_image image=&#8220;2635&#8243; alignment=&#8220;center&#8220; css_animation=&#8220;bottom-to-top&#8220;][vc_column_text]<\/p>\n<h3><span class=\"titre_2\">Pr\u00e4sentation :<\/span><\/h3>\n<p>[\/vc_column_text][vc_column_text]Gut zug\u00e4ngliche und unterhaltsame Canyoning-Tour, Spr\u00fcnge bis zu 5 m (nicht obligatorisch), Rutschen und Schwimmen in Becken unterstreichen die 3-st\u00fcndige Aktivit\u00e4t, die Sie in das Herz dieser herrlichen Schlucht, der Besorgues, f\u00fchrt.<br \/>\nEs ist keine Technik erforderlich, nur ein wenig Motivation, gute Laune und los geht&#8217;s!<\/p>\n<p>Der Kurs endet mit einer 90 m langen Seilrutsche, die 40 m \u00fcber der Schlucht h\u00e4ngt!<\/p>\n<p><strong>Garantierte Sensationen!<\/strong>[\/vc_column_text][vc_column_text]<\/p>\n<h3><span class=\"titre_2\">Wie geht&#8217;s ?<\/span><\/h3>\n<p>[\/vc_column_text][vc_column_text]Nachdem Sie von einem staatlich gepr\u00fcften Ausbilder auf dem Gel\u00e4nde des Base Canyon de la Besorgues eingef\u00fchrt und ausgestattet wurden, m\u00fcssen Sie etwa 15 Minuten Fussweg ohne H\u00f6henunterschied rechnen, um den Beginn dieses herrlichen Canyons der Ard\u00e8che zu erreichen.<br \/>\nSie folgen dann dem Fluss, indem Sie Spr\u00fcnge bis zu 5 m (alle umgehbar) und Rutschen verbinden, um zum Beginn der 90 m langen Seilrutsche (vermeidbar) zu gelangen, die Sie direkt zum Bereich um den Parkplatz zur\u00fcckbringt (kein R\u00fcckweg) .[\/vc_column_text][\/vc_column][\/vc_row][vc_row][vc_column width=&#8220;1\/2&#8243;][vc_column_text]<\/p>\n<h3><span class=\"titre_2\">Zur Verf\u00fcgung gestellte Ausr\u00fcstung:<\/span><\/h3>\n<p>[\/vc_column_text][vc_column_text]<\/p>\n<ul>\n<li>Neoprenanzug<\/li>\n<li>Helm<\/li>\n<li>Socken<\/li>\n<li>Schuhe<\/li>\n<li>Geschirr<\/li>\n<\/ul>\n<p>[\/vc_column_text][vc_column_text]<\/p>\n<h3><span class=\"titre_2\">Ausstattung zur Verf\u00fcgung stellen:<\/span><\/h3>\n<p>[\/vc_column_text][vc_column_text]<\/p>\n<ul>\n<li>Badeanzug<\/li>\n<li>Wasser \/ Snack<\/li>\n<li>Badetuch<\/li>\n<\/ul>\n<p>[\/vc_column_text][\/vc_column][vc_column width=&#8220;1\/2&#8243;][vc_raw_html]JTNDaWZyYW1lJTIwd2lkdGglM0QlMjI1NjAlMjIlMjBoZWlnaHQlM0QlMjIzMTUlMjIlMjBzcmMlM0QlMjJodHRwcyUzQSUyRiUyRnd3dy55b3V0dWJlLmNvbSUyRmVtYmVkJTJGT3pHM1UtMWlMNTQlMjIlMjB0aXRsZSUzRCUyMllvdVR1YmUlMjB2aWRlbyUyMHBsYXllciUyMiUyMGZyYW1lYm9yZGVyJTNEJTIyMCUyMiUyMGFsbG93JTNEJTIyYWNjZWxlcm9tZXRlciUzQiUyMGF1dG9wbGF5JTNCJTIwY2xpcGJvYXJkLXdyaXRlJTNCJTIwZW5jcnlwdGVkLW1lZGlhJTNCJTIwZ3lyb3Njb3BlJTNCJTIwcGljdHVyZS1pbi1waWN0dXJlJTIyJTIwYWxsb3dmdWxsc2NyZWVuJTNFJTNDJTJGaWZyYW1lJTNF[\/vc_raw_html][\/vc_column][\/vc_row][vc_row][vc_column][vc_column_text]<\/p>\n<p style=\"text-align: center;\"><span class=\"titre_2 titre_3\" style=\"font-size: 18pt;\"><strong>Ab 54\u20ac \/ person<\/strong><\/span><\/p>\n<p>[\/vc_column_text]<div class=' txt_centre btn_plein_rouge'><a class='lien_btn smoothScroll' href='\/de\/kontact\/' ><span><strong>INFORMATIONEN UND ANMELDUNG HIER<\/strong><\/span><\/a><\/div>[\/vc_column][\/vc_row]<\/p>\n","protected":false},"excerpt":{"rendered":"<p>[vc_row full_width=&#8220;stretch_row&#8220; el_id=&#8220;breadcrumb&#8220;][vc_column][vc_column_text][\/vc_column_text][\/vc_column][\/vc_row][vc_row full_width=&#8220;stretch_row&#8220; el_id=&#8220;ban_inte&#8220;][vc_column][vc_column_text] Aero Ad Besorgues [\/vc_column_text][vc_column_text] # 100 % fun ! [\/vc_column_text][\/vc_column][\/vc_row][vc_row][vc_column][vc_column_text css_animation=&#8220;top-to-bottom&#8220;] Ab 12 Jahren [\/vc_column_text][vc_single_image image=&#8220;2635&#8243; alignment=&#8220;center&#8220; css_animation=&#8220;bottom-to-top&#8220;][vc_column_text] Pr\u00e4sentation : [\/vc_column_text][vc_column_text]Gut zug\u00e4ngliche und unterhaltsame Canyoning-Tour, Spr\u00fcnge bis zu 5 m (nicht obligatorisch), Rutschen und Schwimmen in Becken unterstreichen die 3-st\u00fcndige Aktivit\u00e4t, die Sie in das Herz dieser herrlichen Schlucht, der [&hellip;]<\/p>\n","protected":false},"author":5,"featured_media":0,"parent":5141,"menu_order":0,"comment_status":"closed","ping_status":"closed","template":"","meta":{"footnotes":""},"class_list":["post-5150","page","type-page","status-publish"],"yoast_head":"<!-- This site is optimized with the Yoast SEO plugin v24.3 - https:\/\/yoast.com\/wordpress\/plugins\/seo\/ -->\n<title>&quot;Aero-ad&quot; Besorgues canyoning in Ard\u00e8che - LA VERNEDE<\/title>\n<meta name=\"description\" content=\"Spr\u00fcnge bis zu 5 m (nicht obligatorisch), Rutschen und Schwimmen in Becken unterstreichen die 3-st\u00fcndige Aktivit\u00e4t\" \/>\n<meta name=\"robots\" content=\"index, follow, max-snippet:-1, max-image-preview:large, max-video-preview:-1\" \/>\n<link rel=\"canonical\" href=\"https:\/\/canoe-kayak-lavernede.com\/canyoning-ardeche\/intermediaire\/aero-ad-besorgues\/\" \/>\n<meta property=\"og:locale\" content=\"de_DE\" \/>\n<meta property=\"og:type\" content=\"article\" \/>\n<meta property=\"og:title\" content=\"&quot;Aero-ad&quot; Besorgues canyoning in Ard\u00e8che - LA VERNEDE\" \/>\n<meta property=\"og:description\" content=\"Spr\u00fcnge bis zu 5 m (nicht obligatorisch), Rutschen und Schwimmen in Becken unterstreichen die 3-st\u00fcndige Aktivit\u00e4t\" \/>\n<meta property=\"og:url\" content=\"https:\/\/canoe-kayak-lavernede.com\/canyoning-ardeche\/intermediaire\/aero-ad-besorgues\/\" \/>\n<meta property=\"og:site_name\" content=\"LA VERNEDE\" \/>\n<meta property=\"article:modified_time\" content=\"2026-02-09T09:07:58+00:00\" \/>\n<meta name=\"twitter:card\" content=\"summary_large_image\" \/>\n<meta name=\"twitter:label1\" content=\"Gesch\u00e4tzte Lesezeit\" \/>\n\t<meta name=\"twitter:data1\" content=\"2\u00a0Minuten\" \/>\n<script type=\"application\/ld+json\" class=\"yoast-schema-graph\">{\"@context\":\"https:\/\/schema.org\",\"@graph\":[{\"@type\":\"WebPage\",\"@id\":\"https:\/\/canoe-kayak-lavernede.com\/canyoning-ardeche\/intermediaire\/aero-ad-besorgues\/\",\"url\":\"https:\/\/canoe-kayak-lavernede.com\/canyoning-ardeche\/intermediaire\/aero-ad-besorgues\/\",\"name\":\"\\\"Aero-ad\\\" Besorgues canyoning in Ard\u00e8che - LA VERNEDE\",\"isPartOf\":{\"@id\":\"https:\/\/canoe-kayak-lavernede.com\/#website\"},\"datePublished\":\"2022-12-02T08:28:10+00:00\",\"dateModified\":\"2026-02-09T09:07:58+00:00\",\"description\":\"Spr\u00fcnge bis zu 5 m (nicht obligatorisch), Rutschen und Schwimmen in Becken unterstreichen die 3-st\u00fcndige Aktivit\u00e4t\",\"breadcrumb\":{\"@id\":\"https:\/\/canoe-kayak-lavernede.com\/canyoning-ardeche\/intermediaire\/aero-ad-besorgues\/#breadcrumb\"},\"inLanguage\":\"de\",\"potentialAction\":[{\"@type\":\"ReadAction\",\"target\":[\"https:\/\/canoe-kayak-lavernede.com\/canyoning-ardeche\/intermediaire\/aero-ad-besorgues\/\"]}]},{\"@type\":\"BreadcrumbList\",\"@id\":\"https:\/\/canoe-kayak-lavernede.com\/canyoning-ardeche\/intermediaire\/aero-ad-besorgues\/#breadcrumb\",\"itemListElement\":[{\"@type\":\"ListItem\",\"position\":1,\"name\":\"Accueil\",\"item\":\"https:\/\/canoe-kayak-lavernede.com\/de\/\"},{\"@type\":\"ListItem\",\"position\":2,\"name\":\"Canyoning\",\"item\":\"https:\/\/canoe-kayak-lavernede.com\/de\/canyoning\/\"},{\"@type\":\"ListItem\",\"position\":3,\"name\":\"Canyoning f\u00fcr Erwachsene\",\"item\":\"https:\/\/canoe-kayak-lavernede.com\/de\/canyoning\/canyoning-fuer-erwachsene\/\"},{\"@type\":\"ListItem\",\"position\":4,\"name\":\"\u00ab\u00a0Aero-ad\u00a0\u00bb Besorgues\"}]},{\"@type\":\"WebSite\",\"@id\":\"https:\/\/canoe-kayak-lavernede.com\/#website\",\"url\":\"https:\/\/canoe-kayak-lavernede.com\/\",\"name\":\"LA VERNEDE\",\"description\":\"\",\"potentialAction\":[{\"@type\":\"SearchAction\",\"target\":{\"@type\":\"EntryPoint\",\"urlTemplate\":\"https:\/\/canoe-kayak-lavernede.com\/?s={search_term_string}\"},\"query-input\":{\"@type\":\"PropertyValueSpecification\",\"valueRequired\":true,\"valueName\":\"search_term_string\"}}],\"inLanguage\":\"de\"}]}<\/script>\n<!-- \/ Yoast SEO plugin. -->","yoast_head_json":{"title":"\"Aero-ad\" Besorgues canyoning in Ard\u00e8che - LA VERNEDE","description":"Spr\u00fcnge bis zu 5 m (nicht obligatorisch), Rutschen und Schwimmen in Becken unterstreichen die 3-st\u00fcndige Aktivit\u00e4t","robots":{"index":"index","follow":"follow","max-snippet":"max-snippet:-1","max-image-preview":"max-image-preview:large","max-video-preview":"max-video-preview:-1"},"canonical":"https:\/\/canoe-kayak-lavernede.com\/canyoning-ardeche\/intermediaire\/aero-ad-besorgues\/","og_locale":"de_DE","og_type":"article","og_title":"\"Aero-ad\" Besorgues canyoning in Ard\u00e8che - LA VERNEDE","og_description":"Spr\u00fcnge bis zu 5 m (nicht obligatorisch), Rutschen und Schwimmen in Becken unterstreichen die 3-st\u00fcndige Aktivit\u00e4t","og_url":"https:\/\/canoe-kayak-lavernede.com\/canyoning-ardeche\/intermediaire\/aero-ad-besorgues\/","og_site_name":"LA VERNEDE","article_modified_time":"2026-02-09T09:07:58+00:00","twitter_card":"summary_large_image","twitter_misc":{"Gesch\u00e4tzte Lesezeit":"2\u00a0Minuten"},"schema":{"@context":"https:\/\/schema.org","@graph":[{"@type":"WebPage","@id":"https:\/\/canoe-kayak-lavernede.com\/canyoning-ardeche\/intermediaire\/aero-ad-besorgues\/","url":"https:\/\/canoe-kayak-lavernede.com\/canyoning-ardeche\/intermediaire\/aero-ad-besorgues\/","name":"\"Aero-ad\" Besorgues canyoning in Ard\u00e8che - LA VERNEDE","isPartOf":{"@id":"https:\/\/canoe-kayak-lavernede.com\/#website"},"datePublished":"2022-12-02T08:28:10+00:00","dateModified":"2026-02-09T09:07:58+00:00","description":"Spr\u00fcnge bis zu 5 m (nicht obligatorisch), Rutschen und Schwimmen in Becken unterstreichen die 3-st\u00fcndige Aktivit\u00e4t","breadcrumb":{"@id":"https:\/\/canoe-kayak-lavernede.com\/canyoning-ardeche\/intermediaire\/aero-ad-besorgues\/#breadcrumb"},"inLanguage":"de","potentialAction":[{"@type":"ReadAction","target":["https:\/\/canoe-kayak-lavernede.com\/canyoning-ardeche\/intermediaire\/aero-ad-besorgues\/"]}]},{"@type":"BreadcrumbList","@id":"https:\/\/canoe-kayak-lavernede.com\/canyoning-ardeche\/intermediaire\/aero-ad-besorgues\/#breadcrumb","itemListElement":[{"@type":"ListItem","position":1,"name":"Accueil","item":"https:\/\/canoe-kayak-lavernede.com\/de\/"},{"@type":"ListItem","position":2,"name":"Canyoning","item":"https:\/\/canoe-kayak-lavernede.com\/de\/canyoning\/"},{"@type":"ListItem","position":3,"name":"Canyoning f\u00fcr Erwachsene","item":"https:\/\/canoe-kayak-lavernede.com\/de\/canyoning\/canyoning-fuer-erwachsene\/"},{"@type":"ListItem","position":4,"name":"\u00ab\u00a0Aero-ad\u00a0\u00bb Besorgues"}]},{"@type":"WebSite","@id":"https:\/\/canoe-kayak-lavernede.com\/#website","url":"https:\/\/canoe-kayak-lavernede.com\/","name":"LA VERNEDE","description":"","potentialAction":[{"@type":"SearchAction","target":{"@type":"EntryPoint","urlTemplate":"https:\/\/canoe-kayak-lavernede.com\/?s={search_term_string}"},"query-input":{"@type":"PropertyValueSpecification","valueRequired":true,"valueName":"search_term_string"}}],"inLanguage":"de"}]}},"_links":{"self":[{"href":"https:\/\/canoe-kayak-lavernede.com\/de\/wp-json\/wp\/v2\/pages\/5150"}],"collection":[{"href":"https:\/\/canoe-kayak-lavernede.com\/de\/wp-json\/wp\/v2\/pages"}],"about":[{"href":"https:\/\/canoe-kayak-lavernede.com\/de\/wp-json\/wp\/v2\/types\/page"}],"author":[{"embeddable":true,"href":"https:\/\/canoe-kayak-lavernede.com\/de\/wp-json\/wp\/v2\/users\/5"}],"replies":[{"embeddable":true,"href":"https:\/\/canoe-kayak-lavernede.com\/de\/wp-json\/wp\/v2\/comments?post=5150"}],"version-history":[{"count":4,"href":"https:\/\/canoe-kayak-lavernede.com\/de\/wp-json\/wp\/v2\/pages\/5150\/revisions"}],"predecessor-version":[{"id":11191,"href":"https:\/\/canoe-kayak-lavernede.com\/de\/wp-json\/wp\/v2\/pages\/5150\/revisions\/11191"}],"up":[{"embeddable":true,"href":"https:\/\/canoe-kayak-lavernede.com\/de\/wp-json\/wp\/v2\/pages\/5141"}],"wp:attachment":[{"href":"https:\/\/canoe-kayak-lavernede.com\/de\/wp-json\/wp\/v2\/media?parent=5150"}],"curies":[{"name":"wp","href":"https:\/\/api.w.org\/{rel}","templated":true}]}}