{"id":5141,"date":"2022-11-30T11:10:17","date_gmt":"2022-11-30T10:10:17","guid":{"rendered":"https:\/\/www.canoe-kayak-lavernede.com\/?page_id=5141"},"modified":"2024-05-30T10:25:37","modified_gmt":"2024-05-30T08:25:37","slug":"canyoning-fuer-erwachsene","status":"publish","type":"page","link":"https:\/\/canoe-kayak-lavernede.com\/de\/canyoning\/canyoning-fuer-erwachsene\/","title":{"rendered":"Canyoning f\u00fcr Erwachsene"},"content":{"rendered":"<p>[vc_row full_width=&#8220;stretch_row&#8220; el_id=&#8220;breadcrumb&#8220;][vc_column][vc_column_text]<span><span><a href=\"https:\/\/canoe-kayak-lavernede.com\/de\/\">Accueil<\/a><\/span><\/span><\/p>\n<p>[\/vc_column_text][\/vc_column][\/vc_row][vc_row full_width=&#8220;stretch_row&#8220; el_id=&#8220;ban_inte&#8220;][vc_column][vc_column_text]<\/p>\n<h1 style=\"text-align: center;\"><span class=\"titre_1\">Canyoning f\u00fcr Erwachsene in der Ard\u00e8che<\/span><\/h1>\n<p>[\/vc_column_text][vc_column_text]<\/p>\n<p style=\"text-align: center;\"><span class=\"hashtag_small\">#Teilen Sie ein unvergessliches Erlebnis<\/span><\/p>\n<p>[\/vc_column_text]\n\n<picture class=\"ImgBG \" style=\"position: absolute; width: 100%; height:100%; top: 0; left:0; z-index: -2;\">\n    <img decoding=\"async\" width=\"1600\" height=\"800\" src=\"https:\/\/canoe-kayak-lavernede.com\/wp-content\/uploads\/2021\/04\/canyoning-ardeche-canyon-borne_1600x800-crop1.jpg\" class=\"attachment-full size-full\" alt=\"Saut canyoning Ard\u00e8che vallon pont d&#039;!arc\" srcset=\"https:\/\/canoe-kayak-lavernede.com\/wp-content\/uploads\/2021\/04\/canyoning-ardeche-canyon-borne_1600x800-crop1.jpg 1600w, https:\/\/canoe-kayak-lavernede.com\/wp-content\/uploads\/2021\/04\/canyoning-ardeche-canyon-borne_1600x800-crop1-780x390.jpg 780w, https:\/\/canoe-kayak-lavernede.com\/wp-content\/uploads\/2021\/04\/canyoning-ardeche-canyon-borne_1600x800-crop1-768x384.jpg 768w, https:\/\/canoe-kayak-lavernede.com\/wp-content\/uploads\/2021\/04\/canyoning-ardeche-canyon-borne_1600x800-crop1-1536x768.jpg 1536w\" sizes=\"(max-width: 1600px) 100vw, 1600px\" \/><\/picture>\n\n[\/vc_column][\/vc_row][vc_row][vc_column][vc_column_text]<\/p>\n<p style=\"text-align: center;\"><span class=\"hashtag_small\">#Starke Empfindungen in der Ard\u00e8che<\/span><\/p>\n<h2 style=\"text-align: center;\"><span class=\"titre_2\">Spielerische Strecken voller Nervenkitzel!<\/span><\/h2>\n<p>[\/vc_column_text][vc_column_text]<\/p>\n<p style=\"text-align: center;\">Die besten Empfindungen, die Canyoning Ihnen bringt, mit unseren Tages- oder Halbtagesformeln. Unabh\u00e4ngig von Ihrem Niveau &#8211; ein einzigartiges Erlebnis!<\/p>\n<p>[\/vc_column_text][\/vc_column][\/vc_row][vc_row el_class=&#8220;padTB_2&#8243;][vc_column width=&#8220;1\/2&#8243;]\n\n\n<div class=\"BlocImgBg \" style=\"position: relative;\">\n    <a href=\"\/canyoning-ardeche\/sportif\/haut-chassezac\/\"  style=\"display:block;\">    <picture style=\"height:100%; display: block;\">\n    <source srcset=\"https:\/\/canoe-kayak-lavernede.com\/wp-content\/uploads\/2021\/04\/HCZ-780x900_2.jpg\" media=\"(max-width: 320px)\"><source srcset=\"https:\/\/canoe-kayak-lavernede.com\/wp-content\/uploads\/2021\/04\/HCZ-780x900_2.jpg\" media=\"(max-width: 780px)\">    \n        <img decoding=\"async\"\n        style=\"object-fit: cover; object-position: 50% 50%; width: 100%; height: 100%;\"\n        src=\"https:\/\/canoe-kayak-lavernede.com\/wp-content\/uploads\/2021\/04\/HCZ-780x900_2.jpg\"\n        alt=\"cascade canyoning ard\u00e8che\"\n        >\n    <\/picture>\n    <div class=\"BlocImgBgTitre\" style=\"position: absolute; top: 0; left: 0; width: 100%; height: 100%;\"><div class=\"pack_bloc\">\n\t<div class=\"pack_bloc_titre\">Canyoning-Abenteuer<br> haut Chassezac<\/div>\n\t<div class=\"pack_bloc_apartir\">Ab 60\u20ac\/Person<\/div>\n<\/div><\/div>\n    <\/a><\/div>[vc_column_text]DIE Formel, um Canyoning in der Ard\u00e8che in seiner ganzen Pracht zu erleben! \u00dcber einen ganzen Tag hinweg haben Sie die M\u00f6glichkeit, Ihre k\u00f6rperlichen F\u00e4higkeiten ein wenig zu testen. Abseilen in den Wasserf\u00e4llen, zahlreiche Spr\u00fcnge (nicht obligatorisch) und Rutschen unterstreichen diesen unvergesslichen Tag in einer idyllischen Umgebung.[\/vc_column_text][vc_single_image image=&#8220;2633&#8243; alignment=&#8220;center&#8220;][vc_raw_html el_class=&#8220;marB_2&#8243;]JTNDZGl2JTIwY2xhc3MlM0QlMjJjYW55b25faW5mbyUyMiUzRSUwQSUwOSUzQ2RpdiUyMGNsYXNzJTNEJTIyY2FueW9uX3BpY3RvJTIyJTIwc3R5bGUlM0QlMjJiYWNrZ3JvdW5kLWltYWdlJTNBJTIwdXJsJTI4JTI3JTJGd3AtY29udGVudCUyRnVwbG9hZHMlMkYyMDIwJTJGMDYlMkZwaWN0by1Mb2NhdG9yLURlc2NlbnRlLnN2ZyUyNyUyOSUyMiUzRU9ydCUyMGRlciUyMFQlQzMlQTR0aWdrZWl0JTNBJTNDYnIlM0UlM0NzcGFuJTNFTGElMjBHYXJkZSUyMEd1ZXJpbiUzQyUyRnNwYW4lM0UlM0MlMkZkaXYlM0UlMEElMDklM0NkaXYlMjBjbGFzcyUzRCUyMmNhbnlvbl9waWN0byUyMiUyMHN0eWxlJTNEJTIyYmFja2dyb3VuZC1pbWFnZSUzQSUyMHVybCUyOCUyNyUyRndwLWNvbnRlbnQlMkZ1cGxvYWRzJTJGMjAyMCUyRjA2JTJGcGljdG8tUHJlQWRvLVJlZC5zdmclMjclMjklMjIlM0VBYiUyMDE0JTIwSmFocmUlM0MlMkZkaXYlM0UlMEElMDklM0NkaXYlMjBjbGFzcyUzRCUyMmNhbnlvbl9waWN0byUyMiUyMHN0eWxlJTNEJTIyYmFja2dyb3VuZC1pbWFnZSUzQSUyMHVybCUyOCUyNyUyRndwLWNvbnRlbnQlMkZ1cGxvYWRzJTJGMjAyMCUyRjA2JTJGcGljdG8tVGltaW5nLURlc2NlbnRlLnN2ZyUyNyUyOSUyMiUzRUNhLiUyMDYlMjBTdHVuZGVuJTIwQWt0aXZpdCVDMyVBNHQlM0MlMkZkaXYlM0UlMEElM0MlMkZkaXYlM0U=[\/vc_raw_html]<div class=' txt_centre btn_plein_rouge'><a class='lien_btn smoothScroll' href='\/canyoning-ardeche\/sportif\/haut-chassezac\/' ><span>Mehr Details<\/span><\/a><\/div>[\/vc_column][vc_column width=&#8220;1\/2&#8243;]\n\n\n<div class=\"BlocImgBg \" style=\"position: relative;\">\n    <a href=\"\/canyoning-ardeche\/intermediaire\/aero-ad-besorgues\/\"  style=\"display:block;\">    <picture style=\"height:100%; display: block;\">\n    <source srcset=\"https:\/\/canoe-kayak-lavernede.com\/wp-content\/uploads\/2021\/04\/aero-ad-780x900-2.jpg\" media=\"(max-width: 320px)\"><source srcset=\"https:\/\/canoe-kayak-lavernede.com\/wp-content\/uploads\/2021\/04\/aero-ad-780x900-2.jpg\" media=\"(max-width: 780px)\">    \n        <img decoding=\"async\"\n        style=\"object-fit: cover; object-position: 50% 50%; width: 100%; height: 100%;\"\n        src=\"https:\/\/canoe-kayak-lavernede.com\/wp-content\/uploads\/2021\/04\/aero-ad-780x900-2.jpg\"\n        alt=\"saut canyoning Ard\u00e8che\"\n        >\n    <\/picture>\n    <div class=\"BlocImgBgTitre\" style=\"position: absolute; top: 0; left: 0; width: 100%; height: 100%;\"><div class=\"pack_bloc\">\n\t<div class=\"pack_bloc_titre\">Canyon<br>Aero AD Besorgues<\/div>\n\t<div class=\"pack_bloc_apartir\">Ab 44\u20ac\/person<\/div>\n<\/div><\/div>\n    <\/a><\/div>[vc_column_text]Ein halber Tag 100 % Canyoning-Spa\u00df in den Bergen der s\u00fcdlichen Ard\u00e8che! Dies ist die klassische Route des A\u00e9ro-Canyon de la Besorgues. Spr\u00fcnge, Schlitten, Rutschen, Becken und Wasserwanderung \u00fcber einen halben Tag im Herzen der Natur, die mit einer 90 m langen Seilrutsche endet, die 40 m \u00fcber der Schlucht h\u00e4ngt![\/vc_column_text][vc_single_image image=&#8220;2635&#8243; alignment=&#8220;center&#8220;][vc_raw_html el_class=&#8220;marB_2&#8243;]JTNDZGl2JTIwY2xhc3MlM0QlMjJjYW55b25faW5mbyUyMiUzRSUwQSUwOSUzQ2RpdiUyMGNsYXNzJTNEJTIyY2FueW9uX3BpY3RvJTIyJTIwc3R5bGUlM0QlMjJiYWNrZ3JvdW5kLWltYWdlJTNBJTIwdXJsJTI4JTI3JTJGd3AtY29udGVudCUyRnVwbG9hZHMlMkYyMDIwJTJGMDYlMkZwaWN0by1Mb2NhdG9yLURlc2NlbnRlLnN2ZyUyNyUyOSUyMiUzRU9ydCUyMGRlciUyMFQlQzMlQTR0aWdrZWl0JTIwJTNBJTNDYnIlM0UlM0NzcGFuJTNFTGFiYXN0aWRlJTIwc3VyJTIwQmVzb3JndWVzJTNDJTJGc3BhbiUzRSUzQyUyRmRpdiUzRSUwQSUwOSUzQ2RpdiUyMGNsYXNzJTNEJTIyY2FueW9uX3BpY3RvJTIyJTIwc3R5bGUlM0QlMjJiYWNrZ3JvdW5kLWltYWdlJTNBJTIwdXJsJTI4JTI3JTJGd3AtY29udGVudCUyRnVwbG9hZHMlMkYyMDIwJTJGMDYlMkZwaWN0by1QcmVBZG8tUmVkLnN2ZyUyNyUyOSUyMiUzRUFiJTIwMTIlMjBKYWhyZSUzQyUyRmRpdiUzRSUwQSUwOSUzQ2RpdiUyMGNsYXNzJTNEJTIyY2FueW9uX3BpY3RvJTIyJTIwc3R5bGUlM0QlMjJiYWNrZ3JvdW5kLWltYWdlJTNBJTIwdXJsJTI4JTI3JTJGd3AtY29udGVudCUyRnVwbG9hZHMlMkYyMDIwJTJGMDYlMkZwaWN0by1UaW1pbmctRGVzY2VudGUuc3ZnJTI3JTI5JTIyJTNFQ2EuJTIwMyUyMFN0dW5kZW4lMjBBa3Rpdml0JUMzJUE0dCUzQyUyRmRpdiUzRSUwQSUzQyUyRmRpdiUzRQ==[\/vc_raw_html]<div class=' txt_centre btn_plein_rouge'><a class='lien_btn smoothScroll' href='\/canyoning-ardeche\/intermediaire\/aero-ad-besorgues\/' ><span>Mehr Details<\/span><\/a><\/div>[\/vc_column][\/vc_row][vc_row full_width=&#8220;stretch_row&#8220; el_class=&#8220;bgmatiere_end padT_3&#8243;][vc_column][vc_column_text el_class=&#8220;marB_2&#8243;]<\/p>\n<p style=\"text-align: center;\"><span class=\"hashtag_small\">#gehe \u00fcber dich hinaus!<\/span><\/p>\n<h2 style=\"text-align: center;\">Auch zu entdecken :<\/h2>\n<p>[\/vc_column_text][vc_row_inner][vc_column_inner width=&#8220;1\/2&#8243;]\n\n\n<div class=\"BlocImgBg activite_autre\" style=\"position: relative;\">\n        <picture style=\"height:100%; display: block;\">\n    <source srcset=\"https:\/\/canoe-kayak-lavernede.com\/wp-content\/uploads\/2021\/03\/earo-fam-scaled.jpg\" media=\"(max-width: 320px)\"><source srcset=\"https:\/\/canoe-kayak-lavernede.com\/wp-content\/uploads\/2021\/03\/earo-fam-scaled.jpg\" media=\"(max-width: 780px)\">    \n        <img decoding=\"async\"\n        style=\"object-fit: cover; object-position: 50% 50%; width: 100%; height: 100%;\"\n        src=\"https:\/\/canoe-kayak-lavernede.com\/wp-content\/uploads\/2021\/03\/earo-fam-scaled.jpg\"\n        alt=\"tobbogans Ard\u00e8che canyoning enfants\"\n        >\n    <\/picture>\n    <div class=\"BlocImgBgTitre\" style=\"position: absolute; top: 0; left: 0; width: 100%; height: 100%;\"><div class=\"activite_autre_bloc\">\n\t\t<div class=\"autre_picto\" style=\"background-image: url('\/wp-content\/uploads\/2020\/06\/picto-Enfant.svg');\"><\/div>\n\t\t<div class=\"autre_titre\">CANYONING F\u00dcR ANF\u00c4NGER<\/div>\n\t\t<div class=\"autre_descbtn\">\n\t\t\t<div class=\"autre_desc\">Unsere verschiedenen Schluchten f\u00fcr einen unvergesslichen Abenteuertag!<\/div>\n\t\t\t<div class=\"autre_btn btn_plein_rouge\"><a href=\"https:\/\/lavernede.matiere-1ere.fr\/canyoning-ardeche\/decouverte\/\"><span>Siehe Angebote<\/span><\/a><\/div>\n\t\t<\/div>\n\t<\/div><\/div>\n    <\/div>[\/vc_column_inner][vc_column_inner width=&#8220;1\/2&#8243;]\n\n\n<div class=\"BlocImgBg activite_autre\" style=\"position: relative;\">\n        <picture style=\"height:100%; display: block;\">\n    <source srcset=\"https:\/\/canoe-kayak-lavernede.com\/wp-content\/uploads\/2021\/03\/Canyonig-Sportif.jpg\" media=\"(max-width: 320px)\"><source srcset=\"https:\/\/canoe-kayak-lavernede.com\/wp-content\/uploads\/2021\/03\/Canyonig-Sportif.jpg\" media=\"(max-width: 780px)\">    \n        <img decoding=\"async\"\n        style=\"object-fit: cover; object-position: 50% 50%; width: 100%; height: 100%;\"\n        src=\"https:\/\/canoe-kayak-lavernede.com\/wp-content\/uploads\/2021\/03\/Canyonig-Sportif.jpg\"\n        alt=\"Rappel canyoning Ard\u00e8che\"\n        >\n    <\/picture>\n    <div class=\"BlocImgBgTitre\" style=\"position: absolute; top: 0; left: 0; width: 100%; height: 100%;\"><div class=\"activite_autre_bloc\">\n\t\t<div class=\"autre_picto\" style=\"background-image: url('\/wp-content\/themes\/g5_hydrogen\/custom\/images\/svg\/picto-Speleo.svg');\"><\/div>\n\t\t<div class=\"autre_titre\">sportliches Canyoning<\/div>\n\t\t<div class=\"autre_descbtn\">\n\t\t\t<div class=\"autre_desc\">Adrenalinliebhaber, es ist hier dr\u00fcben!<\/div>\n\t\t\t<div class=\"autre_btn btn_plein_rouge\"><a href=\"https:\/\/lavernede.matiere-1ere.fr\/canyoning-ardeche\/sportif\/\"><span>Siehe Angebote<\/span><\/a><\/div>\n\t\t<\/div>\n\t<\/div><\/div>\n    <\/div>[\/vc_column_inner][\/vc_row_inner][\/vc_column][\/vc_row]<\/p>\n","protected":false},"excerpt":{"rendered":"<p>[vc_row full_width=&#8220;stretch_row&#8220; el_id=&#8220;breadcrumb&#8220;][vc_column][vc_column_text] [\/vc_column_text][\/vc_column][\/vc_row][vc_row full_width=&#8220;stretch_row&#8220; el_id=&#8220;ban_inte&#8220;][vc_column][vc_column_text] Canyoning f\u00fcr Erwachsene in der Ard\u00e8che [\/vc_column_text][vc_column_text] #Teilen Sie ein unvergessliches Erlebnis [\/vc_column_text][\/vc_column][\/vc_row][vc_row][vc_column][vc_column_text] #Starke Empfindungen in der Ard\u00e8che Spielerische Strecken voller Nervenkitzel! [\/vc_column_text][vc_column_text] Die besten Empfindungen, die Canyoning Ihnen bringt, mit unseren Tages- oder Halbtagesformeln. Unabh\u00e4ngig von Ihrem Niveau &#8211; ein einzigartiges Erlebnis! [\/vc_column_text][\/vc_column][\/vc_row][vc_row el_class=&#8220;padTB_2&#8243;][vc_column width=&#8220;1\/2&#8243;][vc_column_text]DIE Formel, um Canyoning [&hellip;]<\/p>\n","protected":false},"author":5,"featured_media":0,"parent":5001,"menu_order":0,"comment_status":"closed","ping_status":"closed","template":"","meta":{"footnotes":""},"class_list":["post-5141","page","type-page","status-publish"],"yoast_head":"<!-- This site is optimized with the Yoast SEO plugin v24.3 - https:\/\/yoast.com\/wordpress\/plugins\/seo\/ -->\n<title>Canyoning f\u00fcr Erwachsene in Ard\u00e8che - LA VERNEDE<\/title>\n<meta name=\"description\" content=\"Die besten Empfindungen, die Canyoning Ihnen bringt, durch unsere Tages- oder Halbtagesformeln. Unabh\u00e4ngig von Ihrem Niveau erleben Sie ein einzigartiges Erlebnis!\" \/>\n<meta name=\"robots\" content=\"index, follow, max-snippet:-1, max-image-preview:large, max-video-preview:-1\" \/>\n<link rel=\"canonical\" href=\"https:\/\/canoe-kayak-lavernede.com\/de\/canyoning\/canyoning-fuer-erwachsene\/\" \/>\n<meta property=\"og:locale\" content=\"de_DE\" \/>\n<meta property=\"og:type\" content=\"article\" \/>\n<meta property=\"og:title\" content=\"Canyoning f\u00fcr Erwachsene in Ard\u00e8che - LA VERNEDE\" \/>\n<meta property=\"og:description\" content=\"Die besten Empfindungen, die Canyoning Ihnen bringt, durch unsere Tages- oder Halbtagesformeln. Unabh\u00e4ngig von Ihrem Niveau erleben Sie ein einzigartiges Erlebnis!\" \/>\n<meta property=\"og:url\" content=\"https:\/\/canoe-kayak-lavernede.com\/de\/canyoning\/canyoning-fuer-erwachsene\/\" \/>\n<meta property=\"og:site_name\" content=\"LA VERNEDE\" \/>\n<meta property=\"article:modified_time\" content=\"2024-05-30T08:25:37+00:00\" \/>\n<meta name=\"twitter:card\" content=\"summary_large_image\" \/>\n<meta name=\"twitter:label1\" content=\"Gesch\u00e4tzte Lesezeit\" \/>\n\t<meta name=\"twitter:data1\" content=\"2\u00a0Minuten\" \/>\n<script type=\"application\/ld+json\" class=\"yoast-schema-graph\">{\"@context\":\"https:\/\/schema.org\",\"@graph\":[{\"@type\":\"WebPage\",\"@id\":\"https:\/\/canoe-kayak-lavernede.com\/de\/canyoning\/canyoning-fuer-erwachsene\/\",\"url\":\"https:\/\/canoe-kayak-lavernede.com\/de\/canyoning\/canyoning-fuer-erwachsene\/\",\"name\":\"Canyoning f\u00fcr Erwachsene in Ard\u00e8che - LA VERNEDE\",\"isPartOf\":{\"@id\":\"https:\/\/canoe-kayak-lavernede.com\/#website\"},\"datePublished\":\"2022-11-30T10:10:17+00:00\",\"dateModified\":\"2024-05-30T08:25:37+00:00\",\"description\":\"Die besten Empfindungen, die Canyoning Ihnen bringt, durch unsere Tages- oder Halbtagesformeln. Unabh\u00e4ngig von Ihrem Niveau erleben Sie ein einzigartiges Erlebnis!\",\"breadcrumb\":{\"@id\":\"https:\/\/canoe-kayak-lavernede.com\/de\/canyoning\/canyoning-fuer-erwachsene\/#breadcrumb\"},\"inLanguage\":\"de\",\"potentialAction\":[{\"@type\":\"ReadAction\",\"target\":[\"https:\/\/canoe-kayak-lavernede.com\/de\/canyoning\/canyoning-fuer-erwachsene\/\"]}]},{\"@type\":\"BreadcrumbList\",\"@id\":\"https:\/\/canoe-kayak-lavernede.com\/de\/canyoning\/canyoning-fuer-erwachsene\/#breadcrumb\",\"itemListElement\":[{\"@type\":\"ListItem\",\"position\":1,\"name\":\"Accueil\",\"item\":\"https:\/\/canoe-kayak-lavernede.com\/de\/\"},{\"@type\":\"ListItem\",\"position\":2,\"name\":\"Canyoning\",\"item\":\"https:\/\/canoe-kayak-lavernede.com\/de\/canyoning\/\"},{\"@type\":\"ListItem\",\"position\":3,\"name\":\"Canyoning f\u00fcr Erwachsene\"}]},{\"@type\":\"WebSite\",\"@id\":\"https:\/\/canoe-kayak-lavernede.com\/#website\",\"url\":\"https:\/\/canoe-kayak-lavernede.com\/\",\"name\":\"LA VERNEDE\",\"description\":\"\",\"potentialAction\":[{\"@type\":\"SearchAction\",\"target\":{\"@type\":\"EntryPoint\",\"urlTemplate\":\"https:\/\/canoe-kayak-lavernede.com\/?s={search_term_string}\"},\"query-input\":{\"@type\":\"PropertyValueSpecification\",\"valueRequired\":true,\"valueName\":\"search_term_string\"}}],\"inLanguage\":\"de\"}]}<\/script>\n<!-- \/ Yoast SEO plugin. -->","yoast_head_json":{"title":"Canyoning f\u00fcr Erwachsene in Ard\u00e8che - LA VERNEDE","description":"Die besten Empfindungen, die Canyoning Ihnen bringt, durch unsere Tages- oder Halbtagesformeln. Unabh\u00e4ngig von Ihrem Niveau erleben Sie ein einzigartiges Erlebnis!","robots":{"index":"index","follow":"follow","max-snippet":"max-snippet:-1","max-image-preview":"max-image-preview:large","max-video-preview":"max-video-preview:-1"},"canonical":"https:\/\/canoe-kayak-lavernede.com\/de\/canyoning\/canyoning-fuer-erwachsene\/","og_locale":"de_DE","og_type":"article","og_title":"Canyoning f\u00fcr Erwachsene in Ard\u00e8che - LA VERNEDE","og_description":"Die besten Empfindungen, die Canyoning Ihnen bringt, durch unsere Tages- oder Halbtagesformeln. Unabh\u00e4ngig von Ihrem Niveau erleben Sie ein einzigartiges Erlebnis!","og_url":"https:\/\/canoe-kayak-lavernede.com\/de\/canyoning\/canyoning-fuer-erwachsene\/","og_site_name":"LA VERNEDE","article_modified_time":"2024-05-30T08:25:37+00:00","twitter_card":"summary_large_image","twitter_misc":{"Gesch\u00e4tzte Lesezeit":"2\u00a0Minuten"},"schema":{"@context":"https:\/\/schema.org","@graph":[{"@type":"WebPage","@id":"https:\/\/canoe-kayak-lavernede.com\/de\/canyoning\/canyoning-fuer-erwachsene\/","url":"https:\/\/canoe-kayak-lavernede.com\/de\/canyoning\/canyoning-fuer-erwachsene\/","name":"Canyoning f\u00fcr Erwachsene in Ard\u00e8che - LA VERNEDE","isPartOf":{"@id":"https:\/\/canoe-kayak-lavernede.com\/#website"},"datePublished":"2022-11-30T10:10:17+00:00","dateModified":"2024-05-30T08:25:37+00:00","description":"Die besten Empfindungen, die Canyoning Ihnen bringt, durch unsere Tages- oder Halbtagesformeln. Unabh\u00e4ngig von Ihrem Niveau erleben Sie ein einzigartiges Erlebnis!","breadcrumb":{"@id":"https:\/\/canoe-kayak-lavernede.com\/de\/canyoning\/canyoning-fuer-erwachsene\/#breadcrumb"},"inLanguage":"de","potentialAction":[{"@type":"ReadAction","target":["https:\/\/canoe-kayak-lavernede.com\/de\/canyoning\/canyoning-fuer-erwachsene\/"]}]},{"@type":"BreadcrumbList","@id":"https:\/\/canoe-kayak-lavernede.com\/de\/canyoning\/canyoning-fuer-erwachsene\/#breadcrumb","itemListElement":[{"@type":"ListItem","position":1,"name":"Accueil","item":"https:\/\/canoe-kayak-lavernede.com\/de\/"},{"@type":"ListItem","position":2,"name":"Canyoning","item":"https:\/\/canoe-kayak-lavernede.com\/de\/canyoning\/"},{"@type":"ListItem","position":3,"name":"Canyoning f\u00fcr Erwachsene"}]},{"@type":"WebSite","@id":"https:\/\/canoe-kayak-lavernede.com\/#website","url":"https:\/\/canoe-kayak-lavernede.com\/","name":"LA VERNEDE","description":"","potentialAction":[{"@type":"SearchAction","target":{"@type":"EntryPoint","urlTemplate":"https:\/\/canoe-kayak-lavernede.com\/?s={search_term_string}"},"query-input":{"@type":"PropertyValueSpecification","valueRequired":true,"valueName":"search_term_string"}}],"inLanguage":"de"}]}},"_links":{"self":[{"href":"https:\/\/canoe-kayak-lavernede.com\/de\/wp-json\/wp\/v2\/pages\/5141"}],"collection":[{"href":"https:\/\/canoe-kayak-lavernede.com\/de\/wp-json\/wp\/v2\/pages"}],"about":[{"href":"https:\/\/canoe-kayak-lavernede.com\/de\/wp-json\/wp\/v2\/types\/page"}],"author":[{"embeddable":true,"href":"https:\/\/canoe-kayak-lavernede.com\/de\/wp-json\/wp\/v2\/users\/5"}],"replies":[{"embeddable":true,"href":"https:\/\/canoe-kayak-lavernede.com\/de\/wp-json\/wp\/v2\/comments?post=5141"}],"version-history":[{"count":3,"href":"https:\/\/canoe-kayak-lavernede.com\/de\/wp-json\/wp\/v2\/pages\/5141\/revisions"}],"predecessor-version":[{"id":7833,"href":"https:\/\/canoe-kayak-lavernede.com\/de\/wp-json\/wp\/v2\/pages\/5141\/revisions\/7833"}],"up":[{"embeddable":true,"href":"https:\/\/canoe-kayak-lavernede.com\/de\/wp-json\/wp\/v2\/pages\/5001"}],"wp:attachment":[{"href":"https:\/\/canoe-kayak-lavernede.com\/de\/wp-json\/wp\/v2\/media?parent=5141"}],"curies":[{"name":"wp","href":"https:\/\/api.w.org\/{rel}","templated":true}]}}