{"id":5136,"date":"2022-11-30T10:00:01","date_gmt":"2022-11-30T09:00:01","guid":{"rendered":"https:\/\/www.canoe-kayak-lavernede.com\/?page_id=5136"},"modified":"2024-05-27T15:45:06","modified_gmt":"2024-05-27T13:45:06","slug":"ganzen-tag-hoehlenforschung","status":"publish","type":"page","link":"https:\/\/canoe-kayak-lavernede.com\/de\/andere-aktivitaeten\/hoehlenforschung-in-der-ardeche\/ganzen-tag-hoehlenforschung\/","title":{"rendered":"Ganzen Tag H\u00f6hlenforschung"},"content":{"rendered":"<p>[vc_row full_width=&#8220;stretch_row&#8220; el_id=&#8220;breadcrumb&#8220;][vc_column][vc_column_text]<span><span><a href=\"https:\/\/canoe-kayak-lavernede.com\/de\/\">Accueil<\/a><\/span><\/span><\/p>\n<p>[\/vc_column_text][\/vc_column][\/vc_row][vc_row full_width=&#8220;stretch_row&#8220; el_id=&#8220;ban_inte&#8220;][vc_column][vc_column_text]<\/p>\n<h1 style=\"text-align: center;\"><span class=\"titre_1\">Ganzen Tag H\u00f6hlenforschung in der Ard\u00e8che<\/span><\/h1>\n<p>[\/vc_column_text][vc_column_text]<\/p>\n<h2 style=\"text-align: center;\"><span class=\"hashtag_small\">#Ein Tauchgang in das Herz der unterirdischen Welt<\/span><\/h2>\n<p>[\/vc_column_text]\n\n<picture class=\"ImgBG \" style=\"position: absolute; width: 100%; height:100%; top: 0; left:0; z-index: -2;\">\n    <img decoding=\"async\" width=\"1600\" height=\"1068\" src=\"https:\/\/canoe-kayak-lavernede.com\/wp-content\/uploads\/2021\/04\/2124532.jpg\" class=\"attachment-full size-full\" alt=\"Sp\u00e9l\u00e9o Ard\u00e8che Vallon Pont d&#039;Arc\" srcset=\"https:\/\/canoe-kayak-lavernede.com\/wp-content\/uploads\/2021\/04\/2124532.jpg 1600w, https:\/\/canoe-kayak-lavernede.com\/wp-content\/uploads\/2021\/04\/2124532-780x521.jpg 780w, https:\/\/canoe-kayak-lavernede.com\/wp-content\/uploads\/2021\/04\/2124532-768x513.jpg 768w, https:\/\/canoe-kayak-lavernede.com\/wp-content\/uploads\/2021\/04\/2124532-1536x1025.jpg 1536w\" sizes=\"(max-width: 1600px) 100vw, 1600px\" \/><\/picture>\n\n[\/vc_column][\/vc_row][vc_row][vc_column][vc_column_text css_animation=&#8220;top-to-bottom&#8220;]<\/p>\n<p style=\"text-align: center;\"><span class=\"hashtag_small\" style=\"color: #ff0000;\">Ab 12 Jahren<\/span><\/p>\n<p>[\/vc_column_text][vc_single_image image=&#8220;2633&#8243; alignment=&#8220;center&#8220; css_animation=&#8220;bottom-to-top&#8220;][vc_column_text]<\/p>\n<h3><span class=\"titre_2\">Pr\u00e4sentation :<\/span><\/h3>\n<p>[\/vc_column_text][vc_column_text]Tagesh\u00f6hlenwanderungen sind ein kompletter und unvergesslicher Ausflug. Der Parcour ist abwechslungsreich und intensiv, Sie werden viele nat\u00fcrliche Hindernisse \u00fcberwinden: Abseilen von 15 bis 35 Metern, durchsetzt mit Galerien, engen Passagen, Labyrinthen und einigen anderen \u00dcberraschungen. Rechnen Sie mit einer Dauer von etwa 4 bis 5 Stunden unter Tage mit einer Essenspause.[\/vc_column_text][vc_column_text]<\/p>\n<h3><span class=\"titre_2\">Wie geht das ?<\/span><\/h3>\n<p>[\/vc_column_text][vc_column_text]Nachdem Sie von einem staatlich gepr\u00fcften Ausbilder auf dem Gel\u00e4nde des Base Canyon de la Besorgues betreut wurden, m\u00fcssen Sie etwa 15 Minuten Zustieg ohne H\u00f6henunterschied rechnen, um den Beginn dieses herrlichen Canyons der Ard\u00e8che zu erreichen.<br \/>\nSie folgen dann dem Bach, indem Sie Spr\u00fcnge bis zu 3 m (alle umgehbar) und Rutschen aneinanderreihen, um zum Beginn der 90 m langen Seilrutsche (vermeidbar) zu gelangen, die Sie direkt zum Bereich um den Parkplatz zur\u00fcckbringt (kein R\u00fcckweg) .[\/vc_column_text][\/vc_column][\/vc_row][vc_row][vc_column width=&#8220;1\/2&#8243;][vc_column_text]<\/p>\n<h3><span class=\"titre_2\">Zur Verf\u00fcgung gestellte Ausr\u00fcstung:<\/span><\/h3>\n<p>[\/vc_column_text][vc_column_text]<\/p>\n<ul>\n<li>Helm mit Diode (Beleuchtung der neuesten Generation),<\/li>\n<li>Aktivit\u00e4tsspezifischer Canvas-Anzug,<\/li>\n<li>Vollst\u00e4ndiges Geschirr,<\/li>\n<li>Verst\u00e4rkte Tasche, nicht wasserdicht,<\/li>\n<li>6L wasserdichter Beh\u00e4lter,<\/li>\n<\/ul>\n<p><span class=\"txt_noir\">\u00a0<\/span>[\/vc_column_text][vc_column_text]<\/p>\n<h3><span class=\"titre_2\">Was Sie sonst noch brauchen:<\/span><\/h3>\n<p>[\/vc_column_text][vc_column_text]<\/p>\n<ul>\n<li>Sneakers oder Wanderschuhe,<br \/>\nWasserschuhe sind streng verboten!<\/li>\n<li>Lange Kleidung (bequem) zum Anziehen unter den H\u00f6hlenanzug,<\/li>\n<li>\u00bd L Wasser pro Person, Wichtig f\u00fcr den Anstieg.<\/li>\n<li>Ein nicht zerbrechliches Picknick (Sandwich, Energieriegel<\/li>\n<\/ul>\n<p>[\/vc_column_text][\/vc_column][vc_column width=&#8220;1\/2&#8243;][vc_gallery interval=&#8220;3&#8243; images=&#8220;2557,2552,2550,2548,2546,2544,2542&#8243; img_size=&#8220;medium&#8220;][\/vc_column][\/vc_row][vc_row][vc_column][vc_column_text]<\/p>\n<p style=\"text-align: center;\"><span class=\"titre_2 titre_3\" style=\"font-size: 18pt;\"><strong>Ab 60\u20ac \/ person<br \/>\n<\/strong><\/span><\/p>\n<p>[\/vc_column_text]<div class=' txt_centre btn_plein_rouge'><a class='lien_btn smoothScroll' href='\/de\/kontact\/' ><span><strong>INFORMATIONEN UND ANMELDUNG HIER<\/strong><\/span><\/a><\/div>[\/vc_column][\/vc_row]<\/p>\n","protected":false},"excerpt":{"rendered":"<p>[vc_row full_width=&#8220;stretch_row&#8220; el_id=&#8220;breadcrumb&#8220;][vc_column][vc_column_text] [\/vc_column_text][\/vc_column][\/vc_row][vc_row full_width=&#8220;stretch_row&#8220; el_id=&#8220;ban_inte&#8220;][vc_column][vc_column_text] Ganzen Tag H\u00f6hlenforschung in der Ard\u00e8che [\/vc_column_text][vc_column_text] #Ein Tauchgang in das Herz der unterirdischen Welt [\/vc_column_text][\/vc_column][\/vc_row][vc_row][vc_column][vc_column_text css_animation=&#8220;top-to-bottom&#8220;] Ab 12 Jahren [\/vc_column_text][vc_single_image image=&#8220;2633&#8243; alignment=&#8220;center&#8220; css_animation=&#8220;bottom-to-top&#8220;][vc_column_text] Pr\u00e4sentation : [\/vc_column_text][vc_column_text]Tagesh\u00f6hlenwanderungen sind ein kompletter und unvergesslicher Ausflug. Der Parcour ist abwechslungsreich und intensiv, Sie werden viele nat\u00fcrliche Hindernisse \u00fcberwinden: Abseilen von 15 bis [&hellip;]<\/p>\n","protected":false},"author":5,"featured_media":0,"parent":5103,"menu_order":0,"comment_status":"closed","ping_status":"closed","template":"","meta":{"footnotes":""},"class_list":["post-5136","page","type-page","status-publish"],"yoast_head":"<!-- This site is optimized with the Yoast SEO plugin v24.3 - https:\/\/yoast.com\/wordpress\/plugins\/seo\/ -->\n<title>Ganzen Tag H\u00f6hlenforschung in Ard\u00e8che - LA VERNEDE<\/title>\n<meta name=\"description\" content=\"Sie werden viele nat\u00fcrliche Hindernisse \u00fcberwinden: Abseilen von 15 bis 35 Metern, durchsetzt mit Galerien, Engpassagen, und einigen anderen \u00dcberraschungen.\" \/>\n<meta name=\"robots\" content=\"index, follow, max-snippet:-1, max-image-preview:large, max-video-preview:-1\" \/>\n<link rel=\"canonical\" href=\"https:\/\/canoe-kayak-lavernede.com\/de\/andere-aktivitaeten\/hoehlenforschung-in-der-ardeche\/ganzen-tag-hoehlenforschung\/\" \/>\n<meta property=\"og:locale\" content=\"de_DE\" \/>\n<meta property=\"og:type\" content=\"article\" \/>\n<meta property=\"og:title\" content=\"Ganzen Tag H\u00f6hlenforschung in Ard\u00e8che - LA VERNEDE\" \/>\n<meta property=\"og:description\" content=\"Sie werden viele nat\u00fcrliche Hindernisse \u00fcberwinden: Abseilen von 15 bis 35 Metern, durchsetzt mit Galerien, Engpassagen, und einigen anderen \u00dcberraschungen.\" \/>\n<meta property=\"og:url\" content=\"https:\/\/canoe-kayak-lavernede.com\/de\/andere-aktivitaeten\/hoehlenforschung-in-der-ardeche\/ganzen-tag-hoehlenforschung\/\" \/>\n<meta property=\"og:site_name\" content=\"LA VERNEDE\" \/>\n<meta property=\"article:modified_time\" content=\"2024-05-27T13:45:06+00:00\" \/>\n<meta name=\"twitter:card\" content=\"summary_large_image\" \/>\n<meta name=\"twitter:label1\" content=\"Gesch\u00e4tzte Lesezeit\" \/>\n\t<meta name=\"twitter:data1\" content=\"2\u00a0Minuten\" \/>\n<script type=\"application\/ld+json\" class=\"yoast-schema-graph\">{\"@context\":\"https:\/\/schema.org\",\"@graph\":[{\"@type\":\"WebPage\",\"@id\":\"https:\/\/canoe-kayak-lavernede.com\/de\/andere-aktivitaeten\/hoehlenforschung-in-der-ardeche\/ganzen-tag-hoehlenforschung\/\",\"url\":\"https:\/\/canoe-kayak-lavernede.com\/de\/andere-aktivitaeten\/hoehlenforschung-in-der-ardeche\/ganzen-tag-hoehlenforschung\/\",\"name\":\"Ganzen Tag H\u00f6hlenforschung in Ard\u00e8che - LA VERNEDE\",\"isPartOf\":{\"@id\":\"https:\/\/canoe-kayak-lavernede.com\/#website\"},\"datePublished\":\"2022-11-30T09:00:01+00:00\",\"dateModified\":\"2024-05-27T13:45:06+00:00\",\"description\":\"Sie werden viele nat\u00fcrliche Hindernisse \u00fcberwinden: Abseilen von 15 bis 35 Metern, durchsetzt mit Galerien, Engpassagen, und einigen anderen \u00dcberraschungen.\",\"breadcrumb\":{\"@id\":\"https:\/\/canoe-kayak-lavernede.com\/de\/andere-aktivitaeten\/hoehlenforschung-in-der-ardeche\/ganzen-tag-hoehlenforschung\/#breadcrumb\"},\"inLanguage\":\"de\",\"potentialAction\":[{\"@type\":\"ReadAction\",\"target\":[\"https:\/\/canoe-kayak-lavernede.com\/de\/andere-aktivitaeten\/hoehlenforschung-in-der-ardeche\/ganzen-tag-hoehlenforschung\/\"]}]},{\"@type\":\"BreadcrumbList\",\"@id\":\"https:\/\/canoe-kayak-lavernede.com\/de\/andere-aktivitaeten\/hoehlenforschung-in-der-ardeche\/ganzen-tag-hoehlenforschung\/#breadcrumb\",\"itemListElement\":[{\"@type\":\"ListItem\",\"position\":1,\"name\":\"Accueil\",\"item\":\"https:\/\/canoe-kayak-lavernede.com\/de\/\"},{\"@type\":\"ListItem\",\"position\":2,\"name\":\"Andere Aktivit\u00e4ten\",\"item\":\"https:\/\/canoe-kayak-lavernede.com\/de\/andere-aktivitaeten\/\"},{\"@type\":\"ListItem\",\"position\":3,\"name\":\"H\u00f6hlenforschung in der Ard\u00e8che\",\"item\":\"https:\/\/canoe-kayak-lavernede.com\/de\/andere-aktivitaeten\/hoehlenforschung-in-der-ardeche\/\"},{\"@type\":\"ListItem\",\"position\":4,\"name\":\"Ganzen Tag H\u00f6hlenforschung\"}]},{\"@type\":\"WebSite\",\"@id\":\"https:\/\/canoe-kayak-lavernede.com\/#website\",\"url\":\"https:\/\/canoe-kayak-lavernede.com\/\",\"name\":\"LA VERNEDE\",\"description\":\"\",\"potentialAction\":[{\"@type\":\"SearchAction\",\"target\":{\"@type\":\"EntryPoint\",\"urlTemplate\":\"https:\/\/canoe-kayak-lavernede.com\/?s={search_term_string}\"},\"query-input\":{\"@type\":\"PropertyValueSpecification\",\"valueRequired\":true,\"valueName\":\"search_term_string\"}}],\"inLanguage\":\"de\"}]}<\/script>\n<!-- \/ Yoast SEO plugin. -->","yoast_head_json":{"title":"Ganzen Tag H\u00f6hlenforschung in Ard\u00e8che - LA VERNEDE","description":"Sie werden viele nat\u00fcrliche Hindernisse \u00fcberwinden: Abseilen von 15 bis 35 Metern, durchsetzt mit Galerien, Engpassagen, und einigen anderen \u00dcberraschungen.","robots":{"index":"index","follow":"follow","max-snippet":"max-snippet:-1","max-image-preview":"max-image-preview:large","max-video-preview":"max-video-preview:-1"},"canonical":"https:\/\/canoe-kayak-lavernede.com\/de\/andere-aktivitaeten\/hoehlenforschung-in-der-ardeche\/ganzen-tag-hoehlenforschung\/","og_locale":"de_DE","og_type":"article","og_title":"Ganzen Tag H\u00f6hlenforschung in Ard\u00e8che - LA VERNEDE","og_description":"Sie werden viele nat\u00fcrliche Hindernisse \u00fcberwinden: Abseilen von 15 bis 35 Metern, durchsetzt mit Galerien, Engpassagen, und einigen anderen \u00dcberraschungen.","og_url":"https:\/\/canoe-kayak-lavernede.com\/de\/andere-aktivitaeten\/hoehlenforschung-in-der-ardeche\/ganzen-tag-hoehlenforschung\/","og_site_name":"LA VERNEDE","article_modified_time":"2024-05-27T13:45:06+00:00","twitter_card":"summary_large_image","twitter_misc":{"Gesch\u00e4tzte Lesezeit":"2\u00a0Minuten"},"schema":{"@context":"https:\/\/schema.org","@graph":[{"@type":"WebPage","@id":"https:\/\/canoe-kayak-lavernede.com\/de\/andere-aktivitaeten\/hoehlenforschung-in-der-ardeche\/ganzen-tag-hoehlenforschung\/","url":"https:\/\/canoe-kayak-lavernede.com\/de\/andere-aktivitaeten\/hoehlenforschung-in-der-ardeche\/ganzen-tag-hoehlenforschung\/","name":"Ganzen Tag H\u00f6hlenforschung in Ard\u00e8che - LA VERNEDE","isPartOf":{"@id":"https:\/\/canoe-kayak-lavernede.com\/#website"},"datePublished":"2022-11-30T09:00:01+00:00","dateModified":"2024-05-27T13:45:06+00:00","description":"Sie werden viele nat\u00fcrliche Hindernisse \u00fcberwinden: Abseilen von 15 bis 35 Metern, durchsetzt mit Galerien, Engpassagen, und einigen anderen \u00dcberraschungen.","breadcrumb":{"@id":"https:\/\/canoe-kayak-lavernede.com\/de\/andere-aktivitaeten\/hoehlenforschung-in-der-ardeche\/ganzen-tag-hoehlenforschung\/#breadcrumb"},"inLanguage":"de","potentialAction":[{"@type":"ReadAction","target":["https:\/\/canoe-kayak-lavernede.com\/de\/andere-aktivitaeten\/hoehlenforschung-in-der-ardeche\/ganzen-tag-hoehlenforschung\/"]}]},{"@type":"BreadcrumbList","@id":"https:\/\/canoe-kayak-lavernede.com\/de\/andere-aktivitaeten\/hoehlenforschung-in-der-ardeche\/ganzen-tag-hoehlenforschung\/#breadcrumb","itemListElement":[{"@type":"ListItem","position":1,"name":"Accueil","item":"https:\/\/canoe-kayak-lavernede.com\/de\/"},{"@type":"ListItem","position":2,"name":"Andere Aktivit\u00e4ten","item":"https:\/\/canoe-kayak-lavernede.com\/de\/andere-aktivitaeten\/"},{"@type":"ListItem","position":3,"name":"H\u00f6hlenforschung in der Ard\u00e8che","item":"https:\/\/canoe-kayak-lavernede.com\/de\/andere-aktivitaeten\/hoehlenforschung-in-der-ardeche\/"},{"@type":"ListItem","position":4,"name":"Ganzen Tag H\u00f6hlenforschung"}]},{"@type":"WebSite","@id":"https:\/\/canoe-kayak-lavernede.com\/#website","url":"https:\/\/canoe-kayak-lavernede.com\/","name":"LA VERNEDE","description":"","potentialAction":[{"@type":"SearchAction","target":{"@type":"EntryPoint","urlTemplate":"https:\/\/canoe-kayak-lavernede.com\/?s={search_term_string}"},"query-input":{"@type":"PropertyValueSpecification","valueRequired":true,"valueName":"search_term_string"}}],"inLanguage":"de"}]}},"_links":{"self":[{"href":"https:\/\/canoe-kayak-lavernede.com\/de\/wp-json\/wp\/v2\/pages\/5136"}],"collection":[{"href":"https:\/\/canoe-kayak-lavernede.com\/de\/wp-json\/wp\/v2\/pages"}],"about":[{"href":"https:\/\/canoe-kayak-lavernede.com\/de\/wp-json\/wp\/v2\/types\/page"}],"author":[{"embeddable":true,"href":"https:\/\/canoe-kayak-lavernede.com\/de\/wp-json\/wp\/v2\/users\/5"}],"replies":[{"embeddable":true,"href":"https:\/\/canoe-kayak-lavernede.com\/de\/wp-json\/wp\/v2\/comments?post=5136"}],"version-history":[{"count":3,"href":"https:\/\/canoe-kayak-lavernede.com\/de\/wp-json\/wp\/v2\/pages\/5136\/revisions"}],"predecessor-version":[{"id":7737,"href":"https:\/\/canoe-kayak-lavernede.com\/de\/wp-json\/wp\/v2\/pages\/5136\/revisions\/7737"}],"up":[{"embeddable":true,"href":"https:\/\/canoe-kayak-lavernede.com\/de\/wp-json\/wp\/v2\/pages\/5103"}],"wp:attachment":[{"href":"https:\/\/canoe-kayak-lavernede.com\/de\/wp-json\/wp\/v2\/media?parent=5136"}],"curies":[{"name":"wp","href":"https:\/\/api.w.org\/{rel}","templated":true}]}}