{"id":5130,"date":"2022-11-29T10:14:27","date_gmt":"2022-11-29T09:14:27","guid":{"rendered":"https:\/\/www.canoe-kayak-lavernede.com\/?page_id=5130"},"modified":"2026-02-09T10:07:32","modified_gmt":"2026-02-09T09:07:32","slug":"kleine-kinder-canyon-besorgues","status":"publish","type":"page","link":"https:\/\/canoe-kayak-lavernede.com\/de\/kleine-kinder-canyon-besorgues\/","title":{"rendered":"Kids canyon Besorgues"},"content":{"rendered":"<p>[vc_row full_width=&#8220;stretch_row&#8220; el_id=&#8220;breadcrumb&#8220;][vc_column][vc_column_text]<span><span><a href=\"https:\/\/canoe-kayak-lavernede.com\/de\/\">Accueil<\/a><\/span><\/span>[\/vc_column_text][\/vc_column][\/vc_row][vc_row full_width=&#8220;stretch_row&#8220; el_id=&#8220;ban_inte&#8220;][vc_column][vc_column_text]<\/p>\n<h1 style=\"text-align: center;\"><span class=\"titre_1\">kleine Kinder canyon &#8222;Besorgues&#8220;<\/span><\/h1>\n<p>[\/vc_column_text][vc_column_text]<\/p>\n<h2 style=\"text-align: center;\"><span class=\"hashtag_small\"># Canyoning f\u00fcr Kleinkinder!<\/span><\/h2>\n<p>[\/vc_column_text]\n\n<picture class=\"ImgBG \" style=\"position: absolute; width: 100%; height:100%; top: 0; left:0; z-index: -2;\">\n    <img decoding=\"async\" width=\"1800\" height=\"1200\" src=\"https:\/\/canoe-kayak-lavernede.com\/wp-content\/uploads\/2021\/04\/tyrolienne-enfant.jpg\" class=\"attachment-full size-full\" alt=\"tyrolienne enfant ard\u00e8che\" srcset=\"https:\/\/canoe-kayak-lavernede.com\/wp-content\/uploads\/2021\/04\/tyrolienne-enfant.jpg 1800w, https:\/\/canoe-kayak-lavernede.com\/wp-content\/uploads\/2021\/04\/tyrolienne-enfant-780x520.jpg 780w, https:\/\/canoe-kayak-lavernede.com\/wp-content\/uploads\/2021\/04\/tyrolienne-enfant-1620x1080.jpg 1620w, https:\/\/canoe-kayak-lavernede.com\/wp-content\/uploads\/2021\/04\/tyrolienne-enfant-768x512.jpg 768w, https:\/\/canoe-kayak-lavernede.com\/wp-content\/uploads\/2021\/04\/tyrolienne-enfant-1536x1024.jpg 1536w\" sizes=\"(max-width: 1800px) 100vw, 1800px\" \/><\/picture>\n\n[\/vc_column][\/vc_row][vc_row][vc_column][vc_column_text css_animation=&#8220;top-to-bottom&#8220;]<\/p>\n<p style=\"text-align: center;\"><span class=\"hashtag_small txt_rouge\">Zug\u00e4nglich von 5 bis 7 Jahren in Begleitung der Eltern.<\/span><\/p>\n<p>[\/vc_column_text][vc_single_image image=&#8220;2752&#8243; alignment=&#8220;center&#8220; css_animation=&#8220;bottom-to-top&#8220;][vc_column_text]<\/p>\n<h3><span class=\"titre_2\">Pr\u00e4sentation :<\/span><\/h3>\n<p>[\/vc_column_text][vc_column_text]<\/p>\n<p style=\"text-align: justify;\">Die Besorgues-Schlucht ist ein geologisches Wunder inmitten \u00fcppiger Natur. Nach 15 Minuten leichtem Zustieg folgen Sie Rutschen und optionalen Spr\u00fcngen bis zu 3 m.<br \/>\nDer Ausgang aus dem Wasser befindet sich kurz vor dem schwierigen Teil der Schlucht, um sich der R\u00fcck-Zipline anzuschlie\u00dfen. Alle Hindernisse k\u00f6nnen umgangen werden, einschlie\u00dflich der Seilrutsche. Sie werden sich in Ihren Anz\u00fcgen sicher und warm f\u00fchlen.[\/vc_column_text][vc_column_text]<\/p>\n<h3><span class=\"titre_2\">Wie geht&#8217;s ?<\/span><\/h3>\n<p>[\/vc_column_text][vc_column_text]Nachdem Sie von einem staatlich gepr\u00fcften Ausbilder auf dem Gel\u00e4nde des Base Canyon de la Besorgues betreut wurden, m\u00fcssen Sie etwa 15 Minuten Zustieg ohne H\u00f6henunterschied rechnen, um den Beginn dieses herrlichen Canyons der Ard\u00e8che zu erreichen.<br \/>\nSie folgen dann dem Bach, indem Sie Spr\u00fcnge bis zu 3 m (alle umgehbar) und Rutschen aneinanderreihen, um zum Beginn der 90 m langen Seilrutsche (vermeidbar) zu gelangen, die Sie direkt zum Bereich um den Parkplatz zur\u00fcckbringt (kein R\u00fcckweg) .[\/vc_column_text][\/vc_column][\/vc_row][vc_row][vc_column width=&#8220;1\/2&#8243;][vc_column_text]<\/p>\n<h3><span class=\"titre_2\">Zur Verf\u00fcgung gestellte Ausr\u00fcstung:<\/span><\/h3>\n<p>[\/vc_column_text][vc_column_text]<\/p>\n<ul>\n<li>Kombination<\/li>\n<li>Helm<\/li>\n<li>Socken<\/li>\n<li>Schuhe<\/li>\n<li>Geschirr<\/li>\n<\/ul>\n<p>[\/vc_column_text][vc_column_text]<\/p>\n<h3><span class=\"titre_2\">Ausstattung zur Verf\u00fcgung stellen:<\/span><\/h3>\n<p>[\/vc_column_text][vc_column_text]<\/p>\n<ul>\n<li>Badeanzug<\/li>\n<li>Wasser \/ Snack<\/li>\n<li>Badetuch<\/li>\n<\/ul>\n<p>[\/vc_column_text][\/vc_column][vc_column width=&#8220;1\/2&#8243;][vc_raw_html]JTNDaWZyYW1lJTIwd2lkdGglM0QlMjI1NjAlMjIlMjBoZWlnaHQlM0QlMjIzMTUlMjIlMjBzcmMlM0QlMjJodHRwcyUzQSUyRiUyRnd3dy55b3V0dWJlLmNvbSUyRmVtYmVkJTJGZmx3eDNzeDN2aEklMjIlMjB0aXRsZSUzRCUyMllvdVR1YmUlMjB2aWRlbyUyMHBsYXllciUyMiUyMGZyYW1lYm9yZGVyJTNEJTIyMCUyMiUyMGFsbG93JTNEJTIyYWNjZWxlcm9tZXRlciUzQiUyMGF1dG9wbGF5JTNCJTIwY2xpcGJvYXJkLXdyaXRlJTNCJTIwZW5jcnlwdGVkLW1lZGlhJTNCJTIwZ3lyb3Njb3BlJTNCJTIwcGljdHVyZS1pbi1waWN0dXJlJTIyJTIwYWxsb3dmdWxsc2NyZWVuJTNFJTNDJTJGaWZyYW1lJTNF[\/vc_raw_html][\/vc_column][\/vc_row][vc_row][vc_column][vc_column_text]<\/p>\n<p style=\"text-align: center;\"><span class=\"titre_2 titre_3\" style=\"font-size: 18pt;\"><strong>Ab 44\u20ac \/ person<\/strong><\/span><\/p>\n<p>[\/vc_column_text]<div class=' txt_centre btn_plein_rouge'><a class='lien_btn smoothScroll' href='\/de\/kontact\/' ><span><strong>INFORMATIONEN UND ANMELDUNG HIER<\/strong><\/span><\/a><\/div>[\/vc_column][\/vc_row]<\/p>\n","protected":false},"excerpt":{"rendered":"<p>[vc_row full_width=&#8220;stretch_row&#8220; el_id=&#8220;breadcrumb&#8220;][vc_column][vc_column_text][\/vc_column_text][\/vc_column][\/vc_row][vc_row full_width=&#8220;stretch_row&#8220; el_id=&#8220;ban_inte&#8220;][vc_column][vc_column_text] kleine Kinder canyon &#8222;Besorgues&#8220; [\/vc_column_text][vc_column_text] # Canyoning f\u00fcr Kleinkinder! [\/vc_column_text][\/vc_column][\/vc_row][vc_row][vc_column][vc_column_text css_animation=&#8220;top-to-bottom&#8220;] Zug\u00e4nglich von 5 bis 7 Jahren in Begleitung der Eltern. [\/vc_column_text][vc_single_image image=&#8220;2752&#8243; alignment=&#8220;center&#8220; css_animation=&#8220;bottom-to-top&#8220;][vc_column_text] Pr\u00e4sentation : [\/vc_column_text][vc_column_text] Die Besorgues-Schlucht ist ein geologisches Wunder inmitten \u00fcppiger Natur. Nach 15 Minuten leichtem Zustieg folgen Sie Rutschen und optionalen Spr\u00fcngen bis zu [&hellip;]<\/p>\n","protected":false},"author":5,"featured_media":0,"parent":0,"menu_order":0,"comment_status":"closed","ping_status":"closed","template":"","meta":{"footnotes":""},"class_list":["post-5130","page","type-page","status-publish"],"yoast_head":"<!-- This site is optimized with the Yoast SEO plugin v24.3 - https:\/\/yoast.com\/wordpress\/plugins\/seo\/ -->\n<title>kleine Kinder canyon &quot;Besorgues&quot;- LA VERNEDE<\/title>\n<meta name=\"description\" content=\"Die Besorgues-Schlucht ist ein geologisches Wunder inmitten \u00fcppiger Natur. Nach 15 Minuten leichten Zustiegs folgen Sie Rutschen und Spr\u00fcngen bis zu 3 m.\" \/>\n<meta name=\"robots\" content=\"index, follow, max-snippet:-1, max-image-preview:large, max-video-preview:-1\" \/>\n<link rel=\"canonical\" href=\"https:\/\/canoe-kayak-lavernede.com\/kids-canyon-besorgues\/\" \/>\n<meta property=\"og:locale\" content=\"de_DE\" \/>\n<meta property=\"og:type\" content=\"article\" \/>\n<meta property=\"og:title\" content=\"kleine Kinder canyon &quot;Besorgues&quot;- LA VERNEDE\" \/>\n<meta property=\"og:description\" content=\"Die Besorgues-Schlucht ist ein geologisches Wunder inmitten \u00fcppiger Natur. Nach 15 Minuten leichten Zustiegs folgen Sie Rutschen und Spr\u00fcngen bis zu 3 m.\" \/>\n<meta property=\"og:url\" content=\"https:\/\/canoe-kayak-lavernede.com\/kids-canyon-besorgues\/\" \/>\n<meta property=\"og:site_name\" content=\"LA VERNEDE\" \/>\n<meta property=\"article:modified_time\" content=\"2026-02-09T09:07:32+00:00\" \/>\n<meta name=\"twitter:card\" content=\"summary_large_image\" \/>\n<meta name=\"twitter:label1\" content=\"Gesch\u00e4tzte Lesezeit\" \/>\n\t<meta name=\"twitter:data1\" content=\"2\u00a0Minuten\" \/>\n<script type=\"application\/ld+json\" class=\"yoast-schema-graph\">{\"@context\":\"https:\/\/schema.org\",\"@graph\":[{\"@type\":\"WebPage\",\"@id\":\"https:\/\/canoe-kayak-lavernede.com\/kids-canyon-besorgues\/\",\"url\":\"https:\/\/canoe-kayak-lavernede.com\/kids-canyon-besorgues\/\",\"name\":\"kleine Kinder canyon \\\"Besorgues\\\"- LA VERNEDE\",\"isPartOf\":{\"@id\":\"https:\/\/canoe-kayak-lavernede.com\/#website\"},\"datePublished\":\"2022-11-29T09:14:27+00:00\",\"dateModified\":\"2026-02-09T09:07:32+00:00\",\"description\":\"Die Besorgues-Schlucht ist ein geologisches Wunder inmitten \u00fcppiger Natur. Nach 15 Minuten leichten Zustiegs folgen Sie Rutschen und Spr\u00fcngen bis zu 3 m.\",\"breadcrumb\":{\"@id\":\"https:\/\/canoe-kayak-lavernede.com\/kids-canyon-besorgues\/#breadcrumb\"},\"inLanguage\":\"de\",\"potentialAction\":[{\"@type\":\"ReadAction\",\"target\":[\"https:\/\/canoe-kayak-lavernede.com\/kids-canyon-besorgues\/\"]}]},{\"@type\":\"BreadcrumbList\",\"@id\":\"https:\/\/canoe-kayak-lavernede.com\/kids-canyon-besorgues\/#breadcrumb\",\"itemListElement\":[{\"@type\":\"ListItem\",\"position\":1,\"name\":\"Accueil\",\"item\":\"https:\/\/canoe-kayak-lavernede.com\/de\/\"},{\"@type\":\"ListItem\",\"position\":2,\"name\":\"Kids canyon Besorgues\"}]},{\"@type\":\"WebSite\",\"@id\":\"https:\/\/canoe-kayak-lavernede.com\/#website\",\"url\":\"https:\/\/canoe-kayak-lavernede.com\/\",\"name\":\"LA VERNEDE\",\"description\":\"\",\"potentialAction\":[{\"@type\":\"SearchAction\",\"target\":{\"@type\":\"EntryPoint\",\"urlTemplate\":\"https:\/\/canoe-kayak-lavernede.com\/?s={search_term_string}\"},\"query-input\":{\"@type\":\"PropertyValueSpecification\",\"valueRequired\":true,\"valueName\":\"search_term_string\"}}],\"inLanguage\":\"de\"}]}<\/script>\n<!-- \/ Yoast SEO plugin. -->","yoast_head_json":{"title":"kleine Kinder canyon \"Besorgues\"- LA VERNEDE","description":"Die Besorgues-Schlucht ist ein geologisches Wunder inmitten \u00fcppiger Natur. Nach 15 Minuten leichten Zustiegs folgen Sie Rutschen und Spr\u00fcngen bis zu 3 m.","robots":{"index":"index","follow":"follow","max-snippet":"max-snippet:-1","max-image-preview":"max-image-preview:large","max-video-preview":"max-video-preview:-1"},"canonical":"https:\/\/canoe-kayak-lavernede.com\/kids-canyon-besorgues\/","og_locale":"de_DE","og_type":"article","og_title":"kleine Kinder canyon \"Besorgues\"- LA VERNEDE","og_description":"Die Besorgues-Schlucht ist ein geologisches Wunder inmitten \u00fcppiger Natur. Nach 15 Minuten leichten Zustiegs folgen Sie Rutschen und Spr\u00fcngen bis zu 3 m.","og_url":"https:\/\/canoe-kayak-lavernede.com\/kids-canyon-besorgues\/","og_site_name":"LA VERNEDE","article_modified_time":"2026-02-09T09:07:32+00:00","twitter_card":"summary_large_image","twitter_misc":{"Gesch\u00e4tzte Lesezeit":"2\u00a0Minuten"},"schema":{"@context":"https:\/\/schema.org","@graph":[{"@type":"WebPage","@id":"https:\/\/canoe-kayak-lavernede.com\/kids-canyon-besorgues\/","url":"https:\/\/canoe-kayak-lavernede.com\/kids-canyon-besorgues\/","name":"kleine Kinder canyon \"Besorgues\"- LA VERNEDE","isPartOf":{"@id":"https:\/\/canoe-kayak-lavernede.com\/#website"},"datePublished":"2022-11-29T09:14:27+00:00","dateModified":"2026-02-09T09:07:32+00:00","description":"Die Besorgues-Schlucht ist ein geologisches Wunder inmitten \u00fcppiger Natur. Nach 15 Minuten leichten Zustiegs folgen Sie Rutschen und Spr\u00fcngen bis zu 3 m.","breadcrumb":{"@id":"https:\/\/canoe-kayak-lavernede.com\/kids-canyon-besorgues\/#breadcrumb"},"inLanguage":"de","potentialAction":[{"@type":"ReadAction","target":["https:\/\/canoe-kayak-lavernede.com\/kids-canyon-besorgues\/"]}]},{"@type":"BreadcrumbList","@id":"https:\/\/canoe-kayak-lavernede.com\/kids-canyon-besorgues\/#breadcrumb","itemListElement":[{"@type":"ListItem","position":1,"name":"Accueil","item":"https:\/\/canoe-kayak-lavernede.com\/de\/"},{"@type":"ListItem","position":2,"name":"Kids canyon Besorgues"}]},{"@type":"WebSite","@id":"https:\/\/canoe-kayak-lavernede.com\/#website","url":"https:\/\/canoe-kayak-lavernede.com\/","name":"LA VERNEDE","description":"","potentialAction":[{"@type":"SearchAction","target":{"@type":"EntryPoint","urlTemplate":"https:\/\/canoe-kayak-lavernede.com\/?s={search_term_string}"},"query-input":{"@type":"PropertyValueSpecification","valueRequired":true,"valueName":"search_term_string"}}],"inLanguage":"de"}]}},"_links":{"self":[{"href":"https:\/\/canoe-kayak-lavernede.com\/de\/wp-json\/wp\/v2\/pages\/5130"}],"collection":[{"href":"https:\/\/canoe-kayak-lavernede.com\/de\/wp-json\/wp\/v2\/pages"}],"about":[{"href":"https:\/\/canoe-kayak-lavernede.com\/de\/wp-json\/wp\/v2\/types\/page"}],"author":[{"embeddable":true,"href":"https:\/\/canoe-kayak-lavernede.com\/de\/wp-json\/wp\/v2\/users\/5"}],"replies":[{"embeddable":true,"href":"https:\/\/canoe-kayak-lavernede.com\/de\/wp-json\/wp\/v2\/comments?post=5130"}],"version-history":[{"count":3,"href":"https:\/\/canoe-kayak-lavernede.com\/de\/wp-json\/wp\/v2\/pages\/5130\/revisions"}],"predecessor-version":[{"id":11189,"href":"https:\/\/canoe-kayak-lavernede.com\/de\/wp-json\/wp\/v2\/pages\/5130\/revisions\/11189"}],"wp:attachment":[{"href":"https:\/\/canoe-kayak-lavernede.com\/de\/wp-json\/wp\/v2\/media?parent=5130"}],"curies":[{"name":"wp","href":"https:\/\/api.w.org\/{rel}","templated":true}]}}