{"id":5122,"date":"2022-11-29T09:55:14","date_gmt":"2022-11-29T08:55:14","guid":{"rendered":"https:\/\/www.canoe-kayak-lavernede.com\/?page_id=5122"},"modified":"2024-05-30T10:23:06","modified_gmt":"2024-05-30T08:23:06","slug":"bas-chassezac","status":"publish","type":"page","link":"https:\/\/canoe-kayak-lavernede.com\/de\/canyoning\/canyoning-fur-anfaenger\/bas-chassezac\/","title":{"rendered":"Bas Chassezac"},"content":{"rendered":"<p>[vc_row full_width=&#8220;stretch_row&#8220; el_id=&#8220;breadcrumb&#8220;][vc_column][vc_column_text]<span><span><a href=\"https:\/\/canoe-kayak-lavernede.com\/de\/\">Accueil<\/a><\/span><\/span><\/p>\n<p>[\/vc_column_text][\/vc_column][\/vc_row][vc_row full_width=&#8220;stretch_row&#8220; el_id=&#8220;ban_inte&#8220;][vc_column][vc_column_text]<\/p>\n<h1 style=\"text-align: center;\"><span class=\"titre_1\">Bas Chassezac Wasserwanderung<\/span><\/h1>\n<p>[\/vc_column_text][vc_column_text]<\/p>\n<h2 style=\"text-align: center;\"><span class=\"hashtag_small\"># Schwimmen und Rutschen!<\/span><\/h2>\n<p>[\/vc_column_text]\n\n<picture class=\"ImgBG \" style=\"position: absolute; width: 100%; height:100%; top: 0; left:0; z-index: -2;\">\n    <img decoding=\"async\" width=\"1920\" height=\"800\" src=\"https:\/\/canoe-kayak-lavernede.com\/wp-content\/uploads\/2021\/04\/bas-cz-bandeau.jpg\" class=\"attachment-full size-full\" alt=\"Vasques canyoning ard\u00e8che\" srcset=\"https:\/\/canoe-kayak-lavernede.com\/wp-content\/uploads\/2021\/04\/bas-cz-bandeau.jpg 1920w, https:\/\/canoe-kayak-lavernede.com\/wp-content\/uploads\/2021\/04\/bas-cz-bandeau-780x325.jpg 780w, https:\/\/canoe-kayak-lavernede.com\/wp-content\/uploads\/2021\/04\/bas-cz-bandeau-768x320.jpg 768w, https:\/\/canoe-kayak-lavernede.com\/wp-content\/uploads\/2021\/04\/bas-cz-bandeau-1536x640.jpg 1536w\" sizes=\"(max-width: 1920px) 100vw, 1920px\" \/><\/picture>\n\n[\/vc_column][\/vc_row][vc_row][vc_column][vc_column_text css_animation=&#8220;top-to-bottom&#8220;]<\/p>\n<p style=\"text-align: center;\"><span class=\"hashtag_small txt_rouge\">Zug\u00e4nglich von 5 bis 7 Jahren in Begleitung der Eltern.<\/span><\/p>\n<p>[\/vc_column_text][vc_single_image image=&#8220;2752&#8243; alignment=&#8220;center&#8220; css_animation=&#8220;bottom-to-top&#8220;][vc_column_text]<\/p>\n<h3><span class=\"titre_2\">Pr\u00e4sentation:<br \/>\n<\/span><\/h3>\n<p>[\/vc_column_text][vc_column_text]An der Grenze zwischen Ard\u00e8che und Loz\u00e8re gelegen, findet die Wasserwanderung Bas Chassezac im Herzen eines echten kleinen Paradieses statt. Diese Aktivit\u00e4t macht Spa\u00df und ist f\u00fcr die meisten zug\u00e4nglich, damit Jung und Alt zufrieden sind.<br \/>\nEs ist eine Aktivit\u00e4t, die besonders f\u00fcr Familien mit kleinen Kindern (ab 9 Jahren) geeignet ist, die diesen Sport ohne Schwierigkeiten entdecken m\u00f6chten. Der Parcours besteht aus einer Reihe von Spr\u00fcngen (von 1 bis 5 Meter, nie obligatorisch), Rutschen und Schwimmen in den gro\u00dfen Becken.[\/vc_column_text][vc_column_text]<\/p>\n<h3><span class=\"titre_2\">Wie geht das?<\/span><\/h3>\n<p>[\/vc_column_text][vc_column_text]Ausger\u00fcstet und betreut von einem staatlich gepr\u00fcften Instructor beginnt die Aktivit\u00e4t mit einer etwa 30-min\u00fctigen Bergaufwanderung mitten in der Natur. Dann rechnen Sie mit 2 bis 3 Stunden Aktivit\u00e4t, um diesen Teil der Schlucht zu durchqueren, der f\u00fcr die Mutigsten mit einem Sprung von fast 7 m endet! Planen Sie am Ende einen 5-min\u00fctigen Spaziergang ein, um den Parkplatz zu erreichen.[\/vc_column_text][\/vc_column][\/vc_row][vc_row][vc_column width=&#8220;1\/2&#8243;][vc_column_text]<br \/>\n[\/vc_column_text][vc_column_text]<\/p>\n<h3><span class=\"titre_2\">Zur Verf\u00fcgung gestellte Ausr\u00fcstung:<\/span><\/h3>\n<p>[\/vc_column_text][vc_column_text]<\/p>\n<ul>\n<li>Neoprenanzug<\/li>\n<li>Kombinationsschutz<\/li>\n<li>Helme<\/li>\n<\/ul>\n<p>[\/vc_column_text][vc_column_text]<\/p>\n<h3><span class=\"titre_2\">Ausstattung zur Verf\u00fcgung stellen:<\/span><\/h3>\n<p>[\/vc_column_text][vc_column_text]<\/p>\n<ul>\n<li>Badeanzug<\/li>\n<li>Wasser \/ Snack<\/li>\n<li>geschlossene Schuhe<\/li>\n<\/ul>\n<p>[\/vc_column_text][\/vc_column][vc_column width=&#8220;1\/2&#8243;][vc_gallery interval=&#8220;3&#8243; images=&#8220;2602,2604,2606,2608,2610&#8243; img_size=&#8220;medium&#8220;][\/vc_column][\/vc_row][vc_row][vc_column][vc_column_text]<\/p>\n<p style=\"text-align: center;\"><span class=\"titre_2\" style=\"font-size: 24pt;\"><strong>Ab 38\u20ac \/ person<\/strong><\/span><\/p>\n<p>[\/vc_column_text]<div class=' txt_centre btn_plein_rouge'><a class='lien_btn smoothScroll' href='\/de\/kontact\/' ><span>Information \/ inscription ICI<\/span><\/a><\/div>[\/vc_column][\/vc_row]<\/p>\n","protected":false},"excerpt":{"rendered":"<p>[vc_row full_width=&#8220;stretch_row&#8220; el_id=&#8220;breadcrumb&#8220;][vc_column][vc_column_text] [\/vc_column_text][\/vc_column][\/vc_row][vc_row full_width=&#8220;stretch_row&#8220; el_id=&#8220;ban_inte&#8220;][vc_column][vc_column_text] Bas Chassezac Wasserwanderung [\/vc_column_text][vc_column_text] # Schwimmen und Rutschen! [\/vc_column_text][\/vc_column][\/vc_row][vc_row][vc_column][vc_column_text css_animation=&#8220;top-to-bottom&#8220;] Zug\u00e4nglich von 5 bis 7 Jahren in Begleitung der Eltern. [\/vc_column_text][vc_single_image image=&#8220;2752&#8243; alignment=&#8220;center&#8220; css_animation=&#8220;bottom-to-top&#8220;][vc_column_text] Pr\u00e4sentation: [\/vc_column_text][vc_column_text]An der Grenze zwischen Ard\u00e8che und Loz\u00e8re gelegen, findet die Wasserwanderung Bas Chassezac im Herzen eines echten kleinen Paradieses statt. Diese Aktivit\u00e4t macht Spa\u00df [&hellip;]<\/p>\n","protected":false},"author":5,"featured_media":0,"parent":5079,"menu_order":0,"comment_status":"closed","ping_status":"closed","template":"","meta":{"footnotes":""},"class_list":["post-5122","page","type-page","status-publish"],"yoast_head":"<!-- This site is optimized with the Yoast SEO plugin v24.3 - https:\/\/yoast.com\/wordpress\/plugins\/seo\/ -->\n<title>&quot;Bas Chassezac&quot; Wasserwanderun in Ard\u00e8che - LA VERNEDE<\/title>\n<meta name=\"description\" content=\"Diese Aktivit\u00e4t macht Spa\u00df und ist f\u00fcr die meisten zug\u00e4nglich. Der Parcours besteht aus einer Reihe von Spr\u00fcngen, Rutschen und Schwimmen :)\" \/>\n<meta name=\"robots\" content=\"index, follow, max-snippet:-1, max-image-preview:large, max-video-preview:-1\" \/>\n<link rel=\"canonical\" href=\"https:\/\/canoe-kayak-lavernede.com\/de\/canyoning\/canyoning-fur-anfaenger\/bas-chassezac\/\" \/>\n<meta property=\"og:locale\" content=\"de_DE\" \/>\n<meta property=\"og:type\" content=\"article\" \/>\n<meta property=\"og:title\" content=\"&quot;Bas Chassezac&quot; Wasserwanderun in Ard\u00e8che - LA VERNEDE\" \/>\n<meta property=\"og:description\" content=\"Diese Aktivit\u00e4t macht Spa\u00df und ist f\u00fcr die meisten zug\u00e4nglich. Der Parcours besteht aus einer Reihe von Spr\u00fcngen, Rutschen und Schwimmen :)\" \/>\n<meta property=\"og:url\" content=\"https:\/\/canoe-kayak-lavernede.com\/de\/canyoning\/canyoning-fur-anfaenger\/bas-chassezac\/\" \/>\n<meta property=\"og:site_name\" content=\"LA VERNEDE\" \/>\n<meta property=\"article:modified_time\" content=\"2024-05-30T08:23:06+00:00\" \/>\n<meta name=\"twitter:card\" content=\"summary_large_image\" \/>\n<meta name=\"twitter:label1\" content=\"Gesch\u00e4tzte Lesezeit\" \/>\n\t<meta name=\"twitter:data1\" content=\"2\u00a0Minuten\" \/>\n<script type=\"application\/ld+json\" class=\"yoast-schema-graph\">{\"@context\":\"https:\/\/schema.org\",\"@graph\":[{\"@type\":\"WebPage\",\"@id\":\"https:\/\/canoe-kayak-lavernede.com\/de\/canyoning\/canyoning-fur-anfaenger\/bas-chassezac\/\",\"url\":\"https:\/\/canoe-kayak-lavernede.com\/de\/canyoning\/canyoning-fur-anfaenger\/bas-chassezac\/\",\"name\":\"\\\"Bas Chassezac\\\" Wasserwanderun in Ard\u00e8che - LA VERNEDE\",\"isPartOf\":{\"@id\":\"https:\/\/canoe-kayak-lavernede.com\/#website\"},\"datePublished\":\"2022-11-29T08:55:14+00:00\",\"dateModified\":\"2024-05-30T08:23:06+00:00\",\"description\":\"Diese Aktivit\u00e4t macht Spa\u00df und ist f\u00fcr die meisten zug\u00e4nglich. Der Parcours besteht aus einer Reihe von Spr\u00fcngen, Rutschen und Schwimmen :)\",\"breadcrumb\":{\"@id\":\"https:\/\/canoe-kayak-lavernede.com\/de\/canyoning\/canyoning-fur-anfaenger\/bas-chassezac\/#breadcrumb\"},\"inLanguage\":\"de\",\"potentialAction\":[{\"@type\":\"ReadAction\",\"target\":[\"https:\/\/canoe-kayak-lavernede.com\/de\/canyoning\/canyoning-fur-anfaenger\/bas-chassezac\/\"]}]},{\"@type\":\"BreadcrumbList\",\"@id\":\"https:\/\/canoe-kayak-lavernede.com\/de\/canyoning\/canyoning-fur-anfaenger\/bas-chassezac\/#breadcrumb\",\"itemListElement\":[{\"@type\":\"ListItem\",\"position\":1,\"name\":\"Accueil\",\"item\":\"https:\/\/canoe-kayak-lavernede.com\/de\/\"},{\"@type\":\"ListItem\",\"position\":2,\"name\":\"Canyoning\",\"item\":\"https:\/\/canoe-kayak-lavernede.com\/de\/canyoning\/\"},{\"@type\":\"ListItem\",\"position\":3,\"name\":\"Canyoning f\u00fcr Anf\u00e4nger\",\"item\":\"https:\/\/canoe-kayak-lavernede.com\/de\/canyoning\/canyoning-fur-anfaenger\/\"},{\"@type\":\"ListItem\",\"position\":4,\"name\":\"Bas Chassezac\"}]},{\"@type\":\"WebSite\",\"@id\":\"https:\/\/canoe-kayak-lavernede.com\/#website\",\"url\":\"https:\/\/canoe-kayak-lavernede.com\/\",\"name\":\"LA VERNEDE\",\"description\":\"\",\"potentialAction\":[{\"@type\":\"SearchAction\",\"target\":{\"@type\":\"EntryPoint\",\"urlTemplate\":\"https:\/\/canoe-kayak-lavernede.com\/?s={search_term_string}\"},\"query-input\":{\"@type\":\"PropertyValueSpecification\",\"valueRequired\":true,\"valueName\":\"search_term_string\"}}],\"inLanguage\":\"de\"}]}<\/script>\n<!-- \/ Yoast SEO plugin. -->","yoast_head_json":{"title":"\"Bas Chassezac\" Wasserwanderun in Ard\u00e8che - LA VERNEDE","description":"Diese Aktivit\u00e4t macht Spa\u00df und ist f\u00fcr die meisten zug\u00e4nglich. Der Parcours besteht aus einer Reihe von Spr\u00fcngen, Rutschen und Schwimmen :)","robots":{"index":"index","follow":"follow","max-snippet":"max-snippet:-1","max-image-preview":"max-image-preview:large","max-video-preview":"max-video-preview:-1"},"canonical":"https:\/\/canoe-kayak-lavernede.com\/de\/canyoning\/canyoning-fur-anfaenger\/bas-chassezac\/","og_locale":"de_DE","og_type":"article","og_title":"\"Bas Chassezac\" Wasserwanderun in Ard\u00e8che - LA VERNEDE","og_description":"Diese Aktivit\u00e4t macht Spa\u00df und ist f\u00fcr die meisten zug\u00e4nglich. Der Parcours besteht aus einer Reihe von Spr\u00fcngen, Rutschen und Schwimmen :)","og_url":"https:\/\/canoe-kayak-lavernede.com\/de\/canyoning\/canyoning-fur-anfaenger\/bas-chassezac\/","og_site_name":"LA VERNEDE","article_modified_time":"2024-05-30T08:23:06+00:00","twitter_card":"summary_large_image","twitter_misc":{"Gesch\u00e4tzte Lesezeit":"2\u00a0Minuten"},"schema":{"@context":"https:\/\/schema.org","@graph":[{"@type":"WebPage","@id":"https:\/\/canoe-kayak-lavernede.com\/de\/canyoning\/canyoning-fur-anfaenger\/bas-chassezac\/","url":"https:\/\/canoe-kayak-lavernede.com\/de\/canyoning\/canyoning-fur-anfaenger\/bas-chassezac\/","name":"\"Bas Chassezac\" Wasserwanderun in Ard\u00e8che - LA VERNEDE","isPartOf":{"@id":"https:\/\/canoe-kayak-lavernede.com\/#website"},"datePublished":"2022-11-29T08:55:14+00:00","dateModified":"2024-05-30T08:23:06+00:00","description":"Diese Aktivit\u00e4t macht Spa\u00df und ist f\u00fcr die meisten zug\u00e4nglich. Der Parcours besteht aus einer Reihe von Spr\u00fcngen, Rutschen und Schwimmen :)","breadcrumb":{"@id":"https:\/\/canoe-kayak-lavernede.com\/de\/canyoning\/canyoning-fur-anfaenger\/bas-chassezac\/#breadcrumb"},"inLanguage":"de","potentialAction":[{"@type":"ReadAction","target":["https:\/\/canoe-kayak-lavernede.com\/de\/canyoning\/canyoning-fur-anfaenger\/bas-chassezac\/"]}]},{"@type":"BreadcrumbList","@id":"https:\/\/canoe-kayak-lavernede.com\/de\/canyoning\/canyoning-fur-anfaenger\/bas-chassezac\/#breadcrumb","itemListElement":[{"@type":"ListItem","position":1,"name":"Accueil","item":"https:\/\/canoe-kayak-lavernede.com\/de\/"},{"@type":"ListItem","position":2,"name":"Canyoning","item":"https:\/\/canoe-kayak-lavernede.com\/de\/canyoning\/"},{"@type":"ListItem","position":3,"name":"Canyoning f\u00fcr Anf\u00e4nger","item":"https:\/\/canoe-kayak-lavernede.com\/de\/canyoning\/canyoning-fur-anfaenger\/"},{"@type":"ListItem","position":4,"name":"Bas Chassezac"}]},{"@type":"WebSite","@id":"https:\/\/canoe-kayak-lavernede.com\/#website","url":"https:\/\/canoe-kayak-lavernede.com\/","name":"LA VERNEDE","description":"","potentialAction":[{"@type":"SearchAction","target":{"@type":"EntryPoint","urlTemplate":"https:\/\/canoe-kayak-lavernede.com\/?s={search_term_string}"},"query-input":{"@type":"PropertyValueSpecification","valueRequired":true,"valueName":"search_term_string"}}],"inLanguage":"de"}]}},"_links":{"self":[{"href":"https:\/\/canoe-kayak-lavernede.com\/de\/wp-json\/wp\/v2\/pages\/5122"}],"collection":[{"href":"https:\/\/canoe-kayak-lavernede.com\/de\/wp-json\/wp\/v2\/pages"}],"about":[{"href":"https:\/\/canoe-kayak-lavernede.com\/de\/wp-json\/wp\/v2\/types\/page"}],"author":[{"embeddable":true,"href":"https:\/\/canoe-kayak-lavernede.com\/de\/wp-json\/wp\/v2\/users\/5"}],"replies":[{"embeddable":true,"href":"https:\/\/canoe-kayak-lavernede.com\/de\/wp-json\/wp\/v2\/comments?post=5122"}],"version-history":[{"count":3,"href":"https:\/\/canoe-kayak-lavernede.com\/de\/wp-json\/wp\/v2\/pages\/5122\/revisions"}],"predecessor-version":[{"id":7832,"href":"https:\/\/canoe-kayak-lavernede.com\/de\/wp-json\/wp\/v2\/pages\/5122\/revisions\/7832"}],"up":[{"embeddable":true,"href":"https:\/\/canoe-kayak-lavernede.com\/de\/wp-json\/wp\/v2\/pages\/5079"}],"wp:attachment":[{"href":"https:\/\/canoe-kayak-lavernede.com\/de\/wp-json\/wp\/v2\/media?parent=5122"}],"curies":[{"name":"wp","href":"https:\/\/api.w.org\/{rel}","templated":true}]}}