{"id":5118,"date":"2022-11-29T09:17:41","date_gmt":"2022-11-29T08:17:41","guid":{"rendered":"https:\/\/www.canoe-kayak-lavernede.com\/?page_id=5118"},"modified":"2026-02-09T10:07:45","modified_gmt":"2026-02-09T09:07:45","slug":"aero-familie-besorgues","status":"publish","type":"page","link":"https:\/\/canoe-kayak-lavernede.com\/de\/canyoning\/canyoning-fur-anfaenger\/aero-familie-besorgues\/","title":{"rendered":"Aero-Familie Besorgues"},"content":{"rendered":"<p>[vc_row full_width=&#8220;stretch_row&#8220; el_id=&#8220;breadcrumb&#8220;][vc_column][vc_column_text]<span><span><a href=\"https:\/\/canoe-kayak-lavernede.com\/de\/\">Accueil<\/a><\/span><\/span>[\/vc_column_text][\/vc_column][\/vc_row][vc_row full_width=&#8220;stretch_row&#8220; el_id=&#8220;ban_inte&#8220;][vc_column][vc_column_text]<\/p>\n<h1 style=\"text-align: center;\"><span class=\"titre_1\">Canyoning Aero familie Besorgues<br \/>\n<\/span><\/h1>\n<p>[\/vc_column_text][vc_column_text]<\/p>\n<h2 style=\"text-align: center;\"><span class=\"hashtag_small\"># Die ganze Familie hat viel Spa\u00df!<\/span><\/h2>\n<p>[\/vc_column_text]\n\n<picture class=\"ImgBG \" style=\"position: absolute; width: 100%; height:100%; top: 0; left:0; z-index: -2;\">\n    <img decoding=\"async\" width=\"380\" height=\"380\" src=\"https:\/\/canoe-kayak-lavernede.com\/wp-content\/uploads\/2021\/11\/7787_GE-e1650369445871.jpg\" class=\"attachment-full size-full\" alt=\"\" \/><\/picture>\n\n[\/vc_column][\/vc_row][vc_row][vc_column][vc_column_text css_animation=&#8220;top-to-bottom&#8220;]<\/p>\n<p style=\"text-align: center;\"><span class=\"hashtag_small txt_rouge\">Zug\u00e4nglich ab 8 Jahren<\/span><\/p>\n<p>[\/vc_column_text][vc_single_image image=&#8220;2635&#8243; alignment=&#8220;center&#8220; css_animation=&#8220;bottom-to-top&#8220;][vc_column_text]<\/p>\n<h3><span class=\"titre_2\">Pr\u00e4sentation:<br \/>\n<\/span><\/h3>\n<p>[\/vc_column_text][vc_column_text]<strong>In einer herrlichen Umgebung<\/strong> erleben Sie das Abenteuer des Canyonings und genie\u00dfen einige emotionale \u00dcberraschungen. Entdecken Sie das Canyoning in der Ard\u00e8che mit dieser lustigen Formel, die Sie mit Ihrer Familie sch\u00f6ne Stunden verbringen l\u00e4sst. Viele m\u00f6gliche Spr\u00fcnge (alle umgehbar), einige <strong>bis zu 5 Meter hoch<\/strong>, markieren diesen Parcours, der mit einer<strong> 90 m langen Seilrutsche endet!!<\/strong>[\/vc_column_text][vc_column_text]<\/p>\n<h3><span class=\"titre_2\">Wie geht das ?<\/span><\/h3>\n<p>[\/vc_column_text][vc_column_text]Nach einer Einf\u00fchrung durch einen staatlich gepr\u00fcften Instructor auf dem Gel\u00e4nde des Base Canyon de la Besorgues starten Sie mit einem etwa 15-min\u00fctigen Fussmarsch ohne H\u00f6henunterschiede zu den ersten Rutschen, die den Beginn dieses Canyoning-Parcours in der Ard\u00e8che markieren. Sie folgen dann dem Strom, indem Sie Spr\u00fcnge und Rutschen (alle umgehbar) verbinden, um zum letzten Teil zu gelangen, der sehr formsch\u00f6n ist. Von dort erreichen Sie in 3 Minuten den Start der Seilrutsche (vermeidbar), die Sie direkt zur\u00fcck in das Gebiet um den Parkplatz bringt (kein R\u00fcckweg).[\/vc_column_text][\/vc_column][\/vc_row][vc_row][vc_column width=&#8220;1\/2&#8243;][vc_column_text]<\/p>\n<h3><span class=\"titre_2\">Zur Verf\u00fcgung gestellte Ausr\u00fcstung:<\/span><\/h3>\n<p>[\/vc_column_text][vc_column_text]<\/p>\n<ul>\n<li>Neoprenanzug<\/li>\n<li>Kombinationsschutz<\/li>\n<li>Helme<\/li>\n<li>Schuhe aus Neopren<\/li>\n<li>Gurtgeschirr<\/li>\n<\/ul>\n<p>[\/vc_column_text][vc_column_text]<\/p>\n<h3><span class=\"titre_2\">Ausstattung zur Verf\u00fcgung stellen:<\/span><\/h3>\n<p>[\/vc_column_text][vc_column_text]<\/p>\n<ul>\n<li>Badeanzug<\/li>\n<li>Wasser \/ Snack<\/li>\n<li>Einwegkamera (optional)<\/li>\n<\/ul>\n<p>[\/vc_column_text][\/vc_column][vc_column width=&#8220;1\/2&#8243;][vc_raw_html]JTNDaWZyYW1lJTIwd2lkdGglM0QlMjI1NjAlMjIlMjBoZWlnaHQlM0QlMjIzMTUlMjIlMjBzcmMlM0QlMjJodHRwcyUzQSUyRiUyRnd3dy55b3V0dWJlLmNvbSUyRmVtYmVkJTJGa1JPM21vc3ZJck0lMjIlMjB0aXRsZSUzRCUyMllvdVR1YmUlMjB2aWRlbyUyMHBsYXllciUyMiUyMGZyYW1lYm9yZGVyJTNEJTIyMCUyMiUyMGFsbG93JTNEJTIyYWNjZWxlcm9tZXRlciUzQiUyMGF1dG9wbGF5JTNCJTIwY2xpcGJvYXJkLXdyaXRlJTNCJTIwZW5jcnlwdGVkLW1lZGlhJTNCJTIwZ3lyb3Njb3BlJTNCJTIwcGljdHVyZS1pbi1waWN0dXJlJTIyJTIwYWxsb3dmdWxsc2NyZWVuJTNFJTNDJTJGaWZyYW1lJTNF[\/vc_raw_html][\/vc_column][\/vc_row][vc_row][vc_column][vc_column_text]<\/p>\n<p style=\"text-align: center;\"><span class=\"titre_2\" style=\"font-size: 24pt;\"><strong>Ab 48\u20ac \/ person<\/strong><\/span><\/p>\n<p>[\/vc_column_text]<div class=' txt_centre btn_plein_rouge'><a class='lien_btn smoothScroll' href='\/de\/kontact\/' ><span><strong>INFORMATIONEN UND ANMELDUNG HIER<\/strong><\/span><\/a><\/div>[\/vc_column][\/vc_row]<\/p>\n","protected":false},"excerpt":{"rendered":"<p>[vc_row full_width=&#8220;stretch_row&#8220; el_id=&#8220;breadcrumb&#8220;][vc_column][vc_column_text][\/vc_column_text][\/vc_column][\/vc_row][vc_row full_width=&#8220;stretch_row&#8220; el_id=&#8220;ban_inte&#8220;][vc_column][vc_column_text] Canyoning Aero familie Besorgues [\/vc_column_text][vc_column_text] # Die ganze Familie hat viel Spa\u00df! [\/vc_column_text][\/vc_column][\/vc_row][vc_row][vc_column][vc_column_text css_animation=&#8220;top-to-bottom&#8220;] Zug\u00e4nglich ab 8 Jahren [\/vc_column_text][vc_single_image image=&#8220;2635&#8243; alignment=&#8220;center&#8220; css_animation=&#8220;bottom-to-top&#8220;][vc_column_text] Pr\u00e4sentation: [\/vc_column_text][vc_column_text]In einer herrlichen Umgebung erleben Sie das Abenteuer des Canyonings und genie\u00dfen einige emotionale \u00dcberraschungen. Entdecken Sie das Canyoning in der Ard\u00e8che mit dieser lustigen Formel, die [&hellip;]<\/p>\n","protected":false},"author":5,"featured_media":0,"parent":5079,"menu_order":0,"comment_status":"closed","ping_status":"closed","template":"","meta":{"footnotes":""},"class_list":["post-5118","page","type-page","status-publish"],"yoast_head":"<!-- This site is optimized with the Yoast SEO plugin v24.3 - https:\/\/yoast.com\/wordpress\/plugins\/seo\/ -->\n<title>Aero-Familie Besorgues - LA VERNEDE<\/title>\n<meta name=\"description\" content=\"In einer herrlichen Umgebung erleben Sie die Empfindungen des Canyonings und genie\u00dfen einige emotionale Verg\u00fcnstigungen.\" \/>\n<meta name=\"robots\" content=\"index, follow, max-snippet:-1, max-image-preview:large, max-video-preview:-1\" \/>\n<link rel=\"canonical\" href=\"https:\/\/canoe-kayak-lavernede.com\/canyoning-ardeche\/decouverte\/aero-famille-besorgues\/\" \/>\n<meta property=\"og:locale\" content=\"de_DE\" \/>\n<meta property=\"og:type\" content=\"article\" \/>\n<meta property=\"og:title\" content=\"Aero-Familie Besorgues - LA VERNEDE\" \/>\n<meta property=\"og:description\" content=\"In einer herrlichen Umgebung erleben Sie die Empfindungen des Canyonings und genie\u00dfen einige emotionale Verg\u00fcnstigungen.\" \/>\n<meta property=\"og:url\" content=\"https:\/\/canoe-kayak-lavernede.com\/canyoning-ardeche\/decouverte\/aero-famille-besorgues\/\" \/>\n<meta property=\"og:site_name\" content=\"LA VERNEDE\" \/>\n<meta property=\"article:modified_time\" content=\"2026-02-09T09:07:45+00:00\" \/>\n<meta name=\"twitter:card\" content=\"summary_large_image\" \/>\n<meta name=\"twitter:label1\" content=\"Gesch\u00e4tzte Lesezeit\" \/>\n\t<meta name=\"twitter:data1\" content=\"2\u00a0Minuten\" \/>\n<script type=\"application\/ld+json\" class=\"yoast-schema-graph\">{\"@context\":\"https:\/\/schema.org\",\"@graph\":[{\"@type\":\"WebPage\",\"@id\":\"https:\/\/canoe-kayak-lavernede.com\/canyoning-ardeche\/decouverte\/aero-famille-besorgues\/\",\"url\":\"https:\/\/canoe-kayak-lavernede.com\/canyoning-ardeche\/decouverte\/aero-famille-besorgues\/\",\"name\":\"Aero-Familie Besorgues - LA VERNEDE\",\"isPartOf\":{\"@id\":\"https:\/\/canoe-kayak-lavernede.com\/#website\"},\"datePublished\":\"2022-11-29T08:17:41+00:00\",\"dateModified\":\"2026-02-09T09:07:45+00:00\",\"description\":\"In einer herrlichen Umgebung erleben Sie die Empfindungen des Canyonings und genie\u00dfen einige emotionale Verg\u00fcnstigungen.\",\"breadcrumb\":{\"@id\":\"https:\/\/canoe-kayak-lavernede.com\/canyoning-ardeche\/decouverte\/aero-famille-besorgues\/#breadcrumb\"},\"inLanguage\":\"de\",\"potentialAction\":[{\"@type\":\"ReadAction\",\"target\":[\"https:\/\/canoe-kayak-lavernede.com\/canyoning-ardeche\/decouverte\/aero-famille-besorgues\/\"]}]},{\"@type\":\"BreadcrumbList\",\"@id\":\"https:\/\/canoe-kayak-lavernede.com\/canyoning-ardeche\/decouverte\/aero-famille-besorgues\/#breadcrumb\",\"itemListElement\":[{\"@type\":\"ListItem\",\"position\":1,\"name\":\"Accueil\",\"item\":\"https:\/\/canoe-kayak-lavernede.com\/de\/\"},{\"@type\":\"ListItem\",\"position\":2,\"name\":\"Canyoning\",\"item\":\"https:\/\/canoe-kayak-lavernede.com\/de\/canyoning\/\"},{\"@type\":\"ListItem\",\"position\":3,\"name\":\"Canyoning f\u00fcr Anf\u00e4nger\",\"item\":\"https:\/\/canoe-kayak-lavernede.com\/de\/canyoning\/canyoning-fur-anfaenger\/\"},{\"@type\":\"ListItem\",\"position\":4,\"name\":\"Aero-Familie Besorgues\"}]},{\"@type\":\"WebSite\",\"@id\":\"https:\/\/canoe-kayak-lavernede.com\/#website\",\"url\":\"https:\/\/canoe-kayak-lavernede.com\/\",\"name\":\"LA VERNEDE\",\"description\":\"\",\"potentialAction\":[{\"@type\":\"SearchAction\",\"target\":{\"@type\":\"EntryPoint\",\"urlTemplate\":\"https:\/\/canoe-kayak-lavernede.com\/?s={search_term_string}\"},\"query-input\":{\"@type\":\"PropertyValueSpecification\",\"valueRequired\":true,\"valueName\":\"search_term_string\"}}],\"inLanguage\":\"de\"}]}<\/script>\n<!-- \/ Yoast SEO plugin. -->","yoast_head_json":{"title":"Aero-Familie Besorgues - LA VERNEDE","description":"In einer herrlichen Umgebung erleben Sie die Empfindungen des Canyonings und genie\u00dfen einige emotionale Verg\u00fcnstigungen.","robots":{"index":"index","follow":"follow","max-snippet":"max-snippet:-1","max-image-preview":"max-image-preview:large","max-video-preview":"max-video-preview:-1"},"canonical":"https:\/\/canoe-kayak-lavernede.com\/canyoning-ardeche\/decouverte\/aero-famille-besorgues\/","og_locale":"de_DE","og_type":"article","og_title":"Aero-Familie Besorgues - LA VERNEDE","og_description":"In einer herrlichen Umgebung erleben Sie die Empfindungen des Canyonings und genie\u00dfen einige emotionale Verg\u00fcnstigungen.","og_url":"https:\/\/canoe-kayak-lavernede.com\/canyoning-ardeche\/decouverte\/aero-famille-besorgues\/","og_site_name":"LA VERNEDE","article_modified_time":"2026-02-09T09:07:45+00:00","twitter_card":"summary_large_image","twitter_misc":{"Gesch\u00e4tzte Lesezeit":"2\u00a0Minuten"},"schema":{"@context":"https:\/\/schema.org","@graph":[{"@type":"WebPage","@id":"https:\/\/canoe-kayak-lavernede.com\/canyoning-ardeche\/decouverte\/aero-famille-besorgues\/","url":"https:\/\/canoe-kayak-lavernede.com\/canyoning-ardeche\/decouverte\/aero-famille-besorgues\/","name":"Aero-Familie Besorgues - LA VERNEDE","isPartOf":{"@id":"https:\/\/canoe-kayak-lavernede.com\/#website"},"datePublished":"2022-11-29T08:17:41+00:00","dateModified":"2026-02-09T09:07:45+00:00","description":"In einer herrlichen Umgebung erleben Sie die Empfindungen des Canyonings und genie\u00dfen einige emotionale Verg\u00fcnstigungen.","breadcrumb":{"@id":"https:\/\/canoe-kayak-lavernede.com\/canyoning-ardeche\/decouverte\/aero-famille-besorgues\/#breadcrumb"},"inLanguage":"de","potentialAction":[{"@type":"ReadAction","target":["https:\/\/canoe-kayak-lavernede.com\/canyoning-ardeche\/decouverte\/aero-famille-besorgues\/"]}]},{"@type":"BreadcrumbList","@id":"https:\/\/canoe-kayak-lavernede.com\/canyoning-ardeche\/decouverte\/aero-famille-besorgues\/#breadcrumb","itemListElement":[{"@type":"ListItem","position":1,"name":"Accueil","item":"https:\/\/canoe-kayak-lavernede.com\/de\/"},{"@type":"ListItem","position":2,"name":"Canyoning","item":"https:\/\/canoe-kayak-lavernede.com\/de\/canyoning\/"},{"@type":"ListItem","position":3,"name":"Canyoning f\u00fcr Anf\u00e4nger","item":"https:\/\/canoe-kayak-lavernede.com\/de\/canyoning\/canyoning-fur-anfaenger\/"},{"@type":"ListItem","position":4,"name":"Aero-Familie Besorgues"}]},{"@type":"WebSite","@id":"https:\/\/canoe-kayak-lavernede.com\/#website","url":"https:\/\/canoe-kayak-lavernede.com\/","name":"LA VERNEDE","description":"","potentialAction":[{"@type":"SearchAction","target":{"@type":"EntryPoint","urlTemplate":"https:\/\/canoe-kayak-lavernede.com\/?s={search_term_string}"},"query-input":{"@type":"PropertyValueSpecification","valueRequired":true,"valueName":"search_term_string"}}],"inLanguage":"de"}]}},"_links":{"self":[{"href":"https:\/\/canoe-kayak-lavernede.com\/de\/wp-json\/wp\/v2\/pages\/5118"}],"collection":[{"href":"https:\/\/canoe-kayak-lavernede.com\/de\/wp-json\/wp\/v2\/pages"}],"about":[{"href":"https:\/\/canoe-kayak-lavernede.com\/de\/wp-json\/wp\/v2\/types\/page"}],"author":[{"embeddable":true,"href":"https:\/\/canoe-kayak-lavernede.com\/de\/wp-json\/wp\/v2\/users\/5"}],"replies":[{"embeddable":true,"href":"https:\/\/canoe-kayak-lavernede.com\/de\/wp-json\/wp\/v2\/comments?post=5118"}],"version-history":[{"count":4,"href":"https:\/\/canoe-kayak-lavernede.com\/de\/wp-json\/wp\/v2\/pages\/5118\/revisions"}],"predecessor-version":[{"id":11190,"href":"https:\/\/canoe-kayak-lavernede.com\/de\/wp-json\/wp\/v2\/pages\/5118\/revisions\/11190"}],"up":[{"embeddable":true,"href":"https:\/\/canoe-kayak-lavernede.com\/de\/wp-json\/wp\/v2\/pages\/5079"}],"wp:attachment":[{"href":"https:\/\/canoe-kayak-lavernede.com\/de\/wp-json\/wp\/v2\/media?parent=5118"}],"curies":[{"name":"wp","href":"https:\/\/api.w.org\/{rel}","templated":true}]}}