{"id":5108,"date":"2022-11-28T15:54:06","date_gmt":"2022-11-28T14:54:06","guid":{"rendered":"https:\/\/www.canoe-kayak-lavernede.com\/?page_id=5108"},"modified":"2024-05-27T15:44:17","modified_gmt":"2024-05-27T13:44:17","slug":"halbtaegige-hoehlenforschung-in-ardeche","status":"publish","type":"page","link":"https:\/\/canoe-kayak-lavernede.com\/de\/andere-aktivitaeten\/hoehlenforschung-in-der-ardeche\/halbtaegige-hoehlenforschung-in-ardeche\/","title":{"rendered":"Halbt\u00e4gige H\u00f6hlenforschung in ard\u00e8che"},"content":{"rendered":"<p>[vc_row full_width=&#8220;stretch_row&#8220; el_id=&#8220;breadcrumb&#8220;][vc_column][vc_column_text]<span><span><a href=\"https:\/\/canoe-kayak-lavernede.com\/de\/\">Accueil<\/a><\/span><\/span><\/p>\n<p>[\/vc_column_text][\/vc_column][\/vc_row][vc_row full_width=&#8220;stretch_row&#8220; el_id=&#8220;ban_inte&#8220;][vc_column][vc_column_text]<\/p>\n<h1 style=\"text-align: center;\"><span class=\"titre_1 titre_logo\">Halbt\u00e4gige H\u00f6hlenforschung in der Ard\u00e8che<\/span><\/h1>\n<p>[\/vc_column_text][vc_column_text]<\/p>\n<h2 style=\"text-align: center;\"><span class=\"hashtag_small\">#Entdecken Sie eine verborgene Welt<\/span><\/h2>\n<p>[\/vc_column_text]\n\n<picture class=\"ImgBG \" style=\"position: absolute; width: 100%; height:100%; top: 0; left:0; z-index: -2;\">\n    <img decoding=\"async\" width=\"1797\" height=\"797\" src=\"https:\/\/canoe-kayak-lavernede.com\/wp-content\/uploads\/2021\/04\/Bandeau-speleo-demi-journee.jpg\" class=\"attachment-full size-full\" alt=\"Sp\u00e9l\u00e9o Ard\u00e8che Vallon Pont d&#039;Arc\" srcset=\"https:\/\/canoe-kayak-lavernede.com\/wp-content\/uploads\/2021\/04\/Bandeau-speleo-demi-journee.jpg 1797w, https:\/\/canoe-kayak-lavernede.com\/wp-content\/uploads\/2021\/04\/Bandeau-speleo-demi-journee-780x346.jpg 780w, https:\/\/canoe-kayak-lavernede.com\/wp-content\/uploads\/2021\/04\/Bandeau-speleo-demi-journee-768x341.jpg 768w, https:\/\/canoe-kayak-lavernede.com\/wp-content\/uploads\/2021\/04\/Bandeau-speleo-demi-journee-1536x681.jpg 1536w\" sizes=\"(max-width: 1797px) 100vw, 1797px\" \/><\/picture>\n\n[\/vc_column][\/vc_row][vc_row][vc_column][vc_column_text css_animation=&#8220;top-to-bottom&#8220;]<\/p>\n<p style=\"text-align: center;\"><span class=\"hashtag_small txt_rouge\">Ab 8 Jahren. Kinder im Alter von 8 bis 10 Jahren brauchen Eltern, die sie im Vorankommen unterst\u00fctzen.<\/span><\/p>\n<p style=\"text-align: center;\"><span class=\"hashtag_small\" style=\"color: #ff0000;\">\u00a0<\/span><\/p>\n<p>[\/vc_column_text][vc_single_image image=&#8220;2635&#8243; alignment=&#8220;center&#8220; css_animation=&#8220;bottom-to-top&#8220;][vc_column_text]<\/p>\n<h3><span class=\"titre_2\">Pr\u00e4sentation :<\/span><\/h3>\n<p>[\/vc_column_text][vc_column_text]<\/p>\n<p style=\"text-align: justify;\">Einen halben Tag lang bewegen Sie sich in einer leicht zug\u00e4nglichen H\u00f6hle. Sie von einem professionellen und leidenschaftlichen Instructor betreut wird. Durch G\u00e4nge, leichte Verengungen, Seiltechniken und beeindruckende R\u00e4ume entdecken Sie eine faszinierende und grandiose unterirdische Welt.<\/p>\n<p>[\/vc_column_text][vc_column_text]<\/p>\n<h3><span class=\"titre_2\">Wie geht das:<\/span><\/h3>\n<p>[\/vc_column_text][vc_column_text]Melden Sie sich schnellstm\u00f6glich an . Achtung, es k\u00f6nnen nur 9 Teilnehmer pro Ausfahrt angemeldet werden.<br \/>\nSobald Sie von unserem Instructor abgeholt und ausger\u00fcstet wurden, werden Sie zum Eingang der H\u00f6hle gefahren, die Sie erkunden werden (5 Minuten Fahrt + 20 Minuten Fussweg).[\/vc_column_text][\/vc_column][\/vc_row][vc_row][vc_column width=&#8220;1\/2&#8243;][vc_column_text]<\/p>\n<h3><span class=\"titre_2\">Zur Verf\u00fcgung gestellte Ausr\u00fcstung:<\/span><\/h3>\n<p>[\/vc_column_text][vc_column_text]<\/p>\n<ul>\n<li>Diodenhelm (Beleuchtung der neuesten Generation)<\/li>\n<li>Aktivit\u00e4tsspezifischer Canvas-Anzug<\/li>\n<li>Vollst\u00e4ndiger Gurt<\/li>\n<\/ul>\n<p>[\/vc_column_text][vc_column_text]<\/p>\n<h3><span class=\"titre_2\">Ausstattung zur Verf\u00fcgung stellen:<\/span><\/h3>\n<p>[\/vc_column_text][vc_column_text]<\/p>\n<ul>\n<li>Turnschuhe oder Wanderschuhe, Wasserschuhe sind strengstens verboten!<\/li>\n<li>Lange Kleidung (bequem), um sie unter den H\u00f6hlenanzug zu ziehen<\/li>\n<li>\u00bd L Wasser pro Person, Wichtig f\u00fcr den Anstieg! Keine Wertsachen, weder bei Ihnen noch in den Autos.<\/li>\n<\/ul>\n<p>[\/vc_column_text][\/vc_column][vc_column width=&#8220;1\/2&#8243;][vc_gallery interval=&#8220;3&#8243; images=&#8220;2544,2546,2548,2550,2552&#8243; img_size=&#8220;medium&#8220;][\/vc_column][\/vc_row][vc_row][vc_column][vc_column_text]<\/p>\n<p style=\"text-align: center;\"><span class=\"titre_2 titre_3\" style=\"font-size: 18pt;\"><strong>Ab 44\u20ac \/ person<\/strong><\/span><\/p>\n<p>[\/vc_column_text]<div class=' txt_centre btn_plein_rouge'><a class='lien_btn smoothScroll' href='\/de\/kontact\/' ><span><strong>INFORMATIONEN UND ANMELDUNG HIER<\/strong><\/span><\/a><\/div>[\/vc_column][\/vc_row]<\/p>\n","protected":false},"excerpt":{"rendered":"<p>[vc_row full_width=&#8220;stretch_row&#8220; el_id=&#8220;breadcrumb&#8220;][vc_column][vc_column_text] [\/vc_column_text][\/vc_column][\/vc_row][vc_row full_width=&#8220;stretch_row&#8220; el_id=&#8220;ban_inte&#8220;][vc_column][vc_column_text] Halbt\u00e4gige H\u00f6hlenforschung in der Ard\u00e8che [\/vc_column_text][vc_column_text] #Entdecken Sie eine verborgene Welt [\/vc_column_text][\/vc_column][\/vc_row][vc_row][vc_column][vc_column_text css_animation=&#8220;top-to-bottom&#8220;] Ab 8 Jahren. Kinder im Alter von 8 bis 10 Jahren brauchen Eltern, die sie im Vorankommen unterst\u00fctzen. \u00a0 [\/vc_column_text][vc_single_image image=&#8220;2635&#8243; alignment=&#8220;center&#8220; css_animation=&#8220;bottom-to-top&#8220;][vc_column_text] Pr\u00e4sentation : [\/vc_column_text][vc_column_text] Einen halben Tag lang bewegen Sie sich in einer leicht [&hellip;]<\/p>\n","protected":false},"author":5,"featured_media":0,"parent":5103,"menu_order":0,"comment_status":"closed","ping_status":"closed","template":"","meta":{"footnotes":""},"class_list":["post-5108","page","type-page","status-publish"],"yoast_head":"<!-- This site is optimized with the Yoast SEO plugin v24.3 - https:\/\/yoast.com\/wordpress\/plugins\/seo\/ -->\n<title>Halbt\u00e4gige H\u00f6hlenforschung in ard\u00e8che - LA VERNEDE<\/title>\n<meta name=\"description\" content=\"Einen halben Tag lang entwickeln Sie sich in einer leicht zug\u00e4nglichen H\u00f6hle in Ard\u00e8che mit La VERNEDE Team !\" \/>\n<meta name=\"robots\" content=\"index, follow, max-snippet:-1, max-image-preview:large, max-video-preview:-1\" \/>\n<link rel=\"canonical\" href=\"https:\/\/canoe-kayak-lavernede.com\/de\/andere-aktivitaeten\/hoehlenforschung-in-der-ardeche\/halbtaegige-hoehlenforschung-in-ardeche\/\" \/>\n<meta property=\"og:locale\" content=\"de_DE\" \/>\n<meta property=\"og:type\" content=\"article\" \/>\n<meta property=\"og:title\" content=\"Halbt\u00e4gige H\u00f6hlenforschung in ard\u00e8che - LA VERNEDE\" \/>\n<meta property=\"og:description\" content=\"Einen halben Tag lang entwickeln Sie sich in einer leicht zug\u00e4nglichen H\u00f6hle in Ard\u00e8che mit La VERNEDE Team !\" \/>\n<meta property=\"og:url\" content=\"https:\/\/canoe-kayak-lavernede.com\/de\/andere-aktivitaeten\/hoehlenforschung-in-der-ardeche\/halbtaegige-hoehlenforschung-in-ardeche\/\" \/>\n<meta property=\"og:site_name\" content=\"LA VERNEDE\" \/>\n<meta property=\"article:modified_time\" content=\"2024-05-27T13:44:17+00:00\" \/>\n<meta name=\"twitter:card\" content=\"summary_large_image\" \/>\n<meta name=\"twitter:label1\" content=\"Gesch\u00e4tzte Lesezeit\" \/>\n\t<meta name=\"twitter:data1\" content=\"2\u00a0Minuten\" \/>\n<script type=\"application\/ld+json\" class=\"yoast-schema-graph\">{\"@context\":\"https:\/\/schema.org\",\"@graph\":[{\"@type\":\"WebPage\",\"@id\":\"https:\/\/canoe-kayak-lavernede.com\/de\/andere-aktivitaeten\/hoehlenforschung-in-der-ardeche\/halbtaegige-hoehlenforschung-in-ardeche\/\",\"url\":\"https:\/\/canoe-kayak-lavernede.com\/de\/andere-aktivitaeten\/hoehlenforschung-in-der-ardeche\/halbtaegige-hoehlenforschung-in-ardeche\/\",\"name\":\"Halbt\u00e4gige H\u00f6hlenforschung in ard\u00e8che - LA VERNEDE\",\"isPartOf\":{\"@id\":\"https:\/\/canoe-kayak-lavernede.com\/#website\"},\"datePublished\":\"2022-11-28T14:54:06+00:00\",\"dateModified\":\"2024-05-27T13:44:17+00:00\",\"description\":\"Einen halben Tag lang entwickeln Sie sich in einer leicht zug\u00e4nglichen H\u00f6hle in Ard\u00e8che mit La VERNEDE Team !\",\"breadcrumb\":{\"@id\":\"https:\/\/canoe-kayak-lavernede.com\/de\/andere-aktivitaeten\/hoehlenforschung-in-der-ardeche\/halbtaegige-hoehlenforschung-in-ardeche\/#breadcrumb\"},\"inLanguage\":\"de\",\"potentialAction\":[{\"@type\":\"ReadAction\",\"target\":[\"https:\/\/canoe-kayak-lavernede.com\/de\/andere-aktivitaeten\/hoehlenforschung-in-der-ardeche\/halbtaegige-hoehlenforschung-in-ardeche\/\"]}]},{\"@type\":\"BreadcrumbList\",\"@id\":\"https:\/\/canoe-kayak-lavernede.com\/de\/andere-aktivitaeten\/hoehlenforschung-in-der-ardeche\/halbtaegige-hoehlenforschung-in-ardeche\/#breadcrumb\",\"itemListElement\":[{\"@type\":\"ListItem\",\"position\":1,\"name\":\"Accueil\",\"item\":\"https:\/\/canoe-kayak-lavernede.com\/de\/\"},{\"@type\":\"ListItem\",\"position\":2,\"name\":\"Andere Aktivit\u00e4ten\",\"item\":\"https:\/\/canoe-kayak-lavernede.com\/de\/andere-aktivitaeten\/\"},{\"@type\":\"ListItem\",\"position\":3,\"name\":\"H\u00f6hlenforschung in der Ard\u00e8che\",\"item\":\"https:\/\/canoe-kayak-lavernede.com\/de\/andere-aktivitaeten\/hoehlenforschung-in-der-ardeche\/\"},{\"@type\":\"ListItem\",\"position\":4,\"name\":\"Halbt\u00e4gige H\u00f6hlenforschung in ard\u00e8che\"}]},{\"@type\":\"WebSite\",\"@id\":\"https:\/\/canoe-kayak-lavernede.com\/#website\",\"url\":\"https:\/\/canoe-kayak-lavernede.com\/\",\"name\":\"LA VERNEDE\",\"description\":\"\",\"potentialAction\":[{\"@type\":\"SearchAction\",\"target\":{\"@type\":\"EntryPoint\",\"urlTemplate\":\"https:\/\/canoe-kayak-lavernede.com\/?s={search_term_string}\"},\"query-input\":{\"@type\":\"PropertyValueSpecification\",\"valueRequired\":true,\"valueName\":\"search_term_string\"}}],\"inLanguage\":\"de\"}]}<\/script>\n<!-- \/ Yoast SEO plugin. -->","yoast_head_json":{"title":"Halbt\u00e4gige H\u00f6hlenforschung in ard\u00e8che - LA VERNEDE","description":"Einen halben Tag lang entwickeln Sie sich in einer leicht zug\u00e4nglichen H\u00f6hle in Ard\u00e8che mit La VERNEDE Team !","robots":{"index":"index","follow":"follow","max-snippet":"max-snippet:-1","max-image-preview":"max-image-preview:large","max-video-preview":"max-video-preview:-1"},"canonical":"https:\/\/canoe-kayak-lavernede.com\/de\/andere-aktivitaeten\/hoehlenforschung-in-der-ardeche\/halbtaegige-hoehlenforschung-in-ardeche\/","og_locale":"de_DE","og_type":"article","og_title":"Halbt\u00e4gige H\u00f6hlenforschung in ard\u00e8che - LA VERNEDE","og_description":"Einen halben Tag lang entwickeln Sie sich in einer leicht zug\u00e4nglichen H\u00f6hle in Ard\u00e8che mit La VERNEDE Team !","og_url":"https:\/\/canoe-kayak-lavernede.com\/de\/andere-aktivitaeten\/hoehlenforschung-in-der-ardeche\/halbtaegige-hoehlenforschung-in-ardeche\/","og_site_name":"LA VERNEDE","article_modified_time":"2024-05-27T13:44:17+00:00","twitter_card":"summary_large_image","twitter_misc":{"Gesch\u00e4tzte Lesezeit":"2\u00a0Minuten"},"schema":{"@context":"https:\/\/schema.org","@graph":[{"@type":"WebPage","@id":"https:\/\/canoe-kayak-lavernede.com\/de\/andere-aktivitaeten\/hoehlenforschung-in-der-ardeche\/halbtaegige-hoehlenforschung-in-ardeche\/","url":"https:\/\/canoe-kayak-lavernede.com\/de\/andere-aktivitaeten\/hoehlenforschung-in-der-ardeche\/halbtaegige-hoehlenforschung-in-ardeche\/","name":"Halbt\u00e4gige H\u00f6hlenforschung in ard\u00e8che - LA VERNEDE","isPartOf":{"@id":"https:\/\/canoe-kayak-lavernede.com\/#website"},"datePublished":"2022-11-28T14:54:06+00:00","dateModified":"2024-05-27T13:44:17+00:00","description":"Einen halben Tag lang entwickeln Sie sich in einer leicht zug\u00e4nglichen H\u00f6hle in Ard\u00e8che mit La VERNEDE Team !","breadcrumb":{"@id":"https:\/\/canoe-kayak-lavernede.com\/de\/andere-aktivitaeten\/hoehlenforschung-in-der-ardeche\/halbtaegige-hoehlenforschung-in-ardeche\/#breadcrumb"},"inLanguage":"de","potentialAction":[{"@type":"ReadAction","target":["https:\/\/canoe-kayak-lavernede.com\/de\/andere-aktivitaeten\/hoehlenforschung-in-der-ardeche\/halbtaegige-hoehlenforschung-in-ardeche\/"]}]},{"@type":"BreadcrumbList","@id":"https:\/\/canoe-kayak-lavernede.com\/de\/andere-aktivitaeten\/hoehlenforschung-in-der-ardeche\/halbtaegige-hoehlenforschung-in-ardeche\/#breadcrumb","itemListElement":[{"@type":"ListItem","position":1,"name":"Accueil","item":"https:\/\/canoe-kayak-lavernede.com\/de\/"},{"@type":"ListItem","position":2,"name":"Andere Aktivit\u00e4ten","item":"https:\/\/canoe-kayak-lavernede.com\/de\/andere-aktivitaeten\/"},{"@type":"ListItem","position":3,"name":"H\u00f6hlenforschung in der Ard\u00e8che","item":"https:\/\/canoe-kayak-lavernede.com\/de\/andere-aktivitaeten\/hoehlenforschung-in-der-ardeche\/"},{"@type":"ListItem","position":4,"name":"Halbt\u00e4gige H\u00f6hlenforschung in ard\u00e8che"}]},{"@type":"WebSite","@id":"https:\/\/canoe-kayak-lavernede.com\/#website","url":"https:\/\/canoe-kayak-lavernede.com\/","name":"LA VERNEDE","description":"","potentialAction":[{"@type":"SearchAction","target":{"@type":"EntryPoint","urlTemplate":"https:\/\/canoe-kayak-lavernede.com\/?s={search_term_string}"},"query-input":{"@type":"PropertyValueSpecification","valueRequired":true,"valueName":"search_term_string"}}],"inLanguage":"de"}]}},"_links":{"self":[{"href":"https:\/\/canoe-kayak-lavernede.com\/de\/wp-json\/wp\/v2\/pages\/5108"}],"collection":[{"href":"https:\/\/canoe-kayak-lavernede.com\/de\/wp-json\/wp\/v2\/pages"}],"about":[{"href":"https:\/\/canoe-kayak-lavernede.com\/de\/wp-json\/wp\/v2\/types\/page"}],"author":[{"embeddable":true,"href":"https:\/\/canoe-kayak-lavernede.com\/de\/wp-json\/wp\/v2\/users\/5"}],"replies":[{"embeddable":true,"href":"https:\/\/canoe-kayak-lavernede.com\/de\/wp-json\/wp\/v2\/comments?post=5108"}],"version-history":[{"count":4,"href":"https:\/\/canoe-kayak-lavernede.com\/de\/wp-json\/wp\/v2\/pages\/5108\/revisions"}],"predecessor-version":[{"id":7736,"href":"https:\/\/canoe-kayak-lavernede.com\/de\/wp-json\/wp\/v2\/pages\/5108\/revisions\/7736"}],"up":[{"embeddable":true,"href":"https:\/\/canoe-kayak-lavernede.com\/de\/wp-json\/wp\/v2\/pages\/5103"}],"wp:attachment":[{"href":"https:\/\/canoe-kayak-lavernede.com\/de\/wp-json\/wp\/v2\/media?parent=5108"}],"curies":[{"name":"wp","href":"https:\/\/api.w.org\/{rel}","templated":true}]}}