{"id":5103,"date":"2022-11-28T13:46:01","date_gmt":"2022-11-28T12:46:01","guid":{"rendered":"https:\/\/www.canoe-kayak-lavernede.com\/?page_id=5103"},"modified":"2024-05-27T15:27:17","modified_gmt":"2024-05-27T13:27:17","slug":"hoehlenforschung-in-der-ardeche","status":"publish","type":"page","link":"https:\/\/canoe-kayak-lavernede.com\/de\/andere-aktivitaeten\/hoehlenforschung-in-der-ardeche\/","title":{"rendered":"H\u00f6hlenforschung in der Ard\u00e8che"},"content":{"rendered":"<p>[vc_row full_width=&#8220;stretch_row&#8220; el_id=&#8220;breadcrumb&#8220;][vc_column][vc_column_text]<span><span><a href=\"https:\/\/canoe-kayak-lavernede.com\/de\/\">Accueil<\/a><\/span><\/span><\/p>\n<p>[\/vc_column_text][\/vc_column][\/vc_row][vc_row full_width=&#8220;stretch_row&#8220; el_id=&#8220;ban_inte&#8220;][vc_column][vc_column_text]<\/p>\n<h1 style=\"text-align: center;\"><span class=\"titre_1\">H\u00f6hlenforschung in der Ard\u00e8che<\/span><\/h1>\n<p>[\/vc_column_text][vc_column_text]<\/p>\n<p style=\"text-align: center;\"><span class=\"hashtag_small\">#Die verborgene Seite der Natur<\/span><\/p>\n<p>[\/vc_column_text]\n\n<picture class=\"ImgBG \" style=\"position: absolute; width: 100%; height:100%; top: 0; left:0; z-index: -2;\">\n    <img decoding=\"async\" width=\"1797\" height=\"797\" src=\"https:\/\/canoe-kayak-lavernede.com\/wp-content\/uploads\/2021\/04\/Bandeau-speleo-demi-journee.jpg\" class=\"attachment-full size-full\" alt=\"Sp\u00e9l\u00e9o Ard\u00e8che Vallon Pont d&#039;Arc\" srcset=\"https:\/\/canoe-kayak-lavernede.com\/wp-content\/uploads\/2021\/04\/Bandeau-speleo-demi-journee.jpg 1797w, https:\/\/canoe-kayak-lavernede.com\/wp-content\/uploads\/2021\/04\/Bandeau-speleo-demi-journee-780x346.jpg 780w, https:\/\/canoe-kayak-lavernede.com\/wp-content\/uploads\/2021\/04\/Bandeau-speleo-demi-journee-768x341.jpg 768w, https:\/\/canoe-kayak-lavernede.com\/wp-content\/uploads\/2021\/04\/Bandeau-speleo-demi-journee-1536x681.jpg 1536w\" sizes=\"(max-width: 1797px) 100vw, 1797px\" \/><\/picture>\n\n[\/vc_column][\/vc_row][vc_row][vc_column][vc_column_text]<\/p>\n<h2><span class=\"titre_2\">H\u00f6hlenforschung in der Ard\u00e8che<\/span><\/h2>\n<p>[\/vc_column_text][vc_column_text]H\u00f6hlenforschung in der Ard\u00e8che ist ein ideales Abenteuer f\u00fcr Naturliebhaber und f\u00fcr diejenigen, die in einer v\u00f6llig unbekannten Umgebung \u00fcber sich hinauswachsen m\u00f6chten. Zwischen Sport und Kultur k\u00f6nnen Sie unser H\u00f6hlenabenteuer in der Ard\u00e8che alleine, mit der Familie oder mit Freunden erleben. Diese Aktivit\u00e4t ist f\u00fcr Anf\u00e4nger und Experten der H\u00f6hlenforschung zug\u00e4nglich und l\u00e4dt Sie ein, die unterirdische Welt der Ard\u00e8che zu erobern und sich mit diesem Universum aus Stalaktiten und Stalagmiten vertraut zu machen.<\/p>\n<p>Auf dem Programm: die Entdeckung einer von der Natur gepr\u00e4gten Umgebung, in der Stille unerl\u00e4sslich ist, die Eroberung v\u00f6llig nat\u00fcrlicher H\u00f6hlen und unterirdischer Hohlr\u00e4ume, die Erkundung der Ard\u00e8che von innen gesehen und das \u00dcberqueren verschiedener Hindernisse. Ein abwechslungsreiches Abenteuer reich an neuen Eindr\u00fccken!<\/p>\n<p>H\u00f6hlenforschung in der Ard\u00e8che ist ein Abenteuer, das Sie so schnell nicht vergessen werden. Wir passen uns Ihren W\u00fcnschen an, indem wir Ihnen zwei verschiedene Formeln anbieten: <strong>halbt\u00e4gige H\u00f6hlenforschung und ganzt\u00e4gige H\u00f6hlenforschung.<\/strong>[\/vc_column_text][\/vc_column][\/vc_row][vc_row][vc_column][vc_column_text]<\/p>\n<h3 style=\"text-align: left;\"><span class=\"titre_2\">Halbt\u00e4gige H\u00f6hlenforschung<\/span><\/h3>\n<p>[\/vc_column_text][\/vc_column][\/vc_row][vc_row][vc_column width=&#8220;1\/2&#8243;][vc_column_text]Haben Sie schon einmal H\u00f6hlenforschung betrieben? M\u00f6chten Sie diese Aktivit\u00e4t mit Ihren Kindern entdecken? Unsere H\u00f6hlenformel in der Ard\u00e8che \u00fcber einen halben Tag ist genau das Richtige f\u00fcr Sie! Unsere halbt\u00e4gige Formel ist ideal f\u00fcr eine Einf\u00fchrung in die H\u00f6hlenforschung und erm\u00f6glicht es Ihnen, alle Geheimnisse des Untergrunds der Ard\u00e8che zu l\u00fcften und einen einzigartigen Moment mit Ihrer Familie zu teilen.<\/p>\n<p>Ihr Abenteuer beginnt mit einem etwa zwanzigmin\u00fctigen Spaziergang und setzt sich dann mit der Eroberung einer geeigneten H\u00f6hle fort. W\u00e4hrend Ihrer Reise werden Sie eine einzigartige unterirdische Welt entdecken und alle Arten von Hindernissen \u00fcberwinden, die Ihnen in den Weg kommen (Engen, Passagen von R\u00e4umen, Brunnen und viele andere).<\/p>\n<p><strong>Die halbt\u00e4gige Formel f\u00fcr H\u00f6hlenforschung in der Ard\u00e8che ist f\u00fcr Kinder ab 7 Jahren zug\u00e4nglich.<\/strong>[\/vc_column_text]<div class=' txt_centre btn_plein_rouge'><a class='lien_btn smoothScroll' href='\/autres-activites-nature\/speleologie\/demi-journee\/' ><span>Erfahren Sie mehr \u00fcber halbt\u00e4gige H\u00f6hlenforschung<\/span><\/a><\/div>[\/vc_column][vc_column width=&#8220;1\/2&#8243;][vc_single_image image=&#8220;2552&#8243; alignment=&#8220;center&#8220;][\/vc_column][\/vc_row][vc_row css=&#8220;.vc_custom_1619605673457{border-top-width: 1px !important;border-top-color: #e2e2e2 !important;border-top-style: solid !important;border-radius: 1px !important;}&#8220;][vc_column][vc_column_text]<\/p>\n<h2><span class=\"titre_2\">H\u00f6hlenforschung am Tag<\/span><\/h2>\n<p>[\/vc_column_text][\/vc_column][\/vc_row][vc_row][vc_column width=&#8220;1\/2&#8243;][vc_column_text]M\u00f6chten Sie einen ganzen Tag im Herzen des Untergrunds der Ard\u00e8che verbringen? Unsere H\u00f6hlenformel f\u00fcr den Tag ist wie f\u00fcr Sie gemacht! W\u00e4hrend Ihres Tages in der H\u00f6hlenforschung tauchen Sie in das Herz der Ard\u00e8che-Geschichte ein und entdecken pr\u00e4chtige H\u00f6hlen, die von archaischen Dekorationen gepr\u00e4gt sind, die im Laufe der Zeit von der Natur selbst geschaffen wurden.<\/p>\n<p>Interessieren Sie sich f\u00fcr eine H\u00f6hlentour in der Ard\u00e8che? Melden Sie sich schnellstm\u00f6glich an, um Ihren Platz zu reservieren. Unsere H\u00f6hlenaktivit\u00e4t in der Ard\u00e8che ist f\u00fcr Menschen mit guten k\u00f6rperlichen F\u00e4higkeiten sowie f\u00fcr Kinder ab 7 Jahren geeignet.<\/p>\n<p>Wenn Sie bereit sind, in der Zeit zur\u00fcck ins Herz der Ard\u00e8che zu reisen, buchen Sie jetzt Ihre H\u00f6hlentour in der Ard\u00e8che. Ben\u00f6tigen Sie zus\u00e4tzliche Informationen? Sie erreichen uns telefonisch oder \u00fcber unser Kontaktformular auf unserer Website. Wir k\u00f6nnen Ihnen alle wichtigen Informationen geben, um Ihren H\u00f6hlentag in der Ard\u00e8che zu buchen und zu erleben, wie er sein sollte.[\/vc_column_text]<div class=' txt_centre btn_plein_rouge'><a class='lien_btn smoothScroll' href='\/autres-activites-nature\/speleologie\/journee\/' ><span>Erfahren Sie mehr \u00fcber Day Caving<\/span><\/a><\/div>[\/vc_column][vc_column width=&#8220;1\/2&#8243;][vc_single_image image=&#8220;2557&#8243; alignment=&#8220;center&#8220;][\/vc_column][\/vc_row]<\/p>\n","protected":false},"excerpt":{"rendered":"<p>[vc_row full_width=&#8220;stretch_row&#8220; el_id=&#8220;breadcrumb&#8220;][vc_column][vc_column_text] [\/vc_column_text][\/vc_column][\/vc_row][vc_row full_width=&#8220;stretch_row&#8220; el_id=&#8220;ban_inte&#8220;][vc_column][vc_column_text] H\u00f6hlenforschung in der Ard\u00e8che [\/vc_column_text][vc_column_text] #Die verborgene Seite der Natur [\/vc_column_text][\/vc_column][\/vc_row][vc_row][vc_column][vc_column_text] H\u00f6hlenforschung in der Ard\u00e8che [\/vc_column_text][vc_column_text]H\u00f6hlenforschung in der Ard\u00e8che ist ein ideales Abenteuer f\u00fcr Naturliebhaber und f\u00fcr diejenigen, die in einer v\u00f6llig unbekannten Umgebung \u00fcber sich hinauswachsen m\u00f6chten. Zwischen Sport und Kultur k\u00f6nnen Sie unser H\u00f6hlenabenteuer in der Ard\u00e8che [&hellip;]<\/p>\n","protected":false},"author":5,"featured_media":0,"parent":5087,"menu_order":0,"comment_status":"closed","ping_status":"closed","template":"","meta":{"footnotes":""},"class_list":["post-5103","page","type-page","status-publish"],"yoast_head":"<!-- This site is optimized with the Yoast SEO plugin v24.3 - https:\/\/yoast.com\/wordpress\/plugins\/seo\/ -->\n<title>H\u00f6hlenforschung in der Ard\u00e8che - LA VERNEDE<\/title>\n<meta name=\"description\" content=\"H\u00f6hlenforschung in der Ard\u00e8che ist ein ideales Abenteuer f\u00fcr Naturliebhaber und f\u00fcr diejenigen, die in einer v\u00f6llig unbekannten Umgebung \u00fcber sich hinauswachsen m\u00f6chten.\" \/>\n<meta name=\"robots\" content=\"index, follow, max-snippet:-1, max-image-preview:large, max-video-preview:-1\" \/>\n<link rel=\"canonical\" href=\"https:\/\/canoe-kayak-lavernede.com\/de\/andere-aktivitaeten\/hoehlenforschung-in-der-ardeche\/\" \/>\n<meta property=\"og:locale\" content=\"de_DE\" \/>\n<meta property=\"og:type\" content=\"article\" \/>\n<meta property=\"og:title\" content=\"H\u00f6hlenforschung in der Ard\u00e8che - LA VERNEDE\" \/>\n<meta property=\"og:description\" content=\"H\u00f6hlenforschung in der Ard\u00e8che ist ein ideales Abenteuer f\u00fcr Naturliebhaber und f\u00fcr diejenigen, die in einer v\u00f6llig unbekannten Umgebung \u00fcber sich hinauswachsen m\u00f6chten.\" \/>\n<meta property=\"og:url\" content=\"https:\/\/canoe-kayak-lavernede.com\/de\/andere-aktivitaeten\/hoehlenforschung-in-der-ardeche\/\" \/>\n<meta property=\"og:site_name\" content=\"LA VERNEDE\" \/>\n<meta property=\"article:modified_time\" content=\"2024-05-27T13:27:17+00:00\" \/>\n<meta name=\"twitter:card\" content=\"summary_large_image\" \/>\n<meta name=\"twitter:label1\" content=\"Gesch\u00e4tzte Lesezeit\" \/>\n\t<meta name=\"twitter:data1\" content=\"3\u00a0Minuten\" \/>\n<script type=\"application\/ld+json\" class=\"yoast-schema-graph\">{\"@context\":\"https:\/\/schema.org\",\"@graph\":[{\"@type\":\"WebPage\",\"@id\":\"https:\/\/canoe-kayak-lavernede.com\/de\/andere-aktivitaeten\/hoehlenforschung-in-der-ardeche\/\",\"url\":\"https:\/\/canoe-kayak-lavernede.com\/de\/andere-aktivitaeten\/hoehlenforschung-in-der-ardeche\/\",\"name\":\"H\u00f6hlenforschung in der Ard\u00e8che - LA VERNEDE\",\"isPartOf\":{\"@id\":\"https:\/\/canoe-kayak-lavernede.com\/#website\"},\"datePublished\":\"2022-11-28T12:46:01+00:00\",\"dateModified\":\"2024-05-27T13:27:17+00:00\",\"description\":\"H\u00f6hlenforschung in der Ard\u00e8che ist ein ideales Abenteuer f\u00fcr Naturliebhaber und f\u00fcr diejenigen, die in einer v\u00f6llig unbekannten Umgebung \u00fcber sich hinauswachsen m\u00f6chten.\",\"breadcrumb\":{\"@id\":\"https:\/\/canoe-kayak-lavernede.com\/de\/andere-aktivitaeten\/hoehlenforschung-in-der-ardeche\/#breadcrumb\"},\"inLanguage\":\"de\",\"potentialAction\":[{\"@type\":\"ReadAction\",\"target\":[\"https:\/\/canoe-kayak-lavernede.com\/de\/andere-aktivitaeten\/hoehlenforschung-in-der-ardeche\/\"]}]},{\"@type\":\"BreadcrumbList\",\"@id\":\"https:\/\/canoe-kayak-lavernede.com\/de\/andere-aktivitaeten\/hoehlenforschung-in-der-ardeche\/#breadcrumb\",\"itemListElement\":[{\"@type\":\"ListItem\",\"position\":1,\"name\":\"Accueil\",\"item\":\"https:\/\/canoe-kayak-lavernede.com\/de\/\"},{\"@type\":\"ListItem\",\"position\":2,\"name\":\"Andere Aktivit\u00e4ten\",\"item\":\"https:\/\/canoe-kayak-lavernede.com\/de\/andere-aktivitaeten\/\"},{\"@type\":\"ListItem\",\"position\":3,\"name\":\"H\u00f6hlenforschung in der Ard\u00e8che\"}]},{\"@type\":\"WebSite\",\"@id\":\"https:\/\/canoe-kayak-lavernede.com\/#website\",\"url\":\"https:\/\/canoe-kayak-lavernede.com\/\",\"name\":\"LA VERNEDE\",\"description\":\"\",\"potentialAction\":[{\"@type\":\"SearchAction\",\"target\":{\"@type\":\"EntryPoint\",\"urlTemplate\":\"https:\/\/canoe-kayak-lavernede.com\/?s={search_term_string}\"},\"query-input\":{\"@type\":\"PropertyValueSpecification\",\"valueRequired\":true,\"valueName\":\"search_term_string\"}}],\"inLanguage\":\"de\"}]}<\/script>\n<!-- \/ Yoast SEO plugin. -->","yoast_head_json":{"title":"H\u00f6hlenforschung in der Ard\u00e8che - LA VERNEDE","description":"H\u00f6hlenforschung in der Ard\u00e8che ist ein ideales Abenteuer f\u00fcr Naturliebhaber und f\u00fcr diejenigen, die in einer v\u00f6llig unbekannten Umgebung \u00fcber sich hinauswachsen m\u00f6chten.","robots":{"index":"index","follow":"follow","max-snippet":"max-snippet:-1","max-image-preview":"max-image-preview:large","max-video-preview":"max-video-preview:-1"},"canonical":"https:\/\/canoe-kayak-lavernede.com\/de\/andere-aktivitaeten\/hoehlenforschung-in-der-ardeche\/","og_locale":"de_DE","og_type":"article","og_title":"H\u00f6hlenforschung in der Ard\u00e8che - LA VERNEDE","og_description":"H\u00f6hlenforschung in der Ard\u00e8che ist ein ideales Abenteuer f\u00fcr Naturliebhaber und f\u00fcr diejenigen, die in einer v\u00f6llig unbekannten Umgebung \u00fcber sich hinauswachsen m\u00f6chten.","og_url":"https:\/\/canoe-kayak-lavernede.com\/de\/andere-aktivitaeten\/hoehlenforschung-in-der-ardeche\/","og_site_name":"LA VERNEDE","article_modified_time":"2024-05-27T13:27:17+00:00","twitter_card":"summary_large_image","twitter_misc":{"Gesch\u00e4tzte Lesezeit":"3\u00a0Minuten"},"schema":{"@context":"https:\/\/schema.org","@graph":[{"@type":"WebPage","@id":"https:\/\/canoe-kayak-lavernede.com\/de\/andere-aktivitaeten\/hoehlenforschung-in-der-ardeche\/","url":"https:\/\/canoe-kayak-lavernede.com\/de\/andere-aktivitaeten\/hoehlenforschung-in-der-ardeche\/","name":"H\u00f6hlenforschung in der Ard\u00e8che - LA VERNEDE","isPartOf":{"@id":"https:\/\/canoe-kayak-lavernede.com\/#website"},"datePublished":"2022-11-28T12:46:01+00:00","dateModified":"2024-05-27T13:27:17+00:00","description":"H\u00f6hlenforschung in der Ard\u00e8che ist ein ideales Abenteuer f\u00fcr Naturliebhaber und f\u00fcr diejenigen, die in einer v\u00f6llig unbekannten Umgebung \u00fcber sich hinauswachsen m\u00f6chten.","breadcrumb":{"@id":"https:\/\/canoe-kayak-lavernede.com\/de\/andere-aktivitaeten\/hoehlenforschung-in-der-ardeche\/#breadcrumb"},"inLanguage":"de","potentialAction":[{"@type":"ReadAction","target":["https:\/\/canoe-kayak-lavernede.com\/de\/andere-aktivitaeten\/hoehlenforschung-in-der-ardeche\/"]}]},{"@type":"BreadcrumbList","@id":"https:\/\/canoe-kayak-lavernede.com\/de\/andere-aktivitaeten\/hoehlenforschung-in-der-ardeche\/#breadcrumb","itemListElement":[{"@type":"ListItem","position":1,"name":"Accueil","item":"https:\/\/canoe-kayak-lavernede.com\/de\/"},{"@type":"ListItem","position":2,"name":"Andere Aktivit\u00e4ten","item":"https:\/\/canoe-kayak-lavernede.com\/de\/andere-aktivitaeten\/"},{"@type":"ListItem","position":3,"name":"H\u00f6hlenforschung in der Ard\u00e8che"}]},{"@type":"WebSite","@id":"https:\/\/canoe-kayak-lavernede.com\/#website","url":"https:\/\/canoe-kayak-lavernede.com\/","name":"LA VERNEDE","description":"","potentialAction":[{"@type":"SearchAction","target":{"@type":"EntryPoint","urlTemplate":"https:\/\/canoe-kayak-lavernede.com\/?s={search_term_string}"},"query-input":{"@type":"PropertyValueSpecification","valueRequired":true,"valueName":"search_term_string"}}],"inLanguage":"de"}]}},"_links":{"self":[{"href":"https:\/\/canoe-kayak-lavernede.com\/de\/wp-json\/wp\/v2\/pages\/5103"}],"collection":[{"href":"https:\/\/canoe-kayak-lavernede.com\/de\/wp-json\/wp\/v2\/pages"}],"about":[{"href":"https:\/\/canoe-kayak-lavernede.com\/de\/wp-json\/wp\/v2\/types\/page"}],"author":[{"embeddable":true,"href":"https:\/\/canoe-kayak-lavernede.com\/de\/wp-json\/wp\/v2\/users\/5"}],"replies":[{"embeddable":true,"href":"https:\/\/canoe-kayak-lavernede.com\/de\/wp-json\/wp\/v2\/comments?post=5103"}],"version-history":[{"count":3,"href":"https:\/\/canoe-kayak-lavernede.com\/de\/wp-json\/wp\/v2\/pages\/5103\/revisions"}],"predecessor-version":[{"id":7733,"href":"https:\/\/canoe-kayak-lavernede.com\/de\/wp-json\/wp\/v2\/pages\/5103\/revisions\/7733"}],"up":[{"embeddable":true,"href":"https:\/\/canoe-kayak-lavernede.com\/de\/wp-json\/wp\/v2\/pages\/5087"}],"wp:attachment":[{"href":"https:\/\/canoe-kayak-lavernede.com\/de\/wp-json\/wp\/v2\/media?parent=5103"}],"curies":[{"name":"wp","href":"https:\/\/api.w.org\/{rel}","templated":true}]}}