{"id":5098,"date":"2022-11-28T13:08:16","date_gmt":"2022-11-28T12:08:16","guid":{"rendered":"https:\/\/www.canoe-kayak-lavernede.com\/?page_id=5098"},"modified":"2024-05-27T15:50:14","modified_gmt":"2024-05-27T13:50:14","slug":"klettern-in-ardeche","status":"publish","type":"page","link":"https:\/\/canoe-kayak-lavernede.com\/de\/andere-aktivitaeten\/klettern-in-ardeche\/","title":{"rendered":"klettern in ard\u00e8che"},"content":{"rendered":"<p>[vc_row full_width=&#8220;stretch_row&#8220; el_id=&#8220;breadcrumb&#8220;][vc_column][vc_column_text]<span><span><a href=\"https:\/\/canoe-kayak-lavernede.com\/de\/\">Accueil<\/a><\/span><\/span><\/p>\n<p>[\/vc_column_text][\/vc_column][\/vc_row][vc_row full_width=&#8220;stretch_row&#8220; el_id=&#8220;ban_inte&#8220;][vc_column][vc_column_text]<\/p>\n<h1 style=\"text-align: center;\"><span class=\"titre_1\">Klettern<\/span><br \/>\n<span class=\"titre_1\">in der Ard\u00e8che<\/span><\/h1>\n<p>[\/vc_column_text][vc_column_text]<\/p>\n<h2 style=\"text-align: center;\"><span class=\"hashtag_small\"># Entdecken Sie die Vertikalit\u00e4t der Natur der Ard\u00e8che<\/span><\/h2>\n<p>[\/vc_column_text]\n\n<picture class=\"ImgBG \" style=\"position: absolute; width: 100%; height:100%; top: 0; left:0; z-index: -2;\">\n    <img decoding=\"async\" width=\"1024\" height=\"768\" src=\"https:\/\/canoe-kayak-lavernede.com\/wp-content\/uploads\/2021\/11\/Rappel-Geant-a-Autridge-11-1024x768-1.jpg\" class=\"attachment-full size-full\" alt=\"\" srcset=\"https:\/\/canoe-kayak-lavernede.com\/wp-content\/uploads\/2021\/11\/Rappel-Geant-a-Autridge-11-1024x768-1.jpg 1024w, https:\/\/canoe-kayak-lavernede.com\/wp-content\/uploads\/2021\/11\/Rappel-Geant-a-Autridge-11-1024x768-1-780x585.jpg 780w, https:\/\/canoe-kayak-lavernede.com\/wp-content\/uploads\/2021\/11\/Rappel-Geant-a-Autridge-11-1024x768-1-768x576.jpg 768w\" sizes=\"(max-width: 1024px) 100vw, 1024px\" \/><\/picture>\n\n[\/vc_column][\/vc_row][vc_row][vc_column][vc_column_text css_animation=&#8220;top-to-bottom&#8220;]<\/p>\n<p style=\"text-align: center;\"><span class=\"hashtag_small\" style=\"color: #ff0000;\">Ab 8 Jahre<br \/>\n<\/span><\/p>\n<p>[\/vc_column_text][vc_single_image image=&#8220;3008&#8243; alignment=&#8220;center&#8220; css_animation=&#8220;bottom-to-top&#8220;][vc_column_text]<\/p>\n<h3><span class=\"titre_2\">Pr\u00e4sentation der Kletteraktivit\u00e4t:<\/span><\/h3>\n<p>[\/vc_column_text][vc_column_text]100 % nat\u00fcrliche Klettergebiete f\u00fcr alle Schwierigkeitsgrade.<\/p>\n<p>Sie befinden sich auf dem Land, am Rande des Chassezac.<\/p>\n<p>Die Klippen bieten viele Routen mit unterschiedlichen Schwierigkeitsgraden. Diese Aktivit\u00e4t ist f\u00fcr Anf\u00e4nger und Fortgeschrittene gleicherma\u00dfen zug\u00e4nglich.[\/vc_column_text][vc_column_text]<\/p>\n<h3><span class=\"titre_2\">Verfahren:<\/span><\/h3>\n<p>[\/vc_column_text][vc_column_text]Anmeldungen erfolgen schnellstm\u00f6glich. Bitte beachten Sie, dass pro Slot nur 10 Anmeldungen m\u00f6glich sind.<\/p>\n<p>Bei Ihrer Anmeldung erhalten Sie von uns einen Terminzettel mit allen notwendigen Informationen.<\/p>\n<p><strong>Bitte beachten\u00a0 Sie<\/strong>, es dauert ungef\u00e4hr 30 Minuten, um von Vallon Pont d&#8217;Arc zum Treffpunkt zu gelangen.<\/p>\n<p>Dort angekommen, werden Sie von einem professionellen Instructor betreut und ausgestattet, der Sie durch Ihre Aktivit\u00e4t f\u00fchrt.[\/vc_column_text][\/vc_column][\/vc_row][vc_row][vc_column width=&#8220;1\/2&#8243;][vc_column_text]<\/p>\n<h3><span class=\"titre_2\">Zur Verf\u00fcgung gestellte Ausr\u00fcstung:<\/span><\/h3>\n<p>[\/vc_column_text][vc_column_text]<\/p>\n<ul>\n<li>Seil<\/li>\n<li>Helm<\/li>\n<li>Kletterschuhe<\/li>\n<li>Abseilger\u00e4te, Karabiner etc&#8230;<\/li>\n<li>Geschirr<\/li>\n<\/ul>\n<p>[\/vc_column_text][vc_column_text]<\/p>\n<h3><span class=\"titre_2\">Zu erf\u00fcllende Bedingungen:<\/span><\/h3>\n<p>[\/vc_column_text][vc_column_text]<\/p>\n<div class=\"wpb_text_column wpb_content_element \">\n<div class=\"wpb_wrapper\">\n<ul>\n<li>In guter k\u00f6rperlicher Verfassung sein,<\/li>\n<li>In unwegsamem Gel\u00e4nde gehen k\u00f6nnen,<\/li>\n<li>\u00dcbersch\u00e4tzen Sie nicht Ihre k\u00f6rperlichen F\u00e4higkeiten,<\/li>\n<li>Beachten Sie, dass sich der Ausbilder das Recht vorbeh\u00e4lt, die Aktivit\u00e4t zu stornieren oder eine oder mehrere Personen nicht mitzunehmen, wenn er der Meinung ist, dass sie f\u00fcr die Teilnahme an der Aktivit\u00e4t nicht geeignet sind.<\/li>\n<\/ul>\n<\/div>\n<\/div>\n<p>[\/vc_column_text][\/vc_column][vc_column width=&#8220;1\/2&#8243;][vc_gallery interval=&#8220;3&#8243; images=&#8220;2777,2781,2785,2789&#8243; img_size=&#8220;medium&#8220;][\/vc_column][\/vc_row][vc_row][vc_column][vc_column_text]<\/p>\n<p style=\"text-align: center;\"><span class=\"titre_2 titre_3\" style=\"font-size: 18pt;\"><strong>Ab 35\u20ac\/p<\/strong><\/span><\/p>\n<p>[\/vc_column_text]<div class=' txt_centre btn_plein_rouge'><a class='lien_btn smoothScroll' href='\/de\/kontact\/' ><span><strong>INFORMATIONEN UND ANMELDUNG HIER<\/strong><\/span><\/a><\/div>[vc_empty_space height=&#8220;70px&#8220;][\/vc_column][\/vc_row][vc_row][vc_column][vc_column_text]<\/p>\n<h2><span class=\"titre_2\">L&#8217;escalade en Ard\u00e8che<br \/>\n<\/span><\/h2>\n<p>[\/vc_column_text][vc_column_text]M\u00f6chten Sie die Ard\u00e8che aus einem neuen Blickwinkel betrachten? Dank unserer Kletteraktivit\u00e4ten in der Ard\u00e8che bieten wir Ihnen die M\u00f6glichkeit, einen halben Tag lang 100 % nat\u00fcrliche Klettergebiete zu erklimmen und die Natur von unendlicher Gr\u00f6\u00dfe in v\u00f6lliger Sicherheit zu bewundern. Unter der Aufsicht eines erfahrenen Lehrers m\u00fcssen Sie reine nat\u00fcrliche Kalksteinw\u00e4nde herausfordern und die verschiedenen Unebenheiten des Felsens verstehen, w\u00e4hrend Sie versuchen, Ihre Emotionen zu kontrollieren. Was auch immer Ihr Niveau im Klettern ist, wir passen uns an. Anf\u00e4nger, Fortgeschrittene oder Experten im Klettern k\u00f6nnen daher mit La Vern\u00e8de zu einer Klettersession in der Ard\u00e8che aufbrechen!<\/p>\n<p>Klettern in der Ard\u00e8che zu praktizieren bedeutet, sich ein paar Stunden lang sportlich zu bet\u00e4tigen: Muskelkr\u00e4ftigung und Verbesserung der Ausdauer sind besonders gefragt. Diese Aktivit\u00e4t ist auch ideal, um an Ihrer Konzentration zu arbeiten. Und dies ist unerl\u00e4sslich, um die verschiedenen Hindernisse auf seinem Weg zu \u00fcberwinden.<\/p>\n<p>KLETTERN ODER KLETTERSTEIG?<\/p>\n<p>Suchen Sie nach mehr Sensationen? La Vern\u00e8de l\u00e4dt Sie ein, den Klettersteig in der Ard\u00e8che zu entdecken, eine Aktivit\u00e4t, deren Empfindungen denen des Kletterns nahe kommen. Der Via Ferrata ist ein auf Felsen angelegter Parcours, der mit Sprossen, Kabeln, Seilbr\u00fccken, Stegen oder sogar Seilrutschen ausgestattet ist, um Ihre Sicherheit zu gew\u00e4hrleisten und Ihren Fortschritt zu erleichtern.<\/p>\n<p>Mit dem Klettersteig in der Ard\u00e8che gewinnen Sie an H\u00f6he und entdecken auf einzigartige Weise das Prinzip der Vertikalit\u00e4t. F\u00fcr diese unterhaltsame und luftige Wanderung sind keine besonderen Vorkenntnisse erforderlich. Die einzige Grenze ist Schwindel. Aber wenn Sie Ihre H\u00f6henangst \u00fcberwinden m\u00f6chten, ist der Klettersteig in der Ard\u00e8che eine ideale Aktivit\u00e4t![\/vc_column_text][vc_column_text]<\/p>\n<h2><span class=\"titre_2\">L\u2019escalade en Ard\u00e8che avec La Vern\u00e8de\u202f: une activit\u00e9 accompagn\u00e9e<\/span><\/h2>\n<p>[\/vc_column_text][vc_column_text]La Vern\u00e8de l\u00e4dt Sie ein, 100% nat\u00fcrliche Felsw\u00e4nde in der N\u00e4he von Mazet Plage am Rande des Chassezac zu erklimmen. Unsere Kletteraktivit\u00e4t in der Ard\u00e8che ist f\u00fcr alle Niveaus zug\u00e4nglich und garantiert Ihnen einen totalen Tapetenwechsel sowie eine echte \u00dcberwindung. Einen halben Tag lang werden Sie Klippen erklimmen und eine au\u00dfergew\u00f6hnliche nat\u00fcrliche Umgebung erkunden. Sie werden die Ard\u00e8che entdecken, wie Sie sie noch nie zuvor gesehen haben, und von Landschaften von au\u00dfergew\u00f6hnlicher Gr\u00f6\u00dfe begeistert sein.<\/p>\n<p>Um Ihre Sicherheit zu gew\u00e4hrleisten, wird diese Aktivit\u00e4t von einem Monitor \u00fcberwacht. Beachten Sie, dass wir Ihnen die gesamte notwendige Ausr\u00fcstung f\u00fcr ein sicheres \u00dcben zur Verf\u00fcgung stellen: Helm, Gurt, Seil, Karabiner&#8230;<\/p>\n<p>Mit La Vern\u00e8de werden Sie w\u00e4hrend Ihres halbt\u00e4gigen Kletterns in der Ard\u00e8che begleitet. Anf\u00e4nger oder Fortgeschrittene, Erwachsene oder Kinder (ab 8 Jahren), Sie k\u00f6nnen sich auf dieses hohe Abenteuer einlassen! Wir sind sicher, dass Sie von Ihrer Erfahrung begeistert sein werden![\/vc_column_text][vc_column_text]<\/p>\n<h2><span class=\"titre_2\">Eine Top-Organisation<\/span><\/h2>\n<p>[\/vc_column_text][vc_column_text]Um Ihnen bei der Organisation Ihres halbt\u00e4gigen Kletterns in der Ard\u00e8che so gut wie m\u00f6glich zu helfen, steht Ihnen unser Team zur Verf\u00fcgung. Ben\u00f6tigen Sie weitere Informationen zur Organisation Ihres halbt\u00e4gigen Kletterns? Haben Sie eine konkrete Frage? Wir laden Sie ein, uns telefonisch oder \u00fcber das Kontaktformular auf unserer Website zu kontaktieren.<\/p>\n<p>Um die Freuden zu variieren, vergessen Sie nicht unsere Via Ferrata-Aktivit\u00e4t in der Ard\u00e8che, deren Techniken denen des Felskletterns \u00e4hneln. Z\u00f6gern Sie auch hier nicht, uns zu kontaktieren, um mehr zu erfahren und Ihren ganz vertikalen Ausflug zu organisieren![\/vc_column_text][\/vc_column][\/vc_row]<\/p>\n","protected":false},"excerpt":{"rendered":"<p>[vc_row full_width=&#8220;stretch_row&#8220; el_id=&#8220;breadcrumb&#8220;][vc_column][vc_column_text] [\/vc_column_text][\/vc_column][\/vc_row][vc_row full_width=&#8220;stretch_row&#8220; el_id=&#8220;ban_inte&#8220;][vc_column][vc_column_text] Klettern in der Ard\u00e8che [\/vc_column_text][vc_column_text] # Entdecken Sie die Vertikalit\u00e4t der Natur der Ard\u00e8che [\/vc_column_text][\/vc_column][\/vc_row][vc_row][vc_column][vc_column_text css_animation=&#8220;top-to-bottom&#8220;] Ab 8 Jahre [\/vc_column_text][vc_single_image image=&#8220;3008&#8243; alignment=&#8220;center&#8220; css_animation=&#8220;bottom-to-top&#8220;][vc_column_text] Pr\u00e4sentation der Kletteraktivit\u00e4t: [\/vc_column_text][vc_column_text]100 % nat\u00fcrliche Klettergebiete f\u00fcr alle Schwierigkeitsgrade. Sie befinden sich auf dem Land, am Rande des Chassezac. Die Klippen bieten viele Routen mit [&hellip;]<\/p>\n","protected":false},"author":5,"featured_media":0,"parent":5087,"menu_order":0,"comment_status":"closed","ping_status":"closed","template":"","meta":{"footnotes":""},"class_list":["post-5098","page","type-page","status-publish"],"yoast_head":"<!-- This site is optimized with the Yoast SEO plugin v24.3 - https:\/\/yoast.com\/wordpress\/plugins\/seo\/ -->\n<title>klettern in ard\u00e8che - LA VERNEDE<\/title>\n<meta name=\"description\" content=\"M\u00f6chten Sie die Ard\u00e8che aus einem neuen Blickwinkel betrachten? Dank unserer Kletteraktivit\u00e4ten in der Ard\u00e8che bieten wir Ihnen die M\u00f6glichkeit, einen halben Tag lang 100 % nat\u00fcrliche Klettergebiete\" \/>\n<meta name=\"robots\" content=\"index, follow, max-snippet:-1, max-image-preview:large, max-video-preview:-1\" \/>\n<link rel=\"canonical\" href=\"https:\/\/canoe-kayak-lavernede.com\/de\/andere-aktivitaeten\/klettern-in-ardeche\/\" \/>\n<meta property=\"og:locale\" content=\"de_DE\" \/>\n<meta property=\"og:type\" content=\"article\" \/>\n<meta property=\"og:title\" content=\"klettern in ard\u00e8che - LA VERNEDE\" \/>\n<meta property=\"og:description\" content=\"M\u00f6chten Sie die Ard\u00e8che aus einem neuen Blickwinkel betrachten? Dank unserer Kletteraktivit\u00e4ten in der Ard\u00e8che bieten wir Ihnen die M\u00f6glichkeit, einen halben Tag lang 100 % nat\u00fcrliche Klettergebiete\" \/>\n<meta property=\"og:url\" content=\"https:\/\/canoe-kayak-lavernede.com\/de\/andere-aktivitaeten\/klettern-in-ardeche\/\" \/>\n<meta property=\"og:site_name\" content=\"LA VERNEDE\" \/>\n<meta property=\"article:modified_time\" content=\"2024-05-27T13:50:14+00:00\" \/>\n<meta name=\"twitter:card\" content=\"summary_large_image\" \/>\n<meta name=\"twitter:label1\" content=\"Gesch\u00e4tzte Lesezeit\" \/>\n\t<meta name=\"twitter:data1\" content=\"4\u00a0Minuten\" \/>\n<script type=\"application\/ld+json\" class=\"yoast-schema-graph\">{\"@context\":\"https:\/\/schema.org\",\"@graph\":[{\"@type\":\"WebPage\",\"@id\":\"https:\/\/canoe-kayak-lavernede.com\/de\/andere-aktivitaeten\/klettern-in-ardeche\/\",\"url\":\"https:\/\/canoe-kayak-lavernede.com\/de\/andere-aktivitaeten\/klettern-in-ardeche\/\",\"name\":\"klettern in ard\u00e8che - LA VERNEDE\",\"isPartOf\":{\"@id\":\"https:\/\/canoe-kayak-lavernede.com\/#website\"},\"datePublished\":\"2022-11-28T12:08:16+00:00\",\"dateModified\":\"2024-05-27T13:50:14+00:00\",\"description\":\"M\u00f6chten Sie die Ard\u00e8che aus einem neuen Blickwinkel betrachten? Dank unserer Kletteraktivit\u00e4ten in der Ard\u00e8che bieten wir Ihnen die M\u00f6glichkeit, einen halben Tag lang 100 % nat\u00fcrliche Klettergebiete\",\"breadcrumb\":{\"@id\":\"https:\/\/canoe-kayak-lavernede.com\/de\/andere-aktivitaeten\/klettern-in-ardeche\/#breadcrumb\"},\"inLanguage\":\"de\",\"potentialAction\":[{\"@type\":\"ReadAction\",\"target\":[\"https:\/\/canoe-kayak-lavernede.com\/de\/andere-aktivitaeten\/klettern-in-ardeche\/\"]}]},{\"@type\":\"BreadcrumbList\",\"@id\":\"https:\/\/canoe-kayak-lavernede.com\/de\/andere-aktivitaeten\/klettern-in-ardeche\/#breadcrumb\",\"itemListElement\":[{\"@type\":\"ListItem\",\"position\":1,\"name\":\"Accueil\",\"item\":\"https:\/\/canoe-kayak-lavernede.com\/de\/\"},{\"@type\":\"ListItem\",\"position\":2,\"name\":\"Andere Aktivit\u00e4ten\",\"item\":\"https:\/\/canoe-kayak-lavernede.com\/de\/andere-aktivitaeten\/\"},{\"@type\":\"ListItem\",\"position\":3,\"name\":\"klettern in ard\u00e8che\"}]},{\"@type\":\"WebSite\",\"@id\":\"https:\/\/canoe-kayak-lavernede.com\/#website\",\"url\":\"https:\/\/canoe-kayak-lavernede.com\/\",\"name\":\"LA VERNEDE\",\"description\":\"\",\"potentialAction\":[{\"@type\":\"SearchAction\",\"target\":{\"@type\":\"EntryPoint\",\"urlTemplate\":\"https:\/\/canoe-kayak-lavernede.com\/?s={search_term_string}\"},\"query-input\":{\"@type\":\"PropertyValueSpecification\",\"valueRequired\":true,\"valueName\":\"search_term_string\"}}],\"inLanguage\":\"de\"}]}<\/script>\n<!-- \/ Yoast SEO plugin. -->","yoast_head_json":{"title":"klettern in ard\u00e8che - LA VERNEDE","description":"M\u00f6chten Sie die Ard\u00e8che aus einem neuen Blickwinkel betrachten? Dank unserer Kletteraktivit\u00e4ten in der Ard\u00e8che bieten wir Ihnen die M\u00f6glichkeit, einen halben Tag lang 100 % nat\u00fcrliche Klettergebiete","robots":{"index":"index","follow":"follow","max-snippet":"max-snippet:-1","max-image-preview":"max-image-preview:large","max-video-preview":"max-video-preview:-1"},"canonical":"https:\/\/canoe-kayak-lavernede.com\/de\/andere-aktivitaeten\/klettern-in-ardeche\/","og_locale":"de_DE","og_type":"article","og_title":"klettern in ard\u00e8che - LA VERNEDE","og_description":"M\u00f6chten Sie die Ard\u00e8che aus einem neuen Blickwinkel betrachten? Dank unserer Kletteraktivit\u00e4ten in der Ard\u00e8che bieten wir Ihnen die M\u00f6glichkeit, einen halben Tag lang 100 % nat\u00fcrliche Klettergebiete","og_url":"https:\/\/canoe-kayak-lavernede.com\/de\/andere-aktivitaeten\/klettern-in-ardeche\/","og_site_name":"LA VERNEDE","article_modified_time":"2024-05-27T13:50:14+00:00","twitter_card":"summary_large_image","twitter_misc":{"Gesch\u00e4tzte Lesezeit":"4\u00a0Minuten"},"schema":{"@context":"https:\/\/schema.org","@graph":[{"@type":"WebPage","@id":"https:\/\/canoe-kayak-lavernede.com\/de\/andere-aktivitaeten\/klettern-in-ardeche\/","url":"https:\/\/canoe-kayak-lavernede.com\/de\/andere-aktivitaeten\/klettern-in-ardeche\/","name":"klettern in ard\u00e8che - LA VERNEDE","isPartOf":{"@id":"https:\/\/canoe-kayak-lavernede.com\/#website"},"datePublished":"2022-11-28T12:08:16+00:00","dateModified":"2024-05-27T13:50:14+00:00","description":"M\u00f6chten Sie die Ard\u00e8che aus einem neuen Blickwinkel betrachten? Dank unserer Kletteraktivit\u00e4ten in der Ard\u00e8che bieten wir Ihnen die M\u00f6glichkeit, einen halben Tag lang 100 % nat\u00fcrliche Klettergebiete","breadcrumb":{"@id":"https:\/\/canoe-kayak-lavernede.com\/de\/andere-aktivitaeten\/klettern-in-ardeche\/#breadcrumb"},"inLanguage":"de","potentialAction":[{"@type":"ReadAction","target":["https:\/\/canoe-kayak-lavernede.com\/de\/andere-aktivitaeten\/klettern-in-ardeche\/"]}]},{"@type":"BreadcrumbList","@id":"https:\/\/canoe-kayak-lavernede.com\/de\/andere-aktivitaeten\/klettern-in-ardeche\/#breadcrumb","itemListElement":[{"@type":"ListItem","position":1,"name":"Accueil","item":"https:\/\/canoe-kayak-lavernede.com\/de\/"},{"@type":"ListItem","position":2,"name":"Andere Aktivit\u00e4ten","item":"https:\/\/canoe-kayak-lavernede.com\/de\/andere-aktivitaeten\/"},{"@type":"ListItem","position":3,"name":"klettern in ard\u00e8che"}]},{"@type":"WebSite","@id":"https:\/\/canoe-kayak-lavernede.com\/#website","url":"https:\/\/canoe-kayak-lavernede.com\/","name":"LA VERNEDE","description":"","potentialAction":[{"@type":"SearchAction","target":{"@type":"EntryPoint","urlTemplate":"https:\/\/canoe-kayak-lavernede.com\/?s={search_term_string}"},"query-input":{"@type":"PropertyValueSpecification","valueRequired":true,"valueName":"search_term_string"}}],"inLanguage":"de"}]}},"_links":{"self":[{"href":"https:\/\/canoe-kayak-lavernede.com\/de\/wp-json\/wp\/v2\/pages\/5098"}],"collection":[{"href":"https:\/\/canoe-kayak-lavernede.com\/de\/wp-json\/wp\/v2\/pages"}],"about":[{"href":"https:\/\/canoe-kayak-lavernede.com\/de\/wp-json\/wp\/v2\/types\/page"}],"author":[{"embeddable":true,"href":"https:\/\/canoe-kayak-lavernede.com\/de\/wp-json\/wp\/v2\/users\/5"}],"replies":[{"embeddable":true,"href":"https:\/\/canoe-kayak-lavernede.com\/de\/wp-json\/wp\/v2\/comments?post=5098"}],"version-history":[{"count":3,"href":"https:\/\/canoe-kayak-lavernede.com\/de\/wp-json\/wp\/v2\/pages\/5098\/revisions"}],"predecessor-version":[{"id":7738,"href":"https:\/\/canoe-kayak-lavernede.com\/de\/wp-json\/wp\/v2\/pages\/5098\/revisions\/7738"}],"up":[{"embeddable":true,"href":"https:\/\/canoe-kayak-lavernede.com\/de\/wp-json\/wp\/v2\/pages\/5087"}],"wp:attachment":[{"href":"https:\/\/canoe-kayak-lavernede.com\/de\/wp-json\/wp\/v2\/media?parent=5098"}],"curies":[{"name":"wp","href":"https:\/\/api.w.org\/{rel}","templated":true}]}}