{"id":5083,"date":"2022-11-28T10:46:05","date_gmt":"2022-11-28T09:46:05","guid":{"rendered":"https:\/\/www.canoe-kayak-lavernede.com\/?page_id=5083"},"modified":"2024-06-09T10:38:14","modified_gmt":"2024-06-09T08:38:14","slug":"wer-sind-wir","status":"publish","type":"page","link":"https:\/\/canoe-kayak-lavernede.com\/de\/wer-sind-wir\/","title":{"rendered":"Wer sind wir"},"content":{"rendered":"<p>[vc_row full_width=&#8220;stretch_row&#8220; el_id=&#8220;breadcrumb&#8220;][vc_column][vc_column_text]<span><span><a href=\"https:\/\/canoe-kayak-lavernede.com\/de\/\">Accueil<\/a><\/span><\/span><\/p>\n<p>[\/vc_column_text][\/vc_column][\/vc_row][vc_row full_width=&#8220;stretch_row&#8220; el_id=&#8220;ban_inte&#8220;][vc_column]\n\n<picture class=\"ImgBG \" style=\"position: absolute; width: 100%; height:100%; top: 0; left:0; z-index: -2;\">\n    <img decoding=\"async\" width=\"2560\" height=\"1811\" src=\"https:\/\/canoe-kayak-lavernede.com\/wp-content\/uploads\/2021\/05\/logo-LA-VERNEDE-quadri-sans-baseline-scaled.jpg\" class=\"attachment-full size-full\" alt=\"Logo La vernede HD\" srcset=\"https:\/\/canoe-kayak-lavernede.com\/wp-content\/uploads\/2021\/05\/logo-LA-VERNEDE-quadri-sans-baseline-scaled.jpg 2560w, https:\/\/canoe-kayak-lavernede.com\/wp-content\/uploads\/2021\/05\/logo-LA-VERNEDE-quadri-sans-baseline-780x552.jpg 780w, https:\/\/canoe-kayak-lavernede.com\/wp-content\/uploads\/2021\/05\/logo-LA-VERNEDE-quadri-sans-baseline-1527x1080.jpg 1527w, https:\/\/canoe-kayak-lavernede.com\/wp-content\/uploads\/2021\/05\/logo-LA-VERNEDE-quadri-sans-baseline-768x543.jpg 768w, https:\/\/canoe-kayak-lavernede.com\/wp-content\/uploads\/2021\/05\/logo-LA-VERNEDE-quadri-sans-baseline-1536x1086.jpg 1536w, https:\/\/canoe-kayak-lavernede.com\/wp-content\/uploads\/2021\/05\/logo-LA-VERNEDE-quadri-sans-baseline-2048x1449.jpg 2048w\" sizes=\"(max-width: 2560px) 100vw, 2560px\" \/><\/picture>\n\n[\/vc_column][\/vc_row][vc_row][vc_column][vc_column_text]<\/p>\n<h1><span class=\"titre_1\">Kanuverleih auf der Ard\u00e8che f\u00fcr eine unvergessliche Abfahrt durch die Schlucht der Ard\u00e8che<\/span><\/h1>\n<p>[\/vc_column_text][\/vc_column][\/vc_row][vc_row][vc_column][vc_column_text]<a href=\"https:\/\/www.google.com\/maps\/place\/La+Vern%C3%A8de+%7C+Cano%C3%AB-Kayak+%C3%A0+Vallon+Pont+d'Arc\/@44.398894,4.3899704,15z\/data=!4m2!3m1!1s0x0:0x5e0d03865cd153fd?sa=X&amp;ved=2ahUKEwif6OroytD7AhWnQaQEHXwPAtsQ_BJ6BQiKARAh\">La Vern\u00e8de liegt in Vallon-Pont-d&#8217;Arc<\/a> in der Ard\u00e8che, Region Auvergne-Rh\u00f4ne-Alpes, und ist auf den Kanuverleih auf der Ard\u00e8che spezialisiert. Mit uns erleben Sie garantiert eine unglaubliche Abfahrt der Ard\u00e8che-Schlucht!<\/p>\n<p>Wir legen Wert auf Sicherheit und Qualit\u00e4t und unternehmen alle Anstrengungen, um sicherzustellen, dass Ihr Kanuabenteuer auf der Ard\u00e8che au\u00dfergew\u00f6hnlich ist. Entdecken Sie alleine, mit der Familie oder mit Freunden an einem halben Tag, an einem oder zwei Tagen, die herrlichen Gorges de l&#8217;Ard\u00e8che und erleben Sie ein einzigartiges Abenteuer, begleitet oder nicht von einem qualifizierten Lehrer. F\u00fcr mehr Sensationen bieten wir auch weitere Outdoor-Aktivit\u00e4ten an: Klettern, Via Ferrata, H\u00f6hlenforschung, Canyoning&#8230;[\/vc_column_text][\/vc_column][\/vc_row][vc_row][vc_column][vc_column_text]<\/p>\n<h2><span class=\"titre_2\">La Vern\u00e8de, der Kanuverleih-Spezialist in der Ard\u00e8che<\/span><\/h2>\n<p>[\/vc_column_text][vc_column_text]Ob Anf\u00e4nger, Fortgeschrittener oder Fortgeschrittener, wir bieten verschiedene Formeln an, damit Sie diejenige ausw\u00e4hlen, die Ihren k\u00f6rperlichen F\u00e4higkeiten entspricht, um bei Ihrer Abfahrt durch die Ard\u00e8che-Schlucht mit dem Kanu maximal Spa\u00df zu haben. Begeben Sie sich mit La Vern\u00e8de auf eine Abfahrt der Gorges de l&#8217;Ard\u00e8che, die zu Ihnen passt, und entdecken Sie die Sch\u00f6nheit dieser grandiosen Naturst\u00e4tte mit ihren majest\u00e4tischen Klippen und ihrer au\u00dfergew\u00f6hnlichen Fauna und Flora. All dies in guter Laune und Geselligkeit!<\/p>\n<p>Sie m\u00f6chten einen Junggesellenabschied feiern, wie er sein sollte? Dank unserer EASY WAY-Formeln geben wir Ihnen die M\u00f6glichkeit dazu. Auf dem Programm stehen: Party und Abenteuer f\u00fcr 2 Tage f\u00fcr eine unvergessliche Erinnerung mit Ihrer Familie und Freunden. Um Ihren Junggesellenabschied zu organisieren und Ihren Kanuverleih in Vallon Pont d&#8217;Arc zu buchen, laden wir Sie ein, uns zu kontaktieren.<\/p>\n<p>F\u00fcr ein sorgenfreies Kanuabenteuer stellen wir Ihnen die gesamte Ausr\u00fcstung zur Verf\u00fcgung, die Sie f\u00fcr Ihre Kanufahrt durch die Schlucht der Ard\u00e8che ben\u00f6tigen (Neoprenanz\u00fcge, wasserdichter Beh\u00e4lter f\u00fcr Ihr Picknick usw.).<\/p>\n<p>M\u00f6chten Sie die Gen\u00fcsse variieren? M\u00f6gen Sie intensive Empfindungen? Entdecken Sie die Ard\u00e8che mit unseren Outdoor-Aktivit\u00e4ten in der Natur auf eine andere Art und Weise. Klettern, Via Ferrata, H\u00f6hlenforschung oder Canyoning in der Ard\u00e8che&#8230; W\u00e4hlen Sie die Aktivit\u00e4t, die Sie zu maximalen Empfindungen auf dem Wasser, unter der Erde oder in der H\u00f6he verf\u00fchrt.[\/vc_column_text][\/vc_column][\/vc_row][vc_row][vc_column][vc_column_text]<\/p>\n<h2><span class=\"titre_2\">Das Team von La Vern\u00e8de steht Ihnen zur Verf\u00fcgung<\/span><\/h2>\n<p>[\/vc_column_text][vc_column_text]M\u00f6chten Sie weitere Informationen \u00fcber unseren Kanuverleih in Vallon Pont d&#8217;Arc? Haben Sie eine spezielle Frage zu unserem Kanu-Buchungssystem in der Ard\u00e8che? M\u00f6chten Sie bei der Organisation Ihrer Abfahrt der Ard\u00e8che begleitet werden? Unser Team steht Ihnen zur Verf\u00fcgung, um Sie so gut wie m\u00f6glich zu informieren und zu f\u00fchren, um eine unvergessliche Abfahrt der Ard\u00e8che mit dem Kanu zu organisieren.[\/vc_column_text][vc_single_image image=&#8220;1945&#8243; img_size=&#8220;medium&#8220; alignment=&#8220;center&#8220; style=&#8220;vc_box_shadow_border&#8220; css_animation=&#8220;fadeIn&#8220;][\/vc_column][\/vc_row][vc_row][vc_column][vc_column_text]<\/p>\n<h2><span class=\"titre_2\">Wo finden Sie uns?<\/span><\/h2>\n<p>[\/vc_column_text][vc_column_text]Unser B\u00fcro \/ Pier ist 7 Tage die Woche von April bis Oktober in Vallon-Pont-d&#8217;Arc unter folgender Adresse ge\u00f6ffnet:<\/p>\n<ul>\n<li><a href=\"https:\/\/g.page\/canoekayaklavernede?share\"><strong>LA VERNEDE, 31 Passage Fran\u00e7ois Lecler, 07150 Vallon-Pont-d\u2019Arc<\/strong><\/a><\/li>\n<\/ul>\n<p>[\/vc_column_text][vc_gmaps link=&#8220;#E-8_JTNDaWZyYW1lJTIwc3JjJTNEJTIyaHR0cHMlM0ElMkYlMkZ3d3cuZ29vZ2xlLmNvbSUyRm1hcHMlMkZlbWJlZCUzRnBiJTNEJTIxMW0xNCUyMTFtOCUyMTFtMyUyMTFkMTE0MDIuNjc1NDE1NTY0ODM0JTIxMmQ0LjM4OTk1NSUyMTNkNDQuMzk4OTE5JTIxM20yJTIxMWkxMDI0JTIxMmk3NjglMjE0ZjEzLjElMjEzbTMlMjExbTIlMjExczB4MCUyNTNBMHg1ZTBkMDM4NjVjZDE1M2ZkJTIxMnNMYSUyNTIwVmVybiUyNUMzJTI1QThkZSUyNTIwLSUyNTIwTG9jYXRpb24lMjUyMGNhbm8lMjVDMyUyNUFCJTI1MjBrYXlhayUyNTIwJTI1QzMlMjVBMCUyNTIwVmFsbG9uLVBvbnQtZCUyNiUyMzM5JTNCQXJjJTI1MkMlMjUyMGRlc2NlbnRlJTI1MjBkZSUyNTIwbCUyNiUyMzM5JTNCQXJkJTI1QzMlMjVBOGNoZSUyMTVlMCUyMTNtMiUyMTFzZnIlMjEyc2ZyJTIxNHYxNjIyMzU3NTQ5Mjk1JTIxNW0yJTIxMXNmciUyMTJzZnIlMjIlMjB3aWR0aCUzRCUyMjQwMCUyMiUyMGhlaWdodCUzRCUyMjMwMCUyMiUyMHN0eWxlJTNEJTIyYm9yZGVyJTNBMCUzQiUyMiUyMGFsbG93ZnVsbHNjcmVlbiUzRCUyMiUyMiUyMGxvYWRpbmclM0QlMjJsYXp5JTIyJTNFJTNDJTJGaWZyYW1lJTNF&#8220;][\/vc_column][\/vc_row][vc_row][vc_column][vc_column_text]<\/p>\n<h2><span class=\"titre_3\">Unsere \u00d6ffnungszeiten<\/span><\/h2>\n<p>[\/vc_column_text][vc_column_text]Sie erreichen uns unter <strong><a href=\"tel:+33475371274\">04 75 37 12 74<\/a> <\/strong>oder \u00fcber das <strong><a href=\"https:\/\/canoe-kayak-lavernede.com\/de\/kontact\/\">Kontaktformular<\/a> <\/strong>auf unserer Website. Nat\u00fcrlich k\u00f6nnen Sie uns auch an unserem Standort in Vallon-Pont-d&#8217;Arc besuchen. Wir sind 7 Tage die Woche von 8.00 bis 19.00 Uhr f\u00fcr Sie da.[\/vc_column_text][\/vc_column][\/vc_row]<\/p>\n","protected":false},"excerpt":{"rendered":"<p>[vc_row full_width=&#8220;stretch_row&#8220; el_id=&#8220;breadcrumb&#8220;][vc_column][vc_column_text] [\/vc_column_text][\/vc_column][\/vc_row][vc_row full_width=&#8220;stretch_row&#8220; el_id=&#8220;ban_inte&#8220;][vc_column][\/vc_column][\/vc_row][vc_row][vc_column][vc_column_text] Kanuverleih auf der Ard\u00e8che f\u00fcr eine unvergessliche Abfahrt durch die Schlucht der Ard\u00e8che [\/vc_column_text][\/vc_column][\/vc_row][vc_row][vc_column][vc_column_text]La Vern\u00e8de liegt in Vallon-Pont-d&#8217;Arc in der Ard\u00e8che, Region Auvergne-Rh\u00f4ne-Alpes, und ist auf den Kanuverleih auf der Ard\u00e8che spezialisiert. Mit uns erleben Sie garantiert eine unglaubliche Abfahrt der Ard\u00e8che-Schlucht! Wir legen Wert auf Sicherheit und Qualit\u00e4t [&hellip;]<\/p>\n","protected":false},"author":5,"featured_media":0,"parent":0,"menu_order":0,"comment_status":"closed","ping_status":"closed","template":"","meta":{"footnotes":""},"class_list":["post-5083","page","type-page","status-publish"],"yoast_head":"<!-- This site is optimized with the Yoast SEO plugin v24.3 - https:\/\/yoast.com\/wordpress\/plugins\/seo\/ -->\n<title>Wer sind wir - LA VERNEDE<\/title>\n<meta name=\"description\" content=\"La Vern\u00e8de liegt in Vallon-Pont-d&#039;Arc und ist auf den Kanutouren in der Ard\u00e8che spezialisiert. Mit uns erleben Sie garantiert eine unglaubliche Abfahrt der Ard\u00e8che-Schluchten!\" \/>\n<meta name=\"robots\" content=\"index, follow, max-snippet:-1, max-image-preview:large, max-video-preview:-1\" \/>\n<link rel=\"canonical\" href=\"https:\/\/canoe-kayak-lavernede.com\/de\/wer-sind-wir\/\" \/>\n<meta property=\"og:locale\" content=\"de_DE\" \/>\n<meta property=\"og:type\" content=\"article\" \/>\n<meta property=\"og:title\" content=\"Wer sind wir - LA VERNEDE\" \/>\n<meta property=\"og:description\" content=\"La Vern\u00e8de liegt in Vallon-Pont-d&#039;Arc und ist auf den Kanutouren in der Ard\u00e8che spezialisiert. Mit uns erleben Sie garantiert eine unglaubliche Abfahrt der Ard\u00e8che-Schluchten!\" \/>\n<meta property=\"og:url\" content=\"https:\/\/canoe-kayak-lavernede.com\/de\/wer-sind-wir\/\" \/>\n<meta property=\"og:site_name\" content=\"LA VERNEDE\" \/>\n<meta property=\"article:modified_time\" content=\"2024-06-09T08:38:14+00:00\" \/>\n<meta name=\"twitter:card\" content=\"summary_large_image\" \/>\n<meta name=\"twitter:label1\" content=\"Gesch\u00e4tzte Lesezeit\" \/>\n\t<meta name=\"twitter:data1\" content=\"3\u00a0Minuten\" \/>\n<script type=\"application\/ld+json\" class=\"yoast-schema-graph\">{\"@context\":\"https:\/\/schema.org\",\"@graph\":[{\"@type\":\"WebPage\",\"@id\":\"https:\/\/canoe-kayak-lavernede.com\/de\/wer-sind-wir\/\",\"url\":\"https:\/\/canoe-kayak-lavernede.com\/de\/wer-sind-wir\/\",\"name\":\"Wer sind wir - LA VERNEDE\",\"isPartOf\":{\"@id\":\"https:\/\/canoe-kayak-lavernede.com\/#website\"},\"datePublished\":\"2022-11-28T09:46:05+00:00\",\"dateModified\":\"2024-06-09T08:38:14+00:00\",\"description\":\"La Vern\u00e8de liegt in Vallon-Pont-d'Arc und ist auf den Kanutouren in der Ard\u00e8che spezialisiert. Mit uns erleben Sie garantiert eine unglaubliche Abfahrt der Ard\u00e8che-Schluchten!\",\"breadcrumb\":{\"@id\":\"https:\/\/canoe-kayak-lavernede.com\/de\/wer-sind-wir\/#breadcrumb\"},\"inLanguage\":\"de\",\"potentialAction\":[{\"@type\":\"ReadAction\",\"target\":[\"https:\/\/canoe-kayak-lavernede.com\/de\/wer-sind-wir\/\"]}]},{\"@type\":\"BreadcrumbList\",\"@id\":\"https:\/\/canoe-kayak-lavernede.com\/de\/wer-sind-wir\/#breadcrumb\",\"itemListElement\":[{\"@type\":\"ListItem\",\"position\":1,\"name\":\"Accueil\",\"item\":\"https:\/\/canoe-kayak-lavernede.com\/de\/\"},{\"@type\":\"ListItem\",\"position\":2,\"name\":\"Wer sind wir\"}]},{\"@type\":\"WebSite\",\"@id\":\"https:\/\/canoe-kayak-lavernede.com\/#website\",\"url\":\"https:\/\/canoe-kayak-lavernede.com\/\",\"name\":\"LA VERNEDE\",\"description\":\"\",\"potentialAction\":[{\"@type\":\"SearchAction\",\"target\":{\"@type\":\"EntryPoint\",\"urlTemplate\":\"https:\/\/canoe-kayak-lavernede.com\/?s={search_term_string}\"},\"query-input\":{\"@type\":\"PropertyValueSpecification\",\"valueRequired\":true,\"valueName\":\"search_term_string\"}}],\"inLanguage\":\"de\"}]}<\/script>\n<!-- \/ Yoast SEO plugin. -->","yoast_head_json":{"title":"Wer sind wir - LA VERNEDE","description":"La Vern\u00e8de liegt in Vallon-Pont-d'Arc und ist auf den Kanutouren in der Ard\u00e8che spezialisiert. Mit uns erleben Sie garantiert eine unglaubliche Abfahrt der Ard\u00e8che-Schluchten!","robots":{"index":"index","follow":"follow","max-snippet":"max-snippet:-1","max-image-preview":"max-image-preview:large","max-video-preview":"max-video-preview:-1"},"canonical":"https:\/\/canoe-kayak-lavernede.com\/de\/wer-sind-wir\/","og_locale":"de_DE","og_type":"article","og_title":"Wer sind wir - LA VERNEDE","og_description":"La Vern\u00e8de liegt in Vallon-Pont-d'Arc und ist auf den Kanutouren in der Ard\u00e8che spezialisiert. Mit uns erleben Sie garantiert eine unglaubliche Abfahrt der Ard\u00e8che-Schluchten!","og_url":"https:\/\/canoe-kayak-lavernede.com\/de\/wer-sind-wir\/","og_site_name":"LA VERNEDE","article_modified_time":"2024-06-09T08:38:14+00:00","twitter_card":"summary_large_image","twitter_misc":{"Gesch\u00e4tzte Lesezeit":"3\u00a0Minuten"},"schema":{"@context":"https:\/\/schema.org","@graph":[{"@type":"WebPage","@id":"https:\/\/canoe-kayak-lavernede.com\/de\/wer-sind-wir\/","url":"https:\/\/canoe-kayak-lavernede.com\/de\/wer-sind-wir\/","name":"Wer sind wir - LA VERNEDE","isPartOf":{"@id":"https:\/\/canoe-kayak-lavernede.com\/#website"},"datePublished":"2022-11-28T09:46:05+00:00","dateModified":"2024-06-09T08:38:14+00:00","description":"La Vern\u00e8de liegt in Vallon-Pont-d'Arc und ist auf den Kanutouren in der Ard\u00e8che spezialisiert. Mit uns erleben Sie garantiert eine unglaubliche Abfahrt der Ard\u00e8che-Schluchten!","breadcrumb":{"@id":"https:\/\/canoe-kayak-lavernede.com\/de\/wer-sind-wir\/#breadcrumb"},"inLanguage":"de","potentialAction":[{"@type":"ReadAction","target":["https:\/\/canoe-kayak-lavernede.com\/de\/wer-sind-wir\/"]}]},{"@type":"BreadcrumbList","@id":"https:\/\/canoe-kayak-lavernede.com\/de\/wer-sind-wir\/#breadcrumb","itemListElement":[{"@type":"ListItem","position":1,"name":"Accueil","item":"https:\/\/canoe-kayak-lavernede.com\/de\/"},{"@type":"ListItem","position":2,"name":"Wer sind wir"}]},{"@type":"WebSite","@id":"https:\/\/canoe-kayak-lavernede.com\/#website","url":"https:\/\/canoe-kayak-lavernede.com\/","name":"LA VERNEDE","description":"","potentialAction":[{"@type":"SearchAction","target":{"@type":"EntryPoint","urlTemplate":"https:\/\/canoe-kayak-lavernede.com\/?s={search_term_string}"},"query-input":{"@type":"PropertyValueSpecification","valueRequired":true,"valueName":"search_term_string"}}],"inLanguage":"de"}]}},"_links":{"self":[{"href":"https:\/\/canoe-kayak-lavernede.com\/de\/wp-json\/wp\/v2\/pages\/5083"}],"collection":[{"href":"https:\/\/canoe-kayak-lavernede.com\/de\/wp-json\/wp\/v2\/pages"}],"about":[{"href":"https:\/\/canoe-kayak-lavernede.com\/de\/wp-json\/wp\/v2\/types\/page"}],"author":[{"embeddable":true,"href":"https:\/\/canoe-kayak-lavernede.com\/de\/wp-json\/wp\/v2\/users\/5"}],"replies":[{"embeddable":true,"href":"https:\/\/canoe-kayak-lavernede.com\/de\/wp-json\/wp\/v2\/comments?post=5083"}],"version-history":[{"count":4,"href":"https:\/\/canoe-kayak-lavernede.com\/de\/wp-json\/wp\/v2\/pages\/5083\/revisions"}],"predecessor-version":[{"id":7984,"href":"https:\/\/canoe-kayak-lavernede.com\/de\/wp-json\/wp\/v2\/pages\/5083\/revisions\/7984"}],"wp:attachment":[{"href":"https:\/\/canoe-kayak-lavernede.com\/de\/wp-json\/wp\/v2\/media?parent=5083"}],"curies":[{"name":"wp","href":"https:\/\/api.w.org\/{rel}","templated":true}]}}