{"id":5079,"date":"2022-11-28T10:00:30","date_gmt":"2022-11-28T09:00:30","guid":{"rendered":"https:\/\/www.canoe-kayak-lavernede.com\/?page_id=5079"},"modified":"2024-05-30T09:49:07","modified_gmt":"2024-05-30T07:49:07","slug":"canyoning-fur-anfaenger","status":"publish","type":"page","link":"https:\/\/canoe-kayak-lavernede.com\/de\/canyoning\/canyoning-fur-anfaenger\/","title":{"rendered":"Canyoning f\u00fcr Anf\u00e4nger"},"content":{"rendered":"<p>[vc_row full_width=&#8220;stretch_row&#8220; el_id=&#8220;breadcrumb&#8220;][vc_column][vc_column_text]<span><span><a href=\"https:\/\/canoe-kayak-lavernede.com\/de\/\">Accueil<\/a><\/span><\/span><\/p>\n<p>[\/vc_column_text][\/vc_column][\/vc_row][vc_row full_width=&#8220;stretch_row&#8220; el_id=&#8220;ban_inte&#8220;][vc_column][vc_column_text]<\/p>\n<h1 style=\"text-align: center;\"><span class=\"titre_1\">Canyoning f\u00fcr Anf\u00e4nger in der Ard\u00e8che<\/span><\/h1>\n<p>[\/vc_column_text][vc_column_text]<\/p>\n<p style=\"text-align: center;\"><span class=\"hashtag_small\">#Teilen Sie ein unvergessliches Erlebnis<\/span><\/p>\n<p>[\/vc_column_text]\n\n<picture class=\"ImgBG \" style=\"position: absolute; width: 100%; height:100%; top: 0; left:0; z-index: -2;\">\n    <img decoding=\"async\" width=\"380\" height=\"380\" src=\"https:\/\/canoe-kayak-lavernede.com\/wp-content\/uploads\/2021\/11\/7787_GE-e1650369445871.jpg\" class=\"attachment-full size-full\" alt=\"\" \/><\/picture>\n\n[\/vc_column][\/vc_row][vc_row][vc_column][vc_column_text]<\/p>\n<p style=\"text-align: center;\"><span class=\"hashtag_small txt_rouge\">#Spa\u00df sicher haben<\/span><\/p>\n<h2 style=\"text-align: center;\"><span class=\"titre_2\">Parcours f\u00fcr die ganze Familie geeignet<\/span><\/h2>\n<p>[\/vc_column_text][vc_column_text]<\/p>\n<p style=\"text-align: center;\">Genie\u00dfen Sie Kurse f\u00fcr die ganze Familie, auf denen Jung und Alt, ab 5 Jahren, in v\u00f6lliger Sicherheit Spa\u00df haben werden<\/p>\n<p>[\/vc_column_text][\/vc_column][\/vc_row][vc_row el_class=&#8220;padTB_2&#8243;][vc_column width=&#8220;1\/3&#8243;]\n\n\n<div class=\"BlocImgBg \" style=\"position: relative;\">\n    <a href=\"\/kids-canyon-besorgues\/\"  style=\"display:block;\">    <picture style=\"height:100%; display: block;\">\n    <source srcset=\"https:\/\/canoe-kayak-lavernede.com\/wp-content\/uploads\/2021\/04\/Kids-canyon-780x900-1.jpg\" media=\"(max-width: 320px)\"><source srcset=\"https:\/\/canoe-kayak-lavernede.com\/wp-content\/uploads\/2021\/04\/Kids-canyon-780x900-1.jpg\" media=\"(max-width: 780px)\">    \n        <img decoding=\"async\"\n        style=\"object-fit: cover; object-position: 50% 50%; width: 100%; height: 100%;\"\n        src=\"https:\/\/canoe-kayak-lavernede.com\/wp-content\/uploads\/2021\/04\/Kids-canyon-780x900-1.jpg\"\n        alt=\"tyrolienne canyoning ard\u00e8che\"\n        >\n    <\/picture>\n    <div class=\"BlocImgBgTitre\" style=\"position: absolute; top: 0; left: 0; width: 100%; height: 100%;\"><div class=\"pack_bloc\">\n\t<div class=\"pack_bloc_titre\">Kids canyon<br>Besorgues<\/div>\n\t<div class=\"pack_bloc_apartir\">Ab 42\u20ac\/Person<\/div>\n<\/div><\/div>\n    <\/a><\/div>[vc_column_text]Ideal, um die Canyoning-Aktivit\u00e4t mit kleinen Kindern zu entdecken, bietet die Kids-Canyon-Formel eine sehr unterhaltsame Einf\u00fchrung von etwa 1,5 Stunden und zug\u00e4nglich ab 5 Jahren, die mit einer Seilrutsche \u00fcber dem Wasser endet![\/vc_column_text][vc_single_image image=&#8220;2752&#8243; alignment=&#8220;center&#8220;][vc_raw_html el_class=&#8220;marB_2&#8243;]JTNDZGl2JTIwY2xhc3MlM0QlMjJjYW55b25faW5mbyUyMiUzRSUwQSUwOSUzQ2RpdiUyMGNsYXNzJTNEJTIyY2FueW9uX3BpY3RvJTIyJTIwc3R5bGUlM0QlMjJiYWNrZ3JvdW5kLWltYWdlJTNBJTIwdXJsJTI4JTI3JTJGd3AtY29udGVudCUyRnVwbG9hZHMlMkYyMDIwJTJGMDYlMkZwaWN0by1Mb2NhdG9yLURlc2NlbnRlLnN2ZyUyNyUyOSUyMiUzRU9ydCUyMGRlciUyMFQlQzMlQTR0aWdrZWl0JTNBJTNDYnIlM0UlM0NzcGFuJTNFTGElMjBCYXN0aWRlJTIwc3VyJTIwQmVzb3JndWVzJTNDJTJGc3BhbiUzRSUzQyUyRmRpdiUzRSUwQSUwOSUzQ2RpdiUyMGNsYXNzJTNEJTIyY2FueW9uX3BpY3RvJTIyJTIwc3R5bGUlM0QlMjJiYWNrZ3JvdW5kLWltYWdlJTNBJTIwdXJsJTI4JTI3JTJGd3AtY29udGVudCUyRnVwbG9hZHMlMkYyMDIwJTJGMDYlMkZwaWN0by1FbmZhbnQtUmVkLnN2ZyUyNyUyOSUyMiUzRUFiJTIwNSUyMEphaHJlJTNDJTJGZGl2JTNFJTBBJTA5JTNDZGl2JTIwY2xhc3MlM0QlMjJjYW55b25fcGljdG8lMjIlMjBzdHlsZSUzRCUyMmJhY2tncm91bmQtaW1hZ2UlM0ElMjB1cmwlMjglMjclMkZ3cC1jb250ZW50JTJGdXBsb2FkcyUyRjIwMjAlMkYwNiUyRnBpY3RvLVRpbWluZy1EZXNjZW50ZS5zdmclMjclMjklMjIlM0VDYS4lMjAxaDMwJTIwQWt0aXZpdCVDMyVBNHQlM0MlMkZkaXYlM0UlMEElM0MlMkZkaXYlM0U=[\/vc_raw_html]<div class=' txt_centre btn_plein_rouge'><a class='lien_btn smoothScroll' href='\/kids-canyon-besorgues\/' ><span>Mehr Details<\/span><\/a><\/div>[\/vc_column][vc_column width=&#8220;1\/3&#8243;]\n\n\n<div class=\"BlocImgBg \" style=\"position: relative;\">\n    <a href=\"\/canyoning-ardeche\/decouverte\/bas-chassezac\/\"  style=\"display:block;\">    <picture style=\"height:100%; display: block;\">\n    <source srcset=\"https:\/\/canoe-kayak-lavernede.com\/wp-content\/uploads\/2021\/04\/Bas-cz-780x900-1.jpg\" media=\"(max-width: 320px)\"><source srcset=\"https:\/\/canoe-kayak-lavernede.com\/wp-content\/uploads\/2021\/04\/Bas-cz-780x900-1.jpg\" media=\"(max-width: 780px)\">    \n        <img decoding=\"async\"\n        style=\"object-fit: cover; object-position: 50% 50%; width: 100%; height: 100%;\"\n        src=\"https:\/\/canoe-kayak-lavernede.com\/wp-content\/uploads\/2021\/04\/Bas-cz-780x900-1.jpg\"\n        alt=\"bas chassezac Ard\u00e8che\"\n        >\n    <\/picture>\n    <div class=\"BlocImgBgTitre\" style=\"position: absolute; top: 0; left: 0; width: 100%; height: 100%;\"><div class=\"pack_bloc\">\n\t<div class=\"pack_bloc_titre\">Canyon<br>bas chassezac<\/div>\n\t<div class=\"pack_bloc_apartir\">A partir de 38\u20ac\/personne<\/div>\n<\/div><\/div>\n    <\/a><\/div>[vc_column_text]<strong>Spa\u00df beim Canyoning f\u00fcr die ganze Familie!<\/strong> In der atemberaubenden Kulisse der <strong>Chassezac-Schlucht<\/strong> werden Jung und Alt die Rutschen, Passagen in gro\u00dfen Becken und Wasserfl\u00e4chen genie\u00dfen, die diese Wasserwanderung oder &#8222;Mini-Canyon&#8220; zu bieten hat![\/vc_column_text][vc_single_image image=&#8220;2752&#8243; alignment=&#8220;center&#8220;][vc_raw_html el_class=&#8220;marB_2&#8243;]JTNDZGl2JTIwY2xhc3MlM0QlMjJjYW55b25faW5mbyUyMiUzRSUwQSUwOSUzQ2RpdiUyMGNsYXNzJTNEJTIyY2FueW9uX3BpY3RvJTIyJTIwc3R5bGUlM0QlMjJiYWNrZ3JvdW5kLWltYWdlJTNBJTIwdXJsJTI4JTI3JTJGd3AtY29udGVudCUyRnVwbG9hZHMlMkYyMDIwJTJGMDYlMkZwaWN0by1Mb2NhdG9yLURlc2NlbnRlLnN2ZyUyNyUyOSUyMiUzRU9ydCUyMGRlciUyMFQlQzMlQTR0aWdrZWl0JTNBJTNDYnIlM0UlM0NzcGFuJTNFQWJvcmRzJTIwZGUlMjBQaWVkJTIwZGUlMjBCb3JuZSUzQyUyRnNwYW4lM0UlM0MlMkZkaXYlM0UlMEElMDklM0NkaXYlMjBjbGFzcyUzRCUyMmNhbnlvbl9waWN0byUyMiUyMHN0eWxlJTNEJTIyYmFja2dyb3VuZC1pbWFnZSUzQSUyMHVybCUyOCUyNyUyRndwLWNvbnRlbnQlMkZ1cGxvYWRzJTJGMjAyMCUyRjA2JTJGcGljdG8tUHJlQWRvLVJlZC5zdmclMjclMjklMjIlM0VBYiUyMDklMjBKYWhyZSUzQyUyRmRpdiUzRSUwQSUwOSUzQ2RpdiUyMGNsYXNzJTNEJTIyY2FueW9uX3BpY3RvJTIyJTIwc3R5bGUlM0QlMjJiYWNrZ3JvdW5kLWltYWdlJTNBJTIwdXJsJTI4JTI3JTJGd3AtY29udGVudCUyRnVwbG9hZHMlMkYyMDIwJTJGMDYlMkZwaWN0by1UaW1pbmctRGVzY2VudGUuc3ZnJTI3JTI5JTIyJTNFQ2EuJTIwMyUyMFN0dW5kZW4lMjBBa3Rpdml0JUMzJUE0dCUzQyUyRmRpdiUzRSUwQSUzQyUyRmRpdiUzRQ==[\/vc_raw_html]<div class=' txt_centre btn_plein_rouge'><a class='lien_btn smoothScroll' href='\/canyoning-ardeche\/decouverte\/bas-chassezac\/' ><span>Mehr Details<\/span><\/a><\/div>[\/vc_column][vc_column width=&#8220;1\/3&#8243;]\n\n\n<div class=\"BlocImgBg \" style=\"position: relative;\">\n    <a href=\"\/canyoning-ardeche\/decouverte\/aero-famille-besorgues\/\"  style=\"display:block;\">    <picture style=\"height:100%; display: block;\">\n    <source srcset=\"https:\/\/canoe-kayak-lavernede.com\/wp-content\/uploads\/2021\/11\/Aero-fam-780x900-1.jpg\" media=\"(max-width: 320px)\"><source srcset=\"https:\/\/canoe-kayak-lavernede.com\/wp-content\/uploads\/2021\/11\/Aero-fam-780x900-1.jpg\" media=\"(max-width: 780px)\">    \n        <img decoding=\"async\"\n        style=\"object-fit: cover; object-position: 50% 50%; width: 100%; height: 100%;\"\n        src=\"https:\/\/canoe-kayak-lavernede.com\/wp-content\/uploads\/2021\/11\/Aero-fam-780x900-1.jpg\"\n        alt=\"\"\n        >\n    <\/picture>\n    <div class=\"BlocImgBgTitre\" style=\"position: absolute; top: 0; left: 0; width: 100%; height: 100%;\"><div class=\"pack_bloc\">\n\t<div class=\"pack_bloc_titre\">Canyon<br>Aero famille<br>Besorgues<\/div>\n\t<div class=\"pack_bloc_apartir\">A partir de 44\u20ac\/personne<\/div>\n<\/div><\/div>\n    <\/a><\/div>[vc_column_text]<strong>Sehr spielerische Canyoning-Formel<\/strong>, geeignet f\u00fcr Familien mit Kindern ab 8 Jahren. Spazieren, Rutschen, ein paar Spr\u00fcnge bis zu 5 m (<em>nicht obligatorisch<\/em>) und die R\u00fcckkehr zum Ausgangspunkt mit der <strong>90 m langen Seilrutsche<\/strong> (nicht obligatorisch)! 100 % Spa\u00df f\u00fcr Kinder und gro\u00dfe Kinder! :)[\/vc_column_text][vc_single_image image=&#8220;2752&#8243; alignment=&#8220;center&#8220;][vc_raw_html el_class=&#8220;marB_2&#8243;]JTNDZGl2JTIwY2xhc3MlM0QlMjJjYW55b25faW5mbyUyMiUzRSUwQSUwOSUzQ2RpdiUyMGNsYXNzJTNEJTIyY2FueW9uX3BpY3RvJTIyJTIwc3R5bGUlM0QlMjJiYWNrZ3JvdW5kLWltYWdlJTNBJTIwdXJsJTI4JTI3JTJGd3AtY29udGVudCUyRnVwbG9hZHMlMkYyMDIwJTJGMDYlMkZwaWN0by1Mb2NhdG9yLURlc2NlbnRlLnN2ZyUyNyUyOSUyMiUzRU9ydCUyMGRlciUyMFQlQzMlQTR0aWdrZWl0JTNBJTNDYnIlM0UlM0NzcGFuJTNFTGElMjBCYXN0aWRlJTIwc3VyJTIwQmVzb3JndWVzJTNDJTJGc3BhbiUzRSUzQyUyRmRpdiUzRSUwQSUwOSUzQ2RpdiUyMGNsYXNzJTNEJTIyY2FueW9uX3BpY3RvJTIyJTIwc3R5bGUlM0QlMjJiYWNrZ3JvdW5kLWltYWdlJTNBJTIwdXJsJTI4JTI3JTJGd3AtY29udGVudCUyRnVwbG9hZHMlMkYyMDIwJTJGMDYlMkZwaWN0by1QcmVBZG8tUmVkLnN2ZyUyNyUyOSUyMiUzRUFiJTIwOCUyMEphaHJlJTNDJTJGZGl2JTNFJTBBJTA5JTNDZGl2JTIwY2xhc3MlM0QlMjJjYW55b25fcGljdG8lMjIlMjBzdHlsZSUzRCUyMmJhY2tncm91bmQtaW1hZ2UlM0ElMjB1cmwlMjglMjclMkZ3cC1jb250ZW50JTJGdXBsb2FkcyUyRjIwMjAlMkYwNiUyRnBpY3RvLVRpbWluZy1EZXNjZW50ZS5zdmclMjclMjklMjIlM0VDYS4lMjAzJTIwU3R1bmRlbiUyMEFrdGl2aXQlQzMlQTR0JTNDJTJGZGl2JTNFJTBBJTNDJTJGZGl2JTNF[\/vc_raw_html]<div class=' txt_centre btn_plein_rouge'><a class='lien_btn smoothScroll' href='\/canyoning-ardeche\/decouverte\/aero-famille-besorgues\/' ><span>Mehr Details<\/span><\/a><\/div>[\/vc_column][\/vc_row][vc_row full_width=&#8220;stretch_row&#8220; el_class=&#8220;bgmatiere_end padT_3&#8243;][vc_column][vc_column_text el_class=&#8220;marB_2&#8243;]<\/p>\n<p style=\"text-align: center;\"><span class=\"hashtag_small txt_rouge\">#gehe \u00fcber dich hinaus!<\/span><\/p>\n<h2 style=\"text-align: center;\"><span class=\"titre_2\">auch zu entdecken :<\/span><\/h2>\n<p>[\/vc_column_text][vc_row_inner][vc_column_inner width=&#8220;1\/2&#8243;]\n\n\n<div class=\"BlocImgBg activite_autre\" style=\"position: relative;\">\n        <picture style=\"height:100%; display: block;\">\n    <source srcset=\"https:\/\/canoe-kayak-lavernede.com\/wp-content\/uploads\/2021\/03\/Canyoning-Intermed.jpg\" media=\"(max-width: 320px)\"><source srcset=\"https:\/\/canoe-kayak-lavernede.com\/wp-content\/uploads\/2021\/03\/Canyoning-Intermed.jpg\" media=\"(max-width: 780px)\">    \n        <img decoding=\"async\"\n        style=\"object-fit: cover; object-position: 50% 50%; width: 100%; height: 100%;\"\n        src=\"https:\/\/canoe-kayak-lavernede.com\/wp-content\/uploads\/2021\/03\/Canyoning-Intermed.jpg\"\n        alt=\"Tyrolienne canyoning Ard\u00e8che\"\n        >\n    <\/picture>\n    <div class=\"BlocImgBgTitre\" style=\"position: absolute; top: 0; left: 0; width: 100%; height: 100%;\"><div class=\"activite_autre_bloc\">\n\t\t<div class=\"autre_picto\" style=\"background-image: url('\/wp-content\/themes\/g5_hydrogen\/custom\/images\/svg\/picto-Canyoning.svg');\"><\/div>\n\t\t<div class=\"autre_titre\">canyoning interm\u00e9diaire<\/div>\n\t\t<div class=\"autre_descbtn\">\n\t\t\t<div class=\"autre_desc\">Nos diff\u00e9rents canyon pour une journ\u00e9e d\u2019aventure inoubliable !<\/div>\n\t\t\t<div class=\"autre_btn btn_plein_rouge\"><a href=\"https:\/\/lavernede.matiere-1ere.fr\/canyoning-ardeche\/intermediaire\/\"><span>Voir les offres<\/span><\/a><\/div>\n\t\t<\/div>\n\t<\/div><\/div>\n    <\/div>[\/vc_column_inner][vc_column_inner width=&#8220;1\/2&#8243;]\n\n\n<div class=\"BlocImgBg activite_autre\" style=\"position: relative;\">\n        <picture style=\"height:100%; display: block;\">\n    <source srcset=\"https:\/\/canoe-kayak-lavernede.com\/wp-content\/uploads\/2021\/03\/Canyonig-Sportif.jpg\" media=\"(max-width: 320px)\"><source srcset=\"https:\/\/canoe-kayak-lavernede.com\/wp-content\/uploads\/2021\/03\/Canyonig-Sportif.jpg\" media=\"(max-width: 780px)\">    \n        <img decoding=\"async\"\n        style=\"object-fit: cover; object-position: 50% 50%; width: 100%; height: 100%;\"\n        src=\"https:\/\/canoe-kayak-lavernede.com\/wp-content\/uploads\/2021\/03\/Canyonig-Sportif.jpg\"\n        alt=\"Rappel canyoning Ard\u00e8che\"\n        >\n    <\/picture>\n    <div class=\"BlocImgBgTitre\" style=\"position: absolute; top: 0; left: 0; width: 100%; height: 100%;\"><div class=\"activite_autre_bloc\">\n\t\t<div class=\"autre_picto\" style=\"background-image: url('\/wp-content\/themes\/g5_hydrogen\/custom\/images\/svg\/picto-Speleo.svg');\"><\/div>\n\t\t<div class=\"autre_titre\">canyoning sportif<\/div>\n\t\t<div class=\"autre_descbtn\">\n\t\t\t<div class=\"autre_desc\">Amateurs d\u2019adr\u00e9naline, c\u2019est par ici !<\/div>\n\t\t\t<div class=\"autre_btn btn_plein_rouge\"><a href=\"https:\/\/lavernede.matiere-1ere.fr\/canyoning-ardeche\/sportif\/\"><span>Voir les offres<\/span><\/a><\/div>\n\t\t<\/div>\n\t<\/div><\/div>\n    <\/div>[\/vc_column_inner][\/vc_row_inner][\/vc_column][\/vc_row]<\/p>\n","protected":false},"excerpt":{"rendered":"<p>[vc_row full_width=&#8220;stretch_row&#8220; el_id=&#8220;breadcrumb&#8220;][vc_column][vc_column_text] [\/vc_column_text][\/vc_column][\/vc_row][vc_row full_width=&#8220;stretch_row&#8220; el_id=&#8220;ban_inte&#8220;][vc_column][vc_column_text] Canyoning f\u00fcr Anf\u00e4nger in der Ard\u00e8che [\/vc_column_text][vc_column_text] #Teilen Sie ein unvergessliches Erlebnis [\/vc_column_text][\/vc_column][\/vc_row][vc_row][vc_column][vc_column_text] #Spa\u00df sicher haben Parcours f\u00fcr die ganze Familie geeignet [\/vc_column_text][vc_column_text] Genie\u00dfen Sie Kurse f\u00fcr die ganze Familie, auf denen Jung und Alt, ab 5 Jahren, in v\u00f6lliger Sicherheit Spa\u00df haben werden [\/vc_column_text][\/vc_column][\/vc_row][vc_row el_class=&#8220;padTB_2&#8243;][vc_column width=&#8220;1\/3&#8243;][vc_column_text]Ideal, um die [&hellip;]<\/p>\n","protected":false},"author":5,"featured_media":0,"parent":5001,"menu_order":0,"comment_status":"closed","ping_status":"closed","template":"","meta":{"footnotes":""},"class_list":["post-5079","page","type-page","status-publish"],"yoast_head":"<!-- This site is optimized with the Yoast SEO plugin v24.3 - https:\/\/yoast.com\/wordpress\/plugins\/seo\/ -->\n<title>Canyoning f\u00fcr Anf\u00e4nger in Ard\u00e8che - LA VERNEDE<\/title>\n<meta name=\"description\" content=\"Genie\u00dfen Sie canyoning Kurse f\u00fcr die ganze Familie, auf denen Jung und Alt, ab 5 Jahren, in v\u00f6lliger Sicherheit Spa\u00df haben werden\" \/>\n<meta name=\"robots\" content=\"index, follow, max-snippet:-1, max-image-preview:large, max-video-preview:-1\" \/>\n<link rel=\"canonical\" href=\"https:\/\/canoe-kayak-lavernede.com\/de\/canyoning\/canyoning-fur-anfaenger\/\" \/>\n<meta property=\"og:locale\" content=\"de_DE\" \/>\n<meta property=\"og:type\" content=\"article\" \/>\n<meta property=\"og:title\" content=\"Canyoning f\u00fcr Anf\u00e4nger in Ard\u00e8che - LA VERNEDE\" \/>\n<meta property=\"og:description\" content=\"Genie\u00dfen Sie canyoning Kurse f\u00fcr die ganze Familie, auf denen Jung und Alt, ab 5 Jahren, in v\u00f6lliger Sicherheit Spa\u00df haben werden\" \/>\n<meta property=\"og:url\" content=\"https:\/\/canoe-kayak-lavernede.com\/de\/canyoning\/canyoning-fur-anfaenger\/\" \/>\n<meta property=\"og:site_name\" content=\"LA VERNEDE\" \/>\n<meta property=\"article:modified_time\" content=\"2024-05-30T07:49:07+00:00\" \/>\n<meta name=\"twitter:card\" content=\"summary_large_image\" \/>\n<meta name=\"twitter:label1\" content=\"Gesch\u00e4tzte Lesezeit\" \/>\n\t<meta name=\"twitter:data1\" content=\"2\u00a0Minuten\" \/>\n<script type=\"application\/ld+json\" class=\"yoast-schema-graph\">{\"@context\":\"https:\/\/schema.org\",\"@graph\":[{\"@type\":\"WebPage\",\"@id\":\"https:\/\/canoe-kayak-lavernede.com\/de\/canyoning\/canyoning-fur-anfaenger\/\",\"url\":\"https:\/\/canoe-kayak-lavernede.com\/de\/canyoning\/canyoning-fur-anfaenger\/\",\"name\":\"Canyoning f\u00fcr Anf\u00e4nger in Ard\u00e8che - LA VERNEDE\",\"isPartOf\":{\"@id\":\"https:\/\/canoe-kayak-lavernede.com\/#website\"},\"datePublished\":\"2022-11-28T09:00:30+00:00\",\"dateModified\":\"2024-05-30T07:49:07+00:00\",\"description\":\"Genie\u00dfen Sie canyoning Kurse f\u00fcr die ganze Familie, auf denen Jung und Alt, ab 5 Jahren, in v\u00f6lliger Sicherheit Spa\u00df haben werden\",\"breadcrumb\":{\"@id\":\"https:\/\/canoe-kayak-lavernede.com\/de\/canyoning\/canyoning-fur-anfaenger\/#breadcrumb\"},\"inLanguage\":\"de\",\"potentialAction\":[{\"@type\":\"ReadAction\",\"target\":[\"https:\/\/canoe-kayak-lavernede.com\/de\/canyoning\/canyoning-fur-anfaenger\/\"]}]},{\"@type\":\"BreadcrumbList\",\"@id\":\"https:\/\/canoe-kayak-lavernede.com\/de\/canyoning\/canyoning-fur-anfaenger\/#breadcrumb\",\"itemListElement\":[{\"@type\":\"ListItem\",\"position\":1,\"name\":\"Accueil\",\"item\":\"https:\/\/canoe-kayak-lavernede.com\/de\/\"},{\"@type\":\"ListItem\",\"position\":2,\"name\":\"Canyoning\",\"item\":\"https:\/\/canoe-kayak-lavernede.com\/de\/canyoning\/\"},{\"@type\":\"ListItem\",\"position\":3,\"name\":\"Canyoning f\u00fcr Anf\u00e4nger\"}]},{\"@type\":\"WebSite\",\"@id\":\"https:\/\/canoe-kayak-lavernede.com\/#website\",\"url\":\"https:\/\/canoe-kayak-lavernede.com\/\",\"name\":\"LA VERNEDE\",\"description\":\"\",\"potentialAction\":[{\"@type\":\"SearchAction\",\"target\":{\"@type\":\"EntryPoint\",\"urlTemplate\":\"https:\/\/canoe-kayak-lavernede.com\/?s={search_term_string}\"},\"query-input\":{\"@type\":\"PropertyValueSpecification\",\"valueRequired\":true,\"valueName\":\"search_term_string\"}}],\"inLanguage\":\"de\"}]}<\/script>\n<!-- \/ Yoast SEO plugin. -->","yoast_head_json":{"title":"Canyoning f\u00fcr Anf\u00e4nger in Ard\u00e8che - LA VERNEDE","description":"Genie\u00dfen Sie canyoning Kurse f\u00fcr die ganze Familie, auf denen Jung und Alt, ab 5 Jahren, in v\u00f6lliger Sicherheit Spa\u00df haben werden","robots":{"index":"index","follow":"follow","max-snippet":"max-snippet:-1","max-image-preview":"max-image-preview:large","max-video-preview":"max-video-preview:-1"},"canonical":"https:\/\/canoe-kayak-lavernede.com\/de\/canyoning\/canyoning-fur-anfaenger\/","og_locale":"de_DE","og_type":"article","og_title":"Canyoning f\u00fcr Anf\u00e4nger in Ard\u00e8che - LA VERNEDE","og_description":"Genie\u00dfen Sie canyoning Kurse f\u00fcr die ganze Familie, auf denen Jung und Alt, ab 5 Jahren, in v\u00f6lliger Sicherheit Spa\u00df haben werden","og_url":"https:\/\/canoe-kayak-lavernede.com\/de\/canyoning\/canyoning-fur-anfaenger\/","og_site_name":"LA VERNEDE","article_modified_time":"2024-05-30T07:49:07+00:00","twitter_card":"summary_large_image","twitter_misc":{"Gesch\u00e4tzte Lesezeit":"2\u00a0Minuten"},"schema":{"@context":"https:\/\/schema.org","@graph":[{"@type":"WebPage","@id":"https:\/\/canoe-kayak-lavernede.com\/de\/canyoning\/canyoning-fur-anfaenger\/","url":"https:\/\/canoe-kayak-lavernede.com\/de\/canyoning\/canyoning-fur-anfaenger\/","name":"Canyoning f\u00fcr Anf\u00e4nger in Ard\u00e8che - LA VERNEDE","isPartOf":{"@id":"https:\/\/canoe-kayak-lavernede.com\/#website"},"datePublished":"2022-11-28T09:00:30+00:00","dateModified":"2024-05-30T07:49:07+00:00","description":"Genie\u00dfen Sie canyoning Kurse f\u00fcr die ganze Familie, auf denen Jung und Alt, ab 5 Jahren, in v\u00f6lliger Sicherheit Spa\u00df haben werden","breadcrumb":{"@id":"https:\/\/canoe-kayak-lavernede.com\/de\/canyoning\/canyoning-fur-anfaenger\/#breadcrumb"},"inLanguage":"de","potentialAction":[{"@type":"ReadAction","target":["https:\/\/canoe-kayak-lavernede.com\/de\/canyoning\/canyoning-fur-anfaenger\/"]}]},{"@type":"BreadcrumbList","@id":"https:\/\/canoe-kayak-lavernede.com\/de\/canyoning\/canyoning-fur-anfaenger\/#breadcrumb","itemListElement":[{"@type":"ListItem","position":1,"name":"Accueil","item":"https:\/\/canoe-kayak-lavernede.com\/de\/"},{"@type":"ListItem","position":2,"name":"Canyoning","item":"https:\/\/canoe-kayak-lavernede.com\/de\/canyoning\/"},{"@type":"ListItem","position":3,"name":"Canyoning f\u00fcr Anf\u00e4nger"}]},{"@type":"WebSite","@id":"https:\/\/canoe-kayak-lavernede.com\/#website","url":"https:\/\/canoe-kayak-lavernede.com\/","name":"LA VERNEDE","description":"","potentialAction":[{"@type":"SearchAction","target":{"@type":"EntryPoint","urlTemplate":"https:\/\/canoe-kayak-lavernede.com\/?s={search_term_string}"},"query-input":{"@type":"PropertyValueSpecification","valueRequired":true,"valueName":"search_term_string"}}],"inLanguage":"de"}]}},"_links":{"self":[{"href":"https:\/\/canoe-kayak-lavernede.com\/de\/wp-json\/wp\/v2\/pages\/5079"}],"collection":[{"href":"https:\/\/canoe-kayak-lavernede.com\/de\/wp-json\/wp\/v2\/pages"}],"about":[{"href":"https:\/\/canoe-kayak-lavernede.com\/de\/wp-json\/wp\/v2\/types\/page"}],"author":[{"embeddable":true,"href":"https:\/\/canoe-kayak-lavernede.com\/de\/wp-json\/wp\/v2\/users\/5"}],"replies":[{"embeddable":true,"href":"https:\/\/canoe-kayak-lavernede.com\/de\/wp-json\/wp\/v2\/comments?post=5079"}],"version-history":[{"count":4,"href":"https:\/\/canoe-kayak-lavernede.com\/de\/wp-json\/wp\/v2\/pages\/5079\/revisions"}],"predecessor-version":[{"id":7830,"href":"https:\/\/canoe-kayak-lavernede.com\/de\/wp-json\/wp\/v2\/pages\/5079\/revisions\/7830"}],"up":[{"embeddable":true,"href":"https:\/\/canoe-kayak-lavernede.com\/de\/wp-json\/wp\/v2\/pages\/5001"}],"wp:attachment":[{"href":"https:\/\/canoe-kayak-lavernede.com\/de\/wp-json\/wp\/v2\/media?parent=5079"}],"curies":[{"name":"wp","href":"https:\/\/api.w.org\/{rel}","templated":true}]}}