{"id":5001,"date":"2022-11-25T09:13:43","date_gmt":"2022-11-25T08:13:43","guid":{"rendered":"https:\/\/www.canoe-kayak-lavernede.com\/?page_id=5001"},"modified":"2024-05-27T16:35:52","modified_gmt":"2024-05-27T14:35:52","slug":"canyoning","status":"publish","type":"page","link":"https:\/\/canoe-kayak-lavernede.com\/de\/canyoning\/","title":{"rendered":"Canyoning"},"content":{"rendered":"<p>[vc_row][vc_column]<div class=\"templatera_shortcode\"><div id=\"breadcrumb\" data-vc-full-width=\"true\" data-vc-full-width-init=\"false\" class=\"vc_row wpb_row vc_row-fluid\"><div class=\"wpb_column vc_column_container vc_col-sm-12\"><div class=\"vc_column-inner\"><div class=\"wpb_wrapper\">\n\t<div class=\"wpb_text_column wpb_content_element \" >\n\t\t<div class=\"wpb_wrapper\">\n\t\t\t<span><span><a href=\"https:\/\/canoe-kayak-lavernede.com\/de\/\">Accueil<\/a><\/span><\/span>\n\n\t\t<\/div>\n\t<\/div>\n<\/div><\/div><\/div><\/div><div class=\"vc_row-full-width vc_clearfix\"><\/div><\/div>[\/vc_column][\/vc_row][vc_row full_width=&#8220;stretch_row&#8220; el_id=&#8220;ban_inte_full&#8220;][vc_column][vc_column_text]<span class=\"titre_1\">Unsere Canyoning-Formeln<\/span>[\/vc_column_text][vc_column_text]<\/p>\n<h1 style=\"text-align: center;\"><span class=\"hashtag_small\" style=\"color: #ffffff;\">Routen f\u00fcr jeden Geschmack<\/span><\/h1>\n<p>[\/vc_column_text]\n\n<picture class=\"ImgBG \" style=\"position: absolute; width: 100%; height:100%; top: 0; left:0; z-index: -2;\">\n    <img decoding=\"async\" width=\"1920\" height=\"1185\" src=\"https:\/\/canoe-kayak-lavernede.com\/wp-content\/uploads\/2021\/04\/canyoning-ardeche-lozere-chassezac.jpg\" class=\"attachment-full size-full\" alt=\"rappel canyon\" srcset=\"https:\/\/canoe-kayak-lavernede.com\/wp-content\/uploads\/2021\/04\/canyoning-ardeche-lozere-chassezac.jpg 1920w, https:\/\/canoe-kayak-lavernede.com\/wp-content\/uploads\/2021\/04\/canyoning-ardeche-lozere-chassezac-780x481.jpg 780w, https:\/\/canoe-kayak-lavernede.com\/wp-content\/uploads\/2021\/04\/canyoning-ardeche-lozere-chassezac-1750x1080.jpg 1750w, https:\/\/canoe-kayak-lavernede.com\/wp-content\/uploads\/2021\/04\/canyoning-ardeche-lozere-chassezac-768x474.jpg 768w, https:\/\/canoe-kayak-lavernede.com\/wp-content\/uploads\/2021\/04\/canyoning-ardeche-lozere-chassezac-1536x948.jpg 1536w\" sizes=\"(max-width: 1920px) 100vw, 1920px\" \/><\/picture>\n\n[\/vc_column][\/vc_row][vc_row][vc_column][vc_column_text]<strong>Die Ard\u00e8che ist eine Region, die dem Canyoning besonders zug\u00e4nglich ist, diese Sportart, bei der Sie Fl\u00fcssen in 100% nat\u00fcrlichen Schluchten folgen, in denen Spr\u00fcnge, Rutschen in den Wasserf\u00e4llen und sogar Abseilen und Seilrutschen sich abwechseln!<\/strong><\/p>\n<p>Wollen Sie also au\u00dfergew\u00f6hnliche Empfindungen inmitten der Natur? Egal, ob Sie ein <strong>Erlebnis suchen<\/strong>, das Sie mit der Familie <strong>ab 5 Jahren<\/strong> teilen k\u00f6nnen, einen Tag voller <strong>100 % lustiger Abenteuer<\/strong> oder eine Aktivit\u00e4t, die Ihre k\u00f6rperlichen F\u00e4higkeiten auf die Probe stellt, <strong><a href=\"https:\/\/canoe-kayak-lavernede.com\/de\/\">LA VERNEDE<\/a> hat eine Formel, die Ihren Erwartungen entspricht!<\/strong><\/p>\n<p>Um Ihnen die Auswahl Ihrer Aktivit\u00e4t so einfach wie m\u00f6glich zu machen, haben wir unsere <strong>Canyoning-Angebote in 3 Kategorien<\/strong> eingeteilt:[\/vc_column_text][\/vc_column][\/vc_row][vc_row][vc_column css_animation=&#8220;none&#8220; width=&#8220;1\/3&#8243;]\n\n\n<div class=\"BlocImgBg \" style=\"position: relative;\">\n    <a href=\"\/canyoning-ardeche\/decouverte\/\"  style=\"display:block;\">    <picture style=\"height:100%; display: block;\">\n    <source srcset=\"https:\/\/canoe-kayak-lavernede.com\/wp-content\/uploads\/2021\/04\/earo-fam-780x900-1.jpg\" media=\"(max-width: 320px)\"><source srcset=\"https:\/\/canoe-kayak-lavernede.com\/wp-content\/uploads\/2021\/04\/earo-fam-780x900-1.jpg\" media=\"(max-width: 780px)\">    \n        <img decoding=\"async\"\n        style=\"object-fit: cover; object-position: 50% 50%; width: 100%; height: 100%;\"\n        src=\"https:\/\/canoe-kayak-lavernede.com\/wp-content\/uploads\/2021\/04\/earo-fam-780x900-1.jpg\"\n        alt=\"canyoning enfants ard\u00e8che\"\n        >\n    <\/picture>\n    <div class=\"BlocImgBgTitre\" style=\"position: absolute; top: 0; left: 0; width: 100%; height: 100%;\"><div class=\"pack_bloc\">\n\t<div class=\"pack_bloc_titre\">canyoning<br>f\u00fcr Anf\u00e4nger<\/div>\n\t<div class=\"pack_bloc_apartir\">3 Kurse<br>Ab 42\u20ac\/p<\/div>\n<\/div><\/div>\n    <\/a><\/div>[vc_column_text]Unsere Anf\u00e4nger-Canyoning-Formeln sind auf ein <strong>Familienerlebnis ausgerichtet<\/strong>, das Jung und Alt begeistern wird, sind sehr leicht zug\u00e4nglich, machen Spa\u00df und werden Ihnen <strong>unvergessliche Erinnerungen<\/strong> bescheren![\/vc_column_text][vc_single_image image=&#8220;3006&#8243;][vc_raw_html]JTNDZGl2JTIwY2xhc3MlM0QlMjJjYW55b25faW5mbyUyMiUzRSUwQSUwOSUzQ2RpdiUyMGNsYXNzJTNEJTIyY2FueW9uX3BpY3RvJTIyJTIwc3R5bGUlM0QlMjJiYWNrZ3JvdW5kLWltYWdlJTNBJTIwdXJsJTI4JTI3JTJGd3AtY29udGVudCUyRnVwbG9hZHMlMkYyMDIwJTJGMDYlMkZwaWN0by1FbmZhbnQtUmVkLnN2ZyUyNyUyOSUyMiUzRUFiJTIwNSUyMEphaHJlJTNDJTJGZGl2JTNFJTBBJTA5JTNDZGl2JTIwY2xhc3MlM0QlMjJjYW55b25fcGljdG8lMjIlMjBzdHlsZSUzRCUyMmJhY2tncm91bmQtaW1hZ2UlM0ElMjB1cmwlMjglMjclMkZ3cC1jb250ZW50JTJGdXBsb2FkcyUyRjIwMjAlMkYwNiUyRnBpY3RvLVRpbWluZy1EZXNjZW50ZS5zdmclMjclMjklMjIlM0VoYWxidCVDMyVBNGdpZ2UlMjAlM0NiciUzRUFrdGl2aXQlQzMlQTR0JTNDJTJGZGl2JTNFJTBBJTNDJTJGZGl2JTNF[\/vc_raw_html][\/vc_column][vc_column css_animation=&#8220;none&#8220; width=&#8220;1\/3&#8243;]\n\n\n<div class=\"BlocImgBg \" style=\"position: relative;\">\n    <a href=\"\/canyoning-ardeche\/intermediaire\/\"  style=\"display:block;\">    <picture style=\"height:100%; display: block;\">\n    <source srcset=\"https:\/\/canoe-kayak-lavernede.com\/wp-content\/uploads\/2021\/04\/aero-ad-780x900-2.jpg\" media=\"(max-width: 320px)\"><source srcset=\"https:\/\/canoe-kayak-lavernede.com\/wp-content\/uploads\/2021\/04\/aero-ad-780x900-2.jpg\" media=\"(max-width: 780px)\">    \n        <img decoding=\"async\"\n        style=\"object-fit: cover; object-position: 50% 50%; width: 100%; height: 100%;\"\n        src=\"https:\/\/canoe-kayak-lavernede.com\/wp-content\/uploads\/2021\/04\/aero-ad-780x900-2.jpg\"\n        alt=\"saut canyoning Ard\u00e8che\"\n        >\n    <\/picture>\n    <div class=\"BlocImgBgTitre\" style=\"position: absolute; top: 0; left: 0; width: 100%; height: 100%;\"><div class=\"pack_bloc\">\n\t<div class=\"pack_bloc_titre\">Canyoning <br>f\u00fcr Erwachsene<\/div>\n\t<div class=\"pack_bloc_apartir\">2 formules<br>Ab 46\u20ac\/p<\/div>\n<\/div><\/div>\n    <\/a><\/div>[vc_column_text]Lassen Sie sich von <strong>unseren Canyoning-Formeln zu einem Abenteuer verf\u00fchren<\/strong>, das sowohl f\u00fcr alle Niveaus zug\u00e4nglich als auch reich an Empfindungen ist! <strong>Erleben Sie unvergessliche Momente<\/strong> in einer erhabenen Umgebung![\/vc_column_text][vc_single_image image=&#8220;3008&#8243;][vc_raw_html]JTNDZGl2JTIwY2xhc3MlM0QlMjJjYW55b25faW5mbyUyMiUzRSUwQSUwOSUzQ2RpdiUyMGNsYXNzJTNEJTIyY2FueW9uX3BpY3RvJTIyJTIwc3R5bGUlM0QlMjJiYWNrZ3JvdW5kLWltYWdlJTNBJTIwdXJsJTI4JTI3JTJGd3AtY29udGVudCUyRnVwbG9hZHMlMkYyMDIwJTJGMDYlMkZwaWN0by1QcmVBZG8tUmVkLnN2ZyUyNyUyOSUyMiUzRUFiJTIwMTIlMjBKYWhyZSUzQyUyRmRpdiUzRSUwQSUwOSUzQ2RpdiUyMGNsYXNzJTNEJTIyY2FueW9uX3BpY3RvJTIyJTIwc3R5bGUlM0QlMjJiYWNrZ3JvdW5kLWltYWdlJTNBJTIwdXJsJTI4JTI3JTJGd3AtY29udGVudCUyRnVwbG9hZHMlMkYyMDIwJTJGMDYlMkZwaWN0by1UaW1pbmctRGVzY2VudGUuc3ZnJTI3JTI5JTIyJTNFaGFsYnQlQzMlQTRnaWdlJTIwb2RlciUzQ2JyJTNFZ2FuenQlQzMlQTRnaWdlJTIwQWt0aXZpdCVDMyVBNHQlM0MlMkZkaXYlM0UlMEElM0MlMkZkaXYlM0U=[\/vc_raw_html][\/vc_column][vc_column css_animation=&#8220;none&#8220; width=&#8220;1\/3&#8243;]\n\n\n<div class=\"BlocImgBg \" style=\"position: relative;\">\n    <a href=\"\/canyoning-ardeche\/sportif\/\"  style=\"display:block;\">    <picture style=\"height:100%; display: block;\">\n    <source srcset=\"https:\/\/canoe-kayak-lavernede.com\/wp-content\/uploads\/2021\/04\/Ultra-780x900-1.jpg\" media=\"(max-width: 320px)\"><source srcset=\"https:\/\/canoe-kayak-lavernede.com\/wp-content\/uploads\/2021\/04\/Ultra-780x900-1.jpg\" media=\"(max-width: 780px)\">    \n        <img decoding=\"async\"\n        style=\"object-fit: cover; object-position: 50% 50%; width: 100%; height: 100%;\"\n        src=\"https:\/\/canoe-kayak-lavernede.com\/wp-content\/uploads\/2021\/04\/Ultra-780x900-1.jpg\"\n        alt=\"glissade cascade canyoning Ard\u00e8che\"\n        >\n    <\/picture>\n    <div class=\"BlocImgBgTitre\" style=\"position: absolute; top: 0; left: 0; width: 100%; height: 100%;\"><div class=\"pack_bloc\">\n\t<div class=\"pack_bloc_titre\">sportliches <br>canyoning<\/div>\n\t<div class=\"pack_bloc_apartir\">2 formules<br>Ab 54\u20ac\/p<\/div>\n<\/div><\/div>\n    <\/a><\/div>[vc_column_text]Erfahrene Sportler, unsere Sport-Canyoning-Formeln sind f\u00fcr Sie gemacht! <strong>Stellen Sie an einem halben oder ganzen Tag Ihre Sportlichkeit auf die Probe<\/strong> :)[\/vc_column_text][vc_single_image image=&#8220;3010&#8243;][vc_raw_html]JTNDZGl2JTIwY2xhc3MlM0QlMjJjYW55b25faW5mbyUyMiUzRSUwQSUwOSUzQ2RpdiUyMGNsYXNzJTNEJTIyY2FueW9uX3BpY3RvJTIyJTIwc3R5bGUlM0QlMjJiYWNrZ3JvdW5kLWltYWdlJTNBJTIwdXJsJTI4JTI3JTJGd3AtY29udGVudCUyRnVwbG9hZHMlMkYyMDIwJTJGMDYlMkZwaWN0by1QcmVBZG8tUmVkLnN2ZyUyNyUyOSUyMiUzRUFiJTIwMTQlMjBhbnMlM0MlMkZkaXYlM0UlMEElMDklM0NkaXYlMjBjbGFzcyUzRCUyMmNhbnlvbl9waWN0byUyMiUyMHN0eWxlJTNEJTIyYmFja2dyb3VuZC1pbWFnZSUzQSUyMHVybCUyOCUyNyUyRndwLWNvbnRlbnQlMkZ1cGxvYWRzJTJGMjAyMCUyRjA2JTJGcGljdG8tVGltaW5nLURlc2NlbnRlLnN2ZyUyNyUyOSUyMiUzRWhhbGJ0JUMzJUE0Z2lnZSUyMG9kZXIlM0NiciUzRWdhbnp0JUMzJUE0Z2lnZSUyMEFrdGl2aXQlQzMlQTR0JTNDJTJGZGl2JTNFJTBBJTNDJTJGZGl2JTNF[\/vc_raw_html][\/vc_column][\/vc_row][vc_row][vc_column][vc_column_text]<\/p>\n<h2 style=\"text-align: center;\"><span class=\"titre_2 hashtag_small\">Erleben Sie das Canyoning-Abenteuer in der Ard\u00e8che!<\/span><\/h2>\n<p>[\/vc_column_text][vc_column_text]<strong><a href=\"https:\/\/www.google.com\/maps\/place\/07150+Vallon-Pont-d'Arc\/data=!4m2!3m1!1s0x12b4fdf5b0429355:0xb0c0218ab5a5b182?sa=X&amp;ved=2ahUKEwjev9y978j7AhVlTKQEHeCFAVgQ8gF6BAhwEAE\">Vallon Pont d&#8217;Arc<\/a> und seine Region sind das Aush\u00e4ngeschild f\u00fcr Canyoning<\/strong>. Canyoning in der Ard\u00e8che ist ein Synonym f\u00fcr Vergn\u00fcgen und Spannung, und ein erfrischendes <strong>Abenteuer<\/strong>, das es Ihnen erm\u00f6glicht, zwischen den <strong>herrlichen Landschaften<\/strong> der Region zu wechseln, sich selbst zu \u00fcbertreffen, Spa\u00df und Nervenkitzel zu erleben.<br \/>\nEntdecken Sie mit <a href=\"https:\/\/canoe-kayak-lavernede.com\/de\/\"><strong>La Vern\u00e8de<\/strong><\/a> die Freuden dieser Aktivit\u00e4t, begleitet von einem <strong>professionellen und leidenschaftlichen Instructor.<\/strong> Unabh\u00e4ngig von Ihrer k\u00f6rperlichen Verfassung erkunden Sie die einzigartigen Fl\u00fcsse der Ard\u00e8che allein, <strong>mit der Familie oder mit Freunden<\/strong>.<br \/>\nDiese Aktivit\u00e4t kann f\u00fcr jeden zug\u00e4nglich sein, weshalb wir drei verschiedene Kategorien von Formeln anbieten, um sie an das Niveau jedes Teilnehmers anzupassen.<\/p>\n<p>&nbsp;<\/p>\n<p>W\u00e4hrend Ihres Canyoning-Tages in der Ard\u00e8che bei <strong>Vallon Pont d&#8217;Arc<\/strong> erleben Sie garantiert <strong>einzigartige Momente<\/strong> und tanken neue Energie im Herzen herrlicher Orte mit vielen Facetten. Zwischen den atemberaubenden Landschaften und dem reichen kulturellen Erbe werden Sie staunen! Dar\u00fcber hinaus sind diese Orte eine echte Einladung zum Spielen <strong>mit Rutschen, Spr\u00fcngen und anderen spannenden Elementen.<\/strong><\/p>\n<p>&nbsp;<\/p>\n<p>Entdecken Sie mit<strong> La Vern\u00e8de<\/strong> unverz\u00fcglich das Canyoning in der Ard\u00e8che und <strong>erleben Sie ein unvergessliches Abenteuer<\/strong> inmitten von Schluchten f\u00fcr Anf\u00e4nger und Sportler, Kinder und Erwachsene. In einer geselligen und rhythmischen Atmosph\u00e4re erkunden Sie einen Parcour inmitten der Natur, entsprechend Ihrem Niveau und Ihrer k\u00f6rperlichen F\u00e4higkeiten.[\/vc_column_text][vc_single_image image=&#8220;3020&#8243; img_size=&#8220;Medium&#8220; alignment=&#8220;center&#8220; onclick=&#8220;link_image&#8220;][\/vc_column][\/vc_row][vc_row][vc_column][vc_column_text]<\/p>\n<h2 style=\"text-align: center;\"><span class=\"titre_2 hashtag_small\">Warum La Vern\u00e8de f\u00fcr Ihr Canyoning-Abenteuer in der Ard\u00e8che w\u00e4hlen?<\/span><\/h2>\n<p>[\/vc_column_text][\/vc_column][\/vc_row][vc_row][vc_column][vc_column_text]Durch das Angebot verschiedener Parcours passt sich <strong>La Vern\u00e8de<\/strong> jedem Niveau an. Alle Teilnehmer k\u00f6nnen w\u00e4hrend <strong>ihrer Canyoning-Session in der Ard\u00e8che maximalen Spa\u00df haben<\/strong>. Begleitet von einem staatlich gepr\u00fcften Instructor verbringen Sie diesen einzigartigen Tag inmitten der Natur. Die gesamte notwendige Ausr\u00fcstung f\u00fcr das Canyoning in der Ard\u00e8che wird Ihnen zur Verf\u00fcgung gestellt: Neoprenanzug, Helm, wasserdichter Beh\u00e4lter zur Aufbewahrung Ihres Picknicks &#8230; <strong>Erleben Sie mit La Vern\u00e8de Ihr Canyoning-Abenteuer in der Ard\u00e8che in Vallon Pont d&#8217;Arc in v\u00f6lliger Gelassenheit und perfekt ausgestattet!<\/strong><\/p>\n<p>Unterhaltsam und instruktiv, Canyoning in der Ard\u00e8che ist eine ideale Aktivit\u00e4t, um magische und gesch\u00fctzte Gegenden zu entdecken. Wenn dieses Abenteuer Sie reizt, z\u00f6gern Sie nicht, Ihren Platz direkt online \u00fcber unser <strong><a href=\"https:\/\/canoe-kayak-lavernede.com\/de\/kontact\/\">Kontaktformular<\/a> <\/strong>zu reservieren. Ben\u00f6tigen Sie zus\u00e4tzliche Informationen? Eine Frage? Unser Team steht Ihnen zur Verf\u00fcgung, um Sie zu informieren und Ihnen zu helfen, Ihren Canyoning-Tag in der Ard\u00e8che so gut wie m\u00f6glich zu organisieren.[\/vc_column_text][\/vc_column][\/vc_row]<\/p>\n","protected":false},"excerpt":{"rendered":"Accueil Unsere Canyoning-Formeln Routen f\u00fcr jeden Geschmack Die Ard\u00e8che ist eine Region, die dem Canyoning besonders zug\u00e4nglich ist, diese Sportart, bei der Sie Fl\u00fcssen in 100% nat\u00fcrlichen Schluchten folgen, in denen Spr\u00fcnge, Rutschen in den Wasserf\u00e4llen und sogar Abseilen und Seilrutschen sich abwechseln! Wollen Sie also au\u00dfergew\u00f6hnliche Empfindungen inmitten der Natur? Egal, ob Sie ein [...]","protected":false},"author":5,"featured_media":0,"parent":0,"menu_order":0,"comment_status":"closed","ping_status":"closed","template":"","meta":{"footnotes":""},"class_list":["post-5001","page","type-page","status-publish"],"yoast_head":"<!-- This site is optimized with the Yoast SEO plugin v24.3 - https:\/\/yoast.com\/wordpress\/plugins\/seo\/ -->\n<title>Canyoning - LA VERNEDE<\/title>\n<meta name=\"robots\" content=\"index, follow, max-snippet:-1, max-image-preview:large, max-video-preview:-1\" \/>\n<link rel=\"canonical\" href=\"https:\/\/canoe-kayak-lavernede.com\/de\/canyoning\/\" \/>\n<meta property=\"og:locale\" content=\"de_DE\" \/>\n<meta property=\"og:type\" content=\"article\" \/>\n<meta property=\"og:title\" content=\"Canyoning - LA VERNEDE\" \/>\n<meta property=\"og:url\" content=\"https:\/\/canoe-kayak-lavernede.com\/de\/canyoning\/\" \/>\n<meta property=\"og:site_name\" content=\"LA VERNEDE\" \/>\n<meta property=\"article:modified_time\" content=\"2024-05-27T14:35:52+00:00\" \/>\n<meta name=\"twitter:card\" content=\"summary_large_image\" \/>\n<meta name=\"twitter:label1\" content=\"Gesch\u00e4tzte Lesezeit\" \/>\n\t<meta name=\"twitter:data1\" content=\"4\u00a0Minuten\" \/>\n<script type=\"application\/ld+json\" class=\"yoast-schema-graph\">{\"@context\":\"https:\/\/schema.org\",\"@graph\":[{\"@type\":\"WebPage\",\"@id\":\"https:\/\/canoe-kayak-lavernede.com\/de\/canyoning\/\",\"url\":\"https:\/\/canoe-kayak-lavernede.com\/de\/canyoning\/\",\"name\":\"Canyoning - LA VERNEDE\",\"isPartOf\":{\"@id\":\"https:\/\/canoe-kayak-lavernede.com\/#website\"},\"datePublished\":\"2022-11-25T08:13:43+00:00\",\"dateModified\":\"2024-05-27T14:35:52+00:00\",\"breadcrumb\":{\"@id\":\"https:\/\/canoe-kayak-lavernede.com\/de\/canyoning\/#breadcrumb\"},\"inLanguage\":\"de\",\"potentialAction\":[{\"@type\":\"ReadAction\",\"target\":[\"https:\/\/canoe-kayak-lavernede.com\/de\/canyoning\/\"]}]},{\"@type\":\"BreadcrumbList\",\"@id\":\"https:\/\/canoe-kayak-lavernede.com\/de\/canyoning\/#breadcrumb\",\"itemListElement\":[{\"@type\":\"ListItem\",\"position\":1,\"name\":\"Accueil\",\"item\":\"https:\/\/canoe-kayak-lavernede.com\/de\/\"},{\"@type\":\"ListItem\",\"position\":2,\"name\":\"Canyoning\"}]},{\"@type\":\"WebSite\",\"@id\":\"https:\/\/canoe-kayak-lavernede.com\/#website\",\"url\":\"https:\/\/canoe-kayak-lavernede.com\/\",\"name\":\"LA VERNEDE\",\"description\":\"\",\"potentialAction\":[{\"@type\":\"SearchAction\",\"target\":{\"@type\":\"EntryPoint\",\"urlTemplate\":\"https:\/\/canoe-kayak-lavernede.com\/?s={search_term_string}\"},\"query-input\":{\"@type\":\"PropertyValueSpecification\",\"valueRequired\":true,\"valueName\":\"search_term_string\"}}],\"inLanguage\":\"de\"}]}<\/script>\n<!-- \/ Yoast SEO plugin. -->","yoast_head_json":{"title":"Canyoning - LA VERNEDE","robots":{"index":"index","follow":"follow","max-snippet":"max-snippet:-1","max-image-preview":"max-image-preview:large","max-video-preview":"max-video-preview:-1"},"canonical":"https:\/\/canoe-kayak-lavernede.com\/de\/canyoning\/","og_locale":"de_DE","og_type":"article","og_title":"Canyoning - LA VERNEDE","og_url":"https:\/\/canoe-kayak-lavernede.com\/de\/canyoning\/","og_site_name":"LA VERNEDE","article_modified_time":"2024-05-27T14:35:52+00:00","twitter_card":"summary_large_image","twitter_misc":{"Gesch\u00e4tzte Lesezeit":"4\u00a0Minuten"},"schema":{"@context":"https:\/\/schema.org","@graph":[{"@type":"WebPage","@id":"https:\/\/canoe-kayak-lavernede.com\/de\/canyoning\/","url":"https:\/\/canoe-kayak-lavernede.com\/de\/canyoning\/","name":"Canyoning - LA VERNEDE","isPartOf":{"@id":"https:\/\/canoe-kayak-lavernede.com\/#website"},"datePublished":"2022-11-25T08:13:43+00:00","dateModified":"2024-05-27T14:35:52+00:00","breadcrumb":{"@id":"https:\/\/canoe-kayak-lavernede.com\/de\/canyoning\/#breadcrumb"},"inLanguage":"de","potentialAction":[{"@type":"ReadAction","target":["https:\/\/canoe-kayak-lavernede.com\/de\/canyoning\/"]}]},{"@type":"BreadcrumbList","@id":"https:\/\/canoe-kayak-lavernede.com\/de\/canyoning\/#breadcrumb","itemListElement":[{"@type":"ListItem","position":1,"name":"Accueil","item":"https:\/\/canoe-kayak-lavernede.com\/de\/"},{"@type":"ListItem","position":2,"name":"Canyoning"}]},{"@type":"WebSite","@id":"https:\/\/canoe-kayak-lavernede.com\/#website","url":"https:\/\/canoe-kayak-lavernede.com\/","name":"LA VERNEDE","description":"","potentialAction":[{"@type":"SearchAction","target":{"@type":"EntryPoint","urlTemplate":"https:\/\/canoe-kayak-lavernede.com\/?s={search_term_string}"},"query-input":{"@type":"PropertyValueSpecification","valueRequired":true,"valueName":"search_term_string"}}],"inLanguage":"de"}]}},"_links":{"self":[{"href":"https:\/\/canoe-kayak-lavernede.com\/de\/wp-json\/wp\/v2\/pages\/5001"}],"collection":[{"href":"https:\/\/canoe-kayak-lavernede.com\/de\/wp-json\/wp\/v2\/pages"}],"about":[{"href":"https:\/\/canoe-kayak-lavernede.com\/de\/wp-json\/wp\/v2\/types\/page"}],"author":[{"embeddable":true,"href":"https:\/\/canoe-kayak-lavernede.com\/de\/wp-json\/wp\/v2\/users\/5"}],"replies":[{"embeddable":true,"href":"https:\/\/canoe-kayak-lavernede.com\/de\/wp-json\/wp\/v2\/comments?post=5001"}],"version-history":[{"count":4,"href":"https:\/\/canoe-kayak-lavernede.com\/de\/wp-json\/wp\/v2\/pages\/5001\/revisions"}],"predecessor-version":[{"id":7740,"href":"https:\/\/canoe-kayak-lavernede.com\/de\/wp-json\/wp\/v2\/pages\/5001\/revisions\/7740"}],"wp:attachment":[{"href":"https:\/\/canoe-kayak-lavernede.com\/de\/wp-json\/wp\/v2\/media?parent=5001"}],"curies":[{"name":"wp","href":"https:\/\/api.w.org\/{rel}","templated":true}]}}