{"id":4908,"date":"2022-11-22T08:45:12","date_gmt":"2022-11-22T07:45:12","guid":{"rendered":"https:\/\/www.canoe-kayak-lavernede.com\/?page_id=4908"},"modified":"2024-06-09T10:35:32","modified_gmt":"2024-06-09T08:35:32","slug":"kontact","status":"publish","type":"page","link":"https:\/\/canoe-kayak-lavernede.com\/de\/kontact\/","title":{"rendered":"Kontakt"},"content":{"rendered":"<p>[vc_row full_width=&#8220;stretch_row&#8220; el_id=&#8220;breadcrumb&#8220;][vc_column][vc_column_text]<span><span><a href=\"https:\/\/canoe-kayak-lavernede.com\/de\/\">Accueil<\/a><\/span><\/span><\/p>\n<p>[\/vc_column_text][\/vc_column][\/vc_row][vc_row full_width=&#8220;stretch_row&#8220; el_id=&#8220;ban_inte&#8220;][vc_column][vc_column_text]<\/p>\n<h1 style=\"text-align: center;\">Planen Sie eine Kanufahrt auf der Ard\u00e8che? Kontaktieren Sie uns!<\/h1>\n<p>[\/vc_column_text][vc_column_text]<\/p>\n<p style=\"text-align: center;\"><span class=\"hashtag_small\">#Lassen Sie uns gemeinsam Ihre Abfahrt auf der Ard\u00e8che vorbereiten!<\/span><\/p>\n<p>[\/vc_column_text]\n\n<picture class=\"ImgBG \" style=\"position: absolute; width: 100%; height:100%; top: 0; left:0; z-index: -2;\">\n    <img decoding=\"async\" width=\"1920\" height=\"600\" src=\"https:\/\/canoe-kayak-lavernede.com\/wp-content\/uploads\/2021\/03\/VisuHeaderContact.jpg\" class=\"attachment-full size-full\" alt=\"activit\u00e9s weekend ard\u00e8che\" srcset=\"https:\/\/canoe-kayak-lavernede.com\/wp-content\/uploads\/2021\/03\/VisuHeaderContact.jpg 1920w, https:\/\/canoe-kayak-lavernede.com\/wp-content\/uploads\/2021\/03\/VisuHeaderContact-780x244.jpg 780w, https:\/\/canoe-kayak-lavernede.com\/wp-content\/uploads\/2021\/03\/VisuHeaderContact-768x240.jpg 768w, https:\/\/canoe-kayak-lavernede.com\/wp-content\/uploads\/2021\/03\/VisuHeaderContact-1536x480.jpg 1536w\" sizes=\"(max-width: 1920px) 100vw, 1920px\" \/><\/picture>\n\n[\/vc_column][\/vc_row][vc_row][vc_column][vc_column_text]<\/p>\n<h1 style=\"text-align: center;\"><span class=\"titre_2\">Wir sprechen Deutsch<\/span> \ud83c\udde9\ud83c\uddea<\/h1>\n<p>[\/vc_column_text][vc_column_text]<\/p>\n<p style=\"text-align: center;\">Ben\u00f6tigen Sie Informationen zu Preisen, Fahrzeiten oder Touren?<br \/>\nUnser gesamtes Team steht Ihnen zur Verf\u00fcgung, um Sie zu beraten und Ihre Aktivitat vorzubereiten. Sie k\u00f6nnen uns direkt kontaktieren, indem Sie uns eine Nachricht \u00fcber das untenstehende Formular senden.<\/p>\n<p>[\/vc_column_text]\n<div class=\"wpcf7 no-js\" id=\"wpcf7-f4910-o1\" lang=\"fr-FR\" dir=\"ltr\" data-wpcf7-id=\"4910\">\n<div class=\"screen-reader-response\"><p role=\"status\" aria-live=\"polite\" aria-atomic=\"true\"><\/p> <ul><\/ul><\/div>\n<form action=\"\/de\/wp-json\/wp\/v2\/pages\/4908#wpcf7-f4910-o1\" method=\"post\" class=\"wpcf7-form init\" aria-label=\"Formulaire de contact\" novalidate=\"novalidate\" data-status=\"init\">\n<div style=\"display: none;\">\n<input type=\"hidden\" name=\"_wpcf7\" value=\"4910\" \/>\n<input type=\"hidden\" name=\"_wpcf7_version\" value=\"6.0.3\" \/>\n<input type=\"hidden\" name=\"_wpcf7_locale\" value=\"fr_FR\" \/>\n<input type=\"hidden\" name=\"_wpcf7_unit_tag\" value=\"wpcf7-f4910-o1\" \/>\n<input type=\"hidden\" name=\"_wpcf7_container_post\" value=\"0\" \/>\n<input type=\"hidden\" name=\"_wpcf7_posted_data_hash\" value=\"\" \/>\n<input type=\"hidden\" name=\"_wpcf7_recaptcha_response\" value=\"\" \/>\n<\/div>\n<div id=\"form_contact\">\n\t<div class=\"g-grid\">\n\t\t<div class=\"g-block size-50\">\n\t\t\t<p><span class=\"wpcf7-form-control-wrap\" data-name=\"nom\"><input size=\"40\" maxlength=\"400\" class=\"wpcf7-form-control wpcf7-text wpcf7-validates-as-required\" aria-required=\"true\" aria-invalid=\"false\" placeholder=\"Name*\" value=\"\" type=\"text\" name=\"nom\" \/><\/span>\n\t\t\t<\/p>\n\t\t<\/div>\n\t\t<div class=\"g-block size-50\">\n\t\t\t<p><span class=\"wpcf7-form-control-wrap\" data-name=\"prenom\"><input size=\"40\" maxlength=\"400\" class=\"wpcf7-form-control wpcf7-text wpcf7-validates-as-required\" aria-required=\"true\" aria-invalid=\"false\" placeholder=\"Vorname*\" value=\"\" type=\"text\" name=\"prenom\" \/><\/span>\n\t\t\t<\/p>\n\t\t<\/div>\n\t<\/div>\n\t<div class=\"g-grid\">\n\t\t<div class=\"g-block size-50\">\n\t\t\t<p><span class=\"wpcf7-form-control-wrap\" data-name=\"email\"><input size=\"40\" maxlength=\"400\" class=\"wpcf7-form-control wpcf7-email wpcf7-validates-as-required wpcf7-text wpcf7-validates-as-email\" aria-required=\"true\" aria-invalid=\"false\" placeholder=\"Email*\" value=\"\" type=\"email\" name=\"email\" \/><\/span>\n\t\t\t<\/p>\n\t\t<\/div>\n\t\t<div class=\"g-block size-50\">\n\t\t\t<p><span class=\"wpcf7-form-control-wrap\" data-name=\"tel\"><input size=\"40\" maxlength=\"400\" class=\"wpcf7-form-control wpcf7-tel wpcf7-validates-as-required wpcf7-text wpcf7-validates-as-tel\" aria-required=\"true\" aria-invalid=\"false\" placeholder=\"Telefonnummer*\" value=\"\" type=\"tel\" name=\"tel\" \/><\/span>\n\t\t\t<\/p>\n\t\t<\/div>\n\t<\/div>\n\t<div class=\"g-grid\">\n\t\t<div class=\"g-block size-100\">\n\t\t\t<p><label>Your request concerns :<\/label>\n\t\t\t<\/p>\n\t\t\t<p><span class=\"wpcf7-form-control-wrap\" data-name=\"objet\"><span class=\"wpcf7-form-control wpcf7-checkbox wpcf7-validates-as-required wpcf7-exclusive-checkbox\"><span class=\"wpcf7-list-item first\"><input type=\"checkbox\" name=\"objet\" value=\"Eine Bitte um Auskunft\" \/><span class=\"wpcf7-list-item-label\">Eine Bitte um Auskunft<\/span><\/span><span class=\"wpcf7-list-item\"><input type=\"checkbox\" name=\"objet\" value=\"Eine Reservierungsanfrage\" \/><span class=\"wpcf7-list-item-label\">Eine Reservierungsanfrage<\/span><\/span><span class=\"wpcf7-list-item last\"><input type=\"checkbox\" name=\"objet\" value=\"Sonstiges\" \/><span class=\"wpcf7-list-item-label\">Sonstiges<\/span><\/span><\/span><\/span>\n\t\t\t<\/p>\n\t\t<\/div>\n\t<\/div>\n\t<div class=\"g-grid\">\n\t\t<div class=\"g-block size-100\">\n\t\t\t<p><span class=\"wpcf7-form-control-wrap\" data-name=\"message\"><textarea cols=\"40\" rows=\"10\" maxlength=\"2000\" class=\"wpcf7-form-control wpcf7-textarea wpcf7-validates-as-required\" aria-required=\"true\" aria-invalid=\"false\" placeholder=\"Ihre Nachricht*\" name=\"message\"><\/textarea><\/span>\n\t\t\t<\/p>\n\t\t<\/div>\n\t<\/div>\n\t<div class=\"g-grid submit_row\">\n\t\t<div class=\"g-block size-100\">\n\t\t\t<p><span id=\"website\" class=\"wpcf7-form-control-wrap website-wrap\" ><input type=\"hidden\" name=\"website-time-start\" value=\"1776953981\"><input type=\"hidden\" name=\"website-time-check\" value=\"4\"><input id=\"website\"  placeholder=\"Site web\"  class=\"wpcf7-form-control wpcf7-text website\" type=\"text\" name=\"website\" value=\"\" size=\"40\" tabindex=\"-1\" autocomplete=\"off\" \/><\/span><br \/>\n<span class=\"wpcf7-form-control-wrap\" data-name=\"confirmation\"><span class=\"wpcf7-form-control wpcf7-acceptance\"><span class=\"wpcf7-list-item\"><label><input type=\"checkbox\" name=\"confirmation\" value=\"1\" aria-invalid=\"false\" \/><span class=\"wpcf7-list-item-label\">Ich akzeptiere die Bedingungen | <a target=\"_blank\" href=\"\/mentions-legales\">Lesen<\/a><\/span><\/label><\/span><\/span><\/span>\n\t\t\t<\/p>\n\t\t\t<div id=\"form_contact_submit\">\n\t\t\t\t<p><input class=\"wpcf7-form-control wpcf7-submit has-spinner\" type=\"submit\" value=\"Senden\" \/>\n\t\t\t\t<\/p>\n\t\t\t<\/div>\n\t\t<\/div>\n\t<\/div>\n<\/div><input type='hidden' class='wpcf7-pum' value='{\"closepopup\":false,\"closedelay\":0,\"openpopup\":false,\"openpopup_id\":0}' \/><div class=\"wpcf7-response-output\" aria-hidden=\"true\"><\/div>\n<\/form>\n<\/div>\n[\/vc_column][\/vc_row][vc_row full_width=&#8220;stretch_row&#8220; el_class=&#8220;bgmatiere_end padT_5&#8243;][vc_column][vc_row_inner][vc_column_inner width=&#8220;1\/4&#8243;][vc_single_image image=&#8220;828&#8243; img_size=&#8220;full&#8220; alignment=&#8220;center&#8220; el_class=&#8220;img_45&#8243;][vc_column_text]<\/p>\n<p style=\"text-align: center;\"><span class=\"titre_3 txt_cap\">Unsere Basis<\/span><\/p>\n<p>[\/vc_column_text][vc_column_text]<\/p>\n<p style=\"text-align: center;\">La Vernede<br \/>\n31 Passage Fran\u00e7ois Lecler<br \/>\n07 150 Vallon Pont d&#8217;Arc<\/p>\n<p>[\/vc_column_text][\/vc_column_inner][vc_column_inner width=&#8220;1\/4&#8243;][vc_single_image image=&#8220;830&#8243; img_size=&#8220;full&#8220; alignment=&#8220;center&#8220; el_class=&#8220;img_45&#8243;][vc_column_text]<\/p>\n<p style=\"text-align: center;\"><span class=\"titre_3 txt_cap\">RUFEN SIE UNS AN<\/span><\/p>\n<p>[\/vc_column_text][vc_column_text]<\/p>\n<p style=\"text-align: center;\"><span class=\"txt_18 txt_rouge\"><a href=\"tel:0033475371274\" target=\"_blank\" rel=\"noopener\"><span class=\"txt_black_900\">04 75 37 12 74<\/span><\/a><\/span><\/p>\n<p>[\/vc_column_text][\/vc_column_inner][vc_column_inner width=&#8220;1\/4&#8243;][vc_single_image image=&#8220;826&#8243; img_size=&#8220;full&#8220; alignment=&#8220;center&#8220; el_class=&#8220;img_45&#8243;][vc_column_text]<\/p>\n<p style=\"text-align: center;\"><span class=\"titre_3 txt_cap\">\u00d6ffnungszeiten<\/span><\/p>\n<p>[\/vc_column_text][vc_column_text]<\/p>\n<p style=\"text-align: center;\">7 Tage die Woche, von 8.00 bis 19.00 Uhr<\/p>\n<p>[\/vc_column_text][\/vc_column_inner][vc_column_inner width=&#8220;1\/4&#8243;][vc_single_image image=&#8220;824&#8243; img_size=&#8220;full&#8220; alignment=&#8220;center&#8220; el_class=&#8220;img_45&#8243;][vc_column_text]<\/p>\n<p style=\"text-align: center;\"><span class=\"titre_3 txt_cap\">zu <strong>La Vern\u00e8de<\/strong> kommen<\/span><\/p>\n<p>[\/vc_column_text][vc_column_text]<\/p>\n<p style=\"text-align: center;\"><a href=\"https:\/\/www.google.com\/maps\/dir\/\/Action+Canoe+Kayak,+Route+des+Gorges,+07150+Vallon-Pont-d'Arc\/@44.3986751,4.3867446,17.14z\/data=!4m9!4m8!1m0!1m5!1m1!1s0x12b4fdf9b52b4191:0x5e0d03865cd153fd!2m2!1d4.389955!2d44.398919!3e0?hl=fr-FR\" target=\"_blank\" rel=\"noopener\"><span class=\"txt_18 txt_rouge\"><span class=\"txt_black_900\">&gt; Ihre Reiseroute hier<\/span><\/span><\/a><\/p>\n<p>[\/vc_column_text][\/vc_column_inner][\/vc_row_inner][\/vc_column][\/vc_row]<\/p>\n","protected":false},"excerpt":{"rendered":"<p>[vc_row full_width=&#8220;stretch_row&#8220; el_id=&#8220;breadcrumb&#8220;][vc_column][vc_column_text] [\/vc_column_text][\/vc_column][\/vc_row][vc_row full_width=&#8220;stretch_row&#8220; el_id=&#8220;ban_inte&#8220;][vc_column][vc_column_text] Planen Sie eine Kanufahrt auf der Ard\u00e8che? Kontaktieren Sie uns! [\/vc_column_text][vc_column_text] #Lassen Sie uns gemeinsam Ihre Abfahrt auf der Ard\u00e8che vorbereiten! [\/vc_column_text][\/vc_column][\/vc_row][vc_row][vc_column][vc_column_text] Wir sprechen Deutsch \ud83c\udde9\ud83c\uddea [\/vc_column_text][vc_column_text] Ben\u00f6tigen Sie Informationen zu Preisen, Fahrzeiten oder Touren? Unser gesamtes Team steht Ihnen zur Verf\u00fcgung, um Sie zu beraten und Ihre Aktivitat [&hellip;]<\/p>\n","protected":false},"author":5,"featured_media":0,"parent":0,"menu_order":0,"comment_status":"closed","ping_status":"closed","template":"","meta":{"footnotes":""},"class_list":["post-4908","page","type-page","status-publish"],"yoast_head":"<!-- This site is optimized with the Yoast SEO plugin v24.3 - https:\/\/yoast.com\/wordpress\/plugins\/seo\/ -->\n<title>Kontakt - LA VERNEDE<\/title>\n<meta name=\"robots\" content=\"index, follow, max-snippet:-1, max-image-preview:large, max-video-preview:-1\" \/>\n<link rel=\"canonical\" href=\"https:\/\/canoe-kayak-lavernede.com\/de\/kontact\/\" \/>\n<meta property=\"og:locale\" content=\"de_DE\" \/>\n<meta property=\"og:type\" content=\"article\" \/>\n<meta property=\"og:title\" content=\"Kontakt - LA VERNEDE\" \/>\n<meta property=\"og:description\" content=\"[vc_row full_width=&#8220;stretch_row&#8220; el_id=&#8220;breadcrumb&#8220;][vc_column][vc_column_text] [\/vc_column_text][\/vc_column][\/vc_row][vc_row full_width=&#8220;stretch_row&#8220; el_id=&#8220;ban_inte&#8220;][vc_column][vc_column_text] Planen Sie eine Kanufahrt auf der Ard\u00e8che? Kontaktieren Sie uns! [\/vc_column_text][vc_column_text] #Lassen Sie uns gemeinsam Ihre Abfahrt auf der Ard\u00e8che vorbereiten! [\/vc_column_text][\/vc_column][\/vc_row][vc_row][vc_column][vc_column_text] Wir sprechen Deutsch \ud83c\udde9\ud83c\uddea [\/vc_column_text][vc_column_text] Ben\u00f6tigen Sie Informationen zu Preisen, Fahrzeiten oder Touren? Unser gesamtes Team steht Ihnen zur Verf\u00fcgung, um Sie zu beraten und Ihre Aktivitat [&hellip;]\" \/>\n<meta property=\"og:url\" content=\"https:\/\/canoe-kayak-lavernede.com\/de\/kontact\/\" \/>\n<meta property=\"og:site_name\" content=\"LA VERNEDE\" \/>\n<meta property=\"article:modified_time\" content=\"2024-06-09T08:35:32+00:00\" \/>\n<meta name=\"twitter:card\" content=\"summary_large_image\" \/>\n<meta name=\"twitter:label1\" content=\"Gesch\u00e4tzte Lesezeit\" \/>\n\t<meta name=\"twitter:data1\" content=\"1\u00a0Minute\" \/>\n<script type=\"application\/ld+json\" class=\"yoast-schema-graph\">{\"@context\":\"https:\/\/schema.org\",\"@graph\":[{\"@type\":\"WebPage\",\"@id\":\"https:\/\/canoe-kayak-lavernede.com\/de\/kontact\/\",\"url\":\"https:\/\/canoe-kayak-lavernede.com\/de\/kontact\/\",\"name\":\"Kontakt - LA VERNEDE\",\"isPartOf\":{\"@id\":\"https:\/\/canoe-kayak-lavernede.com\/#website\"},\"datePublished\":\"2022-11-22T07:45:12+00:00\",\"dateModified\":\"2024-06-09T08:35:32+00:00\",\"breadcrumb\":{\"@id\":\"https:\/\/canoe-kayak-lavernede.com\/de\/kontact\/#breadcrumb\"},\"inLanguage\":\"de\",\"potentialAction\":[{\"@type\":\"ReadAction\",\"target\":[\"https:\/\/canoe-kayak-lavernede.com\/de\/kontact\/\"]}]},{\"@type\":\"BreadcrumbList\",\"@id\":\"https:\/\/canoe-kayak-lavernede.com\/de\/kontact\/#breadcrumb\",\"itemListElement\":[{\"@type\":\"ListItem\",\"position\":1,\"name\":\"Accueil\",\"item\":\"https:\/\/canoe-kayak-lavernede.com\/de\/\"},{\"@type\":\"ListItem\",\"position\":2,\"name\":\"Kontakt\"}]},{\"@type\":\"WebSite\",\"@id\":\"https:\/\/canoe-kayak-lavernede.com\/#website\",\"url\":\"https:\/\/canoe-kayak-lavernede.com\/\",\"name\":\"LA VERNEDE\",\"description\":\"\",\"potentialAction\":[{\"@type\":\"SearchAction\",\"target\":{\"@type\":\"EntryPoint\",\"urlTemplate\":\"https:\/\/canoe-kayak-lavernede.com\/?s={search_term_string}\"},\"query-input\":{\"@type\":\"PropertyValueSpecification\",\"valueRequired\":true,\"valueName\":\"search_term_string\"}}],\"inLanguage\":\"de\"}]}<\/script>\n<!-- \/ Yoast SEO plugin. -->","yoast_head_json":{"title":"Kontakt - LA VERNEDE","robots":{"index":"index","follow":"follow","max-snippet":"max-snippet:-1","max-image-preview":"max-image-preview:large","max-video-preview":"max-video-preview:-1"},"canonical":"https:\/\/canoe-kayak-lavernede.com\/de\/kontact\/","og_locale":"de_DE","og_type":"article","og_title":"Kontakt - LA VERNEDE","og_description":"[vc_row full_width=&#8220;stretch_row&#8220; el_id=&#8220;breadcrumb&#8220;][vc_column][vc_column_text] [\/vc_column_text][\/vc_column][\/vc_row][vc_row full_width=&#8220;stretch_row&#8220; el_id=&#8220;ban_inte&#8220;][vc_column][vc_column_text] Planen Sie eine Kanufahrt auf der Ard\u00e8che? Kontaktieren Sie uns! [\/vc_column_text][vc_column_text] #Lassen Sie uns gemeinsam Ihre Abfahrt auf der Ard\u00e8che vorbereiten! [\/vc_column_text][\/vc_column][\/vc_row][vc_row][vc_column][vc_column_text] Wir sprechen Deutsch \ud83c\udde9\ud83c\uddea [\/vc_column_text][vc_column_text] Ben\u00f6tigen Sie Informationen zu Preisen, Fahrzeiten oder Touren? Unser gesamtes Team steht Ihnen zur Verf\u00fcgung, um Sie zu beraten und Ihre Aktivitat [&hellip;]","og_url":"https:\/\/canoe-kayak-lavernede.com\/de\/kontact\/","og_site_name":"LA VERNEDE","article_modified_time":"2024-06-09T08:35:32+00:00","twitter_card":"summary_large_image","twitter_misc":{"Gesch\u00e4tzte Lesezeit":"1\u00a0Minute"},"schema":{"@context":"https:\/\/schema.org","@graph":[{"@type":"WebPage","@id":"https:\/\/canoe-kayak-lavernede.com\/de\/kontact\/","url":"https:\/\/canoe-kayak-lavernede.com\/de\/kontact\/","name":"Kontakt - LA VERNEDE","isPartOf":{"@id":"https:\/\/canoe-kayak-lavernede.com\/#website"},"datePublished":"2022-11-22T07:45:12+00:00","dateModified":"2024-06-09T08:35:32+00:00","breadcrumb":{"@id":"https:\/\/canoe-kayak-lavernede.com\/de\/kontact\/#breadcrumb"},"inLanguage":"de","potentialAction":[{"@type":"ReadAction","target":["https:\/\/canoe-kayak-lavernede.com\/de\/kontact\/"]}]},{"@type":"BreadcrumbList","@id":"https:\/\/canoe-kayak-lavernede.com\/de\/kontact\/#breadcrumb","itemListElement":[{"@type":"ListItem","position":1,"name":"Accueil","item":"https:\/\/canoe-kayak-lavernede.com\/de\/"},{"@type":"ListItem","position":2,"name":"Kontakt"}]},{"@type":"WebSite","@id":"https:\/\/canoe-kayak-lavernede.com\/#website","url":"https:\/\/canoe-kayak-lavernede.com\/","name":"LA VERNEDE","description":"","potentialAction":[{"@type":"SearchAction","target":{"@type":"EntryPoint","urlTemplate":"https:\/\/canoe-kayak-lavernede.com\/?s={search_term_string}"},"query-input":{"@type":"PropertyValueSpecification","valueRequired":true,"valueName":"search_term_string"}}],"inLanguage":"de"}]}},"_links":{"self":[{"href":"https:\/\/canoe-kayak-lavernede.com\/de\/wp-json\/wp\/v2\/pages\/4908"}],"collection":[{"href":"https:\/\/canoe-kayak-lavernede.com\/de\/wp-json\/wp\/v2\/pages"}],"about":[{"href":"https:\/\/canoe-kayak-lavernede.com\/de\/wp-json\/wp\/v2\/types\/page"}],"author":[{"embeddable":true,"href":"https:\/\/canoe-kayak-lavernede.com\/de\/wp-json\/wp\/v2\/users\/5"}],"replies":[{"embeddable":true,"href":"https:\/\/canoe-kayak-lavernede.com\/de\/wp-json\/wp\/v2\/comments?post=4908"}],"version-history":[{"count":3,"href":"https:\/\/canoe-kayak-lavernede.com\/de\/wp-json\/wp\/v2\/pages\/4908\/revisions"}],"predecessor-version":[{"id":7981,"href":"https:\/\/canoe-kayak-lavernede.com\/de\/wp-json\/wp\/v2\/pages\/4908\/revisions\/7981"}],"wp:attachment":[{"href":"https:\/\/canoe-kayak-lavernede.com\/de\/wp-json\/wp\/v2\/media?parent=4908"}],"curies":[{"name":"wp","href":"https:\/\/api.w.org\/{rel}","templated":true}]}}