{"id":4218,"date":"2022-05-28T15:46:40","date_gmt":"2022-05-28T13:46:40","guid":{"rendered":"https:\/\/www.canoe-kayak-lavernede.com\/?page_id=4218"},"modified":"2023-05-14T16:41:16","modified_gmt":"2023-05-14T14:41:16","slug":"reservez-votre-nuit-en-bivouac-dans-les-gorges-de-lardeche","status":"publish","type":"page","link":"https:\/\/canoe-kayak-lavernede.com\/de\/reservez-votre-nuit-en-bivouac-dans-les-gorges-de-lardeche\/","title":{"rendered":"R\u00e9servez votre nuit en Bivouac dans les Gorges de l&#8217;Ard\u00e8che"},"content":{"rendered":"<p>[vc_row][vc_column]<div class=\"templatera_shortcode\"><div id=\"breadcrumb\" data-vc-full-width=\"true\" data-vc-full-width-init=\"false\" class=\"vc_row wpb_row vc_row-fluid\"><div class=\"wpb_column vc_column_container vc_col-sm-12\"><div class=\"vc_column-inner\"><div class=\"wpb_wrapper\">\n\t<div class=\"wpb_text_column wpb_content_element \" >\n\t\t<div class=\"wpb_wrapper\">\n\t\t\t<span><span><a href=\"https:\/\/canoe-kayak-lavernede.com\/de\/\">Accueil<\/a><\/span><\/span>\n\n\t\t<\/div>\n\t<\/div>\n<\/div><\/div><\/div><\/div><div class=\"vc_row-full-width vc_clearfix\"><\/div><\/div>[\/vc_column][\/vc_row][vc_row full_width=&#8220;stretch_row&#8220; el_id=&#8220;ban_inte&#8220;][vc_column][vc_column_text]<\/p>\n<h1 style=\"text-align: center;\"><span class=\"titre_1\">R\u00e9servez votre nuit en bivouac<\/span><\/h1>\n<p>[\/vc_column_text][vc_column_text]<\/p>\n<p style=\"text-align: center;\"><span class=\"hashtag_small\" style=\"color: #ffffff; font-size: 24pt;\">Dans les Gorges de l&#8217;Ard\u00e8che<\/span><\/p>\n<p>[\/vc_column_text]\n\n<picture class=\"ImgBG \" style=\"position: absolute; width: 100%; height:100%; top: 0; left:0; z-index: -2;\">\n    <img decoding=\"async\" width=\"2560\" height=\"1056\" src=\"https:\/\/canoe-kayak-lavernede.com\/wp-content\/uploads\/2021\/04\/DSC01091-1-scaled-e1592238006856.jpg\" class=\"attachment-full size-full\" alt=\"bivouac gorges ard\u00e8che\" srcset=\"https:\/\/canoe-kayak-lavernede.com\/wp-content\/uploads\/2021\/04\/DSC01091-1-scaled-e1592238006856.jpg 2560w, https:\/\/canoe-kayak-lavernede.com\/wp-content\/uploads\/2021\/04\/DSC01091-1-scaled-e1592238006856-780x322.jpg 780w, https:\/\/canoe-kayak-lavernede.com\/wp-content\/uploads\/2021\/04\/DSC01091-1-scaled-e1592238006856-768x317.jpg 768w, https:\/\/canoe-kayak-lavernede.com\/wp-content\/uploads\/2021\/04\/DSC01091-1-scaled-e1592238006856-1536x634.jpg 1536w, https:\/\/canoe-kayak-lavernede.com\/wp-content\/uploads\/2021\/04\/DSC01091-1-scaled-e1592238006856-2048x845.jpg 2048w\" sizes=\"(max-width: 2560px) 100vw, 2560px\" \/><\/picture>\n\n[\/vc_column][\/vc_row][vc_row][vc_column][vc_column_text]<\/p>\n<h2 style=\"text-align: center;\"><span class=\"titre_2\">R\u00e9servation de votre bivouac en Ard\u00e8che<\/span><\/h2>\n<p>[\/vc_column_text][vc_column_text]<\/p>\n<p style=\"text-align: center;\">Pour toute <a href=\"https:\/\/canoe-kayak-lavernede.com\/descente-gorges-ardeche\/2-jours\/32-km-bivouac\/\">descente de l&#8217;Ard\u00e8che sur deux jours<\/a>, si vous souhaitez <strong>bivouaquer dans la r\u00e9serve naturelle<\/strong>, il est obligatoire de <a href=\"#resa\">r\u00e9server votre nuit\u00e9e en Bivouac.<\/a><\/p>\n<p style=\"text-align: center;\">En effet, le <strong>bivouac sauvage est depuis longtemps interdit<\/strong> dans ce lieu que nous nous effor\u00e7ons de pr\u00e9server au maximum.<\/p>\n<p style=\"text-align: center;\">Afin de vous permettre de d\u00e9couvrir la<strong> beaut\u00e9e de gorges de l&#8217;Ard\u00e8che de nuit<\/strong>, les \u00e9quipes de la r\u00e9serve naturelle des gorges de l&#8217;Ard\u00e8che mettent \u00e0 votre disposition <strong>2 aires de bivouac accessible en cano\u00eb kayak.<\/strong><\/p>\n<ul>\n<li style=\"text-align: center;\">Le bivouac de GAUD<\/li>\n<li style=\"text-align: center;\">Le Bivouac de GOURNIER<\/li>\n<\/ul>\n<p>[\/vc_column_text][vc_single_image image=&#8220;3827&#8243; img_size=&#8220;full&#8220; alignment=&#8220;center&#8220;][vc_column_text]<\/p>\n<p style=\"text-align: center;\"><span class=\"titre_2\">Comment r\u00e9serverez une nuit en bivouac en Ard\u00e8che ?<\/span><\/p>\n<p>[\/vc_column_text][vc_column_text]<\/p>\n<p style=\"text-align: center;\">LA r\u00e9servation d&#8217;une descente de l&#8217;Ard\u00e8che en cano\u00eb sur deux jours s&#8217;effectue en deux \u00e9tapes.<\/p>\n<p style=\"text-align: center;\">Si vous ne l&#8217;avez pas encore fait, <strong><a href=\"https:\/\/canoe-kayak-lavernede.com\/descente-gorges-ardeche\/2-jours\/32-km-bivouac\/\">commencez par r\u00e9server votre descente de l&#8217;Ard\u00e8che directement sur ce site :\u00a0<\/a><\/strong><\/p>\n<p>[\/vc_column_text]<div class=' txt_centre btn_plein_rougeF'><a class='lien_btn smoothScroll' href='\/descente-gorges-ardeche\/2-jours\/32-km-bivouac\/' ><span>RESERVER MA DESCENTE DE L'ARDECHE SUR DEUX JOURS<\/span><\/a><\/div>[vc_column_text]<\/p>\n<p style=\"text-align: center;\"><strong>Il vous suffira ensuite de r\u00e9server votre nuit au bivouac de votre choix ci dessous :<\/strong><br \/>\n<a href=\"#calendrier\">(Attention, les bivouacs ont des calendrier d&#8217;ouverture diff\u00e9rents, voir plus bas)<\/a><\/p>\n<p>[\/vc_column_text][\/vc_column][\/vc_row][vc_row el_id=&#8220;resa&#8220;][vc_column][vc_raw_html]JTNDZGl2JTIwaWQlM0QlMjJ3aWRnZXQtcGFuaWVyJTIyJTNFJTNDJTJGZGl2JTNFJTBBJTNDc2NyaXB0JTIwdHlwZSUzRCUyMnRleHQlMkZqYXZhc2NyaXB0JTIyJTIwc3JjJTNEJTIyJTJGJTJGZ2FkZ2V0Lm9wZW4tc3lzdGVtLmZyJTJGd2lkZ2V0cy1saWJzJTJGcmVsJTJGbm95YXUtMS4wLm1pbi5qcyUyMiUzRSUzQyUyRnNjcmlwdCUzRSUwQSUzQ3NjcmlwdCUyMHR5cGUlM0QlMjJ0ZXh0JTJGamF2YXNjcmlwdCUyMiUzRSUwQSUyOCUyMGZ1bmN0aW9uJTI4JTI5JTIwJTdCJTBBdmFyJTIwd2lkZ2V0UHJvZHVpdCUyMCUzRCUyMEFsbGlhbmNlUmVzZWF1eC5XaWRnZXQuSW5zdGFuY2UlMjglMjAlMjJQcm9kdWl0JTIyJTJDJTIwJTdCJTIwaWRQYW5pZXIlM0ElMjJHRG9iR0JnJTIyJTJDJTIwaWRJbnRlZ3JhdGlvbiUzQWlkSW50ZWdyYXRpb24lM0QxNDgyJTJDJTIwbGFuZ3VlJTNBJTIyZnIlMjIlMkMlMjB1aSUzQSUyMkFET0NELTEwMjM2NC02NTQzJTIyJTIwJTdEJTIwJTI5JTNCJTBBd2lkZ2V0UHJvZHVpdC5QcmVBcHAlMjglMjdwcm9kdWl0LmFkZG9jay5wcm9kdWl0cyUyNyUyQyUyMCU1QjIxNjMxJTJDMzQ0OTclMkMzNDQ5NSUyQzIxNjMyJTJDMzQ1MDUlMkMzNDUwNCUyQzM0NTAzJTVEJTI5JTNCJTBBd2lkZ2V0UHJvZHVpdC5QcmVBcHAlMjglMjdjaWJsZSUyNyUyQyUyMCUyN3dpZGdldC1wcm9kdWl0LUFET0NELTEwMjM2NC02NTQzJTI3JTI5JTNCJTBBd2lkZ2V0UHJvZHVpdC5QcmVBcHAlMjglMjdjc3MlMjclMkMlMjAlMjdodHRwcyUzQSUyRiUyRmRlbW8uZm9yLXN5c3RlbS5jb20lMkZwYWdlcy10ZXN0JTJGUG9udEFyY0FyZGVjaGUlMkZzdHlsZXMtc3VyY2hhcmdlLmNzcyUyNyUyOSUzQiUwQXdpZGdldFByb2R1aXQuUHJlQXBwJTI4JTIycGFuaWVyLnRhcmdldCUyMiUyQyUyMCUyMl9ibGFuayUyMiUyMCUyOSUzQiUwQXdpZGdldFByb2R1aXQuSW5pdGlhbGlzZSUyOCUyOSUzQiUwQSU3RCUyOSUyOCUyOSUzQiUwQSUzQyUyRnNjcmlwdCUzRSUwQSUzQ2RpdiUyMGlkJTNEJTIyd2lkZ2V0LXByb2R1aXQtQURPQ0QtMTAyMzY0LTY1NDMlMjIlM0UlM0MlMkZkaXYlM0UlMEElMEE=[\/vc_raw_html][\/vc_column][\/vc_row][vc_row el_id=&#8220;calendrier&#8220;][vc_column][vc_column_text]<\/p>\n<p style=\"text-align: center;\"><span class=\"titre_2\">Calendrier d&#8217;ouverture des bivouacs dans les gorges de l&#8217;Ard\u00e8che\u00a0<\/span><\/p>\n<p>[\/vc_column_text][vc_single_image image=&#8220;5842&#8243; img_size=&#8220;full&#8220; alignment=&#8220;center&#8220; onclick=&#8220;zoom&#8220;][\/vc_column][\/vc_row][vc_row][vc_column][vc_column_text]<\/p>\n<p style=\"text-align: center;\">Pour toute question compl\u00e9mentaire, n&#8217;h\u00e9sitez pas \u00e0 passer par notre <a href=\"https:\/\/canoe-kayak-lavernede.com\/contact\/\"><strong>FORMULAIRE DE CONTACT<\/strong><\/a><\/p>\n<p>[\/vc_column_text][\/vc_column][\/vc_row]<\/p>\n","protected":false},"excerpt":{"rendered":"Accueil R\u00e9servez votre nuit en bivouac Dans les Gorges de l'Ard\u00e8che R\u00e9servation de votre bivouac en Ard\u00e8che Pour toute descente de l'Ard\u00e8che sur deux jours, si vous souhaitez bivouaquer dans la r\u00e9serve naturelle, il est obligatoire de r\u00e9server votre nuit\u00e9e en Bivouac. En effet, le bivouac sauvage est depuis longtemps interdit dans ce lieu que [...]","protected":false},"author":5,"featured_media":0,"parent":0,"menu_order":0,"comment_status":"closed","ping_status":"closed","template":"","meta":{"footnotes":""},"class_list":["post-4218","page","type-page","status-publish"],"yoast_head":"<!-- This site is optimized with the Yoast SEO plugin v24.3 - https:\/\/yoast.com\/wordpress\/plugins\/seo\/ -->\n<title>R\u00e9servez votre nuit en Bivouac dans les Gorges de l&#039;Ard\u00e8che - LA VERNEDE<\/title>\n<meta name=\"robots\" content=\"index, follow, max-snippet:-1, max-image-preview:large, max-video-preview:-1\" \/>\n<link rel=\"canonical\" href=\"https:\/\/canoe-kayak-lavernede.com\/reservez-votre-nuit-en-bivouac-dans-les-gorges-de-lardeche\/\" \/>\n<meta property=\"og:locale\" content=\"de_DE\" \/>\n<meta property=\"og:type\" content=\"article\" \/>\n<meta property=\"og:title\" content=\"R\u00e9servez votre nuit en Bivouac dans les Gorges de l&#039;Ard\u00e8che - LA VERNEDE\" \/>\n<meta property=\"og:url\" content=\"https:\/\/canoe-kayak-lavernede.com\/reservez-votre-nuit-en-bivouac-dans-les-gorges-de-lardeche\/\" \/>\n<meta property=\"og:site_name\" content=\"LA VERNEDE\" \/>\n<meta property=\"article:modified_time\" content=\"2023-05-14T14:41:16+00:00\" \/>\n<meta name=\"twitter:card\" content=\"summary_large_image\" \/>\n<meta name=\"twitter:label1\" content=\"Gesch\u00e4tzte Lesezeit\" \/>\n\t<meta name=\"twitter:data1\" content=\"2\u00a0Minuten\" \/>\n<script type=\"application\/ld+json\" class=\"yoast-schema-graph\">{\"@context\":\"https:\/\/schema.org\",\"@graph\":[{\"@type\":\"WebPage\",\"@id\":\"https:\/\/canoe-kayak-lavernede.com\/reservez-votre-nuit-en-bivouac-dans-les-gorges-de-lardeche\/\",\"url\":\"https:\/\/canoe-kayak-lavernede.com\/reservez-votre-nuit-en-bivouac-dans-les-gorges-de-lardeche\/\",\"name\":\"R\u00e9servez votre nuit en Bivouac dans les Gorges de l'Ard\u00e8che - LA VERNEDE\",\"isPartOf\":{\"@id\":\"https:\/\/canoe-kayak-lavernede.com\/#website\"},\"datePublished\":\"2022-05-28T13:46:40+00:00\",\"dateModified\":\"2023-05-14T14:41:16+00:00\",\"breadcrumb\":{\"@id\":\"https:\/\/canoe-kayak-lavernede.com\/reservez-votre-nuit-en-bivouac-dans-les-gorges-de-lardeche\/#breadcrumb\"},\"inLanguage\":\"de\",\"potentialAction\":[{\"@type\":\"ReadAction\",\"target\":[\"https:\/\/canoe-kayak-lavernede.com\/reservez-votre-nuit-en-bivouac-dans-les-gorges-de-lardeche\/\"]}]},{\"@type\":\"BreadcrumbList\",\"@id\":\"https:\/\/canoe-kayak-lavernede.com\/reservez-votre-nuit-en-bivouac-dans-les-gorges-de-lardeche\/#breadcrumb\",\"itemListElement\":[{\"@type\":\"ListItem\",\"position\":1,\"name\":\"Accueil\",\"item\":\"https:\/\/canoe-kayak-lavernede.com\/de\/\"},{\"@type\":\"ListItem\",\"position\":2,\"name\":\"R\u00e9servez votre nuit en Bivouac dans les Gorges de l&rsquo;Ard\u00e8che\"}]},{\"@type\":\"WebSite\",\"@id\":\"https:\/\/canoe-kayak-lavernede.com\/#website\",\"url\":\"https:\/\/canoe-kayak-lavernede.com\/\",\"name\":\"LA VERNEDE\",\"description\":\"\",\"potentialAction\":[{\"@type\":\"SearchAction\",\"target\":{\"@type\":\"EntryPoint\",\"urlTemplate\":\"https:\/\/canoe-kayak-lavernede.com\/?s={search_term_string}\"},\"query-input\":{\"@type\":\"PropertyValueSpecification\",\"valueRequired\":true,\"valueName\":\"search_term_string\"}}],\"inLanguage\":\"de\"}]}<\/script>\n<!-- \/ Yoast SEO plugin. -->","yoast_head_json":{"title":"R\u00e9servez votre nuit en Bivouac dans les Gorges de l'Ard\u00e8che - LA VERNEDE","robots":{"index":"index","follow":"follow","max-snippet":"max-snippet:-1","max-image-preview":"max-image-preview:large","max-video-preview":"max-video-preview:-1"},"canonical":"https:\/\/canoe-kayak-lavernede.com\/reservez-votre-nuit-en-bivouac-dans-les-gorges-de-lardeche\/","og_locale":"de_DE","og_type":"article","og_title":"R\u00e9servez votre nuit en Bivouac dans les Gorges de l'Ard\u00e8che - LA VERNEDE","og_url":"https:\/\/canoe-kayak-lavernede.com\/reservez-votre-nuit-en-bivouac-dans-les-gorges-de-lardeche\/","og_site_name":"LA VERNEDE","article_modified_time":"2023-05-14T14:41:16+00:00","twitter_card":"summary_large_image","twitter_misc":{"Gesch\u00e4tzte Lesezeit":"2\u00a0Minuten"},"schema":{"@context":"https:\/\/schema.org","@graph":[{"@type":"WebPage","@id":"https:\/\/canoe-kayak-lavernede.com\/reservez-votre-nuit-en-bivouac-dans-les-gorges-de-lardeche\/","url":"https:\/\/canoe-kayak-lavernede.com\/reservez-votre-nuit-en-bivouac-dans-les-gorges-de-lardeche\/","name":"R\u00e9servez votre nuit en Bivouac dans les Gorges de l'Ard\u00e8che - LA VERNEDE","isPartOf":{"@id":"https:\/\/canoe-kayak-lavernede.com\/#website"},"datePublished":"2022-05-28T13:46:40+00:00","dateModified":"2023-05-14T14:41:16+00:00","breadcrumb":{"@id":"https:\/\/canoe-kayak-lavernede.com\/reservez-votre-nuit-en-bivouac-dans-les-gorges-de-lardeche\/#breadcrumb"},"inLanguage":"de","potentialAction":[{"@type":"ReadAction","target":["https:\/\/canoe-kayak-lavernede.com\/reservez-votre-nuit-en-bivouac-dans-les-gorges-de-lardeche\/"]}]},{"@type":"BreadcrumbList","@id":"https:\/\/canoe-kayak-lavernede.com\/reservez-votre-nuit-en-bivouac-dans-les-gorges-de-lardeche\/#breadcrumb","itemListElement":[{"@type":"ListItem","position":1,"name":"Accueil","item":"https:\/\/canoe-kayak-lavernede.com\/de\/"},{"@type":"ListItem","position":2,"name":"R\u00e9servez votre nuit en Bivouac dans les Gorges de l&rsquo;Ard\u00e8che"}]},{"@type":"WebSite","@id":"https:\/\/canoe-kayak-lavernede.com\/#website","url":"https:\/\/canoe-kayak-lavernede.com\/","name":"LA VERNEDE","description":"","potentialAction":[{"@type":"SearchAction","target":{"@type":"EntryPoint","urlTemplate":"https:\/\/canoe-kayak-lavernede.com\/?s={search_term_string}"},"query-input":{"@type":"PropertyValueSpecification","valueRequired":true,"valueName":"search_term_string"}}],"inLanguage":"de"}]}},"_links":{"self":[{"href":"https:\/\/canoe-kayak-lavernede.com\/de\/wp-json\/wp\/v2\/pages\/4218"}],"collection":[{"href":"https:\/\/canoe-kayak-lavernede.com\/de\/wp-json\/wp\/v2\/pages"}],"about":[{"href":"https:\/\/canoe-kayak-lavernede.com\/de\/wp-json\/wp\/v2\/types\/page"}],"author":[{"embeddable":true,"href":"https:\/\/canoe-kayak-lavernede.com\/de\/wp-json\/wp\/v2\/users\/5"}],"replies":[{"embeddable":true,"href":"https:\/\/canoe-kayak-lavernede.com\/de\/wp-json\/wp\/v2\/comments?post=4218"}],"version-history":[{"count":4,"href":"https:\/\/canoe-kayak-lavernede.com\/de\/wp-json\/wp\/v2\/pages\/4218\/revisions"}],"predecessor-version":[{"id":6021,"href":"https:\/\/canoe-kayak-lavernede.com\/de\/wp-json\/wp\/v2\/pages\/4218\/revisions\/6021"}],"wp:attachment":[{"href":"https:\/\/canoe-kayak-lavernede.com\/de\/wp-json\/wp\/v2\/media?parent=4218"}],"curies":[{"name":"wp","href":"https:\/\/api.w.org\/{rel}","templated":true}]}}