{"id":3701,"date":"2022-04-14T09:37:09","date_gmt":"2022-04-14T07:37:09","guid":{"rendered":"https:\/\/www.canoe-kayak-lavernede.com\/?page_id=3701"},"modified":"2024-06-04T15:25:18","modified_gmt":"2024-06-04T13:25:18","slug":"unsere-2-taegigen-kanutouren","status":"publish","type":"page","link":"https:\/\/canoe-kayak-lavernede.com\/de\/kanufahrten\/unsere-2-taegigen-kanutouren\/","title":{"rendered":"Unsere 2-t\u00e4gigen Kanutouren"},"content":{"rendered":"<p>[vc_row full_width=&#8220;stretch_row&#8220; el_id=&#8220;breadcrumb&#8220;][vc_column][vc_column_text]<span><span><a href=\"https:\/\/canoe-kayak-lavernede.com\/de\/\">Accueil<\/a><\/span><\/span><\/p>\n<p>[\/vc_column_text][\/vc_column][\/vc_row][vc_row full_width=&#8220;stretch_row&#8220; el_id=&#8220;ban_inte&#8220;][vc_column][vc_column_text]<\/p>\n<h1 style=\"text-align: center;\"><span class=\"titre_1\">Unsere 2-t\u00e4gigen Kanutouren<\/span><\/h1>\n<p>[\/vc_column_text][vc_column_text]<\/p>\n<p style=\"text-align: center;\"><span class=\"hashtag_small\">#Noch mehr Ard\u00e8che!<br \/>\n<\/span><\/p>\n<p>[\/vc_column_text]\n\n<picture class=\"ImgBG \" style=\"position: absolute; width: 100%; height:100%; top: 0; left:0; z-index: -2;\">\n    <img decoding=\"async\" width=\"2560\" height=\"1056\" src=\"https:\/\/canoe-kayak-lavernede.com\/wp-content\/uploads\/2021\/04\/DSC01091-1-scaled-e1592238006856.jpg\" class=\"attachment-full size-full\" alt=\"bivouac gorges ard\u00e8che\" srcset=\"https:\/\/canoe-kayak-lavernede.com\/wp-content\/uploads\/2021\/04\/DSC01091-1-scaled-e1592238006856.jpg 2560w, https:\/\/canoe-kayak-lavernede.com\/wp-content\/uploads\/2021\/04\/DSC01091-1-scaled-e1592238006856-780x322.jpg 780w, https:\/\/canoe-kayak-lavernede.com\/wp-content\/uploads\/2021\/04\/DSC01091-1-scaled-e1592238006856-768x317.jpg 768w, https:\/\/canoe-kayak-lavernede.com\/wp-content\/uploads\/2021\/04\/DSC01091-1-scaled-e1592238006856-1536x634.jpg 1536w, https:\/\/canoe-kayak-lavernede.com\/wp-content\/uploads\/2021\/04\/DSC01091-1-scaled-e1592238006856-2048x845.jpg 2048w\" sizes=\"(max-width: 2560px) 100vw, 2560px\" \/><\/picture>\n\n[\/vc_column][\/vc_row][vc_row][vc_column][vc_column_text]<\/p>\n<h2><span class=\"titre_1\">Kanutouren auf der Ard\u00e8che \u00fcber 2 Tage<br \/>\n<\/span><\/h2>\n<p>[\/vc_column_text][vc_column_text]Entdecken Sie die Schlucht von Ihrem Kanu aus mit einer Abfahrt der Ard\u00e8che in 2 Tagen. Hohe Kalksteinfelsen, gesch\u00fctzte Flora und Fauna, ein 50 m hoher nat\u00fcrlicher Bogen, \u2026 Alleine, mit Familie oder Freunden werden Sie von der Sch\u00f6nheit dieses Gegend begeistert sein.<\/p>\n<p>Bei den verschiedenen 2-Tages-Abfahrten, die La Vern\u00e8de anbietet, wird jeder f\u00fcndig![\/vc_column_text][\/vc_column][\/vc_row][vc_row][vc_column][\/vc_column][\/vc_row][vc_row css=&#8220;.vc_custom_1619591546249{border-top-width: 1px !important;border-bottom-width: 1px !important;background-color: #ffffff !important;border-top-color: #e2e2e2 !important;border-top-style: solid !important;border-bottom-color: #e2e2e2 !important;border-bottom-style: solid !important;border-radius: 1px !important;}&#8220;][vc_column width=&#8220;1\/2&#8243;][vc_column_text]<\/p>\n<h3><a href=\"https:\/\/canoe-kayak-lavernede.com\/en\/canoe-trips\/our-2-days-canoe-trips\/2-days-canoe-trip-32km-with-bivouac-overnight\/\"><span class=\"titre_2\">Der Biwak-Trip &#8211; 32km in 2 Tagen<\/span><\/a><\/h3>\n<p>[\/vc_column_text][vc_single_image image=&#8220;2635&#8243;][vc_column_text]<strong><span class=\"titre_2\"> \ud83d\udef6 <\/span>3h00 Paddeln \/ Tag<br \/>\n<\/strong>[\/vc_column_text][vc_column_text]Sie haben davon getr\u00e4umt &#8211; wir machen&#8217;s m\u00f6glich: Entdecken Sie die pr\u00e4chtigen Landschaften der Ard\u00e8che-Schlucht mit einem n\u00e4chtlichen Zwischenstopp im Biwak! Ein 100%iges Naturabenteuer, das Ihnen einen totalen Abstand vom Alltag\u00a0 und das gemeinsame Erleben einfacher Momente bietet.<br \/>\nMachen Sie Ihr Kanu fest, schlagen Sie Ihr Zelt auf und heizen Sie die Grills an! Es erwartet Sie ein einzigartiger und geselliger Abend.<br \/>\nNehmen Sie nach einer Nacht unter den Sternen die Navigation wieder auf und nutzen Sie die Stromschnellen, um Nervenkitzel zu tanken![\/vc_column_text][\/vc_column][vc_column width=&#8220;1\/2&#8243;][vc_column_text]<span class=\"titre_2\">\u00a0<\/span>[\/vc_column_text][vc_single_image image=&#8220;3666&#8243; img_size=&#8220;600&#215;180&#8243; style=&#8220;vc_box_rounded&#8220; onclick=&#8220;link_image&#8220;]<div class=' txt_centre btn_plein_rouge'><a class='lien_btn smoothScroll' href='\/en\/canoe-trips\/our-2-days-canoe-trips\/2-days-canoe-trip-32km-with-bivouac-overnight\/' ><span>Infos \/ Reservierungen<\/span><\/a><\/div>[\/vc_column][\/vc_row][vc_row css=&#8220;.vc_custom_1619508804207{border-top-width: 1px !important;border-bottom-width: 1px !important;background-color: #ffffff !important;border-top-color: #e2e2e2 !important;border-top-style: solid !important;border-bottom-color: #e2e2e2 !important;border-bottom-style: solid !important;border-radius: 1px !important;}&#8220;][vc_column width=&#8220;1\/2&#8243;][vc_column_text]<\/p>\n<h3><span class=\"titre_2\"><a href=\"https:\/\/canoe-kayak-lavernede.com\/en\/canoe-trips\/our-2-days-canoe-trips\/the-fifty-fifty-2-days-canoe-trip-1616-km\/\">Die fifty-fifty 16+16km<\/a><br \/>\n<\/span><\/h3>\n<p>[\/vc_column_text][vc_single_image image=&#8220;2633&#8243;][vc_column_text]<strong><span class=\"titre_2\"> \ud83d\udef6 <\/span>3h00 Paddeln \/ Tag + 45 min Wandern am Steilhang<br \/>\n<\/strong>[\/vc_column_text][vc_column_text]Ein au\u00dfergew\u00f6hnliches Abenteuer\u2026 und ohne Stress! Da die 32 km lange Abfahrt in der Ard\u00e8che einige von Ihnen beeindrucken kann (und das zu Recht!), laden wir Sie ein, Vergn\u00fcgen und Entdeckung dank unserer Formel 50\/50 zu kombinieren. Wie der Name schon sagt: Es geht darum, die Strecke in zwei etwa gleich lange Etappen zu unterteilen.<br \/>\nAlles das, ohne sich um die Logistik des Biwaks k\u00fcmmern zu m\u00fcssen!<br \/>\nAm Ende Ihres ersten Navigationstages bringen wir Sie f\u00fcr die Nacht zur\u00fcck nach Vallon Pont d&#8217;Arc. Am n\u00e4chsten Morgen steigen Sie f\u00fcr den Rest des Pacours wieder ein.[\/vc_column_text][\/vc_column][vc_column width=&#8220;1\/2&#8243;][vc_column_text]<span class=\"titre_2\">\u00a0<\/span>[\/vc_column_text][vc_single_image image=&#8220;3664&#8243; img_size=&#8220;600&#215;180&#8243; style=&#8220;vc_box_rounded&#8220; onclick=&#8220;link_image&#8220;]<div class=' txt_centre btn_plein_rouge'><a class='lien_btn smoothScroll' href='\/en\/canoe-trips\/our-2-days-canoe-trips\/the-fifty-fifty-2-days-canoe-trip-1616-km\/' ><span>Infos \/ Reservierungen<\/span><\/a><\/div>[\/vc_column][\/vc_row][vc_row css=&#8220;.vc_custom_1619508804207{border-top-width: 1px !important;border-bottom-width: 1px !important;background-color: #ffffff !important;border-top-color: #e2e2e2 !important;border-top-style: solid !important;border-bottom-color: #e2e2e2 !important;border-bottom-style: solid !important;border-radius: 1px !important;}&#8220;][vc_column width=&#8220;1\/2&#8243;][vc_column_text]<\/p>\n<h3><span class=\"titre_2\"><a href=\"https:\/\/canoe-kayak-lavernede.com\/en\/canoe-trips\/our-2-days-canoe-trips\/the-easy-way-2-days-canoe-trip-824km\/\">Easy way 8+24km \/ 24+8km<\/a><br \/>\n<\/span><\/h3>\n<p>[\/vc_column_text][vc_single_image image=&#8220;2633&#8243;][vc_column_text]<strong><span class=\"titre_2\"> \ud83d\udef6 <\/span>1h30 f\u00fcr die 8km \/ 5h f\u00fcr die 24km<br \/>\n<\/strong>[\/vc_column_text][vc_column_text]Sind Sie bereit, heute die Abfahrt durch die Schluchten in Angriff zu nehmen? Heute Abend feiern und morgen mit der Mini-Abfahrt ausklingen?<\/p>\n<p>Sie reisen sp\u00e4t an und m\u00f6chten sich bei der Mini-Abfahrt aufw\u00e4rmen, bevor Sie sich mit Ihren Freunden auf den Hauptteil der Strecke begeben?<\/p>\n<p>Entdecken Sie unsere ma\u00dfgeschneiderte Formel:<\/p>\n<p>Tag 1: Sie durchqueren das Naturschutzgebiet Gorges de l&#8217;Ard\u00e8che.<\/p>\n<p>Tag 2: Sie navigieren den Mini-Parcours zum majest\u00e4tischen Pont d&#8217;Arc, der dieses einzigartige Erlebnis mit W\u00fcrde abschlie\u00dft!<\/p>\n<p>Oder umgekehrt ! Es liegt an Ihnen ![\/vc_column_text][\/vc_column][vc_column width=&#8220;1\/2&#8243;][vc_column_text]<span class=\"titre_2\">\u00a0<\/span>[\/vc_column_text][vc_single_image image=&#8220;2731&#8243; img_size=&#8220;600&#215;180&#8243; style=&#8220;vc_box_rounded&#8220; onclick=&#8220;link_image&#8220;]<div class=' txt_centre btn_plein_rouge'><a class='lien_btn smoothScroll' href='\/en\/canoe-trips\/our-2-days-canoe-trips\/the-easy-way-2-days-canoe-trip-824km\/' ><span>8 + 24km Tour - Infos \/ Reservierungen<\/span><\/a><\/div>[vc_column_text]<br \/>\n[\/vc_column_text]<div class=' txt_centre btn_plein_rouge'><a class='lien_btn smoothScroll' href='\/en\/canoe-trips\/our-2-days-canoe-trips\/the-easy-way-2-days-canoe-trip-248km\/' ><span>24 + 8km Tour - Infos \/ Reservierungen<\/span><\/a><\/div>[\/vc_column][\/vc_row][vc_row][vc_column][\/vc_column][\/vc_row][vc_row][vc_column width=&#8220;1\/4&#8243;][vc_column_text]<\/p>\n<h2><span class=\"titre_2\">ENTDECKEN SIE AUCH UNSERE 1-TAGES-ABFAHRTEN!<\/span><\/h2>\n<p>[\/vc_column_text]<div class='  btn_plein_rouge'><a class='lien_btn smoothScroll' href='\/en\/canoe-trips\/sur-1-jour\/' ><span>Mehr Informationen !<\/span><\/a><\/div>[\/vc_column][vc_column width=&#8220;3\/4&#8243;][vc_single_image image=&#8220;3693&#8243; img_size=&#8220;900&#215;220&#8243; style=&#8220;vc_box_rounded&#8220;][\/vc_column][\/vc_row]<\/p>\n","protected":false},"excerpt":{"rendered":"<p>[vc_row full_width=&#8220;stretch_row&#8220; el_id=&#8220;breadcrumb&#8220;][vc_column][vc_column_text] [\/vc_column_text][\/vc_column][\/vc_row][vc_row full_width=&#8220;stretch_row&#8220; el_id=&#8220;ban_inte&#8220;][vc_column][vc_column_text] Unsere 2-t\u00e4gigen Kanutouren [\/vc_column_text][vc_column_text] #Noch mehr Ard\u00e8che! [\/vc_column_text][\/vc_column][\/vc_row][vc_row][vc_column][vc_column_text] Kanutouren auf der Ard\u00e8che \u00fcber 2 Tage [\/vc_column_text][vc_column_text]Entdecken Sie die Schlucht von Ihrem Kanu aus mit einer Abfahrt der Ard\u00e8che in 2 Tagen. Hohe Kalksteinfelsen, gesch\u00fctzte Flora und Fauna, ein 50 m hoher nat\u00fcrlicher Bogen, \u2026 Alleine, mit Familie oder Freunden [&hellip;]<\/p>\n","protected":false},"author":5,"featured_media":0,"parent":3618,"menu_order":0,"comment_status":"closed","ping_status":"closed","template":"","meta":{"footnotes":""},"class_list":["post-3701","page","type-page","status-publish"],"yoast_head":"<!-- This site is optimized with the Yoast SEO plugin v24.3 - https:\/\/yoast.com\/wordpress\/plugins\/seo\/ -->\n<title>Unsere 2-t\u00e4gigen Kanutouren - LA VERNEDE<\/title>\n<meta name=\"description\" content=\"Entdecken Sie die Schluchten von Ihrem Kanu aus mit einer Kanutour der Ard\u00e8che in 2 Tagen.\" \/>\n<meta name=\"robots\" content=\"index, follow, max-snippet:-1, max-image-preview:large, max-video-preview:-1\" \/>\n<link rel=\"canonical\" href=\"https:\/\/canoe-kayak-lavernede.com\/de\/kanufahrten\/unsere-2-taegigen-kanutouren\/\" \/>\n<meta property=\"og:locale\" content=\"de_DE\" \/>\n<meta property=\"og:type\" content=\"article\" \/>\n<meta property=\"og:title\" content=\"Unsere 2-t\u00e4gigen Kanutouren - LA VERNEDE\" \/>\n<meta property=\"og:description\" content=\"Entdecken Sie die Schluchten von Ihrem Kanu aus mit einer Kanutour der Ard\u00e8che in 2 Tagen.\" \/>\n<meta property=\"og:url\" content=\"https:\/\/canoe-kayak-lavernede.com\/de\/kanufahrten\/unsere-2-taegigen-kanutouren\/\" \/>\n<meta property=\"og:site_name\" content=\"LA VERNEDE\" \/>\n<meta property=\"article:modified_time\" content=\"2024-06-04T13:25:18+00:00\" \/>\n<meta name=\"twitter:card\" content=\"summary_large_image\" \/>\n<meta name=\"twitter:label1\" content=\"Gesch\u00e4tzte Lesezeit\" \/>\n\t<meta name=\"twitter:data1\" content=\"3\u00a0Minuten\" \/>\n<script type=\"application\/ld+json\" class=\"yoast-schema-graph\">{\"@context\":\"https:\/\/schema.org\",\"@graph\":[{\"@type\":\"WebPage\",\"@id\":\"https:\/\/canoe-kayak-lavernede.com\/de\/kanufahrten\/unsere-2-taegigen-kanutouren\/\",\"url\":\"https:\/\/canoe-kayak-lavernede.com\/de\/kanufahrten\/unsere-2-taegigen-kanutouren\/\",\"name\":\"Unsere 2-t\u00e4gigen Kanutouren - LA VERNEDE\",\"isPartOf\":{\"@id\":\"https:\/\/canoe-kayak-lavernede.com\/#website\"},\"datePublished\":\"2022-04-14T07:37:09+00:00\",\"dateModified\":\"2024-06-04T13:25:18+00:00\",\"description\":\"Entdecken Sie die Schluchten von Ihrem Kanu aus mit einer Kanutour der Ard\u00e8che in 2 Tagen.\",\"breadcrumb\":{\"@id\":\"https:\/\/canoe-kayak-lavernede.com\/de\/kanufahrten\/unsere-2-taegigen-kanutouren\/#breadcrumb\"},\"inLanguage\":\"de\",\"potentialAction\":[{\"@type\":\"ReadAction\",\"target\":[\"https:\/\/canoe-kayak-lavernede.com\/de\/kanufahrten\/unsere-2-taegigen-kanutouren\/\"]}]},{\"@type\":\"BreadcrumbList\",\"@id\":\"https:\/\/canoe-kayak-lavernede.com\/de\/kanufahrten\/unsere-2-taegigen-kanutouren\/#breadcrumb\",\"itemListElement\":[{\"@type\":\"ListItem\",\"position\":1,\"name\":\"Accueil\",\"item\":\"https:\/\/canoe-kayak-lavernede.com\/de\/\"},{\"@type\":\"ListItem\",\"position\":2,\"name\":\"Kanutouren auf der Ard\u00e8che\",\"item\":\"https:\/\/canoe-kayak-lavernede.com\/de\/kanufahrten\/\"},{\"@type\":\"ListItem\",\"position\":3,\"name\":\"Unsere 2-t\u00e4gigen Kanutouren\"}]},{\"@type\":\"WebSite\",\"@id\":\"https:\/\/canoe-kayak-lavernede.com\/#website\",\"url\":\"https:\/\/canoe-kayak-lavernede.com\/\",\"name\":\"LA VERNEDE\",\"description\":\"\",\"potentialAction\":[{\"@type\":\"SearchAction\",\"target\":{\"@type\":\"EntryPoint\",\"urlTemplate\":\"https:\/\/canoe-kayak-lavernede.com\/?s={search_term_string}\"},\"query-input\":{\"@type\":\"PropertyValueSpecification\",\"valueRequired\":true,\"valueName\":\"search_term_string\"}}],\"inLanguage\":\"de\"}]}<\/script>\n<!-- \/ Yoast SEO plugin. -->","yoast_head_json":{"title":"Unsere 2-t\u00e4gigen Kanutouren - LA VERNEDE","description":"Entdecken Sie die Schluchten von Ihrem Kanu aus mit einer Kanutour der Ard\u00e8che in 2 Tagen.","robots":{"index":"index","follow":"follow","max-snippet":"max-snippet:-1","max-image-preview":"max-image-preview:large","max-video-preview":"max-video-preview:-1"},"canonical":"https:\/\/canoe-kayak-lavernede.com\/de\/kanufahrten\/unsere-2-taegigen-kanutouren\/","og_locale":"de_DE","og_type":"article","og_title":"Unsere 2-t\u00e4gigen Kanutouren - LA VERNEDE","og_description":"Entdecken Sie die Schluchten von Ihrem Kanu aus mit einer Kanutour der Ard\u00e8che in 2 Tagen.","og_url":"https:\/\/canoe-kayak-lavernede.com\/de\/kanufahrten\/unsere-2-taegigen-kanutouren\/","og_site_name":"LA VERNEDE","article_modified_time":"2024-06-04T13:25:18+00:00","twitter_card":"summary_large_image","twitter_misc":{"Gesch\u00e4tzte Lesezeit":"3\u00a0Minuten"},"schema":{"@context":"https:\/\/schema.org","@graph":[{"@type":"WebPage","@id":"https:\/\/canoe-kayak-lavernede.com\/de\/kanufahrten\/unsere-2-taegigen-kanutouren\/","url":"https:\/\/canoe-kayak-lavernede.com\/de\/kanufahrten\/unsere-2-taegigen-kanutouren\/","name":"Unsere 2-t\u00e4gigen Kanutouren - LA VERNEDE","isPartOf":{"@id":"https:\/\/canoe-kayak-lavernede.com\/#website"},"datePublished":"2022-04-14T07:37:09+00:00","dateModified":"2024-06-04T13:25:18+00:00","description":"Entdecken Sie die Schluchten von Ihrem Kanu aus mit einer Kanutour der Ard\u00e8che in 2 Tagen.","breadcrumb":{"@id":"https:\/\/canoe-kayak-lavernede.com\/de\/kanufahrten\/unsere-2-taegigen-kanutouren\/#breadcrumb"},"inLanguage":"de","potentialAction":[{"@type":"ReadAction","target":["https:\/\/canoe-kayak-lavernede.com\/de\/kanufahrten\/unsere-2-taegigen-kanutouren\/"]}]},{"@type":"BreadcrumbList","@id":"https:\/\/canoe-kayak-lavernede.com\/de\/kanufahrten\/unsere-2-taegigen-kanutouren\/#breadcrumb","itemListElement":[{"@type":"ListItem","position":1,"name":"Accueil","item":"https:\/\/canoe-kayak-lavernede.com\/de\/"},{"@type":"ListItem","position":2,"name":"Kanutouren auf der Ard\u00e8che","item":"https:\/\/canoe-kayak-lavernede.com\/de\/kanufahrten\/"},{"@type":"ListItem","position":3,"name":"Unsere 2-t\u00e4gigen Kanutouren"}]},{"@type":"WebSite","@id":"https:\/\/canoe-kayak-lavernede.com\/#website","url":"https:\/\/canoe-kayak-lavernede.com\/","name":"LA VERNEDE","description":"","potentialAction":[{"@type":"SearchAction","target":{"@type":"EntryPoint","urlTemplate":"https:\/\/canoe-kayak-lavernede.com\/?s={search_term_string}"},"query-input":{"@type":"PropertyValueSpecification","valueRequired":true,"valueName":"search_term_string"}}],"inLanguage":"de"}]}},"_links":{"self":[{"href":"https:\/\/canoe-kayak-lavernede.com\/de\/wp-json\/wp\/v2\/pages\/3701"}],"collection":[{"href":"https:\/\/canoe-kayak-lavernede.com\/de\/wp-json\/wp\/v2\/pages"}],"about":[{"href":"https:\/\/canoe-kayak-lavernede.com\/de\/wp-json\/wp\/v2\/types\/page"}],"author":[{"embeddable":true,"href":"https:\/\/canoe-kayak-lavernede.com\/de\/wp-json\/wp\/v2\/users\/5"}],"replies":[{"embeddable":true,"href":"https:\/\/canoe-kayak-lavernede.com\/de\/wp-json\/wp\/v2\/comments?post=3701"}],"version-history":[{"count":3,"href":"https:\/\/canoe-kayak-lavernede.com\/de\/wp-json\/wp\/v2\/pages\/3701\/revisions"}],"predecessor-version":[{"id":7930,"href":"https:\/\/canoe-kayak-lavernede.com\/de\/wp-json\/wp\/v2\/pages\/3701\/revisions\/7930"}],"up":[{"embeddable":true,"href":"https:\/\/canoe-kayak-lavernede.com\/de\/wp-json\/wp\/v2\/pages\/3618"}],"wp:attachment":[{"href":"https:\/\/canoe-kayak-lavernede.com\/de\/wp-json\/wp\/v2\/media?parent=3701"}],"curies":[{"name":"wp","href":"https:\/\/api.w.org\/{rel}","templated":true}]}}