{"id":3691,"date":"2022-04-14T09:27:07","date_gmt":"2022-04-14T07:27:07","guid":{"rendered":"https:\/\/www.canoe-kayak-lavernede.com\/?page_id=3691"},"modified":"2024-06-04T10:43:53","modified_gmt":"2024-06-04T08:43:53","slug":"der-pont-darc-kanutour-8km","status":"publish","type":"page","link":"https:\/\/canoe-kayak-lavernede.com\/de\/kanufahrten\/eintaegige-kanutouren\/der-pont-darc-kanutour-8km\/","title":{"rendered":"Der Pont d\u2019Arc &#8211; Kanutour 8km"},"content":{"rendered":"<p>[vc_row full_width=&#8220;stretch_row&#8220; el_id=&#8220;breadcrumb&#8220;][vc_column][vc_column_text]<span><span><a href=\"https:\/\/canoe-kayak-lavernede.com\/de\/\">Accueil<\/a><\/span><\/span><\/p>\n<p>[\/vc_column_text][\/vc_column][\/vc_row][vc_row full_width=&#8220;stretch_row&#8220; el_id=&#8220;ban_inte&#8220;][vc_column][vc_column_text]<\/p>\n<h1><span class=\"titre_1\">Ard\u00e8che Kanutour &#8211; 8 km<\/span><\/h1>\n<p>[\/vc_column_text][vc_raw_html el_id=&#8220;fichedescentes_bloc&#8220;]JTNDZGl2JTIwY2xhc3MlM0QlMjJmaWNoZWRlc2NlbnRlc18yY29sJTIyJTNFJTBBJTA5JTNDZGl2JTIwY2xhc3MlM0QlMjJmaWNoZWRlc2NlbnRlc19kdXJlZSUyMiUzRTFoMzAlMjBwYWRkZWxuJTNDJTJGZGl2JTNFJTBBJTA5JTNDZGl2JTIwY2xhc3MlM0QlMjJmaWNoZWRlc2NlbnRlc191c2VyJTIyJTNFcGVyZmVrdCUyMGYlQzMlQkNyJTIwRmFtaWxpZW4lM0MlMkZkaXYlM0UlMEElM0MlMkZkaXYlM0U=[\/vc_raw_html]\n\n<picture class=\"ImgBG \" style=\"position: absolute; width: 100%; height:100%; top: 0; left:0; z-index: -2;\">\n    <img decoding=\"async\" width=\"2560\" height=\"1707\" src=\"https:\/\/canoe-kayak-lavernede.com\/wp-content\/uploads\/2021\/04\/Canoe-Loulou-2016-4-scaled.jpg\" class=\"attachment-full size-full\" alt=\"le pont d&#039;arc ard\u00e8che\" srcset=\"https:\/\/canoe-kayak-lavernede.com\/wp-content\/uploads\/2021\/04\/Canoe-Loulou-2016-4-scaled.jpg 2560w, https:\/\/canoe-kayak-lavernede.com\/wp-content\/uploads\/2021\/04\/Canoe-Loulou-2016-4-780x520.jpg 780w, https:\/\/canoe-kayak-lavernede.com\/wp-content\/uploads\/2021\/04\/Canoe-Loulou-2016-4-1620x1080.jpg 1620w, https:\/\/canoe-kayak-lavernede.com\/wp-content\/uploads\/2021\/04\/Canoe-Loulou-2016-4-768x512.jpg 768w, https:\/\/canoe-kayak-lavernede.com\/wp-content\/uploads\/2021\/04\/Canoe-Loulou-2016-4-1536x1024.jpg 1536w, https:\/\/canoe-kayak-lavernede.com\/wp-content\/uploads\/2021\/04\/Canoe-Loulou-2016-4-2048x1365.jpg 2048w\" sizes=\"(max-width: 2560px) 100vw, 2560px\" \/><\/picture>\n\n[\/vc_column][\/vc_row][vc_row el_class=&#8220;borderB_gris&#8220;][vc_column][vc_column_text]<\/p>\n<h2><span class=\"titre_2\">Der Pont d\u2019Arc \u2013 Kanutour 8 km<\/span><\/h2>\n<p>[\/vc_column_text][vc_raw_html]JTNDZGl2JTIwY2xhc3MlM0QlMjJmaWNoZXNkZXNjZW50ZXNfZm9yY2UlMjBmb3JjZTElMjIlM0VFaW5mYWNoJTNDJTJGZGl2JTNF[\/vc_raw_html][\/vc_column][\/vc_row][vc_row][vc_column][vc_raw_html el_class=&#8220;menu_ancres&#8220;]JTNDdWwlM0UlMEElMDklM0NsaSUzRSUzQ2ElMjBjbGFzcyUzRCUyMnNtb290aFNjcm9sbCUyMiUyMGhyZWYlM0QlMjIlMjNmaWNoZV9zYXZvaXJwbHVzJTIyJTNFJTNDc3BhbiUzRUVyZmFocmVuJTIwU2llJTIwbWVociUzQyUyRnNwYW4lM0UlM0MlMkZhJTNFJTNDJTJGbGklM0UlMEElMDklM0NsaSUzRSUzQ2ElMjBjbGFzcyUzRCUyMnNtb290aFNjcm9sbCUyMiUyMGhyZWYlM0QlMjIlMjNmaWNoZV9kZXRhaWxzJTIyJTNFJTNDc3BhbiUzRWRldGFpbHMlM0MlMkZzcGFuJTNFJTNDJTJGYSUzRSUzQyUyRmxpJTNFJTBBJTA5JTNDbGklM0UlM0NhJTIwY2xhc3MlM0QlMjJzbW9vdGhTY3JvbGwlMjIlMjBocmVmJTNEJTIyJTIzZmljaGVfdGFyaWZzJTIyJTNFJTNDc3BhbiUzRVByZWlzZSUyMHVuZCUyMEJld2VydHVuZ2VuJTNDJTJGc3BhbiUzRSUzQyUyRmElM0UlM0MlMkZsaSUzRSUwQSUzQyUyRnVsJTNF[\/vc_raw_html][\/vc_column][\/vc_row][vc_row full_width=&#8220;stretch_row&#8220; el_id=&#8220;fiche_savoirplus&#8220;][vc_column width=&#8220;2\/3&#8243;][vc_single_image image=&#8220;3694&#8243; img_size=&#8220;full&#8220; alignment=&#8220;center&#8220;][vc_column_text]Die 8 km lange Kanu-Kajak-Strecke ist der ideale kleine Ausflug mit Familie und Freunden!<\/p>\n<p>Dieser Parcours dauert ungef\u00e4hr 1h30 Paddelzeit, aber Sie haben die Kanus so lange Sie wollen! Das Ziel ist es, diese Abfahrt entspannt zu machen und gleichzeitig die verschiedenen Str\u00e4nde zu nutzen, insbesondere den herrlichen Strand vom Pont d&#8217;Arc.<\/p>\n<p>Ob morgens in der K\u00fchle, mittags beim Picknick oder sogar nachmittags unter der Sommersonne, dieser Parcours wird auch f\u00fcr weniger Sportliche ein toller Moment.<\/p>\n<p>Zu einem gemeinsam vereinbarten Zeitpunkt holen wir Sie am Ende der Strecke ab, um Sie wieder an den Ausgangspunkt zu bringen, an dem Sie Ihre Fahrzeuge abgestellt haben.[\/vc_column_text][\/vc_column][vc_column width=&#8220;1\/3&#8243;][vc_raw_html]JTVCZm9ybXVsYWlyZV9yZXNlcnZhdGlvbiU1RA==[\/vc_raw_html][\/vc_column][\/vc_row][vc_row full_width=&#8220;stretch_row&#8220; el_id=&#8220;fiche_details&#8220;][vc_column][vc_column_text el_class=&#8220;padB_2&#8243;]<\/p>\n<h2 style=\"text-align: center;\"><span class=\"titre_2\">Details de votre descente<\/span><\/h2>\n<p>[\/vc_column_text][vc_row_inner][vc_column_inner width=&#8220;1\/3&#8243;][vc_single_image image=&#8220;3696&#8243; img_size=&#8220;full&#8220; alignment=&#8220;center&#8220; el_class=&#8220;fiche_map_picto&#8220;][vc_column_text el_class=&#8220;fiche_titre_details&#8220;]<\/p>\n<p style=\"text-align: center;\"><span class=\"txt_details_1\">Abfahrt<\/span><\/p>\n<p>[\/vc_column_text][vc_column_text el_class=&#8220;txt_center&#8220;]Start Ihrer Kanutour nonstop zwischen 8:00 und 16:00 Uhr<br \/>\nTreffen Sie uns an unser Basis an der Route des Gorges in Vallon Pont D\u2019Arc, wo unsere Teams Ihnen die notwendige Ausr\u00fcstung f\u00fcr Ihre Aktivit\u00e4t zur Verf\u00fcgung stellen: wasserdichte Beh\u00e4lter, Schwimmwesten usw.<\/p>\n<p>Nach der Ausstattung und Vorbereitung (Duschen<br \/>\nund Toiletten vor Ort vorhanden), erhalten Sie eine kurze Einweisung in den Parcours und seine Besonderheiten, sowie eine schnelle Einf\u00fchrung in die Paddeltechnik.<\/p>\n<p>Sie sind jetzt bereit: Steigen Sie 100m weiter an unserem Startpunkt ins Boot\u00a0 &#8211; und los geht&#8217;s![\/vc_column_text][\/vc_column_inner][vc_column_inner width=&#8220;1\/3&#8243;][vc_single_image image=&#8220;3695&#8243; img_size=&#8220;full&#8220; alignment=&#8220;center&#8220; el_class=&#8220;fiche_map_picto&#8220;][vc_column_text el_class=&#8220;fiche_titre_details&#8220;]<\/p>\n<p style=\"text-align: center;\"><span class=\"txt_details_2\">Kanutour<\/span><\/p>\n<p>[\/vc_column_text][vc_column_text el_class=&#8220;txt_center&#8220;]Die 8 km lange Strecke ist leicht zug\u00e4nglich und familienfreundlich: Die Navigation ist sehr einfach. Nur die Stromschnellen Branches und Charlemagne erfordern ein wenig Geschicklichkeit.<\/p>\n<p>Nach etwa einer Stunde Paddeln genie\u00dfen Sie ein unvergessliches Erlebnis, wenn Sie unter der majest\u00e4tischen Pont D&#8217;Arc hindurchfahren, einem idealen Ort zum Schwimmen.<\/p>\n<p>Sobald Sie den Pont d&#8217;Arc passiert haben, planen Sie etwa 30 Minuten Paddelzeit ein, um den Strand zu erreichen, an dem Ihr Parcours endet.[\/vc_column_text][\/vc_column_inner][vc_column_inner width=&#8220;1\/3&#8243;][vc_single_image image=&#8220;3697&#8243; img_size=&#8220;full&#8220; alignment=&#8220;center&#8220; el_class=&#8220;fiche_map_picto&#8220;][vc_column_text el_class=&#8220;fiche_titre_details&#8220;]<\/p>\n<p style=\"text-align: center;\"><span class=\"txt_details_3\">Ankunft und R\u00fcckkehr<\/span><\/p>\n<p>[\/vc_column_text][vc_column_text el_class=&#8220;txt_center&#8220;]Die Ankunft erfolgt im Weiler CHAMES<br \/>\nund wird durch S<strong>TOP 5<\/strong> (linkes Ufer) angezeigt.<\/p>\n<p>Unsere Shuttles erwarten Sie bei Ihrer Ankunft zu dem von Ihnen vorabgew\u00e4hlten Zeitpunkt, um Sie zur\u00fcck zur Basis in Vallon-Pont-D\u2019Arc zu bringen, wo Sie Ihr Fahrzeug abgestellt haben.<\/p>\n<p>Wahl der R\u00fcckgabezeiten:<br \/>\n11:00 &#8211; 12:00 &#8211; 14:00 &#8211; 15:00 &#8211; 16:00 &#8211; 17:00 &#8211; 18:00[\/vc_column_text][\/vc_column_inner][\/vc_row_inner][vc_row_inner][vc_column_inner][vc_raw_html]JTNDZGl2JTIwY2xhc3MlM0QlMjJmaWNoZWRlc2NlbnRlc19kZXRhaWxzJTIyJTNFJTBBJTA5JTNDZGl2JTIwY2xhc3MlM0QlMjJmaWNoZWRlc2NlbnRlc19kZXRhaWxzX2ZvcmNlJTIwZm9yY2UxJTIyJTNFRWluZmFjaCUzQyUyRmRpdiUzRSUwQSUwOSUzQ2RpdiUyMGNsYXNzJTNEJTIyZmljaGVkZXNjZW50ZXNfZGV0YWlsc19kdXJlZSUyMiUzRTFoMzAlMjBwYWRkZWxuJTNDJTJGZGl2JTNFJTBBJTA5JTNDZGl2JTIwY2xhc3MlM0QlMjJmaWNoZWRlc2NlbnRlc19kZXRhaWxzX3VzZXIlMjIlM0VwZXJmZWt0JTIwZiVDMyVCQ3IlMjBGYW1pbGllbiUzQyUyRmRpdiUzRSUwQSUzQyUyRmRpdiUzRQ==[\/vc_raw_html][\/vc_column_inner][\/vc_row_inner][\/vc_column][\/vc_row][vc_row full_width=&#8220;stretch_row&#8220; el_id=&#8220;fiche_tarifs&#8220;][vc_column width=&#8220;2\/3&#8243;][vc_column_text]<div class=\"tarifs_titre\"><span>tarifs 8km - Mini descente<\/span><\/div><table class=\"tableau_tarifs\"><thead><tr><th><\/th><th>Internet<\/th><th>Haute saison<\/th><th>Basse saison<\/th><\/tr><\/thead><tbody><tr><td>1 \u00e0 9 adultes<\/td><td>28&nbsp;&euro;<\/td><td>32&nbsp;&euro;<\/td><td>30&nbsp;&euro;<\/td><\/tr><tr><td>10 \u00e0 19 adultes<\/td><td>26&nbsp;&euro;<\/td><td>30&nbsp;&euro;<\/td><td>28&nbsp;&euro;<\/td><\/tr><tr><td>+ 20 adultes<\/td><td>24&nbsp;&euro;<\/td><td>28&nbsp;&euro;<\/td><td>26&nbsp;&euro;<\/td><\/tr><tr><td data-text=\"Prix enfant > 15ans\">1 enfant de 7 \u00e0 15 ans<\/td><td>21&nbsp;&euro;<\/td><td>24&nbsp;&euro;<\/td><td>22&nbsp;&euro;<\/td><\/tr><tr><td data-text=\"Prix enfant < 3eme pl\">1 enfant 3\u00e8me place (-45kg)<\/td><td>19&nbsp;&euro;<\/td><td>19&nbsp;&euro;<\/td><td>19&nbsp;&euro;<\/td><\/tr><\/tbody><\/table>[\/vc_column_text][\/vc_column][vc_column width=&#8220;1\/3&#8243;]<div class=\"templatera_shortcode\"><div class=\"vc_row wpb_row vc_row-fluid vc_custom_1651655833739\"><div class=\"wpb_column vc_column_container vc_col-sm-12\"><div class=\"vc_column-inner\"><div class=\"wpb_wrapper\">\n\t<div class=\"wpb_raw_code wpb_content_element wpb_raw_html\" >\n\t\t<div class=\"wpb_wrapper\">\n\t\t\t<!-- TrustBox widget - Mini -->\n<div class=\"trustpilot-widget\" data-locale=\"fr-FR\" data-template-id=\"53aa8807dec7e10d38f59f32\" data-businessunit-id=\"56b609b80000ff0005889385\" data-style-height=\"150px\" data-style-width=\"100%\" data-theme=\"light\">\n  <a href=\"https:\/\/fr.trustpilot.com\/review\/canoe-kayak-lavernede.com\" target=\"_blank\" rel=\"noopener\">Trustpilot<\/a>\n<\/div>\n<!-- End TrustBox widget -->\n\t\t<\/div>\n\t<\/div>\n<\/div><\/div><\/div><\/div><\/div>[\/vc_column][\/vc_row][vc_row][vc_column][\/vc_column][\/vc_row]<\/p>\n","protected":false},"excerpt":{"rendered":"Accueil Ard\u00e8che Kanutour - 8 km 1h30 paddeln perfekt f\u00fcr Familien Der Pont d\u2019Arc \u2013 Kanutour 8 km Einfach Erfahren Sie mehr details Preise und Bewertungen Die 8 km lange Kanu-Kajak-Strecke ist der ideale kleine Ausflug mit Familie und Freunden! Dieser Parcours dauert ungef\u00e4hr 1h30 Paddelzeit, aber Sie haben die Kanus so lange Sie wollen! [...]","protected":false},"author":5,"featured_media":3288,"parent":3661,"menu_order":0,"comment_status":"closed","ping_status":"closed","template":"","meta":{"footnotes":""},"class_list":{"0":"post-3691","1":"page","2":"type-page","3":"status-publish","4":"has-post-thumbnail","6":"categorie-descente"},"yoast_head":"<!-- This site is optimized with the Yoast SEO plugin v24.3 - https:\/\/yoast.com\/wordpress\/plugins\/seo\/ -->\n<title>Der Pont d\u2019Arc - Kanutour 8km - LA VERNEDE<\/title>\n<meta name=\"robots\" content=\"index, follow, max-snippet:-1, max-image-preview:large, max-video-preview:-1\" \/>\n<link rel=\"canonical\" href=\"https:\/\/canoe-kayak-lavernede.com\/de\/kanufahrten\/eintaegige-kanutouren\/der-pont-darc-kanutour-8km\/\" \/>\n<meta property=\"og:locale\" content=\"de_DE\" \/>\n<meta property=\"og:type\" content=\"article\" \/>\n<meta property=\"og:title\" content=\"Der Pont d\u2019Arc - Kanutour 8km - LA VERNEDE\" \/>\n<meta property=\"og:url\" content=\"https:\/\/canoe-kayak-lavernede.com\/de\/kanufahrten\/eintaegige-kanutouren\/der-pont-darc-kanutour-8km\/\" \/>\n<meta property=\"og:site_name\" content=\"LA VERNEDE\" \/>\n<meta property=\"article:modified_time\" content=\"2024-06-04T08:43:53+00:00\" \/>\n<meta property=\"og:image\" content=\"https:\/\/canoe-kayak-lavernede.com\/wp-content\/uploads\/2022\/01\/Pont-dArc-380x380-1.png\" \/>\n\t<meta property=\"og:image:width\" content=\"380\" \/>\n\t<meta property=\"og:image:height\" content=\"380\" \/>\n\t<meta property=\"og:image:type\" content=\"image\/png\" \/>\n<meta name=\"twitter:card\" content=\"summary_large_image\" \/>\n<meta name=\"twitter:label1\" content=\"Gesch\u00e4tzte Lesezeit\" \/>\n\t<meta name=\"twitter:data1\" content=\"2\u00a0Minuten\" \/>\n<script type=\"application\/ld+json\" class=\"yoast-schema-graph\">{\"@context\":\"https:\/\/schema.org\",\"@graph\":[{\"@type\":\"WebPage\",\"@id\":\"https:\/\/canoe-kayak-lavernede.com\/de\/kanufahrten\/eintaegige-kanutouren\/der-pont-darc-kanutour-8km\/\",\"url\":\"https:\/\/canoe-kayak-lavernede.com\/de\/kanufahrten\/eintaegige-kanutouren\/der-pont-darc-kanutour-8km\/\",\"name\":\"Der Pont d\u2019Arc - Kanutour 8km - LA VERNEDE\",\"isPartOf\":{\"@id\":\"https:\/\/canoe-kayak-lavernede.com\/#website\"},\"primaryImageOfPage\":{\"@id\":\"https:\/\/canoe-kayak-lavernede.com\/de\/kanufahrten\/eintaegige-kanutouren\/der-pont-darc-kanutour-8km\/#primaryimage\"},\"image\":{\"@id\":\"https:\/\/canoe-kayak-lavernede.com\/de\/kanufahrten\/eintaegige-kanutouren\/der-pont-darc-kanutour-8km\/#primaryimage\"},\"thumbnailUrl\":\"https:\/\/canoe-kayak-lavernede.com\/wp-content\/uploads\/2022\/01\/Pont-dArc-380x380-1.png\",\"datePublished\":\"2022-04-14T07:27:07+00:00\",\"dateModified\":\"2024-06-04T08:43:53+00:00\",\"breadcrumb\":{\"@id\":\"https:\/\/canoe-kayak-lavernede.com\/de\/kanufahrten\/eintaegige-kanutouren\/der-pont-darc-kanutour-8km\/#breadcrumb\"},\"inLanguage\":\"de\",\"potentialAction\":[{\"@type\":\"ReadAction\",\"target\":[\"https:\/\/canoe-kayak-lavernede.com\/de\/kanufahrten\/eintaegige-kanutouren\/der-pont-darc-kanutour-8km\/\"]}]},{\"@type\":\"ImageObject\",\"inLanguage\":\"de\",\"@id\":\"https:\/\/canoe-kayak-lavernede.com\/de\/kanufahrten\/eintaegige-kanutouren\/der-pont-darc-kanutour-8km\/#primaryimage\",\"url\":\"https:\/\/canoe-kayak-lavernede.com\/wp-content\/uploads\/2022\/01\/Pont-dArc-380x380-1.png\",\"contentUrl\":\"https:\/\/canoe-kayak-lavernede.com\/wp-content\/uploads\/2022\/01\/Pont-dArc-380x380-1.png\",\"width\":380,\"height\":380},{\"@type\":\"BreadcrumbList\",\"@id\":\"https:\/\/canoe-kayak-lavernede.com\/de\/kanufahrten\/eintaegige-kanutouren\/der-pont-darc-kanutour-8km\/#breadcrumb\",\"itemListElement\":[{\"@type\":\"ListItem\",\"position\":1,\"name\":\"Accueil\",\"item\":\"https:\/\/canoe-kayak-lavernede.com\/de\/\"},{\"@type\":\"ListItem\",\"position\":2,\"name\":\"Kanutouren auf der Ard\u00e8che\",\"item\":\"https:\/\/canoe-kayak-lavernede.com\/de\/kanufahrten\/\"},{\"@type\":\"ListItem\",\"position\":3,\"name\":\"Eint\u00e4gige Kanutouren\",\"item\":\"https:\/\/canoe-kayak-lavernede.com\/de\/kanufahrten\/eintaegige-kanutouren\/\"},{\"@type\":\"ListItem\",\"position\":4,\"name\":\"Der Pont d\u2019Arc &#8211; Kanutour 8km\"}]},{\"@type\":\"WebSite\",\"@id\":\"https:\/\/canoe-kayak-lavernede.com\/#website\",\"url\":\"https:\/\/canoe-kayak-lavernede.com\/\",\"name\":\"LA VERNEDE\",\"description\":\"\",\"potentialAction\":[{\"@type\":\"SearchAction\",\"target\":{\"@type\":\"EntryPoint\",\"urlTemplate\":\"https:\/\/canoe-kayak-lavernede.com\/?s={search_term_string}\"},\"query-input\":{\"@type\":\"PropertyValueSpecification\",\"valueRequired\":true,\"valueName\":\"search_term_string\"}}],\"inLanguage\":\"de\"}]}<\/script>\n<!-- \/ Yoast SEO plugin. -->","yoast_head_json":{"title":"Der Pont d\u2019Arc - Kanutour 8km - LA VERNEDE","robots":{"index":"index","follow":"follow","max-snippet":"max-snippet:-1","max-image-preview":"max-image-preview:large","max-video-preview":"max-video-preview:-1"},"canonical":"https:\/\/canoe-kayak-lavernede.com\/de\/kanufahrten\/eintaegige-kanutouren\/der-pont-darc-kanutour-8km\/","og_locale":"de_DE","og_type":"article","og_title":"Der Pont d\u2019Arc - Kanutour 8km - LA VERNEDE","og_url":"https:\/\/canoe-kayak-lavernede.com\/de\/kanufahrten\/eintaegige-kanutouren\/der-pont-darc-kanutour-8km\/","og_site_name":"LA VERNEDE","article_modified_time":"2024-06-04T08:43:53+00:00","og_image":[{"width":380,"height":380,"url":"https:\/\/canoe-kayak-lavernede.com\/wp-content\/uploads\/2022\/01\/Pont-dArc-380x380-1.png","type":"image\/png"}],"twitter_card":"summary_large_image","twitter_misc":{"Gesch\u00e4tzte Lesezeit":"2\u00a0Minuten"},"schema":{"@context":"https:\/\/schema.org","@graph":[{"@type":"WebPage","@id":"https:\/\/canoe-kayak-lavernede.com\/de\/kanufahrten\/eintaegige-kanutouren\/der-pont-darc-kanutour-8km\/","url":"https:\/\/canoe-kayak-lavernede.com\/de\/kanufahrten\/eintaegige-kanutouren\/der-pont-darc-kanutour-8km\/","name":"Der Pont d\u2019Arc - Kanutour 8km - LA VERNEDE","isPartOf":{"@id":"https:\/\/canoe-kayak-lavernede.com\/#website"},"primaryImageOfPage":{"@id":"https:\/\/canoe-kayak-lavernede.com\/de\/kanufahrten\/eintaegige-kanutouren\/der-pont-darc-kanutour-8km\/#primaryimage"},"image":{"@id":"https:\/\/canoe-kayak-lavernede.com\/de\/kanufahrten\/eintaegige-kanutouren\/der-pont-darc-kanutour-8km\/#primaryimage"},"thumbnailUrl":"https:\/\/canoe-kayak-lavernede.com\/wp-content\/uploads\/2022\/01\/Pont-dArc-380x380-1.png","datePublished":"2022-04-14T07:27:07+00:00","dateModified":"2024-06-04T08:43:53+00:00","breadcrumb":{"@id":"https:\/\/canoe-kayak-lavernede.com\/de\/kanufahrten\/eintaegige-kanutouren\/der-pont-darc-kanutour-8km\/#breadcrumb"},"inLanguage":"de","potentialAction":[{"@type":"ReadAction","target":["https:\/\/canoe-kayak-lavernede.com\/de\/kanufahrten\/eintaegige-kanutouren\/der-pont-darc-kanutour-8km\/"]}]},{"@type":"ImageObject","inLanguage":"de","@id":"https:\/\/canoe-kayak-lavernede.com\/de\/kanufahrten\/eintaegige-kanutouren\/der-pont-darc-kanutour-8km\/#primaryimage","url":"https:\/\/canoe-kayak-lavernede.com\/wp-content\/uploads\/2022\/01\/Pont-dArc-380x380-1.png","contentUrl":"https:\/\/canoe-kayak-lavernede.com\/wp-content\/uploads\/2022\/01\/Pont-dArc-380x380-1.png","width":380,"height":380},{"@type":"BreadcrumbList","@id":"https:\/\/canoe-kayak-lavernede.com\/de\/kanufahrten\/eintaegige-kanutouren\/der-pont-darc-kanutour-8km\/#breadcrumb","itemListElement":[{"@type":"ListItem","position":1,"name":"Accueil","item":"https:\/\/canoe-kayak-lavernede.com\/de\/"},{"@type":"ListItem","position":2,"name":"Kanutouren auf der Ard\u00e8che","item":"https:\/\/canoe-kayak-lavernede.com\/de\/kanufahrten\/"},{"@type":"ListItem","position":3,"name":"Eint\u00e4gige Kanutouren","item":"https:\/\/canoe-kayak-lavernede.com\/de\/kanufahrten\/eintaegige-kanutouren\/"},{"@type":"ListItem","position":4,"name":"Der Pont d\u2019Arc &#8211; Kanutour 8km"}]},{"@type":"WebSite","@id":"https:\/\/canoe-kayak-lavernede.com\/#website","url":"https:\/\/canoe-kayak-lavernede.com\/","name":"LA VERNEDE","description":"","potentialAction":[{"@type":"SearchAction","target":{"@type":"EntryPoint","urlTemplate":"https:\/\/canoe-kayak-lavernede.com\/?s={search_term_string}"},"query-input":{"@type":"PropertyValueSpecification","valueRequired":true,"valueName":"search_term_string"}}],"inLanguage":"de"}]}},"_links":{"self":[{"href":"https:\/\/canoe-kayak-lavernede.com\/de\/wp-json\/wp\/v2\/pages\/3691"}],"collection":[{"href":"https:\/\/canoe-kayak-lavernede.com\/de\/wp-json\/wp\/v2\/pages"}],"about":[{"href":"https:\/\/canoe-kayak-lavernede.com\/de\/wp-json\/wp\/v2\/types\/page"}],"author":[{"embeddable":true,"href":"https:\/\/canoe-kayak-lavernede.com\/de\/wp-json\/wp\/v2\/users\/5"}],"replies":[{"embeddable":true,"href":"https:\/\/canoe-kayak-lavernede.com\/de\/wp-json\/wp\/v2\/comments?post=3691"}],"version-history":[{"count":3,"href":"https:\/\/canoe-kayak-lavernede.com\/de\/wp-json\/wp\/v2\/pages\/3691\/revisions"}],"predecessor-version":[{"id":7922,"href":"https:\/\/canoe-kayak-lavernede.com\/de\/wp-json\/wp\/v2\/pages\/3691\/revisions\/7922"}],"up":[{"embeddable":true,"href":"https:\/\/canoe-kayak-lavernede.com\/de\/wp-json\/wp\/v2\/pages\/3661"}],"wp:featuredmedia":[{"embeddable":true,"href":"https:\/\/canoe-kayak-lavernede.com\/de\/wp-json\/wp\/v2\/media\/3288"}],"wp:attachment":[{"href":"https:\/\/canoe-kayak-lavernede.com\/de\/wp-json\/wp\/v2\/media?parent=3691"}],"curies":[{"name":"wp","href":"https:\/\/api.w.org\/{rel}","templated":true}]}}