{"id":3680,"date":"2022-04-14T08:42:23","date_gmt":"2022-04-14T06:42:23","guid":{"rendered":"https:\/\/www.canoe-kayak-lavernede.com\/?page_id=3680"},"modified":"2024-05-27T15:58:41","modified_gmt":"2024-05-27T13:58:41","slug":"ardeche-kanufahrt-geschenkkarte","status":"publish","type":"page","link":"https:\/\/canoe-kayak-lavernede.com\/de\/ardeche-kanufahrt-geschenkkarte\/","title":{"rendered":"Ard\u00e8che Kanufahrt Geschenkkarte"},"content":{"rendered":"<p>[vc_row full_width=&#8220;stretch_row&#8220; el_id=&#8220;breadcrumb&#8220;][vc_column][vc_column_text]<span><span><a href=\"https:\/\/canoe-kayak-lavernede.com\/de\/\">Accueil<\/a><\/span><\/span><\/p>\n<p>[\/vc_column_text][\/vc_column][\/vc_row][vc_row full_width=&#8220;stretch_row&#8220; css_animation=&#8220;zoomIn&#8220; el_id=&#8220;ban_home&#8220;][vc_column][vc_column_text]<\/p>\n<h1 id=\"tw-target-text\" class=\"tw-data-text tw-text-large XcVN5d tw-ta\" dir=\"ltr\" data-placeholder=\"Traduction\"><span class=\"Y2IQFc titre_1\" lang=\"en\">Verschenken Sie eine Kanufahrt auf der Ard\u00e8che<br \/>\n<\/span><\/h1>\n<h1><span class=\"titre_1\">\u00a0<\/span><\/h1>\n<p>[\/vc_column_text][vc_column_text]<\/p>\n<p style=\"text-align: center;\"><span class=\"hashtag_small\"><span class=\"txt_blanc\" style=\"font-size: 24pt;\">#<\/span><span style=\"font-size: 24pt;\">Ein unvergessliches Geschenk!<\/span><br \/>\n<\/span><\/p>\n<p>[\/vc_column_text]\n\n<picture class=\"ImgBG \" style=\"position: absolute; width: 100%; height:100%; top: 0; left:0; z-index: -2;\">\n    <img decoding=\"async\" width=\"2000\" height=\"650\" src=\"https:\/\/canoe-kayak-lavernede.com\/wp-content\/uploads\/2021\/04\/Badeau-cadeau-1.png\" class=\"attachment-full size-full\" alt=\"Offrir une descente en cano\u00eb\" srcset=\"https:\/\/canoe-kayak-lavernede.com\/wp-content\/uploads\/2021\/04\/Badeau-cadeau-1.png 2000w, https:\/\/canoe-kayak-lavernede.com\/wp-content\/uploads\/2021\/04\/Badeau-cadeau-1-780x254.png 780w, https:\/\/canoe-kayak-lavernede.com\/wp-content\/uploads\/2021\/04\/Badeau-cadeau-1-768x250.png 768w, https:\/\/canoe-kayak-lavernede.com\/wp-content\/uploads\/2021\/04\/Badeau-cadeau-1-1536x499.png 1536w\" sizes=\"(max-width: 2000px) 100vw, 2000px\" \/><\/picture>\n\n[\/vc_column][\/vc_row][vc_row][vc_column][vc_column_text]<\/p>\n<h2 style=\"text-align: center;\"><span class=\"Y2IQFc titre_2\" lang=\"en\">Ard\u00e8che-Kanutour Gutschein<\/span><\/h2>\n<p>[\/vc_column_text][vc_column_text]Sie suchen ein Geschenk, das Originalit\u00e4t und Abenteuer verbindet? Sie wollen mal etwas ganz Neues vorschlagen? Mit <strong>La Vern\u00e8de<\/strong> erfreuen Sie Ihre Lieben mit einer Kanutour durch die Gorges de l&#8217;Ard\u00e8che. Geburtstage, Hochzeiten, Weihnachten, Valentinstag &#8230; Jeder Anlass ist gut, um eine Kanufahrt durch die Gorges de l&#8217;Ard\u00e8che zu verschenken.<\/p>\n<p>Mitten in den Gorges de l&#8217;Ard\u00e8che gelegen, bietet La Vern\u00e8de mehrere M\u00f6glichkeiten, den k\u00f6rperlichen F\u00e4higkeiten jedes Teilnehmers gerecht zu werden. Unsere Formeln sind f\u00fcr alle (Erwachsene und Kinder) und f\u00fcr jedes Niveau (Anf\u00e4nger, Fortgeschrittene, Fortgeschrittene) zug\u00e4nglich, um das Kanu-Kajak-Abenteuer in der Ard\u00e8che maximal zu genie\u00dfen.<\/p>\n<p>Warten Sie nicht l\u00e4nger und schenken Sie den Menschen, die Sie lieben, ein Kanu-Kajak-Abenteuer in der Ard\u00e8che. \u00dcber solch ein Geschenk freuen sie sich bestimmt![\/vc_column_text][\/vc_column][\/vc_row][vc_row][vc_column][\/vc_column][\/vc_row][vc_row css=&#8220;.vc_custom_1619432394596{border-top-width: 1px !important;border-top-color: #e2e2e2 !important;border-top-style: solid !important;border-radius: 1px !important;}&#8220;][vc_column width=&#8220;1\/2&#8243;][vc_column_text]<\/p>\n<h2><span class=\"titre_2\"><strong>Verschenken Sie mit La Vern\u00e8de eine Kanufahrt auf der Ard\u00e8che an!<br \/>\n<\/strong><\/span><\/h2>\n<p>[\/vc_column_text][vc_column_text]<\/p>\n<ul>\n<li>Geburtstag<\/li>\n<li>Weihnachten<\/li>\n<li>Jubil\u00e4um<\/li>\n<li>Valentinstag<\/li>\n<li>Hochzeiten<\/li>\n<li>Oder einfach, um Ihren Lieben eine Freude zu machen!<\/li>\n<\/ul>\n<p><strong><span class=\"VIiyi\" lang=\"en\"><span class=\"JLqJ4b ChMk0b\" data-language-for-alternatives=\"en\" data-language-to-translate-into=\"fr\" data-phrase-index=\"10\">Ein originelles und geselliges Geschenk!<\/span> <\/span><\/strong><\/p>\n<p><span class=\"VIiyi\" lang=\"en\"><span class=\"JLqJ4b ChMk0b\" data-language-for-alternatives=\"en\" data-language-to-translate-into=\"fr\" data-phrase-index=\"12\">Entdecken Sie unsere Aktivit\u00e4ten f\u00fcr jedes Niveau, ab 7 Jahren, halbtags, ganztags oder \u00fcber zwei Tage!<\/span><\/span>[\/vc_column_text][\/vc_column][vc_column width=&#8220;1\/2&#8243;][vc_single_image image=&#8220;1573&#8243; img_size=&#8220;medium&#8220;][\/vc_column][\/vc_row][vc_row][vc_column][vc_column_text]Wenn Sie Ihre Lieben mit einer originellen und unterhaltsamen Aktivit\u00e4t erfreuen m\u00f6chten, ist unsere Kanu-Tour durch die Ard\u00e8che-Schlucht mit dem Kanu genau das Richtige f\u00fcr Sie! Bieten Sie den Menschen, die Sie lieben, einen halben, einen ganzen oder zwei Tage lang eine unvergessliche Abfahrt durch die Gorges de l&#8217;Ard\u00e8che. Dieses Abenteuer ist ein Moment purer Entspannung und ideal, um die Ard\u00e8che aus einem neuen Blickwinkel zu entdecken und inmitten einer au\u00dfergew\u00f6hnlich sch\u00f6nen Natur neue Energie zu tanken.<\/p>\n<p>Mit einem Kanu-Kajak-Geschenkgutschein in der Ard\u00e8che machen Sie Eindruck! Dank dieser Aktivit\u00e4t k\u00f6nnen Ihre Lieben die fabelhaften Landschaften der Gorges de l&#8217;Ard\u00e8che entdecken, der meistbesuchten St\u00e4tte des Departements und als &#8222;Naturreservat&#8220; klassifiziert. Zwischen Kultur und Sport ist eine Abfahrt der Gorges de l&#8217;Ard\u00e8che mit dem Kanu eine hervorragende M\u00f6glichkeit, eine echte Pause einzulegen und vom Alltag abzuschalten.<\/p>\n<p>Eine Kanu-Tour durch die Gorges de l&#8217;Ard\u00e8che ist ein originelles und au\u00dfergew\u00f6hnliches Geschenk, das Freude bereiten wird. Wir stellen Ihnen die notwendige Ausr\u00fcstung f\u00fcr eine Kanufahrt durch die Schluchten der Ard\u00e8che (Paddel, Helm usw.) sowie ein professionelles Team zur Verf\u00fcgung, das Sie gerne ber\u00e4t.[\/vc_column_text][vc_column_text]<\/p>\n<div class=\"vc_row wpb_row vc_row-fluid\">\n<div class=\"wpb_column vc_column_container vc_col-sm-12\">\n<div class=\"vc_column-inner\">\n<div class=\"wpb_wrapper\">\n<div class=\"wpb_text_column wpb_content_element \">\n<div class=\"wpb_wrapper\">\n<h2 style=\"text-align: center;\"><span class=\"titre_1\"><strong>Wie verschenke ich einen Geschenkgutschein f\u00fcr eine Kanutour durch die Gorges de l&#8217;Ard\u00e8che?<\/strong><\/span><\/h2>\n<\/div>\n<\/div>\n<\/div>\n<\/div>\n<\/div>\n<\/div>\n<p>[\/vc_column_text][\/vc_column][\/vc_row][vc_row css=&#8220;.vc_custom_1618215729196{border-top-width: 1px !important;border-right-width: 1px !important;border-bottom-width: 1px !important;border-left-width: 1px !important;border-left-color: #e5e5e5 !important;border-left-style: solid !important;border-right-color: #e5e5e5 !important;border-right-style: solid !important;border-top-color: #e5e5e5 !important;border-top-style: solid !important;border-bottom-color: #e5e5e5 !important;border-bottom-style: solid !important;}&#8220;][vc_column width=&#8220;1\/2&#8243;][vc_column_text]<\/p>\n<h2 style=\"text-align: center;\"><span class=\"titre_2\">Nichts einfacher!<\/span><\/h2>\n<p>[\/vc_column_text][vc_column_text]Um Ihren Lieben eine unvergessliche Abfahrt der Gorges de l&#8217;Ard\u00e8che zu schenken, brauchen Sie uns nur \u00fcber das Kontaktformular auf unserer Website oder telefonisch unter <a href=\"tel:+33475371274\">0033 4 75 37 12 74<\/a> zu kontaktieren. Wir erkl\u00e4ren Ihnen die Vorgehensweise, um schnell und einfach Ihren Geschenkgutschein zu erhalten.[\/vc_column_text][vc_column_text]<\/p>\n<div class=\"wpb_text_column wpb_content_element \">\n<div class=\"wpb_wrapper\">\n<ul>\n<li>Wir erkl\u00e4ren Ihnen, wie Sie mit wenigen Klicks Ihren Gutschein erhalten.<\/li>\n<li>Nach der Bestellung Ihres Gutscheins erhalten Sie diesen je nach Wahl direkt in Ihren Briefkasten oder per Post.<\/li>\n<li>Alles, was Sie tun m\u00fcssen, ist, ihn zu verschenken.<\/li>\n<li>Der Gutschein ist 2 Jahre ab Ausstellungsdatum g\u00fcltig.<\/li>\n<\/ul>\n<p>&nbsp;<\/p>\n<p>Z\u00f6gern Sie nicht l\u00e4nger !<\/p>\n<\/div>\n<\/div>\n<p>[\/vc_column_text][vc_column_text]Verschenken Sie jetzt eine Kanutour durch die Gorges de l&#8217;Ard\u00e8che an. Mit diesem besonderen und absolut au\u00dfergew\u00f6hnlichen Geschenk machen Sie den Beschenkten eine Freude. Sie werden mit unvergesslichen Bildern und Erinnerungen zur\u00fcck kommen, das ist sicher![\/vc_column_text][\/vc_column][vc_column width=&#8220;1\/2&#8243;][vc_single_image image=&#8220;1596&#8243; img_size=&#8220;full&#8220; alignment=&#8220;center&#8220; css_animation=&#8220;fadeIn&#8220;][vc_column_text]\u00a0[\/vc_column_text]<div class=' txt_centre btn_plein_rouge'><a class='lien_btn smoothScroll' href='\/de\/kontact\/' ><span>Kontaktieren Sie uns einfach HIER<\/span><\/a><\/div>[\/vc_column][\/vc_row]<\/p>\n","protected":false},"excerpt":{"rendered":"<p>[vc_row full_width=&#8220;stretch_row&#8220; el_id=&#8220;breadcrumb&#8220;][vc_column][vc_column_text] [\/vc_column_text][\/vc_column][\/vc_row][vc_row full_width=&#8220;stretch_row&#8220; css_animation=&#8220;zoomIn&#8220; el_id=&#8220;ban_home&#8220;][vc_column][vc_column_text] Verschenken Sie eine Kanufahrt auf der Ard\u00e8che \u00a0 [\/vc_column_text][vc_column_text] #Ein unvergessliches Geschenk! [\/vc_column_text][\/vc_column][\/vc_row][vc_row][vc_column][vc_column_text] Ard\u00e8che-Kanutour Gutschein [\/vc_column_text][vc_column_text]Sie suchen ein Geschenk, das Originalit\u00e4t und Abenteuer verbindet? Sie wollen mal etwas ganz Neues vorschlagen? Mit La Vern\u00e8de erfreuen Sie Ihre Lieben mit einer Kanutour durch die Gorges de l&#8217;Ard\u00e8che. Geburtstage, Hochzeiten, [&hellip;]<\/p>\n","protected":false},"author":5,"featured_media":0,"parent":0,"menu_order":0,"comment_status":"closed","ping_status":"closed","template":"","meta":{"footnotes":""},"class_list":["post-3680","page","type-page","status-publish"],"yoast_head":"<!-- This site is optimized with the Yoast SEO plugin v24.3 - https:\/\/yoast.com\/wordpress\/plugins\/seo\/ -->\n<title>Ard\u00e8che Kanufahrt Geschenkkarte<\/title>\n<meta name=\"description\" content=\"Eine Kanutour der Gorges de l&#039;Ard\u00e8che ist daher ein originelles und au\u00dfergew\u00f6hnliches Geschenk, das Freude bereiten wird.\" \/>\n<meta name=\"robots\" content=\"index, follow, max-snippet:-1, max-image-preview:large, max-video-preview:-1\" \/>\n<link rel=\"canonical\" href=\"https:\/\/canoe-kayak-lavernede.com\/de\/ardeche-kanufahrt-geschenkkarte\/\" \/>\n<meta property=\"og:locale\" content=\"de_DE\" \/>\n<meta property=\"og:type\" content=\"article\" \/>\n<meta property=\"og:title\" content=\"Ard\u00e8che Kanufahrt Geschenkkarte\" \/>\n<meta property=\"og:description\" content=\"Eine Kanutour der Gorges de l&#039;Ard\u00e8che ist daher ein originelles und au\u00dfergew\u00f6hnliches Geschenk, das Freude bereiten wird.\" \/>\n<meta property=\"og:url\" content=\"https:\/\/canoe-kayak-lavernede.com\/de\/ardeche-kanufahrt-geschenkkarte\/\" \/>\n<meta property=\"og:site_name\" content=\"LA VERNEDE\" \/>\n<meta property=\"article:modified_time\" content=\"2024-05-27T13:58:41+00:00\" \/>\n<meta name=\"twitter:card\" content=\"summary_large_image\" \/>\n<meta name=\"twitter:label1\" content=\"Gesch\u00e4tzte Lesezeit\" \/>\n\t<meta name=\"twitter:data1\" content=\"3\u00a0Minuten\" \/>\n<script type=\"application\/ld+json\" class=\"yoast-schema-graph\">{\"@context\":\"https:\/\/schema.org\",\"@graph\":[{\"@type\":\"WebPage\",\"@id\":\"https:\/\/canoe-kayak-lavernede.com\/de\/ardeche-kanufahrt-geschenkkarte\/\",\"url\":\"https:\/\/canoe-kayak-lavernede.com\/de\/ardeche-kanufahrt-geschenkkarte\/\",\"name\":\"Ard\u00e8che Kanufahrt Geschenkkarte\",\"isPartOf\":{\"@id\":\"https:\/\/canoe-kayak-lavernede.com\/#website\"},\"datePublished\":\"2022-04-14T06:42:23+00:00\",\"dateModified\":\"2024-05-27T13:58:41+00:00\",\"description\":\"Eine Kanutour der Gorges de l'Ard\u00e8che ist daher ein originelles und au\u00dfergew\u00f6hnliches Geschenk, das Freude bereiten wird.\",\"breadcrumb\":{\"@id\":\"https:\/\/canoe-kayak-lavernede.com\/de\/ardeche-kanufahrt-geschenkkarte\/#breadcrumb\"},\"inLanguage\":\"de\",\"potentialAction\":[{\"@type\":\"ReadAction\",\"target\":[\"https:\/\/canoe-kayak-lavernede.com\/de\/ardeche-kanufahrt-geschenkkarte\/\"]}]},{\"@type\":\"BreadcrumbList\",\"@id\":\"https:\/\/canoe-kayak-lavernede.com\/de\/ardeche-kanufahrt-geschenkkarte\/#breadcrumb\",\"itemListElement\":[{\"@type\":\"ListItem\",\"position\":1,\"name\":\"Accueil\",\"item\":\"https:\/\/canoe-kayak-lavernede.com\/de\/\"},{\"@type\":\"ListItem\",\"position\":2,\"name\":\"Ard\u00e8che Kanufahrt Geschenkkarte\"}]},{\"@type\":\"WebSite\",\"@id\":\"https:\/\/canoe-kayak-lavernede.com\/#website\",\"url\":\"https:\/\/canoe-kayak-lavernede.com\/\",\"name\":\"LA VERNEDE\",\"description\":\"\",\"potentialAction\":[{\"@type\":\"SearchAction\",\"target\":{\"@type\":\"EntryPoint\",\"urlTemplate\":\"https:\/\/canoe-kayak-lavernede.com\/?s={search_term_string}\"},\"query-input\":{\"@type\":\"PropertyValueSpecification\",\"valueRequired\":true,\"valueName\":\"search_term_string\"}}],\"inLanguage\":\"de\"}]}<\/script>\n<!-- \/ Yoast SEO plugin. -->","yoast_head_json":{"title":"Ard\u00e8che Kanufahrt Geschenkkarte","description":"Eine Kanutour der Gorges de l'Ard\u00e8che ist daher ein originelles und au\u00dfergew\u00f6hnliches Geschenk, das Freude bereiten wird.","robots":{"index":"index","follow":"follow","max-snippet":"max-snippet:-1","max-image-preview":"max-image-preview:large","max-video-preview":"max-video-preview:-1"},"canonical":"https:\/\/canoe-kayak-lavernede.com\/de\/ardeche-kanufahrt-geschenkkarte\/","og_locale":"de_DE","og_type":"article","og_title":"Ard\u00e8che Kanufahrt Geschenkkarte","og_description":"Eine Kanutour der Gorges de l'Ard\u00e8che ist daher ein originelles und au\u00dfergew\u00f6hnliches Geschenk, das Freude bereiten wird.","og_url":"https:\/\/canoe-kayak-lavernede.com\/de\/ardeche-kanufahrt-geschenkkarte\/","og_site_name":"LA VERNEDE","article_modified_time":"2024-05-27T13:58:41+00:00","twitter_card":"summary_large_image","twitter_misc":{"Gesch\u00e4tzte Lesezeit":"3\u00a0Minuten"},"schema":{"@context":"https:\/\/schema.org","@graph":[{"@type":"WebPage","@id":"https:\/\/canoe-kayak-lavernede.com\/de\/ardeche-kanufahrt-geschenkkarte\/","url":"https:\/\/canoe-kayak-lavernede.com\/de\/ardeche-kanufahrt-geschenkkarte\/","name":"Ard\u00e8che Kanufahrt Geschenkkarte","isPartOf":{"@id":"https:\/\/canoe-kayak-lavernede.com\/#website"},"datePublished":"2022-04-14T06:42:23+00:00","dateModified":"2024-05-27T13:58:41+00:00","description":"Eine Kanutour der Gorges de l'Ard\u00e8che ist daher ein originelles und au\u00dfergew\u00f6hnliches Geschenk, das Freude bereiten wird.","breadcrumb":{"@id":"https:\/\/canoe-kayak-lavernede.com\/de\/ardeche-kanufahrt-geschenkkarte\/#breadcrumb"},"inLanguage":"de","potentialAction":[{"@type":"ReadAction","target":["https:\/\/canoe-kayak-lavernede.com\/de\/ardeche-kanufahrt-geschenkkarte\/"]}]},{"@type":"BreadcrumbList","@id":"https:\/\/canoe-kayak-lavernede.com\/de\/ardeche-kanufahrt-geschenkkarte\/#breadcrumb","itemListElement":[{"@type":"ListItem","position":1,"name":"Accueil","item":"https:\/\/canoe-kayak-lavernede.com\/de\/"},{"@type":"ListItem","position":2,"name":"Ard\u00e8che Kanufahrt Geschenkkarte"}]},{"@type":"WebSite","@id":"https:\/\/canoe-kayak-lavernede.com\/#website","url":"https:\/\/canoe-kayak-lavernede.com\/","name":"LA VERNEDE","description":"","potentialAction":[{"@type":"SearchAction","target":{"@type":"EntryPoint","urlTemplate":"https:\/\/canoe-kayak-lavernede.com\/?s={search_term_string}"},"query-input":{"@type":"PropertyValueSpecification","valueRequired":true,"valueName":"search_term_string"}}],"inLanguage":"de"}]}},"_links":{"self":[{"href":"https:\/\/canoe-kayak-lavernede.com\/de\/wp-json\/wp\/v2\/pages\/3680"}],"collection":[{"href":"https:\/\/canoe-kayak-lavernede.com\/de\/wp-json\/wp\/v2\/pages"}],"about":[{"href":"https:\/\/canoe-kayak-lavernede.com\/de\/wp-json\/wp\/v2\/types\/page"}],"author":[{"embeddable":true,"href":"https:\/\/canoe-kayak-lavernede.com\/de\/wp-json\/wp\/v2\/users\/5"}],"replies":[{"embeddable":true,"href":"https:\/\/canoe-kayak-lavernede.com\/de\/wp-json\/wp\/v2\/comments?post=3680"}],"version-history":[{"count":3,"href":"https:\/\/canoe-kayak-lavernede.com\/de\/wp-json\/wp\/v2\/pages\/3680\/revisions"}],"predecessor-version":[{"id":7739,"href":"https:\/\/canoe-kayak-lavernede.com\/de\/wp-json\/wp\/v2\/pages\/3680\/revisions\/7739"}],"wp:attachment":[{"href":"https:\/\/canoe-kayak-lavernede.com\/de\/wp-json\/wp\/v2\/media?parent=3680"}],"curies":[{"name":"wp","href":"https:\/\/api.w.org\/{rel}","templated":true}]}}