{"id":3661,"date":"2022-04-13T14:19:10","date_gmt":"2022-04-13T12:19:10","guid":{"rendered":"https:\/\/www.canoe-kayak-lavernede.com\/?page_id=3661"},"modified":"2024-06-04T10:34:09","modified_gmt":"2024-06-04T08:34:09","slug":"eintaegige-kanutouren","status":"publish","type":"page","link":"https:\/\/canoe-kayak-lavernede.com\/de\/kanufahrten\/eintaegige-kanutouren\/","title":{"rendered":"Eint\u00e4gige Kanutouren"},"content":{"rendered":"<p>[vc_row full_width=&#8220;stretch_row&#8220; el_id=&#8220;breadcrumb&#8220;][vc_column][vc_column_text]<span><span><a href=\"https:\/\/canoe-kayak-lavernede.com\/de\/\">Accueil<\/a><\/span><\/span><\/p>\n<p>[\/vc_column_text][\/vc_column][\/vc_row][vc_row full_width=&#8220;stretch_row&#8220; el_id=&#8220;ban_inte&#8220;][vc_column][vc_column_text]<\/p>\n<h1 style=\"text-align: center;\"><span class=\"titre_1\">Unsere Kanutouren auf der Ard\u00e8che an einem Tag<\/span><\/h1>\n<p>[\/vc_column_text][vc_column_text]<\/p>\n<p style=\"text-align: center;\"><span class=\"hashtag_small\">#Ein Abenteuer, das Sie nicht verpassen sollten!<\/span><\/p>\n<p>[\/vc_column_text]\n\n<picture class=\"ImgBG \" style=\"position: absolute; width: 100%; height:100%; top: 0; left:0; z-index: -2;\">\n    <img decoding=\"async\" width=\"2560\" height=\"808\" src=\"https:\/\/canoe-kayak-lavernede.com\/wp-content\/uploads\/2021\/04\/Bandeau-acceuil-2-scaled.jpg\" class=\"attachment-full size-full\" alt=\"Le pont d&#039;Arc\" srcset=\"https:\/\/canoe-kayak-lavernede.com\/wp-content\/uploads\/2021\/04\/Bandeau-acceuil-2-scaled.jpg 2560w, https:\/\/canoe-kayak-lavernede.com\/wp-content\/uploads\/2021\/04\/Bandeau-acceuil-2-780x246.jpg 780w, https:\/\/canoe-kayak-lavernede.com\/wp-content\/uploads\/2021\/04\/Bandeau-acceuil-2-768x243.jpg 768w, https:\/\/canoe-kayak-lavernede.com\/wp-content\/uploads\/2021\/04\/Bandeau-acceuil-2-1536x485.jpg 1536w, https:\/\/canoe-kayak-lavernede.com\/wp-content\/uploads\/2021\/04\/Bandeau-acceuil-2-2048x647.jpg 2048w\" sizes=\"(max-width: 2560px) 100vw, 2560px\" \/><\/picture>\n\n[\/vc_column][\/vc_row][vc_row][vc_column][vc_column_text]<\/p>\n<h2><span class=\"titre_1\">1-T\u00e4gige Kanutouren auf der Ard\u00e8che<\/span><\/h2>\n<p>[\/vc_column_text][vc_column_text]M\u00f6chten Sie die Ard\u00e8che mit dem Kanu hinunterfahren? Ob mit Familie, Freunden oder alleine, nutzen Sie einen originellen Ausflug, um vom Alltag abzuschalten und neue Kraft zu tanken unter freiem Himmel.<\/p>\n<p>Entdecken Sie die sch\u00f6nsten Touren, die Ihnen La Vern\u00e8de an einem Tag bietet.[\/vc_column_text][\/vc_column][\/vc_row][vc_row][vc_column][\/vc_column][\/vc_row][vc_row css=&#8220;.vc_custom_1669192057025{margin-right: 2px !important;margin-bottom: 2px !important;margin-left: 2px !important;border-top-width: 2px !important;border-right-width: 2px !important;border-bottom-width: 2px !important;border-left-width: 2px !important;background-color: #ffffff !important;border-left-color: #ff0000 !important;border-left-style: groove !important;border-right-color: #ff0000 !important;border-right-style: groove !important;border-top-color: #ff0000 !important;border-top-style: groove !important;border-bottom-color: #ff0000 !important;border-bottom-style: groove !important;border-radius: 2px !important;}&#8220;][vc_column width=&#8220;1\/2&#8243;][vc_column_text]<\/p>\n<h3><span class=\"titre_2\"><a href=\"https:\/\/canoe-kayak-lavernede.com\/en\/canoe-trips\/sur-1-jour\/the-pont-darc-descent-8-km\/\">8km &#8211; Der Pont d&#8217;Arc<\/a><br \/>\n<\/span><\/h3>\n<p>[\/vc_column_text][vc_single_image image=&#8220;2752&#8243;][vc_column_text]<strong><span class=\"titre_2\"> \ud83d\udef6 <\/span>1h30 paddeln<br \/>\n<\/strong>[\/vc_column_text][vc_column_text]M\u00f6chten Sie die S\u00fc\u00dfe des Lebens in der Ard\u00e8che genie\u00dfen? Auf dem Wasser spazieren, baden und sich am Strand des majest\u00e4tischen Pont d&#8217;Arc ausruhen?<\/p>\n<p>Diese Kanutour ist eine entspannte Entdeckung des etwa 50 m hohen nat\u00fcrlichen Bogens, der zur Kontemplation und Entspannung einl\u00e4dt. Da weniger Zeit mit Sport verbracht wird, ist es eine Freizeitbesch\u00e4ftigung f\u00fcr jedermann.<\/p>\n<p>Nehmen Sie sich Zeit zum Entspannen in einer atemberaubenden Naturkulisse.[\/vc_column_text][\/vc_column][vc_column width=&#8220;1\/2&#8243;][vc_column_text]<span class=\"titre_2\">\u00a0<\/span>[\/vc_column_text][vc_single_image image=&#8220;3591&#8243; img_size=&#8220;600&#215;180&#8243; style=&#8220;vc_box_rounded&#8220; onclick=&#8220;link_image&#8220;]<div class=' txt_centre btn_plein_rouge'><a class='lien_btn smoothScroll' href='\/en\/canoe-trips\/sur-1-jour\/the-pont-darc-descent-8-km\/' ><span>Infos \/ Reservierung<\/span><\/a><\/div>[\/vc_column][\/vc_row][vc_row css=&#8220;.vc_custom_1669192068699{margin-top: 2px !important;margin-right: 2px !important;margin-bottom: 2px !important;margin-left: 2px !important;border-top-width: 2px !important;border-right-width: 2px !important;border-bottom-width: 2px !important;border-left-width: 2px !important;background-color: #ffffff !important;border-left-color: #ff0000 !important;border-left-style: groove !important;border-right-color: #ff0000 !important;border-right-style: groove !important;border-top-color: #ff0000 !important;border-top-style: groove !important;border-bottom-color: #ff0000 !important;border-bottom-style: groove !important;border-radius: 2px !important;}&#8220;][vc_column width=&#8220;1\/2&#8243;][vc_column_text]<\/p>\n<h3><span class=\"titre_2\"><a href=\"https:\/\/canoe-kayak-lavernede.com\/en\/canoe-trips\/sur-1-jour\/12km-the-intermediary\/\">12km &#8211; Medium Tour<\/a><br \/>\n<\/span><\/h3>\n<p>[\/vc_column_text][vc_single_image image=&#8220;2635&#8243;][vc_column_text]<strong><span class=\"titre_2\"> \ud83d\udef6 <\/span>3h00 paddeln<br \/>\n<\/strong>[\/vc_column_text][vc_column_text]M\u00f6chten Sie die Entdeckung der Natur mit einer lustigen Aktivit\u00e4t f\u00fcr Kinder verbinden? M\u00f6chten Sie eine mehrst\u00fcndige Abfahrt genie\u00dfen, ohne dass dies eine sportliche Herausforderung darstellt? Diese 12 km lange Abfahrt ist wie f\u00fcr Sie gemacht.<\/p>\n<p>Ihre Reise beginnt auf einem ruhigen Flussabschnitt, der Sie \u00fcber 4 Kanurutschen f\u00fchrt, setzt sich mit einer Mini-Abfahrt fort und endet mit der erstaunlichen Entdeckung des Pont d\u2019Arc.<\/p>\n<p>Ein Genuss, der Jung und Alt begeistert![\/vc_column_text][\/vc_column][vc_column width=&#8220;1\/2&#8243;][vc_column_text]<span class=\"titre_2\">\u00a0<\/span>[\/vc_column_text][vc_single_image image=&#8220;3662&#8243; img_size=&#8220;600&#215;180&#8243; style=&#8220;vc_box_rounded&#8220; onclick=&#8220;link_image&#8220;]<div class=' txt_centre btn_plein_rouge'><a class='lien_btn smoothScroll' href='\/en\/canoe-trips\/sur-1-jour\/12km-the-intermediary\/' ><span>Infos \/ Reservierung<\/span><\/a><\/div>[\/vc_column][\/vc_row][vc_row css=&#8220;.vc_custom_1669192130534{margin-top: 2px !important;margin-right: 2px !important;margin-bottom: 2px !important;margin-left: 2px !important;border-top-width: 2px !important;border-right-width: 2px !important;border-bottom-width: 2px !important;border-left-width: 2px !important;background-color: #ffffff !important;border-left-color: #ff0000 !important;border-left-style: groove !important;border-right-color: #ff0000 !important;border-right-style: groove !important;border-top-color: #ff0000 !important;border-top-style: groove !important;border-bottom-color: #ff0000 !important;border-bottom-style: groove !important;border-radius: 2px !important;}&#8220;][vc_column width=&#8220;1\/2&#8243;][vc_column_text]<\/p>\n<h3><span class=\"titre_2\"><a href=\"https:\/\/canoe-kayak-lavernede.com\/en\/canoe-trips\/sur-1-jour\/the-gorges-24-km\/\">24km &#8211; Die Schlucht<\/a><br \/>\n<\/span><\/h3>\n<p>[\/vc_column_text][vc_single_image image=&#8220;2633&#8243;][vc_column_text]<strong><span class=\"titre_2\"> \ud83d\udef6 <\/span>5h00 paddeln<br \/>\n<\/strong>[\/vc_column_text][vc_column_text]Erleben Sie die Kraft der wilden Natur bei dieser Abfahrt der Ard\u00e8che mit dem Kanu, die besonders f\u00fcr Outdoor-Liebhaber geeignet ist! F\u00fcr diejenigen, die die Sch\u00f6nheit des Naturschutzgebiets der Schlucht genie\u00dfen m\u00f6chten: seine geologischen Wunder, seine gesch\u00fctzte Flora und Fauna.<\/p>\n<p>Sie werden von Anfang an staunen: Ihre Reise beginnt in Ch\u00e2mes mit fast 300 m hohen Kalksteinfelsen. Wir f\u00fchlen uns klein und gro\u00df zugleich![\/vc_column_text][\/vc_column][vc_column width=&#8220;1\/2&#8243;][vc_column_text]<span class=\"titre_2\">\u00a0<\/span>[\/vc_column_text][vc_single_image image=&#8220;3664&#8243; img_size=&#8220;600&#215;180&#8243; style=&#8220;vc_box_rounded&#8220; onclick=&#8220;link_image&#8220;]<div class=' txt_centre btn_plein_rouge'><a class='lien_btn smoothScroll' href='\/en\/canoe-trips\/sur-1-jour\/the-gorges-24-km\/' ><span>Infos \/ Reservierung<\/span><\/a><\/div>[\/vc_column][\/vc_row][vc_row css=&#8220;.vc_custom_1669192175262{margin-top: 2px !important;margin-right: 2px !important;margin-bottom: 2px !important;margin-left: 2px !important;border-top-width: 2px !important;border-right-width: 2px !important;border-bottom-width: 2px !important;border-left-width: 2px !important;background-color: #ffffff !important;border-left-color: #ff0000 !important;border-left-style: groove !important;border-right-color: #ff0000 !important;border-right-style: groove !important;border-top-color: #ff0000 !important;border-top-style: groove !important;border-bottom-color: #ff0000 !important;border-bottom-style: groove !important;border-radius: 2px !important;}&#8220;][vc_column width=&#8220;1\/2&#8243;][vc_column_text]<\/p>\n<h3><a href=\"https:\/\/canoe-kayak-lavernede.com\/en\/canoe-trips\/sur-1-jour\/the-integral-32km\/\"><span class=\"titre_2\">32km &#8211; Die Integrale<\/span><\/a><\/h3>\n<p>[\/vc_column_text][vc_single_image image=&#8220;2657&#8243;][vc_column_text]<strong><span class=\"titre_2\"> \ud83d\udef6 <\/span>6h30 Paddeln<br \/>\n<\/strong>[\/vc_column_text][vc_column_text]M\u00f6chten Sie die Ard\u00e8che an einem Tag vollst\u00e4ndig abfahren? Es ist eine echte sportliche Herausforderung, die Ihnen unvergessliche Erinnerungen bescheren wird.<\/p>\n<p>Seien Sie der Erste auf dem Fluss, um die erwachende Natur zu erleben. Navigieren Sie durch ruhige Gew\u00e4sser und Stromschnellen: Erblicken Sie die St\u00e4rke und Weisheit der Wildnis, die wir bewahren wollen.<\/p>\n<p>Sowohl beim sportlichen Event als auch beim Entdecken der Schluchten per Kanu lebt man dieses Erlebnis intensiv![\/vc_column_text][\/vc_column][vc_column width=&#8220;1\/2&#8243;][vc_column_text]<span class=\"titre_2\">\u00a0<\/span>[\/vc_column_text][vc_single_image image=&#8220;3665&#8243; img_size=&#8220;600&#215;180&#8243; style=&#8220;vc_box_rounded&#8220; onclick=&#8220;link_image&#8220;]<div class=' txt_centre btn_plein_rouge'><a class='lien_btn smoothScroll' href='\/en\/canoe-trips\/sur-1-jour\/the-integral-32km\/' ><span>Infos \/ Reservierung<\/span><\/a><\/div>[\/vc_column][\/vc_row][vc_row][vc_column width=&#8220;1\/4&#8243;][vc_column_text]<\/p>\n<h2><span class=\"titre_2\">ENTDECKEN SIE AUCH UNSERE<br \/>\nKanutouren \u00dcBER 2 TAGE!<\/span><\/h2>\n<p>[\/vc_column_text]<div class='  btn_plein_rouge'><a class='lien_btn smoothScroll' href='\/en\/canoe-trips\/our-2-days-canoe-trips\/' ><span>Mehr Informationen !<\/span><\/a><\/div>[\/vc_column][vc_column width=&#8220;3\/4&#8243;][vc_single_image image=&#8220;3666&#8243; img_size=&#8220;900&#215;220&#8243;][\/vc_column][\/vc_row][vc_row][vc_column][\/vc_column][\/vc_row]<\/p>\n","protected":false},"excerpt":{"rendered":"<p>[vc_row full_width=&#8220;stretch_row&#8220; el_id=&#8220;breadcrumb&#8220;][vc_column][vc_column_text] [\/vc_column_text][\/vc_column][\/vc_row][vc_row full_width=&#8220;stretch_row&#8220; el_id=&#8220;ban_inte&#8220;][vc_column][vc_column_text] Unsere Kanutouren auf der Ard\u00e8che an einem Tag [\/vc_column_text][vc_column_text] #Ein Abenteuer, das Sie nicht verpassen sollten! [\/vc_column_text][\/vc_column][\/vc_row][vc_row][vc_column][vc_column_text] 1-T\u00e4gige Kanutouren auf der Ard\u00e8che [\/vc_column_text][vc_column_text]M\u00f6chten Sie die Ard\u00e8che mit dem Kanu hinunterfahren? Ob mit Familie, Freunden oder alleine, nutzen Sie einen originellen Ausflug, um vom Alltag abzuschalten und neue Kraft zu [&hellip;]<\/p>\n","protected":false},"author":5,"featured_media":0,"parent":3618,"menu_order":0,"comment_status":"closed","ping_status":"closed","template":"","meta":{"footnotes":""},"class_list":["post-3661","page","type-page","status-publish"],"yoast_head":"<!-- This site is optimized with the Yoast SEO plugin v24.3 - https:\/\/yoast.com\/wordpress\/plugins\/seo\/ -->\n<title>Eint\u00e4gige Kanutouren in Ardeche - LA VERNEDE<\/title>\n<meta name=\"description\" content=\"M\u00f6chten Sie die S\u00fc\u00dfe des Lebens in der Ard\u00e8che genie\u00dfen? In die Schlucht Paddeln ? Am Pont d&#039;Arc Stand ausruhen? Entdecken sie unsere kanotouren !\" \/>\n<meta name=\"robots\" content=\"index, follow, max-snippet:-1, max-image-preview:large, max-video-preview:-1\" \/>\n<link rel=\"canonical\" href=\"https:\/\/canoe-kayak-lavernede.com\/de\/kanufahrten\/eintaegige-kanutouren\/\" \/>\n<meta property=\"og:locale\" content=\"de_DE\" \/>\n<meta property=\"og:type\" content=\"article\" \/>\n<meta property=\"og:title\" content=\"Eint\u00e4gige Kanutouren in Ardeche - LA VERNEDE\" \/>\n<meta property=\"og:description\" content=\"M\u00f6chten Sie die S\u00fc\u00dfe des Lebens in der Ard\u00e8che genie\u00dfen? In die Schlucht Paddeln ? Am Pont d&#039;Arc Stand ausruhen? Entdecken sie unsere kanotouren !\" \/>\n<meta property=\"og:url\" content=\"https:\/\/canoe-kayak-lavernede.com\/de\/kanufahrten\/eintaegige-kanutouren\/\" \/>\n<meta property=\"og:site_name\" content=\"LA VERNEDE\" \/>\n<meta property=\"article:modified_time\" content=\"2024-06-04T08:34:09+00:00\" \/>\n<meta name=\"twitter:card\" content=\"summary_large_image\" \/>\n<meta name=\"twitter:label1\" content=\"Gesch\u00e4tzte Lesezeit\" \/>\n\t<meta name=\"twitter:data1\" content=\"4\u00a0Minuten\" \/>\n<script type=\"application\/ld+json\" class=\"yoast-schema-graph\">{\"@context\":\"https:\/\/schema.org\",\"@graph\":[{\"@type\":\"WebPage\",\"@id\":\"https:\/\/canoe-kayak-lavernede.com\/de\/kanufahrten\/eintaegige-kanutouren\/\",\"url\":\"https:\/\/canoe-kayak-lavernede.com\/de\/kanufahrten\/eintaegige-kanutouren\/\",\"name\":\"Eint\u00e4gige Kanutouren in Ardeche - LA VERNEDE\",\"isPartOf\":{\"@id\":\"https:\/\/canoe-kayak-lavernede.com\/#website\"},\"datePublished\":\"2022-04-13T12:19:10+00:00\",\"dateModified\":\"2024-06-04T08:34:09+00:00\",\"description\":\"M\u00f6chten Sie die S\u00fc\u00dfe des Lebens in der Ard\u00e8che genie\u00dfen? In die Schlucht Paddeln ? Am Pont d'Arc Stand ausruhen? Entdecken sie unsere kanotouren !\",\"breadcrumb\":{\"@id\":\"https:\/\/canoe-kayak-lavernede.com\/de\/kanufahrten\/eintaegige-kanutouren\/#breadcrumb\"},\"inLanguage\":\"de\",\"potentialAction\":[{\"@type\":\"ReadAction\",\"target\":[\"https:\/\/canoe-kayak-lavernede.com\/de\/kanufahrten\/eintaegige-kanutouren\/\"]}]},{\"@type\":\"BreadcrumbList\",\"@id\":\"https:\/\/canoe-kayak-lavernede.com\/de\/kanufahrten\/eintaegige-kanutouren\/#breadcrumb\",\"itemListElement\":[{\"@type\":\"ListItem\",\"position\":1,\"name\":\"Accueil\",\"item\":\"https:\/\/canoe-kayak-lavernede.com\/de\/\"},{\"@type\":\"ListItem\",\"position\":2,\"name\":\"Kanutouren auf der Ard\u00e8che\",\"item\":\"https:\/\/canoe-kayak-lavernede.com\/de\/kanufahrten\/\"},{\"@type\":\"ListItem\",\"position\":3,\"name\":\"Eint\u00e4gige Kanutouren\"}]},{\"@type\":\"WebSite\",\"@id\":\"https:\/\/canoe-kayak-lavernede.com\/#website\",\"url\":\"https:\/\/canoe-kayak-lavernede.com\/\",\"name\":\"LA VERNEDE\",\"description\":\"\",\"potentialAction\":[{\"@type\":\"SearchAction\",\"target\":{\"@type\":\"EntryPoint\",\"urlTemplate\":\"https:\/\/canoe-kayak-lavernede.com\/?s={search_term_string}\"},\"query-input\":{\"@type\":\"PropertyValueSpecification\",\"valueRequired\":true,\"valueName\":\"search_term_string\"}}],\"inLanguage\":\"de\"}]}<\/script>\n<!-- \/ Yoast SEO plugin. -->","yoast_head_json":{"title":"Eint\u00e4gige Kanutouren in Ardeche - LA VERNEDE","description":"M\u00f6chten Sie die S\u00fc\u00dfe des Lebens in der Ard\u00e8che genie\u00dfen? In die Schlucht Paddeln ? Am Pont d'Arc Stand ausruhen? Entdecken sie unsere kanotouren !","robots":{"index":"index","follow":"follow","max-snippet":"max-snippet:-1","max-image-preview":"max-image-preview:large","max-video-preview":"max-video-preview:-1"},"canonical":"https:\/\/canoe-kayak-lavernede.com\/de\/kanufahrten\/eintaegige-kanutouren\/","og_locale":"de_DE","og_type":"article","og_title":"Eint\u00e4gige Kanutouren in Ardeche - LA VERNEDE","og_description":"M\u00f6chten Sie die S\u00fc\u00dfe des Lebens in der Ard\u00e8che genie\u00dfen? In die Schlucht Paddeln ? Am Pont d'Arc Stand ausruhen? Entdecken sie unsere kanotouren !","og_url":"https:\/\/canoe-kayak-lavernede.com\/de\/kanufahrten\/eintaegige-kanutouren\/","og_site_name":"LA VERNEDE","article_modified_time":"2024-06-04T08:34:09+00:00","twitter_card":"summary_large_image","twitter_misc":{"Gesch\u00e4tzte Lesezeit":"4\u00a0Minuten"},"schema":{"@context":"https:\/\/schema.org","@graph":[{"@type":"WebPage","@id":"https:\/\/canoe-kayak-lavernede.com\/de\/kanufahrten\/eintaegige-kanutouren\/","url":"https:\/\/canoe-kayak-lavernede.com\/de\/kanufahrten\/eintaegige-kanutouren\/","name":"Eint\u00e4gige Kanutouren in Ardeche - LA VERNEDE","isPartOf":{"@id":"https:\/\/canoe-kayak-lavernede.com\/#website"},"datePublished":"2022-04-13T12:19:10+00:00","dateModified":"2024-06-04T08:34:09+00:00","description":"M\u00f6chten Sie die S\u00fc\u00dfe des Lebens in der Ard\u00e8che genie\u00dfen? In die Schlucht Paddeln ? Am Pont d'Arc Stand ausruhen? Entdecken sie unsere kanotouren !","breadcrumb":{"@id":"https:\/\/canoe-kayak-lavernede.com\/de\/kanufahrten\/eintaegige-kanutouren\/#breadcrumb"},"inLanguage":"de","potentialAction":[{"@type":"ReadAction","target":["https:\/\/canoe-kayak-lavernede.com\/de\/kanufahrten\/eintaegige-kanutouren\/"]}]},{"@type":"BreadcrumbList","@id":"https:\/\/canoe-kayak-lavernede.com\/de\/kanufahrten\/eintaegige-kanutouren\/#breadcrumb","itemListElement":[{"@type":"ListItem","position":1,"name":"Accueil","item":"https:\/\/canoe-kayak-lavernede.com\/de\/"},{"@type":"ListItem","position":2,"name":"Kanutouren auf der Ard\u00e8che","item":"https:\/\/canoe-kayak-lavernede.com\/de\/kanufahrten\/"},{"@type":"ListItem","position":3,"name":"Eint\u00e4gige Kanutouren"}]},{"@type":"WebSite","@id":"https:\/\/canoe-kayak-lavernede.com\/#website","url":"https:\/\/canoe-kayak-lavernede.com\/","name":"LA VERNEDE","description":"","potentialAction":[{"@type":"SearchAction","target":{"@type":"EntryPoint","urlTemplate":"https:\/\/canoe-kayak-lavernede.com\/?s={search_term_string}"},"query-input":{"@type":"PropertyValueSpecification","valueRequired":true,"valueName":"search_term_string"}}],"inLanguage":"de"}]}},"_links":{"self":[{"href":"https:\/\/canoe-kayak-lavernede.com\/de\/wp-json\/wp\/v2\/pages\/3661"}],"collection":[{"href":"https:\/\/canoe-kayak-lavernede.com\/de\/wp-json\/wp\/v2\/pages"}],"about":[{"href":"https:\/\/canoe-kayak-lavernede.com\/de\/wp-json\/wp\/v2\/types\/page"}],"author":[{"embeddable":true,"href":"https:\/\/canoe-kayak-lavernede.com\/de\/wp-json\/wp\/v2\/users\/5"}],"replies":[{"embeddable":true,"href":"https:\/\/canoe-kayak-lavernede.com\/de\/wp-json\/wp\/v2\/comments?post=3661"}],"version-history":[{"count":4,"href":"https:\/\/canoe-kayak-lavernede.com\/de\/wp-json\/wp\/v2\/pages\/3661\/revisions"}],"predecessor-version":[{"id":7920,"href":"https:\/\/canoe-kayak-lavernede.com\/de\/wp-json\/wp\/v2\/pages\/3661\/revisions\/7920"}],"up":[{"embeddable":true,"href":"https:\/\/canoe-kayak-lavernede.com\/de\/wp-json\/wp\/v2\/pages\/3618"}],"wp:attachment":[{"href":"https:\/\/canoe-kayak-lavernede.com\/de\/wp-json\/wp\/v2\/media?parent=3661"}],"curies":[{"name":"wp","href":"https:\/\/api.w.org\/{rel}","templated":true}]}}