{"id":2824,"date":"2021-11-10T14:58:44","date_gmt":"2021-11-10T13:58:44","guid":{"rendered":"https:\/\/www.canoe-kayak-lavernede.com\/?page_id=2824"},"modified":"2022-08-31T12:24:32","modified_gmt":"2022-08-31T10:24:32","slug":"politique-de-confidentialite-2","status":"publish","type":"page","link":"https:\/\/canoe-kayak-lavernede.com\/de\/politique-de-confidentialite-2\/","title":{"rendered":"Politique de confidentialit\u00e9"},"content":{"rendered":"<p>[vc_row][vc_column][vc_column_text]<\/p>\n<div>\n<h1 style=\"text-align: center;\"><span class=\"titre_1\"><strong>POLITIQUE DE CONFIDENTIALIT\u00c9 &#8211; CANOE ARDECHE<\/strong><\/span><\/h1>\n<p style=\"text-align: center;\"><span style=\"text-decoration: underline;\"><em>www.canoe-kayak-lavernede.com<\/em><\/span><br \/>\n<strong>Action cano\u00eb kayak &#8211; La vernede<\/strong><\/p>\n<p>Type de site\u00a0: e-commerce<\/p>\n<\/div>\n<div>\n<p>Le but de cette politique de confidentialit\u00e9<\/p>\n<p>Le but de cette politique de confidentialit\u00e9 est d&#8217;informer les utilisateurs de notre site des donn\u00e9es personnelles que nous recueillerons ainsi que les informations suivantes, le cas \u00e9ch\u00e9ant :<\/p>\n<ol start=\"1\">\n<li value=\"1\">Les donn\u00e9es personnelles que nous recueillerons<\/li>\n<li value=\"2\">L\u2019utilisation des donn\u00e9es recueillies<\/li>\n<li value=\"3\">Qui a acc\u00e8s aux donn\u00e9es recueillies<\/li>\n<li value=\"4\">Les droits des utilisateurs du site<\/li>\n<li value=\"5\">La politique de cookies du site<\/li>\n<\/ol>\n<p>Cette politique de confidentialit\u00e9 fonctionne parall\u00e8lement aux conditions g\u00e9n\u00e9rales d\u2019utilisation de notre site.<\/p>\n<\/div>\n<div>\n<p>Lois applicables<\/p>\n<p>Conform\u00e9ment au\u00a0R\u00e8glement g\u00e9n\u00e9ral sur la protection des donn\u00e9es\u00a0(RGPD), cette politique de confidentialit\u00e9 est conforme aux r\u00e8glements suivants.<\/p>\n<p>Les donn\u00e9es \u00e0 caract\u00e8re personnel doivent \u00eatre :<\/p>\n<ol start=\"1\">\n<li value=\"1\">trait\u00e9es de mani\u00e8re licite, loyale et transparente au regard de la personne concern\u00e9e (lic\u00e9it\u00e9, loyaut\u00e9, transparence) ;<\/li>\n<li value=\"2\">collect\u00e9es pour des finalit\u00e9s d\u00e9termin\u00e9es, explicites et l\u00e9gitimes, et ne pas \u00eatre trait\u00e9es ult\u00e9rieurement d&#8217;une mani\u00e8re incompatible avec ces finalit\u00e9s; le traitement ult\u00e9rieur \u00e0 des fins archivistiques dans l&#8217;int\u00e9r\u00eat public, \u00e0 des fins de recherche scientifique ou historique ou \u00e0 des fins statistiques n&#8217;est pas consid\u00e9r\u00e9, conform\u00e9ment \u00e0 l&#8217;article 89, paragraphe 1, comme incompatible avec les finalit\u00e9s initiales (limitation des finalit\u00e9s) ;<\/li>\n<li value=\"3\">ad\u00e9quates, pertinentes et limit\u00e9es \u00e0 ce qui est n\u00e9cessaire au regard des finalit\u00e9s pour lesquelles elles sont trait\u00e9es (minimisation des donn\u00e9es) ;<\/li>\n<li value=\"4\">exactes et, si n\u00e9cessaire, tenues \u00e0 jour; toutes les mesures raisonnables doivent \u00eatre prises pour que les donn\u00e9es \u00e0 caract\u00e8re personnel qui sont inexactes, eu \u00e9gard aux finalit\u00e9s pour lesquelles elles sont trait\u00e9es, soient effac\u00e9es ou rectifi\u00e9es sans tarder (exactitude) ;<\/li>\n<li value=\"5\">conserv\u00e9es sous une forme permettant l&#8217;identification des personnes concern\u00e9es pendant une dur\u00e9e n&#8217;exc\u00e9dant pas celle n\u00e9cessaire au regard des finalit\u00e9s pour lesquelles elles sont trait\u00e9es; les donn\u00e9es \u00e0 caract\u00e8re personnel peuvent \u00eatre conserv\u00e9es pour des dur\u00e9es plus longues dans la mesure o\u00f9 elles seront trait\u00e9es exclusivement \u00e0 des fins archivistiques dans l&#8217;int\u00e9r\u00eat public, \u00e0 des fins de recherche scientifique ou historique ou \u00e0 des fins statistiques conform\u00e9ment \u00e0 l&#8217;article 89, paragraphe 1, pour autant que soient mises en \u0153uvre les mesures techniques et organisationnelles appropri\u00e9es requises par le r\u00e8glement afin de garantir les droits et libert\u00e9s de la personne concern\u00e9e (limitation de la conservation) ;<\/li>\n<li value=\"6\">trait\u00e9es de fa\u00e7on \u00e0 garantir une s\u00e9curit\u00e9 appropri\u00e9e des donn\u00e9es \u00e0 caract\u00e8re personnel, y compris la protection contre le traitement non autoris\u00e9 ou illicite et contre la perte, la destruction ou les d\u00e9g\u00e2ts d&#8217;origine accidentelle, \u00e0 l&#8217;aide de mesures techniques ou organisationnelles appropri\u00e9es (int\u00e9grit\u00e9 et confidentialit\u00e9).<\/li>\n<\/ol>\n<p>Le traitement n&#8217;est licite que si, et dans la mesure o\u00f9, au moins une des conditions suivantes est remplie :<\/p>\n<ol start=\"1\">\n<li value=\"1\">la personne concern\u00e9e a consenti au traitement de ses donn\u00e9es \u00e0 caract\u00e8re personnel pour une ou plusieurs finalit\u00e9s sp\u00e9cifiques ;<\/li>\n<li value=\"2\">le traitement est n\u00e9cessaire \u00e0 l&#8217;ex\u00e9cution d&#8217;un contrat auquel la personne concern\u00e9e est partie ou \u00e0 l&#8217;ex\u00e9cution de mesures pr\u00e9contractuelles prises \u00e0 la demande de celle-ci ;<\/li>\n<li value=\"3\">le traitement est n\u00e9cessaire au respect d&#8217;une obligation l\u00e9gale \u00e0 laquelle le responsable du traitement est soumis ;<\/li>\n<li value=\"4\">le traitement est n\u00e9cessaire \u00e0 la sauvegarde des int\u00e9r\u00eats vitaux de la personne concern\u00e9e ou d&#8217;une autre personne physique ;<\/li>\n<li value=\"5\">le traitement est n\u00e9cessaire \u00e0 l&#8217;ex\u00e9cution d&#8217;une mission d&#8217;int\u00e9r\u00eat public ou relevant de l&#8217;exercice de l&#8217;autorit\u00e9 publique dont est investi le responsable du traitement ;<\/li>\n<li value=\"6\">le traitement est n\u00e9cessaire aux fins des int\u00e9r\u00eats l\u00e9gitimes poursuivis par le responsable du traitement ou par un tiers, \u00e0 moins que ne pr\u00e9valent les int\u00e9r\u00eats ou les libert\u00e9s et droits fondamentaux de la personne concern\u00e9e qui exigent une protection des donn\u00e9es \u00e0 caract\u00e8re personnel, notamment lorsque la personne concern\u00e9e est un enfant.<\/li>\n<\/ol>\n<p>Pour les r\u00e9sidents de l\u2019\u00c9tat de Californie, cette politique de confidentialit\u00e9 vise \u00e0 se conformer \u00e0 la\u00a0California Consumer Privacy Act (CCPA). S\u2019il y a des incoh\u00e9rences entre ce document et la\u00a0CCPA, la l\u00e9gislation de l\u2019\u00c9tat s\u2019appliquera. Si nous constatons des incoh\u00e9rences, nous modifierons notre politique pour nous conformer \u00e0 la loi pertinente.<\/p>\n<\/div>\n<div>\n<p>Consentement<\/p>\n<p>Les utilisateurs conviennent qu\u2019en utilisant notre site, ils consentent \u00e0 :<\/p>\n<ol start=\"1\">\n<li value=\"1\">les conditions \u00e9nonc\u00e9es dans la pr\u00e9sente politique de confidentialit\u00e9 et<\/li>\n<li value=\"2\">la collecte, l\u2019utilisation et la conservation des donn\u00e9es \u00e9num\u00e9r\u00e9es dans la pr\u00e9sente politique.<\/li>\n<\/ol>\n<\/div>\n<div>\n<p>Donn\u00e9es personnelles que nous collectons<\/p>\n<div>\n<div>\n<p>Donn\u00e9es collect\u00e9es automatiquement<\/p>\n<p>Lorsque vous visitez et utilisez notre site, nous pouvons automatiquement recueillir et conserver les renseignements suivants :<\/p>\n<ol start=\"1\">\n<li value=\"1\">Adresse IP<\/li>\n<li value=\"2\">Lieu<\/li>\n<li value=\"3\">D\u00e9tails mat\u00e9riels et logiciels<\/li>\n<li value=\"4\">Liens un utilisateur clique tout en utilisant le site<\/li>\n<li value=\"5\">Contenu que l\u2019utilisateur consulte sur votre site<\/li>\n<\/ol>\n<\/div>\n<div>\n<p>Donn\u00e9es recueillies de fa\u00e7on non automatique<\/p>\n<p>Nous pouvons \u00e9galement collecter les donn\u00e9es suivantes lorsque vous effectuez certaines fonctions sur notre site\u00a0:<\/p>\n<ol start=\"1\">\n<li value=\"1\">Pr\u00e9nom et nom<\/li>\n<li value=\"2\">Email<\/li>\n<li value=\"3\">Num\u00e9ro de t\u00e9l\u00e9phone<\/li>\n<li value=\"4\">Domicile<\/li>\n<li value=\"5\">Information de paiement<\/li>\n<\/ol>\n<p>Ces donn\u00e9es peuvent \u00eatre recueillies au moyen des m\u00e9thodes suivantes\u00a0:<\/p>\n<p>Formulaire de r\u00e9servation<\/p>\n<\/div>\n<p>Veuillez noter que nous ne collectons que les donn\u00e9es qui nous aident \u00e0 atteindre l\u2019objectif \u00e9nonc\u00e9 dans cette politique de confidentialit\u00e9. Nous ne recueillerons pas de donn\u00e9es suppl\u00e9mentaires sans vous en informer au pr\u00e9alable.<\/p>\n<\/div>\n<\/div>\n<div>\n<p>Comment nous utilisons les donn\u00e9es personnelles<\/p>\n<p>Les donn\u00e9es personnelles recueillies sur notre site seront utilis\u00e9es uniquement aux fins pr\u00e9cis\u00e9es dans la pr\u00e9sente politique ou indiqu\u00e9es sur les pages pertinentes de notre site. Nous n\u2019utiliserons pas vos donn\u00e9es au-del\u00e0 de ce que nous divulguerons.<\/p>\n<div>\n<p>Les donn\u00e9es que nous recueillons automatiquement sont utilis\u00e9es aux fins suivantes\u00a0:<\/p>\n<ol start=\"1\">\n<li value=\"1\">Statistique<\/li>\n<li value=\"2\">Optimisation<\/li>\n<\/ol>\n<\/div>\n<div>\n<p>Les donn\u00e9es que nous recueillons lorsque l\u2019utilisateur ex\u00e9cute certaines fonctions peuvent \u00eatre utilis\u00e9es aux fins suivantes\u00a0:<\/p>\n<ol start=\"1\">\n<li value=\"1\">Enregistrement des r\u00e9servations<\/li>\n<\/ol>\n<\/div>\n<\/div>\n<div>\n<p>Avec qui nous partageons les donn\u00e9es personnelles<\/p>\n<div>\n<p>Employ\u00e9s<br \/>\nNous pouvons divulguer \u00e0 tout membre de notre organisation les donn\u00e9es utilisateur dont il a raisonnablement besoin pour r\u00e9aliser les objectifs \u00e9nonc\u00e9s dans la pr\u00e9sente politique.<\/p>\n<\/div>\n<div>\n<p>Les tiers ne seront pas en mesure d\u2019acc\u00e9der aux donn\u00e9es des utilisateurs au-del\u00e0 de ce qui est raisonnablement n\u00e9cessaire pour atteindre l\u2019objectif donn\u00e9.<\/p>\n<\/div>\n<div>\n<p>Autres divulgations<br \/>\nNous nous engageons \u00e0 ne pas vendre ou partager vos donn\u00e9es avec des tiers, sauf dans les cas suivants\u00a0:<\/p>\n<ol start=\"1\">\n<li value=\"1\">si la loi l&#8217;exige<\/li>\n<li value=\"2\">si elle est requise pour toute proc\u00e9dure judiciaire<\/li>\n<li value=\"3\">pour prouver ou prot\u00e9ger nos droits l\u00e9gaux<\/li>\n<li value=\"4\">\u00e0 des acheteurs ou des acheteurs potentiels de cette soci\u00e9t\u00e9 dans le cas o\u00f9 nous cherchons \u00e0 la vendre la soci\u00e9t\u00e9<\/li>\n<\/ol>\n<p>Si vous suivez des hyperliens de notre site vers un autre site, veuillez noter que nous ne sommes pas responsables et n\u2019avons pas de contr\u00f4le sur leurs politiques et pratiques de confidentialit\u00e9.<\/p>\n<\/div>\n<\/div>\n<div>\n<p>Combien de temps nous stockons les donn\u00e9es personnelles<\/p>\n<p>Nous ne conservons pas les donn\u00e9es des utilisateurs au-del\u00e0 de ce qui est n\u00e9cessaire pour atteindre les fins pour lesquelles elles sont recueillies.<\/p>\n<\/div>\n<div>\n<p>Comment nous prot\u00e9geons vos donn\u00e9es personnelles<\/p>\n<p>Toutes les donn\u00e9es stock\u00e9es dans notre syst\u00e8me sont bien s\u00e9curis\u00e9es et ne sont accessibles qu\u2019\u00e0 nos employ\u00e9s. Nos employ\u00e9s sont li\u00e9s par des accords de confidentialit\u00e9 stricts et une violation de cet accord entra\u00eenerait le licenciement de l&#8217;employ\u00e9.<\/p>\n<p>Alors que nous prenons toutes les pr\u00e9cautions raisonnables pour nous assurer que nos donn\u00e9es d\u2019utilisateur sont s\u00e9curis\u00e9es et que les utilisateurs sont prot\u00e9g\u00e9s, il reste toujours du risque de pr\u00e9judice. L\u2019Internet en sa totalit\u00e9 peut \u00eatre, parfois, peu s\u00fbr et donc nous sommes incapables de garantir la s\u00e9curit\u00e9 des donn\u00e9es des utilisateurs au-del\u00e0 de ce qui est raisonnablement pratique.<\/p>\n<\/div>\n<div>\n<p>Mineurs<\/p>\n<p>Le RGPD pr\u00e9cise que les personnes de moins de 15 ans sont consid\u00e9r\u00e9es comme des mineurs aux fins de la collecte de donn\u00e9es. Les mineurs doivent avoir le consentement d\u2019un repr\u00e9sentant l\u00e9gal pour que leurs donn\u00e9es soient recueillies, trait\u00e9es et utilis\u00e9es.<\/p>\n<\/div>\n<div>\n<p>Vos droits en tant qu\u2019utilisateur<\/p>\n<div>\n<p>En vertu du RGPD, les utilisateurs ont les droits suivants en tant que personnes concern\u00e9es :<\/p>\n<ol start=\"1\">\n<li value=\"1\">droit d\u2019acc\u00e8s<\/li>\n<li value=\"2\">droit de rectification<\/li>\n<li value=\"3\">droit \u00e0 l\u2019effacement<\/li>\n<li value=\"4\">droit de restreindre le traitement<\/li>\n<li value=\"5\">droit \u00e0 la portabilit\u00e9 des donn\u00e9es<\/li>\n<li value=\"6\">droit d&#8217;objection<\/li>\n<\/ol>\n<p>Vous trouverez de plus amples informations sur ces droits au chapitre 3 (art 12-23) du RGPD.<\/p>\n<\/div>\n<\/div>\n<div>\n<p>Comment modifier, supprimer ou contester les donn\u00e9es recueillies<\/p>\n<p>Si vous souhaitez que vos renseignements soient supprim\u00e9s ou modifi\u00e9s d\u2019une fa\u00e7on ou d\u2019une autre, veuillez communiquer avec notre agent de protection de la vie priv\u00e9e ici :<\/p>\n<p>David Leynaud<br \/>\ninfo@canoe-kayak-lavernede.com<\/p>\n<\/div>\n<div>\n<p>Politique sur les cookies<\/p>\n<p>Un cookie est un petit fichier, stock\u00e9 sur le disque dur d\u2019un utilisateur par le site Web. Son but est de recueillir des donn\u00e9es relatives aux habitudes de navigation de l\u2019utilisateur.<\/p>\n<p>Nous utilisons les types de cookies suivants sur notre site\u00a0:<\/p>\n<ol start=\"1\">\n<li value=\"1\">Cookies fonctionnels<br \/>\nNous les utilisons pour m\u00e9moriser toutes les s\u00e9lections que vous faites sur notre site afin qu\u2019elles soient sauvegard\u00e9es pour vos prochaines visites.<\/li>\n<li value=\"2\">Cookies analytiques<br \/>\nCela nous permet d\u2019am\u00e9liorer la conception et la fonctionnalit\u00e9 de notre site en recueillant des donn\u00e9es sur le contenu auquel vous acc\u00e9dez et sur lequel vous vous accrochez en utilisant notre site.<\/li>\n<li value=\"3\">Cookies de ciblage<br \/>\nCes cookies collectent des donn\u00e9es sur la fa\u00e7on dont vous utilisez le site et vos pr\u00e9f\u00e9rences. Cela nous permet de rendre les informations que vous voyez sur notre site plus promotionnelles et cibl\u00e9es pour vous.<\/li>\n<\/ol>\n<p>Vous pouvez choisir d\u2019\u00eatre averti chaque fois qu\u2019un cookie est transmis. Vous pouvez \u00e9galement choisir de d\u00e9sactiver les cookies enti\u00e8rement dans votre navigateur Internet, mais cela peut diminuer la qualit\u00e9 de votre exp\u00e9rience d\u2019utilisation.<\/p>\n<\/div>\n<div>\n<p>Cookies tiers<\/p>\n<p>Nous pouvons utiliser des cookies tiers sur notre site pour atteindre les objectifs suivants\u00a0:<\/p>\n<ol start=\"1\">\n<li value=\"1\">Surveiller les pr\u00e9f\u00e9rences des utilisateurs pour adapter les publicit\u00e9s autour de leurs int\u00e9r\u00eats.<\/li>\n<\/ol>\n<\/div>\n<div>\n<p>Modifications<\/p>\n<p>Cette politique de confidentialit\u00e9 peut \u00eatre modifi\u00e9e \u00e0 l\u2019occasion afin de maintenir la conformit\u00e9 avec la loi et de tenir compte de tout changement \u00e0 notre processus de collecte de donn\u00e9es. Nous recommandons \u00e0 nos utilisateurs de v\u00e9rifier notre politique de temps \u00e0 autre pour s\u2019assurer qu\u2019ils soient inform\u00e9s de toute mise \u00e0 jour. Au besoin, nous pouvons informer les utilisateurs par courriel des changements apport\u00e9s \u00e0 cette politique.<\/p>\n<\/div>\n<div>\n<p><span class=\"titre_2\"><strong>Contact<\/strong><\/span><\/p>\n<p>Si vous avez des questions \u00e0 nous poser, n\u2019h\u00e9sitez pas \u00e0 communiquer avec nous en utilisant ce qui suit\u00a0:<\/p>\n<p>0033 4 75 37 12 74<br \/>\ncontact@lavernede.fr<br \/>\nroute des gorges, 07150, Vallon Pont d&#8217;Arc<\/p>\n<\/div>\n<p>Date d\u2019entr\u00e9e en vigueur\u00a0:\u00a0le 10 novembre 2021<\/p>\n<div class=\"LDCopyright\">\n<p>\u00a9 2021, Action cano\u00eb Kayak la Vernede<\/p>\n<\/div>\n<p>[\/vc_column_text][\/vc_column][\/vc_row]<\/p>\n","protected":false},"excerpt":{"rendered":"<p>[vc_row][vc_column][vc_column_text] POLITIQUE DE CONFIDENTIALIT\u00c9 &#8211; CANOE ARDECHE www.canoe-kayak-lavernede.com Action cano\u00eb kayak &#8211; La vernede Type de site\u00a0: e-commerce Le but de cette politique de confidentialit\u00e9 Le but de cette politique de confidentialit\u00e9 est d&#8217;informer les utilisateurs de notre site des donn\u00e9es personnelles que nous recueillerons ainsi que les informations suivantes, le cas \u00e9ch\u00e9ant : Les [&hellip;]<\/p>\n","protected":false},"author":5,"featured_media":0,"parent":0,"menu_order":0,"comment_status":"closed","ping_status":"closed","template":"","meta":{"footnotes":""},"class_list":["post-2824","page","type-page","status-publish"],"yoast_head":"<!-- This site is optimized with the Yoast SEO plugin v24.3 - https:\/\/yoast.com\/wordpress\/plugins\/seo\/ -->\n<title>Politique de confidentialit\u00e9 - LA VERNEDE<\/title>\n<meta name=\"robots\" content=\"index, follow, max-snippet:-1, max-image-preview:large, max-video-preview:-1\" \/>\n<link rel=\"canonical\" href=\"https:\/\/canoe-kayak-lavernede.com\/politique-de-confidentialite-2\/\" \/>\n<meta property=\"og:locale\" content=\"de_DE\" \/>\n<meta property=\"og:type\" content=\"article\" \/>\n<meta property=\"og:title\" content=\"Politique de confidentialit\u00e9 - LA VERNEDE\" \/>\n<meta property=\"og:description\" content=\"[vc_row][vc_column][vc_column_text] POLITIQUE DE CONFIDENTIALIT\u00c9 &#8211; CANOE ARDECHE www.canoe-kayak-lavernede.com Action cano\u00eb kayak &#8211; La vernede Type de site\u00a0: e-commerce Le but de cette politique de confidentialit\u00e9 Le but de cette politique de confidentialit\u00e9 est d&#8217;informer les utilisateurs de notre site des donn\u00e9es personnelles que nous recueillerons ainsi que les informations suivantes, le cas \u00e9ch\u00e9ant : Les [&hellip;]\" \/>\n<meta property=\"og:url\" content=\"https:\/\/canoe-kayak-lavernede.com\/politique-de-confidentialite-2\/\" \/>\n<meta property=\"og:site_name\" content=\"LA VERNEDE\" \/>\n<meta property=\"article:modified_time\" content=\"2022-08-31T10:24:32+00:00\" \/>\n<meta name=\"twitter:card\" content=\"summary_large_image\" \/>\n<meta name=\"twitter:label1\" content=\"Gesch\u00e4tzte Lesezeit\" \/>\n\t<meta name=\"twitter:data1\" content=\"9\u00a0Minuten\" \/>\n<script type=\"application\/ld+json\" class=\"yoast-schema-graph\">{\"@context\":\"https:\/\/schema.org\",\"@graph\":[{\"@type\":\"WebPage\",\"@id\":\"https:\/\/canoe-kayak-lavernede.com\/politique-de-confidentialite-2\/\",\"url\":\"https:\/\/canoe-kayak-lavernede.com\/politique-de-confidentialite-2\/\",\"name\":\"Politique de confidentialit\u00e9 - LA VERNEDE\",\"isPartOf\":{\"@id\":\"https:\/\/canoe-kayak-lavernede.com\/#website\"},\"datePublished\":\"2021-11-10T13:58:44+00:00\",\"dateModified\":\"2022-08-31T10:24:32+00:00\",\"breadcrumb\":{\"@id\":\"https:\/\/canoe-kayak-lavernede.com\/politique-de-confidentialite-2\/#breadcrumb\"},\"inLanguage\":\"de\",\"potentialAction\":[{\"@type\":\"ReadAction\",\"target\":[\"https:\/\/canoe-kayak-lavernede.com\/politique-de-confidentialite-2\/\"]}]},{\"@type\":\"BreadcrumbList\",\"@id\":\"https:\/\/canoe-kayak-lavernede.com\/politique-de-confidentialite-2\/#breadcrumb\",\"itemListElement\":[{\"@type\":\"ListItem\",\"position\":1,\"name\":\"Accueil\",\"item\":\"https:\/\/canoe-kayak-lavernede.com\/de\/\"},{\"@type\":\"ListItem\",\"position\":2,\"name\":\"Politique de confidentialit\u00e9\"}]},{\"@type\":\"WebSite\",\"@id\":\"https:\/\/canoe-kayak-lavernede.com\/#website\",\"url\":\"https:\/\/canoe-kayak-lavernede.com\/\",\"name\":\"LA VERNEDE\",\"description\":\"\",\"potentialAction\":[{\"@type\":\"SearchAction\",\"target\":{\"@type\":\"EntryPoint\",\"urlTemplate\":\"https:\/\/canoe-kayak-lavernede.com\/?s={search_term_string}\"},\"query-input\":{\"@type\":\"PropertyValueSpecification\",\"valueRequired\":true,\"valueName\":\"search_term_string\"}}],\"inLanguage\":\"de\"}]}<\/script>\n<!-- \/ Yoast SEO plugin. -->","yoast_head_json":{"title":"Politique de confidentialit\u00e9 - LA VERNEDE","robots":{"index":"index","follow":"follow","max-snippet":"max-snippet:-1","max-image-preview":"max-image-preview:large","max-video-preview":"max-video-preview:-1"},"canonical":"https:\/\/canoe-kayak-lavernede.com\/politique-de-confidentialite-2\/","og_locale":"de_DE","og_type":"article","og_title":"Politique de confidentialit\u00e9 - LA VERNEDE","og_description":"[vc_row][vc_column][vc_column_text] POLITIQUE DE CONFIDENTIALIT\u00c9 &#8211; CANOE ARDECHE www.canoe-kayak-lavernede.com Action cano\u00eb kayak &#8211; La vernede Type de site\u00a0: e-commerce Le but de cette politique de confidentialit\u00e9 Le but de cette politique de confidentialit\u00e9 est d&#8217;informer les utilisateurs de notre site des donn\u00e9es personnelles que nous recueillerons ainsi que les informations suivantes, le cas \u00e9ch\u00e9ant : Les [&hellip;]","og_url":"https:\/\/canoe-kayak-lavernede.com\/politique-de-confidentialite-2\/","og_site_name":"LA VERNEDE","article_modified_time":"2022-08-31T10:24:32+00:00","twitter_card":"summary_large_image","twitter_misc":{"Gesch\u00e4tzte Lesezeit":"9\u00a0Minuten"},"schema":{"@context":"https:\/\/schema.org","@graph":[{"@type":"WebPage","@id":"https:\/\/canoe-kayak-lavernede.com\/politique-de-confidentialite-2\/","url":"https:\/\/canoe-kayak-lavernede.com\/politique-de-confidentialite-2\/","name":"Politique de confidentialit\u00e9 - LA VERNEDE","isPartOf":{"@id":"https:\/\/canoe-kayak-lavernede.com\/#website"},"datePublished":"2021-11-10T13:58:44+00:00","dateModified":"2022-08-31T10:24:32+00:00","breadcrumb":{"@id":"https:\/\/canoe-kayak-lavernede.com\/politique-de-confidentialite-2\/#breadcrumb"},"inLanguage":"de","potentialAction":[{"@type":"ReadAction","target":["https:\/\/canoe-kayak-lavernede.com\/politique-de-confidentialite-2\/"]}]},{"@type":"BreadcrumbList","@id":"https:\/\/canoe-kayak-lavernede.com\/politique-de-confidentialite-2\/#breadcrumb","itemListElement":[{"@type":"ListItem","position":1,"name":"Accueil","item":"https:\/\/canoe-kayak-lavernede.com\/de\/"},{"@type":"ListItem","position":2,"name":"Politique de confidentialit\u00e9"}]},{"@type":"WebSite","@id":"https:\/\/canoe-kayak-lavernede.com\/#website","url":"https:\/\/canoe-kayak-lavernede.com\/","name":"LA VERNEDE","description":"","potentialAction":[{"@type":"SearchAction","target":{"@type":"EntryPoint","urlTemplate":"https:\/\/canoe-kayak-lavernede.com\/?s={search_term_string}"},"query-input":{"@type":"PropertyValueSpecification","valueRequired":true,"valueName":"search_term_string"}}],"inLanguage":"de"}]}},"_links":{"self":[{"href":"https:\/\/canoe-kayak-lavernede.com\/de\/wp-json\/wp\/v2\/pages\/2824"}],"collection":[{"href":"https:\/\/canoe-kayak-lavernede.com\/de\/wp-json\/wp\/v2\/pages"}],"about":[{"href":"https:\/\/canoe-kayak-lavernede.com\/de\/wp-json\/wp\/v2\/types\/page"}],"author":[{"embeddable":true,"href":"https:\/\/canoe-kayak-lavernede.com\/de\/wp-json\/wp\/v2\/users\/5"}],"replies":[{"embeddable":true,"href":"https:\/\/canoe-kayak-lavernede.com\/de\/wp-json\/wp\/v2\/comments?post=2824"}],"version-history":[{"count":3,"href":"https:\/\/canoe-kayak-lavernede.com\/de\/wp-json\/wp\/v2\/pages\/2824\/revisions"}],"predecessor-version":[{"id":4698,"href":"https:\/\/canoe-kayak-lavernede.com\/de\/wp-json\/wp\/v2\/pages\/2824\/revisions\/4698"}],"wp:attachment":[{"href":"https:\/\/canoe-kayak-lavernede.com\/de\/wp-json\/wp\/v2\/media?parent=2824"}],"curies":[{"name":"wp","href":"https:\/\/api.w.org\/{rel}","templated":true}]}}