{"id":1708,"date":"2021-04-20T13:22:36","date_gmt":"2021-04-20T11:22:36","guid":{"rendered":"https:\/\/www.canoe-kayak-lavernede.com\/?page_id=1708"},"modified":"2021-04-20T13:22:36","modified_gmt":"2021-04-20T11:22:36","slug":"rappel-geant","status":"publish","type":"page","link":"https:\/\/canoe-kayak-lavernede.com\/de\/rappel-geant\/","title":{"rendered":"Rappel g\u00e9ant"},"content":{"rendered":"<p>[vc_row full_width=&#8220;stretch_row&#8220; el_id=&#8220;breadcrumb&#8220;][vc_column][vc_column_text]<span><span><a href=\"https:\/\/canoe-kayak-lavernede.com\/de\/\">Accueil<\/a><\/span><\/span><\/p>\n<p>[\/vc_column_text][\/vc_column][\/vc_row][vc_row full_width=&#8220;stretch_row&#8220; el_id=&#8220;ban_inte&#8220;][vc_column][vc_column_text]<\/p>\n<h1 style=\"text-align: center;\"><span class=\"titre_1\">Rappel g\u00e9ant<br \/>\nd&#8217;autridge<br \/>\n<\/span><\/h1>\n<p>[\/vc_column_text][vc_column_text]<\/p>\n<p style=\"text-align: center;\"><span class=\"hashtag_small\"><span style=\"font-size: 18pt;\">#Vive une exp\u00e9rience unique \u00e0 180m<\/span><br \/>\n<\/span><\/p>\n<p>[\/vc_column_text]\n\n<picture class=\"ImgBG \" style=\"position: absolute; width: 100%; height:100%; top: 0; left:0; z-index: -2;\">\n    <img decoding=\"async\" width=\"1197\" height=\"465\" src=\"https:\/\/canoe-kayak-lavernede.com\/wp-content\/uploads\/2021\/04\/ban_rappel.jpg\" class=\"attachment-full size-full\" alt=\"Rappel g\u00e9ant ard\u00e8che\" srcset=\"https:\/\/canoe-kayak-lavernede.com\/wp-content\/uploads\/2021\/04\/ban_rappel.jpg 1197w, https:\/\/canoe-kayak-lavernede.com\/wp-content\/uploads\/2021\/04\/ban_rappel-780x303.jpg 780w, https:\/\/canoe-kayak-lavernede.com\/wp-content\/uploads\/2021\/04\/ban_rappel-768x298.jpg 768w\" sizes=\"(max-width: 1197px) 100vw, 1197px\" \/><\/picture>\n\n[\/vc_column][\/vc_row][vc_row][vc_column][vc_column_text css_animation=&#8220;top-to-bottom&#8220;]<\/p>\n<p style=\"text-align: center;\"><span class=\"hashtag_small\" style=\"color: #ff0000;\">A partir de 18 ans<br \/>\n<\/span><\/p>\n<p>[\/vc_column_text][vc_single_image image=&#8220;1443&#8243; alignment=&#8220;center&#8220; css_animation=&#8220;bottom-to-top&#8220;][vc_column_text]<span class=\"titre_2\">Pr\u00e9sentation :<br \/>\n<\/span>[\/vc_column_text][vc_column_text]Surplombant les Gorges de l\u2019Ard\u00e8che, au c\u0153ur de la r\u00e9serve naturelle, ce site est l\u2019un des plus spectaculaires d\u2019Europe\u00a0: rappel de180 m\u00e8tres en \u00ab\u00a0fil d\u2019araign\u00e9e\u00a0\u00bb (sans toucher la paroi).<\/p>\n<p>La vue est unique et vous d\u00e9couvrirez des merveilles cach\u00e9es au creux de la falaise\u00a0: gen\u00e9vriers de Ph\u00e9nicie plusieurs fois centenaires, nid d\u2019oiseaux rupestres, stalactites de tuf\u2026<\/p>\n<p>Arriv\u00e9s sur une terrasse interm\u00e9diaire, nous rejoindrons le bord de rivi\u00e8re apr\u00e8s un dernier rappel de quelques m\u00e8tres.<\/p>\n<p style=\"text-align: justify;\"><span class=\"txt_noir\">\u00a0<\/span><\/p>\n<p>[\/vc_column_text][vc_column_text]<\/p>\n<h3><span class=\"titre_2\">D\u00e9roul\u00e9 :<\/span><\/h3>\n<p>[\/vc_column_text][vc_column_text]Les inscriptions se font le plus t\u00f4t possible. <strong>Attention <\/strong>il ne peut y avoir que 10 inscris par cr\u00e9neau.<\/p>\n<p>Lors de votre inscription nous vous fournirons une fiche de rendez-vous, avec tous les renseignements n\u00e9cessaires.<\/p>\n<p><em><strong>Attention,<\/strong> il vous faudra environ 30 min de route pour vous rendre sur le site de l\u2019activit\u00e9 depuis <a href=\"https:\/\/www.google.com\/maps\/d\/u\/0\/embed?mid=1VvdotYrzcNpGpwpcPrRRuQs8kEA&amp;hl=fr&amp;ie=UTF8&amp;msa=0&amp;ll=44.398222000000004%2C4.412384000000005&amp;spn=0.058873%2C0.109863&amp;z=13&amp;output=embed\">Vallon Pont d\u2019Arc<\/a>.<br \/>\n<\/em><br \/>\nUne fois sur place vous serez pris en charge et \u00e9quip\u00e9 par un moniteur professionnel qui vous guidera tout au long de votre activit\u00e9.<\/p>\n<p><span class=\"txt_noir\">\u00a0<\/span>[\/vc_column_text][\/vc_column][\/vc_row][vc_row][vc_column width=&#8220;1\/2&#8243;][vc_column_text]<\/p>\n<h3><span class=\"titre_2\">Mat\u00e9riel fournis :<\/span><\/h3>\n<p>[\/vc_column_text][vc_column_text]<\/p>\n<ul>\n<li><span class=\"txt_noir\" style=\"color: #000000;\">Corde<\/span><\/li>\n<li><span class=\"txt_noir\" style=\"color: #000000;\">Casque<\/span><\/li>\n<li><span style=\"color: #000000;\">Sellette<\/span><\/li>\n<li><span class=\"txt_noir\" style=\"color: #000000;\">Baudrier<\/span><\/li>\n<li><span style=\"color: #000000;\">Descendeurs, mousquetons<\/span><\/li>\n<\/ul>\n<p>[\/vc_column_text][vc_column_text]<\/p>\n<h3><span class=\"titre_2\">Mat\u00e9riel \u00e0 pr\u00e9voir :<\/span><\/h3>\n<p>[\/vc_column_text][vc_column_text]<\/p>\n<ul>\n<li><span class=\"txt_noir\">Maillot de bain<\/span><\/li>\n<li><span class=\"txt_noir\">Eau \/ go\u00fbter<br \/>\n<\/span><\/li>\n<li><span class=\"txt_noir\">Serviette de bain<br \/>\n<\/span><\/li>\n<\/ul>\n<p>[\/vc_column_text][\/vc_column][vc_column width=&#8220;1\/2&#8243;][vc_gallery interval=&#8220;3&#8243; images=&#8220;1712,1714,1716&#8243; img_size=&#8220;medium&#8220;][\/vc_column][\/vc_row][vc_row][vc_column][vc_column_text]<\/p>\n<p style=\"text-align: center;\"><span class=\"titre_2 titre_3\" style=\"font-size: 18pt;\"><strong>A partir de 80\u20ac<\/strong><\/span><\/p>\n<p>[\/vc_column_text]<div class=' txt_centre btn_plein_rouge'><a class='lien_btn smoothScroll' href='\/contact\/' ><span><strong>INFORMATION ET INSCRIPTION ICI<\/strong><\/span><\/a><\/div>[\/vc_column][\/vc_row]<\/p>\n","protected":false},"excerpt":{"rendered":"<p>[vc_row full_width=&#8220;stretch_row&#8220; el_id=&#8220;breadcrumb&#8220;][vc_column][vc_column_text] [\/vc_column_text][\/vc_column][\/vc_row][vc_row full_width=&#8220;stretch_row&#8220; el_id=&#8220;ban_inte&#8220;][vc_column][vc_column_text] Rappel g\u00e9ant d&#8217;autridge [\/vc_column_text][vc_column_text] #Vive une exp\u00e9rience unique \u00e0 180m [\/vc_column_text][\/vc_column][\/vc_row][vc_row][vc_column][vc_column_text css_animation=&#8220;top-to-bottom&#8220;] A partir de 18 ans [\/vc_column_text][vc_single_image image=&#8220;1443&#8243; alignment=&#8220;center&#8220; css_animation=&#8220;bottom-to-top&#8220;][vc_column_text]Pr\u00e9sentation : [\/vc_column_text][vc_column_text]Surplombant les Gorges de l\u2019Ard\u00e8che, au c\u0153ur de la r\u00e9serve naturelle, ce site est l\u2019un des plus spectaculaires d\u2019Europe\u00a0: rappel de180 m\u00e8tres en \u00ab\u00a0fil d\u2019araign\u00e9e\u00a0\u00bb (sans toucher [&hellip;]<\/p>\n","protected":false},"author":5,"featured_media":0,"parent":0,"menu_order":0,"comment_status":"closed","ping_status":"closed","template":"","meta":{"footnotes":""},"class_list":["post-1708","page","type-page","status-publish"],"yoast_head":"<!-- This site is optimized with the Yoast SEO plugin v24.3 - https:\/\/yoast.com\/wordpress\/plugins\/seo\/ -->\n<title>Rappel g\u00e9ant - LA VERNEDE<\/title>\n<meta name=\"robots\" content=\"index, follow, max-snippet:-1, max-image-preview:large, max-video-preview:-1\" \/>\n<link rel=\"canonical\" href=\"https:\/\/canoe-kayak-lavernede.com\/rappel-geant\/\" \/>\n<meta property=\"og:locale\" content=\"de_DE\" \/>\n<meta property=\"og:type\" content=\"article\" \/>\n<meta property=\"og:title\" content=\"Rappel g\u00e9ant - LA VERNEDE\" \/>\n<meta property=\"og:description\" content=\"[vc_row full_width=&#8220;stretch_row&#8220; el_id=&#8220;breadcrumb&#8220;][vc_column][vc_column_text] [\/vc_column_text][\/vc_column][\/vc_row][vc_row full_width=&#8220;stretch_row&#8220; el_id=&#8220;ban_inte&#8220;][vc_column][vc_column_text] Rappel g\u00e9ant d&#8217;autridge [\/vc_column_text][vc_column_text] #Vive une exp\u00e9rience unique \u00e0 180m [\/vc_column_text][\/vc_column][\/vc_row][vc_row][vc_column][vc_column_text css_animation=&#8220;top-to-bottom&#8220;] A partir de 18 ans [\/vc_column_text][vc_single_image image=&#8220;1443&#8243; alignment=&#8220;center&#8220; css_animation=&#8220;bottom-to-top&#8220;][vc_column_text]Pr\u00e9sentation : [\/vc_column_text][vc_column_text]Surplombant les Gorges de l\u2019Ard\u00e8che, au c\u0153ur de la r\u00e9serve naturelle, ce site est l\u2019un des plus spectaculaires d\u2019Europe\u00a0: rappel de180 m\u00e8tres en \u00ab\u00a0fil d\u2019araign\u00e9e\u00a0\u00bb (sans toucher [&hellip;]\" \/>\n<meta property=\"og:url\" content=\"https:\/\/canoe-kayak-lavernede.com\/rappel-geant\/\" \/>\n<meta property=\"og:site_name\" content=\"LA VERNEDE\" \/>\n<meta name=\"twitter:card\" content=\"summary_large_image\" \/>\n<meta name=\"twitter:label1\" content=\"Gesch\u00e4tzte Lesezeit\" \/>\n\t<meta name=\"twitter:data1\" content=\"1\u00a0Minute\" \/>\n<script type=\"application\/ld+json\" class=\"yoast-schema-graph\">{\"@context\":\"https:\/\/schema.org\",\"@graph\":[{\"@type\":\"WebPage\",\"@id\":\"https:\/\/canoe-kayak-lavernede.com\/rappel-geant\/\",\"url\":\"https:\/\/canoe-kayak-lavernede.com\/rappel-geant\/\",\"name\":\"Rappel g\u00e9ant - LA VERNEDE\",\"isPartOf\":{\"@id\":\"https:\/\/canoe-kayak-lavernede.com\/#website\"},\"datePublished\":\"2021-04-20T11:22:36+00:00\",\"dateModified\":\"2021-04-20T11:22:36+00:00\",\"breadcrumb\":{\"@id\":\"https:\/\/canoe-kayak-lavernede.com\/rappel-geant\/#breadcrumb\"},\"inLanguage\":\"de\",\"potentialAction\":[{\"@type\":\"ReadAction\",\"target\":[\"https:\/\/canoe-kayak-lavernede.com\/rappel-geant\/\"]}]},{\"@type\":\"BreadcrumbList\",\"@id\":\"https:\/\/canoe-kayak-lavernede.com\/rappel-geant\/#breadcrumb\",\"itemListElement\":[{\"@type\":\"ListItem\",\"position\":1,\"name\":\"Accueil\",\"item\":\"https:\/\/canoe-kayak-lavernede.com\/de\/\"},{\"@type\":\"ListItem\",\"position\":2,\"name\":\"Rappel g\u00e9ant\"}]},{\"@type\":\"WebSite\",\"@id\":\"https:\/\/canoe-kayak-lavernede.com\/#website\",\"url\":\"https:\/\/canoe-kayak-lavernede.com\/\",\"name\":\"LA VERNEDE\",\"description\":\"\",\"potentialAction\":[{\"@type\":\"SearchAction\",\"target\":{\"@type\":\"EntryPoint\",\"urlTemplate\":\"https:\/\/canoe-kayak-lavernede.com\/?s={search_term_string}\"},\"query-input\":{\"@type\":\"PropertyValueSpecification\",\"valueRequired\":true,\"valueName\":\"search_term_string\"}}],\"inLanguage\":\"de\"}]}<\/script>\n<!-- \/ Yoast SEO plugin. -->","yoast_head_json":{"title":"Rappel g\u00e9ant - LA VERNEDE","robots":{"index":"index","follow":"follow","max-snippet":"max-snippet:-1","max-image-preview":"max-image-preview:large","max-video-preview":"max-video-preview:-1"},"canonical":"https:\/\/canoe-kayak-lavernede.com\/rappel-geant\/","og_locale":"de_DE","og_type":"article","og_title":"Rappel g\u00e9ant - LA VERNEDE","og_description":"[vc_row full_width=&#8220;stretch_row&#8220; el_id=&#8220;breadcrumb&#8220;][vc_column][vc_column_text] [\/vc_column_text][\/vc_column][\/vc_row][vc_row full_width=&#8220;stretch_row&#8220; el_id=&#8220;ban_inte&#8220;][vc_column][vc_column_text] Rappel g\u00e9ant d&#8217;autridge [\/vc_column_text][vc_column_text] #Vive une exp\u00e9rience unique \u00e0 180m [\/vc_column_text][\/vc_column][\/vc_row][vc_row][vc_column][vc_column_text css_animation=&#8220;top-to-bottom&#8220;] A partir de 18 ans [\/vc_column_text][vc_single_image image=&#8220;1443&#8243; alignment=&#8220;center&#8220; css_animation=&#8220;bottom-to-top&#8220;][vc_column_text]Pr\u00e9sentation : [\/vc_column_text][vc_column_text]Surplombant les Gorges de l\u2019Ard\u00e8che, au c\u0153ur de la r\u00e9serve naturelle, ce site est l\u2019un des plus spectaculaires d\u2019Europe\u00a0: rappel de180 m\u00e8tres en \u00ab\u00a0fil d\u2019araign\u00e9e\u00a0\u00bb (sans toucher [&hellip;]","og_url":"https:\/\/canoe-kayak-lavernede.com\/rappel-geant\/","og_site_name":"LA VERNEDE","twitter_card":"summary_large_image","twitter_misc":{"Gesch\u00e4tzte Lesezeit":"1\u00a0Minute"},"schema":{"@context":"https:\/\/schema.org","@graph":[{"@type":"WebPage","@id":"https:\/\/canoe-kayak-lavernede.com\/rappel-geant\/","url":"https:\/\/canoe-kayak-lavernede.com\/rappel-geant\/","name":"Rappel g\u00e9ant - LA VERNEDE","isPartOf":{"@id":"https:\/\/canoe-kayak-lavernede.com\/#website"},"datePublished":"2021-04-20T11:22:36+00:00","dateModified":"2021-04-20T11:22:36+00:00","breadcrumb":{"@id":"https:\/\/canoe-kayak-lavernede.com\/rappel-geant\/#breadcrumb"},"inLanguage":"de","potentialAction":[{"@type":"ReadAction","target":["https:\/\/canoe-kayak-lavernede.com\/rappel-geant\/"]}]},{"@type":"BreadcrumbList","@id":"https:\/\/canoe-kayak-lavernede.com\/rappel-geant\/#breadcrumb","itemListElement":[{"@type":"ListItem","position":1,"name":"Accueil","item":"https:\/\/canoe-kayak-lavernede.com\/de\/"},{"@type":"ListItem","position":2,"name":"Rappel g\u00e9ant"}]},{"@type":"WebSite","@id":"https:\/\/canoe-kayak-lavernede.com\/#website","url":"https:\/\/canoe-kayak-lavernede.com\/","name":"LA VERNEDE","description":"","potentialAction":[{"@type":"SearchAction","target":{"@type":"EntryPoint","urlTemplate":"https:\/\/canoe-kayak-lavernede.com\/?s={search_term_string}"},"query-input":{"@type":"PropertyValueSpecification","valueRequired":true,"valueName":"search_term_string"}}],"inLanguage":"de"}]}},"_links":{"self":[{"href":"https:\/\/canoe-kayak-lavernede.com\/de\/wp-json\/wp\/v2\/pages\/1708"}],"collection":[{"href":"https:\/\/canoe-kayak-lavernede.com\/de\/wp-json\/wp\/v2\/pages"}],"about":[{"href":"https:\/\/canoe-kayak-lavernede.com\/de\/wp-json\/wp\/v2\/types\/page"}],"author":[{"embeddable":true,"href":"https:\/\/canoe-kayak-lavernede.com\/de\/wp-json\/wp\/v2\/users\/5"}],"replies":[{"embeddable":true,"href":"https:\/\/canoe-kayak-lavernede.com\/de\/wp-json\/wp\/v2\/comments?post=1708"}],"version-history":[{"count":2,"href":"https:\/\/canoe-kayak-lavernede.com\/de\/wp-json\/wp\/v2\/pages\/1708\/revisions"}],"predecessor-version":[{"id":1718,"href":"https:\/\/canoe-kayak-lavernede.com\/de\/wp-json\/wp\/v2\/pages\/1708\/revisions\/1718"}],"wp:attachment":[{"href":"https:\/\/canoe-kayak-lavernede.com\/de\/wp-json\/wp\/v2\/media?parent=1708"}],"curies":[{"name":"wp","href":"https:\/\/api.w.org\/{rel}","templated":true}]}}