{"id":1673,"date":"2021-04-20T12:32:21","date_gmt":"2021-04-20T10:32:21","guid":{"rendered":"https:\/\/www.canoe-kayak-lavernede.com\/?page_id=1673"},"modified":"2022-08-31T14:33:18","modified_gmt":"2022-08-31T12:33:18","slug":"via-ferrata-lac-de-villefort","status":"publish","type":"page","link":"https:\/\/canoe-kayak-lavernede.com\/de\/via-ferrata-lac-de-villefort\/","title":{"rendered":"Via ferrata Lac de Villefort"},"content":{"rendered":"<p>[vc_row full_width=&#8220;stretch_row&#8220; el_id=&#8220;breadcrumb&#8220;][vc_column][vc_column_text]<span><span><a href=\"https:\/\/canoe-kayak-lavernede.com\/de\/\">Accueil<\/a><\/span><\/span><\/p>\n<p>[\/vc_column_text][\/vc_column][\/vc_row][vc_row full_width=&#8220;stretch_row&#8220; el_id=&#8220;ban_inte&#8220;][vc_column][vc_column_text]<\/p>\n<h1 style=\"text-align: center;\"><span class=\"titre_1\">Via ferrata<br \/>\nlac de villefort<br \/>\n<\/span><\/h1>\n<p>[\/vc_column_text][vc_column_text]<\/p>\n<p style=\"text-align: center;\"><span class=\"hashtag_small\"><span style=\"font-size: 18pt;\"># Un d\u00e9cors incroyable, des sensations hors du commun<\/span><br \/>\n<\/span><\/p>\n<p>[\/vc_column_text]\n\n<picture class=\"ImgBG \" style=\"position: absolute; width: 100%; height:100%; top: 0; left:0; z-index: -2;\">\n    <img decoding=\"async\" width=\"1920\" height=\"1080\" src=\"https:\/\/canoe-kayak-lavernede.com\/wp-content\/uploads\/2021\/11\/via-ferrata-g0a22e268a_1920.jpg\" class=\"attachment-full size-full\" alt=\"\" srcset=\"https:\/\/canoe-kayak-lavernede.com\/wp-content\/uploads\/2021\/11\/via-ferrata-g0a22e268a_1920.jpg 1920w, https:\/\/canoe-kayak-lavernede.com\/wp-content\/uploads\/2021\/11\/via-ferrata-g0a22e268a_1920-780x439.jpg 780w, https:\/\/canoe-kayak-lavernede.com\/wp-content\/uploads\/2021\/11\/via-ferrata-g0a22e268a_1920-768x432.jpg 768w, https:\/\/canoe-kayak-lavernede.com\/wp-content\/uploads\/2021\/11\/via-ferrata-g0a22e268a_1920-1536x864.jpg 1536w\" sizes=\"(max-width: 1920px) 100vw, 1920px\" \/><\/picture>\n\n[\/vc_column][\/vc_row][vc_row][vc_column][vc_column_text css_animation=&#8220;top-to-bottom&#8220;]<\/p>\n<p style=\"text-align: center;\"><span class=\"hashtag_small\" style=\"color: #ff0000;\">D\u00e8s 1m40 et 45kg<br \/>\n<\/span><\/p>\n<p>[\/vc_column_text][vc_single_image image=&#8220;1443&#8243; alignment=&#8220;center&#8220; css_animation=&#8220;bottom-to-top&#8220;][vc_column_text]<span class=\"titre_2\">Pr\u00e9sentation :<br \/>\n<\/span>[\/vc_column_text][vc_column_text]<\/p>\n<p style=\"text-align: justify;\"><span class=\"txt_noir\">Durant une demi journ\u00e9e, les eaux Azures et les paroi rocheuses du site de la Via ferrata du lac de <a href=\"https:\/\/www.google.com\/maps\/place\/Lac+de+Villefort,+48800+Villefort\/data=!4m2!3m1!1s0x12b48f9f3467ba8d:0x54a047abe66512dd?sa=X&amp;ved=2ahUKEwiOjKHL387pAhXvzIUKHessAaUQ8gEwGnoECBMQBg\">Villefort<\/a> ne manqueront pas de vous rappeler la beaut\u00e9 des c\u00f4tes m\u00e9diterran\u00e9ennes. En effet, parcourir les falaises surplombant le lac, vous permettra de d\u00e9couvrirez \u00e0 travers de nombreux ateliers a\u00e9riens, ce que l\u2019on appelle \u00ab une calanque \u00bb. Situ\u00e9 sur le territoire des Causses, au c\u0153ur des C\u00e9vennes, secteur inscrit au patrimoine mondial de l\u2019UNESCO, deux parcours s\u2019offriront \u00e0 vous.<br \/>\nL\u2019un facile et l\u2019autre un peu plus technique, chacun jalonn\u00e9 d\u2019une multitude d\u2019obstacles: ponts de singe, tyrolienne, passage sur falaise ou encore passerelles\u2026 Le parcours plus technique se d\u00e9veloppe encore plus verticalement !<br \/>\nApr\u00e8s l\u2019effort, vous n\u2019aurez qu\u2019une envie, vous rafra\u00eechir au bord du lac de Villefort labellis\u00e9e <a href=\"https:\/\/www.pavillonbleu.org\/criteres\/critere-commune.html\">Pavillon bleu<\/a>, traduisant sa bonne qualit\u00e9 d\u2019eau ! <\/span><\/p>\n<p>[\/vc_column_text][vc_column_text]<\/p>\n<h2><span class=\"titre_2\">D\u00e9roul\u00e9 de la Via ferrata du lac de\u00a0Villefort :<\/span><\/h2>\n<p>[\/vc_column_text][vc_column_text]Les inscriptions se font le plus t\u00f4t possible. <strong>Attention <\/strong>il ne peut y avoir que 10 inscris par cr\u00e9neau.<\/p>\n<p>Lors de votre inscription nous vous fournirons une fiche de rendez-vous, avec tous les renseignements n\u00e9cessaires.<\/p>\n<p><em><strong>Attention,<\/strong> il vous faudra environ 1h30 de route pour vous rendre sur le site de l\u2019activit\u00e9 depuis <a href=\"https:\/\/www.google.com\/maps\/d\/u\/0\/embed?mid=1VvdotYrzcNpGpwpcPrRRuQs8kEA&amp;hl=fr&amp;ie=UTF8&amp;msa=0&amp;ll=44.398222000000004%2C4.412384000000005&amp;spn=0.058873%2C0.109863&amp;z=13&amp;output=embed\">Vallon Pont d\u2019Arc<\/a>.<br \/>\n<\/em><br \/>\nUne fois sur place vous serez pris en charge et \u00e9quip\u00e9 par un moniteur professionnel qui vous guidera tout au long de votre activit\u00e9.<\/p>\n<p><span class=\"txt_noir\">\u00a0<\/span>[\/vc_column_text][\/vc_column][\/vc_row][vc_row][vc_column width=&#8220;1\/2&#8243;][vc_column_text]<\/p>\n<h3><span class=\"titre_2\">Mat\u00e9riel fournis :<\/span><\/h3>\n<p>[\/vc_column_text][vc_column_text]<\/p>\n<div class=\"wpb_text_column wpb_content_element \">\n<div class=\"wpb_wrapper\">\n<ul>\n<li><span class=\"txt_noir\">Casque<\/span><\/li>\n<li>Cordes<span class=\"txt_noir\"><br \/>\n<\/span><\/li>\n<li><span class=\"txt_noir\">baudrier<\/span><\/li>\n<\/ul>\n<\/div>\n<\/div>\n<p>[\/vc_column_text][vc_column_text]<\/p>\n<div class=\"wpb_text_column wpb_content_element \">\n<div class=\"wpb_wrapper\">\n<h3><span class=\"titre_2\">Conditions \u00e0 remplir :<\/span><\/h3>\n<\/div>\n<\/div>\n<h3><span class=\"titre_2\">\u00a0<\/span><\/h3>\n<p>[\/vc_column_text][vc_column_text]<\/p>\n<div class=\"wpb_text_column wpb_content_element \">\n<div class=\"wpb_wrapper\">\n<ul>\n<li>\u00catre en bonne condition physique,<\/li>\n<li>\u00catre capable de marcher en milieu accident\u00e9,<\/li>\n<li>Ne pas surestimer ses capacit\u00e9s physiques,<\/li>\n<li>Savoir que le moniteur se r\u00e9serve le droit d\u2019annuler l\u2019activit\u00e9 ou de ne pas amener une ou plusieurs personnes, s\u2019il juge qu\u2019ils ne sont pas aptes \u00e0 participer \u00e0 l\u2019activit\u00e9.<\/li>\n<\/ul>\n<\/div>\n<\/div>\n<p>[\/vc_column_text][\/vc_column][vc_column width=&#8220;1\/2&#8243;][vc_gallery interval=&#8220;3&#8243; images=&#8220;3111,3107,3103,3099,3095&#8243; img_size=&#8220;medium&#8220;][\/vc_column][\/vc_row][vc_row][vc_column][vc_column_text]<\/p>\n<p style=\"text-align: center;\"><span class=\"titre_2 titre_3\" style=\"font-size: 18pt;\"><strong>A partir de 46\u20ac<\/strong><\/span><\/p>\n<p>[\/vc_column_text]<div class=' txt_centre btn_plein_rouge'><a class='lien_btn smoothScroll' href='\/contact\/' ><span><strong>INFORMATION ET INSCRIPTION ICI<\/strong><\/span><\/a><\/div>[\/vc_column][\/vc_row]<\/p>\n","protected":false},"excerpt":{"rendered":"<p>[vc_row full_width=&#8220;stretch_row&#8220; el_id=&#8220;breadcrumb&#8220;][vc_column][vc_column_text] [\/vc_column_text][\/vc_column][\/vc_row][vc_row full_width=&#8220;stretch_row&#8220; el_id=&#8220;ban_inte&#8220;][vc_column][vc_column_text] Via ferrata lac de villefort [\/vc_column_text][vc_column_text] # Un d\u00e9cors incroyable, des sensations hors du commun [\/vc_column_text][\/vc_column][\/vc_row][vc_row][vc_column][vc_column_text css_animation=&#8220;top-to-bottom&#8220;] D\u00e8s 1m40 et 45kg [\/vc_column_text][vc_single_image image=&#8220;1443&#8243; alignment=&#8220;center&#8220; css_animation=&#8220;bottom-to-top&#8220;][vc_column_text]Pr\u00e9sentation : [\/vc_column_text][vc_column_text] Durant une demi journ\u00e9e, les eaux Azures et les paroi rocheuses du site de la Via ferrata du lac de Villefort ne [&hellip;]<\/p>\n","protected":false},"author":5,"featured_media":0,"parent":0,"menu_order":0,"comment_status":"closed","ping_status":"closed","template":"","meta":{"footnotes":""},"class_list":["post-1673","page","type-page","status-publish"],"yoast_head":"<!-- This site is optimized with the Yoast SEO plugin v24.3 - https:\/\/yoast.com\/wordpress\/plugins\/seo\/ -->\n<title>Via ferrata Lac de Villefort - LA VERNEDE<\/title>\n<meta name=\"robots\" content=\"index, follow, max-snippet:-1, max-image-preview:large, max-video-preview:-1\" \/>\n<link rel=\"canonical\" href=\"https:\/\/canoe-kayak-lavernede.com\/via-ferrata-lac-de-villefort\/\" \/>\n<meta property=\"og:locale\" content=\"de_DE\" \/>\n<meta property=\"og:type\" content=\"article\" \/>\n<meta property=\"og:title\" content=\"Via ferrata Lac de Villefort - LA VERNEDE\" \/>\n<meta property=\"og:description\" content=\"[vc_row full_width=&#8220;stretch_row&#8220; el_id=&#8220;breadcrumb&#8220;][vc_column][vc_column_text] [\/vc_column_text][\/vc_column][\/vc_row][vc_row full_width=&#8220;stretch_row&#8220; el_id=&#8220;ban_inte&#8220;][vc_column][vc_column_text] Via ferrata lac de villefort [\/vc_column_text][vc_column_text] # Un d\u00e9cors incroyable, des sensations hors du commun [\/vc_column_text][\/vc_column][\/vc_row][vc_row][vc_column][vc_column_text css_animation=&#8220;top-to-bottom&#8220;] D\u00e8s 1m40 et 45kg [\/vc_column_text][vc_single_image image=&#8220;1443&#8243; alignment=&#8220;center&#8220; css_animation=&#8220;bottom-to-top&#8220;][vc_column_text]Pr\u00e9sentation : [\/vc_column_text][vc_column_text] Durant une demi journ\u00e9e, les eaux Azures et les paroi rocheuses du site de la Via ferrata du lac de Villefort ne [&hellip;]\" \/>\n<meta property=\"og:url\" content=\"https:\/\/canoe-kayak-lavernede.com\/via-ferrata-lac-de-villefort\/\" \/>\n<meta property=\"og:site_name\" content=\"LA VERNEDE\" \/>\n<meta property=\"article:modified_time\" content=\"2022-08-31T12:33:18+00:00\" \/>\n<meta name=\"twitter:card\" content=\"summary_large_image\" \/>\n<meta name=\"twitter:label1\" content=\"Gesch\u00e4tzte Lesezeit\" \/>\n\t<meta name=\"twitter:data1\" content=\"2\u00a0Minuten\" \/>\n<script type=\"application\/ld+json\" class=\"yoast-schema-graph\">{\"@context\":\"https:\/\/schema.org\",\"@graph\":[{\"@type\":\"WebPage\",\"@id\":\"https:\/\/canoe-kayak-lavernede.com\/via-ferrata-lac-de-villefort\/\",\"url\":\"https:\/\/canoe-kayak-lavernede.com\/via-ferrata-lac-de-villefort\/\",\"name\":\"Via ferrata Lac de Villefort - LA VERNEDE\",\"isPartOf\":{\"@id\":\"https:\/\/canoe-kayak-lavernede.com\/#website\"},\"datePublished\":\"2021-04-20T10:32:21+00:00\",\"dateModified\":\"2022-08-31T12:33:18+00:00\",\"breadcrumb\":{\"@id\":\"https:\/\/canoe-kayak-lavernede.com\/via-ferrata-lac-de-villefort\/#breadcrumb\"},\"inLanguage\":\"de\",\"potentialAction\":[{\"@type\":\"ReadAction\",\"target\":[\"https:\/\/canoe-kayak-lavernede.com\/via-ferrata-lac-de-villefort\/\"]}]},{\"@type\":\"BreadcrumbList\",\"@id\":\"https:\/\/canoe-kayak-lavernede.com\/via-ferrata-lac-de-villefort\/#breadcrumb\",\"itemListElement\":[{\"@type\":\"ListItem\",\"position\":1,\"name\":\"Accueil\",\"item\":\"https:\/\/canoe-kayak-lavernede.com\/de\/\"},{\"@type\":\"ListItem\",\"position\":2,\"name\":\"Via ferrata Lac de Villefort\"}]},{\"@type\":\"WebSite\",\"@id\":\"https:\/\/canoe-kayak-lavernede.com\/#website\",\"url\":\"https:\/\/canoe-kayak-lavernede.com\/\",\"name\":\"LA VERNEDE\",\"description\":\"\",\"potentialAction\":[{\"@type\":\"SearchAction\",\"target\":{\"@type\":\"EntryPoint\",\"urlTemplate\":\"https:\/\/canoe-kayak-lavernede.com\/?s={search_term_string}\"},\"query-input\":{\"@type\":\"PropertyValueSpecification\",\"valueRequired\":true,\"valueName\":\"search_term_string\"}}],\"inLanguage\":\"de\"}]}<\/script>\n<!-- \/ Yoast SEO plugin. -->","yoast_head_json":{"title":"Via ferrata Lac de Villefort - LA VERNEDE","robots":{"index":"index","follow":"follow","max-snippet":"max-snippet:-1","max-image-preview":"max-image-preview:large","max-video-preview":"max-video-preview:-1"},"canonical":"https:\/\/canoe-kayak-lavernede.com\/via-ferrata-lac-de-villefort\/","og_locale":"de_DE","og_type":"article","og_title":"Via ferrata Lac de Villefort - LA VERNEDE","og_description":"[vc_row full_width=&#8220;stretch_row&#8220; el_id=&#8220;breadcrumb&#8220;][vc_column][vc_column_text] [\/vc_column_text][\/vc_column][\/vc_row][vc_row full_width=&#8220;stretch_row&#8220; el_id=&#8220;ban_inte&#8220;][vc_column][vc_column_text] Via ferrata lac de villefort [\/vc_column_text][vc_column_text] # Un d\u00e9cors incroyable, des sensations hors du commun [\/vc_column_text][\/vc_column][\/vc_row][vc_row][vc_column][vc_column_text css_animation=&#8220;top-to-bottom&#8220;] D\u00e8s 1m40 et 45kg [\/vc_column_text][vc_single_image image=&#8220;1443&#8243; alignment=&#8220;center&#8220; css_animation=&#8220;bottom-to-top&#8220;][vc_column_text]Pr\u00e9sentation : [\/vc_column_text][vc_column_text] Durant une demi journ\u00e9e, les eaux Azures et les paroi rocheuses du site de la Via ferrata du lac de Villefort ne [&hellip;]","og_url":"https:\/\/canoe-kayak-lavernede.com\/via-ferrata-lac-de-villefort\/","og_site_name":"LA VERNEDE","article_modified_time":"2022-08-31T12:33:18+00:00","twitter_card":"summary_large_image","twitter_misc":{"Gesch\u00e4tzte Lesezeit":"2\u00a0Minuten"},"schema":{"@context":"https:\/\/schema.org","@graph":[{"@type":"WebPage","@id":"https:\/\/canoe-kayak-lavernede.com\/via-ferrata-lac-de-villefort\/","url":"https:\/\/canoe-kayak-lavernede.com\/via-ferrata-lac-de-villefort\/","name":"Via ferrata Lac de Villefort - LA VERNEDE","isPartOf":{"@id":"https:\/\/canoe-kayak-lavernede.com\/#website"},"datePublished":"2021-04-20T10:32:21+00:00","dateModified":"2022-08-31T12:33:18+00:00","breadcrumb":{"@id":"https:\/\/canoe-kayak-lavernede.com\/via-ferrata-lac-de-villefort\/#breadcrumb"},"inLanguage":"de","potentialAction":[{"@type":"ReadAction","target":["https:\/\/canoe-kayak-lavernede.com\/via-ferrata-lac-de-villefort\/"]}]},{"@type":"BreadcrumbList","@id":"https:\/\/canoe-kayak-lavernede.com\/via-ferrata-lac-de-villefort\/#breadcrumb","itemListElement":[{"@type":"ListItem","position":1,"name":"Accueil","item":"https:\/\/canoe-kayak-lavernede.com\/de\/"},{"@type":"ListItem","position":2,"name":"Via ferrata Lac de Villefort"}]},{"@type":"WebSite","@id":"https:\/\/canoe-kayak-lavernede.com\/#website","url":"https:\/\/canoe-kayak-lavernede.com\/","name":"LA VERNEDE","description":"","potentialAction":[{"@type":"SearchAction","target":{"@type":"EntryPoint","urlTemplate":"https:\/\/canoe-kayak-lavernede.com\/?s={search_term_string}"},"query-input":{"@type":"PropertyValueSpecification","valueRequired":true,"valueName":"search_term_string"}}],"inLanguage":"de"}]}},"_links":{"self":[{"href":"https:\/\/canoe-kayak-lavernede.com\/de\/wp-json\/wp\/v2\/pages\/1673"}],"collection":[{"href":"https:\/\/canoe-kayak-lavernede.com\/de\/wp-json\/wp\/v2\/pages"}],"about":[{"href":"https:\/\/canoe-kayak-lavernede.com\/de\/wp-json\/wp\/v2\/types\/page"}],"author":[{"embeddable":true,"href":"https:\/\/canoe-kayak-lavernede.com\/de\/wp-json\/wp\/v2\/users\/5"}],"replies":[{"embeddable":true,"href":"https:\/\/canoe-kayak-lavernede.com\/de\/wp-json\/wp\/v2\/comments?post=1673"}],"version-history":[{"count":3,"href":"https:\/\/canoe-kayak-lavernede.com\/de\/wp-json\/wp\/v2\/pages\/1673\/revisions"}],"predecessor-version":[{"id":4702,"href":"https:\/\/canoe-kayak-lavernede.com\/de\/wp-json\/wp\/v2\/pages\/1673\/revisions\/4702"}],"wp:attachment":[{"href":"https:\/\/canoe-kayak-lavernede.com\/de\/wp-json\/wp\/v2\/media?parent=1673"}],"curies":[{"name":"wp","href":"https:\/\/api.w.org\/{rel}","templated":true}]}}