{"id":1653,"date":"2021-04-19T16:49:31","date_gmt":"2021-04-19T14:49:31","guid":{"rendered":"https:\/\/www.canoe-kayak-lavernede.com\/?page_id=1653"},"modified":"2022-08-31T14:35:15","modified_gmt":"2022-08-31T12:35:15","slug":"via-ferrata-du-pot-du-diable","status":"publish","type":"page","link":"https:\/\/canoe-kayak-lavernede.com\/de\/via-ferrata-du-pot-du-diable\/","title":{"rendered":"Via ferrata du Pot du Diable"},"content":{"rendered":"<p>[vc_row full_width=&#8220;stretch_row&#8220; el_id=&#8220;breadcrumb&#8220;][vc_column][vc_column_text]<span><span><a href=\"https:\/\/canoe-kayak-lavernede.com\/de\/\">Accueil<\/a><\/span><\/span><\/p>\n<p>[\/vc_column_text][\/vc_column][\/vc_row][vc_row full_width=&#8220;stretch_row&#8220; el_id=&#8220;ban_inte&#8220;][vc_column][vc_column_text]<\/p>\n<h1 style=\"text-align: center;\"><span class=\"titre_1\">Via ferrata<br \/>\npont du diable<br \/>\n<\/span><\/h1>\n<p>[\/vc_column_text][vc_column_text]<\/p>\n<p style=\"text-align: center;\"><span class=\"hashtag_small\"><span style=\"font-size: 18pt;\">#Des sensation inoubliable dans un d\u00e9cors unique ! <\/span><br \/>\n<\/span><\/p>\n<p>[\/vc_column_text]\n\n<picture class=\"ImgBG \" style=\"position: absolute; width: 100%; height:100%; top: 0; left:0; z-index: -2;\">\n    <img decoding=\"async\" width=\"2500\" height=\"1667\" src=\"https:\/\/canoe-kayak-lavernede.com\/wp-content\/uploads\/2021\/04\/5814212.jpg\" class=\"attachment-full size-full\" alt=\"Via ferrata Ard\u00e8che vallon pont d&#039;arc\" srcset=\"https:\/\/canoe-kayak-lavernede.com\/wp-content\/uploads\/2021\/04\/5814212.jpg 2500w, https:\/\/canoe-kayak-lavernede.com\/wp-content\/uploads\/2021\/04\/5814212-780x520.jpg 780w, https:\/\/canoe-kayak-lavernede.com\/wp-content\/uploads\/2021\/04\/5814212-1620x1080.jpg 1620w, https:\/\/canoe-kayak-lavernede.com\/wp-content\/uploads\/2021\/04\/5814212-768x512.jpg 768w, https:\/\/canoe-kayak-lavernede.com\/wp-content\/uploads\/2021\/04\/5814212-1536x1024.jpg 1536w, https:\/\/canoe-kayak-lavernede.com\/wp-content\/uploads\/2021\/04\/5814212-2048x1366.jpg 2048w\" sizes=\"(max-width: 2500px) 100vw, 2500px\" \/><\/picture>\n\n[\/vc_column][\/vc_row][vc_row][vc_column][vc_column_text css_animation=&#8220;top-to-bottom&#8220;]<\/p>\n<p style=\"text-align: center;\"><span class=\"hashtag_small\" style=\"color: #ff0000;\">Accessible d\u00e8s 45kg \/ 1m40<br \/>\n<\/span><\/p>\n<p>[\/vc_column_text][vc_single_image image=&#8220;1443&#8243; alignment=&#8220;center&#8220; css_animation=&#8220;bottom-to-top&#8220;][vc_column_text]<\/p>\n<h2><span class=\"titre_2\">Pr\u00e9sentation de la via ferrata en ard\u00e8che :<br \/>\n<\/span><\/h2>\n<p>[\/vc_column_text][vc_column_text]Activit\u00e9 interm\u00e9diaire entre la randonn\u00e9e et l\u2019escalade\u00a0; la Via Ferrata en Ard\u00e8che vous fera d\u00e9couvrir la verticalit\u00e9 sous un aspect ludique\u00a0: ponts N\u00e9palais, Tyrolienne, passerelle suspendue, etc.<\/p>\n<p>Depuis la nuit des temps, le franchissement de l\u2019Ard\u00e8che d\u2019une rive \u00e0 l\u2019autre, a demand\u00e9 aux populations locales de faire preuve d\u2019ing\u00e9niosit\u00e9 : Travers\u00e9es directement \u00e0 gu\u00e9 mais aussi construction de ponts, en passant par l\u2019installation de c\u00e2bles, nacelles et tyroliennes, la g\u00e9ographie du terrain et les contraintes de la nature.<\/p>\n<p><strong>La via ferrata du pont du diable<\/strong> est un itin\u00e9raire sportif situ\u00e9 le long de d\u2019un paroi rocheuse qui vous m\u00e8nera au-dessus de l\u2019Ard\u00e8che. <a href=\"https:\/\/www.google.com\/maps\/d\/u\/0\/viewer?ie=UTF8&amp;t=m&amp;oe=UTF8&amp;msa=0&amp;mid=193tAsQ4Rw9oaoT6xE74O6af3_6o&amp;ll=44.672337999999996%2C4.222071000000001&amp;z=17\">Le site class\u00e9 du <strong>Pont du Diable<\/strong><\/a>, \u00e0 <a href=\"https:\/\/www.google.com\/maps\/d\/u\/0\/viewer?ie=UTF8&amp;t=m&amp;oe=UTF8&amp;msa=0&amp;mid=193tAsQ4Rw9oaoT6xE74O6af3_6o&amp;ll=44.672337999999996%2C4.222071000000001&amp;z=17\">Thueyts<\/a> sera le d\u00e9cors de cette activit\u00e9 aux sensations intenses.<\/p>\n<p>Comptez environs 2h30 d\u2019activit\u00e9.[\/vc_column_text][vc_column_text]<\/p>\n<h3><span class=\"titre_2\">D\u00e9roul\u00e9 de la via ferrata du pont du diable :<\/span><\/h3>\n<p>[\/vc_column_text][vc_column_text]Les inscriptions se font le plus t\u00f4t possible. <strong>Attention <\/strong>il ne peut y avoir que 10 inscris par cr\u00e9neau.<\/p>\n<p>Lors de votre inscription nous vous fournirons une fiche de rendez-vous, avec tous les renseignements n\u00e9cessaires.<\/p>\n<p><em><strong>Attention,<\/strong> il vous faudra environ 1h20 de route pour vous rendre sur le site de l\u2019activit\u00e9 depuis <a href=\"https:\/\/www.google.com\/maps\/d\/u\/0\/embed?mid=1VvdotYrzcNpGpwpcPrRRuQs8kEA&amp;hl=fr&amp;ie=UTF8&amp;msa=0&amp;ll=44.398222000000004%2C4.412384000000005&amp;spn=0.058873%2C0.109863&amp;z=13&amp;output=embed\">Vallon Pont d\u2019Arc<\/a>.<br \/>\n<\/em><br \/>\nUne fois sur place vous serez pris en charge et \u00e9quip\u00e9 par un moniteur professionnel qui vous guidera tout au long de votre activit\u00e9.<\/p>\n<p><span class=\"txt_noir\">\u00a0<\/span>[\/vc_column_text][\/vc_column][\/vc_row][vc_row][vc_column width=&#8220;1\/2&#8243;][vc_column_text]<\/p>\n<h3><span class=\"titre_2\">Mat\u00e9riel fournis :<\/span><\/h3>\n<p>[\/vc_column_text][vc_column_text]<\/p>\n<ul>\n<li><span class=\"txt_noir\">Casque<\/span><\/li>\n<li>Cordes<span class=\"txt_noir\"><br \/>\n<\/span><\/li>\n<li><span class=\"txt_noir\">baudrier<\/span><\/li>\n<\/ul>\n<p>[\/vc_column_text][vc_column_text]<\/p>\n<h3><span class=\"titre_2\">Conditions \u00e0 remplir :<\/span><\/h3>\n<p>[\/vc_column_text][vc_column_text]<\/p>\n<ul>\n<li>\u00catre en bonne condition physique,<\/li>\n<li>\u00catre capable de marcher en milieu accident\u00e9,<\/li>\n<li>Ne pas surestimer ses capacit\u00e9s physiques,<\/li>\n<li>Savoir que le moniteur se r\u00e9serve le droit d\u2019annuler l\u2019activit\u00e9 ou de ne pas amener une ou plusieurs personnes, s\u2019il juge qu\u2019ils ne sont pas aptes \u00e0 participer \u00e0 l\u2019activit\u00e9.<\/li>\n<\/ul>\n<p>[\/vc_column_text][\/vc_column][vc_column width=&#8220;1\/2&#8243;][vc_gallery interval=&#8220;3&#8243; images=&#8220;1660,1662,1664,1666,1668&#8243; img_size=&#8220;medium&#8220;][\/vc_column][\/vc_row][vc_row][vc_column][vc_column_text]<\/p>\n<p style=\"text-align: center;\"><span class=\"titre_2 titre_3\" style=\"font-size: 18pt;\"><strong>A partir de 46\u20ac<\/strong><\/span><\/p>\n<p>[\/vc_column_text]<div class=' txt_centre btn_plein_rouge'><a class='lien_btn smoothScroll' href='\/contact\/' ><span><strong>INFORMATION ET INSCRIPTION ICI<\/strong><\/span><\/a><\/div>[\/vc_column][\/vc_row]<\/p>\n","protected":false},"excerpt":{"rendered":"<p>[vc_row full_width=&#8220;stretch_row&#8220; el_id=&#8220;breadcrumb&#8220;][vc_column][vc_column_text] [\/vc_column_text][\/vc_column][\/vc_row][vc_row full_width=&#8220;stretch_row&#8220; el_id=&#8220;ban_inte&#8220;][vc_column][vc_column_text] Via ferrata pont du diable [\/vc_column_text][vc_column_text] #Des sensation inoubliable dans un d\u00e9cors unique ! [\/vc_column_text][\/vc_column][\/vc_row][vc_row][vc_column][vc_column_text css_animation=&#8220;top-to-bottom&#8220;] Accessible d\u00e8s 45kg \/ 1m40 [\/vc_column_text][vc_single_image image=&#8220;1443&#8243; alignment=&#8220;center&#8220; css_animation=&#8220;bottom-to-top&#8220;][vc_column_text] Pr\u00e9sentation de la via ferrata en ard\u00e8che : [\/vc_column_text][vc_column_text]Activit\u00e9 interm\u00e9diaire entre la randonn\u00e9e et l\u2019escalade\u00a0; la Via Ferrata en Ard\u00e8che vous fera d\u00e9couvrir la [&hellip;]<\/p>\n","protected":false},"author":5,"featured_media":0,"parent":0,"menu_order":0,"comment_status":"closed","ping_status":"closed","template":"","meta":{"footnotes":""},"class_list":["post-1653","page","type-page","status-publish"],"yoast_head":"<!-- This site is optimized with the Yoast SEO plugin v24.3 - https:\/\/yoast.com\/wordpress\/plugins\/seo\/ -->\n<title>Via ferrata du Pot du Diable - LA VERNEDE<\/title>\n<meta name=\"robots\" content=\"index, follow, max-snippet:-1, max-image-preview:large, max-video-preview:-1\" \/>\n<link rel=\"canonical\" href=\"https:\/\/canoe-kayak-lavernede.com\/via-ferrata-du-pot-du-diable\/\" \/>\n<meta property=\"og:locale\" content=\"de_DE\" \/>\n<meta property=\"og:type\" content=\"article\" \/>\n<meta property=\"og:title\" content=\"Via ferrata du Pot du Diable - LA VERNEDE\" \/>\n<meta property=\"og:description\" content=\"[vc_row full_width=&#8220;stretch_row&#8220; el_id=&#8220;breadcrumb&#8220;][vc_column][vc_column_text] [\/vc_column_text][\/vc_column][\/vc_row][vc_row full_width=&#8220;stretch_row&#8220; el_id=&#8220;ban_inte&#8220;][vc_column][vc_column_text] Via ferrata pont du diable [\/vc_column_text][vc_column_text] #Des sensation inoubliable dans un d\u00e9cors unique ! [\/vc_column_text][\/vc_column][\/vc_row][vc_row][vc_column][vc_column_text css_animation=&#8220;top-to-bottom&#8220;] Accessible d\u00e8s 45kg \/ 1m40 [\/vc_column_text][vc_single_image image=&#8220;1443&#8243; alignment=&#8220;center&#8220; css_animation=&#8220;bottom-to-top&#8220;][vc_column_text] Pr\u00e9sentation de la via ferrata en ard\u00e8che : [\/vc_column_text][vc_column_text]Activit\u00e9 interm\u00e9diaire entre la randonn\u00e9e et l\u2019escalade\u00a0; la Via Ferrata en Ard\u00e8che vous fera d\u00e9couvrir la [&hellip;]\" \/>\n<meta property=\"og:url\" content=\"https:\/\/canoe-kayak-lavernede.com\/via-ferrata-du-pot-du-diable\/\" \/>\n<meta property=\"og:site_name\" content=\"LA VERNEDE\" \/>\n<meta property=\"article:modified_time\" content=\"2022-08-31T12:35:15+00:00\" \/>\n<meta name=\"twitter:card\" content=\"summary_large_image\" \/>\n<meta name=\"twitter:label1\" content=\"Gesch\u00e4tzte Lesezeit\" \/>\n\t<meta name=\"twitter:data1\" content=\"2\u00a0Minuten\" \/>\n<script type=\"application\/ld+json\" class=\"yoast-schema-graph\">{\"@context\":\"https:\/\/schema.org\",\"@graph\":[{\"@type\":\"WebPage\",\"@id\":\"https:\/\/canoe-kayak-lavernede.com\/via-ferrata-du-pot-du-diable\/\",\"url\":\"https:\/\/canoe-kayak-lavernede.com\/via-ferrata-du-pot-du-diable\/\",\"name\":\"Via ferrata du Pot du Diable - LA VERNEDE\",\"isPartOf\":{\"@id\":\"https:\/\/canoe-kayak-lavernede.com\/#website\"},\"datePublished\":\"2021-04-19T14:49:31+00:00\",\"dateModified\":\"2022-08-31T12:35:15+00:00\",\"breadcrumb\":{\"@id\":\"https:\/\/canoe-kayak-lavernede.com\/via-ferrata-du-pot-du-diable\/#breadcrumb\"},\"inLanguage\":\"de\",\"potentialAction\":[{\"@type\":\"ReadAction\",\"target\":[\"https:\/\/canoe-kayak-lavernede.com\/via-ferrata-du-pot-du-diable\/\"]}]},{\"@type\":\"BreadcrumbList\",\"@id\":\"https:\/\/canoe-kayak-lavernede.com\/via-ferrata-du-pot-du-diable\/#breadcrumb\",\"itemListElement\":[{\"@type\":\"ListItem\",\"position\":1,\"name\":\"Accueil\",\"item\":\"https:\/\/canoe-kayak-lavernede.com\/de\/\"},{\"@type\":\"ListItem\",\"position\":2,\"name\":\"Via ferrata du Pot du Diable\"}]},{\"@type\":\"WebSite\",\"@id\":\"https:\/\/canoe-kayak-lavernede.com\/#website\",\"url\":\"https:\/\/canoe-kayak-lavernede.com\/\",\"name\":\"LA VERNEDE\",\"description\":\"\",\"potentialAction\":[{\"@type\":\"SearchAction\",\"target\":{\"@type\":\"EntryPoint\",\"urlTemplate\":\"https:\/\/canoe-kayak-lavernede.com\/?s={search_term_string}\"},\"query-input\":{\"@type\":\"PropertyValueSpecification\",\"valueRequired\":true,\"valueName\":\"search_term_string\"}}],\"inLanguage\":\"de\"}]}<\/script>\n<!-- \/ Yoast SEO plugin. -->","yoast_head_json":{"title":"Via ferrata du Pot du Diable - LA VERNEDE","robots":{"index":"index","follow":"follow","max-snippet":"max-snippet:-1","max-image-preview":"max-image-preview:large","max-video-preview":"max-video-preview:-1"},"canonical":"https:\/\/canoe-kayak-lavernede.com\/via-ferrata-du-pot-du-diable\/","og_locale":"de_DE","og_type":"article","og_title":"Via ferrata du Pot du Diable - LA VERNEDE","og_description":"[vc_row full_width=&#8220;stretch_row&#8220; el_id=&#8220;breadcrumb&#8220;][vc_column][vc_column_text] [\/vc_column_text][\/vc_column][\/vc_row][vc_row full_width=&#8220;stretch_row&#8220; el_id=&#8220;ban_inte&#8220;][vc_column][vc_column_text] Via ferrata pont du diable [\/vc_column_text][vc_column_text] #Des sensation inoubliable dans un d\u00e9cors unique ! [\/vc_column_text][\/vc_column][\/vc_row][vc_row][vc_column][vc_column_text css_animation=&#8220;top-to-bottom&#8220;] Accessible d\u00e8s 45kg \/ 1m40 [\/vc_column_text][vc_single_image image=&#8220;1443&#8243; alignment=&#8220;center&#8220; css_animation=&#8220;bottom-to-top&#8220;][vc_column_text] Pr\u00e9sentation de la via ferrata en ard\u00e8che : [\/vc_column_text][vc_column_text]Activit\u00e9 interm\u00e9diaire entre la randonn\u00e9e et l\u2019escalade\u00a0; la Via Ferrata en Ard\u00e8che vous fera d\u00e9couvrir la [&hellip;]","og_url":"https:\/\/canoe-kayak-lavernede.com\/via-ferrata-du-pot-du-diable\/","og_site_name":"LA VERNEDE","article_modified_time":"2022-08-31T12:35:15+00:00","twitter_card":"summary_large_image","twitter_misc":{"Gesch\u00e4tzte Lesezeit":"2\u00a0Minuten"},"schema":{"@context":"https:\/\/schema.org","@graph":[{"@type":"WebPage","@id":"https:\/\/canoe-kayak-lavernede.com\/via-ferrata-du-pot-du-diable\/","url":"https:\/\/canoe-kayak-lavernede.com\/via-ferrata-du-pot-du-diable\/","name":"Via ferrata du Pot du Diable - LA VERNEDE","isPartOf":{"@id":"https:\/\/canoe-kayak-lavernede.com\/#website"},"datePublished":"2021-04-19T14:49:31+00:00","dateModified":"2022-08-31T12:35:15+00:00","breadcrumb":{"@id":"https:\/\/canoe-kayak-lavernede.com\/via-ferrata-du-pot-du-diable\/#breadcrumb"},"inLanguage":"de","potentialAction":[{"@type":"ReadAction","target":["https:\/\/canoe-kayak-lavernede.com\/via-ferrata-du-pot-du-diable\/"]}]},{"@type":"BreadcrumbList","@id":"https:\/\/canoe-kayak-lavernede.com\/via-ferrata-du-pot-du-diable\/#breadcrumb","itemListElement":[{"@type":"ListItem","position":1,"name":"Accueil","item":"https:\/\/canoe-kayak-lavernede.com\/de\/"},{"@type":"ListItem","position":2,"name":"Via ferrata du Pot du Diable"}]},{"@type":"WebSite","@id":"https:\/\/canoe-kayak-lavernede.com\/#website","url":"https:\/\/canoe-kayak-lavernede.com\/","name":"LA VERNEDE","description":"","potentialAction":[{"@type":"SearchAction","target":{"@type":"EntryPoint","urlTemplate":"https:\/\/canoe-kayak-lavernede.com\/?s={search_term_string}"},"query-input":{"@type":"PropertyValueSpecification","valueRequired":true,"valueName":"search_term_string"}}],"inLanguage":"de"}]}},"_links":{"self":[{"href":"https:\/\/canoe-kayak-lavernede.com\/de\/wp-json\/wp\/v2\/pages\/1653"}],"collection":[{"href":"https:\/\/canoe-kayak-lavernede.com\/de\/wp-json\/wp\/v2\/pages"}],"about":[{"href":"https:\/\/canoe-kayak-lavernede.com\/de\/wp-json\/wp\/v2\/types\/page"}],"author":[{"embeddable":true,"href":"https:\/\/canoe-kayak-lavernede.com\/de\/wp-json\/wp\/v2\/users\/5"}],"replies":[{"embeddable":true,"href":"https:\/\/canoe-kayak-lavernede.com\/de\/wp-json\/wp\/v2\/comments?post=1653"}],"version-history":[{"count":4,"href":"https:\/\/canoe-kayak-lavernede.com\/de\/wp-json\/wp\/v2\/pages\/1653\/revisions"}],"predecessor-version":[{"id":4704,"href":"https:\/\/canoe-kayak-lavernede.com\/de\/wp-json\/wp\/v2\/pages\/1653\/revisions\/4704"}],"wp:attachment":[{"href":"https:\/\/canoe-kayak-lavernede.com\/de\/wp-json\/wp\/v2\/media?parent=1653"}],"curies":[{"name":"wp","href":"https:\/\/api.w.org\/{rel}","templated":true}]}}