{"id":1320,"date":"2021-03-19T15:09:05","date_gmt":"2021-03-19T14:09:05","guid":{"rendered":"https:\/\/www.canoe-kayak-lavernede.com\/?page_id=1320"},"modified":"2021-03-19T15:10:06","modified_gmt":"2021-03-19T14:10:06","slug":"liens-utiles","status":"publish","type":"page","link":"https:\/\/canoe-kayak-lavernede.com\/de\/liens-utiles\/","title":{"rendered":"Liens utiles"},"content":{"rendered":"<p>[vc_row full_width=&#8220;stretch_row&#8220; el_id=&#8220;breadcrumb&#8220;][vc_column][vc_column_text]<span><span><a href=\"https:\/\/canoe-kayak-lavernede.com\/de\/\">Accueil<\/a><\/span><\/span><\/p>\n<p>[\/vc_column_text][\/vc_column][\/vc_row][vc_row full_width=&#8220;stretch_row&#8220; el_id=&#8220;ban_inte&#8220;][vc_column][vc_column_text]<\/p>\n<h1 style=\"text-align: center;\"><span class=\"titre_1\">Liens utiles d&#8217;Ard\u00e8che<br \/>\n<\/span><\/h1>\n<p>[\/vc_column_text][vc_column_text]<\/p>\n<p style=\"text-align: center;\"><span class=\"hashtag_small\">#Tout savoir sur l\u2019Ard\u00e8che et La Vern\u00e8de<\/span><\/p>\n<p>[\/vc_column_text]\n\n<picture class=\"ImgBG \" style=\"position: absolute; width: 100%; height:100%; top: 0; left:0; z-index: -2;\">\n    <img decoding=\"async\" width=\"1920\" height=\"600\" src=\"https:\/\/canoe-kayak-lavernede.com\/wp-content\/uploads\/2021\/03\/VisuHeaderActu.jpg\" class=\"attachment-full size-full\" alt=\"\" srcset=\"https:\/\/canoe-kayak-lavernede.com\/wp-content\/uploads\/2021\/03\/VisuHeaderActu.jpg 1920w, https:\/\/canoe-kayak-lavernede.com\/wp-content\/uploads\/2021\/03\/VisuHeaderActu-780x244.jpg 780w, https:\/\/canoe-kayak-lavernede.com\/wp-content\/uploads\/2021\/03\/VisuHeaderActu-768x240.jpg 768w, https:\/\/canoe-kayak-lavernede.com\/wp-content\/uploads\/2021\/03\/VisuHeaderActu-1536x480.jpg 1536w\" sizes=\"(max-width: 1920px) 100vw, 1920px\" \/><\/picture>\n\n[\/vc_column][\/vc_row][vc_row][vc_column][vc_column_text el_class=&#8220;widthcenter_60&#8243;]<\/p>\n<p style=\"text-align: center;\"><span class=\"titre_3\">Retrouvez sur cette page quelques liens amis de structures que nous vous conseillons, n\u2019h\u00e9sitez pas \u00e0 visitez les sites suivants :<\/span><\/p>\n<p>[\/vc_column_text][\/vc_column][\/vc_row][vc_row][vc_column][vc_column_text]<span class=\"titre_2 txt_rouge\">Bastide d\u2019Aguyane<\/span><\/p>\n<p><a href=\"https:\/\/www.bastide-aguyane.com\" target=\"_blank\" rel=\"noopener noreferrer\">chambre hotes ardeche<\/a>\u00a0\u2013 Situ\u00e9 id\u00e9alement sur le village de Faug\u00e8res \u00e0 quelques kilom\u00e8tres de Joyeuse, de Lablach\u00e8re et des Vans, la Bastide d\u2019Aguyane est une magnifique\u00a0magnanerie au coeur du Parc Naturel R\u00e9gional des Monts d\u2019Ard\u00e8che qui proposent des chambres d\u2019h\u00f4tes et une table d\u2019h\u00f4te tr\u00e8s appr\u00e9ci\u00e9es des touristes comme en t\u00e9moignent les avis clients sur TripAdvisor.[\/vc_column_text][vc_column_text]<span class=\"titre_2 txt_rouge\">Portail des Gorges de l\u2019Ard\u00e8che<\/span><\/p>\n<p><a href=\"https:\/\/www.gorges-ardeche.net\" target=\"_blank\" rel=\"noopener noreferrer\">gorges-ardeche.net<\/a>\u00a0\u2013 Informations pratiques et touristiques sur les <strong>Gorges de l\u2019Ard\u00e8che<\/strong> et les activit\u00e9s sportives associ\u00e9es et en particulier le canoe en Ardeche (ici). Site simple mais assez exhaustif qui sert de guide pour celles et ceux qui souhaitent des informations de tous type sur le secteur des Gorges de l\u2019Ardeche.[\/vc_column_text][vc_column_text]<span class=\"titre_2 txt_rouge\">Loulou Bateaux<\/span><\/p>\n<p>est un autre prestataire qui propose des embarcations sur l\u2019Ard\u00e8che au d\u00e9part de Vallon pont d\u2019Arc (canoe ou kayak pour les descentes de l\u2019Ard\u00e8che). En plus du canoe, Loulou Bateaux est \u00e0 m\u00eame de proposer toutes les prestations sportives estivales (ou presque) qu\u2019il y a sur la zone en allant du canyoning \u00e0 l\u2019escalade en passant par la sp\u00e9l\u00e9o, le rappel g\u00e9ant, la via ferrata\u2026 Retrouvez toutes ses offres d\u00e9taill\u00e9es ainsi que ses formules, ses tarifs et une possibilit\u00e9 de r\u00e9server directement en ligne part carte bancaire \u00e0 partir de son site internet accessible ici : <a href=\"https:\/\/www.louloubateaux.com\/\" target=\"_blank\" rel=\"noopener noreferrer\">louloubateaux.com<\/a>. Loulou bateaux tout comme la Vern\u00e8de est un acteur[\/vc_column_text][\/vc_column][\/vc_row]<\/p>\n","protected":false},"excerpt":{"rendered":"<p>[vc_row full_width=&#8220;stretch_row&#8220; el_id=&#8220;breadcrumb&#8220;][vc_column][vc_column_text] [\/vc_column_text][\/vc_column][\/vc_row][vc_row full_width=&#8220;stretch_row&#8220; el_id=&#8220;ban_inte&#8220;][vc_column][vc_column_text] Liens utiles d&#8217;Ard\u00e8che [\/vc_column_text][vc_column_text] #Tout savoir sur l\u2019Ard\u00e8che et La Vern\u00e8de [\/vc_column_text][\/vc_column][\/vc_row][vc_row][vc_column][vc_column_text el_class=&#8220;widthcenter_60&#8243;] Retrouvez sur cette page quelques liens amis de structures que nous vous conseillons, n\u2019h\u00e9sitez pas \u00e0 visitez les sites suivants : [\/vc_column_text][\/vc_column][\/vc_row][vc_row][vc_column][vc_column_text]Bastide d\u2019Aguyane chambre hotes ardeche\u00a0\u2013 Situ\u00e9 id\u00e9alement sur le village de Faug\u00e8res \u00e0 quelques kilom\u00e8tres [&hellip;]<\/p>\n","protected":false},"author":5,"featured_media":0,"parent":0,"menu_order":0,"comment_status":"closed","ping_status":"closed","template":"","meta":{"footnotes":""},"class_list":["post-1320","page","type-page","status-publish"],"yoast_head":"<!-- This site is optimized with the Yoast SEO plugin v24.3 - https:\/\/yoast.com\/wordpress\/plugins\/seo\/ -->\n<title>Liens utiles - LA VERNEDE<\/title>\n<meta name=\"robots\" content=\"index, follow, max-snippet:-1, max-image-preview:large, max-video-preview:-1\" \/>\n<link rel=\"canonical\" href=\"https:\/\/canoe-kayak-lavernede.com\/liens-utiles\/\" \/>\n<meta property=\"og:locale\" content=\"de_DE\" \/>\n<meta property=\"og:type\" content=\"article\" \/>\n<meta property=\"og:title\" content=\"Liens utiles - LA VERNEDE\" \/>\n<meta property=\"og:description\" content=\"[vc_row full_width=&#8220;stretch_row&#8220; el_id=&#8220;breadcrumb&#8220;][vc_column][vc_column_text] [\/vc_column_text][\/vc_column][\/vc_row][vc_row full_width=&#8220;stretch_row&#8220; el_id=&#8220;ban_inte&#8220;][vc_column][vc_column_text] Liens utiles d&#8217;Ard\u00e8che [\/vc_column_text][vc_column_text] #Tout savoir sur l\u2019Ard\u00e8che et La Vern\u00e8de [\/vc_column_text][\/vc_column][\/vc_row][vc_row][vc_column][vc_column_text el_class=&#8220;widthcenter_60&#8243;] Retrouvez sur cette page quelques liens amis de structures que nous vous conseillons, n\u2019h\u00e9sitez pas \u00e0 visitez les sites suivants : [\/vc_column_text][\/vc_column][\/vc_row][vc_row][vc_column][vc_column_text]Bastide d\u2019Aguyane chambre hotes ardeche\u00a0\u2013 Situ\u00e9 id\u00e9alement sur le village de Faug\u00e8res \u00e0 quelques kilom\u00e8tres [&hellip;]\" \/>\n<meta property=\"og:url\" content=\"https:\/\/canoe-kayak-lavernede.com\/liens-utiles\/\" \/>\n<meta property=\"og:site_name\" content=\"LA VERNEDE\" \/>\n<meta property=\"article:modified_time\" content=\"2021-03-19T14:10:06+00:00\" \/>\n<meta name=\"twitter:card\" content=\"summary_large_image\" \/>\n<meta name=\"twitter:label1\" content=\"Gesch\u00e4tzte Lesezeit\" \/>\n\t<meta name=\"twitter:data1\" content=\"2\u00a0Minuten\" \/>\n<script type=\"application\/ld+json\" class=\"yoast-schema-graph\">{\"@context\":\"https:\/\/schema.org\",\"@graph\":[{\"@type\":\"WebPage\",\"@id\":\"https:\/\/canoe-kayak-lavernede.com\/liens-utiles\/\",\"url\":\"https:\/\/canoe-kayak-lavernede.com\/liens-utiles\/\",\"name\":\"Liens utiles - LA VERNEDE\",\"isPartOf\":{\"@id\":\"https:\/\/canoe-kayak-lavernede.com\/#website\"},\"datePublished\":\"2021-03-19T14:09:05+00:00\",\"dateModified\":\"2021-03-19T14:10:06+00:00\",\"breadcrumb\":{\"@id\":\"https:\/\/canoe-kayak-lavernede.com\/liens-utiles\/#breadcrumb\"},\"inLanguage\":\"de\",\"potentialAction\":[{\"@type\":\"ReadAction\",\"target\":[\"https:\/\/canoe-kayak-lavernede.com\/liens-utiles\/\"]}]},{\"@type\":\"BreadcrumbList\",\"@id\":\"https:\/\/canoe-kayak-lavernede.com\/liens-utiles\/#breadcrumb\",\"itemListElement\":[{\"@type\":\"ListItem\",\"position\":1,\"name\":\"Accueil\",\"item\":\"https:\/\/canoe-kayak-lavernede.com\/de\/\"},{\"@type\":\"ListItem\",\"position\":2,\"name\":\"Liens utiles\"}]},{\"@type\":\"WebSite\",\"@id\":\"https:\/\/canoe-kayak-lavernede.com\/#website\",\"url\":\"https:\/\/canoe-kayak-lavernede.com\/\",\"name\":\"LA VERNEDE\",\"description\":\"\",\"potentialAction\":[{\"@type\":\"SearchAction\",\"target\":{\"@type\":\"EntryPoint\",\"urlTemplate\":\"https:\/\/canoe-kayak-lavernede.com\/?s={search_term_string}\"},\"query-input\":{\"@type\":\"PropertyValueSpecification\",\"valueRequired\":true,\"valueName\":\"search_term_string\"}}],\"inLanguage\":\"de\"}]}<\/script>\n<!-- \/ Yoast SEO plugin. -->","yoast_head_json":{"title":"Liens utiles - LA VERNEDE","robots":{"index":"index","follow":"follow","max-snippet":"max-snippet:-1","max-image-preview":"max-image-preview:large","max-video-preview":"max-video-preview:-1"},"canonical":"https:\/\/canoe-kayak-lavernede.com\/liens-utiles\/","og_locale":"de_DE","og_type":"article","og_title":"Liens utiles - LA VERNEDE","og_description":"[vc_row full_width=&#8220;stretch_row&#8220; el_id=&#8220;breadcrumb&#8220;][vc_column][vc_column_text] [\/vc_column_text][\/vc_column][\/vc_row][vc_row full_width=&#8220;stretch_row&#8220; el_id=&#8220;ban_inte&#8220;][vc_column][vc_column_text] Liens utiles d&#8217;Ard\u00e8che [\/vc_column_text][vc_column_text] #Tout savoir sur l\u2019Ard\u00e8che et La Vern\u00e8de [\/vc_column_text][\/vc_column][\/vc_row][vc_row][vc_column][vc_column_text el_class=&#8220;widthcenter_60&#8243;] Retrouvez sur cette page quelques liens amis de structures que nous vous conseillons, n\u2019h\u00e9sitez pas \u00e0 visitez les sites suivants : [\/vc_column_text][\/vc_column][\/vc_row][vc_row][vc_column][vc_column_text]Bastide d\u2019Aguyane chambre hotes ardeche\u00a0\u2013 Situ\u00e9 id\u00e9alement sur le village de Faug\u00e8res \u00e0 quelques kilom\u00e8tres [&hellip;]","og_url":"https:\/\/canoe-kayak-lavernede.com\/liens-utiles\/","og_site_name":"LA VERNEDE","article_modified_time":"2021-03-19T14:10:06+00:00","twitter_card":"summary_large_image","twitter_misc":{"Gesch\u00e4tzte Lesezeit":"2\u00a0Minuten"},"schema":{"@context":"https:\/\/schema.org","@graph":[{"@type":"WebPage","@id":"https:\/\/canoe-kayak-lavernede.com\/liens-utiles\/","url":"https:\/\/canoe-kayak-lavernede.com\/liens-utiles\/","name":"Liens utiles - LA VERNEDE","isPartOf":{"@id":"https:\/\/canoe-kayak-lavernede.com\/#website"},"datePublished":"2021-03-19T14:09:05+00:00","dateModified":"2021-03-19T14:10:06+00:00","breadcrumb":{"@id":"https:\/\/canoe-kayak-lavernede.com\/liens-utiles\/#breadcrumb"},"inLanguage":"de","potentialAction":[{"@type":"ReadAction","target":["https:\/\/canoe-kayak-lavernede.com\/liens-utiles\/"]}]},{"@type":"BreadcrumbList","@id":"https:\/\/canoe-kayak-lavernede.com\/liens-utiles\/#breadcrumb","itemListElement":[{"@type":"ListItem","position":1,"name":"Accueil","item":"https:\/\/canoe-kayak-lavernede.com\/de\/"},{"@type":"ListItem","position":2,"name":"Liens utiles"}]},{"@type":"WebSite","@id":"https:\/\/canoe-kayak-lavernede.com\/#website","url":"https:\/\/canoe-kayak-lavernede.com\/","name":"LA VERNEDE","description":"","potentialAction":[{"@type":"SearchAction","target":{"@type":"EntryPoint","urlTemplate":"https:\/\/canoe-kayak-lavernede.com\/?s={search_term_string}"},"query-input":{"@type":"PropertyValueSpecification","valueRequired":true,"valueName":"search_term_string"}}],"inLanguage":"de"}]}},"_links":{"self":[{"href":"https:\/\/canoe-kayak-lavernede.com\/de\/wp-json\/wp\/v2\/pages\/1320"}],"collection":[{"href":"https:\/\/canoe-kayak-lavernede.com\/de\/wp-json\/wp\/v2\/pages"}],"about":[{"href":"https:\/\/canoe-kayak-lavernede.com\/de\/wp-json\/wp\/v2\/types\/page"}],"author":[{"embeddable":true,"href":"https:\/\/canoe-kayak-lavernede.com\/de\/wp-json\/wp\/v2\/users\/5"}],"replies":[{"embeddable":true,"href":"https:\/\/canoe-kayak-lavernede.com\/de\/wp-json\/wp\/v2\/comments?post=1320"}],"version-history":[{"count":2,"href":"https:\/\/canoe-kayak-lavernede.com\/de\/wp-json\/wp\/v2\/pages\/1320\/revisions"}],"predecessor-version":[{"id":1322,"href":"https:\/\/canoe-kayak-lavernede.com\/de\/wp-json\/wp\/v2\/pages\/1320\/revisions\/1322"}],"wp:attachment":[{"href":"https:\/\/canoe-kayak-lavernede.com\/de\/wp-json\/wp\/v2\/media?parent=1320"}],"curies":[{"name":"wp","href":"https:\/\/api.w.org\/{rel}","templated":true}]}}