{"id":1172,"date":"2021-03-17T17:05:31","date_gmt":"2021-03-17T16:05:31","guid":{"rendered":"https:\/\/www.canoe-kayak-lavernede.com\/?page_id=1172"},"modified":"2022-04-22T15:40:47","modified_gmt":"2022-04-22T13:40:47","slug":"enterrement-de-vie-de-celibataire","status":"publish","type":"page","link":"https:\/\/canoe-kayak-lavernede.com\/de\/descente-gorges-ardeche\/enterrement-de-vie-de-celibataire\/","title":{"rendered":"Enterrement de vie de c\u00e9libataire"},"content":{"rendered":"<p>[vc_row full_width=&#8220;stretch_row&#8220; el_id=&#8220;breadcrumb&#8220;][vc_column][vc_column_text]<span><span><a href=\"https:\/\/canoe-kayak-lavernede.com\/de\/\">Accueil<\/a><\/span><\/span><\/p>\n<p>[\/vc_column_text][\/vc_column][\/vc_row][vc_row full_width=&#8220;stretch_row&#8220; el_id=&#8220;ban_inte&#8220;][vc_column][vc_column_text]<\/p>\n<h1 style=\"text-align: center;\"><span class=\"titre_1\">Enterrement de vie de c\u00e9libataire &#8211; Descente de cano\u00eb en Ard\u00e8che<br \/>\n<\/span><\/h1>\n<p>[\/vc_column_text][vc_column_text]<\/p>\n<p style=\"text-align: center;\"><span class=\"hashtag_small\">#Marquez le coup avec une escapade inoubliable dans les gorges ard\u00e9choises !<br \/>\n<\/span><\/p>\n<p>[\/vc_column_text]\n\n<picture class=\"ImgBG \" style=\"position: absolute; width: 100%; height:100%; top: 0; left:0; z-index: -2;\">\n    <img decoding=\"async\" width=\"1920\" height=\"1080\" src=\"https:\/\/canoe-kayak-lavernede.com\/wp-content\/uploads\/2021\/04\/HEN-AND-STAG-PARTY-10.jpg\" class=\"attachment-full size-full\" alt=\"Kayak ard\u00e8che pont d&#039;Arc\" srcset=\"https:\/\/canoe-kayak-lavernede.com\/wp-content\/uploads\/2021\/04\/HEN-AND-STAG-PARTY-10.jpg 1920w, https:\/\/canoe-kayak-lavernede.com\/wp-content\/uploads\/2021\/04\/HEN-AND-STAG-PARTY-10-780x439.jpg 780w, https:\/\/canoe-kayak-lavernede.com\/wp-content\/uploads\/2021\/04\/HEN-AND-STAG-PARTY-10-768x432.jpg 768w, https:\/\/canoe-kayak-lavernede.com\/wp-content\/uploads\/2021\/04\/HEN-AND-STAG-PARTY-10-1536x864.jpg 1536w\" sizes=\"(max-width: 1920px) 100vw, 1920px\" \/><\/picture>\n\n[\/vc_column][\/vc_row][vc_row][vc_column][vc_column_text]Vous souhaitez organiser un <strong>enterrement de vie de c\u00e9libataire<\/strong> hors du commun ? Vous avez envie de marquer les esprits de la ou du futur mari\u00e9\u00a0? La <strong>descente des Gorges de l\u2019Ard\u00e8che en cano\u00eb<\/strong> est l\u2019activit\u00e9 qu\u2019il vous faut !<\/p>\n<p>Au programme : exploration d\u2019un site naturel d\u2019exception, d\u00e9couverte de paysages \u00e0 couper le souffle, adr\u00e9naline et sensations fortes. Gr\u00e2ce \u00e0 nos <strong>formules EASY WAY<\/strong>, nous nous adaptons \u00e0 vos envies pour vous assurer un enterrement de vie de c\u00e9libataire inoubliable.[\/vc_column_text]<div class=' txt_centre btn_plein_rouge'><a class='lien_btn smoothScroll' href='\/contact\/' ><span><strong>Contactez nous pour obtenir un devis personnalis\u00e9<\/strong><\/span><\/a><\/div>[\/vc_column][\/vc_row][vc_row][vc_column][\/vc_column][\/vc_row][vc_row][vc_column][vc_column_text]<strong>Et pour c\u00e9l\u00e9brer cet EVG ou EVJF comme il se doit, LA VERNEDE vous propose un tarif exceptionnel et offre l\u2019activit\u00e9 au\/ \u00e0 la futur(e) mari\u00e9(e) pour les groupes de minimum 10 personnes !<\/strong>[\/vc_column_text][vc_single_image image=&#8220;1742&#8243; alignment=&#8220;center&#8220;][\/vc_column][\/vc_row][vc_row][vc_column][vc_column_text]<\/p>\n<h2><span class=\"titre_2\">Un enterrement de vie de c\u00e9libataire au c\u0153ur de la nature<\/span><\/h2>\n<p>[\/vc_column_text][vc_column_text]La <strong>descente des Gorges de l\u2019Ard\u00e8che en cano\u00eb<\/strong> est une activit\u00e9 incroyable qui vous permettra de d\u00e9couvrir un environnement naturel prot\u00e9g\u00e9. Entre les paysages magnifiques, la v\u00e9g\u00e9tation tr\u00e8s vari\u00e9e, la diversit\u00e9 de la faune et de la flore, tout est r\u00e9uni pour en prendre plein les yeux ! La descente des Gorges de l\u2019Ard\u00e8che en cano\u00eb est une exp\u00e9rience que vous n\u2019\u00eates pas pr\u00eat d\u2019oublier, croyez-nous !<\/p>\n<p>Avec La Vern\u00e8de, <strong>parcourez les Gorges de l\u2019Ard\u00e8che en int\u00e9gralit\u00e9 durant 2 jours<\/strong>. Mini-descente de 8 km le samedi suivi de la descente de 24 km le dimanche ou l\u2019inverse, choisissez parmi ces deux formules et d\u00e9couvrez les beaut\u00e9s des Gorges de l\u2019Ard\u00e8che avec votre groupe d\u2019ami(e)s.<\/p>\n<p>Pour que vous profitiez \u00e0 100 % de votre <strong>aventure EVG ou EVJF au c\u0153ur de la nature<\/strong>, nous mettons tout en \u0153uvre pour garantir votre s\u00e9curit\u00e9. Nous vous fournissons tout le mat\u00e9riel n\u00e9cessaire \u00e0 la pratique de cette activit\u00e9 : cano\u00ebs, pagaies, containers \u00e9tanches pour votre pique-nique&#8230; Pour passer la nuit, des campings et des g\u00eetes \u00e0 proximit\u00e9 de Vallon Pont D\u2019Arc peuvent vous accueillir.[\/vc_column_text][\/vc_column][\/vc_row][vc_row][vc_column][vc_single_image image=&#8220;1738&#8243; alignment=&#8220;center&#8220;][\/vc_column][\/vc_row][vc_row][vc_column][vc_column_text]<\/p>\n<h2><span class=\"titre_2\">Descente de l&#8217;Ard\u00e8che 8+24 km ou 24+8 km, comment choisir ?<\/span><\/h2>\n<p>[\/vc_column_text][vc_column_text]Vous h\u00e9sitez entre nos deux formules pour votre enterrement de vie de c\u00e9libataire ? Vous ne savez pas quel programme choisir pour vivre une descente des Gorges de l\u2019Ard\u00e8che comme il se doit ? Pour choisir le parcours qu\u2019il vous faut, prenez d\u2019abord en compte votre heure d\u2019arriv\u00e9e et de d\u00e9part. Si vous ne pouvez pas arriver sur place t\u00f4t le samedi, optez plut\u00f4t pour notre formule 8+24 km. Vous pourrez ainsi profiter au maximum du grand parcours le dimanche. En revanche, si vous devez reprendre la route t\u00f4t le dimanche apr\u00e8s-midi, choisissez la formule 24+8 km pour pouvoir profiter de nos parcours sans la contrainte de temps.<\/p>\n<p>Vous avez pr\u00e9vu de faire la f\u00eate le samedi soir ? Nous vous conseillons de choisir notre formule 24+8 km pour une descente des Gorges de l\u2019Ard\u00e8che moins difficile un lendemain de soir\u00e9e.<\/p>\n<p>Besoin d\u2019informations sur nos formules, nos tarifs ou sur le d\u00e9roulement d\u2019une <strong>descente des Gorges de l\u2019Ard\u00e8che en cano\u00eb pour votre EVJF ou EVG<\/strong> ? Contactez-nous ! Nous sommes \u00e0 votre \u00e9coute pour vous renseigner et vous aider \u00e0 organiser un enterrement de vie de c\u00e9libataire inoubliable ![\/vc_column_text]<div class=' txt_centre btn_plein_rouge'><a class='lien_btn smoothScroll' href='\/contact\/' ><span><strong>Contactez nous pour obtenir un devis personnalis\u00e9<\/strong><\/span><\/a><\/div>[\/vc_column][\/vc_row]<\/p>\n","protected":false},"excerpt":{"rendered":"<p>[vc_row full_width=&#8220;stretch_row&#8220; el_id=&#8220;breadcrumb&#8220;][vc_column][vc_column_text] [\/vc_column_text][\/vc_column][\/vc_row][vc_row full_width=&#8220;stretch_row&#8220; el_id=&#8220;ban_inte&#8220;][vc_column][vc_column_text] Enterrement de vie de c\u00e9libataire &#8211; Descente de cano\u00eb en Ard\u00e8che [\/vc_column_text][vc_column_text] #Marquez le coup avec une escapade inoubliable dans les gorges ard\u00e9choises ! [\/vc_column_text][\/vc_column][\/vc_row][vc_row][vc_column][vc_column_text]Vous souhaitez organiser un enterrement de vie de c\u00e9libataire hors du commun ? Vous avez envie de marquer les esprits de la ou du futur [&hellip;]<\/p>\n","protected":false},"author":5,"featured_media":0,"parent":621,"menu_order":0,"comment_status":"closed","ping_status":"closed","template":"","meta":{"footnotes":""},"class_list":["post-1172","page","type-page","status-publish"],"yoast_head":"<!-- This site is optimized with the Yoast SEO plugin v24.3 - https:\/\/yoast.com\/wordpress\/plugins\/seo\/ -->\n<title>Descente des gorges de l&#039;Ard\u00e8che, EVG &amp; EVJF - La Vern\u00e8de<\/title>\n<meta name=\"description\" content=\"Pour votre enterrement de vie de c\u00e9libataire, profitez d&#039;une weekend de cano\u00eb dans les gorges de l&#039;Ard\u00e8che. La location de cano\u00eb kayak est offerte aux futurs mari\u00e9s !\" \/>\n<meta name=\"robots\" content=\"index, follow, max-snippet:-1, max-image-preview:large, max-video-preview:-1\" \/>\n<link rel=\"canonical\" href=\"https:\/\/canoe-kayak-lavernede.com\/descente-gorges-ardeche\/enterrement-de-vie-de-celibataire\/\" \/>\n<meta property=\"og:locale\" content=\"de_DE\" \/>\n<meta property=\"og:type\" content=\"article\" \/>\n<meta property=\"og:title\" content=\"Descente des gorges de l&#039;Ard\u00e8che, EVG &amp; EVJF - La Vern\u00e8de\" \/>\n<meta property=\"og:description\" content=\"Pour votre enterrement de vie de c\u00e9libataire, profitez d&#039;une weekend de cano\u00eb dans les gorges de l&#039;Ard\u00e8che. La location de cano\u00eb kayak est offerte aux futurs mari\u00e9s !\" \/>\n<meta property=\"og:url\" content=\"https:\/\/canoe-kayak-lavernede.com\/descente-gorges-ardeche\/enterrement-de-vie-de-celibataire\/\" \/>\n<meta property=\"og:site_name\" content=\"LA VERNEDE\" \/>\n<meta property=\"article:modified_time\" content=\"2022-04-22T13:40:47+00:00\" \/>\n<meta name=\"twitter:card\" content=\"summary_large_image\" \/>\n<meta name=\"twitter:label1\" content=\"Gesch\u00e4tzte Lesezeit\" \/>\n\t<meta name=\"twitter:data1\" content=\"3\u00a0Minuten\" \/>\n<script type=\"application\/ld+json\" class=\"yoast-schema-graph\">{\"@context\":\"https:\/\/schema.org\",\"@graph\":[{\"@type\":\"WebPage\",\"@id\":\"https:\/\/canoe-kayak-lavernede.com\/descente-gorges-ardeche\/enterrement-de-vie-de-celibataire\/\",\"url\":\"https:\/\/canoe-kayak-lavernede.com\/descente-gorges-ardeche\/enterrement-de-vie-de-celibataire\/\",\"name\":\"Descente des gorges de l'Ard\u00e8che, EVG & EVJF - La Vern\u00e8de\",\"isPartOf\":{\"@id\":\"https:\/\/canoe-kayak-lavernede.com\/#website\"},\"datePublished\":\"2021-03-17T16:05:31+00:00\",\"dateModified\":\"2022-04-22T13:40:47+00:00\",\"description\":\"Pour votre enterrement de vie de c\u00e9libataire, profitez d'une weekend de cano\u00eb dans les gorges de l'Ard\u00e8che. La location de cano\u00eb kayak est offerte aux futurs mari\u00e9s !\",\"breadcrumb\":{\"@id\":\"https:\/\/canoe-kayak-lavernede.com\/descente-gorges-ardeche\/enterrement-de-vie-de-celibataire\/#breadcrumb\"},\"inLanguage\":\"de\",\"potentialAction\":[{\"@type\":\"ReadAction\",\"target\":[\"https:\/\/canoe-kayak-lavernede.com\/descente-gorges-ardeche\/enterrement-de-vie-de-celibataire\/\"]}]},{\"@type\":\"BreadcrumbList\",\"@id\":\"https:\/\/canoe-kayak-lavernede.com\/descente-gorges-ardeche\/enterrement-de-vie-de-celibataire\/#breadcrumb\",\"itemListElement\":[{\"@type\":\"ListItem\",\"position\":1,\"name\":\"Accueil\",\"item\":\"https:\/\/canoe-kayak-lavernede.com\/de\/\"},{\"@type\":\"ListItem\",\"position\":2,\"name\":\"Descente de l'Ard\u00e8che\",\"item\":\"https:\/\/canoe-kayak-lavernede.com\/descente-gorges-ardeche\/\"},{\"@type\":\"ListItem\",\"position\":3,\"name\":\"Descente Cano\u00e9 Ard\u00e8che pour enterrement de vie de c\u00e9libataire\"}]},{\"@type\":\"WebSite\",\"@id\":\"https:\/\/canoe-kayak-lavernede.com\/#website\",\"url\":\"https:\/\/canoe-kayak-lavernede.com\/\",\"name\":\"LA VERNEDE\",\"description\":\"\",\"potentialAction\":[{\"@type\":\"SearchAction\",\"target\":{\"@type\":\"EntryPoint\",\"urlTemplate\":\"https:\/\/canoe-kayak-lavernede.com\/?s={search_term_string}\"},\"query-input\":{\"@type\":\"PropertyValueSpecification\",\"valueRequired\":true,\"valueName\":\"search_term_string\"}}],\"inLanguage\":\"de\"}]}<\/script>\n<!-- \/ Yoast SEO plugin. -->","yoast_head_json":{"title":"Descente des gorges de l'Ard\u00e8che, EVG & EVJF - La Vern\u00e8de","description":"Pour votre enterrement de vie de c\u00e9libataire, profitez d'une weekend de cano\u00eb dans les gorges de l'Ard\u00e8che. La location de cano\u00eb kayak est offerte aux futurs mari\u00e9s !","robots":{"index":"index","follow":"follow","max-snippet":"max-snippet:-1","max-image-preview":"max-image-preview:large","max-video-preview":"max-video-preview:-1"},"canonical":"https:\/\/canoe-kayak-lavernede.com\/descente-gorges-ardeche\/enterrement-de-vie-de-celibataire\/","og_locale":"de_DE","og_type":"article","og_title":"Descente des gorges de l'Ard\u00e8che, EVG & EVJF - La Vern\u00e8de","og_description":"Pour votre enterrement de vie de c\u00e9libataire, profitez d'une weekend de cano\u00eb dans les gorges de l'Ard\u00e8che. La location de cano\u00eb kayak est offerte aux futurs mari\u00e9s !","og_url":"https:\/\/canoe-kayak-lavernede.com\/descente-gorges-ardeche\/enterrement-de-vie-de-celibataire\/","og_site_name":"LA VERNEDE","article_modified_time":"2022-04-22T13:40:47+00:00","twitter_card":"summary_large_image","twitter_misc":{"Gesch\u00e4tzte Lesezeit":"3\u00a0Minuten"},"schema":{"@context":"https:\/\/schema.org","@graph":[{"@type":"WebPage","@id":"https:\/\/canoe-kayak-lavernede.com\/descente-gorges-ardeche\/enterrement-de-vie-de-celibataire\/","url":"https:\/\/canoe-kayak-lavernede.com\/descente-gorges-ardeche\/enterrement-de-vie-de-celibataire\/","name":"Descente des gorges de l'Ard\u00e8che, EVG & EVJF - La Vern\u00e8de","isPartOf":{"@id":"https:\/\/canoe-kayak-lavernede.com\/#website"},"datePublished":"2021-03-17T16:05:31+00:00","dateModified":"2022-04-22T13:40:47+00:00","description":"Pour votre enterrement de vie de c\u00e9libataire, profitez d'une weekend de cano\u00eb dans les gorges de l'Ard\u00e8che. La location de cano\u00eb kayak est offerte aux futurs mari\u00e9s !","breadcrumb":{"@id":"https:\/\/canoe-kayak-lavernede.com\/descente-gorges-ardeche\/enterrement-de-vie-de-celibataire\/#breadcrumb"},"inLanguage":"de","potentialAction":[{"@type":"ReadAction","target":["https:\/\/canoe-kayak-lavernede.com\/descente-gorges-ardeche\/enterrement-de-vie-de-celibataire\/"]}]},{"@type":"BreadcrumbList","@id":"https:\/\/canoe-kayak-lavernede.com\/descente-gorges-ardeche\/enterrement-de-vie-de-celibataire\/#breadcrumb","itemListElement":[{"@type":"ListItem","position":1,"name":"Accueil","item":"https:\/\/canoe-kayak-lavernede.com\/de\/"},{"@type":"ListItem","position":2,"name":"Descente de l'Ard\u00e8che","item":"https:\/\/canoe-kayak-lavernede.com\/descente-gorges-ardeche\/"},{"@type":"ListItem","position":3,"name":"Descente Cano\u00e9 Ard\u00e8che pour enterrement de vie de c\u00e9libataire"}]},{"@type":"WebSite","@id":"https:\/\/canoe-kayak-lavernede.com\/#website","url":"https:\/\/canoe-kayak-lavernede.com\/","name":"LA VERNEDE","description":"","potentialAction":[{"@type":"SearchAction","target":{"@type":"EntryPoint","urlTemplate":"https:\/\/canoe-kayak-lavernede.com\/?s={search_term_string}"},"query-input":{"@type":"PropertyValueSpecification","valueRequired":true,"valueName":"search_term_string"}}],"inLanguage":"de"}]}},"_links":{"self":[{"href":"https:\/\/canoe-kayak-lavernede.com\/de\/wp-json\/wp\/v2\/pages\/1172"}],"collection":[{"href":"https:\/\/canoe-kayak-lavernede.com\/de\/wp-json\/wp\/v2\/pages"}],"about":[{"href":"https:\/\/canoe-kayak-lavernede.com\/de\/wp-json\/wp\/v2\/types\/page"}],"author":[{"embeddable":true,"href":"https:\/\/canoe-kayak-lavernede.com\/de\/wp-json\/wp\/v2\/users\/5"}],"replies":[{"embeddable":true,"href":"https:\/\/canoe-kayak-lavernede.com\/de\/wp-json\/wp\/v2\/comments?post=1172"}],"version-history":[{"count":4,"href":"https:\/\/canoe-kayak-lavernede.com\/de\/wp-json\/wp\/v2\/pages\/1172\/revisions"}],"predecessor-version":[{"id":3794,"href":"https:\/\/canoe-kayak-lavernede.com\/de\/wp-json\/wp\/v2\/pages\/1172\/revisions\/3794"}],"up":[{"embeddable":true,"href":"https:\/\/canoe-kayak-lavernede.com\/de\/wp-json\/wp\/v2\/pages\/621"}],"wp:attachment":[{"href":"https:\/\/canoe-kayak-lavernede.com\/de\/wp-json\/wp\/v2\/media?parent=1172"}],"curies":[{"name":"wp","href":"https:\/\/api.w.org\/{rel}","templated":true}]}}